{"id":104,"date":"2021-11-26T06:10:14","date_gmt":"2021-11-26T12:10:14","guid":{"rendered":"https:\/\/acuariosupremus.com\/?page_id=104"},"modified":"2024-02-29T21:14:01","modified_gmt":"2024-03-01T03:14:01","slug":"aviso-de-privacidad","status":"publish","type":"page","link":"https:\/\/acuariosupremus.com\/?page_id=104","title":{"rendered":"Aviso de Privacidad"},"content":{"rendered":"\t\t<div data-elementor-type=\"wp-page\" data-elementor-id=\"104\" class=\"elementor elementor-104\">\n\t\t\t\t\t\t<section class=\"elementor-section elementor-top-section elementor-element elementor-element-8d920fe elementor-section-boxed elementor-section-height-default elementor-section-height-default\" data-id=\"8d920fe\" data-element_type=\"section\" data-e-type=\"section\">\n\t\t\t\t\t\t<div class=\"elementor-container elementor-column-gap-default\">\n\t\t\t\t\t<div class=\"elementor-column elementor-col-100 elementor-top-column elementor-element elementor-element-1fd75cf\" data-id=\"1fd75cf\" data-element_type=\"column\" data-e-type=\"column\">\n\t\t\t<div class=\"elementor-widget-wrap elementor-element-populated\">\n\t\t\t\t\t\t<div class=\"elementor-element elementor-element-b60b644 elementor-widget elementor-widget-heading\" data-id=\"b60b644\" data-element_type=\"widget\" data-e-type=\"widget\" data-widget_type=\"heading.default\">\n\t\t\t\t<div class=\"elementor-widget-container\">\n\t\t\t\t\t<h2 class=\"elementor-heading-title elementor-size-default\">Aviso de Privacidad<\/h2>\t\t\t\t<\/div>\n\t\t\t\t<\/div>\n\t\t\t\t\t<\/div>\n\t\t<\/div>\n\t\t\t\t\t<\/div>\n\t\t<\/section>\n\t\t\t\t<section class=\"elementor-section elementor-top-section elementor-element elementor-element-0cca908 elementor-section-boxed elementor-section-height-default elementor-section-height-default\" data-id=\"0cca908\" data-element_type=\"section\" data-e-type=\"section\">\n\t\t\t\t\t\t<div class=\"elementor-container elementor-column-gap-default\">\n\t\t\t\t\t<div class=\"elementor-column elementor-col-100 elementor-top-column elementor-element elementor-element-e9c64a0\" data-id=\"e9c64a0\" data-element_type=\"column\" data-e-type=\"column\">\n\t\t\t<div class=\"elementor-widget-wrap elementor-element-populated\">\n\t\t\t\t\t\t<div class=\"elementor-element elementor-element-961ca6e elementor-widget elementor-widget-image\" data-id=\"961ca6e\" data-element_type=\"widget\" data-e-type=\"widget\" data-widget_type=\"image.default\">\n\t\t\t\t<div class=\"elementor-widget-container\">\n\t\t\t\t\t\t\t\t\t\t\t\t\t\t\t<img fetchpriority=\"high\" decoding=\"async\" width=\"768\" height=\"512\" src=\"https:\/\/acuariosupremus.com\/wp-content\/uploads\/2021\/11\/pexels-pixabay-privacidad-768x512.jpg\" class=\"attachment-medium_large size-medium_large wp-image-121\" alt=\"\" srcset=\"https:\/\/acuariosupremus.com\/wp-content\/uploads\/2021\/11\/pexels-pixabay-privacidad-768x512.jpg 768w, https:\/\/acuariosupremus.com\/wp-content\/uploads\/2021\/11\/pexels-pixabay-privacidad-scaled-416x277.jpg 416w, https:\/\/acuariosupremus.com\/wp-content\/uploads\/2021\/11\/pexels-pixabay-privacidad-300x200.jpg 300w, https:\/\/acuariosupremus.com\/wp-content\/uploads\/2021\/11\/pexels-pixabay-privacidad-1024x683.jpg 1024w, https:\/\/acuariosupremus.com\/wp-content\/uploads\/2021\/11\/pexels-pixabay-privacidad-1536x1024.jpg 1536w, https:\/\/acuariosupremus.com\/wp-content\/uploads\/2021\/11\/pexels-pixabay-privacidad-2048x1365.jpg 2048w\" sizes=\"(max-width: 768px) 100vw, 768px\" \/>\t\t\t\t\t\t\t\t\t\t\t\t\t\t\t<\/div>\n\t\t\t\t<\/div>\n\t\t\t\t\t<\/div>\n\t\t<\/div>\n\t\t\t\t\t<\/div>\n\t\t<\/section>\n\t\t\t\t<section class=\"elementor-section elementor-top-section elementor-element elementor-element-6b6f178 elementor-section-boxed elementor-section-height-default elementor-section-height-default\" data-id=\"6b6f178\" data-element_type=\"section\" data-e-type=\"section\">\n\t\t\t\t\t\t<div class=\"elementor-container elementor-column-gap-default\">\n\t\t\t\t\t<div class=\"elementor-column elementor-col-100 elementor-top-column elementor-element elementor-element-70a2635\" data-id=\"70a2635\" data-element_type=\"column\" data-e-type=\"column\">\n\t\t\t<div class=\"elementor-widget-wrap elementor-element-populated\">\n\t\t\t\t\t\t<div class=\"elementor-element elementor-element-d34e799 elementor-widget elementor-widget-text-editor\" data-id=\"d34e799\" data-element_type=\"widget\" data-e-type=\"widget\" data-widget_type=\"text-editor.default\">\n\t\t\t\t<div class=\"elementor-widget-container\">\n\t\t\t\t\t\t\t\t\t<table style=\"height: 33px;\" width=\"137\"><tbody><tr><td><p><strong>AVISO DE PRIVACIDAD <\/strong><\/p><\/td><\/tr><tr><td>\u00a0<\/td><\/tr><\/tbody><\/table><p>\u00a0<\/p><table width=\"100%\"><tbody><tr><td><p>Evaristo Miguel L\u00f3pez., mejor conocido como Acuario SUPREMUS, con domicilio en calle Metepec 98, colonia La Romana., ciudad Tlalnepantla., municipio o delegaci\u00f3n Tlalnepantla de Baz., Cp. 54030, en la entidad de Estado de M\u00e9xico., pa\u00eds M\u00e9xico., es el responsable del uso y protecci\u00f3n de sus datos personales, y al respecto le informamos lo siguiente:<\/p><\/td><\/tr><tr><td><p>\u00a0<\/p><\/td><\/tr><tr><td><p><strong>\u00bfPara qu\u00e9 fines utilizaremos sus datos personales? <\/strong><\/p><\/td><\/tr><tr><td>\u00a0<\/td><\/tr><tr><td><p>Los datos personales que recabamos de usted, los utilizaremos para las siguientes finalidades que son necesarias para el servicio que solicita:<\/p><\/td><\/tr><tr><td><ul><li>Para administrar y operar los servicios y productos mercantiles<\/li><li>Para la administraci\u00f3n y creaci\u00f3n de su cuenta<\/li><li>Para conocer su perfil y necesidades.<\/li><li>Para llevar a cabo la facturaci\u00f3n de los servicios prestados.<\/li><li>Para enviarle facturas electr\u00f3nicas al correo proporcionado.<\/li><li>Para gestionar la cobranza y el procesamiento de pagos.<\/li><li>Para enviar la informaci\u00f3n a terceros que cumplen con el servicio de paqueter\u00eda.<\/li><li>Mercadotecnia o publicitaria<\/li><li>Prospecci\u00f3n comercial<\/li><\/ul><\/td><\/tr><tr><td>\u00a0<\/td><\/tr><tr><td>\u00a0<\/td><\/tr><tr><td>\u00a0<\/td><\/tr><tr><td>\u00a0<\/td><\/tr><tr><td><p>\u00a0<\/p><\/td><\/tr><tr><td><p><strong>\u00bfQu\u00e9 datos personales utilizaremos para estos fines? <\/strong><\/p><\/td><\/tr><tr><td><p>\u00a0<\/p><\/td><\/tr><tr><td><p>Para llevar a cabo las finalidades descritas en el presente aviso de privacidad, utilizaremos los siguientes datos personales:<\/p><ul><li>Nombre<\/li><li><strong>Registro Federal de Contribuyentes(RFC)<\/strong><\/li><li>Fecha de nacimiento<\/li><li>Domicilio<\/li><li>Tel\u00e9fono particular<\/li><li>Tel\u00e9fono celular<\/li><li>Correo electr\u00f3nico<\/li><li>Pasatiempos<\/li><li>Aficiones<\/li><\/ul><\/td><\/tr><tr><td><p><strong>\u00bfCon qui\u00e9n compartimos su informaci\u00f3n personal y para qu\u00e9 fines?<\/strong><\/p><\/td><\/tr><tr><td><p>\u00a0<\/p><\/td><\/tr><tr><td><p>Le informamos que sus datos personales son compartidos dentro del pa\u00eds con las siguientes personas, empresas, organizaciones o autoridades distintas a nosotros, para los siguientes fines:<\/p><\/td><\/tr><tr><td><p>\u00a0<\/p><\/td><\/tr><tr><td><table width=\"100%\"><tbody><tr><td><p><strong>Destinatario de los datos personales <\/strong><\/p><\/td><td><p><strong>Finalidad <\/strong><\/p><\/td><td><p><strong>Requiere del consentimiento <\/strong><\/p><\/td><\/tr><tr><td width=\"150\"><p>99Minutos<\/p><\/td><td width=\"200\"><p>Paqueter\u00eda<\/p><\/td><td><p>S\u00ed<\/p><\/td><\/tr><tr><td width=\"150\"><p>Fedex<\/p><\/td><td width=\"200\"><p>Paqueter\u00eda<\/p><\/td><td><p>S\u00ed<\/p><\/td><\/tr><tr><td width=\"150\"><p>Envia Estrella B.<\/p><\/td><td width=\"200\"><p>Paqueter\u00eda<\/p><\/td><td><p>S\u00ed<\/p><\/td><\/tr><\/tbody><\/table><\/td><\/tr><\/tbody><\/table><table width=\"100%\"><tbody><tr><td><p><br \/>Con relaci\u00f3n a las transferencias que requieren de su consentimiento, si usted a continuaci\u00f3n no manifiesta su negativa para que \u00e9stas ocurran, entenderemos que nos lo ha otorgado:<\/p><\/td><\/tr><tr><td><p>\u00a0<\/p><\/td><\/tr><tr><td><p>No autorizo que se lleven a cabo las siguientes transferencias de mis datos personales:<\/p><\/td><\/tr><\/tbody><\/table><p>\u00a0<\/p><table width=\"100%\"><tbody><tr><td><p><strong>Destinatario de los datos personales <\/strong><\/p><\/td><td><p><strong>Finalidad <\/strong><\/p><\/td><td><p><strong>Selecciona <\/strong><\/p><\/td><\/tr><tr><td width=\"150\"><p>99Minutos<\/p><\/td><td width=\"200\"><p>Paqueter\u00eda<\/p><\/td><td>\u00a0<\/td><\/tr><tr><td width=\"150\"><p>Fedex<\/p><\/td><td width=\"200\"><p>Paqueter\u00eda<\/p><\/td><td><p>\u00a0<\/p><\/td><\/tr><tr><td width=\"150\"><p>Envia Estrella B.<\/p><\/td><td width=\"200\"><p>Paqueter\u00eda<\/p><\/td><td>\u00a0<\/td><\/tr><\/tbody><\/table><p>\u00a0<\/p><table width=\"100%\"><tbody><tr><td><p><strong><br \/>\u00bfC\u00f3mo puede acceder, rectificar o cancelar sus datos personales, u oponerse a su uso? <\/strong><\/p><\/td><\/tr><tr><td><p>\u00a0<\/p><\/td><\/tr><tr><td><p>Usted tiene derecho a conocer qu\u00e9 datos personales tenemos de usted, para qu\u00e9 los utilizamos y las condiciones del uso que les damos (Acceso). Asimismo, es su derecho solicitar la correcci\u00f3n de su informaci\u00f3n personal en caso de que est\u00e9 desactualizada, sea inexacta o incompleta (Rectificaci\u00f3n); que la eliminemos de nuestros registros o bases de datos cuando considere que la misma no est\u00e1 siendo utilizada adecuadamente (Cancelaci\u00f3n); as\u00ed como oponerse al uso de sus datos personales para fines espec\u00edficos (Oposici\u00f3n). Estos derechos se conocen como derechos ARCO.<\/p><\/td><\/tr><tr><td><p>\u00a0<\/p><\/td><\/tr><tr><td><p>Para el ejercicio de cualquiera de los derechos ARCO, usted deber\u00e1 presentar la solicitud respectiva a trav\u00e9s del siguiente medio: <br \/><br \/>enviando un correo electr\u00f3nico a: contacto@acuariosupremus.com<\/p><\/td><\/tr><\/tbody><\/table><p>\u00a0<\/p><table width=\"100%\"><tbody><tr><td><p>Para conocer el procedimiento y requisitos para el ejercicio de los derechos ARCO, ponemos a su disposici\u00f3n el siguiente medio:<br \/><br \/>www.acuariosupremus.com<\/p><\/td><\/tr><\/tbody><\/table><p>\u00a0<\/p><table width=\"100%\"><tbody><tr><td><p><br \/>Los datos de contacto de la persona o departamento de datos personales, que est\u00e1 a cargo de dar tr\u00e1mite a las solicitudes de derechos ARCO, son los siguientes:<\/p><\/td><\/tr><tr><td><p>\u00a0<\/p><\/td><\/tr><tr><td><p>a) Nombre de la persona o departamento de datos personales: Evaristo Miguel L\u00f3pez.<br \/>b) Domicilio: calle Metepec 98, colonia La Romana., ciudad Tlalnepantla, municipio o delegaci\u00f3n Tlalnepantla de Baz., c.p. 54030, en la entidad de Estado de M\u00e9xico., pa\u00eds M\u00e9xico.<br \/>c) Correo electr\u00f3nico: acuariosupremus@gmail.com<br \/>d) N\u00famero telef\u00f3nico: 5528628830<br \/><br \/><strong>Usted puede revocar su consentimiento para el uso de sus datos personales<\/strong><br \/><br \/>Usted puede revocar el consentimiento que, en su caso, nos haya otorgado para el tratamiento de sus datos personales. Sin embargo, es importante que tenga en cuenta que no en todos los casos podremos atender su solicitud o concluir el uso de forma inmediata, ya que es posible que por alguna obligaci\u00f3n legal requiramos seguir tratando sus datos personales. Asimismo, usted deber\u00e1 considerar que para ciertos fines, la revocaci\u00f3n de su consentimiento implicar\u00e1 que no le podamos seguir prestando el servicio que nos solicit\u00f3, o la conclusi\u00f3n de su relaci\u00f3n con nosotros.<br \/><br \/>Para revocar su consentimiento deber\u00e1 presentar su solicitud a trav\u00e9s del siguiente medio:<\/p><p>\u00a0<\/p><p>asiatenciaclientes@acuariosupremus.com<\/p><\/td><\/tr><tr><td><p><br \/>Para conocer el procedimiento y requisitos para la revocaci\u00f3n del consentimiento, ponemos a su disposici\u00f3n el siguiente medio:<br \/><br \/>5528628830<\/p><\/td><\/tr><\/tbody><\/table><table width=\"100%\"><tbody><tr><td><p>\u00a0<\/p><\/td><\/tr><tr><td><p><strong>\u00bfC\u00f3mo puede limitar el uso o divulgaci\u00f3n de su informaci\u00f3n personal? <\/strong><\/p><\/td><\/tr><tr><td><p>\u00a0<\/p><\/td><\/tr><tr><td><p>Con objeto de que usted pueda limitar el uso y divulgaci\u00f3n de su informaci\u00f3n personal, le ofrecemos los siguientes medios: <br \/><br \/><\/p><p>asiatenciaclientes@acuariosupremus.com<\/p><\/td><\/tr><tr><td><p>\u00a0<\/p><\/td><\/tr><\/tbody><\/table><p>\u00a0<\/p><table width=\"100%\"><tbody><tr><td><p><strong>El uso de tecnolog\u00edas de rastreo en nuestro portal de internet (Uso de Cookies)<\/strong><br \/><br \/>Le informamos que en nuestra p\u00e1gina de internet utilizamos cookies, web beacons u otras tecnolog\u00edas, a trav\u00e9s de las cuales es posible monitorear su comportamiento como usuario de internet, as\u00ed como brindarle un mejor servicio y experiencia al navegar en nuestra p\u00e1gina. Los datos personales que recabamos a trav\u00e9s de estas tecnolog\u00edas, los utilizaremos para los siguientes fines:<br \/><br \/>Para administrar y operar los servicios comerciales.<br \/><br \/>Los datos personales que obtenemos de estas tecnolog\u00edas de rastreo son los siguientes:<br \/><br \/>Identificadores, nombre de usuario y contrase\u00f1as de una sesi\u00f3n<br \/>Idioma preferido por el usuario<br \/>Regi\u00f3n en la que se encuentra el usuario<br \/>Tipo de navegador del usuario<br \/>Tipo de sistema operativo del usuario<br \/>Fecha y hora del inicio y final de una sesi\u00f3n de un usuario<br \/>P\u00e1ginas web visitadas por un usuario<br \/>B\u00fasquedas realizadas por un usuario<br \/>Publicidad revisada por un usuario<br \/>Listas y h\u00e1bitos de consumo en p\u00e1ginas de compras<\/p><\/td><\/tr><\/tbody><\/table><table width=\"100%\"><tbody><tr><td><p><br \/>Estas tecnolog\u00edas podr\u00e1n deshabilitarse siguiendo los siguientes pasos: enviando un correo electr\u00f3nico a: asistenciaclientes@acuariosupremus.com<\/p><\/td><\/tr><\/tbody><\/table><p>\u00a0<\/p><table width=\"100%\"><tbody><tr><td width=\"100%\"><p><strong><br \/>\u00bfC\u00f3mo puede conocer los cambios en este aviso de privacidad?<\/strong><\/p><\/td><\/tr><tr><td><p>\u00a0<\/p><\/td><\/tr><tr><td><p>El presente aviso de privacidad puede sufrir modificaciones, cambios o actualizaciones derivadas de nuevos requerimientos legales; de nuestras propias necesidades por los productos o servicios que ofrecemos; de nuestras pr\u00e1cticas de privacidad; de cambios en nuestro modelo de negocio, o por otras causas.<br \/><br \/>Nos comprometemos a mantenerlo informado sobre los cambios que pueda sufrir el presente aviso de privacidad, a trav\u00e9s de: www.acuariosupremus.com<br \/><br \/>El procedimiento a trav\u00e9s del cual se llevar\u00e1n a cabo las notificaciones sobre cambios o actualizaciones al presente aviso de privacidad es el siguiente: <br \/><br \/>Pagina web\u00a0 <a href=\"http:\/\/www.acuariosupremus.com\">www.acuariosupremus.com<\/a><\/p><p>\u00a0<\/p><p>Actualizaci\u00f3n y vigencia: 1 de Marzo del 2024.<\/p><\/td><\/tr><\/tbody><\/table><p><br \/><br \/><\/p>\t\t\t\t\t\t\t\t<\/div>\n\t\t\t\t<\/div>\n\t\t\t\t\t<\/div>\n\t\t<\/div>\n\t\t\t\t\t<\/div>\n\t\t<\/section>\n\t\t\t\t<\/div>\n\t\t","protected":false},"excerpt":{"rendered":"<p>Aviso de Privacidad AVISO DE PRIVACIDAD \u00a0 \u00a0 Evaristo Miguel L\u00f3pez., mejor conocido como Acuario SUPREMUS, con domicilio en calle Metepec 98, colonia La Romana., ciudad Tlalnepantla., municipio o delegaci\u00f3n Tlalnepantla de Baz., Cp. 54030, en la entidad de Estado de M\u00e9xico., pa\u00eds M\u00e9xico., es el responsable del uso y protecci\u00f3n de sus datos personales, [&hellip;]<\/p>\n","protected":false},"author":1,"featured_media":0,"parent":0,"menu_order":0,"comment_status":"closed","ping_status":"closed","template":"","meta":{"footnotes":""},"class_list":["post-104","page","type-page","status-publish","hentry"],"yoast_head":"<!-- This site is optimized with the Yoast SEO plugin v27.5 - https:\/\/yoast.com\/product\/yoast-seo-wordpress\/ -->\n<title>Aviso de Privacidad | Acuario Supremus<\/title>\n<meta name=\"robots\" content=\"noindex, nofollow\" \/>\n<meta property=\"og:locale\" content=\"es_MX\" \/>\n<meta property=\"og:type\" content=\"article\" \/>\n<meta property=\"og:title\" content=\"Aviso de Privacidad | Acuario Supremus\" \/>\n<meta property=\"og:description\" content=\"Aviso de Privacidad AVISO DE PRIVACIDAD \u00a0 \u00a0 Evaristo Miguel L\u00f3pez., mejor conocido como Acuario SUPREMUS, con domicilio en calle Metepec 98, colonia La Romana., ciudad Tlalnepantla., municipio o delegaci\u00f3n Tlalnepantla de Baz., Cp. 54030, en la entidad de Estado de M\u00e9xico., pa\u00eds M\u00e9xico., es el responsable del uso y protecci\u00f3n de sus datos personales, [&hellip;]\" \/>\n<meta property=\"og:url\" content=\"https:\/\/acuariosupremus.com\/?page_id=104\" \/>\n<meta property=\"og:site_name\" content=\"Acuario Supremus\" \/>\n<meta property=\"article:publisher\" content=\"https:\/\/www.facebook.com\/AcuarioSupremus\" \/>\n<meta property=\"article:modified_time\" content=\"2024-03-01T03:14:01+00:00\" \/>\n<meta property=\"og:image\" content=\"https:\/\/acuariosupremus.com\/wp-content\/uploads\/2021\/11\/pexels-pixabay-privacidad-768x512.jpg\" \/>\n<meta name=\"twitter:card\" content=\"summary_large_image\" \/>\n<meta name=\"twitter:site\" content=\"@AcuarioSupremus\" \/>\n<meta name=\"twitter:label1\" content=\"Tiempo de lectura\" \/>\n\t<meta name=\"twitter:data1\" content=\"5 minutos\" \/>\n<script type=\"application\/ld+json\" class=\"yoast-schema-graph\">{\"@context\":\"https:\\\/\\\/schema.org\",\"@graph\":[{\"@type\":\"WebPage\",\"@id\":\"https:\\\/\\\/acuariosupremus.com\\\/?page_id=104\",\"url\":\"https:\\\/\\\/acuariosupremus.com\\\/?page_id=104\",\"name\":\"Aviso de Privacidad | Acuario Supremus\",\"isPartOf\":{\"@id\":\"https:\\\/\\\/acuariosupremus.com\\\/#website\"},\"primaryImageOfPage\":{\"@id\":\"https:\\\/\\\/acuariosupremus.com\\\/?page_id=104#primaryimage\"},\"image\":{\"@id\":\"https:\\\/\\\/acuariosupremus.com\\\/?page_id=104#primaryimage\"},\"thumbnailUrl\":\"https:\\\/\\\/acuariosupremus.com\\\/wp-content\\\/uploads\\\/2021\\\/11\\\/pexels-pixabay-privacidad-768x512.jpg\",\"datePublished\":\"2021-11-26T12:10:14+00:00\",\"dateModified\":\"2024-03-01T03:14:01+00:00\",\"breadcrumb\":{\"@id\":\"https:\\\/\\\/acuariosupremus.com\\\/?page_id=104#breadcrumb\"},\"inLanguage\":\"es\",\"potentialAction\":[{\"@type\":\"ReadAction\",\"target\":[\"https:\\\/\\\/acuariosupremus.com\\\/?page_id=104\"]}]},{\"@type\":\"ImageObject\",\"inLanguage\":\"es\",\"@id\":\"https:\\\/\\\/acuariosupremus.com\\\/?page_id=104#primaryimage\",\"url\":\"https:\\\/\\\/acuariosupremus.com\\\/wp-content\\\/uploads\\\/2021\\\/11\\\/pexels-pixabay-privacidad-768x512.jpg\",\"contentUrl\":\"https:\\\/\\\/acuariosupremus.com\\\/wp-content\\\/uploads\\\/2021\\\/11\\\/pexels-pixabay-privacidad-768x512.jpg\"},{\"@type\":\"BreadcrumbList\",\"@id\":\"https:\\\/\\\/acuariosupremus.com\\\/?page_id=104#breadcrumb\",\"itemListElement\":[{\"@type\":\"ListItem\",\"position\":1,\"name\":\"Portada\",\"item\":\"https:\\\/\\\/acuariosupremus.com\\\/\"},{\"@type\":\"ListItem\",\"position\":2,\"name\":\"Aviso de Privacidad\"}]},{\"@type\":\"WebSite\",\"@id\":\"https:\\\/\\\/acuariosupremus.com\\\/#website\",\"url\":\"https:\\\/\\\/acuariosupremus.com\\\/\",\"name\":\"Acuario Supremus\",\"description\":\"Peces, Peceras y Mascotas.\",\"publisher\":{\"@id\":\"https:\\\/\\\/acuariosupremus.com\\\/#organization\"},\"potentialAction\":[{\"@type\":\"SearchAction\",\"target\":{\"@type\":\"EntryPoint\",\"urlTemplate\":\"https:\\\/\\\/acuariosupremus.com\\\/?s={search_term_string}\"},\"query-input\":{\"@type\":\"PropertyValueSpecification\",\"valueRequired\":true,\"valueName\":\"search_term_string\"}}],\"inLanguage\":\"es\"},{\"@type\":\"Organization\",\"@id\":\"https:\\\/\\\/acuariosupremus.com\\\/#organization\",\"name\":\"Acuario Supremus\",\"url\":\"https:\\\/\\\/acuariosupremus.com\\\/\",\"logo\":{\"@type\":\"ImageObject\",\"inLanguage\":\"es\",\"@id\":\"https:\\\/\\\/acuariosupremus.com\\\/#\\\/schema\\\/logo\\\/image\\\/\",\"url\":\"https:\\\/\\\/acuariosupremus.com\\\/wp-content\\\/uploads\\\/2021\\\/12\\\/cropped-logo_acuario_supremus_fn-2.png\",\"contentUrl\":\"https:\\\/\\\/acuariosupremus.com\\\/wp-content\\\/uploads\\\/2021\\\/12\\\/cropped-logo_acuario_supremus_fn-2.png\",\"width\":1000,\"height\":318,\"caption\":\"Acuario Supremus\"},\"image\":{\"@id\":\"https:\\\/\\\/acuariosupremus.com\\\/#\\\/schema\\\/logo\\\/image\\\/\"},\"sameAs\":[\"https:\\\/\\\/www.facebook.com\\\/AcuarioSupremus\",\"https:\\\/\\\/x.com\\\/AcuarioSupremus\",\"https:\\\/\\\/www.instagram.com\\\/acuariosupremus\\\/?hl=es\"]}]}<\/script>\n<!-- \/ Yoast SEO plugin. -->","yoast_head_json":{"title":"Aviso de Privacidad | Acuario Supremus","robots":{"index":"noindex","follow":"nofollow"},"og_locale":"es_MX","og_type":"article","og_title":"Aviso de Privacidad | Acuario Supremus","og_description":"Aviso de Privacidad AVISO DE PRIVACIDAD \u00a0 \u00a0 Evaristo Miguel L\u00f3pez., mejor conocido como Acuario SUPREMUS, con domicilio en calle Metepec 98, colonia La Romana., ciudad Tlalnepantla., municipio o delegaci\u00f3n Tlalnepantla de Baz., Cp. 54030, en la entidad de Estado de M\u00e9xico., pa\u00eds M\u00e9xico., es el responsable del uso y protecci\u00f3n de sus datos personales, [&hellip;]","og_url":"https:\/\/acuariosupremus.com\/?page_id=104","og_site_name":"Acuario Supremus","article_publisher":"https:\/\/www.facebook.com\/AcuarioSupremus","article_modified_time":"2024-03-01T03:14:01+00:00","og_image":[{"url":"https:\/\/acuariosupremus.com\/wp-content\/uploads\/2021\/11\/pexels-pixabay-privacidad-768x512.jpg","type":"","width":"","height":""}],"twitter_card":"summary_large_image","twitter_site":"@AcuarioSupremus","twitter_misc":{"Tiempo de lectura":"5 minutos"},"schema":{"@context":"https:\/\/schema.org","@graph":[{"@type":"WebPage","@id":"https:\/\/acuariosupremus.com\/?page_id=104","url":"https:\/\/acuariosupremus.com\/?page_id=104","name":"Aviso de Privacidad | Acuario Supremus","isPartOf":{"@id":"https:\/\/acuariosupremus.com\/#website"},"primaryImageOfPage":{"@id":"https:\/\/acuariosupremus.com\/?page_id=104#primaryimage"},"image":{"@id":"https:\/\/acuariosupremus.com\/?page_id=104#primaryimage"},"thumbnailUrl":"https:\/\/acuariosupremus.com\/wp-content\/uploads\/2021\/11\/pexels-pixabay-privacidad-768x512.jpg","datePublished":"2021-11-26T12:10:14+00:00","dateModified":"2024-03-01T03:14:01+00:00","breadcrumb":{"@id":"https:\/\/acuariosupremus.com\/?page_id=104#breadcrumb"},"inLanguage":"es","potentialAction":[{"@type":"ReadAction","target":["https:\/\/acuariosupremus.com\/?page_id=104"]}]},{"@type":"ImageObject","inLanguage":"es","@id":"https:\/\/acuariosupremus.com\/?page_id=104#primaryimage","url":"https:\/\/acuariosupremus.com\/wp-content\/uploads\/2021\/11\/pexels-pixabay-privacidad-768x512.jpg","contentUrl":"https:\/\/acuariosupremus.com\/wp-content\/uploads\/2021\/11\/pexels-pixabay-privacidad-768x512.jpg"},{"@type":"BreadcrumbList","@id":"https:\/\/acuariosupremus.com\/?page_id=104#breadcrumb","itemListElement":[{"@type":"ListItem","position":1,"name":"Portada","item":"https:\/\/acuariosupremus.com\/"},{"@type":"ListItem","position":2,"name":"Aviso de Privacidad"}]},{"@type":"WebSite","@id":"https:\/\/acuariosupremus.com\/#website","url":"https:\/\/acuariosupremus.com\/","name":"Acuario Supremus","description":"Peces, Peceras y Mascotas.","publisher":{"@id":"https:\/\/acuariosupremus.com\/#organization"},"potentialAction":[{"@type":"SearchAction","target":{"@type":"EntryPoint","urlTemplate":"https:\/\/acuariosupremus.com\/?s={search_term_string}"},"query-input":{"@type":"PropertyValueSpecification","valueRequired":true,"valueName":"search_term_string"}}],"inLanguage":"es"},{"@type":"Organization","@id":"https:\/\/acuariosupremus.com\/#organization","name":"Acuario Supremus","url":"https:\/\/acuariosupremus.com\/","logo":{"@type":"ImageObject","inLanguage":"es","@id":"https:\/\/acuariosupremus.com\/#\/schema\/logo\/image\/","url":"https:\/\/acuariosupremus.com\/wp-content\/uploads\/2021\/12\/cropped-logo_acuario_supremus_fn-2.png","contentUrl":"https:\/\/acuariosupremus.com\/wp-content\/uploads\/2021\/12\/cropped-logo_acuario_supremus_fn-2.png","width":1000,"height":318,"caption":"Acuario Supremus"},"image":{"@id":"https:\/\/acuariosupremus.com\/#\/schema\/logo\/image\/"},"sameAs":["https:\/\/www.facebook.com\/AcuarioSupremus","https:\/\/x.com\/AcuarioSupremus","https:\/\/www.instagram.com\/acuariosupremus\/?hl=es"]}]}},"jetpack_sharing_enabled":true,"_links":{"self":[{"href":"https:\/\/acuariosupremus.com\/index.php?rest_route=\/wp\/v2\/pages\/104","targetHints":{"allow":["GET"]}}],"collection":[{"href":"https:\/\/acuariosupremus.com\/index.php?rest_route=\/wp\/v2\/pages"}],"about":[{"href":"https:\/\/acuariosupremus.com\/index.php?rest_route=\/wp\/v2\/types\/page"}],"author":[{"embeddable":true,"href":"https:\/\/acuariosupremus.com\/index.php?rest_route=\/wp\/v2\/users\/1"}],"replies":[{"embeddable":true,"href":"https:\/\/acuariosupremus.com\/index.php?rest_route=%2Fwp%2Fv2%2Fcomments&post=104"}],"version-history":[{"count":39,"href":"https:\/\/acuariosupremus.com\/index.php?rest_route=\/wp\/v2\/pages\/104\/revisions"}],"predecessor-version":[{"id":11161,"href":"https:\/\/acuariosupremus.com\/index.php?rest_route=\/wp\/v2\/pages\/104\/revisions\/11161"}],"wp:attachment":[{"href":"https:\/\/acuariosupremus.com\/index.php?rest_route=%2Fwp%2Fv2%2Fmedia&parent=104"}],"curies":[{"name":"wp","href":"https:\/\/api.w.org\/{rel}","templated":true}]}}