{"id":10028,"date":"2022-05-20T15:47:57","date_gmt":"2022-05-20T20:47:57","guid":{"rendered":"https:\/\/acuariosupremus.com\/?post_type=product&#038;p=10028"},"modified":"2025-12-30T17:10:11","modified_gmt":"2025-12-30T23:10:11","slug":"roca-cebra-b-w-multilayer-aquarium-rock-kit-120l","status":"publish","type":"product","link":"https:\/\/acuariosupremus.com\/?product=roca-cebra-b-w-multilayer-aquarium-rock-kit-120l","title":{"rendered":"Roca cebra &#8211; B &#038; W Multilayer Aquarium Rock, kit 120L"},"content":{"rendered":"<p>Su aspecto predominantemente oscuro y fuertemente contrastado permite composiciones decorativas<br \/>\nmucho m\u00e1s originales y simples. Se presenta en un paquete con una selecci\u00f3n \u00fanica de piezas con vol\u00famenes<br \/>\ny formas arm\u00f3nicos entre s\u00ed para armar un bello paisaje para 4 diferentes tama\u00f1os de acuarios.<br \/>\nRoca Paisaje<br \/>\nUso:Agua dulce y Terrarios.<br \/>\nDensidad: Aprox.1000 kg\/m3<br \/>\nComportamiento qu\u00edmico: Aporta trazas de calcio<br \/>\nTama\u00f1o de las piezas: Aprox. 5-30 cm.<br \/>\n<strong>NOTA: No existen dos rocas iguales. Cada KIT es \u00fanico y su aspecto est\u00e9tico puede variar. Enjuague cada roca antes de introducirla en el acuario.<\/strong><\/p>\n<p>Descripci\u00f3n: KIT para 120 litros<br \/>\nMedidas de la caja: 36 x 36 x 18 (cm)<br \/>\nPeso total: 23 &#8211; 25 (Kg) N\u00b0 Piezas:<strong> 11<\/strong><br \/>\nCantidad &#8211; Pesos: 5 &#8211; 0.200(Kg) , 3 &#8211; 0.700(Kg), 1- 2.800(Kg), 1- 7 (Kg), 1- 10 (Kg).<\/p>\n","protected":false},"excerpt":{"rendered":"<p>&#8220;Cebra&#8221; es un tipo de roca metam\u00f3rfica natural de color negro con vetas blancas. Seg\u00fan la filosof\u00eda oriental tao\u00edsta<br \/>\neste radical contraste entre blanco y negro&#8221; representa la dualidad entre bien y el mal y su equilibrio. Este concepto<br \/>\nha sido adoptado como un elemento fundamental en en la composici\u00f3n del paisajismo japon\u00e9s en general. La<br \/>\nparte oscura es muy rica en tonalidades grises tanto brillantes como mates, que contrastan con unas vetas de un<br \/>\ntono entre blanco y marfil que irrumpen la roca como cascadas de luz. Estas rocas combinan perfectamente tanto<br \/>\nsobre sustratos claros como oscuros, ofreciendo adem\u00e1s unos interesantes contrastes con las formas y colores<br \/>\nde las plantas.<\/p>\n","protected":false},"featured_media":10021,"template":"","meta":[],"product_brand":[128],"product_cat":[40,57],"product_tag":[137,918],"class_list":{"0":"post-10028","1":"product","2":"type-product","3":"status-publish","4":"has-post-thumbnail","6":"product_brand-ideasmarinas","7":"product_cat-peces","8":"product_cat-adornos","9":"product_tag-adorno-para-acuario","10":"product_tag-roca-cebra","12":"first","13":"instock","14":"sale","15":"shipping-taxable","16":"purchasable","17":"product-type-simple"},"yoast_head":"<!-- This site is optimized with the Yoast SEO plugin v27.4 - https:\/\/yoast.com\/product\/yoast-seo-wordpress\/ -->\n<title>Roca cebra - B &amp; W Multilayer Aquarium Rock, kit 120L | Acuario Supremus<\/title>\n<meta name=\"description\" content=\"&quot;Cebra&quot; tipo de roca metam\u00f3rfica natural de color negro con vetas blancas, Estas rocas combinan perfectamente tanto sobre sustratos claros como oscuros.\" \/>\n<meta name=\"robots\" content=\"index, follow, max-snippet:-1, max-image-preview:large, max-video-preview:-1\" \/>\n<link rel=\"canonical\" href=\"https:\/\/acuariosupremus.com\/?product=roca-cebra-b-w-multilayer-aquarium-rock-kit-120l\" \/>\n<meta property=\"og:locale\" content=\"es_MX\" \/>\n<meta property=\"og:type\" content=\"article\" \/>\n<meta property=\"og:title\" content=\"Roca cebra - B &amp; W Multilayer Aquarium Rock, kit 120L | Acuario Supremus\" \/>\n<meta property=\"og:description\" content=\"&quot;Cebra&quot; tipo de roca metam\u00f3rfica natural de color negro con vetas blancas, Estas rocas combinan perfectamente tanto sobre sustratos claros como oscuros.\" \/>\n<meta property=\"og:url\" content=\"https:\/\/acuariosupremus.com\/?product=roca-cebra-b-w-multilayer-aquarium-rock-kit-120l\" \/>\n<meta property=\"og:site_name\" content=\"Acuario Supremus\" \/>\n<meta property=\"article:publisher\" content=\"https:\/\/www.facebook.com\/AcuarioSupremus\" \/>\n<meta property=\"article:modified_time\" content=\"2025-12-30T23:10:11+00:00\" \/>\n<meta property=\"og:image\" content=\"https:\/\/acuariosupremus.com\/wp-content\/uploads\/2022\/05\/roca_cebra_01.jpg\" \/>\n\t<meta property=\"og:image:width\" content=\"1252\" \/>\n\t<meta property=\"og:image:height\" content=\"992\" \/>\n\t<meta property=\"og:image:type\" content=\"image\/jpeg\" \/>\n<meta name=\"twitter:card\" content=\"summary_large_image\" \/>\n<meta name=\"twitter:site\" content=\"@AcuarioSupremus\" \/>\n<meta name=\"twitter:label1\" content=\"Tiempo de lectura\" \/>\n\t<meta name=\"twitter:data1\" content=\"1 minuto\" \/>\n<script type=\"application\/ld+json\" class=\"yoast-schema-graph\">{\"@context\":\"https:\\\/\\\/schema.org\",\"@graph\":[{\"@type\":\"WebPage\",\"@id\":\"https:\\\/\\\/acuariosupremus.com\\\/?product=roca-cebra-b-w-multilayer-aquarium-rock-kit-120l\",\"url\":\"https:\\\/\\\/acuariosupremus.com\\\/?product=roca-cebra-b-w-multilayer-aquarium-rock-kit-120l\",\"name\":\"Roca cebra - B & W Multilayer Aquarium Rock, kit 120L | Acuario Supremus\",\"isPartOf\":{\"@id\":\"https:\\\/\\\/acuariosupremus.com\\\/#website\"},\"primaryImageOfPage\":{\"@id\":\"https:\\\/\\\/acuariosupremus.com\\\/?product=roca-cebra-b-w-multilayer-aquarium-rock-kit-120l#primaryimage\"},\"image\":{\"@id\":\"https:\\\/\\\/acuariosupremus.com\\\/?product=roca-cebra-b-w-multilayer-aquarium-rock-kit-120l#primaryimage\"},\"thumbnailUrl\":\"https:\\\/\\\/acuariosupremus.com\\\/wp-content\\\/uploads\\\/2022\\\/05\\\/roca_cebra_01.jpg\",\"datePublished\":\"2022-05-20T20:47:57+00:00\",\"dateModified\":\"2025-12-30T23:10:11+00:00\",\"description\":\"\\\"Cebra\\\" tipo de roca metam\u00f3rfica natural de color negro con vetas blancas, Estas rocas combinan perfectamente tanto sobre sustratos claros como oscuros.\",\"breadcrumb\":{\"@id\":\"https:\\\/\\\/acuariosupremus.com\\\/?product=roca-cebra-b-w-multilayer-aquarium-rock-kit-120l#breadcrumb\"},\"inLanguage\":\"es\",\"potentialAction\":[{\"@type\":\"ReadAction\",\"target\":[\"https:\\\/\\\/acuariosupremus.com\\\/?product=roca-cebra-b-w-multilayer-aquarium-rock-kit-120l\"]}]},{\"@type\":\"ImageObject\",\"inLanguage\":\"es\",\"@id\":\"https:\\\/\\\/acuariosupremus.com\\\/?product=roca-cebra-b-w-multilayer-aquarium-rock-kit-120l#primaryimage\",\"url\":\"https:\\\/\\\/acuariosupremus.com\\\/wp-content\\\/uploads\\\/2022\\\/05\\\/roca_cebra_01.jpg\",\"contentUrl\":\"https:\\\/\\\/acuariosupremus.com\\\/wp-content\\\/uploads\\\/2022\\\/05\\\/roca_cebra_01.jpg\",\"width\":1252,\"height\":992},{\"@type\":\"BreadcrumbList\",\"@id\":\"https:\\\/\\\/acuariosupremus.com\\\/?product=roca-cebra-b-w-multilayer-aquarium-rock-kit-120l#breadcrumb\",\"itemListElement\":[{\"@type\":\"ListItem\",\"position\":1,\"name\":\"Portada\",\"item\":\"https:\\\/\\\/acuariosupremus.com\\\/\"},{\"@type\":\"ListItem\",\"position\":2,\"name\":\"Tienda\",\"item\":\"https:\\\/\\\/acuariosupremus.com\\\/tienda\\\/\"},{\"@type\":\"ListItem\",\"position\":3,\"name\":\"Roca cebra &#8211; B &#038; W Multilayer Aquarium Rock, kit 120L\"}]},{\"@type\":\"WebSite\",\"@id\":\"https:\\\/\\\/acuariosupremus.com\\\/#website\",\"url\":\"https:\\\/\\\/acuariosupremus.com\\\/\",\"name\":\"Acuario Supremus\",\"description\":\"Peces, Peceras y Mascotas.\",\"publisher\":{\"@id\":\"https:\\\/\\\/acuariosupremus.com\\\/#organization\"},\"potentialAction\":[{\"@type\":\"SearchAction\",\"target\":{\"@type\":\"EntryPoint\",\"urlTemplate\":\"https:\\\/\\\/acuariosupremus.com\\\/?s={search_term_string}\"},\"query-input\":{\"@type\":\"PropertyValueSpecification\",\"valueRequired\":true,\"valueName\":\"search_term_string\"}}],\"inLanguage\":\"es\"},{\"@type\":\"Organization\",\"@id\":\"https:\\\/\\\/acuariosupremus.com\\\/#organization\",\"name\":\"Acuario Supremus\",\"url\":\"https:\\\/\\\/acuariosupremus.com\\\/\",\"logo\":{\"@type\":\"ImageObject\",\"inLanguage\":\"es\",\"@id\":\"https:\\\/\\\/acuariosupremus.com\\\/#\\\/schema\\\/logo\\\/image\\\/\",\"url\":\"https:\\\/\\\/acuariosupremus.com\\\/wp-content\\\/uploads\\\/2021\\\/12\\\/cropped-logo_acuario_supremus_fn-2.png\",\"contentUrl\":\"https:\\\/\\\/acuariosupremus.com\\\/wp-content\\\/uploads\\\/2021\\\/12\\\/cropped-logo_acuario_supremus_fn-2.png\",\"width\":1000,\"height\":318,\"caption\":\"Acuario Supremus\"},\"image\":{\"@id\":\"https:\\\/\\\/acuariosupremus.com\\\/#\\\/schema\\\/logo\\\/image\\\/\"},\"sameAs\":[\"https:\\\/\\\/www.facebook.com\\\/AcuarioSupremus\",\"https:\\\/\\\/x.com\\\/AcuarioSupremus\",\"https:\\\/\\\/www.instagram.com\\\/acuariosupremus\\\/?hl=es\"]}]}<\/script>\n<!-- \/ Yoast SEO plugin. -->","yoast_head_json":{"title":"Roca cebra - B & W Multilayer Aquarium Rock, kit 120L | Acuario Supremus","description":"\"Cebra\" tipo de roca metam\u00f3rfica natural de color negro con vetas blancas, Estas rocas combinan perfectamente tanto sobre sustratos claros como oscuros.","robots":{"index":"index","follow":"follow","max-snippet":"max-snippet:-1","max-image-preview":"max-image-preview:large","max-video-preview":"max-video-preview:-1"},"canonical":"https:\/\/acuariosupremus.com\/?product=roca-cebra-b-w-multilayer-aquarium-rock-kit-120l","og_locale":"es_MX","og_type":"article","og_title":"Roca cebra - B & W Multilayer Aquarium Rock, kit 120L | Acuario Supremus","og_description":"\"Cebra\" tipo de roca metam\u00f3rfica natural de color negro con vetas blancas, Estas rocas combinan perfectamente tanto sobre sustratos claros como oscuros.","og_url":"https:\/\/acuariosupremus.com\/?product=roca-cebra-b-w-multilayer-aquarium-rock-kit-120l","og_site_name":"Acuario Supremus","article_publisher":"https:\/\/www.facebook.com\/AcuarioSupremus","article_modified_time":"2025-12-30T23:10:11+00:00","og_image":[{"width":1252,"height":992,"url":"https:\/\/acuariosupremus.com\/wp-content\/uploads\/2022\/05\/roca_cebra_01.jpg","type":"image\/jpeg"}],"twitter_card":"summary_large_image","twitter_site":"@AcuarioSupremus","twitter_misc":{"Tiempo de lectura":"1 minuto"},"schema":{"@context":"https:\/\/schema.org","@graph":[{"@type":"WebPage","@id":"https:\/\/acuariosupremus.com\/?product=roca-cebra-b-w-multilayer-aquarium-rock-kit-120l","url":"https:\/\/acuariosupremus.com\/?product=roca-cebra-b-w-multilayer-aquarium-rock-kit-120l","name":"Roca cebra - B & W Multilayer Aquarium Rock, kit 120L | Acuario Supremus","isPartOf":{"@id":"https:\/\/acuariosupremus.com\/#website"},"primaryImageOfPage":{"@id":"https:\/\/acuariosupremus.com\/?product=roca-cebra-b-w-multilayer-aquarium-rock-kit-120l#primaryimage"},"image":{"@id":"https:\/\/acuariosupremus.com\/?product=roca-cebra-b-w-multilayer-aquarium-rock-kit-120l#primaryimage"},"thumbnailUrl":"https:\/\/acuariosupremus.com\/wp-content\/uploads\/2022\/05\/roca_cebra_01.jpg","datePublished":"2022-05-20T20:47:57+00:00","dateModified":"2025-12-30T23:10:11+00:00","description":"\"Cebra\" tipo de roca metam\u00f3rfica natural de color negro con vetas blancas, Estas rocas combinan perfectamente tanto sobre sustratos claros como oscuros.","breadcrumb":{"@id":"https:\/\/acuariosupremus.com\/?product=roca-cebra-b-w-multilayer-aquarium-rock-kit-120l#breadcrumb"},"inLanguage":"es","potentialAction":[{"@type":"ReadAction","target":["https:\/\/acuariosupremus.com\/?product=roca-cebra-b-w-multilayer-aquarium-rock-kit-120l"]}]},{"@type":"ImageObject","inLanguage":"es","@id":"https:\/\/acuariosupremus.com\/?product=roca-cebra-b-w-multilayer-aquarium-rock-kit-120l#primaryimage","url":"https:\/\/acuariosupremus.com\/wp-content\/uploads\/2022\/05\/roca_cebra_01.jpg","contentUrl":"https:\/\/acuariosupremus.com\/wp-content\/uploads\/2022\/05\/roca_cebra_01.jpg","width":1252,"height":992},{"@type":"BreadcrumbList","@id":"https:\/\/acuariosupremus.com\/?product=roca-cebra-b-w-multilayer-aquarium-rock-kit-120l#breadcrumb","itemListElement":[{"@type":"ListItem","position":1,"name":"Portada","item":"https:\/\/acuariosupremus.com\/"},{"@type":"ListItem","position":2,"name":"Tienda","item":"https:\/\/acuariosupremus.com\/tienda\/"},{"@type":"ListItem","position":3,"name":"Roca cebra &#8211; B &#038; W Multilayer Aquarium Rock, kit 120L"}]},{"@type":"WebSite","@id":"https:\/\/acuariosupremus.com\/#website","url":"https:\/\/acuariosupremus.com\/","name":"Acuario Supremus","description":"Peces, Peceras y Mascotas.","publisher":{"@id":"https:\/\/acuariosupremus.com\/#organization"},"potentialAction":[{"@type":"SearchAction","target":{"@type":"EntryPoint","urlTemplate":"https:\/\/acuariosupremus.com\/?s={search_term_string}"},"query-input":{"@type":"PropertyValueSpecification","valueRequired":true,"valueName":"search_term_string"}}],"inLanguage":"es"},{"@type":"Organization","@id":"https:\/\/acuariosupremus.com\/#organization","name":"Acuario Supremus","url":"https:\/\/acuariosupremus.com\/","logo":{"@type":"ImageObject","inLanguage":"es","@id":"https:\/\/acuariosupremus.com\/#\/schema\/logo\/image\/","url":"https:\/\/acuariosupremus.com\/wp-content\/uploads\/2021\/12\/cropped-logo_acuario_supremus_fn-2.png","contentUrl":"https:\/\/acuariosupremus.com\/wp-content\/uploads\/2021\/12\/cropped-logo_acuario_supremus_fn-2.png","width":1000,"height":318,"caption":"Acuario Supremus"},"image":{"@id":"https:\/\/acuariosupremus.com\/#\/schema\/logo\/image\/"},"sameAs":["https:\/\/www.facebook.com\/AcuarioSupremus","https:\/\/x.com\/AcuarioSupremus","https:\/\/www.instagram.com\/acuariosupremus\/?hl=es"]}]}},"jetpack_sharing_enabled":true,"_links":{"self":[{"href":"https:\/\/acuariosupremus.com\/index.php?rest_route=\/wp\/v2\/product\/10028","targetHints":{"allow":["GET"]}}],"collection":[{"href":"https:\/\/acuariosupremus.com\/index.php?rest_route=\/wp\/v2\/product"}],"about":[{"href":"https:\/\/acuariosupremus.com\/index.php?rest_route=\/wp\/v2\/types\/product"}],"wp:featuredmedia":[{"embeddable":true,"href":"https:\/\/acuariosupremus.com\/index.php?rest_route=\/wp\/v2\/media\/10021"}],"wp:attachment":[{"href":"https:\/\/acuariosupremus.com\/index.php?rest_route=%2Fwp%2Fv2%2Fmedia&parent=10028"}],"wp:term":[{"taxonomy":"product_brand","embeddable":true,"href":"https:\/\/acuariosupremus.com\/index.php?rest_route=%2Fwp%2Fv2%2Fproduct_brand&post=10028"},{"taxonomy":"product_cat","embeddable":true,"href":"https:\/\/acuariosupremus.com\/index.php?rest_route=%2Fwp%2Fv2%2Fproduct_cat&post=10028"},{"taxonomy":"product_tag","embeddable":true,"href":"https:\/\/acuariosupremus.com\/index.php?rest_route=%2Fwp%2Fv2%2Fproduct_tag&post=10028"}],"curies":[{"name":"wp","href":"https:\/\/api.w.org\/{rel}","templated":true}]}}