{"id":10038,"date":"2022-05-20T16:14:52","date_gmt":"2022-05-20T21:14:52","guid":{"rendered":"https:\/\/acuariosupremus.com\/?post_type=product&#038;p=10038"},"modified":"2025-12-30T17:14:32","modified_gmt":"2025-12-30T23:14:32","slug":"roca-rompecabezas-c-cafe","status":"publish","type":"product","link":"https:\/\/acuariosupremus.com\/?product=roca-rompecabezas-c-cafe","title":{"rendered":"Roca Rompecabezas C-Caf\u00e9"},"content":{"rendered":"<p>Este espacio dentro de las piezas sirve adem\u00e1s para ocultar elementos t\u00e9cnicos del acuario y ofrecer<br \/>\nrefugio a ciertas especies. Tambi\u00e9n es un buen lugar de reposo o refugio para anfibios y reptiles en paludarios y<br \/>\nterrarios. Puede fijar sus bordes a cualquier pared del acuario usando silicona, realzando as\u00ed las dimensiones de<br \/>\nsu tanque y dando una sensaci\u00f3n de \u201ccontinuidad\u201d en los extremos de su escenario.<\/p>\n<p>Peso aprox.: (Kg) 0.59<br \/>\nReferencia:<br \/>\nRompecabezas tipo \u201cC\u201d Caf\u00e9<br \/>\nMedidas aprox. 40 21 20 (cm) Largo Alto Fondo.<\/p>\n","protected":false},"excerpt":{"rendered":"<p>Las rocas Rompecabezas servir\u00e1n para darle un \u00faltimo toque de realismo a su fondo rocoso Decoline. Est\u00e1n<br \/>\nrealizadas de forma artesanal con la misma calidad, colores, textura y acabados de sus fondos rocosos a juego.<br \/>\nLas espectaculares formas y vol\u00famenes que presentan est\u00e1n tomadas a partir de moldes de rocas naturales, con<br \/>\nla intenci\u00f3n de aumentar el realismo 3D de los fondos rocosos de la marca. Est\u00e1n huecas por dentro y cuentan<br \/>\ncon una resistente pared de espuma de poliuretano de alta densidad texturizada con resinas y pigmentos<br \/>\nat\u00f3xicos.<\/p>\n","protected":false},"featured_media":10039,"template":"","meta":[],"product_brand":[128],"product_cat":[40,84,57,86],"product_tag":[137,919],"class_list":{"0":"post-10038","1":"product","2":"type-product","3":"status-publish","4":"has-post-thumbnail","6":"product_brand-ideasmarinas","7":"product_cat-peces","8":"product_cat-reptiles-y-anfibios","9":"product_cat-adornos","10":"product_cat-habitat","11":"product_tag-adorno-para-acuario","12":"product_tag-roca-rompecabezas-cafe","14":"first","15":"instock","16":"sale","17":"shipping-taxable","18":"purchasable","19":"product-type-simple"},"yoast_head":"<!-- This site is optimized with the Yoast SEO plugin v27.4 - https:\/\/yoast.com\/product\/yoast-seo-wordpress\/ -->\n<title>Roca Rompecabezas C-Caf\u00e9 | Acuario Supremus<\/title>\n<meta name=\"description\" content=\"Las rocas Rompecabezas Est\u00e1n realizadas de forma artesanal con la misma calidad, colores, textura y acabados de sus fondos rocosos reales.\" \/>\n<meta name=\"robots\" content=\"index, follow, max-snippet:-1, max-image-preview:large, max-video-preview:-1\" \/>\n<link rel=\"canonical\" href=\"https:\/\/acuariosupremus.com\/?product=roca-rompecabezas-c-cafe\" \/>\n<meta property=\"og:locale\" content=\"es_MX\" \/>\n<meta property=\"og:type\" content=\"article\" \/>\n<meta property=\"og:title\" content=\"Roca Rompecabezas C-Caf\u00e9 | Acuario Supremus\" \/>\n<meta property=\"og:description\" content=\"Las rocas Rompecabezas Est\u00e1n realizadas de forma artesanal con la misma calidad, colores, textura y acabados de sus fondos rocosos reales.\" \/>\n<meta property=\"og:url\" content=\"https:\/\/acuariosupremus.com\/?product=roca-rompecabezas-c-cafe\" \/>\n<meta property=\"og:site_name\" content=\"Acuario Supremus\" \/>\n<meta property=\"article:publisher\" content=\"https:\/\/www.facebook.com\/AcuarioSupremus\" \/>\n<meta property=\"article:modified_time\" content=\"2025-12-30T23:14:32+00:00\" \/>\n<meta property=\"og:image\" content=\"https:\/\/acuariosupremus.com\/wp-content\/uploads\/2022\/05\/roca_rompecabezas_cafe_c_01.jpg\" \/>\n\t<meta property=\"og:image:width\" content=\"295\" \/>\n\t<meta property=\"og:image:height\" content=\"234\" \/>\n\t<meta property=\"og:image:type\" content=\"image\/jpeg\" \/>\n<meta name=\"twitter:card\" content=\"summary_large_image\" \/>\n<meta name=\"twitter:site\" content=\"@AcuarioSupremus\" \/>\n<meta name=\"twitter:label1\" content=\"Tiempo de lectura\" \/>\n\t<meta name=\"twitter:data1\" content=\"1 minuto\" \/>\n<script type=\"application\/ld+json\" class=\"yoast-schema-graph\">{\"@context\":\"https:\\\/\\\/schema.org\",\"@graph\":[{\"@type\":\"WebPage\",\"@id\":\"https:\\\/\\\/acuariosupremus.com\\\/?product=roca-rompecabezas-c-cafe\",\"url\":\"https:\\\/\\\/acuariosupremus.com\\\/?product=roca-rompecabezas-c-cafe\",\"name\":\"Roca Rompecabezas C-Caf\u00e9 | Acuario Supremus\",\"isPartOf\":{\"@id\":\"https:\\\/\\\/acuariosupremus.com\\\/#website\"},\"primaryImageOfPage\":{\"@id\":\"https:\\\/\\\/acuariosupremus.com\\\/?product=roca-rompecabezas-c-cafe#primaryimage\"},\"image\":{\"@id\":\"https:\\\/\\\/acuariosupremus.com\\\/?product=roca-rompecabezas-c-cafe#primaryimage\"},\"thumbnailUrl\":\"https:\\\/\\\/acuariosupremus.com\\\/wp-content\\\/uploads\\\/2022\\\/05\\\/roca_rompecabezas_cafe_c_01.jpg\",\"datePublished\":\"2022-05-20T21:14:52+00:00\",\"dateModified\":\"2025-12-30T23:14:32+00:00\",\"description\":\"Las rocas Rompecabezas Est\u00e1n realizadas de forma artesanal con la misma calidad, colores, textura y acabados de sus fondos rocosos reales.\",\"breadcrumb\":{\"@id\":\"https:\\\/\\\/acuariosupremus.com\\\/?product=roca-rompecabezas-c-cafe#breadcrumb\"},\"inLanguage\":\"es\",\"potentialAction\":[{\"@type\":\"ReadAction\",\"target\":[\"https:\\\/\\\/acuariosupremus.com\\\/?product=roca-rompecabezas-c-cafe\"]}]},{\"@type\":\"ImageObject\",\"inLanguage\":\"es\",\"@id\":\"https:\\\/\\\/acuariosupremus.com\\\/?product=roca-rompecabezas-c-cafe#primaryimage\",\"url\":\"https:\\\/\\\/acuariosupremus.com\\\/wp-content\\\/uploads\\\/2022\\\/05\\\/roca_rompecabezas_cafe_c_01.jpg\",\"contentUrl\":\"https:\\\/\\\/acuariosupremus.com\\\/wp-content\\\/uploads\\\/2022\\\/05\\\/roca_rompecabezas_cafe_c_01.jpg\",\"width\":295,\"height\":234},{\"@type\":\"BreadcrumbList\",\"@id\":\"https:\\\/\\\/acuariosupremus.com\\\/?product=roca-rompecabezas-c-cafe#breadcrumb\",\"itemListElement\":[{\"@type\":\"ListItem\",\"position\":1,\"name\":\"Portada\",\"item\":\"https:\\\/\\\/acuariosupremus.com\\\/\"},{\"@type\":\"ListItem\",\"position\":2,\"name\":\"Tienda\",\"item\":\"https:\\\/\\\/acuariosupremus.com\\\/tienda\\\/\"},{\"@type\":\"ListItem\",\"position\":3,\"name\":\"Roca Rompecabezas C-Caf\u00e9\"}]},{\"@type\":\"WebSite\",\"@id\":\"https:\\\/\\\/acuariosupremus.com\\\/#website\",\"url\":\"https:\\\/\\\/acuariosupremus.com\\\/\",\"name\":\"Acuario Supremus\",\"description\":\"Peces, Peceras y Mascotas.\",\"publisher\":{\"@id\":\"https:\\\/\\\/acuariosupremus.com\\\/#organization\"},\"potentialAction\":[{\"@type\":\"SearchAction\",\"target\":{\"@type\":\"EntryPoint\",\"urlTemplate\":\"https:\\\/\\\/acuariosupremus.com\\\/?s={search_term_string}\"},\"query-input\":{\"@type\":\"PropertyValueSpecification\",\"valueRequired\":true,\"valueName\":\"search_term_string\"}}],\"inLanguage\":\"es\"},{\"@type\":\"Organization\",\"@id\":\"https:\\\/\\\/acuariosupremus.com\\\/#organization\",\"name\":\"Acuario Supremus\",\"url\":\"https:\\\/\\\/acuariosupremus.com\\\/\",\"logo\":{\"@type\":\"ImageObject\",\"inLanguage\":\"es\",\"@id\":\"https:\\\/\\\/acuariosupremus.com\\\/#\\\/schema\\\/logo\\\/image\\\/\",\"url\":\"https:\\\/\\\/acuariosupremus.com\\\/wp-content\\\/uploads\\\/2021\\\/12\\\/cropped-logo_acuario_supremus_fn-2.png\",\"contentUrl\":\"https:\\\/\\\/acuariosupremus.com\\\/wp-content\\\/uploads\\\/2021\\\/12\\\/cropped-logo_acuario_supremus_fn-2.png\",\"width\":1000,\"height\":318,\"caption\":\"Acuario Supremus\"},\"image\":{\"@id\":\"https:\\\/\\\/acuariosupremus.com\\\/#\\\/schema\\\/logo\\\/image\\\/\"},\"sameAs\":[\"https:\\\/\\\/www.facebook.com\\\/AcuarioSupremus\",\"https:\\\/\\\/x.com\\\/AcuarioSupremus\",\"https:\\\/\\\/www.instagram.com\\\/acuariosupremus\\\/?hl=es\"]}]}<\/script>\n<!-- \/ Yoast SEO plugin. -->","yoast_head_json":{"title":"Roca Rompecabezas C-Caf\u00e9 | Acuario Supremus","description":"Las rocas Rompecabezas Est\u00e1n realizadas de forma artesanal con la misma calidad, colores, textura y acabados de sus fondos rocosos reales.","robots":{"index":"index","follow":"follow","max-snippet":"max-snippet:-1","max-image-preview":"max-image-preview:large","max-video-preview":"max-video-preview:-1"},"canonical":"https:\/\/acuariosupremus.com\/?product=roca-rompecabezas-c-cafe","og_locale":"es_MX","og_type":"article","og_title":"Roca Rompecabezas C-Caf\u00e9 | Acuario Supremus","og_description":"Las rocas Rompecabezas Est\u00e1n realizadas de forma artesanal con la misma calidad, colores, textura y acabados de sus fondos rocosos reales.","og_url":"https:\/\/acuariosupremus.com\/?product=roca-rompecabezas-c-cafe","og_site_name":"Acuario Supremus","article_publisher":"https:\/\/www.facebook.com\/AcuarioSupremus","article_modified_time":"2025-12-30T23:14:32+00:00","og_image":[{"width":295,"height":234,"url":"https:\/\/acuariosupremus.com\/wp-content\/uploads\/2022\/05\/roca_rompecabezas_cafe_c_01.jpg","type":"image\/jpeg"}],"twitter_card":"summary_large_image","twitter_site":"@AcuarioSupremus","twitter_misc":{"Tiempo de lectura":"1 minuto"},"schema":{"@context":"https:\/\/schema.org","@graph":[{"@type":"WebPage","@id":"https:\/\/acuariosupremus.com\/?product=roca-rompecabezas-c-cafe","url":"https:\/\/acuariosupremus.com\/?product=roca-rompecabezas-c-cafe","name":"Roca Rompecabezas C-Caf\u00e9 | Acuario Supremus","isPartOf":{"@id":"https:\/\/acuariosupremus.com\/#website"},"primaryImageOfPage":{"@id":"https:\/\/acuariosupremus.com\/?product=roca-rompecabezas-c-cafe#primaryimage"},"image":{"@id":"https:\/\/acuariosupremus.com\/?product=roca-rompecabezas-c-cafe#primaryimage"},"thumbnailUrl":"https:\/\/acuariosupremus.com\/wp-content\/uploads\/2022\/05\/roca_rompecabezas_cafe_c_01.jpg","datePublished":"2022-05-20T21:14:52+00:00","dateModified":"2025-12-30T23:14:32+00:00","description":"Las rocas Rompecabezas Est\u00e1n realizadas de forma artesanal con la misma calidad, colores, textura y acabados de sus fondos rocosos reales.","breadcrumb":{"@id":"https:\/\/acuariosupremus.com\/?product=roca-rompecabezas-c-cafe#breadcrumb"},"inLanguage":"es","potentialAction":[{"@type":"ReadAction","target":["https:\/\/acuariosupremus.com\/?product=roca-rompecabezas-c-cafe"]}]},{"@type":"ImageObject","inLanguage":"es","@id":"https:\/\/acuariosupremus.com\/?product=roca-rompecabezas-c-cafe#primaryimage","url":"https:\/\/acuariosupremus.com\/wp-content\/uploads\/2022\/05\/roca_rompecabezas_cafe_c_01.jpg","contentUrl":"https:\/\/acuariosupremus.com\/wp-content\/uploads\/2022\/05\/roca_rompecabezas_cafe_c_01.jpg","width":295,"height":234},{"@type":"BreadcrumbList","@id":"https:\/\/acuariosupremus.com\/?product=roca-rompecabezas-c-cafe#breadcrumb","itemListElement":[{"@type":"ListItem","position":1,"name":"Portada","item":"https:\/\/acuariosupremus.com\/"},{"@type":"ListItem","position":2,"name":"Tienda","item":"https:\/\/acuariosupremus.com\/tienda\/"},{"@type":"ListItem","position":3,"name":"Roca Rompecabezas C-Caf\u00e9"}]},{"@type":"WebSite","@id":"https:\/\/acuariosupremus.com\/#website","url":"https:\/\/acuariosupremus.com\/","name":"Acuario Supremus","description":"Peces, Peceras y Mascotas.","publisher":{"@id":"https:\/\/acuariosupremus.com\/#organization"},"potentialAction":[{"@type":"SearchAction","target":{"@type":"EntryPoint","urlTemplate":"https:\/\/acuariosupremus.com\/?s={search_term_string}"},"query-input":{"@type":"PropertyValueSpecification","valueRequired":true,"valueName":"search_term_string"}}],"inLanguage":"es"},{"@type":"Organization","@id":"https:\/\/acuariosupremus.com\/#organization","name":"Acuario Supremus","url":"https:\/\/acuariosupremus.com\/","logo":{"@type":"ImageObject","inLanguage":"es","@id":"https:\/\/acuariosupremus.com\/#\/schema\/logo\/image\/","url":"https:\/\/acuariosupremus.com\/wp-content\/uploads\/2021\/12\/cropped-logo_acuario_supremus_fn-2.png","contentUrl":"https:\/\/acuariosupremus.com\/wp-content\/uploads\/2021\/12\/cropped-logo_acuario_supremus_fn-2.png","width":1000,"height":318,"caption":"Acuario Supremus"},"image":{"@id":"https:\/\/acuariosupremus.com\/#\/schema\/logo\/image\/"},"sameAs":["https:\/\/www.facebook.com\/AcuarioSupremus","https:\/\/x.com\/AcuarioSupremus","https:\/\/www.instagram.com\/acuariosupremus\/?hl=es"]}]}},"jetpack_sharing_enabled":true,"_links":{"self":[{"href":"https:\/\/acuariosupremus.com\/index.php?rest_route=\/wp\/v2\/product\/10038","targetHints":{"allow":["GET"]}}],"collection":[{"href":"https:\/\/acuariosupremus.com\/index.php?rest_route=\/wp\/v2\/product"}],"about":[{"href":"https:\/\/acuariosupremus.com\/index.php?rest_route=\/wp\/v2\/types\/product"}],"wp:featuredmedia":[{"embeddable":true,"href":"https:\/\/acuariosupremus.com\/index.php?rest_route=\/wp\/v2\/media\/10039"}],"wp:attachment":[{"href":"https:\/\/acuariosupremus.com\/index.php?rest_route=%2Fwp%2Fv2%2Fmedia&parent=10038"}],"wp:term":[{"taxonomy":"product_brand","embeddable":true,"href":"https:\/\/acuariosupremus.com\/index.php?rest_route=%2Fwp%2Fv2%2Fproduct_brand&post=10038"},{"taxonomy":"product_cat","embeddable":true,"href":"https:\/\/acuariosupremus.com\/index.php?rest_route=%2Fwp%2Fv2%2Fproduct_cat&post=10038"},{"taxonomy":"product_tag","embeddable":true,"href":"https:\/\/acuariosupremus.com\/index.php?rest_route=%2Fwp%2Fv2%2Fproduct_tag&post=10038"}],"curies":[{"name":"wp","href":"https:\/\/api.w.org\/{rel}","templated":true}]}}