{"id":10105,"date":"2022-05-21T16:30:34","date_gmt":"2022-05-21T21:30:34","guid":{"rendered":"https:\/\/acuariosupremus.com\/?post_type=product&#038;p=10105"},"modified":"2026-01-01T15:57:25","modified_gmt":"2026-01-01T21:57:25","slug":"bomba-de-agua-dymax-ph2500","status":"publish","type":"product","link":"https:\/\/acuariosupremus.com\/?product=bomba-de-agua-dymax-ph2500","title":{"rendered":"Bomba de agua DYMAX PH2500."},"content":{"rendered":"<p>Estas caracter\u00edsticas hacen de este tipo de bombas nuestro mejor aliado a la hora de equipar acuarios y estanques de dise\u00f1o compacto. En este tipo de sistemas siempre buscamos el tama\u00f1o m\u00e1s reducido posible y un aceptable rendimiento, sin olvidar un bajo consumo el\u00e9ctrico y una baja emisi\u00f3n de ruido y vibraciones. Tambi\u00e9n son muy apropiadas para aquellos aficionados avanzados que necesitan accionar reactores en acuarios plantados o arrecife, y tambi\u00e9n para solventar las demandas de oxigenaci\u00f3n y circulaci\u00f3n en \u00e1reas de dif\u00edcil acceso o espacio reducido.<\/p>\n<p>Corriente: 127V\/60Hz(V\/HZ) Consumo: 50 (W\/h) Protecci\u00f3n al agua: IPX68 Long. Cable: 184 (cm) Tipo de enchufe:\u201cA\u201d 2 pines Peso: 1305 (grs.) Dimensiones: 115 x 110 x 130 (l x a x h, mm) Peso c. embalaje: 1,365 (grs.) Dim. embalaje: 140 x 125 x 180 (l x a x h, mm), Acuarios entre: 300-650 (L) Caudal aprox: 2500(l\/h) Di\u00e1metro de salida: 16\/22 (mm.) V\u00e9ntury: NO Temp. M\u00e1x (\u00b0C):40.<\/p>\n","protected":false},"excerpt":{"rendered":"<p>Compactas y potentes. Las bombas de agua Dymax de la serie PH cubren perfectamente todas las necesidades de circulaci\u00f3n para una amplia gama de acuarios, cubriendo sistemas desde de 5 hasta 1,800 litros. Est\u00e1n dise\u00f1adas para generar circulaci\u00f3n adem\u00e1s de servir para accionar los filtros m\u00e1s comunes en acuarios de casi cualquier tama\u00f1o. Gracias a sus reducidas dimensiones, estas bombas son especialmente apreciadas por su gran eficacia y adaptabilidad al ser instaladas en pr\u00e1cticamente cualquier filtro interior tipo \u201ccaja\u201d. Son bombas muy silenciosas, robustas, duraderas, confiables y dotadas de una eficiencia energ\u00e9tica \u00f3ptima.<\/p>\n<p>&nbsp;<\/p>\n","protected":false},"featured_media":10106,"template":"","meta":[],"product_brand":[126],"product_cat":[40,93],"product_tag":[175],"class_list":{"0":"post-10105","1":"product","2":"type-product","3":"status-publish","4":"has-post-thumbnail","6":"product_brand-dymax","7":"product_cat-peces","8":"product_cat-bombas-fuente-y-estanque","9":"product_tag-bomba","11":"first","12":"instock","13":"sale","14":"shipping-taxable","15":"purchasable","16":"product-type-simple"},"yoast_head":"<!-- This site is optimized with the Yoast SEO plugin v27.4 - https:\/\/yoast.com\/product\/yoast-seo-wordpress\/ -->\n<title>Bomba de agua DYMAX PH2500. | Acuario Supremus<\/title>\n<meta name=\"description\" content=\"Compactas y potentes. Las bombas de agua Dymax de la serie PH cubren perfectamente todas las necesidades de circulaci\u00f3n para una amplia gama de acuarios\" \/>\n<meta name=\"robots\" content=\"index, follow, max-snippet:-1, max-image-preview:large, max-video-preview:-1\" \/>\n<link rel=\"canonical\" href=\"https:\/\/acuariosupremus.com\/?product=bomba-de-agua-dymax-ph2500\" \/>\n<meta property=\"og:locale\" content=\"es_MX\" \/>\n<meta property=\"og:type\" content=\"article\" \/>\n<meta property=\"og:title\" content=\"Bomba de agua DYMAX PH2500. | Acuario Supremus\" \/>\n<meta property=\"og:description\" content=\"Compactas y potentes. Las bombas de agua Dymax de la serie PH cubren perfectamente todas las necesidades de circulaci\u00f3n para una amplia gama de acuarios\" \/>\n<meta property=\"og:url\" content=\"https:\/\/acuariosupremus.com\/?product=bomba-de-agua-dymax-ph2500\" \/>\n<meta property=\"og:site_name\" content=\"Acuario Supremus\" \/>\n<meta property=\"article:publisher\" content=\"https:\/\/www.facebook.com\/AcuarioSupremus\" \/>\n<meta property=\"article:modified_time\" content=\"2026-01-01T21:57:25+00:00\" \/>\n<meta property=\"og:image\" content=\"https:\/\/acuariosupremus.com\/wp-content\/uploads\/2022\/05\/bomba_dymax_ph_02.jpg\" \/>\n\t<meta property=\"og:image:width\" content=\"1250\" \/>\n\t<meta property=\"og:image:height\" content=\"1250\" \/>\n\t<meta property=\"og:image:type\" content=\"image\/jpeg\" \/>\n<meta name=\"twitter:card\" content=\"summary_large_image\" \/>\n<meta name=\"twitter:site\" content=\"@AcuarioSupremus\" \/>\n<meta name=\"twitter:label1\" content=\"Tiempo de lectura\" \/>\n\t<meta name=\"twitter:data1\" content=\"1 minuto\" \/>\n<script type=\"application\/ld+json\" class=\"yoast-schema-graph\">{\"@context\":\"https:\\\/\\\/schema.org\",\"@graph\":[{\"@type\":\"WebPage\",\"@id\":\"https:\\\/\\\/acuariosupremus.com\\\/?product=bomba-de-agua-dymax-ph2500\",\"url\":\"https:\\\/\\\/acuariosupremus.com\\\/?product=bomba-de-agua-dymax-ph2500\",\"name\":\"Bomba de agua DYMAX PH2500. | Acuario Supremus\",\"isPartOf\":{\"@id\":\"https:\\\/\\\/acuariosupremus.com\\\/#website\"},\"primaryImageOfPage\":{\"@id\":\"https:\\\/\\\/acuariosupremus.com\\\/?product=bomba-de-agua-dymax-ph2500#primaryimage\"},\"image\":{\"@id\":\"https:\\\/\\\/acuariosupremus.com\\\/?product=bomba-de-agua-dymax-ph2500#primaryimage\"},\"thumbnailUrl\":\"https:\\\/\\\/acuariosupremus.com\\\/wp-content\\\/uploads\\\/2022\\\/05\\\/bomba_dymax_ph_02.jpg\",\"datePublished\":\"2022-05-21T21:30:34+00:00\",\"dateModified\":\"2026-01-01T21:57:25+00:00\",\"description\":\"Compactas y potentes. Las bombas de agua Dymax de la serie PH cubren perfectamente todas las necesidades de circulaci\u00f3n para una amplia gama de acuarios\",\"breadcrumb\":{\"@id\":\"https:\\\/\\\/acuariosupremus.com\\\/?product=bomba-de-agua-dymax-ph2500#breadcrumb\"},\"inLanguage\":\"es\",\"potentialAction\":[{\"@type\":\"ReadAction\",\"target\":[\"https:\\\/\\\/acuariosupremus.com\\\/?product=bomba-de-agua-dymax-ph2500\"]}]},{\"@type\":\"ImageObject\",\"inLanguage\":\"es\",\"@id\":\"https:\\\/\\\/acuariosupremus.com\\\/?product=bomba-de-agua-dymax-ph2500#primaryimage\",\"url\":\"https:\\\/\\\/acuariosupremus.com\\\/wp-content\\\/uploads\\\/2022\\\/05\\\/bomba_dymax_ph_02.jpg\",\"contentUrl\":\"https:\\\/\\\/acuariosupremus.com\\\/wp-content\\\/uploads\\\/2022\\\/05\\\/bomba_dymax_ph_02.jpg\",\"width\":1250,\"height\":1250},{\"@type\":\"BreadcrumbList\",\"@id\":\"https:\\\/\\\/acuariosupremus.com\\\/?product=bomba-de-agua-dymax-ph2500#breadcrumb\",\"itemListElement\":[{\"@type\":\"ListItem\",\"position\":1,\"name\":\"Portada\",\"item\":\"https:\\\/\\\/acuariosupremus.com\\\/\"},{\"@type\":\"ListItem\",\"position\":2,\"name\":\"Tienda\",\"item\":\"https:\\\/\\\/acuariosupremus.com\\\/tienda\\\/\"},{\"@type\":\"ListItem\",\"position\":3,\"name\":\"Bomba de agua DYMAX PH2500.\"}]},{\"@type\":\"WebSite\",\"@id\":\"https:\\\/\\\/acuariosupremus.com\\\/#website\",\"url\":\"https:\\\/\\\/acuariosupremus.com\\\/\",\"name\":\"Acuario Supremus\",\"description\":\"Peces, Peceras y Mascotas.\",\"publisher\":{\"@id\":\"https:\\\/\\\/acuariosupremus.com\\\/#organization\"},\"potentialAction\":[{\"@type\":\"SearchAction\",\"target\":{\"@type\":\"EntryPoint\",\"urlTemplate\":\"https:\\\/\\\/acuariosupremus.com\\\/?s={search_term_string}\"},\"query-input\":{\"@type\":\"PropertyValueSpecification\",\"valueRequired\":true,\"valueName\":\"search_term_string\"}}],\"inLanguage\":\"es\"},{\"@type\":\"Organization\",\"@id\":\"https:\\\/\\\/acuariosupremus.com\\\/#organization\",\"name\":\"Acuario Supremus\",\"url\":\"https:\\\/\\\/acuariosupremus.com\\\/\",\"logo\":{\"@type\":\"ImageObject\",\"inLanguage\":\"es\",\"@id\":\"https:\\\/\\\/acuariosupremus.com\\\/#\\\/schema\\\/logo\\\/image\\\/\",\"url\":\"https:\\\/\\\/acuariosupremus.com\\\/wp-content\\\/uploads\\\/2021\\\/12\\\/cropped-logo_acuario_supremus_fn-2.png\",\"contentUrl\":\"https:\\\/\\\/acuariosupremus.com\\\/wp-content\\\/uploads\\\/2021\\\/12\\\/cropped-logo_acuario_supremus_fn-2.png\",\"width\":1000,\"height\":318,\"caption\":\"Acuario Supremus\"},\"image\":{\"@id\":\"https:\\\/\\\/acuariosupremus.com\\\/#\\\/schema\\\/logo\\\/image\\\/\"},\"sameAs\":[\"https:\\\/\\\/www.facebook.com\\\/AcuarioSupremus\",\"https:\\\/\\\/x.com\\\/AcuarioSupremus\",\"https:\\\/\\\/www.instagram.com\\\/acuariosupremus\\\/?hl=es\"]}]}<\/script>\n<!-- \/ Yoast SEO plugin. -->","yoast_head_json":{"title":"Bomba de agua DYMAX PH2500. | Acuario Supremus","description":"Compactas y potentes. Las bombas de agua Dymax de la serie PH cubren perfectamente todas las necesidades de circulaci\u00f3n para una amplia gama de acuarios","robots":{"index":"index","follow":"follow","max-snippet":"max-snippet:-1","max-image-preview":"max-image-preview:large","max-video-preview":"max-video-preview:-1"},"canonical":"https:\/\/acuariosupremus.com\/?product=bomba-de-agua-dymax-ph2500","og_locale":"es_MX","og_type":"article","og_title":"Bomba de agua DYMAX PH2500. | Acuario Supremus","og_description":"Compactas y potentes. Las bombas de agua Dymax de la serie PH cubren perfectamente todas las necesidades de circulaci\u00f3n para una amplia gama de acuarios","og_url":"https:\/\/acuariosupremus.com\/?product=bomba-de-agua-dymax-ph2500","og_site_name":"Acuario Supremus","article_publisher":"https:\/\/www.facebook.com\/AcuarioSupremus","article_modified_time":"2026-01-01T21:57:25+00:00","og_image":[{"width":1250,"height":1250,"url":"https:\/\/acuariosupremus.com\/wp-content\/uploads\/2022\/05\/bomba_dymax_ph_02.jpg","type":"image\/jpeg"}],"twitter_card":"summary_large_image","twitter_site":"@AcuarioSupremus","twitter_misc":{"Tiempo de lectura":"1 minuto"},"schema":{"@context":"https:\/\/schema.org","@graph":[{"@type":"WebPage","@id":"https:\/\/acuariosupremus.com\/?product=bomba-de-agua-dymax-ph2500","url":"https:\/\/acuariosupremus.com\/?product=bomba-de-agua-dymax-ph2500","name":"Bomba de agua DYMAX PH2500. | Acuario Supremus","isPartOf":{"@id":"https:\/\/acuariosupremus.com\/#website"},"primaryImageOfPage":{"@id":"https:\/\/acuariosupremus.com\/?product=bomba-de-agua-dymax-ph2500#primaryimage"},"image":{"@id":"https:\/\/acuariosupremus.com\/?product=bomba-de-agua-dymax-ph2500#primaryimage"},"thumbnailUrl":"https:\/\/acuariosupremus.com\/wp-content\/uploads\/2022\/05\/bomba_dymax_ph_02.jpg","datePublished":"2022-05-21T21:30:34+00:00","dateModified":"2026-01-01T21:57:25+00:00","description":"Compactas y potentes. Las bombas de agua Dymax de la serie PH cubren perfectamente todas las necesidades de circulaci\u00f3n para una amplia gama de acuarios","breadcrumb":{"@id":"https:\/\/acuariosupremus.com\/?product=bomba-de-agua-dymax-ph2500#breadcrumb"},"inLanguage":"es","potentialAction":[{"@type":"ReadAction","target":["https:\/\/acuariosupremus.com\/?product=bomba-de-agua-dymax-ph2500"]}]},{"@type":"ImageObject","inLanguage":"es","@id":"https:\/\/acuariosupremus.com\/?product=bomba-de-agua-dymax-ph2500#primaryimage","url":"https:\/\/acuariosupremus.com\/wp-content\/uploads\/2022\/05\/bomba_dymax_ph_02.jpg","contentUrl":"https:\/\/acuariosupremus.com\/wp-content\/uploads\/2022\/05\/bomba_dymax_ph_02.jpg","width":1250,"height":1250},{"@type":"BreadcrumbList","@id":"https:\/\/acuariosupremus.com\/?product=bomba-de-agua-dymax-ph2500#breadcrumb","itemListElement":[{"@type":"ListItem","position":1,"name":"Portada","item":"https:\/\/acuariosupremus.com\/"},{"@type":"ListItem","position":2,"name":"Tienda","item":"https:\/\/acuariosupremus.com\/tienda\/"},{"@type":"ListItem","position":3,"name":"Bomba de agua DYMAX PH2500."}]},{"@type":"WebSite","@id":"https:\/\/acuariosupremus.com\/#website","url":"https:\/\/acuariosupremus.com\/","name":"Acuario Supremus","description":"Peces, Peceras y Mascotas.","publisher":{"@id":"https:\/\/acuariosupremus.com\/#organization"},"potentialAction":[{"@type":"SearchAction","target":{"@type":"EntryPoint","urlTemplate":"https:\/\/acuariosupremus.com\/?s={search_term_string}"},"query-input":{"@type":"PropertyValueSpecification","valueRequired":true,"valueName":"search_term_string"}}],"inLanguage":"es"},{"@type":"Organization","@id":"https:\/\/acuariosupremus.com\/#organization","name":"Acuario Supremus","url":"https:\/\/acuariosupremus.com\/","logo":{"@type":"ImageObject","inLanguage":"es","@id":"https:\/\/acuariosupremus.com\/#\/schema\/logo\/image\/","url":"https:\/\/acuariosupremus.com\/wp-content\/uploads\/2021\/12\/cropped-logo_acuario_supremus_fn-2.png","contentUrl":"https:\/\/acuariosupremus.com\/wp-content\/uploads\/2021\/12\/cropped-logo_acuario_supremus_fn-2.png","width":1000,"height":318,"caption":"Acuario Supremus"},"image":{"@id":"https:\/\/acuariosupremus.com\/#\/schema\/logo\/image\/"},"sameAs":["https:\/\/www.facebook.com\/AcuarioSupremus","https:\/\/x.com\/AcuarioSupremus","https:\/\/www.instagram.com\/acuariosupremus\/?hl=es"]}]}},"jetpack_sharing_enabled":true,"_links":{"self":[{"href":"https:\/\/acuariosupremus.com\/index.php?rest_route=\/wp\/v2\/product\/10105","targetHints":{"allow":["GET"]}}],"collection":[{"href":"https:\/\/acuariosupremus.com\/index.php?rest_route=\/wp\/v2\/product"}],"about":[{"href":"https:\/\/acuariosupremus.com\/index.php?rest_route=\/wp\/v2\/types\/product"}],"wp:featuredmedia":[{"embeddable":true,"href":"https:\/\/acuariosupremus.com\/index.php?rest_route=\/wp\/v2\/media\/10106"}],"wp:attachment":[{"href":"https:\/\/acuariosupremus.com\/index.php?rest_route=%2Fwp%2Fv2%2Fmedia&parent=10105"}],"wp:term":[{"taxonomy":"product_brand","embeddable":true,"href":"https:\/\/acuariosupremus.com\/index.php?rest_route=%2Fwp%2Fv2%2Fproduct_brand&post=10105"},{"taxonomy":"product_cat","embeddable":true,"href":"https:\/\/acuariosupremus.com\/index.php?rest_route=%2Fwp%2Fv2%2Fproduct_cat&post=10105"},{"taxonomy":"product_tag","embeddable":true,"href":"https:\/\/acuariosupremus.com\/index.php?rest_route=%2Fwp%2Fv2%2Fproduct_tag&post=10105"}],"curies":[{"name":"wp","href":"https:\/\/api.w.org\/{rel}","templated":true}]}}