{"id":10120,"date":"2022-05-21T16:57:11","date_gmt":"2022-05-21T21:57:11","guid":{"rendered":"https:\/\/acuariosupremus.com\/?post_type=product&#038;p=10120"},"modified":"2026-01-01T15:57:53","modified_gmt":"2026-01-01T21:57:53","slug":"desnatador-de-superficie-de-agua-dymax","status":"publish","type":"product","link":"https:\/\/acuariosupremus.com\/?product=desnatador-de-superficie-de-agua-dymax","title":{"rendered":"Desnatador de superficie de agua DYMAX"},"content":{"rendered":"<p>Puede regular qu\u00e9 porcentaje de caudal se aspira entre su coladera de superficie y su coladera del fondo simplemente girando el pivote situado fuera del agua. El problema de la capa org\u00e1nica y grasosa acumulada en la superficie es muy com\u00fan en los acuarios, ya que todos ellos est\u00e1n expuestos al polvo y suciedad que se deposita en su superficie y a los desechos org\u00e1nicos procedentes tanto de los organismos que lo habitan, como de sus visitantes ocasionales. El exceso de CO2 y la carencia de O2 producen un gran estr\u00e9s tanto en las plantas acu\u00e1ticas como en todos los organismos, adem\u00e1s de producir serias alteraciones metab\u00f3licas y favorecer la proliferaci\u00f3n excesiva de algas. Al eliminar esta capa flotante tambi\u00e9n aumenta notablemente la eficacia del filtro mec\u00e1nico de su acuario, as\u00ed como la eficiencia de su filtro biol\u00f3gico. Del mismo modo, un agua m\u00e1s transparente recibir\u00e1 mayor cantidad de luz, facilitando el crecimiento de las plantas acu\u00e1ticas.<\/p>\n<p>Di\u00e1metro del tubo: 38 (\u00d8mm.) Medidas: 330 x 150 x 38 (I x a x h mm.) Para acuarios hasta: 450 (Litros) Medidas con embalaje: 360 x 145 x 45 (l x a x h, mm.) Peso en seco: 105 (grs.) Peso con embalaje: 175 (grs.)<\/p>\n","protected":false},"excerpt":{"rendered":"<p>Desnatador de superficie especial para acuarios plantados. Se conecta a un filtro de canasta o de cascada para aspirar previamente el agua de la superficie del acuario arrastrando toda la pel\u00edcula de grasa y part\u00edculas coloidales que se acumulan debido a la tensi\u00f3n superficial del agua. Este film afecta seriamente a la permeabilidad del agua al intercambio gaseoso, impidiendo que el Ox\u00edgeno (O2) y el di\u00f3xido de carbono (CO2) establezcan su equilibrio natural y se pueda oxigenar el acuario correctamente.<\/p>\n","protected":false},"featured_media":10122,"template":"","meta":[],"product_brand":[126],"product_cat":[40,49],"product_tag":[188],"class_list":{"0":"post-10120","1":"product","2":"type-product","3":"status-publish","4":"has-post-thumbnail","6":"product_brand-dymax","7":"product_cat-peces","8":"product_cat-espumadores-y-desnatadores","9":"product_tag-desnatador","11":"first","12":"instock","13":"sale","14":"shipping-taxable","15":"purchasable","16":"product-type-simple"},"yoast_head":"<!-- This site is optimized with the Yoast SEO plugin v27.4 - https:\/\/yoast.com\/product\/yoast-seo-wordpress\/ -->\n<title>Desnatador de superficie de agua DYMAX | Acuario Supremus<\/title>\n<meta name=\"description\" content=\"Desnatador de superficie especial para acuarios plantados. Se conecta a un filtro de canasta o de cascada para aspirar el agua de la superficie del acuario.\" \/>\n<meta name=\"robots\" content=\"index, follow, max-snippet:-1, max-image-preview:large, max-video-preview:-1\" \/>\n<link rel=\"canonical\" href=\"https:\/\/acuariosupremus.com\/?product=desnatador-de-superficie-de-agua-dymax\" \/>\n<meta property=\"og:locale\" content=\"es_MX\" \/>\n<meta property=\"og:type\" content=\"article\" \/>\n<meta property=\"og:title\" content=\"Desnatador de superficie de agua DYMAX | Acuario Supremus\" \/>\n<meta property=\"og:description\" content=\"Desnatador de superficie especial para acuarios plantados. Se conecta a un filtro de canasta o de cascada para aspirar el agua de la superficie del acuario.\" \/>\n<meta property=\"og:url\" content=\"https:\/\/acuariosupremus.com\/?product=desnatador-de-superficie-de-agua-dymax\" \/>\n<meta property=\"og:site_name\" content=\"Acuario Supremus\" \/>\n<meta property=\"article:publisher\" content=\"https:\/\/www.facebook.com\/AcuarioSupremus\" \/>\n<meta property=\"article:modified_time\" content=\"2026-01-01T21:57:53+00:00\" \/>\n<meta property=\"og:image\" content=\"https:\/\/acuariosupremus.com\/wp-content\/uploads\/2022\/05\/desnatador_regulable_dymax_02.jpg\" \/>\n\t<meta property=\"og:image:width\" content=\"1250\" \/>\n\t<meta property=\"og:image:height\" content=\"1250\" \/>\n\t<meta property=\"og:image:type\" content=\"image\/jpeg\" \/>\n<meta name=\"twitter:card\" content=\"summary_large_image\" \/>\n<meta name=\"twitter:site\" content=\"@AcuarioSupremus\" \/>\n<meta name=\"twitter:label1\" content=\"Tiempo de lectura\" \/>\n\t<meta name=\"twitter:data1\" content=\"1 minuto\" \/>\n<script type=\"application\/ld+json\" class=\"yoast-schema-graph\">{\"@context\":\"https:\\\/\\\/schema.org\",\"@graph\":[{\"@type\":\"WebPage\",\"@id\":\"https:\\\/\\\/acuariosupremus.com\\\/?product=desnatador-de-superficie-de-agua-dymax\",\"url\":\"https:\\\/\\\/acuariosupremus.com\\\/?product=desnatador-de-superficie-de-agua-dymax\",\"name\":\"Desnatador de superficie de agua DYMAX | Acuario Supremus\",\"isPartOf\":{\"@id\":\"https:\\\/\\\/acuariosupremus.com\\\/#website\"},\"primaryImageOfPage\":{\"@id\":\"https:\\\/\\\/acuariosupremus.com\\\/?product=desnatador-de-superficie-de-agua-dymax#primaryimage\"},\"image\":{\"@id\":\"https:\\\/\\\/acuariosupremus.com\\\/?product=desnatador-de-superficie-de-agua-dymax#primaryimage\"},\"thumbnailUrl\":\"https:\\\/\\\/acuariosupremus.com\\\/wp-content\\\/uploads\\\/2022\\\/05\\\/desnatador_regulable_dymax_02.jpg\",\"datePublished\":\"2022-05-21T21:57:11+00:00\",\"dateModified\":\"2026-01-01T21:57:53+00:00\",\"description\":\"Desnatador de superficie especial para acuarios plantados. Se conecta a un filtro de canasta o de cascada para aspirar el agua de la superficie del acuario.\",\"breadcrumb\":{\"@id\":\"https:\\\/\\\/acuariosupremus.com\\\/?product=desnatador-de-superficie-de-agua-dymax#breadcrumb\"},\"inLanguage\":\"es\",\"potentialAction\":[{\"@type\":\"ReadAction\",\"target\":[\"https:\\\/\\\/acuariosupremus.com\\\/?product=desnatador-de-superficie-de-agua-dymax\"]}]},{\"@type\":\"ImageObject\",\"inLanguage\":\"es\",\"@id\":\"https:\\\/\\\/acuariosupremus.com\\\/?product=desnatador-de-superficie-de-agua-dymax#primaryimage\",\"url\":\"https:\\\/\\\/acuariosupremus.com\\\/wp-content\\\/uploads\\\/2022\\\/05\\\/desnatador_regulable_dymax_02.jpg\",\"contentUrl\":\"https:\\\/\\\/acuariosupremus.com\\\/wp-content\\\/uploads\\\/2022\\\/05\\\/desnatador_regulable_dymax_02.jpg\",\"width\":1250,\"height\":1250},{\"@type\":\"BreadcrumbList\",\"@id\":\"https:\\\/\\\/acuariosupremus.com\\\/?product=desnatador-de-superficie-de-agua-dymax#breadcrumb\",\"itemListElement\":[{\"@type\":\"ListItem\",\"position\":1,\"name\":\"Portada\",\"item\":\"https:\\\/\\\/acuariosupremus.com\\\/\"},{\"@type\":\"ListItem\",\"position\":2,\"name\":\"Tienda\",\"item\":\"https:\\\/\\\/acuariosupremus.com\\\/tienda\\\/\"},{\"@type\":\"ListItem\",\"position\":3,\"name\":\"Desnatador de superficie de agua DYMAX\"}]},{\"@type\":\"WebSite\",\"@id\":\"https:\\\/\\\/acuariosupremus.com\\\/#website\",\"url\":\"https:\\\/\\\/acuariosupremus.com\\\/\",\"name\":\"Acuario Supremus\",\"description\":\"Peces, Peceras y Mascotas.\",\"publisher\":{\"@id\":\"https:\\\/\\\/acuariosupremus.com\\\/#organization\"},\"potentialAction\":[{\"@type\":\"SearchAction\",\"target\":{\"@type\":\"EntryPoint\",\"urlTemplate\":\"https:\\\/\\\/acuariosupremus.com\\\/?s={search_term_string}\"},\"query-input\":{\"@type\":\"PropertyValueSpecification\",\"valueRequired\":true,\"valueName\":\"search_term_string\"}}],\"inLanguage\":\"es\"},{\"@type\":\"Organization\",\"@id\":\"https:\\\/\\\/acuariosupremus.com\\\/#organization\",\"name\":\"Acuario Supremus\",\"url\":\"https:\\\/\\\/acuariosupremus.com\\\/\",\"logo\":{\"@type\":\"ImageObject\",\"inLanguage\":\"es\",\"@id\":\"https:\\\/\\\/acuariosupremus.com\\\/#\\\/schema\\\/logo\\\/image\\\/\",\"url\":\"https:\\\/\\\/acuariosupremus.com\\\/wp-content\\\/uploads\\\/2021\\\/12\\\/cropped-logo_acuario_supremus_fn-2.png\",\"contentUrl\":\"https:\\\/\\\/acuariosupremus.com\\\/wp-content\\\/uploads\\\/2021\\\/12\\\/cropped-logo_acuario_supremus_fn-2.png\",\"width\":1000,\"height\":318,\"caption\":\"Acuario Supremus\"},\"image\":{\"@id\":\"https:\\\/\\\/acuariosupremus.com\\\/#\\\/schema\\\/logo\\\/image\\\/\"},\"sameAs\":[\"https:\\\/\\\/www.facebook.com\\\/AcuarioSupremus\",\"https:\\\/\\\/x.com\\\/AcuarioSupremus\",\"https:\\\/\\\/www.instagram.com\\\/acuariosupremus\\\/?hl=es\"]}]}<\/script>\n<!-- \/ Yoast SEO plugin. -->","yoast_head_json":{"title":"Desnatador de superficie de agua DYMAX | Acuario Supremus","description":"Desnatador de superficie especial para acuarios plantados. Se conecta a un filtro de canasta o de cascada para aspirar el agua de la superficie del acuario.","robots":{"index":"index","follow":"follow","max-snippet":"max-snippet:-1","max-image-preview":"max-image-preview:large","max-video-preview":"max-video-preview:-1"},"canonical":"https:\/\/acuariosupremus.com\/?product=desnatador-de-superficie-de-agua-dymax","og_locale":"es_MX","og_type":"article","og_title":"Desnatador de superficie de agua DYMAX | Acuario Supremus","og_description":"Desnatador de superficie especial para acuarios plantados. Se conecta a un filtro de canasta o de cascada para aspirar el agua de la superficie del acuario.","og_url":"https:\/\/acuariosupremus.com\/?product=desnatador-de-superficie-de-agua-dymax","og_site_name":"Acuario Supremus","article_publisher":"https:\/\/www.facebook.com\/AcuarioSupremus","article_modified_time":"2026-01-01T21:57:53+00:00","og_image":[{"width":1250,"height":1250,"url":"https:\/\/acuariosupremus.com\/wp-content\/uploads\/2022\/05\/desnatador_regulable_dymax_02.jpg","type":"image\/jpeg"}],"twitter_card":"summary_large_image","twitter_site":"@AcuarioSupremus","twitter_misc":{"Tiempo de lectura":"1 minuto"},"schema":{"@context":"https:\/\/schema.org","@graph":[{"@type":"WebPage","@id":"https:\/\/acuariosupremus.com\/?product=desnatador-de-superficie-de-agua-dymax","url":"https:\/\/acuariosupremus.com\/?product=desnatador-de-superficie-de-agua-dymax","name":"Desnatador de superficie de agua DYMAX | Acuario Supremus","isPartOf":{"@id":"https:\/\/acuariosupremus.com\/#website"},"primaryImageOfPage":{"@id":"https:\/\/acuariosupremus.com\/?product=desnatador-de-superficie-de-agua-dymax#primaryimage"},"image":{"@id":"https:\/\/acuariosupremus.com\/?product=desnatador-de-superficie-de-agua-dymax#primaryimage"},"thumbnailUrl":"https:\/\/acuariosupremus.com\/wp-content\/uploads\/2022\/05\/desnatador_regulable_dymax_02.jpg","datePublished":"2022-05-21T21:57:11+00:00","dateModified":"2026-01-01T21:57:53+00:00","description":"Desnatador de superficie especial para acuarios plantados. Se conecta a un filtro de canasta o de cascada para aspirar el agua de la superficie del acuario.","breadcrumb":{"@id":"https:\/\/acuariosupremus.com\/?product=desnatador-de-superficie-de-agua-dymax#breadcrumb"},"inLanguage":"es","potentialAction":[{"@type":"ReadAction","target":["https:\/\/acuariosupremus.com\/?product=desnatador-de-superficie-de-agua-dymax"]}]},{"@type":"ImageObject","inLanguage":"es","@id":"https:\/\/acuariosupremus.com\/?product=desnatador-de-superficie-de-agua-dymax#primaryimage","url":"https:\/\/acuariosupremus.com\/wp-content\/uploads\/2022\/05\/desnatador_regulable_dymax_02.jpg","contentUrl":"https:\/\/acuariosupremus.com\/wp-content\/uploads\/2022\/05\/desnatador_regulable_dymax_02.jpg","width":1250,"height":1250},{"@type":"BreadcrumbList","@id":"https:\/\/acuariosupremus.com\/?product=desnatador-de-superficie-de-agua-dymax#breadcrumb","itemListElement":[{"@type":"ListItem","position":1,"name":"Portada","item":"https:\/\/acuariosupremus.com\/"},{"@type":"ListItem","position":2,"name":"Tienda","item":"https:\/\/acuariosupremus.com\/tienda\/"},{"@type":"ListItem","position":3,"name":"Desnatador de superficie de agua DYMAX"}]},{"@type":"WebSite","@id":"https:\/\/acuariosupremus.com\/#website","url":"https:\/\/acuariosupremus.com\/","name":"Acuario Supremus","description":"Peces, Peceras y Mascotas.","publisher":{"@id":"https:\/\/acuariosupremus.com\/#organization"},"potentialAction":[{"@type":"SearchAction","target":{"@type":"EntryPoint","urlTemplate":"https:\/\/acuariosupremus.com\/?s={search_term_string}"},"query-input":{"@type":"PropertyValueSpecification","valueRequired":true,"valueName":"search_term_string"}}],"inLanguage":"es"},{"@type":"Organization","@id":"https:\/\/acuariosupremus.com\/#organization","name":"Acuario Supremus","url":"https:\/\/acuariosupremus.com\/","logo":{"@type":"ImageObject","inLanguage":"es","@id":"https:\/\/acuariosupremus.com\/#\/schema\/logo\/image\/","url":"https:\/\/acuariosupremus.com\/wp-content\/uploads\/2021\/12\/cropped-logo_acuario_supremus_fn-2.png","contentUrl":"https:\/\/acuariosupremus.com\/wp-content\/uploads\/2021\/12\/cropped-logo_acuario_supremus_fn-2.png","width":1000,"height":318,"caption":"Acuario Supremus"},"image":{"@id":"https:\/\/acuariosupremus.com\/#\/schema\/logo\/image\/"},"sameAs":["https:\/\/www.facebook.com\/AcuarioSupremus","https:\/\/x.com\/AcuarioSupremus","https:\/\/www.instagram.com\/acuariosupremus\/?hl=es"]}]}},"jetpack_sharing_enabled":true,"_links":{"self":[{"href":"https:\/\/acuariosupremus.com\/index.php?rest_route=\/wp\/v2\/product\/10120","targetHints":{"allow":["GET"]}}],"collection":[{"href":"https:\/\/acuariosupremus.com\/index.php?rest_route=\/wp\/v2\/product"}],"about":[{"href":"https:\/\/acuariosupremus.com\/index.php?rest_route=\/wp\/v2\/types\/product"}],"wp:featuredmedia":[{"embeddable":true,"href":"https:\/\/acuariosupremus.com\/index.php?rest_route=\/wp\/v2\/media\/10122"}],"wp:attachment":[{"href":"https:\/\/acuariosupremus.com\/index.php?rest_route=%2Fwp%2Fv2%2Fmedia&parent=10120"}],"wp:term":[{"taxonomy":"product_brand","embeddable":true,"href":"https:\/\/acuariosupremus.com\/index.php?rest_route=%2Fwp%2Fv2%2Fproduct_brand&post=10120"},{"taxonomy":"product_cat","embeddable":true,"href":"https:\/\/acuariosupremus.com\/index.php?rest_route=%2Fwp%2Fv2%2Fproduct_cat&post=10120"},{"taxonomy":"product_tag","embeddable":true,"href":"https:\/\/acuariosupremus.com\/index.php?rest_route=%2Fwp%2Fv2%2Fproduct_tag&post=10120"}],"curies":[{"name":"wp","href":"https:\/\/api.w.org\/{rel}","templated":true}]}}