{"id":10126,"date":"2022-05-21T17:02:51","date_gmt":"2022-05-21T22:02:51","guid":{"rendered":"https:\/\/acuariosupremus.com\/?post_type=product&#038;p=10126"},"modified":"2026-01-01T15:58:17","modified_gmt":"2026-01-01T21:58:17","slug":"mini-espumador-para-pecera-dymax-iq","status":"publish","type":"product","link":"https:\/\/acuariosupremus.com\/?product=mini-espumador-para-pecera-dymax-iq","title":{"rendered":"Mini espumador para pecera DYMAX IQ."},"content":{"rendered":"<p>Este espumador es muy eficaz, ya que que produce una alta tasa de O2 disuelto, un excelente equilibrio del nivel de CO2, y una baja concentraci\u00f3n de sustancias org\u00e1nicas, previniendo la formaci\u00f3n de sustancias nitrogenadas y la acumulaci\u00f3n de residuos en el acuario. Aunque est\u00e1 espec\u00edficamente dise\u00f1ado para la serie de acuarios IQ5 e IQ7, su gran versatilidad y dise\u00f1o ultra-compacto apenas ocupa espacio en un acuario peque\u00f1o. Puede instalarlo f\u00e1cilmente, fij\u00e1ndolo al borde superior en la c\u00e1mara central del \u201cBack Filter\u201d en los acuarios IQ, o bien en el borde superior de las paredes en acuarios de hasta 50 litros de capacidad con su sistema de soporte adaptable.<\/p>\n<p>Compatibilidad con acuarios: iQ5, iQ7, GS-45, Inyecci\u00f3n de aire: Difusor de madera (tipo) Medidas del vaso:\u00a0 65 x 65 x 43 (l x a x h mm) Medidas del reactor: 35 x 35 x 230 (l x a x h mm) Peso: 130 (grs.) Peso con embalaje: 200 (grs.) Medidas con embalaje: 75 x 95 x 300 (mm).<\/p>\n","protected":false},"excerpt":{"rendered":"<p>El espumador de prote\u00ednas IQ Skimmer est\u00e1 especialmente dise\u00f1ado para los acuarios DYMAX IQ5 e IQ7. Este equipamiento hace posible la conversi\u00f3n a agua salada de estos modelos en menos de un minuto de instalaci\u00f3n. Con un mantenimiento adecuado, este eficiente espumador con difusor de madera le ayudar\u00e1 a obtener una calidad de agua similar a la alcanzada en los mejores acuarios de arrecife. Los difusores de madera de alta calidad pueden fraccionar las burbujas hasta di\u00e1metros muy peque\u00f1os, produciendo una alta densidad de ellas. De hecho, el tama\u00f1o y densidad de estas micro-burbujas todav\u00eda no ha sido superada por ning\u00fan sistema ventruy.<\/p>\n","protected":false},"featured_media":10129,"template":"","meta":[],"product_brand":[126],"product_cat":[40,49],"product_tag":[641],"class_list":{"0":"post-10126","1":"product","2":"type-product","3":"status-publish","4":"has-post-thumbnail","6":"product_brand-dymax","7":"product_cat-peces","8":"product_cat-espumadores-y-desnatadores","9":"product_tag-skimer-mini","11":"first","12":"instock","13":"sale","14":"shipping-taxable","15":"purchasable","16":"product-type-simple"},"yoast_head":"<!-- This site is optimized with the Yoast SEO plugin v27.4 - https:\/\/yoast.com\/product\/yoast-seo-wordpress\/ -->\n<title>Mini espumador para pecera DYMAX IQ. | Acuario Supremus<\/title>\n<meta name=\"description\" content=\"El espumador de prote\u00ednas IQ Skimmer est\u00e1 especialmente dise\u00f1ado para los acuarios DYMAX IQ5 e IQ7.\" \/>\n<meta name=\"robots\" content=\"index, follow, max-snippet:-1, max-image-preview:large, max-video-preview:-1\" \/>\n<link rel=\"canonical\" href=\"https:\/\/acuariosupremus.com\/?product=mini-espumador-para-pecera-dymax-iq\" \/>\n<meta property=\"og:locale\" content=\"es_MX\" \/>\n<meta property=\"og:type\" content=\"article\" \/>\n<meta property=\"og:title\" content=\"Mini espumador para pecera DYMAX IQ. | Acuario Supremus\" \/>\n<meta property=\"og:description\" content=\"El espumador de prote\u00ednas IQ Skimmer est\u00e1 especialmente dise\u00f1ado para los acuarios DYMAX IQ5 e IQ7.\" \/>\n<meta property=\"og:url\" content=\"https:\/\/acuariosupremus.com\/?product=mini-espumador-para-pecera-dymax-iq\" \/>\n<meta property=\"og:site_name\" content=\"Acuario Supremus\" \/>\n<meta property=\"article:publisher\" content=\"https:\/\/www.facebook.com\/AcuarioSupremus\" \/>\n<meta property=\"article:modified_time\" content=\"2026-01-01T21:58:17+00:00\" \/>\n<meta property=\"og:image\" content=\"https:\/\/acuariosupremus.com\/wp-content\/uploads\/2022\/05\/dymax_iq_skimmer_03.jpg\" \/>\n\t<meta property=\"og:image:width\" content=\"1250\" \/>\n\t<meta property=\"og:image:height\" content=\"1250\" \/>\n\t<meta property=\"og:image:type\" content=\"image\/jpeg\" \/>\n<meta name=\"twitter:card\" content=\"summary_large_image\" \/>\n<meta name=\"twitter:site\" content=\"@AcuarioSupremus\" \/>\n<meta name=\"twitter:label1\" content=\"Tiempo de lectura\" \/>\n\t<meta name=\"twitter:data1\" content=\"1 minuto\" \/>\n<script type=\"application\/ld+json\" class=\"yoast-schema-graph\">{\"@context\":\"https:\\\/\\\/schema.org\",\"@graph\":[{\"@type\":\"WebPage\",\"@id\":\"https:\\\/\\\/acuariosupremus.com\\\/?product=mini-espumador-para-pecera-dymax-iq\",\"url\":\"https:\\\/\\\/acuariosupremus.com\\\/?product=mini-espumador-para-pecera-dymax-iq\",\"name\":\"Mini espumador para pecera DYMAX IQ. | Acuario Supremus\",\"isPartOf\":{\"@id\":\"https:\\\/\\\/acuariosupremus.com\\\/#website\"},\"primaryImageOfPage\":{\"@id\":\"https:\\\/\\\/acuariosupremus.com\\\/?product=mini-espumador-para-pecera-dymax-iq#primaryimage\"},\"image\":{\"@id\":\"https:\\\/\\\/acuariosupremus.com\\\/?product=mini-espumador-para-pecera-dymax-iq#primaryimage\"},\"thumbnailUrl\":\"https:\\\/\\\/acuariosupremus.com\\\/wp-content\\\/uploads\\\/2022\\\/05\\\/dymax_iq_skimmer_03.jpg\",\"datePublished\":\"2022-05-21T22:02:51+00:00\",\"dateModified\":\"2026-01-01T21:58:17+00:00\",\"description\":\"El espumador de prote\u00ednas IQ Skimmer est\u00e1 especialmente dise\u00f1ado para los acuarios DYMAX IQ5 e IQ7.\",\"breadcrumb\":{\"@id\":\"https:\\\/\\\/acuariosupremus.com\\\/?product=mini-espumador-para-pecera-dymax-iq#breadcrumb\"},\"inLanguage\":\"es\",\"potentialAction\":[{\"@type\":\"ReadAction\",\"target\":[\"https:\\\/\\\/acuariosupremus.com\\\/?product=mini-espumador-para-pecera-dymax-iq\"]}]},{\"@type\":\"ImageObject\",\"inLanguage\":\"es\",\"@id\":\"https:\\\/\\\/acuariosupremus.com\\\/?product=mini-espumador-para-pecera-dymax-iq#primaryimage\",\"url\":\"https:\\\/\\\/acuariosupremus.com\\\/wp-content\\\/uploads\\\/2022\\\/05\\\/dymax_iq_skimmer_03.jpg\",\"contentUrl\":\"https:\\\/\\\/acuariosupremus.com\\\/wp-content\\\/uploads\\\/2022\\\/05\\\/dymax_iq_skimmer_03.jpg\",\"width\":1250,\"height\":1250},{\"@type\":\"BreadcrumbList\",\"@id\":\"https:\\\/\\\/acuariosupremus.com\\\/?product=mini-espumador-para-pecera-dymax-iq#breadcrumb\",\"itemListElement\":[{\"@type\":\"ListItem\",\"position\":1,\"name\":\"Portada\",\"item\":\"https:\\\/\\\/acuariosupremus.com\\\/\"},{\"@type\":\"ListItem\",\"position\":2,\"name\":\"Tienda\",\"item\":\"https:\\\/\\\/acuariosupremus.com\\\/tienda\\\/\"},{\"@type\":\"ListItem\",\"position\":3,\"name\":\"Mini espumador para pecera DYMAX IQ.\"}]},{\"@type\":\"WebSite\",\"@id\":\"https:\\\/\\\/acuariosupremus.com\\\/#website\",\"url\":\"https:\\\/\\\/acuariosupremus.com\\\/\",\"name\":\"Acuario Supremus\",\"description\":\"Peces, Peceras y Mascotas.\",\"publisher\":{\"@id\":\"https:\\\/\\\/acuariosupremus.com\\\/#organization\"},\"potentialAction\":[{\"@type\":\"SearchAction\",\"target\":{\"@type\":\"EntryPoint\",\"urlTemplate\":\"https:\\\/\\\/acuariosupremus.com\\\/?s={search_term_string}\"},\"query-input\":{\"@type\":\"PropertyValueSpecification\",\"valueRequired\":true,\"valueName\":\"search_term_string\"}}],\"inLanguage\":\"es\"},{\"@type\":\"Organization\",\"@id\":\"https:\\\/\\\/acuariosupremus.com\\\/#organization\",\"name\":\"Acuario Supremus\",\"url\":\"https:\\\/\\\/acuariosupremus.com\\\/\",\"logo\":{\"@type\":\"ImageObject\",\"inLanguage\":\"es\",\"@id\":\"https:\\\/\\\/acuariosupremus.com\\\/#\\\/schema\\\/logo\\\/image\\\/\",\"url\":\"https:\\\/\\\/acuariosupremus.com\\\/wp-content\\\/uploads\\\/2021\\\/12\\\/cropped-logo_acuario_supremus_fn-2.png\",\"contentUrl\":\"https:\\\/\\\/acuariosupremus.com\\\/wp-content\\\/uploads\\\/2021\\\/12\\\/cropped-logo_acuario_supremus_fn-2.png\",\"width\":1000,\"height\":318,\"caption\":\"Acuario Supremus\"},\"image\":{\"@id\":\"https:\\\/\\\/acuariosupremus.com\\\/#\\\/schema\\\/logo\\\/image\\\/\"},\"sameAs\":[\"https:\\\/\\\/www.facebook.com\\\/AcuarioSupremus\",\"https:\\\/\\\/x.com\\\/AcuarioSupremus\",\"https:\\\/\\\/www.instagram.com\\\/acuariosupremus\\\/?hl=es\"]}]}<\/script>\n<!-- \/ Yoast SEO plugin. -->","yoast_head_json":{"title":"Mini espumador para pecera DYMAX IQ. | Acuario Supremus","description":"El espumador de prote\u00ednas IQ Skimmer est\u00e1 especialmente dise\u00f1ado para los acuarios DYMAX IQ5 e IQ7.","robots":{"index":"index","follow":"follow","max-snippet":"max-snippet:-1","max-image-preview":"max-image-preview:large","max-video-preview":"max-video-preview:-1"},"canonical":"https:\/\/acuariosupremus.com\/?product=mini-espumador-para-pecera-dymax-iq","og_locale":"es_MX","og_type":"article","og_title":"Mini espumador para pecera DYMAX IQ. | Acuario Supremus","og_description":"El espumador de prote\u00ednas IQ Skimmer est\u00e1 especialmente dise\u00f1ado para los acuarios DYMAX IQ5 e IQ7.","og_url":"https:\/\/acuariosupremus.com\/?product=mini-espumador-para-pecera-dymax-iq","og_site_name":"Acuario Supremus","article_publisher":"https:\/\/www.facebook.com\/AcuarioSupremus","article_modified_time":"2026-01-01T21:58:17+00:00","og_image":[{"width":1250,"height":1250,"url":"https:\/\/acuariosupremus.com\/wp-content\/uploads\/2022\/05\/dymax_iq_skimmer_03.jpg","type":"image\/jpeg"}],"twitter_card":"summary_large_image","twitter_site":"@AcuarioSupremus","twitter_misc":{"Tiempo de lectura":"1 minuto"},"schema":{"@context":"https:\/\/schema.org","@graph":[{"@type":"WebPage","@id":"https:\/\/acuariosupremus.com\/?product=mini-espumador-para-pecera-dymax-iq","url":"https:\/\/acuariosupremus.com\/?product=mini-espumador-para-pecera-dymax-iq","name":"Mini espumador para pecera DYMAX IQ. | Acuario Supremus","isPartOf":{"@id":"https:\/\/acuariosupremus.com\/#website"},"primaryImageOfPage":{"@id":"https:\/\/acuariosupremus.com\/?product=mini-espumador-para-pecera-dymax-iq#primaryimage"},"image":{"@id":"https:\/\/acuariosupremus.com\/?product=mini-espumador-para-pecera-dymax-iq#primaryimage"},"thumbnailUrl":"https:\/\/acuariosupremus.com\/wp-content\/uploads\/2022\/05\/dymax_iq_skimmer_03.jpg","datePublished":"2022-05-21T22:02:51+00:00","dateModified":"2026-01-01T21:58:17+00:00","description":"El espumador de prote\u00ednas IQ Skimmer est\u00e1 especialmente dise\u00f1ado para los acuarios DYMAX IQ5 e IQ7.","breadcrumb":{"@id":"https:\/\/acuariosupremus.com\/?product=mini-espumador-para-pecera-dymax-iq#breadcrumb"},"inLanguage":"es","potentialAction":[{"@type":"ReadAction","target":["https:\/\/acuariosupremus.com\/?product=mini-espumador-para-pecera-dymax-iq"]}]},{"@type":"ImageObject","inLanguage":"es","@id":"https:\/\/acuariosupremus.com\/?product=mini-espumador-para-pecera-dymax-iq#primaryimage","url":"https:\/\/acuariosupremus.com\/wp-content\/uploads\/2022\/05\/dymax_iq_skimmer_03.jpg","contentUrl":"https:\/\/acuariosupremus.com\/wp-content\/uploads\/2022\/05\/dymax_iq_skimmer_03.jpg","width":1250,"height":1250},{"@type":"BreadcrumbList","@id":"https:\/\/acuariosupremus.com\/?product=mini-espumador-para-pecera-dymax-iq#breadcrumb","itemListElement":[{"@type":"ListItem","position":1,"name":"Portada","item":"https:\/\/acuariosupremus.com\/"},{"@type":"ListItem","position":2,"name":"Tienda","item":"https:\/\/acuariosupremus.com\/tienda\/"},{"@type":"ListItem","position":3,"name":"Mini espumador para pecera DYMAX IQ."}]},{"@type":"WebSite","@id":"https:\/\/acuariosupremus.com\/#website","url":"https:\/\/acuariosupremus.com\/","name":"Acuario Supremus","description":"Peces, Peceras y Mascotas.","publisher":{"@id":"https:\/\/acuariosupremus.com\/#organization"},"potentialAction":[{"@type":"SearchAction","target":{"@type":"EntryPoint","urlTemplate":"https:\/\/acuariosupremus.com\/?s={search_term_string}"},"query-input":{"@type":"PropertyValueSpecification","valueRequired":true,"valueName":"search_term_string"}}],"inLanguage":"es"},{"@type":"Organization","@id":"https:\/\/acuariosupremus.com\/#organization","name":"Acuario Supremus","url":"https:\/\/acuariosupremus.com\/","logo":{"@type":"ImageObject","inLanguage":"es","@id":"https:\/\/acuariosupremus.com\/#\/schema\/logo\/image\/","url":"https:\/\/acuariosupremus.com\/wp-content\/uploads\/2021\/12\/cropped-logo_acuario_supremus_fn-2.png","contentUrl":"https:\/\/acuariosupremus.com\/wp-content\/uploads\/2021\/12\/cropped-logo_acuario_supremus_fn-2.png","width":1000,"height":318,"caption":"Acuario Supremus"},"image":{"@id":"https:\/\/acuariosupremus.com\/#\/schema\/logo\/image\/"},"sameAs":["https:\/\/www.facebook.com\/AcuarioSupremus","https:\/\/x.com\/AcuarioSupremus","https:\/\/www.instagram.com\/acuariosupremus\/?hl=es"]}]}},"jetpack_sharing_enabled":true,"_links":{"self":[{"href":"https:\/\/acuariosupremus.com\/index.php?rest_route=\/wp\/v2\/product\/10126","targetHints":{"allow":["GET"]}}],"collection":[{"href":"https:\/\/acuariosupremus.com\/index.php?rest_route=\/wp\/v2\/product"}],"about":[{"href":"https:\/\/acuariosupremus.com\/index.php?rest_route=\/wp\/v2\/types\/product"}],"wp:featuredmedia":[{"embeddable":true,"href":"https:\/\/acuariosupremus.com\/index.php?rest_route=\/wp\/v2\/media\/10129"}],"wp:attachment":[{"href":"https:\/\/acuariosupremus.com\/index.php?rest_route=%2Fwp%2Fv2%2Fmedia&parent=10126"}],"wp:term":[{"taxonomy":"product_brand","embeddable":true,"href":"https:\/\/acuariosupremus.com\/index.php?rest_route=%2Fwp%2Fv2%2Fproduct_brand&post=10126"},{"taxonomy":"product_cat","embeddable":true,"href":"https:\/\/acuariosupremus.com\/index.php?rest_route=%2Fwp%2Fv2%2Fproduct_cat&post=10126"},{"taxonomy":"product_tag","embeddable":true,"href":"https:\/\/acuariosupremus.com\/index.php?rest_route=%2Fwp%2Fv2%2Fproduct_tag&post=10126"}],"curies":[{"name":"wp","href":"https:\/\/api.w.org\/{rel}","templated":true}]}}