{"id":10144,"date":"2022-05-21T19:07:03","date_gmt":"2022-05-22T00:07:03","guid":{"rendered":"https:\/\/acuariosupremus.com\/?post_type=product&#038;p=10144"},"modified":"2026-01-01T15:59:17","modified_gmt":"2026-01-01T21:59:17","slug":"espumador-dymax-is60-para-1000-a-1300-l","status":"publish","type":"product","link":"https:\/\/acuariosupremus.com\/?product=espumador-dymax-is60-para-1000-a-1300-l","title":{"rendered":"Espumador DYMAX  IS60, para 1000 a 1300 L."},"content":{"rendered":"<p>Este dise\u00f1o aporta ventajas como la protecci\u00f3n de los organismos s\u00e9siles del acuario contra accidentes, al tiempo que evita la obstrucci\u00f3n de su coladera y garantiza una larga vida \u00fatil en su rotor especial. Estos espumadores tienen una configuraci\u00f3n que combina un flujo a contra-corriente con una bomba con Venturi previo a un rotor centr\u00edfugo y dentado. Su bomba especial impulsa una mezcla de agua y burbujas atomizadas directamente sobre su reactor. La salida de la bomba se halla dentro de un tramo de ducto conc\u00e9ntrico que separa el flujo ascendente del flujo descendente en la c\u00e1mara de reacci\u00f3n, y la salida de la mezcla de agua y micro-burbujas est\u00e1 orientada de forma tangencial a 45\u00b0, para provocar un flujo espiral. reacci\u00f3n.<\/p>\n<p>Corriente: 127V\/60Hz (V\/HZ) Consumo: 25 (W\/h) Protecci\u00f3n al agua: IPX68\u00a0 Long. Cable:190 (cm) Tipo de enchufe: \u201cA\u201d 2 pines Peso: 2,165 (grs.) Dimensiones: 120 X 120 x 615 ( l x a x h, mm) Peso c. embalaje: 2,670 (grs.) Dim. embalaje: 165 x 180 x 640 (l x a x h, mm), Agua salada: 1,000-1,300 (L) Caudal aprox: 1,200 (l\/h) Bomba (modelo):PH 1200B\u00a0 Conexi\u00f3n entrada: \u00bd\u201d (\u00d8) Sistema de rotor: Dentado.<\/p>\n","protected":false},"excerpt":{"rendered":"<p>Alta Tecnolog\u00eda y gran rendimiento.<br \/>\nLos espumadores DYMAX de la serie IS aportan un sistema de espumaci\u00f3n dise\u00f1ado para funcionar sumergido en el agua, pudiendo integrarse perfectamente en el sistema de filtraci\u00f3n de un sumidero, o instalarlo dentro del mismo acuario sobre un apoyo. Su bomba ventury est\u00e1 ubicada en la base de la c\u00e1mara de reacci\u00f3n protegida bajo una carcasa integrada.<\/p>\n","protected":false},"featured_media":10145,"template":"","meta":[],"product_brand":[126],"product_cat":[40,49],"product_tag":[176],"class_list":{"0":"post-10144","1":"product","2":"type-product","3":"status-publish","4":"has-post-thumbnail","6":"product_brand-dymax","7":"product_cat-peces","8":"product_cat-espumadores-y-desnatadores","9":"product_tag-skimmer","11":"first","12":"instock","13":"sale","14":"shipping-taxable","15":"purchasable","16":"product-type-simple"},"yoast_head":"<!-- This site is optimized with the Yoast SEO plugin v27.4 - https:\/\/yoast.com\/product\/yoast-seo-wordpress\/ -->\n<title>Espumador DYMAX IS60, para 1000 a 1300 L. | Acuario Supremus<\/title>\n<meta name=\"description\" content=\"Los espumadores DYMAX de la serie IS aportan un sistema de espumaci\u00f3n dise\u00f1ado para funcionar sumergido en el agua.\" \/>\n<meta name=\"robots\" content=\"index, follow, max-snippet:-1, max-image-preview:large, max-video-preview:-1\" \/>\n<link rel=\"canonical\" href=\"https:\/\/acuariosupremus.com\/?product=espumador-dymax-is60-para-1000-a-1300-l\" \/>\n<meta property=\"og:locale\" content=\"es_MX\" \/>\n<meta property=\"og:type\" content=\"article\" \/>\n<meta property=\"og:title\" content=\"Espumador DYMAX IS60, para 1000 a 1300 L. | Acuario Supremus\" \/>\n<meta property=\"og:description\" content=\"Los espumadores DYMAX de la serie IS aportan un sistema de espumaci\u00f3n dise\u00f1ado para funcionar sumergido en el agua.\" \/>\n<meta property=\"og:url\" content=\"https:\/\/acuariosupremus.com\/?product=espumador-dymax-is60-para-1000-a-1300-l\" \/>\n<meta property=\"og:site_name\" content=\"Acuario Supremus\" \/>\n<meta property=\"article:publisher\" content=\"https:\/\/www.facebook.com\/AcuarioSupremus\" \/>\n<meta property=\"article:modified_time\" content=\"2026-01-01T21:59:17+00:00\" \/>\n<meta property=\"og:image\" content=\"https:\/\/acuariosupremus.com\/wp-content\/uploads\/2022\/05\/espumador_dymax_is_01-1.jpg\" \/>\n\t<meta property=\"og:image:width\" content=\"896\" \/>\n\t<meta property=\"og:image:height\" content=\"1093\" \/>\n\t<meta property=\"og:image:type\" content=\"image\/jpeg\" \/>\n<meta name=\"twitter:card\" content=\"summary_large_image\" \/>\n<meta name=\"twitter:site\" content=\"@AcuarioSupremus\" \/>\n<meta name=\"twitter:label1\" content=\"Tiempo de lectura\" \/>\n\t<meta name=\"twitter:data1\" content=\"1 minuto\" \/>\n<script type=\"application\/ld+json\" class=\"yoast-schema-graph\">{\"@context\":\"https:\\\/\\\/schema.org\",\"@graph\":[{\"@type\":\"WebPage\",\"@id\":\"https:\\\/\\\/acuariosupremus.com\\\/?product=espumador-dymax-is60-para-1000-a-1300-l\",\"url\":\"https:\\\/\\\/acuariosupremus.com\\\/?product=espumador-dymax-is60-para-1000-a-1300-l\",\"name\":\"Espumador DYMAX IS60, para 1000 a 1300 L. | Acuario Supremus\",\"isPartOf\":{\"@id\":\"https:\\\/\\\/acuariosupremus.com\\\/#website\"},\"primaryImageOfPage\":{\"@id\":\"https:\\\/\\\/acuariosupremus.com\\\/?product=espumador-dymax-is60-para-1000-a-1300-l#primaryimage\"},\"image\":{\"@id\":\"https:\\\/\\\/acuariosupremus.com\\\/?product=espumador-dymax-is60-para-1000-a-1300-l#primaryimage\"},\"thumbnailUrl\":\"https:\\\/\\\/acuariosupremus.com\\\/wp-content\\\/uploads\\\/2022\\\/05\\\/espumador_dymax_is_01-1.jpg\",\"datePublished\":\"2022-05-22T00:07:03+00:00\",\"dateModified\":\"2026-01-01T21:59:17+00:00\",\"description\":\"Los espumadores DYMAX de la serie IS aportan un sistema de espumaci\u00f3n dise\u00f1ado para funcionar sumergido en el agua.\",\"breadcrumb\":{\"@id\":\"https:\\\/\\\/acuariosupremus.com\\\/?product=espumador-dymax-is60-para-1000-a-1300-l#breadcrumb\"},\"inLanguage\":\"es\",\"potentialAction\":[{\"@type\":\"ReadAction\",\"target\":[\"https:\\\/\\\/acuariosupremus.com\\\/?product=espumador-dymax-is60-para-1000-a-1300-l\"]}]},{\"@type\":\"ImageObject\",\"inLanguage\":\"es\",\"@id\":\"https:\\\/\\\/acuariosupremus.com\\\/?product=espumador-dymax-is60-para-1000-a-1300-l#primaryimage\",\"url\":\"https:\\\/\\\/acuariosupremus.com\\\/wp-content\\\/uploads\\\/2022\\\/05\\\/espumador_dymax_is_01-1.jpg\",\"contentUrl\":\"https:\\\/\\\/acuariosupremus.com\\\/wp-content\\\/uploads\\\/2022\\\/05\\\/espumador_dymax_is_01-1.jpg\",\"width\":896,\"height\":1093},{\"@type\":\"BreadcrumbList\",\"@id\":\"https:\\\/\\\/acuariosupremus.com\\\/?product=espumador-dymax-is60-para-1000-a-1300-l#breadcrumb\",\"itemListElement\":[{\"@type\":\"ListItem\",\"position\":1,\"name\":\"Portada\",\"item\":\"https:\\\/\\\/acuariosupremus.com\\\/\"},{\"@type\":\"ListItem\",\"position\":2,\"name\":\"Tienda\",\"item\":\"https:\\\/\\\/acuariosupremus.com\\\/tienda\\\/\"},{\"@type\":\"ListItem\",\"position\":3,\"name\":\"Espumador DYMAX IS60, para 1000 a 1300 L.\"}]},{\"@type\":\"WebSite\",\"@id\":\"https:\\\/\\\/acuariosupremus.com\\\/#website\",\"url\":\"https:\\\/\\\/acuariosupremus.com\\\/\",\"name\":\"Acuario Supremus\",\"description\":\"Peces, Peceras y Mascotas.\",\"publisher\":{\"@id\":\"https:\\\/\\\/acuariosupremus.com\\\/#organization\"},\"potentialAction\":[{\"@type\":\"SearchAction\",\"target\":{\"@type\":\"EntryPoint\",\"urlTemplate\":\"https:\\\/\\\/acuariosupremus.com\\\/?s={search_term_string}\"},\"query-input\":{\"@type\":\"PropertyValueSpecification\",\"valueRequired\":true,\"valueName\":\"search_term_string\"}}],\"inLanguage\":\"es\"},{\"@type\":\"Organization\",\"@id\":\"https:\\\/\\\/acuariosupremus.com\\\/#organization\",\"name\":\"Acuario Supremus\",\"url\":\"https:\\\/\\\/acuariosupremus.com\\\/\",\"logo\":{\"@type\":\"ImageObject\",\"inLanguage\":\"es\",\"@id\":\"https:\\\/\\\/acuariosupremus.com\\\/#\\\/schema\\\/logo\\\/image\\\/\",\"url\":\"https:\\\/\\\/acuariosupremus.com\\\/wp-content\\\/uploads\\\/2021\\\/12\\\/cropped-logo_acuario_supremus_fn-2.png\",\"contentUrl\":\"https:\\\/\\\/acuariosupremus.com\\\/wp-content\\\/uploads\\\/2021\\\/12\\\/cropped-logo_acuario_supremus_fn-2.png\",\"width\":1000,\"height\":318,\"caption\":\"Acuario Supremus\"},\"image\":{\"@id\":\"https:\\\/\\\/acuariosupremus.com\\\/#\\\/schema\\\/logo\\\/image\\\/\"},\"sameAs\":[\"https:\\\/\\\/www.facebook.com\\\/AcuarioSupremus\",\"https:\\\/\\\/x.com\\\/AcuarioSupremus\",\"https:\\\/\\\/www.instagram.com\\\/acuariosupremus\\\/?hl=es\"]}]}<\/script>\n<!-- \/ Yoast SEO plugin. -->","yoast_head_json":{"title":"Espumador DYMAX IS60, para 1000 a 1300 L. | Acuario Supremus","description":"Los espumadores DYMAX de la serie IS aportan un sistema de espumaci\u00f3n dise\u00f1ado para funcionar sumergido en el agua.","robots":{"index":"index","follow":"follow","max-snippet":"max-snippet:-1","max-image-preview":"max-image-preview:large","max-video-preview":"max-video-preview:-1"},"canonical":"https:\/\/acuariosupremus.com\/?product=espumador-dymax-is60-para-1000-a-1300-l","og_locale":"es_MX","og_type":"article","og_title":"Espumador DYMAX IS60, para 1000 a 1300 L. | Acuario Supremus","og_description":"Los espumadores DYMAX de la serie IS aportan un sistema de espumaci\u00f3n dise\u00f1ado para funcionar sumergido en el agua.","og_url":"https:\/\/acuariosupremus.com\/?product=espumador-dymax-is60-para-1000-a-1300-l","og_site_name":"Acuario Supremus","article_publisher":"https:\/\/www.facebook.com\/AcuarioSupremus","article_modified_time":"2026-01-01T21:59:17+00:00","og_image":[{"width":896,"height":1093,"url":"https:\/\/acuariosupremus.com\/wp-content\/uploads\/2022\/05\/espumador_dymax_is_01-1.jpg","type":"image\/jpeg"}],"twitter_card":"summary_large_image","twitter_site":"@AcuarioSupremus","twitter_misc":{"Tiempo de lectura":"1 minuto"},"schema":{"@context":"https:\/\/schema.org","@graph":[{"@type":"WebPage","@id":"https:\/\/acuariosupremus.com\/?product=espumador-dymax-is60-para-1000-a-1300-l","url":"https:\/\/acuariosupremus.com\/?product=espumador-dymax-is60-para-1000-a-1300-l","name":"Espumador DYMAX IS60, para 1000 a 1300 L. | Acuario Supremus","isPartOf":{"@id":"https:\/\/acuariosupremus.com\/#website"},"primaryImageOfPage":{"@id":"https:\/\/acuariosupremus.com\/?product=espumador-dymax-is60-para-1000-a-1300-l#primaryimage"},"image":{"@id":"https:\/\/acuariosupremus.com\/?product=espumador-dymax-is60-para-1000-a-1300-l#primaryimage"},"thumbnailUrl":"https:\/\/acuariosupremus.com\/wp-content\/uploads\/2022\/05\/espumador_dymax_is_01-1.jpg","datePublished":"2022-05-22T00:07:03+00:00","dateModified":"2026-01-01T21:59:17+00:00","description":"Los espumadores DYMAX de la serie IS aportan un sistema de espumaci\u00f3n dise\u00f1ado para funcionar sumergido en el agua.","breadcrumb":{"@id":"https:\/\/acuariosupremus.com\/?product=espumador-dymax-is60-para-1000-a-1300-l#breadcrumb"},"inLanguage":"es","potentialAction":[{"@type":"ReadAction","target":["https:\/\/acuariosupremus.com\/?product=espumador-dymax-is60-para-1000-a-1300-l"]}]},{"@type":"ImageObject","inLanguage":"es","@id":"https:\/\/acuariosupremus.com\/?product=espumador-dymax-is60-para-1000-a-1300-l#primaryimage","url":"https:\/\/acuariosupremus.com\/wp-content\/uploads\/2022\/05\/espumador_dymax_is_01-1.jpg","contentUrl":"https:\/\/acuariosupremus.com\/wp-content\/uploads\/2022\/05\/espumador_dymax_is_01-1.jpg","width":896,"height":1093},{"@type":"BreadcrumbList","@id":"https:\/\/acuariosupremus.com\/?product=espumador-dymax-is60-para-1000-a-1300-l#breadcrumb","itemListElement":[{"@type":"ListItem","position":1,"name":"Portada","item":"https:\/\/acuariosupremus.com\/"},{"@type":"ListItem","position":2,"name":"Tienda","item":"https:\/\/acuariosupremus.com\/tienda\/"},{"@type":"ListItem","position":3,"name":"Espumador DYMAX IS60, para 1000 a 1300 L."}]},{"@type":"WebSite","@id":"https:\/\/acuariosupremus.com\/#website","url":"https:\/\/acuariosupremus.com\/","name":"Acuario Supremus","description":"Peces, Peceras y Mascotas.","publisher":{"@id":"https:\/\/acuariosupremus.com\/#organization"},"potentialAction":[{"@type":"SearchAction","target":{"@type":"EntryPoint","urlTemplate":"https:\/\/acuariosupremus.com\/?s={search_term_string}"},"query-input":{"@type":"PropertyValueSpecification","valueRequired":true,"valueName":"search_term_string"}}],"inLanguage":"es"},{"@type":"Organization","@id":"https:\/\/acuariosupremus.com\/#organization","name":"Acuario Supremus","url":"https:\/\/acuariosupremus.com\/","logo":{"@type":"ImageObject","inLanguage":"es","@id":"https:\/\/acuariosupremus.com\/#\/schema\/logo\/image\/","url":"https:\/\/acuariosupremus.com\/wp-content\/uploads\/2021\/12\/cropped-logo_acuario_supremus_fn-2.png","contentUrl":"https:\/\/acuariosupremus.com\/wp-content\/uploads\/2021\/12\/cropped-logo_acuario_supremus_fn-2.png","width":1000,"height":318,"caption":"Acuario Supremus"},"image":{"@id":"https:\/\/acuariosupremus.com\/#\/schema\/logo\/image\/"},"sameAs":["https:\/\/www.facebook.com\/AcuarioSupremus","https:\/\/x.com\/AcuarioSupremus","https:\/\/www.instagram.com\/acuariosupremus\/?hl=es"]}]}},"jetpack_sharing_enabled":true,"_links":{"self":[{"href":"https:\/\/acuariosupremus.com\/index.php?rest_route=\/wp\/v2\/product\/10144","targetHints":{"allow":["GET"]}}],"collection":[{"href":"https:\/\/acuariosupremus.com\/index.php?rest_route=\/wp\/v2\/product"}],"about":[{"href":"https:\/\/acuariosupremus.com\/index.php?rest_route=\/wp\/v2\/types\/product"}],"wp:featuredmedia":[{"embeddable":true,"href":"https:\/\/acuariosupremus.com\/index.php?rest_route=\/wp\/v2\/media\/10145"}],"wp:attachment":[{"href":"https:\/\/acuariosupremus.com\/index.php?rest_route=%2Fwp%2Fv2%2Fmedia&parent=10144"}],"wp:term":[{"taxonomy":"product_brand","embeddable":true,"href":"https:\/\/acuariosupremus.com\/index.php?rest_route=%2Fwp%2Fv2%2Fproduct_brand&post=10144"},{"taxonomy":"product_cat","embeddable":true,"href":"https:\/\/acuariosupremus.com\/index.php?rest_route=%2Fwp%2Fv2%2Fproduct_cat&post=10144"},{"taxonomy":"product_tag","embeddable":true,"href":"https:\/\/acuariosupremus.com\/index.php?rest_route=%2Fwp%2Fv2%2Fproduct_tag&post=10144"}],"curies":[{"name":"wp","href":"https:\/\/api.w.org\/{rel}","templated":true}]}}