{"id":10164,"date":"2022-05-21T19:46:01","date_gmt":"2022-05-22T00:46:01","guid":{"rendered":"https:\/\/acuariosupremus.com\/?post_type=product&#038;p=10164"},"modified":"2026-01-01T16:00:31","modified_gmt":"2026-01-01T22:00:31","slug":"reductor-de-burbujas-para-espumadores-dymax","status":"publish","type":"product","link":"https:\/\/acuariosupremus.com\/?product=reductor-de-burbujas-para-espumadores-dymax","title":{"rendered":"Reductor de burbujas para espumadores DYMAX."},"content":{"rendered":"<p>Las propiedades de la fibra de esta bolsa hacen posible el paso de un alto caudal con una baja retenci\u00f3n para no alterar la regulaci\u00f3n del espumador, y gracias a su fina y abundante porosidad es capaz de retener part\u00edculas de peque\u00f1o tama\u00f1o, ayudando a obtener una total transparencia en su acuario. Posee un sencillo sistema de apriete al tubo mediante una cuerda de salida muy f\u00e1cil de usar. Este sistema evita que las burbujas escapen de la bolsa y facilita su desinstalaci\u00f3n para realizar las labores de mantenimiento.<\/p>\n<p>Caudal m\u00e1ximo: 1,200-1,500 (L\/h) Peso: 20 (grs.) Dimensiones: 90 x 225 ( \u00d8 x h, mm) Peso c. embalaje: 40 (grs.) Dim. embalaje: 88 x 40 x 130 (l x a x h, mm).<\/p>\n","protected":false},"excerpt":{"rendered":"<p>La soluci\u00f3n perfecta para las molestas burbujas en los espumadores.<br \/>\nBolsa elaborada en fibra textil dise\u00f1ada para la retenci\u00f3n de las burbujas que pueden salir de los espumadores de prote\u00ednas. Al colocar esta bolsa en la salida de un espumador se logra retener m\u00e1s del 90% de las burbujas, que debido a su baja flotabilidad logran salir del espumador hacia el acuario. Aunque es un equipamiento ideado para los espumadores de prote\u00ednas de la marca DYMAX, puede ser usado en cualquier espumador con un caudal aproximado de hasta 1,500 litros por hora.<\/p>\n","protected":false},"featured_media":10155,"template":"","meta":[],"product_brand":[126],"product_cat":[40,49],"product_tag":[176],"class_list":{"0":"post-10164","1":"product","2":"type-product","3":"status-publish","4":"has-post-thumbnail","6":"product_brand-dymax","7":"product_cat-peces","8":"product_cat-espumadores-y-desnatadores","9":"product_tag-skimmer","11":"first","12":"instock","13":"sale","14":"shipping-taxable","15":"purchasable","16":"product-type-simple"},"yoast_head":"<!-- This site is optimized with the Yoast SEO plugin v27.4 - https:\/\/yoast.com\/product\/yoast-seo-wordpress\/ -->\n<title>Reductor de burbujas para espumadores DYMAX. | Acuario Supremus<\/title>\n<meta name=\"description\" content=\"Bolsa elaborada en fibra textil dise\u00f1ada para la retenci\u00f3n de las burbujas que pueden salir de los espumadores de prote\u00ednas.\" \/>\n<meta name=\"robots\" content=\"index, follow, max-snippet:-1, max-image-preview:large, max-video-preview:-1\" \/>\n<link rel=\"canonical\" href=\"https:\/\/acuariosupremus.com\/?product=reductor-de-burbujas-para-espumadores-dymax\" \/>\n<meta property=\"og:locale\" content=\"es_MX\" \/>\n<meta property=\"og:type\" content=\"article\" \/>\n<meta property=\"og:title\" content=\"Reductor de burbujas para espumadores DYMAX. | Acuario Supremus\" \/>\n<meta property=\"og:description\" content=\"Bolsa elaborada en fibra textil dise\u00f1ada para la retenci\u00f3n de las burbujas que pueden salir de los espumadores de prote\u00ednas.\" \/>\n<meta property=\"og:url\" content=\"https:\/\/acuariosupremus.com\/?product=reductor-de-burbujas-para-espumadores-dymax\" \/>\n<meta property=\"og:site_name\" content=\"Acuario Supremus\" \/>\n<meta property=\"article:publisher\" content=\"https:\/\/www.facebook.com\/AcuarioSupremus\" \/>\n<meta property=\"article:modified_time\" content=\"2026-01-01T22:00:31+00:00\" \/>\n<meta property=\"og:image\" content=\"https:\/\/acuariosupremus.com\/wp-content\/uploads\/2022\/05\/espumador_dymax_ls_10.jpg\" \/>\n\t<meta property=\"og:image:width\" content=\"1250\" \/>\n\t<meta property=\"og:image:height\" content=\"1250\" \/>\n\t<meta property=\"og:image:type\" content=\"image\/jpeg\" \/>\n<meta name=\"twitter:card\" content=\"summary_large_image\" \/>\n<meta name=\"twitter:site\" content=\"@AcuarioSupremus\" \/>\n<meta name=\"twitter:label1\" content=\"Tiempo de lectura\" \/>\n\t<meta name=\"twitter:data1\" content=\"1 minuto\" \/>\n<script type=\"application\/ld+json\" class=\"yoast-schema-graph\">{\"@context\":\"https:\\\/\\\/schema.org\",\"@graph\":[{\"@type\":\"WebPage\",\"@id\":\"https:\\\/\\\/acuariosupremus.com\\\/?product=reductor-de-burbujas-para-espumadores-dymax\",\"url\":\"https:\\\/\\\/acuariosupremus.com\\\/?product=reductor-de-burbujas-para-espumadores-dymax\",\"name\":\"Reductor de burbujas para espumadores DYMAX. | Acuario Supremus\",\"isPartOf\":{\"@id\":\"https:\\\/\\\/acuariosupremus.com\\\/#website\"},\"primaryImageOfPage\":{\"@id\":\"https:\\\/\\\/acuariosupremus.com\\\/?product=reductor-de-burbujas-para-espumadores-dymax#primaryimage\"},\"image\":{\"@id\":\"https:\\\/\\\/acuariosupremus.com\\\/?product=reductor-de-burbujas-para-espumadores-dymax#primaryimage\"},\"thumbnailUrl\":\"https:\\\/\\\/acuariosupremus.com\\\/wp-content\\\/uploads\\\/2022\\\/05\\\/espumador_dymax_ls_10.jpg\",\"datePublished\":\"2022-05-22T00:46:01+00:00\",\"dateModified\":\"2026-01-01T22:00:31+00:00\",\"description\":\"Bolsa elaborada en fibra textil dise\u00f1ada para la retenci\u00f3n de las burbujas que pueden salir de los espumadores de prote\u00ednas.\",\"breadcrumb\":{\"@id\":\"https:\\\/\\\/acuariosupremus.com\\\/?product=reductor-de-burbujas-para-espumadores-dymax#breadcrumb\"},\"inLanguage\":\"es\",\"potentialAction\":[{\"@type\":\"ReadAction\",\"target\":[\"https:\\\/\\\/acuariosupremus.com\\\/?product=reductor-de-burbujas-para-espumadores-dymax\"]}]},{\"@type\":\"ImageObject\",\"inLanguage\":\"es\",\"@id\":\"https:\\\/\\\/acuariosupremus.com\\\/?product=reductor-de-burbujas-para-espumadores-dymax#primaryimage\",\"url\":\"https:\\\/\\\/acuariosupremus.com\\\/wp-content\\\/uploads\\\/2022\\\/05\\\/espumador_dymax_ls_10.jpg\",\"contentUrl\":\"https:\\\/\\\/acuariosupremus.com\\\/wp-content\\\/uploads\\\/2022\\\/05\\\/espumador_dymax_ls_10.jpg\",\"width\":1250,\"height\":1250},{\"@type\":\"BreadcrumbList\",\"@id\":\"https:\\\/\\\/acuariosupremus.com\\\/?product=reductor-de-burbujas-para-espumadores-dymax#breadcrumb\",\"itemListElement\":[{\"@type\":\"ListItem\",\"position\":1,\"name\":\"Portada\",\"item\":\"https:\\\/\\\/acuariosupremus.com\\\/\"},{\"@type\":\"ListItem\",\"position\":2,\"name\":\"Tienda\",\"item\":\"https:\\\/\\\/acuariosupremus.com\\\/tienda\\\/\"},{\"@type\":\"ListItem\",\"position\":3,\"name\":\"Reductor de burbujas para espumadores DYMAX.\"}]},{\"@type\":\"WebSite\",\"@id\":\"https:\\\/\\\/acuariosupremus.com\\\/#website\",\"url\":\"https:\\\/\\\/acuariosupremus.com\\\/\",\"name\":\"Acuario Supremus\",\"description\":\"Peces, Peceras y Mascotas.\",\"publisher\":{\"@id\":\"https:\\\/\\\/acuariosupremus.com\\\/#organization\"},\"potentialAction\":[{\"@type\":\"SearchAction\",\"target\":{\"@type\":\"EntryPoint\",\"urlTemplate\":\"https:\\\/\\\/acuariosupremus.com\\\/?s={search_term_string}\"},\"query-input\":{\"@type\":\"PropertyValueSpecification\",\"valueRequired\":true,\"valueName\":\"search_term_string\"}}],\"inLanguage\":\"es\"},{\"@type\":\"Organization\",\"@id\":\"https:\\\/\\\/acuariosupremus.com\\\/#organization\",\"name\":\"Acuario Supremus\",\"url\":\"https:\\\/\\\/acuariosupremus.com\\\/\",\"logo\":{\"@type\":\"ImageObject\",\"inLanguage\":\"es\",\"@id\":\"https:\\\/\\\/acuariosupremus.com\\\/#\\\/schema\\\/logo\\\/image\\\/\",\"url\":\"https:\\\/\\\/acuariosupremus.com\\\/wp-content\\\/uploads\\\/2021\\\/12\\\/cropped-logo_acuario_supremus_fn-2.png\",\"contentUrl\":\"https:\\\/\\\/acuariosupremus.com\\\/wp-content\\\/uploads\\\/2021\\\/12\\\/cropped-logo_acuario_supremus_fn-2.png\",\"width\":1000,\"height\":318,\"caption\":\"Acuario Supremus\"},\"image\":{\"@id\":\"https:\\\/\\\/acuariosupremus.com\\\/#\\\/schema\\\/logo\\\/image\\\/\"},\"sameAs\":[\"https:\\\/\\\/www.facebook.com\\\/AcuarioSupremus\",\"https:\\\/\\\/x.com\\\/AcuarioSupremus\",\"https:\\\/\\\/www.instagram.com\\\/acuariosupremus\\\/?hl=es\"]}]}<\/script>\n<!-- \/ Yoast SEO plugin. -->","yoast_head_json":{"title":"Reductor de burbujas para espumadores DYMAX. | Acuario Supremus","description":"Bolsa elaborada en fibra textil dise\u00f1ada para la retenci\u00f3n de las burbujas que pueden salir de los espumadores de prote\u00ednas.","robots":{"index":"index","follow":"follow","max-snippet":"max-snippet:-1","max-image-preview":"max-image-preview:large","max-video-preview":"max-video-preview:-1"},"canonical":"https:\/\/acuariosupremus.com\/?product=reductor-de-burbujas-para-espumadores-dymax","og_locale":"es_MX","og_type":"article","og_title":"Reductor de burbujas para espumadores DYMAX. | Acuario Supremus","og_description":"Bolsa elaborada en fibra textil dise\u00f1ada para la retenci\u00f3n de las burbujas que pueden salir de los espumadores de prote\u00ednas.","og_url":"https:\/\/acuariosupremus.com\/?product=reductor-de-burbujas-para-espumadores-dymax","og_site_name":"Acuario Supremus","article_publisher":"https:\/\/www.facebook.com\/AcuarioSupremus","article_modified_time":"2026-01-01T22:00:31+00:00","og_image":[{"width":1250,"height":1250,"url":"https:\/\/acuariosupremus.com\/wp-content\/uploads\/2022\/05\/espumador_dymax_ls_10.jpg","type":"image\/jpeg"}],"twitter_card":"summary_large_image","twitter_site":"@AcuarioSupremus","twitter_misc":{"Tiempo de lectura":"1 minuto"},"schema":{"@context":"https:\/\/schema.org","@graph":[{"@type":"WebPage","@id":"https:\/\/acuariosupremus.com\/?product=reductor-de-burbujas-para-espumadores-dymax","url":"https:\/\/acuariosupremus.com\/?product=reductor-de-burbujas-para-espumadores-dymax","name":"Reductor de burbujas para espumadores DYMAX. | Acuario Supremus","isPartOf":{"@id":"https:\/\/acuariosupremus.com\/#website"},"primaryImageOfPage":{"@id":"https:\/\/acuariosupremus.com\/?product=reductor-de-burbujas-para-espumadores-dymax#primaryimage"},"image":{"@id":"https:\/\/acuariosupremus.com\/?product=reductor-de-burbujas-para-espumadores-dymax#primaryimage"},"thumbnailUrl":"https:\/\/acuariosupremus.com\/wp-content\/uploads\/2022\/05\/espumador_dymax_ls_10.jpg","datePublished":"2022-05-22T00:46:01+00:00","dateModified":"2026-01-01T22:00:31+00:00","description":"Bolsa elaborada en fibra textil dise\u00f1ada para la retenci\u00f3n de las burbujas que pueden salir de los espumadores de prote\u00ednas.","breadcrumb":{"@id":"https:\/\/acuariosupremus.com\/?product=reductor-de-burbujas-para-espumadores-dymax#breadcrumb"},"inLanguage":"es","potentialAction":[{"@type":"ReadAction","target":["https:\/\/acuariosupremus.com\/?product=reductor-de-burbujas-para-espumadores-dymax"]}]},{"@type":"ImageObject","inLanguage":"es","@id":"https:\/\/acuariosupremus.com\/?product=reductor-de-burbujas-para-espumadores-dymax#primaryimage","url":"https:\/\/acuariosupremus.com\/wp-content\/uploads\/2022\/05\/espumador_dymax_ls_10.jpg","contentUrl":"https:\/\/acuariosupremus.com\/wp-content\/uploads\/2022\/05\/espumador_dymax_ls_10.jpg","width":1250,"height":1250},{"@type":"BreadcrumbList","@id":"https:\/\/acuariosupremus.com\/?product=reductor-de-burbujas-para-espumadores-dymax#breadcrumb","itemListElement":[{"@type":"ListItem","position":1,"name":"Portada","item":"https:\/\/acuariosupremus.com\/"},{"@type":"ListItem","position":2,"name":"Tienda","item":"https:\/\/acuariosupremus.com\/tienda\/"},{"@type":"ListItem","position":3,"name":"Reductor de burbujas para espumadores DYMAX."}]},{"@type":"WebSite","@id":"https:\/\/acuariosupremus.com\/#website","url":"https:\/\/acuariosupremus.com\/","name":"Acuario Supremus","description":"Peces, Peceras y Mascotas.","publisher":{"@id":"https:\/\/acuariosupremus.com\/#organization"},"potentialAction":[{"@type":"SearchAction","target":{"@type":"EntryPoint","urlTemplate":"https:\/\/acuariosupremus.com\/?s={search_term_string}"},"query-input":{"@type":"PropertyValueSpecification","valueRequired":true,"valueName":"search_term_string"}}],"inLanguage":"es"},{"@type":"Organization","@id":"https:\/\/acuariosupremus.com\/#organization","name":"Acuario Supremus","url":"https:\/\/acuariosupremus.com\/","logo":{"@type":"ImageObject","inLanguage":"es","@id":"https:\/\/acuariosupremus.com\/#\/schema\/logo\/image\/","url":"https:\/\/acuariosupremus.com\/wp-content\/uploads\/2021\/12\/cropped-logo_acuario_supremus_fn-2.png","contentUrl":"https:\/\/acuariosupremus.com\/wp-content\/uploads\/2021\/12\/cropped-logo_acuario_supremus_fn-2.png","width":1000,"height":318,"caption":"Acuario Supremus"},"image":{"@id":"https:\/\/acuariosupremus.com\/#\/schema\/logo\/image\/"},"sameAs":["https:\/\/www.facebook.com\/AcuarioSupremus","https:\/\/x.com\/AcuarioSupremus","https:\/\/www.instagram.com\/acuariosupremus\/?hl=es"]}]}},"jetpack_sharing_enabled":true,"_links":{"self":[{"href":"https:\/\/acuariosupremus.com\/index.php?rest_route=\/wp\/v2\/product\/10164","targetHints":{"allow":["GET"]}}],"collection":[{"href":"https:\/\/acuariosupremus.com\/index.php?rest_route=\/wp\/v2\/product"}],"about":[{"href":"https:\/\/acuariosupremus.com\/index.php?rest_route=\/wp\/v2\/types\/product"}],"wp:featuredmedia":[{"embeddable":true,"href":"https:\/\/acuariosupremus.com\/index.php?rest_route=\/wp\/v2\/media\/10155"}],"wp:attachment":[{"href":"https:\/\/acuariosupremus.com\/index.php?rest_route=%2Fwp%2Fv2%2Fmedia&parent=10164"}],"wp:term":[{"taxonomy":"product_brand","embeddable":true,"href":"https:\/\/acuariosupremus.com\/index.php?rest_route=%2Fwp%2Fv2%2Fproduct_brand&post=10164"},{"taxonomy":"product_cat","embeddable":true,"href":"https:\/\/acuariosupremus.com\/index.php?rest_route=%2Fwp%2Fv2%2Fproduct_cat&post=10164"},{"taxonomy":"product_tag","embeddable":true,"href":"https:\/\/acuariosupremus.com\/index.php?rest_route=%2Fwp%2Fv2%2Fproduct_tag&post=10164"}],"curies":[{"name":"wp","href":"https:\/\/api.w.org\/{rel}","templated":true}]}}