{"id":10220,"date":"2022-05-23T15:46:10","date_gmt":"2022-05-23T20:46:10","guid":{"rendered":"https:\/\/acuariosupremus.com\/?post_type=product&#038;p=10220"},"modified":"2026-01-01T16:01:41","modified_gmt":"2026-01-01T22:01:41","slug":"juego-de-materiales-filtrantes-para-pecera-dymax-iq","status":"publish","type":"product","link":"https:\/\/acuariosupremus.com\/?product=juego-de-materiales-filtrantes-para-pecera-dymax-iq","title":{"rendered":"Juego de materiales filtrantes para pecera DYMAX IQ."},"content":{"rendered":"<p>Incluye una esponja de porosidad abierta que sirve como filtro mec\u00e1nico. Su estructura de fibra sint\u00e9tica retiene part\u00edculas s\u00f3lidas m\u00e1s gruesas que las esponjas tradicionales, siendo m\u00e1s duradera, menos propensa a la saturaci\u00f3n y m\u00e1s f\u00e1cil de limpiar. Como segunda etapa aporta la funci\u00f3n de filtraci\u00f3n qu\u00edmica con un carb\u00f3n activado Premium macro-poroso que absorber\u00e1 todos los colorantes, malos olores, toxinas y restos de medicamentos, dejando un agua totalmente transparente y saludable. Finalmente, la tercera etapa cumple la funci\u00f3n de filtraci\u00f3n biol\u00f3gica con unas esferas de un material micro-poroso llamado \u201cBio-Glass\u201d. Este material biol\u00f3gico de tecnolog\u00eda avanzada ofrece una enorme superficie a pesar de su reducido tama\u00f1o. Tiene una gran capacidad para albergar bacterias aerobias nitrificantes, que una vez madurado el medio, metabolizar\u00e1n r\u00e1pidamente las t\u00f3xicas sustancias nitrogenadas que se acumulan en el agua producto del metabolismo de los peces.<\/p>\n<p>Producto: medios filtrantes para DYMAX IQ\u00a0 Compatibilidad (acuario iQ): iQ3, iQ5, iQ7. Etapas filtrantes: 3\u00a0 Peso Neto: 85 (grs.) Peso total: 110 (grs)\u00a0 Tama\u00f1o: 100 x 50 x 50 mm (l x a x h) Medidas con embalaje: 125 x 65 x 55 mm (l x a x h).<\/p>\n","protected":false},"excerpt":{"rendered":"<p>Set de medios filtrantes de alto rendimiento dise\u00f1ados espec\u00edficamente para los filtros de la serie iQ. Esta combinaci\u00f3n de materiales logra elevar a otro nivel la calidad de agua de su acuario, empleando tres tipos de medios compatibles con agua dulce y salada para extraer el m\u00e1ximo rendimiento posible.<\/p>\n","protected":false},"featured_media":10222,"template":"","meta":[],"product_brand":[126],"product_cat":[40,48],"product_tag":[264],"class_list":{"0":"post-10220","1":"product","2":"type-product","3":"status-publish","4":"has-post-thumbnail","6":"product_brand-dymax","7":"product_cat-peces","8":"product_cat-material-filtrante","9":"product_tag-material-filtrante","11":"first","12":"instock","13":"sale","14":"shipping-taxable","15":"purchasable","16":"product-type-simple"},"yoast_head":"<!-- This site is optimized with the Yoast SEO plugin v27.4 - https:\/\/yoast.com\/product\/yoast-seo-wordpress\/ -->\n<title>Juego de materiales filtrantes para pecera DYMAX IQ. | Acuario Supremus<\/title>\n<meta name=\"description\" content=\"Set de medios filtrantes de alto rendimiento dise\u00f1ados espec\u00edficamente para los filtros de la serie iQ.para extraer el m\u00e1ximo rendimiento posible.\" \/>\n<meta name=\"robots\" content=\"index, follow, max-snippet:-1, max-image-preview:large, max-video-preview:-1\" \/>\n<link rel=\"canonical\" href=\"https:\/\/acuariosupremus.com\/?product=juego-de-materiales-filtrantes-para-pecera-dymax-iq\" \/>\n<meta property=\"og:locale\" content=\"es_MX\" \/>\n<meta property=\"og:type\" content=\"article\" \/>\n<meta property=\"og:title\" content=\"Juego de materiales filtrantes para pecera DYMAX IQ. | Acuario Supremus\" \/>\n<meta property=\"og:description\" content=\"Set de medios filtrantes de alto rendimiento dise\u00f1ados espec\u00edficamente para los filtros de la serie iQ.para extraer el m\u00e1ximo rendimiento posible.\" \/>\n<meta property=\"og:url\" content=\"https:\/\/acuariosupremus.com\/?product=juego-de-materiales-filtrantes-para-pecera-dymax-iq\" \/>\n<meta property=\"og:site_name\" content=\"Acuario Supremus\" \/>\n<meta property=\"article:publisher\" content=\"https:\/\/www.facebook.com\/AcuarioSupremus\" \/>\n<meta property=\"article:modified_time\" content=\"2026-01-01T22:01:41+00:00\" \/>\n<meta property=\"og:image\" content=\"https:\/\/acuariosupremus.com\/wp-content\/uploads\/2022\/05\/dymax_3in1_iq_media_02.jpg\" \/>\n\t<meta property=\"og:image:width\" content=\"1250\" \/>\n\t<meta property=\"og:image:height\" content=\"1250\" \/>\n\t<meta property=\"og:image:type\" content=\"image\/jpeg\" \/>\n<meta name=\"twitter:card\" content=\"summary_large_image\" \/>\n<meta name=\"twitter:site\" content=\"@AcuarioSupremus\" \/>\n<meta name=\"twitter:label1\" content=\"Tiempo de lectura\" \/>\n\t<meta name=\"twitter:data1\" content=\"1 minuto\" \/>\n<script type=\"application\/ld+json\" class=\"yoast-schema-graph\">{\"@context\":\"https:\\\/\\\/schema.org\",\"@graph\":[{\"@type\":\"WebPage\",\"@id\":\"https:\\\/\\\/acuariosupremus.com\\\/?product=juego-de-materiales-filtrantes-para-pecera-dymax-iq\",\"url\":\"https:\\\/\\\/acuariosupremus.com\\\/?product=juego-de-materiales-filtrantes-para-pecera-dymax-iq\",\"name\":\"Juego de materiales filtrantes para pecera DYMAX IQ. | Acuario Supremus\",\"isPartOf\":{\"@id\":\"https:\\\/\\\/acuariosupremus.com\\\/#website\"},\"primaryImageOfPage\":{\"@id\":\"https:\\\/\\\/acuariosupremus.com\\\/?product=juego-de-materiales-filtrantes-para-pecera-dymax-iq#primaryimage\"},\"image\":{\"@id\":\"https:\\\/\\\/acuariosupremus.com\\\/?product=juego-de-materiales-filtrantes-para-pecera-dymax-iq#primaryimage\"},\"thumbnailUrl\":\"https:\\\/\\\/acuariosupremus.com\\\/wp-content\\\/uploads\\\/2022\\\/05\\\/dymax_3in1_iq_media_02.jpg\",\"datePublished\":\"2022-05-23T20:46:10+00:00\",\"dateModified\":\"2026-01-01T22:01:41+00:00\",\"description\":\"Set de medios filtrantes de alto rendimiento dise\u00f1ados espec\u00edficamente para los filtros de la serie iQ.para extraer el m\u00e1ximo rendimiento posible.\",\"breadcrumb\":{\"@id\":\"https:\\\/\\\/acuariosupremus.com\\\/?product=juego-de-materiales-filtrantes-para-pecera-dymax-iq#breadcrumb\"},\"inLanguage\":\"es\",\"potentialAction\":[{\"@type\":\"ReadAction\",\"target\":[\"https:\\\/\\\/acuariosupremus.com\\\/?product=juego-de-materiales-filtrantes-para-pecera-dymax-iq\"]}]},{\"@type\":\"ImageObject\",\"inLanguage\":\"es\",\"@id\":\"https:\\\/\\\/acuariosupremus.com\\\/?product=juego-de-materiales-filtrantes-para-pecera-dymax-iq#primaryimage\",\"url\":\"https:\\\/\\\/acuariosupremus.com\\\/wp-content\\\/uploads\\\/2022\\\/05\\\/dymax_3in1_iq_media_02.jpg\",\"contentUrl\":\"https:\\\/\\\/acuariosupremus.com\\\/wp-content\\\/uploads\\\/2022\\\/05\\\/dymax_3in1_iq_media_02.jpg\",\"width\":1250,\"height\":1250},{\"@type\":\"BreadcrumbList\",\"@id\":\"https:\\\/\\\/acuariosupremus.com\\\/?product=juego-de-materiales-filtrantes-para-pecera-dymax-iq#breadcrumb\",\"itemListElement\":[{\"@type\":\"ListItem\",\"position\":1,\"name\":\"Portada\",\"item\":\"https:\\\/\\\/acuariosupremus.com\\\/\"},{\"@type\":\"ListItem\",\"position\":2,\"name\":\"Tienda\",\"item\":\"https:\\\/\\\/acuariosupremus.com\\\/tienda\\\/\"},{\"@type\":\"ListItem\",\"position\":3,\"name\":\"Juego de materiales filtrantes para pecera DYMAX IQ.\"}]},{\"@type\":\"WebSite\",\"@id\":\"https:\\\/\\\/acuariosupremus.com\\\/#website\",\"url\":\"https:\\\/\\\/acuariosupremus.com\\\/\",\"name\":\"Acuario Supremus\",\"description\":\"Peces, Peceras y Mascotas.\",\"publisher\":{\"@id\":\"https:\\\/\\\/acuariosupremus.com\\\/#organization\"},\"potentialAction\":[{\"@type\":\"SearchAction\",\"target\":{\"@type\":\"EntryPoint\",\"urlTemplate\":\"https:\\\/\\\/acuariosupremus.com\\\/?s={search_term_string}\"},\"query-input\":{\"@type\":\"PropertyValueSpecification\",\"valueRequired\":true,\"valueName\":\"search_term_string\"}}],\"inLanguage\":\"es\"},{\"@type\":\"Organization\",\"@id\":\"https:\\\/\\\/acuariosupremus.com\\\/#organization\",\"name\":\"Acuario Supremus\",\"url\":\"https:\\\/\\\/acuariosupremus.com\\\/\",\"logo\":{\"@type\":\"ImageObject\",\"inLanguage\":\"es\",\"@id\":\"https:\\\/\\\/acuariosupremus.com\\\/#\\\/schema\\\/logo\\\/image\\\/\",\"url\":\"https:\\\/\\\/acuariosupremus.com\\\/wp-content\\\/uploads\\\/2021\\\/12\\\/cropped-logo_acuario_supremus_fn-2.png\",\"contentUrl\":\"https:\\\/\\\/acuariosupremus.com\\\/wp-content\\\/uploads\\\/2021\\\/12\\\/cropped-logo_acuario_supremus_fn-2.png\",\"width\":1000,\"height\":318,\"caption\":\"Acuario Supremus\"},\"image\":{\"@id\":\"https:\\\/\\\/acuariosupremus.com\\\/#\\\/schema\\\/logo\\\/image\\\/\"},\"sameAs\":[\"https:\\\/\\\/www.facebook.com\\\/AcuarioSupremus\",\"https:\\\/\\\/x.com\\\/AcuarioSupremus\",\"https:\\\/\\\/www.instagram.com\\\/acuariosupremus\\\/?hl=es\"]}]}<\/script>\n<!-- \/ Yoast SEO plugin. -->","yoast_head_json":{"title":"Juego de materiales filtrantes para pecera DYMAX IQ. | Acuario Supremus","description":"Set de medios filtrantes de alto rendimiento dise\u00f1ados espec\u00edficamente para los filtros de la serie iQ.para extraer el m\u00e1ximo rendimiento posible.","robots":{"index":"index","follow":"follow","max-snippet":"max-snippet:-1","max-image-preview":"max-image-preview:large","max-video-preview":"max-video-preview:-1"},"canonical":"https:\/\/acuariosupremus.com\/?product=juego-de-materiales-filtrantes-para-pecera-dymax-iq","og_locale":"es_MX","og_type":"article","og_title":"Juego de materiales filtrantes para pecera DYMAX IQ. | Acuario Supremus","og_description":"Set de medios filtrantes de alto rendimiento dise\u00f1ados espec\u00edficamente para los filtros de la serie iQ.para extraer el m\u00e1ximo rendimiento posible.","og_url":"https:\/\/acuariosupremus.com\/?product=juego-de-materiales-filtrantes-para-pecera-dymax-iq","og_site_name":"Acuario Supremus","article_publisher":"https:\/\/www.facebook.com\/AcuarioSupremus","article_modified_time":"2026-01-01T22:01:41+00:00","og_image":[{"width":1250,"height":1250,"url":"https:\/\/acuariosupremus.com\/wp-content\/uploads\/2022\/05\/dymax_3in1_iq_media_02.jpg","type":"image\/jpeg"}],"twitter_card":"summary_large_image","twitter_site":"@AcuarioSupremus","twitter_misc":{"Tiempo de lectura":"1 minuto"},"schema":{"@context":"https:\/\/schema.org","@graph":[{"@type":"WebPage","@id":"https:\/\/acuariosupremus.com\/?product=juego-de-materiales-filtrantes-para-pecera-dymax-iq","url":"https:\/\/acuariosupremus.com\/?product=juego-de-materiales-filtrantes-para-pecera-dymax-iq","name":"Juego de materiales filtrantes para pecera DYMAX IQ. | Acuario Supremus","isPartOf":{"@id":"https:\/\/acuariosupremus.com\/#website"},"primaryImageOfPage":{"@id":"https:\/\/acuariosupremus.com\/?product=juego-de-materiales-filtrantes-para-pecera-dymax-iq#primaryimage"},"image":{"@id":"https:\/\/acuariosupremus.com\/?product=juego-de-materiales-filtrantes-para-pecera-dymax-iq#primaryimage"},"thumbnailUrl":"https:\/\/acuariosupremus.com\/wp-content\/uploads\/2022\/05\/dymax_3in1_iq_media_02.jpg","datePublished":"2022-05-23T20:46:10+00:00","dateModified":"2026-01-01T22:01:41+00:00","description":"Set de medios filtrantes de alto rendimiento dise\u00f1ados espec\u00edficamente para los filtros de la serie iQ.para extraer el m\u00e1ximo rendimiento posible.","breadcrumb":{"@id":"https:\/\/acuariosupremus.com\/?product=juego-de-materiales-filtrantes-para-pecera-dymax-iq#breadcrumb"},"inLanguage":"es","potentialAction":[{"@type":"ReadAction","target":["https:\/\/acuariosupremus.com\/?product=juego-de-materiales-filtrantes-para-pecera-dymax-iq"]}]},{"@type":"ImageObject","inLanguage":"es","@id":"https:\/\/acuariosupremus.com\/?product=juego-de-materiales-filtrantes-para-pecera-dymax-iq#primaryimage","url":"https:\/\/acuariosupremus.com\/wp-content\/uploads\/2022\/05\/dymax_3in1_iq_media_02.jpg","contentUrl":"https:\/\/acuariosupremus.com\/wp-content\/uploads\/2022\/05\/dymax_3in1_iq_media_02.jpg","width":1250,"height":1250},{"@type":"BreadcrumbList","@id":"https:\/\/acuariosupremus.com\/?product=juego-de-materiales-filtrantes-para-pecera-dymax-iq#breadcrumb","itemListElement":[{"@type":"ListItem","position":1,"name":"Portada","item":"https:\/\/acuariosupremus.com\/"},{"@type":"ListItem","position":2,"name":"Tienda","item":"https:\/\/acuariosupremus.com\/tienda\/"},{"@type":"ListItem","position":3,"name":"Juego de materiales filtrantes para pecera DYMAX IQ."}]},{"@type":"WebSite","@id":"https:\/\/acuariosupremus.com\/#website","url":"https:\/\/acuariosupremus.com\/","name":"Acuario Supremus","description":"Peces, Peceras y Mascotas.","publisher":{"@id":"https:\/\/acuariosupremus.com\/#organization"},"potentialAction":[{"@type":"SearchAction","target":{"@type":"EntryPoint","urlTemplate":"https:\/\/acuariosupremus.com\/?s={search_term_string}"},"query-input":{"@type":"PropertyValueSpecification","valueRequired":true,"valueName":"search_term_string"}}],"inLanguage":"es"},{"@type":"Organization","@id":"https:\/\/acuariosupremus.com\/#organization","name":"Acuario Supremus","url":"https:\/\/acuariosupremus.com\/","logo":{"@type":"ImageObject","inLanguage":"es","@id":"https:\/\/acuariosupremus.com\/#\/schema\/logo\/image\/","url":"https:\/\/acuariosupremus.com\/wp-content\/uploads\/2021\/12\/cropped-logo_acuario_supremus_fn-2.png","contentUrl":"https:\/\/acuariosupremus.com\/wp-content\/uploads\/2021\/12\/cropped-logo_acuario_supremus_fn-2.png","width":1000,"height":318,"caption":"Acuario Supremus"},"image":{"@id":"https:\/\/acuariosupremus.com\/#\/schema\/logo\/image\/"},"sameAs":["https:\/\/www.facebook.com\/AcuarioSupremus","https:\/\/x.com\/AcuarioSupremus","https:\/\/www.instagram.com\/acuariosupremus\/?hl=es"]}]}},"jetpack_sharing_enabled":true,"_links":{"self":[{"href":"https:\/\/acuariosupremus.com\/index.php?rest_route=\/wp\/v2\/product\/10220","targetHints":{"allow":["GET"]}}],"collection":[{"href":"https:\/\/acuariosupremus.com\/index.php?rest_route=\/wp\/v2\/product"}],"about":[{"href":"https:\/\/acuariosupremus.com\/index.php?rest_route=\/wp\/v2\/types\/product"}],"wp:featuredmedia":[{"embeddable":true,"href":"https:\/\/acuariosupremus.com\/index.php?rest_route=\/wp\/v2\/media\/10222"}],"wp:attachment":[{"href":"https:\/\/acuariosupremus.com\/index.php?rest_route=%2Fwp%2Fv2%2Fmedia&parent=10220"}],"wp:term":[{"taxonomy":"product_brand","embeddable":true,"href":"https:\/\/acuariosupremus.com\/index.php?rest_route=%2Fwp%2Fv2%2Fproduct_brand&post=10220"},{"taxonomy":"product_cat","embeddable":true,"href":"https:\/\/acuariosupremus.com\/index.php?rest_route=%2Fwp%2Fv2%2Fproduct_cat&post=10220"},{"taxonomy":"product_tag","embeddable":true,"href":"https:\/\/acuariosupremus.com\/index.php?rest_route=%2Fwp%2Fv2%2Fproduct_tag&post=10220"}],"curies":[{"name":"wp","href":"https:\/\/api.w.org\/{rel}","templated":true}]}}