{"id":10234,"date":"2022-05-23T16:44:19","date_gmt":"2022-05-23T21:44:19","guid":{"rendered":"https:\/\/acuariosupremus.com\/?post_type=product&#038;p=10234"},"modified":"2026-01-01T16:02:46","modified_gmt":"2026-01-01T22:02:46","slug":"acuario-dymax-cristal-optico-24-litros-con-lampara-led-gs45","status":"publish","type":"product","link":"https:\/\/acuariosupremus.com\/?product=acuario-dymax-cristal-optico-24-litros-con-lampara-led-gs45","title":{"rendered":"Acuario cristal \u00f3ptico 24 litros con l\u00e1mpara LED DYMAX GS45."},"content":{"rendered":"<p>Su luminaria LED de alto brillo se fija al borde superior del acuario mediante dos soportes pl\u00e1sticos. Esta luminaria posee un interruptor de tres posiciones que permite elegir f\u00e1cilmente el encendido de sus 42 diodos blancos y sus 12 diodos azules. Gracias a su rendimiento, esta excelente luminaria le permitir\u00e1 mantener tanto plantas naturales en agua dulce como corales fotosint\u00e9ticos en agua salada, y todo ello con un consumo el\u00e9ctrico muy reducido. El cristal denominado \u201cExtra claro\u201d es totalmente transparente porque que no contiene en su f\u00f3rmula los \u00f3xidos met\u00e1licos que se emplean en los vidrios tradicionales encontrados en la mayor\u00eda de acuarios. Estos aditivos ti\u00f1en con un tono verdoso la masa transparente del vidrio para filtrar ciertas partes del espectro solar. Su desventaja es que que producen es una clara disminuci\u00f3n en la fidelidad en su reproducci\u00f3n crom\u00e1tica, de modo que los organismos que introducimos en el acuario muestran unos colores notablemente m\u00e1s apagados en comparaci\u00f3n a los vidrios extra claros, donde sus colores se muestran en todo su esplendor.<\/p>\n<p>Medidas: 450 x 210 x 260 ( l x a x h mm) Peso: 6,370(Grs.) Capacidad: 24 (L) Voltaje \/frecuencia: 127\/60 (V\/Hz) Consumo LED: 14 (w) Caudal: 300 (L\/h) Medidas: c. embalaje: 480 x 240 x 290(mm) Peso c. embalaje: 7,260 (Grs.).<\/p>\n","protected":false},"excerpt":{"rendered":"<p>Acuario minimalista y elegante de 24 litros de capacidad elaborado en cristal de calidad \u00f3ptica. Este producto es ideal para satisfacer las necesidades de aquellos acuari\u00f3filos avanzados en t\u00e9cnicas de aquascaping, y tambi\u00e9n para los aficionados que desean adquirir su primer acuario. Incluye una luminaria LED ultra-delgada de alto brillo. Instalando el equipamiento opcional adecuado, este acuario puede funcionar perfectamente tanto con agua dulce como salada.<\/p>\n","protected":false},"featured_media":10235,"template":"","meta":[],"product_brand":[126],"product_cat":[40,53],"product_tag":[234],"class_list":{"0":"post-10234","1":"product","2":"type-product","3":"status-publish","4":"has-post-thumbnail","6":"product_brand-dymax","7":"product_cat-peces","8":"product_cat-peceras","9":"product_tag-acuario-nano","11":"first","12":"instock","13":"sale","14":"shipping-taxable","15":"purchasable","16":"product-type-simple"},"yoast_head":"<!-- This site is optimized with the Yoast SEO plugin v27.4 - https:\/\/yoast.com\/product\/yoast-seo-wordpress\/ -->\n<title>Acuario cristal \u00f3ptico 24 litros con l\u00e1mpara LED DYMAX GS45. | Acuario Supremus<\/title>\n<meta name=\"description\" content=\"Acuario minimalista y elegante de 24 litros de capacidad elaborado en cristal de calidad \u00f3ptica, Incluye una luminaria LED ultra-delgada de alto brillo.\" \/>\n<meta name=\"robots\" content=\"index, follow, max-snippet:-1, max-image-preview:large, max-video-preview:-1\" \/>\n<link rel=\"canonical\" href=\"https:\/\/acuariosupremus.com\/?product=acuario-dymax-cristal-optico-24-litros-con-lampara-led-gs45\" \/>\n<meta property=\"og:locale\" content=\"es_MX\" \/>\n<meta property=\"og:type\" content=\"article\" \/>\n<meta property=\"og:title\" content=\"Acuario cristal \u00f3ptico 24 litros con l\u00e1mpara LED DYMAX GS45. | Acuario Supremus\" \/>\n<meta property=\"og:description\" content=\"Acuario minimalista y elegante de 24 litros de capacidad elaborado en cristal de calidad \u00f3ptica, Incluye una luminaria LED ultra-delgada de alto brillo.\" \/>\n<meta property=\"og:url\" content=\"https:\/\/acuariosupremus.com\/?product=acuario-dymax-cristal-optico-24-litros-con-lampara-led-gs45\" \/>\n<meta property=\"og:site_name\" content=\"Acuario Supremus\" \/>\n<meta property=\"article:publisher\" content=\"https:\/\/www.facebook.com\/AcuarioSupremus\" \/>\n<meta property=\"article:modified_time\" content=\"2026-01-01T22:02:46+00:00\" \/>\n<meta property=\"og:image\" content=\"https:\/\/acuariosupremus.com\/wp-content\/uploads\/2022\/05\/acuario_dymax_gs-45_01.jpg\" \/>\n\t<meta property=\"og:image:width\" content=\"1250\" \/>\n\t<meta property=\"og:image:height\" content=\"1250\" \/>\n\t<meta property=\"og:image:type\" content=\"image\/jpeg\" \/>\n<meta name=\"twitter:card\" content=\"summary_large_image\" \/>\n<meta name=\"twitter:site\" content=\"@AcuarioSupremus\" \/>\n<meta name=\"twitter:label1\" content=\"Tiempo de lectura\" \/>\n\t<meta name=\"twitter:data1\" content=\"1 minuto\" \/>\n<script type=\"application\/ld+json\" class=\"yoast-schema-graph\">{\"@context\":\"https:\\\/\\\/schema.org\",\"@graph\":[{\"@type\":\"WebPage\",\"@id\":\"https:\\\/\\\/acuariosupremus.com\\\/?product=acuario-dymax-cristal-optico-24-litros-con-lampara-led-gs45\",\"url\":\"https:\\\/\\\/acuariosupremus.com\\\/?product=acuario-dymax-cristal-optico-24-litros-con-lampara-led-gs45\",\"name\":\"Acuario cristal \u00f3ptico 24 litros con l\u00e1mpara LED DYMAX GS45. | Acuario Supremus\",\"isPartOf\":{\"@id\":\"https:\\\/\\\/acuariosupremus.com\\\/#website\"},\"primaryImageOfPage\":{\"@id\":\"https:\\\/\\\/acuariosupremus.com\\\/?product=acuario-dymax-cristal-optico-24-litros-con-lampara-led-gs45#primaryimage\"},\"image\":{\"@id\":\"https:\\\/\\\/acuariosupremus.com\\\/?product=acuario-dymax-cristal-optico-24-litros-con-lampara-led-gs45#primaryimage\"},\"thumbnailUrl\":\"https:\\\/\\\/acuariosupremus.com\\\/wp-content\\\/uploads\\\/2022\\\/05\\\/acuario_dymax_gs-45_01.jpg\",\"datePublished\":\"2022-05-23T21:44:19+00:00\",\"dateModified\":\"2026-01-01T22:02:46+00:00\",\"description\":\"Acuario minimalista y elegante de 24 litros de capacidad elaborado en cristal de calidad \u00f3ptica, Incluye una luminaria LED ultra-delgada de alto brillo.\",\"breadcrumb\":{\"@id\":\"https:\\\/\\\/acuariosupremus.com\\\/?product=acuario-dymax-cristal-optico-24-litros-con-lampara-led-gs45#breadcrumb\"},\"inLanguage\":\"es\",\"potentialAction\":[{\"@type\":\"ReadAction\",\"target\":[\"https:\\\/\\\/acuariosupremus.com\\\/?product=acuario-dymax-cristal-optico-24-litros-con-lampara-led-gs45\"]}]},{\"@type\":\"ImageObject\",\"inLanguage\":\"es\",\"@id\":\"https:\\\/\\\/acuariosupremus.com\\\/?product=acuario-dymax-cristal-optico-24-litros-con-lampara-led-gs45#primaryimage\",\"url\":\"https:\\\/\\\/acuariosupremus.com\\\/wp-content\\\/uploads\\\/2022\\\/05\\\/acuario_dymax_gs-45_01.jpg\",\"contentUrl\":\"https:\\\/\\\/acuariosupremus.com\\\/wp-content\\\/uploads\\\/2022\\\/05\\\/acuario_dymax_gs-45_01.jpg\",\"width\":1250,\"height\":1250},{\"@type\":\"BreadcrumbList\",\"@id\":\"https:\\\/\\\/acuariosupremus.com\\\/?product=acuario-dymax-cristal-optico-24-litros-con-lampara-led-gs45#breadcrumb\",\"itemListElement\":[{\"@type\":\"ListItem\",\"position\":1,\"name\":\"Portada\",\"item\":\"https:\\\/\\\/acuariosupremus.com\\\/\"},{\"@type\":\"ListItem\",\"position\":2,\"name\":\"Tienda\",\"item\":\"https:\\\/\\\/acuariosupremus.com\\\/tienda\\\/\"},{\"@type\":\"ListItem\",\"position\":3,\"name\":\"Acuario cristal \u00f3ptico 24 litros con l\u00e1mpara LED DYMAX GS45.\"}]},{\"@type\":\"WebSite\",\"@id\":\"https:\\\/\\\/acuariosupremus.com\\\/#website\",\"url\":\"https:\\\/\\\/acuariosupremus.com\\\/\",\"name\":\"Acuario Supremus\",\"description\":\"Peces, Peceras y Mascotas.\",\"publisher\":{\"@id\":\"https:\\\/\\\/acuariosupremus.com\\\/#organization\"},\"potentialAction\":[{\"@type\":\"SearchAction\",\"target\":{\"@type\":\"EntryPoint\",\"urlTemplate\":\"https:\\\/\\\/acuariosupremus.com\\\/?s={search_term_string}\"},\"query-input\":{\"@type\":\"PropertyValueSpecification\",\"valueRequired\":true,\"valueName\":\"search_term_string\"}}],\"inLanguage\":\"es\"},{\"@type\":\"Organization\",\"@id\":\"https:\\\/\\\/acuariosupremus.com\\\/#organization\",\"name\":\"Acuario Supremus\",\"url\":\"https:\\\/\\\/acuariosupremus.com\\\/\",\"logo\":{\"@type\":\"ImageObject\",\"inLanguage\":\"es\",\"@id\":\"https:\\\/\\\/acuariosupremus.com\\\/#\\\/schema\\\/logo\\\/image\\\/\",\"url\":\"https:\\\/\\\/acuariosupremus.com\\\/wp-content\\\/uploads\\\/2021\\\/12\\\/cropped-logo_acuario_supremus_fn-2.png\",\"contentUrl\":\"https:\\\/\\\/acuariosupremus.com\\\/wp-content\\\/uploads\\\/2021\\\/12\\\/cropped-logo_acuario_supremus_fn-2.png\",\"width\":1000,\"height\":318,\"caption\":\"Acuario Supremus\"},\"image\":{\"@id\":\"https:\\\/\\\/acuariosupremus.com\\\/#\\\/schema\\\/logo\\\/image\\\/\"},\"sameAs\":[\"https:\\\/\\\/www.facebook.com\\\/AcuarioSupremus\",\"https:\\\/\\\/x.com\\\/AcuarioSupremus\",\"https:\\\/\\\/www.instagram.com\\\/acuariosupremus\\\/?hl=es\"]}]}<\/script>\n<!-- \/ Yoast SEO plugin. -->","yoast_head_json":{"title":"Acuario cristal \u00f3ptico 24 litros con l\u00e1mpara LED DYMAX GS45. | Acuario Supremus","description":"Acuario minimalista y elegante de 24 litros de capacidad elaborado en cristal de calidad \u00f3ptica, Incluye una luminaria LED ultra-delgada de alto brillo.","robots":{"index":"index","follow":"follow","max-snippet":"max-snippet:-1","max-image-preview":"max-image-preview:large","max-video-preview":"max-video-preview:-1"},"canonical":"https:\/\/acuariosupremus.com\/?product=acuario-dymax-cristal-optico-24-litros-con-lampara-led-gs45","og_locale":"es_MX","og_type":"article","og_title":"Acuario cristal \u00f3ptico 24 litros con l\u00e1mpara LED DYMAX GS45. | Acuario Supremus","og_description":"Acuario minimalista y elegante de 24 litros de capacidad elaborado en cristal de calidad \u00f3ptica, Incluye una luminaria LED ultra-delgada de alto brillo.","og_url":"https:\/\/acuariosupremus.com\/?product=acuario-dymax-cristal-optico-24-litros-con-lampara-led-gs45","og_site_name":"Acuario Supremus","article_publisher":"https:\/\/www.facebook.com\/AcuarioSupremus","article_modified_time":"2026-01-01T22:02:46+00:00","og_image":[{"width":1250,"height":1250,"url":"https:\/\/acuariosupremus.com\/wp-content\/uploads\/2022\/05\/acuario_dymax_gs-45_01.jpg","type":"image\/jpeg"}],"twitter_card":"summary_large_image","twitter_site":"@AcuarioSupremus","twitter_misc":{"Tiempo de lectura":"1 minuto"},"schema":{"@context":"https:\/\/schema.org","@graph":[{"@type":"WebPage","@id":"https:\/\/acuariosupremus.com\/?product=acuario-dymax-cristal-optico-24-litros-con-lampara-led-gs45","url":"https:\/\/acuariosupremus.com\/?product=acuario-dymax-cristal-optico-24-litros-con-lampara-led-gs45","name":"Acuario cristal \u00f3ptico 24 litros con l\u00e1mpara LED DYMAX GS45. | Acuario Supremus","isPartOf":{"@id":"https:\/\/acuariosupremus.com\/#website"},"primaryImageOfPage":{"@id":"https:\/\/acuariosupremus.com\/?product=acuario-dymax-cristal-optico-24-litros-con-lampara-led-gs45#primaryimage"},"image":{"@id":"https:\/\/acuariosupremus.com\/?product=acuario-dymax-cristal-optico-24-litros-con-lampara-led-gs45#primaryimage"},"thumbnailUrl":"https:\/\/acuariosupremus.com\/wp-content\/uploads\/2022\/05\/acuario_dymax_gs-45_01.jpg","datePublished":"2022-05-23T21:44:19+00:00","dateModified":"2026-01-01T22:02:46+00:00","description":"Acuario minimalista y elegante de 24 litros de capacidad elaborado en cristal de calidad \u00f3ptica, Incluye una luminaria LED ultra-delgada de alto brillo.","breadcrumb":{"@id":"https:\/\/acuariosupremus.com\/?product=acuario-dymax-cristal-optico-24-litros-con-lampara-led-gs45#breadcrumb"},"inLanguage":"es","potentialAction":[{"@type":"ReadAction","target":["https:\/\/acuariosupremus.com\/?product=acuario-dymax-cristal-optico-24-litros-con-lampara-led-gs45"]}]},{"@type":"ImageObject","inLanguage":"es","@id":"https:\/\/acuariosupremus.com\/?product=acuario-dymax-cristal-optico-24-litros-con-lampara-led-gs45#primaryimage","url":"https:\/\/acuariosupremus.com\/wp-content\/uploads\/2022\/05\/acuario_dymax_gs-45_01.jpg","contentUrl":"https:\/\/acuariosupremus.com\/wp-content\/uploads\/2022\/05\/acuario_dymax_gs-45_01.jpg","width":1250,"height":1250},{"@type":"BreadcrumbList","@id":"https:\/\/acuariosupremus.com\/?product=acuario-dymax-cristal-optico-24-litros-con-lampara-led-gs45#breadcrumb","itemListElement":[{"@type":"ListItem","position":1,"name":"Portada","item":"https:\/\/acuariosupremus.com\/"},{"@type":"ListItem","position":2,"name":"Tienda","item":"https:\/\/acuariosupremus.com\/tienda\/"},{"@type":"ListItem","position":3,"name":"Acuario cristal \u00f3ptico 24 litros con l\u00e1mpara LED DYMAX GS45."}]},{"@type":"WebSite","@id":"https:\/\/acuariosupremus.com\/#website","url":"https:\/\/acuariosupremus.com\/","name":"Acuario Supremus","description":"Peces, Peceras y Mascotas.","publisher":{"@id":"https:\/\/acuariosupremus.com\/#organization"},"potentialAction":[{"@type":"SearchAction","target":{"@type":"EntryPoint","urlTemplate":"https:\/\/acuariosupremus.com\/?s={search_term_string}"},"query-input":{"@type":"PropertyValueSpecification","valueRequired":true,"valueName":"search_term_string"}}],"inLanguage":"es"},{"@type":"Organization","@id":"https:\/\/acuariosupremus.com\/#organization","name":"Acuario Supremus","url":"https:\/\/acuariosupremus.com\/","logo":{"@type":"ImageObject","inLanguage":"es","@id":"https:\/\/acuariosupremus.com\/#\/schema\/logo\/image\/","url":"https:\/\/acuariosupremus.com\/wp-content\/uploads\/2021\/12\/cropped-logo_acuario_supremus_fn-2.png","contentUrl":"https:\/\/acuariosupremus.com\/wp-content\/uploads\/2021\/12\/cropped-logo_acuario_supremus_fn-2.png","width":1000,"height":318,"caption":"Acuario Supremus"},"image":{"@id":"https:\/\/acuariosupremus.com\/#\/schema\/logo\/image\/"},"sameAs":["https:\/\/www.facebook.com\/AcuarioSupremus","https:\/\/x.com\/AcuarioSupremus","https:\/\/www.instagram.com\/acuariosupremus\/?hl=es"]}]}},"jetpack_sharing_enabled":true,"_links":{"self":[{"href":"https:\/\/acuariosupremus.com\/index.php?rest_route=\/wp\/v2\/product\/10234","targetHints":{"allow":["GET"]}}],"collection":[{"href":"https:\/\/acuariosupremus.com\/index.php?rest_route=\/wp\/v2\/product"}],"about":[{"href":"https:\/\/acuariosupremus.com\/index.php?rest_route=\/wp\/v2\/types\/product"}],"wp:featuredmedia":[{"embeddable":true,"href":"https:\/\/acuariosupremus.com\/index.php?rest_route=\/wp\/v2\/media\/10235"}],"wp:attachment":[{"href":"https:\/\/acuariosupremus.com\/index.php?rest_route=%2Fwp%2Fv2%2Fmedia&parent=10234"}],"wp:term":[{"taxonomy":"product_brand","embeddable":true,"href":"https:\/\/acuariosupremus.com\/index.php?rest_route=%2Fwp%2Fv2%2Fproduct_brand&post=10234"},{"taxonomy":"product_cat","embeddable":true,"href":"https:\/\/acuariosupremus.com\/index.php?rest_route=%2Fwp%2Fv2%2Fproduct_cat&post=10234"},{"taxonomy":"product_tag","embeddable":true,"href":"https:\/\/acuariosupremus.com\/index.php?rest_route=%2Fwp%2Fv2%2Fproduct_tag&post=10234"}],"curies":[{"name":"wp","href":"https:\/\/api.w.org\/{rel}","templated":true}]}}