{"id":10278,"date":"2022-05-24T13:02:49","date_gmt":"2022-05-24T18:02:49","guid":{"rendered":"https:\/\/acuariosupremus.com\/?post_type=product&#038;p=10278"},"modified":"2026-01-01T16:04:04","modified_gmt":"2026-01-01T22:04:04","slug":"atomizador-dymax-de-ceramica-y-plastico-para-difundir-co2","status":"publish","type":"product","link":"https:\/\/acuariosupremus.com\/?product=atomizador-dymax-de-ceramica-y-plastico-para-difundir-co2","title":{"rendered":"Difusor DYMAX de cer\u00e1mica y pl\u00e1stico para difundir CO2."},"content":{"rendered":"<p>Presenta tres tama\u00f1os para adaptarse a las necesidades de cada acuario sin desperdiciar gas CO2. Incluyen una ventosa de sujeci\u00f3n transparente para fijarlos a las paredes de su acuario. El disco difusor de alta eficiencia no es remplazable, pero cuenta con una alta durabilidad y pueden ser limpiados peri\u00f3dicamente para alargar su vida \u00fatil<\/p>\n<p>Medidas: 50 x 40 x 45 (I x a x h mm.) Para acuarios hasta 100 (Litros) Medidas con embalaje 115 x 45 x 60 (l x a x h, mm.) Peso en seco 25 (grs.) Peso con embalaje 35 (grs.).<\/p>\n","protected":false},"excerpt":{"rendered":"<p>Difusores cer\u00e1micos realizados en pl\u00e1stico transparente de excelente calidad. Est\u00e1n dise\u00f1ados de forma elegante y extremadamente compacta para lograr una perfecta disoluci\u00f3n del gas CO2 en los acuarios plantados. Equipan un disco difusor cer\u00e1mico de alta calidad y durabilidad, capaz de emitir burbujas muy finas y homog\u00e9neas. Pueden ser limpiados peri\u00f3dicamente para alargar su vida \u00fatil. Su dise\u00f1o compacto les permite colocarlos dentro del acuario en un espacio muy reducido evitando posibles accidentes por fugas. Al ser completamente transparente, se integra con la decoraci\u00f3n de su acuario y permite el conteo previo de burbujas.<\/p>\n","protected":false},"featured_media":10279,"template":"","meta":[],"product_brand":[126],"product_cat":[40,56],"product_tag":[886],"class_list":{"0":"post-10278","1":"product","2":"type-product","3":"status-publish","4":"has-post-thumbnail","6":"product_brand-dymax","7":"product_cat-peces","8":"product_cat-plantas-naturales","9":"product_tag-difusor-de-co2","11":"first","12":"instock","13":"sale","14":"shipping-taxable","15":"purchasable","16":"product-type-simple"},"yoast_head":"<!-- This site is optimized with the Yoast SEO plugin v27.4 - https:\/\/yoast.com\/product\/yoast-seo-wordpress\/ -->\n<title>Difusor DYMAX de cer\u00e1mica y pl\u00e1stico para difundir CO2. | Acuario Supremus<\/title>\n<meta name=\"description\" content=\"Difusores cer\u00e1micos realizados en pl\u00e1stico transparente de calidad, dise\u00f1ados para lograr una perfecta disoluci\u00f3n del gas CO2 en los acuarios plantados.\" \/>\n<meta name=\"robots\" content=\"index, follow, max-snippet:-1, max-image-preview:large, max-video-preview:-1\" \/>\n<link rel=\"canonical\" href=\"https:\/\/acuariosupremus.com\/?product=atomizador-dymax-de-ceramica-y-plastico-para-difundir-co2\" \/>\n<meta property=\"og:locale\" content=\"es_MX\" \/>\n<meta property=\"og:type\" content=\"article\" \/>\n<meta property=\"og:title\" content=\"Difusor DYMAX de cer\u00e1mica y pl\u00e1stico para difundir CO2. | Acuario Supremus\" \/>\n<meta property=\"og:description\" content=\"Difusores cer\u00e1micos realizados en pl\u00e1stico transparente de calidad, dise\u00f1ados para lograr una perfecta disoluci\u00f3n del gas CO2 en los acuarios plantados.\" \/>\n<meta property=\"og:url\" content=\"https:\/\/acuariosupremus.com\/?product=atomizador-dymax-de-ceramica-y-plastico-para-difundir-co2\" \/>\n<meta property=\"og:site_name\" content=\"Acuario Supremus\" \/>\n<meta property=\"article:publisher\" content=\"https:\/\/www.facebook.com\/AcuarioSupremus\" \/>\n<meta property=\"article:modified_time\" content=\"2026-01-01T22:04:04+00:00\" \/>\n<meta property=\"og:image\" content=\"https:\/\/acuariosupremus.com\/wp-content\/uploads\/2022\/05\/difusor_co2_serie_ca_dymax_01.jpg\" \/>\n\t<meta property=\"og:image:width\" content=\"1250\" \/>\n\t<meta property=\"og:image:height\" content=\"1250\" \/>\n\t<meta property=\"og:image:type\" content=\"image\/jpeg\" \/>\n<meta name=\"twitter:card\" content=\"summary_large_image\" \/>\n<meta name=\"twitter:site\" content=\"@AcuarioSupremus\" \/>\n<meta name=\"twitter:label1\" content=\"Tiempo de lectura\" \/>\n\t<meta name=\"twitter:data1\" content=\"1 minuto\" \/>\n<script type=\"application\/ld+json\" class=\"yoast-schema-graph\">{\"@context\":\"https:\\\/\\\/schema.org\",\"@graph\":[{\"@type\":\"WebPage\",\"@id\":\"https:\\\/\\\/acuariosupremus.com\\\/?product=atomizador-dymax-de-ceramica-y-plastico-para-difundir-co2\",\"url\":\"https:\\\/\\\/acuariosupremus.com\\\/?product=atomizador-dymax-de-ceramica-y-plastico-para-difundir-co2\",\"name\":\"Difusor DYMAX de cer\u00e1mica y pl\u00e1stico para difundir CO2. | Acuario Supremus\",\"isPartOf\":{\"@id\":\"https:\\\/\\\/acuariosupremus.com\\\/#website\"},\"primaryImageOfPage\":{\"@id\":\"https:\\\/\\\/acuariosupremus.com\\\/?product=atomizador-dymax-de-ceramica-y-plastico-para-difundir-co2#primaryimage\"},\"image\":{\"@id\":\"https:\\\/\\\/acuariosupremus.com\\\/?product=atomizador-dymax-de-ceramica-y-plastico-para-difundir-co2#primaryimage\"},\"thumbnailUrl\":\"https:\\\/\\\/acuariosupremus.com\\\/wp-content\\\/uploads\\\/2022\\\/05\\\/difusor_co2_serie_ca_dymax_01.jpg\",\"datePublished\":\"2022-05-24T18:02:49+00:00\",\"dateModified\":\"2026-01-01T22:04:04+00:00\",\"description\":\"Difusores cer\u00e1micos realizados en pl\u00e1stico transparente de calidad, dise\u00f1ados para lograr una perfecta disoluci\u00f3n del gas CO2 en los acuarios plantados.\",\"breadcrumb\":{\"@id\":\"https:\\\/\\\/acuariosupremus.com\\\/?product=atomizador-dymax-de-ceramica-y-plastico-para-difundir-co2#breadcrumb\"},\"inLanguage\":\"es\",\"potentialAction\":[{\"@type\":\"ReadAction\",\"target\":[\"https:\\\/\\\/acuariosupremus.com\\\/?product=atomizador-dymax-de-ceramica-y-plastico-para-difundir-co2\"]}]},{\"@type\":\"ImageObject\",\"inLanguage\":\"es\",\"@id\":\"https:\\\/\\\/acuariosupremus.com\\\/?product=atomizador-dymax-de-ceramica-y-plastico-para-difundir-co2#primaryimage\",\"url\":\"https:\\\/\\\/acuariosupremus.com\\\/wp-content\\\/uploads\\\/2022\\\/05\\\/difusor_co2_serie_ca_dymax_01.jpg\",\"contentUrl\":\"https:\\\/\\\/acuariosupremus.com\\\/wp-content\\\/uploads\\\/2022\\\/05\\\/difusor_co2_serie_ca_dymax_01.jpg\",\"width\":1250,\"height\":1250},{\"@type\":\"BreadcrumbList\",\"@id\":\"https:\\\/\\\/acuariosupremus.com\\\/?product=atomizador-dymax-de-ceramica-y-plastico-para-difundir-co2#breadcrumb\",\"itemListElement\":[{\"@type\":\"ListItem\",\"position\":1,\"name\":\"Portada\",\"item\":\"https:\\\/\\\/acuariosupremus.com\\\/\"},{\"@type\":\"ListItem\",\"position\":2,\"name\":\"Tienda\",\"item\":\"https:\\\/\\\/acuariosupremus.com\\\/tienda\\\/\"},{\"@type\":\"ListItem\",\"position\":3,\"name\":\"Difusor DYMAX de cer\u00e1mica y pl\u00e1stico para difundir CO2.\"}]},{\"@type\":\"WebSite\",\"@id\":\"https:\\\/\\\/acuariosupremus.com\\\/#website\",\"url\":\"https:\\\/\\\/acuariosupremus.com\\\/\",\"name\":\"Acuario Supremus\",\"description\":\"Peces, Peceras y Mascotas.\",\"publisher\":{\"@id\":\"https:\\\/\\\/acuariosupremus.com\\\/#organization\"},\"potentialAction\":[{\"@type\":\"SearchAction\",\"target\":{\"@type\":\"EntryPoint\",\"urlTemplate\":\"https:\\\/\\\/acuariosupremus.com\\\/?s={search_term_string}\"},\"query-input\":{\"@type\":\"PropertyValueSpecification\",\"valueRequired\":true,\"valueName\":\"search_term_string\"}}],\"inLanguage\":\"es\"},{\"@type\":\"Organization\",\"@id\":\"https:\\\/\\\/acuariosupremus.com\\\/#organization\",\"name\":\"Acuario Supremus\",\"url\":\"https:\\\/\\\/acuariosupremus.com\\\/\",\"logo\":{\"@type\":\"ImageObject\",\"inLanguage\":\"es\",\"@id\":\"https:\\\/\\\/acuariosupremus.com\\\/#\\\/schema\\\/logo\\\/image\\\/\",\"url\":\"https:\\\/\\\/acuariosupremus.com\\\/wp-content\\\/uploads\\\/2021\\\/12\\\/cropped-logo_acuario_supremus_fn-2.png\",\"contentUrl\":\"https:\\\/\\\/acuariosupremus.com\\\/wp-content\\\/uploads\\\/2021\\\/12\\\/cropped-logo_acuario_supremus_fn-2.png\",\"width\":1000,\"height\":318,\"caption\":\"Acuario Supremus\"},\"image\":{\"@id\":\"https:\\\/\\\/acuariosupremus.com\\\/#\\\/schema\\\/logo\\\/image\\\/\"},\"sameAs\":[\"https:\\\/\\\/www.facebook.com\\\/AcuarioSupremus\",\"https:\\\/\\\/x.com\\\/AcuarioSupremus\",\"https:\\\/\\\/www.instagram.com\\\/acuariosupremus\\\/?hl=es\"]}]}<\/script>\n<!-- \/ Yoast SEO plugin. -->","yoast_head_json":{"title":"Difusor DYMAX de cer\u00e1mica y pl\u00e1stico para difundir CO2. | Acuario Supremus","description":"Difusores cer\u00e1micos realizados en pl\u00e1stico transparente de calidad, dise\u00f1ados para lograr una perfecta disoluci\u00f3n del gas CO2 en los acuarios plantados.","robots":{"index":"index","follow":"follow","max-snippet":"max-snippet:-1","max-image-preview":"max-image-preview:large","max-video-preview":"max-video-preview:-1"},"canonical":"https:\/\/acuariosupremus.com\/?product=atomizador-dymax-de-ceramica-y-plastico-para-difundir-co2","og_locale":"es_MX","og_type":"article","og_title":"Difusor DYMAX de cer\u00e1mica y pl\u00e1stico para difundir CO2. | Acuario Supremus","og_description":"Difusores cer\u00e1micos realizados en pl\u00e1stico transparente de calidad, dise\u00f1ados para lograr una perfecta disoluci\u00f3n del gas CO2 en los acuarios plantados.","og_url":"https:\/\/acuariosupremus.com\/?product=atomizador-dymax-de-ceramica-y-plastico-para-difundir-co2","og_site_name":"Acuario Supremus","article_publisher":"https:\/\/www.facebook.com\/AcuarioSupremus","article_modified_time":"2026-01-01T22:04:04+00:00","og_image":[{"width":1250,"height":1250,"url":"https:\/\/acuariosupremus.com\/wp-content\/uploads\/2022\/05\/difusor_co2_serie_ca_dymax_01.jpg","type":"image\/jpeg"}],"twitter_card":"summary_large_image","twitter_site":"@AcuarioSupremus","twitter_misc":{"Tiempo de lectura":"1 minuto"},"schema":{"@context":"https:\/\/schema.org","@graph":[{"@type":"WebPage","@id":"https:\/\/acuariosupremus.com\/?product=atomizador-dymax-de-ceramica-y-plastico-para-difundir-co2","url":"https:\/\/acuariosupremus.com\/?product=atomizador-dymax-de-ceramica-y-plastico-para-difundir-co2","name":"Difusor DYMAX de cer\u00e1mica y pl\u00e1stico para difundir CO2. | Acuario Supremus","isPartOf":{"@id":"https:\/\/acuariosupremus.com\/#website"},"primaryImageOfPage":{"@id":"https:\/\/acuariosupremus.com\/?product=atomizador-dymax-de-ceramica-y-plastico-para-difundir-co2#primaryimage"},"image":{"@id":"https:\/\/acuariosupremus.com\/?product=atomizador-dymax-de-ceramica-y-plastico-para-difundir-co2#primaryimage"},"thumbnailUrl":"https:\/\/acuariosupremus.com\/wp-content\/uploads\/2022\/05\/difusor_co2_serie_ca_dymax_01.jpg","datePublished":"2022-05-24T18:02:49+00:00","dateModified":"2026-01-01T22:04:04+00:00","description":"Difusores cer\u00e1micos realizados en pl\u00e1stico transparente de calidad, dise\u00f1ados para lograr una perfecta disoluci\u00f3n del gas CO2 en los acuarios plantados.","breadcrumb":{"@id":"https:\/\/acuariosupremus.com\/?product=atomizador-dymax-de-ceramica-y-plastico-para-difundir-co2#breadcrumb"},"inLanguage":"es","potentialAction":[{"@type":"ReadAction","target":["https:\/\/acuariosupremus.com\/?product=atomizador-dymax-de-ceramica-y-plastico-para-difundir-co2"]}]},{"@type":"ImageObject","inLanguage":"es","@id":"https:\/\/acuariosupremus.com\/?product=atomizador-dymax-de-ceramica-y-plastico-para-difundir-co2#primaryimage","url":"https:\/\/acuariosupremus.com\/wp-content\/uploads\/2022\/05\/difusor_co2_serie_ca_dymax_01.jpg","contentUrl":"https:\/\/acuariosupremus.com\/wp-content\/uploads\/2022\/05\/difusor_co2_serie_ca_dymax_01.jpg","width":1250,"height":1250},{"@type":"BreadcrumbList","@id":"https:\/\/acuariosupremus.com\/?product=atomizador-dymax-de-ceramica-y-plastico-para-difundir-co2#breadcrumb","itemListElement":[{"@type":"ListItem","position":1,"name":"Portada","item":"https:\/\/acuariosupremus.com\/"},{"@type":"ListItem","position":2,"name":"Tienda","item":"https:\/\/acuariosupremus.com\/tienda\/"},{"@type":"ListItem","position":3,"name":"Difusor DYMAX de cer\u00e1mica y pl\u00e1stico para difundir CO2."}]},{"@type":"WebSite","@id":"https:\/\/acuariosupremus.com\/#website","url":"https:\/\/acuariosupremus.com\/","name":"Acuario Supremus","description":"Peces, Peceras y Mascotas.","publisher":{"@id":"https:\/\/acuariosupremus.com\/#organization"},"potentialAction":[{"@type":"SearchAction","target":{"@type":"EntryPoint","urlTemplate":"https:\/\/acuariosupremus.com\/?s={search_term_string}"},"query-input":{"@type":"PropertyValueSpecification","valueRequired":true,"valueName":"search_term_string"}}],"inLanguage":"es"},{"@type":"Organization","@id":"https:\/\/acuariosupremus.com\/#organization","name":"Acuario Supremus","url":"https:\/\/acuariosupremus.com\/","logo":{"@type":"ImageObject","inLanguage":"es","@id":"https:\/\/acuariosupremus.com\/#\/schema\/logo\/image\/","url":"https:\/\/acuariosupremus.com\/wp-content\/uploads\/2021\/12\/cropped-logo_acuario_supremus_fn-2.png","contentUrl":"https:\/\/acuariosupremus.com\/wp-content\/uploads\/2021\/12\/cropped-logo_acuario_supremus_fn-2.png","width":1000,"height":318,"caption":"Acuario Supremus"},"image":{"@id":"https:\/\/acuariosupremus.com\/#\/schema\/logo\/image\/"},"sameAs":["https:\/\/www.facebook.com\/AcuarioSupremus","https:\/\/x.com\/AcuarioSupremus","https:\/\/www.instagram.com\/acuariosupremus\/?hl=es"]}]}},"jetpack_sharing_enabled":true,"_links":{"self":[{"href":"https:\/\/acuariosupremus.com\/index.php?rest_route=\/wp\/v2\/product\/10278","targetHints":{"allow":["GET"]}}],"collection":[{"href":"https:\/\/acuariosupremus.com\/index.php?rest_route=\/wp\/v2\/product"}],"about":[{"href":"https:\/\/acuariosupremus.com\/index.php?rest_route=\/wp\/v2\/types\/product"}],"wp:featuredmedia":[{"embeddable":true,"href":"https:\/\/acuariosupremus.com\/index.php?rest_route=\/wp\/v2\/media\/10279"}],"wp:attachment":[{"href":"https:\/\/acuariosupremus.com\/index.php?rest_route=%2Fwp%2Fv2%2Fmedia&parent=10278"}],"wp:term":[{"taxonomy":"product_brand","embeddable":true,"href":"https:\/\/acuariosupremus.com\/index.php?rest_route=%2Fwp%2Fv2%2Fproduct_brand&post=10278"},{"taxonomy":"product_cat","embeddable":true,"href":"https:\/\/acuariosupremus.com\/index.php?rest_route=%2Fwp%2Fv2%2Fproduct_cat&post=10278"},{"taxonomy":"product_tag","embeddable":true,"href":"https:\/\/acuariosupremus.com\/index.php?rest_route=%2Fwp%2Fv2%2Fproduct_tag&post=10278"}],"curies":[{"name":"wp","href":"https:\/\/api.w.org\/{rel}","templated":true}]}}