{"id":10316,"date":"2022-05-24T14:51:45","date_gmt":"2022-05-24T19:51:45","guid":{"rendered":"https:\/\/acuariosupremus.com\/?post_type=product&#038;p=10316"},"modified":"2026-01-01T16:07:48","modified_gmt":"2026-01-01T22:07:48","slug":"disco-ceramica-para-difusor-de-o-36-mm-repuesto","status":"publish","type":"product","link":"https:\/\/acuariosupremus.com\/?product=disco-ceramica-para-difusor-de-o-36-mm-repuesto","title":{"rendered":"Disco ceramica para difusor de \u00d8 36 mm, Repuesto."},"content":{"rendered":"<p>Di\u00e1metro de Difusor: 32 (mm) Medidas: 32 x 5 (I x a x h mm) Medidas con embalaje 32 x 5 (mm) Peso 10(grs.) Peso con embalaje 10 (grs.).<\/p>\n","protected":false},"excerpt":{"rendered":"<p>Repuesto para difusor de \u00d8 36 mm Disco ceramica<\/p>\n<p>Modelos: DYDAI36<\/p>\n","protected":false},"featured_media":10305,"template":"","meta":[],"product_brand":[126],"product_cat":[40,56,59],"product_tag":[922],"class_list":{"0":"post-10316","1":"product","2":"type-product","3":"status-publish","4":"has-post-thumbnail","6":"product_brand-dymax","7":"product_cat-peces","8":"product_cat-plantas-naturales","9":"product_cat-repuestos","10":"product_tag-difusor-de-co2-acero-inoxidable","12":"first","13":"instock","14":"sale","15":"shipping-taxable","16":"purchasable","17":"product-type-simple"},"yoast_head":"<!-- This site is optimized with the Yoast SEO plugin v27.4 - https:\/\/yoast.com\/product\/yoast-seo-wordpress\/ -->\n<title>Disco ceramica para difusor de \u00d8 36 mm, Repuesto. | Acuario Supremus<\/title>\n<meta name=\"description\" content=\"Repuesto para difusor de \u00d8 36 mm Disco cer\u00e1mica para el modelo : DYDAI36\" \/>\n<meta name=\"robots\" content=\"index, follow, max-snippet:-1, max-image-preview:large, max-video-preview:-1\" \/>\n<link rel=\"canonical\" href=\"https:\/\/acuariosupremus.com\/?product=disco-ceramica-para-difusor-de-o-36-mm-repuesto\" \/>\n<meta property=\"og:locale\" content=\"es_MX\" \/>\n<meta property=\"og:type\" content=\"article\" \/>\n<meta property=\"og:title\" content=\"Disco ceramica para difusor de \u00d8 36 mm, Repuesto. | Acuario Supremus\" \/>\n<meta property=\"og:description\" content=\"Repuesto para difusor de \u00d8 36 mm Disco cer\u00e1mica para el modelo : DYDAI36\" \/>\n<meta property=\"og:url\" content=\"https:\/\/acuariosupremus.com\/?product=disco-ceramica-para-difusor-de-o-36-mm-repuesto\" \/>\n<meta property=\"og:site_name\" content=\"Acuario Supremus\" \/>\n<meta property=\"article:publisher\" content=\"https:\/\/www.facebook.com\/AcuarioSupremus\" \/>\n<meta property=\"article:modified_time\" content=\"2026-01-01T22:07:48+00:00\" \/>\n<meta property=\"og:image\" content=\"https:\/\/acuariosupremus.com\/wp-content\/uploads\/2022\/05\/difusor_acero_dymax_07.jpg\" \/>\n\t<meta property=\"og:image:width\" content=\"1250\" \/>\n\t<meta property=\"og:image:height\" content=\"1250\" \/>\n\t<meta property=\"og:image:type\" content=\"image\/jpeg\" \/>\n<meta name=\"twitter:card\" content=\"summary_large_image\" \/>\n<meta name=\"twitter:site\" content=\"@AcuarioSupremus\" \/>\n<meta name=\"twitter:label1\" content=\"Tiempo de lectura\" \/>\n\t<meta name=\"twitter:data1\" content=\"1 minuto\" \/>\n<script type=\"application\/ld+json\" class=\"yoast-schema-graph\">{\"@context\":\"https:\\\/\\\/schema.org\",\"@graph\":[{\"@type\":\"WebPage\",\"@id\":\"https:\\\/\\\/acuariosupremus.com\\\/?product=disco-ceramica-para-difusor-de-o-36-mm-repuesto\",\"url\":\"https:\\\/\\\/acuariosupremus.com\\\/?product=disco-ceramica-para-difusor-de-o-36-mm-repuesto\",\"name\":\"Disco ceramica para difusor de \u00d8 36 mm, Repuesto. | Acuario Supremus\",\"isPartOf\":{\"@id\":\"https:\\\/\\\/acuariosupremus.com\\\/#website\"},\"primaryImageOfPage\":{\"@id\":\"https:\\\/\\\/acuariosupremus.com\\\/?product=disco-ceramica-para-difusor-de-o-36-mm-repuesto#primaryimage\"},\"image\":{\"@id\":\"https:\\\/\\\/acuariosupremus.com\\\/?product=disco-ceramica-para-difusor-de-o-36-mm-repuesto#primaryimage\"},\"thumbnailUrl\":\"https:\\\/\\\/acuariosupremus.com\\\/wp-content\\\/uploads\\\/2022\\\/05\\\/difusor_acero_dymax_07.jpg\",\"datePublished\":\"2022-05-24T19:51:45+00:00\",\"dateModified\":\"2026-01-01T22:07:48+00:00\",\"description\":\"Repuesto para difusor de \u00d8 36 mm Disco cer\u00e1mica para el modelo : DYDAI36\",\"breadcrumb\":{\"@id\":\"https:\\\/\\\/acuariosupremus.com\\\/?product=disco-ceramica-para-difusor-de-o-36-mm-repuesto#breadcrumb\"},\"inLanguage\":\"es\",\"potentialAction\":[{\"@type\":\"ReadAction\",\"target\":[\"https:\\\/\\\/acuariosupremus.com\\\/?product=disco-ceramica-para-difusor-de-o-36-mm-repuesto\"]}]},{\"@type\":\"ImageObject\",\"inLanguage\":\"es\",\"@id\":\"https:\\\/\\\/acuariosupremus.com\\\/?product=disco-ceramica-para-difusor-de-o-36-mm-repuesto#primaryimage\",\"url\":\"https:\\\/\\\/acuariosupremus.com\\\/wp-content\\\/uploads\\\/2022\\\/05\\\/difusor_acero_dymax_07.jpg\",\"contentUrl\":\"https:\\\/\\\/acuariosupremus.com\\\/wp-content\\\/uploads\\\/2022\\\/05\\\/difusor_acero_dymax_07.jpg\",\"width\":1250,\"height\":1250},{\"@type\":\"BreadcrumbList\",\"@id\":\"https:\\\/\\\/acuariosupremus.com\\\/?product=disco-ceramica-para-difusor-de-o-36-mm-repuesto#breadcrumb\",\"itemListElement\":[{\"@type\":\"ListItem\",\"position\":1,\"name\":\"Portada\",\"item\":\"https:\\\/\\\/acuariosupremus.com\\\/\"},{\"@type\":\"ListItem\",\"position\":2,\"name\":\"Tienda\",\"item\":\"https:\\\/\\\/acuariosupremus.com\\\/tienda\\\/\"},{\"@type\":\"ListItem\",\"position\":3,\"name\":\"Disco ceramica para difusor de \u00d8 36 mm, Repuesto.\"}]},{\"@type\":\"WebSite\",\"@id\":\"https:\\\/\\\/acuariosupremus.com\\\/#website\",\"url\":\"https:\\\/\\\/acuariosupremus.com\\\/\",\"name\":\"Acuario Supremus\",\"description\":\"Peces, Peceras y Mascotas.\",\"publisher\":{\"@id\":\"https:\\\/\\\/acuariosupremus.com\\\/#organization\"},\"potentialAction\":[{\"@type\":\"SearchAction\",\"target\":{\"@type\":\"EntryPoint\",\"urlTemplate\":\"https:\\\/\\\/acuariosupremus.com\\\/?s={search_term_string}\"},\"query-input\":{\"@type\":\"PropertyValueSpecification\",\"valueRequired\":true,\"valueName\":\"search_term_string\"}}],\"inLanguage\":\"es\"},{\"@type\":\"Organization\",\"@id\":\"https:\\\/\\\/acuariosupremus.com\\\/#organization\",\"name\":\"Acuario Supremus\",\"url\":\"https:\\\/\\\/acuariosupremus.com\\\/\",\"logo\":{\"@type\":\"ImageObject\",\"inLanguage\":\"es\",\"@id\":\"https:\\\/\\\/acuariosupremus.com\\\/#\\\/schema\\\/logo\\\/image\\\/\",\"url\":\"https:\\\/\\\/acuariosupremus.com\\\/wp-content\\\/uploads\\\/2021\\\/12\\\/cropped-logo_acuario_supremus_fn-2.png\",\"contentUrl\":\"https:\\\/\\\/acuariosupremus.com\\\/wp-content\\\/uploads\\\/2021\\\/12\\\/cropped-logo_acuario_supremus_fn-2.png\",\"width\":1000,\"height\":318,\"caption\":\"Acuario Supremus\"},\"image\":{\"@id\":\"https:\\\/\\\/acuariosupremus.com\\\/#\\\/schema\\\/logo\\\/image\\\/\"},\"sameAs\":[\"https:\\\/\\\/www.facebook.com\\\/AcuarioSupremus\",\"https:\\\/\\\/x.com\\\/AcuarioSupremus\",\"https:\\\/\\\/www.instagram.com\\\/acuariosupremus\\\/?hl=es\"]}]}<\/script>\n<!-- \/ Yoast SEO plugin. -->","yoast_head_json":{"title":"Disco ceramica para difusor de \u00d8 36 mm, Repuesto. | Acuario Supremus","description":"Repuesto para difusor de \u00d8 36 mm Disco cer\u00e1mica para el modelo : DYDAI36","robots":{"index":"index","follow":"follow","max-snippet":"max-snippet:-1","max-image-preview":"max-image-preview:large","max-video-preview":"max-video-preview:-1"},"canonical":"https:\/\/acuariosupremus.com\/?product=disco-ceramica-para-difusor-de-o-36-mm-repuesto","og_locale":"es_MX","og_type":"article","og_title":"Disco ceramica para difusor de \u00d8 36 mm, Repuesto. | Acuario Supremus","og_description":"Repuesto para difusor de \u00d8 36 mm Disco cer\u00e1mica para el modelo : DYDAI36","og_url":"https:\/\/acuariosupremus.com\/?product=disco-ceramica-para-difusor-de-o-36-mm-repuesto","og_site_name":"Acuario Supremus","article_publisher":"https:\/\/www.facebook.com\/AcuarioSupremus","article_modified_time":"2026-01-01T22:07:48+00:00","og_image":[{"width":1250,"height":1250,"url":"https:\/\/acuariosupremus.com\/wp-content\/uploads\/2022\/05\/difusor_acero_dymax_07.jpg","type":"image\/jpeg"}],"twitter_card":"summary_large_image","twitter_site":"@AcuarioSupremus","twitter_misc":{"Tiempo de lectura":"1 minuto"},"schema":{"@context":"https:\/\/schema.org","@graph":[{"@type":"WebPage","@id":"https:\/\/acuariosupremus.com\/?product=disco-ceramica-para-difusor-de-o-36-mm-repuesto","url":"https:\/\/acuariosupremus.com\/?product=disco-ceramica-para-difusor-de-o-36-mm-repuesto","name":"Disco ceramica para difusor de \u00d8 36 mm, Repuesto. | Acuario Supremus","isPartOf":{"@id":"https:\/\/acuariosupremus.com\/#website"},"primaryImageOfPage":{"@id":"https:\/\/acuariosupremus.com\/?product=disco-ceramica-para-difusor-de-o-36-mm-repuesto#primaryimage"},"image":{"@id":"https:\/\/acuariosupremus.com\/?product=disco-ceramica-para-difusor-de-o-36-mm-repuesto#primaryimage"},"thumbnailUrl":"https:\/\/acuariosupremus.com\/wp-content\/uploads\/2022\/05\/difusor_acero_dymax_07.jpg","datePublished":"2022-05-24T19:51:45+00:00","dateModified":"2026-01-01T22:07:48+00:00","description":"Repuesto para difusor de \u00d8 36 mm Disco cer\u00e1mica para el modelo : DYDAI36","breadcrumb":{"@id":"https:\/\/acuariosupremus.com\/?product=disco-ceramica-para-difusor-de-o-36-mm-repuesto#breadcrumb"},"inLanguage":"es","potentialAction":[{"@type":"ReadAction","target":["https:\/\/acuariosupremus.com\/?product=disco-ceramica-para-difusor-de-o-36-mm-repuesto"]}]},{"@type":"ImageObject","inLanguage":"es","@id":"https:\/\/acuariosupremus.com\/?product=disco-ceramica-para-difusor-de-o-36-mm-repuesto#primaryimage","url":"https:\/\/acuariosupremus.com\/wp-content\/uploads\/2022\/05\/difusor_acero_dymax_07.jpg","contentUrl":"https:\/\/acuariosupremus.com\/wp-content\/uploads\/2022\/05\/difusor_acero_dymax_07.jpg","width":1250,"height":1250},{"@type":"BreadcrumbList","@id":"https:\/\/acuariosupremus.com\/?product=disco-ceramica-para-difusor-de-o-36-mm-repuesto#breadcrumb","itemListElement":[{"@type":"ListItem","position":1,"name":"Portada","item":"https:\/\/acuariosupremus.com\/"},{"@type":"ListItem","position":2,"name":"Tienda","item":"https:\/\/acuariosupremus.com\/tienda\/"},{"@type":"ListItem","position":3,"name":"Disco ceramica para difusor de \u00d8 36 mm, Repuesto."}]},{"@type":"WebSite","@id":"https:\/\/acuariosupremus.com\/#website","url":"https:\/\/acuariosupremus.com\/","name":"Acuario Supremus","description":"Peces, Peceras y Mascotas.","publisher":{"@id":"https:\/\/acuariosupremus.com\/#organization"},"potentialAction":[{"@type":"SearchAction","target":{"@type":"EntryPoint","urlTemplate":"https:\/\/acuariosupremus.com\/?s={search_term_string}"},"query-input":{"@type":"PropertyValueSpecification","valueRequired":true,"valueName":"search_term_string"}}],"inLanguage":"es"},{"@type":"Organization","@id":"https:\/\/acuariosupremus.com\/#organization","name":"Acuario Supremus","url":"https:\/\/acuariosupremus.com\/","logo":{"@type":"ImageObject","inLanguage":"es","@id":"https:\/\/acuariosupremus.com\/#\/schema\/logo\/image\/","url":"https:\/\/acuariosupremus.com\/wp-content\/uploads\/2021\/12\/cropped-logo_acuario_supremus_fn-2.png","contentUrl":"https:\/\/acuariosupremus.com\/wp-content\/uploads\/2021\/12\/cropped-logo_acuario_supremus_fn-2.png","width":1000,"height":318,"caption":"Acuario Supremus"},"image":{"@id":"https:\/\/acuariosupremus.com\/#\/schema\/logo\/image\/"},"sameAs":["https:\/\/www.facebook.com\/AcuarioSupremus","https:\/\/x.com\/AcuarioSupremus","https:\/\/www.instagram.com\/acuariosupremus\/?hl=es"]}]}},"jetpack_sharing_enabled":true,"_links":{"self":[{"href":"https:\/\/acuariosupremus.com\/index.php?rest_route=\/wp\/v2\/product\/10316","targetHints":{"allow":["GET"]}}],"collection":[{"href":"https:\/\/acuariosupremus.com\/index.php?rest_route=\/wp\/v2\/product"}],"about":[{"href":"https:\/\/acuariosupremus.com\/index.php?rest_route=\/wp\/v2\/types\/product"}],"wp:featuredmedia":[{"embeddable":true,"href":"https:\/\/acuariosupremus.com\/index.php?rest_route=\/wp\/v2\/media\/10305"}],"wp:attachment":[{"href":"https:\/\/acuariosupremus.com\/index.php?rest_route=%2Fwp%2Fv2%2Fmedia&parent=10316"}],"wp:term":[{"taxonomy":"product_brand","embeddable":true,"href":"https:\/\/acuariosupremus.com\/index.php?rest_route=%2Fwp%2Fv2%2Fproduct_brand&post=10316"},{"taxonomy":"product_cat","embeddable":true,"href":"https:\/\/acuariosupremus.com\/index.php?rest_route=%2Fwp%2Fv2%2Fproduct_cat&post=10316"},{"taxonomy":"product_tag","embeddable":true,"href":"https:\/\/acuariosupremus.com\/index.php?rest_route=%2Fwp%2Fv2%2Fproduct_tag&post=10316"}],"curies":[{"name":"wp","href":"https:\/\/api.w.org\/{rel}","templated":true}]}}