{"id":10330,"date":"2022-05-24T15:46:11","date_gmt":"2022-05-24T20:46:11","guid":{"rendered":"https:\/\/acuariosupremus.com\/?post_type=product&#038;p=10330"},"modified":"2026-01-01T16:08:16","modified_gmt":"2026-01-01T22:08:16","slug":"difusor-ceramica-y-vidrio-profesional-co2-dymax-ga104s","status":"publish","type":"product","link":"https:\/\/acuariosupremus.com\/?product=difusor-ceramica-y-vidrio-profesional-co2-dymax-ga104s","title":{"rendered":"Difusor cer\u00e1mica y vidrio profesional CO2, DYMAX GA104S."},"content":{"rendered":"<p>Los Difusores cer\u00e1micos serie GA equipan un disco difusor cer\u00e1mico de alta calidad y durabilidad, capaz de emitir burbujas muy finas y homog\u00e9neas. Puede ser limpiado peri\u00f3dicamente para mantener su alto rendimiento y alargar su vida \u00fatil. Esta l\u00ednea presenta tres tama\u00f1os para adaptarse a las necesidades de cada acuario sin desperdiciar gas CO2. Su dise\u00f1o compacto le permite colocarlo dentro del agua en un espacio muy reducido evitando posibles accidentes por fugas.<\/p>\n<p>Modelo: DYA-104 S \u00a0Medidas: 32x40x35 (\u00d8 x h mm) Di\u00e1metro del Difusor: 18 (\u00d8 mm) Para acuarios hasta 80 (Litros) Medidas con embalaje 102 x 80 x 45 (l x a x h, mm) Peso en seco 10 (g) Peso con embalaje 35 (g).<\/p>\n","protected":false},"excerpt":{"rendered":"<p>Difusores cer\u00e1micos Premiun realizados en vidrio de excelente calidad.<\/p>\n<p>Est\u00e1n dise\u00f1ados de forma elegante y extremadamente compacta para lograr una perfecta disoluci\u00f3n del gas CO2 en los acuarios plantados. Su dise\u00f1o de inyecci\u00f3n en un tubo con forma de \u201cJ\u201d o lateral evita curvas innecesarias en la manguera que puedan colapsarla.<\/p>\n","protected":false},"featured_media":10331,"template":"","meta":[],"product_brand":[126],"product_cat":[40,56],"product_tag":[856],"class_list":{"0":"post-10330","1":"product","2":"type-product","3":"status-publish","4":"has-post-thumbnail","6":"product_brand-dymax","7":"product_cat-peces","8":"product_cat-plantas-naturales","9":"product_tag-difusor-de-ceramica-y-vidrio-para-gas-co2","11":"first","12":"instock","13":"sale","14":"shipping-taxable","15":"purchasable","16":"product-type-simple"},"yoast_head":"<!-- This site is optimized with the Yoast SEO plugin v27.4 - https:\/\/yoast.com\/product\/yoast-seo-wordpress\/ -->\n<title>Difusor cer\u00e1mica y vidrio profesional CO2, DYMAX GA104S. | Acuario Supremus<\/title>\n<meta name=\"description\" content=\"Difusores cer\u00e1micos Premiun realizados en vidrio de excelente calidad, para lograr una perfecta disoluci\u00f3n del gas CO2 en los acuarios plantados.\" \/>\n<meta name=\"robots\" content=\"index, follow, max-snippet:-1, max-image-preview:large, max-video-preview:-1\" \/>\n<link rel=\"canonical\" href=\"https:\/\/acuariosupremus.com\/?product=difusor-ceramica-y-vidrio-profesional-co2-dymax-ga104s\" \/>\n<meta property=\"og:locale\" content=\"es_MX\" \/>\n<meta property=\"og:type\" content=\"article\" \/>\n<meta property=\"og:title\" content=\"Difusor cer\u00e1mica y vidrio profesional CO2, DYMAX GA104S. | Acuario Supremus\" \/>\n<meta property=\"og:description\" content=\"Difusores cer\u00e1micos Premiun realizados en vidrio de excelente calidad, para lograr una perfecta disoluci\u00f3n del gas CO2 en los acuarios plantados.\" \/>\n<meta property=\"og:url\" content=\"https:\/\/acuariosupremus.com\/?product=difusor-ceramica-y-vidrio-profesional-co2-dymax-ga104s\" \/>\n<meta property=\"og:site_name\" content=\"Acuario Supremus\" \/>\n<meta property=\"article:publisher\" content=\"https:\/\/www.facebook.com\/AcuarioSupremus\" \/>\n<meta property=\"article:modified_time\" content=\"2026-01-01T22:08:16+00:00\" \/>\n<meta property=\"og:image\" content=\"https:\/\/acuariosupremus.com\/wp-content\/uploads\/2022\/05\/difusor_co2_serie_ga_dymax_04.jpg\" \/>\n\t<meta property=\"og:image:width\" content=\"1250\" \/>\n\t<meta property=\"og:image:height\" content=\"1250\" \/>\n\t<meta property=\"og:image:type\" content=\"image\/jpeg\" \/>\n<meta name=\"twitter:card\" content=\"summary_large_image\" \/>\n<meta name=\"twitter:site\" content=\"@AcuarioSupremus\" \/>\n<meta name=\"twitter:label1\" content=\"Tiempo de lectura\" \/>\n\t<meta name=\"twitter:data1\" content=\"1 minuto\" \/>\n<script type=\"application\/ld+json\" class=\"yoast-schema-graph\">{\"@context\":\"https:\\\/\\\/schema.org\",\"@graph\":[{\"@type\":\"WebPage\",\"@id\":\"https:\\\/\\\/acuariosupremus.com\\\/?product=difusor-ceramica-y-vidrio-profesional-co2-dymax-ga104s\",\"url\":\"https:\\\/\\\/acuariosupremus.com\\\/?product=difusor-ceramica-y-vidrio-profesional-co2-dymax-ga104s\",\"name\":\"Difusor cer\u00e1mica y vidrio profesional CO2, DYMAX GA104S. | Acuario Supremus\",\"isPartOf\":{\"@id\":\"https:\\\/\\\/acuariosupremus.com\\\/#website\"},\"primaryImageOfPage\":{\"@id\":\"https:\\\/\\\/acuariosupremus.com\\\/?product=difusor-ceramica-y-vidrio-profesional-co2-dymax-ga104s#primaryimage\"},\"image\":{\"@id\":\"https:\\\/\\\/acuariosupremus.com\\\/?product=difusor-ceramica-y-vidrio-profesional-co2-dymax-ga104s#primaryimage\"},\"thumbnailUrl\":\"https:\\\/\\\/acuariosupremus.com\\\/wp-content\\\/uploads\\\/2022\\\/05\\\/difusor_co2_serie_ga_dymax_04.jpg\",\"datePublished\":\"2022-05-24T20:46:11+00:00\",\"dateModified\":\"2026-01-01T22:08:16+00:00\",\"description\":\"Difusores cer\u00e1micos Premiun realizados en vidrio de excelente calidad, para lograr una perfecta disoluci\u00f3n del gas CO2 en los acuarios plantados.\",\"breadcrumb\":{\"@id\":\"https:\\\/\\\/acuariosupremus.com\\\/?product=difusor-ceramica-y-vidrio-profesional-co2-dymax-ga104s#breadcrumb\"},\"inLanguage\":\"es\",\"potentialAction\":[{\"@type\":\"ReadAction\",\"target\":[\"https:\\\/\\\/acuariosupremus.com\\\/?product=difusor-ceramica-y-vidrio-profesional-co2-dymax-ga104s\"]}]},{\"@type\":\"ImageObject\",\"inLanguage\":\"es\",\"@id\":\"https:\\\/\\\/acuariosupremus.com\\\/?product=difusor-ceramica-y-vidrio-profesional-co2-dymax-ga104s#primaryimage\",\"url\":\"https:\\\/\\\/acuariosupremus.com\\\/wp-content\\\/uploads\\\/2022\\\/05\\\/difusor_co2_serie_ga_dymax_04.jpg\",\"contentUrl\":\"https:\\\/\\\/acuariosupremus.com\\\/wp-content\\\/uploads\\\/2022\\\/05\\\/difusor_co2_serie_ga_dymax_04.jpg\",\"width\":1250,\"height\":1250},{\"@type\":\"BreadcrumbList\",\"@id\":\"https:\\\/\\\/acuariosupremus.com\\\/?product=difusor-ceramica-y-vidrio-profesional-co2-dymax-ga104s#breadcrumb\",\"itemListElement\":[{\"@type\":\"ListItem\",\"position\":1,\"name\":\"Portada\",\"item\":\"https:\\\/\\\/acuariosupremus.com\\\/\"},{\"@type\":\"ListItem\",\"position\":2,\"name\":\"Tienda\",\"item\":\"https:\\\/\\\/acuariosupremus.com\\\/tienda\\\/\"},{\"@type\":\"ListItem\",\"position\":3,\"name\":\"Difusor cer\u00e1mica y vidrio profesional CO2, DYMAX GA104S.\"}]},{\"@type\":\"WebSite\",\"@id\":\"https:\\\/\\\/acuariosupremus.com\\\/#website\",\"url\":\"https:\\\/\\\/acuariosupremus.com\\\/\",\"name\":\"Acuario Supremus\",\"description\":\"Peces, Peceras y Mascotas.\",\"publisher\":{\"@id\":\"https:\\\/\\\/acuariosupremus.com\\\/#organization\"},\"potentialAction\":[{\"@type\":\"SearchAction\",\"target\":{\"@type\":\"EntryPoint\",\"urlTemplate\":\"https:\\\/\\\/acuariosupremus.com\\\/?s={search_term_string}\"},\"query-input\":{\"@type\":\"PropertyValueSpecification\",\"valueRequired\":true,\"valueName\":\"search_term_string\"}}],\"inLanguage\":\"es\"},{\"@type\":\"Organization\",\"@id\":\"https:\\\/\\\/acuariosupremus.com\\\/#organization\",\"name\":\"Acuario Supremus\",\"url\":\"https:\\\/\\\/acuariosupremus.com\\\/\",\"logo\":{\"@type\":\"ImageObject\",\"inLanguage\":\"es\",\"@id\":\"https:\\\/\\\/acuariosupremus.com\\\/#\\\/schema\\\/logo\\\/image\\\/\",\"url\":\"https:\\\/\\\/acuariosupremus.com\\\/wp-content\\\/uploads\\\/2021\\\/12\\\/cropped-logo_acuario_supremus_fn-2.png\",\"contentUrl\":\"https:\\\/\\\/acuariosupremus.com\\\/wp-content\\\/uploads\\\/2021\\\/12\\\/cropped-logo_acuario_supremus_fn-2.png\",\"width\":1000,\"height\":318,\"caption\":\"Acuario Supremus\"},\"image\":{\"@id\":\"https:\\\/\\\/acuariosupremus.com\\\/#\\\/schema\\\/logo\\\/image\\\/\"},\"sameAs\":[\"https:\\\/\\\/www.facebook.com\\\/AcuarioSupremus\",\"https:\\\/\\\/x.com\\\/AcuarioSupremus\",\"https:\\\/\\\/www.instagram.com\\\/acuariosupremus\\\/?hl=es\"]}]}<\/script>\n<!-- \/ Yoast SEO plugin. -->","yoast_head_json":{"title":"Difusor cer\u00e1mica y vidrio profesional CO2, DYMAX GA104S. | Acuario Supremus","description":"Difusores cer\u00e1micos Premiun realizados en vidrio de excelente calidad, para lograr una perfecta disoluci\u00f3n del gas CO2 en los acuarios plantados.","robots":{"index":"index","follow":"follow","max-snippet":"max-snippet:-1","max-image-preview":"max-image-preview:large","max-video-preview":"max-video-preview:-1"},"canonical":"https:\/\/acuariosupremus.com\/?product=difusor-ceramica-y-vidrio-profesional-co2-dymax-ga104s","og_locale":"es_MX","og_type":"article","og_title":"Difusor cer\u00e1mica y vidrio profesional CO2, DYMAX GA104S. | Acuario Supremus","og_description":"Difusores cer\u00e1micos Premiun realizados en vidrio de excelente calidad, para lograr una perfecta disoluci\u00f3n del gas CO2 en los acuarios plantados.","og_url":"https:\/\/acuariosupremus.com\/?product=difusor-ceramica-y-vidrio-profesional-co2-dymax-ga104s","og_site_name":"Acuario Supremus","article_publisher":"https:\/\/www.facebook.com\/AcuarioSupremus","article_modified_time":"2026-01-01T22:08:16+00:00","og_image":[{"width":1250,"height":1250,"url":"https:\/\/acuariosupremus.com\/wp-content\/uploads\/2022\/05\/difusor_co2_serie_ga_dymax_04.jpg","type":"image\/jpeg"}],"twitter_card":"summary_large_image","twitter_site":"@AcuarioSupremus","twitter_misc":{"Tiempo de lectura":"1 minuto"},"schema":{"@context":"https:\/\/schema.org","@graph":[{"@type":"WebPage","@id":"https:\/\/acuariosupremus.com\/?product=difusor-ceramica-y-vidrio-profesional-co2-dymax-ga104s","url":"https:\/\/acuariosupremus.com\/?product=difusor-ceramica-y-vidrio-profesional-co2-dymax-ga104s","name":"Difusor cer\u00e1mica y vidrio profesional CO2, DYMAX GA104S. | Acuario Supremus","isPartOf":{"@id":"https:\/\/acuariosupremus.com\/#website"},"primaryImageOfPage":{"@id":"https:\/\/acuariosupremus.com\/?product=difusor-ceramica-y-vidrio-profesional-co2-dymax-ga104s#primaryimage"},"image":{"@id":"https:\/\/acuariosupremus.com\/?product=difusor-ceramica-y-vidrio-profesional-co2-dymax-ga104s#primaryimage"},"thumbnailUrl":"https:\/\/acuariosupremus.com\/wp-content\/uploads\/2022\/05\/difusor_co2_serie_ga_dymax_04.jpg","datePublished":"2022-05-24T20:46:11+00:00","dateModified":"2026-01-01T22:08:16+00:00","description":"Difusores cer\u00e1micos Premiun realizados en vidrio de excelente calidad, para lograr una perfecta disoluci\u00f3n del gas CO2 en los acuarios plantados.","breadcrumb":{"@id":"https:\/\/acuariosupremus.com\/?product=difusor-ceramica-y-vidrio-profesional-co2-dymax-ga104s#breadcrumb"},"inLanguage":"es","potentialAction":[{"@type":"ReadAction","target":["https:\/\/acuariosupremus.com\/?product=difusor-ceramica-y-vidrio-profesional-co2-dymax-ga104s"]}]},{"@type":"ImageObject","inLanguage":"es","@id":"https:\/\/acuariosupremus.com\/?product=difusor-ceramica-y-vidrio-profesional-co2-dymax-ga104s#primaryimage","url":"https:\/\/acuariosupremus.com\/wp-content\/uploads\/2022\/05\/difusor_co2_serie_ga_dymax_04.jpg","contentUrl":"https:\/\/acuariosupremus.com\/wp-content\/uploads\/2022\/05\/difusor_co2_serie_ga_dymax_04.jpg","width":1250,"height":1250},{"@type":"BreadcrumbList","@id":"https:\/\/acuariosupremus.com\/?product=difusor-ceramica-y-vidrio-profesional-co2-dymax-ga104s#breadcrumb","itemListElement":[{"@type":"ListItem","position":1,"name":"Portada","item":"https:\/\/acuariosupremus.com\/"},{"@type":"ListItem","position":2,"name":"Tienda","item":"https:\/\/acuariosupremus.com\/tienda\/"},{"@type":"ListItem","position":3,"name":"Difusor cer\u00e1mica y vidrio profesional CO2, DYMAX GA104S."}]},{"@type":"WebSite","@id":"https:\/\/acuariosupremus.com\/#website","url":"https:\/\/acuariosupremus.com\/","name":"Acuario Supremus","description":"Peces, Peceras y Mascotas.","publisher":{"@id":"https:\/\/acuariosupremus.com\/#organization"},"potentialAction":[{"@type":"SearchAction","target":{"@type":"EntryPoint","urlTemplate":"https:\/\/acuariosupremus.com\/?s={search_term_string}"},"query-input":{"@type":"PropertyValueSpecification","valueRequired":true,"valueName":"search_term_string"}}],"inLanguage":"es"},{"@type":"Organization","@id":"https:\/\/acuariosupremus.com\/#organization","name":"Acuario Supremus","url":"https:\/\/acuariosupremus.com\/","logo":{"@type":"ImageObject","inLanguage":"es","@id":"https:\/\/acuariosupremus.com\/#\/schema\/logo\/image\/","url":"https:\/\/acuariosupremus.com\/wp-content\/uploads\/2021\/12\/cropped-logo_acuario_supremus_fn-2.png","contentUrl":"https:\/\/acuariosupremus.com\/wp-content\/uploads\/2021\/12\/cropped-logo_acuario_supremus_fn-2.png","width":1000,"height":318,"caption":"Acuario Supremus"},"image":{"@id":"https:\/\/acuariosupremus.com\/#\/schema\/logo\/image\/"},"sameAs":["https:\/\/www.facebook.com\/AcuarioSupremus","https:\/\/x.com\/AcuarioSupremus","https:\/\/www.instagram.com\/acuariosupremus\/?hl=es"]}]}},"jetpack_sharing_enabled":true,"_links":{"self":[{"href":"https:\/\/acuariosupremus.com\/index.php?rest_route=\/wp\/v2\/product\/10330","targetHints":{"allow":["GET"]}}],"collection":[{"href":"https:\/\/acuariosupremus.com\/index.php?rest_route=\/wp\/v2\/product"}],"about":[{"href":"https:\/\/acuariosupremus.com\/index.php?rest_route=\/wp\/v2\/types\/product"}],"wp:featuredmedia":[{"embeddable":true,"href":"https:\/\/acuariosupremus.com\/index.php?rest_route=\/wp\/v2\/media\/10331"}],"wp:attachment":[{"href":"https:\/\/acuariosupremus.com\/index.php?rest_route=%2Fwp%2Fv2%2Fmedia&parent=10330"}],"wp:term":[{"taxonomy":"product_brand","embeddable":true,"href":"https:\/\/acuariosupremus.com\/index.php?rest_route=%2Fwp%2Fv2%2Fproduct_brand&post=10330"},{"taxonomy":"product_cat","embeddable":true,"href":"https:\/\/acuariosupremus.com\/index.php?rest_route=%2Fwp%2Fv2%2Fproduct_cat&post=10330"},{"taxonomy":"product_tag","embeddable":true,"href":"https:\/\/acuariosupremus.com\/index.php?rest_route=%2Fwp%2Fv2%2Fproduct_tag&post=10330"}],"curies":[{"name":"wp","href":"https:\/\/api.w.org\/{rel}","templated":true}]}}