{"id":10351,"date":"2022-05-24T16:46:54","date_gmt":"2022-05-24T21:46:54","guid":{"rendered":"https:\/\/acuariosupremus.com\/?post_type=product&#038;p=10351"},"modified":"2026-01-01T16:09:42","modified_gmt":"2026-01-01T22:09:42","slug":"reactores-internos-para-gas-co2-dymax-md-105-mediano","status":"publish","type":"product","link":"https:\/\/acuariosupremus.com\/?product=reactores-internos-para-gas-co2-dymax-md-105-mediano","title":{"rendered":"Reactores internos para gas CO2 DYMAX MD-105, mediano."},"content":{"rendered":"<p>Esta l\u00ednea de reactores cuenta con tres distintos tama\u00f1os para adaptarse a las necesidades de cada acuario.Est\u00e1n construidos en pl\u00e1stico ABS y acr\u00edlico transl\u00facido para permitir ver el del flujo de gas. El flujo tangencial crea un v\u00f3rtice descendente que empuja al gas a disolverse en el agua al chocar contra las paredes de las bio-bolas situadas en su interior. Los reactores de CO2 son el m\u00e9todo m\u00e1s eficiente de todos los disponibles en el mercado, pudiendo incluso cubrir los requerimientos de grandes acuarios plantados sin desperdiciar ninguna burbuja de gas<\/p>\n<p>Modelo:\u00a0 DYMD-105 Bio-bolas : 5 Di\u00e1metro del tubo: 30 (\u00d8mm.) Medidas: 75 x 35 x 170 (I x a x h mm.) Para acuarios hasta: 200 (Litros) Medidas con embalaje: 240 x 45 x 105 (l x a x h, mm.) Peso en seco: 55 (grs.) Peso con embalaje 110 (grs.).<\/p>\n","protected":false},"excerpt":{"rendered":"<p>Reactores internos de CO2 para acuarios de mediano y gran tama\u00f1o realizados en material acr\u00edlico de alta calidad. Esta soluci\u00f3n profesional est\u00e1 dise\u00f1ada para disolver con eficacia el 100% del gas CO2 que dosificamos desde cualquier tipo de cilindro o envase presurizado. Se instala f\u00e1cilmente insert\u00e1ndolo en la l\u00ednea de la manguera de retorno de agua de un filtro canister convencional o bomba de agua. Contiene en su interior Bio-bolas DYMAX de alta superficie que optimizan al m\u00e1ximo la disoluci\u00f3n del gas al tiempo que facilitan notablemente las labores de mantenimiento.<\/p>\n","protected":false},"featured_media":10352,"template":"","meta":[],"product_brand":[126],"product_cat":[40,56],"product_tag":[923],"class_list":{"0":"post-10351","1":"product","2":"type-product","3":"status-publish","4":"has-post-thumbnail","6":"product_brand-dymax","7":"product_cat-peces","8":"product_cat-plantas-naturales","9":"product_tag-reactor-de-plastico-interno-para-co2","11":"first","12":"instock","13":"sale","14":"shipping-taxable","15":"purchasable","16":"product-type-simple"},"yoast_head":"<!-- This site is optimized with the Yoast SEO plugin v27.4 - https:\/\/yoast.com\/product\/yoast-seo-wordpress\/ -->\n<title>Reactores internos para gas CO2 DYMAX MD-105, mediano. | Acuario Supremus<\/title>\n<meta name=\"description\" content=\"Soluci\u00f3n profesional est\u00e1 dise\u00f1ada para disolver con eficacia el 100% del gas CO2 que dosificamos desde cualquier tipo de cilindro o envase presurizado\" \/>\n<meta name=\"robots\" content=\"index, follow, max-snippet:-1, max-image-preview:large, max-video-preview:-1\" \/>\n<link rel=\"canonical\" href=\"https:\/\/acuariosupremus.com\/?product=reactores-internos-para-gas-co2-dymax-md-105-mediano\" \/>\n<meta property=\"og:locale\" content=\"es_MX\" \/>\n<meta property=\"og:type\" content=\"article\" \/>\n<meta property=\"og:title\" content=\"Reactores internos para gas CO2 DYMAX MD-105, mediano. | Acuario Supremus\" \/>\n<meta property=\"og:description\" content=\"Soluci\u00f3n profesional est\u00e1 dise\u00f1ada para disolver con eficacia el 100% del gas CO2 que dosificamos desde cualquier tipo de cilindro o envase presurizado\" \/>\n<meta property=\"og:url\" content=\"https:\/\/acuariosupremus.com\/?product=reactores-internos-para-gas-co2-dymax-md-105-mediano\" \/>\n<meta property=\"og:site_name\" content=\"Acuario Supremus\" \/>\n<meta property=\"article:publisher\" content=\"https:\/\/www.facebook.com\/AcuarioSupremus\" \/>\n<meta property=\"article:modified_time\" content=\"2026-01-01T22:09:42+00:00\" \/>\n<meta property=\"og:image\" content=\"https:\/\/acuariosupremus.com\/wp-content\/uploads\/2022\/05\/reactor_co2_interno_dymax_03.jpg\" \/>\n\t<meta property=\"og:image:width\" content=\"1250\" \/>\n\t<meta property=\"og:image:height\" content=\"1250\" \/>\n\t<meta property=\"og:image:type\" content=\"image\/jpeg\" \/>\n<meta name=\"twitter:card\" content=\"summary_large_image\" \/>\n<meta name=\"twitter:site\" content=\"@AcuarioSupremus\" \/>\n<meta name=\"twitter:label1\" content=\"Tiempo de lectura\" \/>\n\t<meta name=\"twitter:data1\" content=\"1 minuto\" \/>\n<script type=\"application\/ld+json\" class=\"yoast-schema-graph\">{\"@context\":\"https:\\\/\\\/schema.org\",\"@graph\":[{\"@type\":\"WebPage\",\"@id\":\"https:\\\/\\\/acuariosupremus.com\\\/?product=reactores-internos-para-gas-co2-dymax-md-105-mediano\",\"url\":\"https:\\\/\\\/acuariosupremus.com\\\/?product=reactores-internos-para-gas-co2-dymax-md-105-mediano\",\"name\":\"Reactores internos para gas CO2 DYMAX MD-105, mediano. | Acuario Supremus\",\"isPartOf\":{\"@id\":\"https:\\\/\\\/acuariosupremus.com\\\/#website\"},\"primaryImageOfPage\":{\"@id\":\"https:\\\/\\\/acuariosupremus.com\\\/?product=reactores-internos-para-gas-co2-dymax-md-105-mediano#primaryimage\"},\"image\":{\"@id\":\"https:\\\/\\\/acuariosupremus.com\\\/?product=reactores-internos-para-gas-co2-dymax-md-105-mediano#primaryimage\"},\"thumbnailUrl\":\"https:\\\/\\\/acuariosupremus.com\\\/wp-content\\\/uploads\\\/2022\\\/05\\\/reactor_co2_interno_dymax_03.jpg\",\"datePublished\":\"2022-05-24T21:46:54+00:00\",\"dateModified\":\"2026-01-01T22:09:42+00:00\",\"description\":\"Soluci\u00f3n profesional est\u00e1 dise\u00f1ada para disolver con eficacia el 100% del gas CO2 que dosificamos desde cualquier tipo de cilindro o envase presurizado\",\"breadcrumb\":{\"@id\":\"https:\\\/\\\/acuariosupremus.com\\\/?product=reactores-internos-para-gas-co2-dymax-md-105-mediano#breadcrumb\"},\"inLanguage\":\"es\",\"potentialAction\":[{\"@type\":\"ReadAction\",\"target\":[\"https:\\\/\\\/acuariosupremus.com\\\/?product=reactores-internos-para-gas-co2-dymax-md-105-mediano\"]}]},{\"@type\":\"ImageObject\",\"inLanguage\":\"es\",\"@id\":\"https:\\\/\\\/acuariosupremus.com\\\/?product=reactores-internos-para-gas-co2-dymax-md-105-mediano#primaryimage\",\"url\":\"https:\\\/\\\/acuariosupremus.com\\\/wp-content\\\/uploads\\\/2022\\\/05\\\/reactor_co2_interno_dymax_03.jpg\",\"contentUrl\":\"https:\\\/\\\/acuariosupremus.com\\\/wp-content\\\/uploads\\\/2022\\\/05\\\/reactor_co2_interno_dymax_03.jpg\",\"width\":1250,\"height\":1250},{\"@type\":\"BreadcrumbList\",\"@id\":\"https:\\\/\\\/acuariosupremus.com\\\/?product=reactores-internos-para-gas-co2-dymax-md-105-mediano#breadcrumb\",\"itemListElement\":[{\"@type\":\"ListItem\",\"position\":1,\"name\":\"Portada\",\"item\":\"https:\\\/\\\/acuariosupremus.com\\\/\"},{\"@type\":\"ListItem\",\"position\":2,\"name\":\"Tienda\",\"item\":\"https:\\\/\\\/acuariosupremus.com\\\/tienda\\\/\"},{\"@type\":\"ListItem\",\"position\":3,\"name\":\"Reactores internos para gas CO2 DYMAX MD-105, mediano.\"}]},{\"@type\":\"WebSite\",\"@id\":\"https:\\\/\\\/acuariosupremus.com\\\/#website\",\"url\":\"https:\\\/\\\/acuariosupremus.com\\\/\",\"name\":\"Acuario Supremus\",\"description\":\"Peces, Peceras y Mascotas.\",\"publisher\":{\"@id\":\"https:\\\/\\\/acuariosupremus.com\\\/#organization\"},\"potentialAction\":[{\"@type\":\"SearchAction\",\"target\":{\"@type\":\"EntryPoint\",\"urlTemplate\":\"https:\\\/\\\/acuariosupremus.com\\\/?s={search_term_string}\"},\"query-input\":{\"@type\":\"PropertyValueSpecification\",\"valueRequired\":true,\"valueName\":\"search_term_string\"}}],\"inLanguage\":\"es\"},{\"@type\":\"Organization\",\"@id\":\"https:\\\/\\\/acuariosupremus.com\\\/#organization\",\"name\":\"Acuario Supremus\",\"url\":\"https:\\\/\\\/acuariosupremus.com\\\/\",\"logo\":{\"@type\":\"ImageObject\",\"inLanguage\":\"es\",\"@id\":\"https:\\\/\\\/acuariosupremus.com\\\/#\\\/schema\\\/logo\\\/image\\\/\",\"url\":\"https:\\\/\\\/acuariosupremus.com\\\/wp-content\\\/uploads\\\/2021\\\/12\\\/cropped-logo_acuario_supremus_fn-2.png\",\"contentUrl\":\"https:\\\/\\\/acuariosupremus.com\\\/wp-content\\\/uploads\\\/2021\\\/12\\\/cropped-logo_acuario_supremus_fn-2.png\",\"width\":1000,\"height\":318,\"caption\":\"Acuario Supremus\"},\"image\":{\"@id\":\"https:\\\/\\\/acuariosupremus.com\\\/#\\\/schema\\\/logo\\\/image\\\/\"},\"sameAs\":[\"https:\\\/\\\/www.facebook.com\\\/AcuarioSupremus\",\"https:\\\/\\\/x.com\\\/AcuarioSupremus\",\"https:\\\/\\\/www.instagram.com\\\/acuariosupremus\\\/?hl=es\"]}]}<\/script>\n<!-- \/ Yoast SEO plugin. -->","yoast_head_json":{"title":"Reactores internos para gas CO2 DYMAX MD-105, mediano. | Acuario Supremus","description":"Soluci\u00f3n profesional est\u00e1 dise\u00f1ada para disolver con eficacia el 100% del gas CO2 que dosificamos desde cualquier tipo de cilindro o envase presurizado","robots":{"index":"index","follow":"follow","max-snippet":"max-snippet:-1","max-image-preview":"max-image-preview:large","max-video-preview":"max-video-preview:-1"},"canonical":"https:\/\/acuariosupremus.com\/?product=reactores-internos-para-gas-co2-dymax-md-105-mediano","og_locale":"es_MX","og_type":"article","og_title":"Reactores internos para gas CO2 DYMAX MD-105, mediano. | Acuario Supremus","og_description":"Soluci\u00f3n profesional est\u00e1 dise\u00f1ada para disolver con eficacia el 100% del gas CO2 que dosificamos desde cualquier tipo de cilindro o envase presurizado","og_url":"https:\/\/acuariosupremus.com\/?product=reactores-internos-para-gas-co2-dymax-md-105-mediano","og_site_name":"Acuario Supremus","article_publisher":"https:\/\/www.facebook.com\/AcuarioSupremus","article_modified_time":"2026-01-01T22:09:42+00:00","og_image":[{"width":1250,"height":1250,"url":"https:\/\/acuariosupremus.com\/wp-content\/uploads\/2022\/05\/reactor_co2_interno_dymax_03.jpg","type":"image\/jpeg"}],"twitter_card":"summary_large_image","twitter_site":"@AcuarioSupremus","twitter_misc":{"Tiempo de lectura":"1 minuto"},"schema":{"@context":"https:\/\/schema.org","@graph":[{"@type":"WebPage","@id":"https:\/\/acuariosupremus.com\/?product=reactores-internos-para-gas-co2-dymax-md-105-mediano","url":"https:\/\/acuariosupremus.com\/?product=reactores-internos-para-gas-co2-dymax-md-105-mediano","name":"Reactores internos para gas CO2 DYMAX MD-105, mediano. | Acuario Supremus","isPartOf":{"@id":"https:\/\/acuariosupremus.com\/#website"},"primaryImageOfPage":{"@id":"https:\/\/acuariosupremus.com\/?product=reactores-internos-para-gas-co2-dymax-md-105-mediano#primaryimage"},"image":{"@id":"https:\/\/acuariosupremus.com\/?product=reactores-internos-para-gas-co2-dymax-md-105-mediano#primaryimage"},"thumbnailUrl":"https:\/\/acuariosupremus.com\/wp-content\/uploads\/2022\/05\/reactor_co2_interno_dymax_03.jpg","datePublished":"2022-05-24T21:46:54+00:00","dateModified":"2026-01-01T22:09:42+00:00","description":"Soluci\u00f3n profesional est\u00e1 dise\u00f1ada para disolver con eficacia el 100% del gas CO2 que dosificamos desde cualquier tipo de cilindro o envase presurizado","breadcrumb":{"@id":"https:\/\/acuariosupremus.com\/?product=reactores-internos-para-gas-co2-dymax-md-105-mediano#breadcrumb"},"inLanguage":"es","potentialAction":[{"@type":"ReadAction","target":["https:\/\/acuariosupremus.com\/?product=reactores-internos-para-gas-co2-dymax-md-105-mediano"]}]},{"@type":"ImageObject","inLanguage":"es","@id":"https:\/\/acuariosupremus.com\/?product=reactores-internos-para-gas-co2-dymax-md-105-mediano#primaryimage","url":"https:\/\/acuariosupremus.com\/wp-content\/uploads\/2022\/05\/reactor_co2_interno_dymax_03.jpg","contentUrl":"https:\/\/acuariosupremus.com\/wp-content\/uploads\/2022\/05\/reactor_co2_interno_dymax_03.jpg","width":1250,"height":1250},{"@type":"BreadcrumbList","@id":"https:\/\/acuariosupremus.com\/?product=reactores-internos-para-gas-co2-dymax-md-105-mediano#breadcrumb","itemListElement":[{"@type":"ListItem","position":1,"name":"Portada","item":"https:\/\/acuariosupremus.com\/"},{"@type":"ListItem","position":2,"name":"Tienda","item":"https:\/\/acuariosupremus.com\/tienda\/"},{"@type":"ListItem","position":3,"name":"Reactores internos para gas CO2 DYMAX MD-105, mediano."}]},{"@type":"WebSite","@id":"https:\/\/acuariosupremus.com\/#website","url":"https:\/\/acuariosupremus.com\/","name":"Acuario Supremus","description":"Peces, Peceras y Mascotas.","publisher":{"@id":"https:\/\/acuariosupremus.com\/#organization"},"potentialAction":[{"@type":"SearchAction","target":{"@type":"EntryPoint","urlTemplate":"https:\/\/acuariosupremus.com\/?s={search_term_string}"},"query-input":{"@type":"PropertyValueSpecification","valueRequired":true,"valueName":"search_term_string"}}],"inLanguage":"es"},{"@type":"Organization","@id":"https:\/\/acuariosupremus.com\/#organization","name":"Acuario Supremus","url":"https:\/\/acuariosupremus.com\/","logo":{"@type":"ImageObject","inLanguage":"es","@id":"https:\/\/acuariosupremus.com\/#\/schema\/logo\/image\/","url":"https:\/\/acuariosupremus.com\/wp-content\/uploads\/2021\/12\/cropped-logo_acuario_supremus_fn-2.png","contentUrl":"https:\/\/acuariosupremus.com\/wp-content\/uploads\/2021\/12\/cropped-logo_acuario_supremus_fn-2.png","width":1000,"height":318,"caption":"Acuario Supremus"},"image":{"@id":"https:\/\/acuariosupremus.com\/#\/schema\/logo\/image\/"},"sameAs":["https:\/\/www.facebook.com\/AcuarioSupremus","https:\/\/x.com\/AcuarioSupremus","https:\/\/www.instagram.com\/acuariosupremus\/?hl=es"]}]}},"jetpack_sharing_enabled":true,"_links":{"self":[{"href":"https:\/\/acuariosupremus.com\/index.php?rest_route=\/wp\/v2\/product\/10351","targetHints":{"allow":["GET"]}}],"collection":[{"href":"https:\/\/acuariosupremus.com\/index.php?rest_route=\/wp\/v2\/product"}],"about":[{"href":"https:\/\/acuariosupremus.com\/index.php?rest_route=\/wp\/v2\/types\/product"}],"wp:featuredmedia":[{"embeddable":true,"href":"https:\/\/acuariosupremus.com\/index.php?rest_route=\/wp\/v2\/media\/10352"}],"wp:attachment":[{"href":"https:\/\/acuariosupremus.com\/index.php?rest_route=%2Fwp%2Fv2%2Fmedia&parent=10351"}],"wp:term":[{"taxonomy":"product_brand","embeddable":true,"href":"https:\/\/acuariosupremus.com\/index.php?rest_route=%2Fwp%2Fv2%2Fproduct_brand&post=10351"},{"taxonomy":"product_cat","embeddable":true,"href":"https:\/\/acuariosupremus.com\/index.php?rest_route=%2Fwp%2Fv2%2Fproduct_cat&post=10351"},{"taxonomy":"product_tag","embeddable":true,"href":"https:\/\/acuariosupremus.com\/index.php?rest_route=%2Fwp%2Fv2%2Fproduct_tag&post=10351"}],"curies":[{"name":"wp","href":"https:\/\/api.w.org\/{rel}","templated":true}]}}