{"id":10362,"date":"2022-05-24T17:47:57","date_gmt":"2022-05-24T22:47:57","guid":{"rendered":"https:\/\/acuariosupremus.com\/?post_type=product&#038;p=10362"},"modified":"2026-01-01T16:10:20","modified_gmt":"2026-01-01T22:10:20","slug":"lily-pipe-acero-inoxidable-dymax-o-16-22-mm","status":"publish","type":"product","link":"https:\/\/acuariosupremus.com\/?product=lily-pipe-acero-inoxidable-dymax-o-16-22-mm","title":{"rendered":"Lily Pipe acero inoxidable DYMAX \u00d8 16\/22 mm."},"content":{"rendered":"<p>Modelo: DYLPAI16-22 Para manguera: 16\/22 (\u00d8, mm.) Medidas aspiraci\u00f3n 455 x 95 x 16 (I x a x h mm) Medidas expulsi\u00f3n 470 x 130 x 16 (I x a x h mm) Medidas con embalaje 585 x 210 x 45 (mm) Peso (grs.) 505 Peso con embalaje 850 (grs.)<\/p>\n","protected":false},"excerpt":{"rendered":"<p>Set de tuber\u00edas en Acero Inoxidable pulido de muy alta calidad. Optimiza al m\u00e1ximo el efecto de aspiraci\u00f3n y retorno de agua de los filtros canister. Tiene un tap\u00f3n roscado para facilitar la limpieza de la coladera y se conecta a la manguera flexible del filtro mediante una terminal tipo \u201cespiga\u201d. Gracias a su fabricaci\u00f3n en este material su durabilidad y resistencia al \u00f3xido est\u00e1n garantizados, siendo tambi\u00e9n adecuados para cualquier acuario de agua dulce. Esta l\u00ednea cuenta con dos versiones con di\u00e1metros para mangueras de 12\/16 y 16\/22 mm. Es ideal para ser conectado a los filtros canister en acuarios, aportando un efecto est\u00e9tico minimalista y elegante en los acuarios plantados.<\/p>\n","protected":false},"featured_media":10356,"template":"","meta":[],"product_brand":[126,127],"product_cat":[40,56],"product_tag":[924],"class_list":{"0":"post-10362","1":"product","2":"type-product","3":"status-publish","4":"has-post-thumbnail","6":"product_brand-dymax","7":"product_brand-ista","8":"product_cat-peces","9":"product_cat-plantas-naturales","10":"product_tag-lily-pipe-acero-inoxidable","12":"first","13":"instock","14":"sale","15":"shipping-taxable","16":"purchasable","17":"product-type-simple"},"yoast_head":"<!-- This site is optimized with the Yoast SEO plugin v27.4 - https:\/\/yoast.com\/product\/yoast-seo-wordpress\/ -->\n<title>Lily Pipe acero inoxidable DYMAX \u00d8 16\/22 mm. | Acuario Supremus<\/title>\n<meta name=\"description\" content=\"Set de tuber\u00edas en Acero Inoxidable grado quir\u00fargico, adecuado para cualquier acuario, siendo ideal para ser usado en acuarios plantados.\" \/>\n<meta name=\"robots\" content=\"index, follow, max-snippet:-1, max-image-preview:large, max-video-preview:-1\" \/>\n<link rel=\"canonical\" href=\"https:\/\/acuariosupremus.com\/?product=lily-pipe-acero-inoxidable-dymax-o-16-22-mm\" \/>\n<meta property=\"og:locale\" content=\"es_MX\" \/>\n<meta property=\"og:type\" content=\"article\" \/>\n<meta property=\"og:title\" content=\"Lily Pipe acero inoxidable DYMAX \u00d8 16\/22 mm. | Acuario Supremus\" \/>\n<meta property=\"og:description\" content=\"Set de tuber\u00edas en Acero Inoxidable grado quir\u00fargico, adecuado para cualquier acuario, siendo ideal para ser usado en acuarios plantados.\" \/>\n<meta property=\"og:url\" content=\"https:\/\/acuariosupremus.com\/?product=lily-pipe-acero-inoxidable-dymax-o-16-22-mm\" \/>\n<meta property=\"og:site_name\" content=\"Acuario Supremus\" \/>\n<meta property=\"article:publisher\" content=\"https:\/\/www.facebook.com\/AcuarioSupremus\" \/>\n<meta property=\"article:modified_time\" content=\"2026-01-01T22:10:20+00:00\" \/>\n<meta property=\"og:image\" content=\"https:\/\/acuariosupremus.com\/wp-content\/uploads\/2022\/05\/lily_pipe_dymax_acero_02.jpg\" \/>\n\t<meta property=\"og:image:width\" content=\"1250\" \/>\n\t<meta property=\"og:image:height\" content=\"1250\" \/>\n\t<meta property=\"og:image:type\" content=\"image\/jpeg\" \/>\n<meta name=\"twitter:card\" content=\"summary_large_image\" \/>\n<meta name=\"twitter:site\" content=\"@AcuarioSupremus\" \/>\n<meta name=\"twitter:label1\" content=\"Tiempo de lectura\" \/>\n\t<meta name=\"twitter:data1\" content=\"1 minuto\" \/>\n<script type=\"application\/ld+json\" class=\"yoast-schema-graph\">{\"@context\":\"https:\\\/\\\/schema.org\",\"@graph\":[{\"@type\":\"WebPage\",\"@id\":\"https:\\\/\\\/acuariosupremus.com\\\/?product=lily-pipe-acero-inoxidable-dymax-o-16-22-mm\",\"url\":\"https:\\\/\\\/acuariosupremus.com\\\/?product=lily-pipe-acero-inoxidable-dymax-o-16-22-mm\",\"name\":\"Lily Pipe acero inoxidable DYMAX \u00d8 16\\\/22 mm. | Acuario Supremus\",\"isPartOf\":{\"@id\":\"https:\\\/\\\/acuariosupremus.com\\\/#website\"},\"primaryImageOfPage\":{\"@id\":\"https:\\\/\\\/acuariosupremus.com\\\/?product=lily-pipe-acero-inoxidable-dymax-o-16-22-mm#primaryimage\"},\"image\":{\"@id\":\"https:\\\/\\\/acuariosupremus.com\\\/?product=lily-pipe-acero-inoxidable-dymax-o-16-22-mm#primaryimage\"},\"thumbnailUrl\":\"https:\\\/\\\/acuariosupremus.com\\\/wp-content\\\/uploads\\\/2022\\\/05\\\/lily_pipe_dymax_acero_02.jpg\",\"datePublished\":\"2022-05-24T22:47:57+00:00\",\"dateModified\":\"2026-01-01T22:10:20+00:00\",\"description\":\"Set de tuber\u00edas en Acero Inoxidable grado quir\u00fargico, adecuado para cualquier acuario, siendo ideal para ser usado en acuarios plantados.\",\"breadcrumb\":{\"@id\":\"https:\\\/\\\/acuariosupremus.com\\\/?product=lily-pipe-acero-inoxidable-dymax-o-16-22-mm#breadcrumb\"},\"inLanguage\":\"es\",\"potentialAction\":[{\"@type\":\"ReadAction\",\"target\":[\"https:\\\/\\\/acuariosupremus.com\\\/?product=lily-pipe-acero-inoxidable-dymax-o-16-22-mm\"]}]},{\"@type\":\"ImageObject\",\"inLanguage\":\"es\",\"@id\":\"https:\\\/\\\/acuariosupremus.com\\\/?product=lily-pipe-acero-inoxidable-dymax-o-16-22-mm#primaryimage\",\"url\":\"https:\\\/\\\/acuariosupremus.com\\\/wp-content\\\/uploads\\\/2022\\\/05\\\/lily_pipe_dymax_acero_02.jpg\",\"contentUrl\":\"https:\\\/\\\/acuariosupremus.com\\\/wp-content\\\/uploads\\\/2022\\\/05\\\/lily_pipe_dymax_acero_02.jpg\",\"width\":1250,\"height\":1250},{\"@type\":\"BreadcrumbList\",\"@id\":\"https:\\\/\\\/acuariosupremus.com\\\/?product=lily-pipe-acero-inoxidable-dymax-o-16-22-mm#breadcrumb\",\"itemListElement\":[{\"@type\":\"ListItem\",\"position\":1,\"name\":\"Portada\",\"item\":\"https:\\\/\\\/acuariosupremus.com\\\/\"},{\"@type\":\"ListItem\",\"position\":2,\"name\":\"Tienda\",\"item\":\"https:\\\/\\\/acuariosupremus.com\\\/tienda\\\/\"},{\"@type\":\"ListItem\",\"position\":3,\"name\":\"Lily Pipe acero inoxidable DYMAX \u00d8 16\\\/22 mm.\"}]},{\"@type\":\"WebSite\",\"@id\":\"https:\\\/\\\/acuariosupremus.com\\\/#website\",\"url\":\"https:\\\/\\\/acuariosupremus.com\\\/\",\"name\":\"Acuario Supremus\",\"description\":\"Peces, Peceras y Mascotas.\",\"publisher\":{\"@id\":\"https:\\\/\\\/acuariosupremus.com\\\/#organization\"},\"potentialAction\":[{\"@type\":\"SearchAction\",\"target\":{\"@type\":\"EntryPoint\",\"urlTemplate\":\"https:\\\/\\\/acuariosupremus.com\\\/?s={search_term_string}\"},\"query-input\":{\"@type\":\"PropertyValueSpecification\",\"valueRequired\":true,\"valueName\":\"search_term_string\"}}],\"inLanguage\":\"es\"},{\"@type\":\"Organization\",\"@id\":\"https:\\\/\\\/acuariosupremus.com\\\/#organization\",\"name\":\"Acuario Supremus\",\"url\":\"https:\\\/\\\/acuariosupremus.com\\\/\",\"logo\":{\"@type\":\"ImageObject\",\"inLanguage\":\"es\",\"@id\":\"https:\\\/\\\/acuariosupremus.com\\\/#\\\/schema\\\/logo\\\/image\\\/\",\"url\":\"https:\\\/\\\/acuariosupremus.com\\\/wp-content\\\/uploads\\\/2021\\\/12\\\/cropped-logo_acuario_supremus_fn-2.png\",\"contentUrl\":\"https:\\\/\\\/acuariosupremus.com\\\/wp-content\\\/uploads\\\/2021\\\/12\\\/cropped-logo_acuario_supremus_fn-2.png\",\"width\":1000,\"height\":318,\"caption\":\"Acuario Supremus\"},\"image\":{\"@id\":\"https:\\\/\\\/acuariosupremus.com\\\/#\\\/schema\\\/logo\\\/image\\\/\"},\"sameAs\":[\"https:\\\/\\\/www.facebook.com\\\/AcuarioSupremus\",\"https:\\\/\\\/x.com\\\/AcuarioSupremus\",\"https:\\\/\\\/www.instagram.com\\\/acuariosupremus\\\/?hl=es\"]}]}<\/script>\n<!-- \/ Yoast SEO plugin. -->","yoast_head_json":{"title":"Lily Pipe acero inoxidable DYMAX \u00d8 16\/22 mm. | Acuario Supremus","description":"Set de tuber\u00edas en Acero Inoxidable grado quir\u00fargico, adecuado para cualquier acuario, siendo ideal para ser usado en acuarios plantados.","robots":{"index":"index","follow":"follow","max-snippet":"max-snippet:-1","max-image-preview":"max-image-preview:large","max-video-preview":"max-video-preview:-1"},"canonical":"https:\/\/acuariosupremus.com\/?product=lily-pipe-acero-inoxidable-dymax-o-16-22-mm","og_locale":"es_MX","og_type":"article","og_title":"Lily Pipe acero inoxidable DYMAX \u00d8 16\/22 mm. | Acuario Supremus","og_description":"Set de tuber\u00edas en Acero Inoxidable grado quir\u00fargico, adecuado para cualquier acuario, siendo ideal para ser usado en acuarios plantados.","og_url":"https:\/\/acuariosupremus.com\/?product=lily-pipe-acero-inoxidable-dymax-o-16-22-mm","og_site_name":"Acuario Supremus","article_publisher":"https:\/\/www.facebook.com\/AcuarioSupremus","article_modified_time":"2026-01-01T22:10:20+00:00","og_image":[{"width":1250,"height":1250,"url":"https:\/\/acuariosupremus.com\/wp-content\/uploads\/2022\/05\/lily_pipe_dymax_acero_02.jpg","type":"image\/jpeg"}],"twitter_card":"summary_large_image","twitter_site":"@AcuarioSupremus","twitter_misc":{"Tiempo de lectura":"1 minuto"},"schema":{"@context":"https:\/\/schema.org","@graph":[{"@type":"WebPage","@id":"https:\/\/acuariosupremus.com\/?product=lily-pipe-acero-inoxidable-dymax-o-16-22-mm","url":"https:\/\/acuariosupremus.com\/?product=lily-pipe-acero-inoxidable-dymax-o-16-22-mm","name":"Lily Pipe acero inoxidable DYMAX \u00d8 16\/22 mm. | Acuario Supremus","isPartOf":{"@id":"https:\/\/acuariosupremus.com\/#website"},"primaryImageOfPage":{"@id":"https:\/\/acuariosupremus.com\/?product=lily-pipe-acero-inoxidable-dymax-o-16-22-mm#primaryimage"},"image":{"@id":"https:\/\/acuariosupremus.com\/?product=lily-pipe-acero-inoxidable-dymax-o-16-22-mm#primaryimage"},"thumbnailUrl":"https:\/\/acuariosupremus.com\/wp-content\/uploads\/2022\/05\/lily_pipe_dymax_acero_02.jpg","datePublished":"2022-05-24T22:47:57+00:00","dateModified":"2026-01-01T22:10:20+00:00","description":"Set de tuber\u00edas en Acero Inoxidable grado quir\u00fargico, adecuado para cualquier acuario, siendo ideal para ser usado en acuarios plantados.","breadcrumb":{"@id":"https:\/\/acuariosupremus.com\/?product=lily-pipe-acero-inoxidable-dymax-o-16-22-mm#breadcrumb"},"inLanguage":"es","potentialAction":[{"@type":"ReadAction","target":["https:\/\/acuariosupremus.com\/?product=lily-pipe-acero-inoxidable-dymax-o-16-22-mm"]}]},{"@type":"ImageObject","inLanguage":"es","@id":"https:\/\/acuariosupremus.com\/?product=lily-pipe-acero-inoxidable-dymax-o-16-22-mm#primaryimage","url":"https:\/\/acuariosupremus.com\/wp-content\/uploads\/2022\/05\/lily_pipe_dymax_acero_02.jpg","contentUrl":"https:\/\/acuariosupremus.com\/wp-content\/uploads\/2022\/05\/lily_pipe_dymax_acero_02.jpg","width":1250,"height":1250},{"@type":"BreadcrumbList","@id":"https:\/\/acuariosupremus.com\/?product=lily-pipe-acero-inoxidable-dymax-o-16-22-mm#breadcrumb","itemListElement":[{"@type":"ListItem","position":1,"name":"Portada","item":"https:\/\/acuariosupremus.com\/"},{"@type":"ListItem","position":2,"name":"Tienda","item":"https:\/\/acuariosupremus.com\/tienda\/"},{"@type":"ListItem","position":3,"name":"Lily Pipe acero inoxidable DYMAX \u00d8 16\/22 mm."}]},{"@type":"WebSite","@id":"https:\/\/acuariosupremus.com\/#website","url":"https:\/\/acuariosupremus.com\/","name":"Acuario Supremus","description":"Peces, Peceras y Mascotas.","publisher":{"@id":"https:\/\/acuariosupremus.com\/#organization"},"potentialAction":[{"@type":"SearchAction","target":{"@type":"EntryPoint","urlTemplate":"https:\/\/acuariosupremus.com\/?s={search_term_string}"},"query-input":{"@type":"PropertyValueSpecification","valueRequired":true,"valueName":"search_term_string"}}],"inLanguage":"es"},{"@type":"Organization","@id":"https:\/\/acuariosupremus.com\/#organization","name":"Acuario Supremus","url":"https:\/\/acuariosupremus.com\/","logo":{"@type":"ImageObject","inLanguage":"es","@id":"https:\/\/acuariosupremus.com\/#\/schema\/logo\/image\/","url":"https:\/\/acuariosupremus.com\/wp-content\/uploads\/2021\/12\/cropped-logo_acuario_supremus_fn-2.png","contentUrl":"https:\/\/acuariosupremus.com\/wp-content\/uploads\/2021\/12\/cropped-logo_acuario_supremus_fn-2.png","width":1000,"height":318,"caption":"Acuario Supremus"},"image":{"@id":"https:\/\/acuariosupremus.com\/#\/schema\/logo\/image\/"},"sameAs":["https:\/\/www.facebook.com\/AcuarioSupremus","https:\/\/x.com\/AcuarioSupremus","https:\/\/www.instagram.com\/acuariosupremus\/?hl=es"]}]}},"jetpack_sharing_enabled":true,"_links":{"self":[{"href":"https:\/\/acuariosupremus.com\/index.php?rest_route=\/wp\/v2\/product\/10362","targetHints":{"allow":["GET"]}}],"collection":[{"href":"https:\/\/acuariosupremus.com\/index.php?rest_route=\/wp\/v2\/product"}],"about":[{"href":"https:\/\/acuariosupremus.com\/index.php?rest_route=\/wp\/v2\/types\/product"}],"wp:featuredmedia":[{"embeddable":true,"href":"https:\/\/acuariosupremus.com\/index.php?rest_route=\/wp\/v2\/media\/10356"}],"wp:attachment":[{"href":"https:\/\/acuariosupremus.com\/index.php?rest_route=%2Fwp%2Fv2%2Fmedia&parent=10362"}],"wp:term":[{"taxonomy":"product_brand","embeddable":true,"href":"https:\/\/acuariosupremus.com\/index.php?rest_route=%2Fwp%2Fv2%2Fproduct_brand&post=10362"},{"taxonomy":"product_cat","embeddable":true,"href":"https:\/\/acuariosupremus.com\/index.php?rest_route=%2Fwp%2Fv2%2Fproduct_cat&post=10362"},{"taxonomy":"product_tag","embeddable":true,"href":"https:\/\/acuariosupremus.com\/index.php?rest_route=%2Fwp%2Fv2%2Fproduct_tag&post=10362"}],"curies":[{"name":"wp","href":"https:\/\/api.w.org\/{rel}","templated":true}]}}