{"id":10377,"date":"2022-05-24T18:47:59","date_gmt":"2022-05-24T23:47:59","guid":{"rendered":"https:\/\/acuariosupremus.com\/?post_type=product&#038;p=10377"},"modified":"2026-01-01T16:17:21","modified_gmt":"2026-01-01T22:17:21","slug":"lily-pipe-con-desnatador-cristal-dymax-o-16-22-mm","status":"publish","type":"product","link":"https:\/\/acuariosupremus.com\/?product=lily-pipe-con-desnatador-cristal-dymax-o-16-22-mm","title":{"rendered":"Lily Pipe con desnatador cristal DYMAX \u00d8 16\/22 mm."},"content":{"rendered":"<p>Adem\u00e1s, esta versi\u00f3n posee un tap\u00f3n regulable para facilitar la limpieza de la coladera y al girarlo, podr\u00e1 ajustar con precisi\u00f3n el caudal aspirado por la superficie o por el fondo. Este equipamiento es adecuado para cualquier acuario, siendo ideal para usarlo en acuarios plantados. Esta l\u00ednea cuenta en sus dos versiones con di\u00e1metros para mangueras de 12 \/16 y 16 \/ 22 mm.<\/p>\n<p>Modelo: DYLPCD16-22 Para manguera: 16\/22 (\u00d8, mm.) Medidas aspiraci\u00f3n 310 x 135 x 40 (I x a x h mm) Medidas expulsi\u00f3n 195 x 160 x 60 (I x a x h mm) Medidas con embalaje 390 x 265 x 100 (mm) Peso (grs.) 285 Peso con embalaje 800 (grs.)Campana de expulsi\u00f3n: 55 x 60 (\u00d8 x h, mm,).<\/p>\n","protected":false},"excerpt":{"rendered":"<p>Set de tuber\u00edas en cristal de cuarzo de alta transparencia y resistencia a los cambios de temperatura. Optimiza al m\u00e1ximo la circulaci\u00f3n del agua, creando un movimiento controlado en superficie mediante un dise\u00f1o muy especial en su extremo de salida, favoreciendo la homogenizaci\u00f3n del ox\u00edgeno disuelto y el intercambio gaseoso del agua. Es ideal para ser conectado a los filtros canister en acuarios, aportando un efecto est\u00e9tico minimalista y elegante en los acuarios plantados. Esta l\u00ednea cuenta con dos versiones para di\u00e1metros de mangueras de 12 \/16 y 16 \/ 22 mm. La versi\u00f3n con Skimmer de superficie posee un nivel flotante adaptativo y doble aspiraci\u00f3n regulable entre la superficie y el fondo, optimizando al m\u00e1ximo el poder de aspiraci\u00f3n de los filtros canister.<\/p>\n","protected":false},"featured_media":10374,"template":"","meta":[],"product_brand":[126],"product_cat":[40,56],"product_tag":[925],"class_list":{"0":"post-10377","1":"product","2":"type-product","3":"status-publish","4":"has-post-thumbnail","6":"product_brand-dymax","7":"product_cat-peces","8":"product_cat-plantas-naturales","9":"product_tag-lily-pipe-con-desnatador-de-cristal","11":"first","12":"instock","13":"sale","14":"shipping-taxable","15":"purchasable","16":"product-type-simple"},"yoast_head":"<!-- This site is optimized with the Yoast SEO plugin v27.4 - https:\/\/yoast.com\/product\/yoast-seo-wordpress\/ -->\n<title>Lily Pipe con desnatador cristal DYMAX \u00d8 16\/22 mm. | Acuario Supremus<\/title>\n<meta name=\"description\" content=\"Set de tuber\u00edas en cristal de cuarzo de alta transparencia y resistencia a los cambios de temperatura. Optimiza al m\u00e1ximo la circulaci\u00f3n del agua.\" \/>\n<meta name=\"robots\" content=\"index, follow, max-snippet:-1, max-image-preview:large, max-video-preview:-1\" \/>\n<link rel=\"canonical\" href=\"https:\/\/acuariosupremus.com\/?product=lily-pipe-con-desnatador-cristal-dymax-o-16-22-mm\" \/>\n<meta property=\"og:locale\" content=\"es_MX\" \/>\n<meta property=\"og:type\" content=\"article\" \/>\n<meta property=\"og:title\" content=\"Lily Pipe con desnatador cristal DYMAX \u00d8 16\/22 mm. | Acuario Supremus\" \/>\n<meta property=\"og:description\" content=\"Set de tuber\u00edas en cristal de cuarzo de alta transparencia y resistencia a los cambios de temperatura. Optimiza al m\u00e1ximo la circulaci\u00f3n del agua.\" \/>\n<meta property=\"og:url\" content=\"https:\/\/acuariosupremus.com\/?product=lily-pipe-con-desnatador-cristal-dymax-o-16-22-mm\" \/>\n<meta property=\"og:site_name\" content=\"Acuario Supremus\" \/>\n<meta property=\"article:publisher\" content=\"https:\/\/www.facebook.com\/AcuarioSupremus\" \/>\n<meta property=\"article:modified_time\" content=\"2026-01-01T22:17:21+00:00\" \/>\n<meta property=\"og:image\" content=\"https:\/\/acuariosupremus.com\/wp-content\/uploads\/2022\/05\/lily_pipe_cristal_dymax_01.jpg\" \/>\n\t<meta property=\"og:image:width\" content=\"1250\" \/>\n\t<meta property=\"og:image:height\" content=\"1250\" \/>\n\t<meta property=\"og:image:type\" content=\"image\/jpeg\" \/>\n<meta name=\"twitter:card\" content=\"summary_large_image\" \/>\n<meta name=\"twitter:site\" content=\"@AcuarioSupremus\" \/>\n<meta name=\"twitter:label1\" content=\"Tiempo de lectura\" \/>\n\t<meta name=\"twitter:data1\" content=\"1 minuto\" \/>\n<script type=\"application\/ld+json\" class=\"yoast-schema-graph\">{\"@context\":\"https:\\\/\\\/schema.org\",\"@graph\":[{\"@type\":\"WebPage\",\"@id\":\"https:\\\/\\\/acuariosupremus.com\\\/?product=lily-pipe-con-desnatador-cristal-dymax-o-16-22-mm\",\"url\":\"https:\\\/\\\/acuariosupremus.com\\\/?product=lily-pipe-con-desnatador-cristal-dymax-o-16-22-mm\",\"name\":\"Lily Pipe con desnatador cristal DYMAX \u00d8 16\\\/22 mm. | Acuario Supremus\",\"isPartOf\":{\"@id\":\"https:\\\/\\\/acuariosupremus.com\\\/#website\"},\"primaryImageOfPage\":{\"@id\":\"https:\\\/\\\/acuariosupremus.com\\\/?product=lily-pipe-con-desnatador-cristal-dymax-o-16-22-mm#primaryimage\"},\"image\":{\"@id\":\"https:\\\/\\\/acuariosupremus.com\\\/?product=lily-pipe-con-desnatador-cristal-dymax-o-16-22-mm#primaryimage\"},\"thumbnailUrl\":\"https:\\\/\\\/acuariosupremus.com\\\/wp-content\\\/uploads\\\/2022\\\/05\\\/lily_pipe_cristal_dymax_01.jpg\",\"datePublished\":\"2022-05-24T23:47:59+00:00\",\"dateModified\":\"2026-01-01T22:17:21+00:00\",\"description\":\"Set de tuber\u00edas en cristal de cuarzo de alta transparencia y resistencia a los cambios de temperatura. Optimiza al m\u00e1ximo la circulaci\u00f3n del agua.\",\"breadcrumb\":{\"@id\":\"https:\\\/\\\/acuariosupremus.com\\\/?product=lily-pipe-con-desnatador-cristal-dymax-o-16-22-mm#breadcrumb\"},\"inLanguage\":\"es\",\"potentialAction\":[{\"@type\":\"ReadAction\",\"target\":[\"https:\\\/\\\/acuariosupremus.com\\\/?product=lily-pipe-con-desnatador-cristal-dymax-o-16-22-mm\"]}]},{\"@type\":\"ImageObject\",\"inLanguage\":\"es\",\"@id\":\"https:\\\/\\\/acuariosupremus.com\\\/?product=lily-pipe-con-desnatador-cristal-dymax-o-16-22-mm#primaryimage\",\"url\":\"https:\\\/\\\/acuariosupremus.com\\\/wp-content\\\/uploads\\\/2022\\\/05\\\/lily_pipe_cristal_dymax_01.jpg\",\"contentUrl\":\"https:\\\/\\\/acuariosupremus.com\\\/wp-content\\\/uploads\\\/2022\\\/05\\\/lily_pipe_cristal_dymax_01.jpg\",\"width\":1250,\"height\":1250},{\"@type\":\"BreadcrumbList\",\"@id\":\"https:\\\/\\\/acuariosupremus.com\\\/?product=lily-pipe-con-desnatador-cristal-dymax-o-16-22-mm#breadcrumb\",\"itemListElement\":[{\"@type\":\"ListItem\",\"position\":1,\"name\":\"Portada\",\"item\":\"https:\\\/\\\/acuariosupremus.com\\\/\"},{\"@type\":\"ListItem\",\"position\":2,\"name\":\"Tienda\",\"item\":\"https:\\\/\\\/acuariosupremus.com\\\/tienda\\\/\"},{\"@type\":\"ListItem\",\"position\":3,\"name\":\"Lily Pipe con desnatador cristal DYMAX \u00d8 16\\\/22 mm.\"}]},{\"@type\":\"WebSite\",\"@id\":\"https:\\\/\\\/acuariosupremus.com\\\/#website\",\"url\":\"https:\\\/\\\/acuariosupremus.com\\\/\",\"name\":\"Acuario Supremus\",\"description\":\"Peces, Peceras y Mascotas.\",\"publisher\":{\"@id\":\"https:\\\/\\\/acuariosupremus.com\\\/#organization\"},\"potentialAction\":[{\"@type\":\"SearchAction\",\"target\":{\"@type\":\"EntryPoint\",\"urlTemplate\":\"https:\\\/\\\/acuariosupremus.com\\\/?s={search_term_string}\"},\"query-input\":{\"@type\":\"PropertyValueSpecification\",\"valueRequired\":true,\"valueName\":\"search_term_string\"}}],\"inLanguage\":\"es\"},{\"@type\":\"Organization\",\"@id\":\"https:\\\/\\\/acuariosupremus.com\\\/#organization\",\"name\":\"Acuario Supremus\",\"url\":\"https:\\\/\\\/acuariosupremus.com\\\/\",\"logo\":{\"@type\":\"ImageObject\",\"inLanguage\":\"es\",\"@id\":\"https:\\\/\\\/acuariosupremus.com\\\/#\\\/schema\\\/logo\\\/image\\\/\",\"url\":\"https:\\\/\\\/acuariosupremus.com\\\/wp-content\\\/uploads\\\/2021\\\/12\\\/cropped-logo_acuario_supremus_fn-2.png\",\"contentUrl\":\"https:\\\/\\\/acuariosupremus.com\\\/wp-content\\\/uploads\\\/2021\\\/12\\\/cropped-logo_acuario_supremus_fn-2.png\",\"width\":1000,\"height\":318,\"caption\":\"Acuario Supremus\"},\"image\":{\"@id\":\"https:\\\/\\\/acuariosupremus.com\\\/#\\\/schema\\\/logo\\\/image\\\/\"},\"sameAs\":[\"https:\\\/\\\/www.facebook.com\\\/AcuarioSupremus\",\"https:\\\/\\\/x.com\\\/AcuarioSupremus\",\"https:\\\/\\\/www.instagram.com\\\/acuariosupremus\\\/?hl=es\"]}]}<\/script>\n<!-- \/ Yoast SEO plugin. -->","yoast_head_json":{"title":"Lily Pipe con desnatador cristal DYMAX \u00d8 16\/22 mm. | Acuario Supremus","description":"Set de tuber\u00edas en cristal de cuarzo de alta transparencia y resistencia a los cambios de temperatura. Optimiza al m\u00e1ximo la circulaci\u00f3n del agua.","robots":{"index":"index","follow":"follow","max-snippet":"max-snippet:-1","max-image-preview":"max-image-preview:large","max-video-preview":"max-video-preview:-1"},"canonical":"https:\/\/acuariosupremus.com\/?product=lily-pipe-con-desnatador-cristal-dymax-o-16-22-mm","og_locale":"es_MX","og_type":"article","og_title":"Lily Pipe con desnatador cristal DYMAX \u00d8 16\/22 mm. | Acuario Supremus","og_description":"Set de tuber\u00edas en cristal de cuarzo de alta transparencia y resistencia a los cambios de temperatura. Optimiza al m\u00e1ximo la circulaci\u00f3n del agua.","og_url":"https:\/\/acuariosupremus.com\/?product=lily-pipe-con-desnatador-cristal-dymax-o-16-22-mm","og_site_name":"Acuario Supremus","article_publisher":"https:\/\/www.facebook.com\/AcuarioSupremus","article_modified_time":"2026-01-01T22:17:21+00:00","og_image":[{"width":1250,"height":1250,"url":"https:\/\/acuariosupremus.com\/wp-content\/uploads\/2022\/05\/lily_pipe_cristal_dymax_01.jpg","type":"image\/jpeg"}],"twitter_card":"summary_large_image","twitter_site":"@AcuarioSupremus","twitter_misc":{"Tiempo de lectura":"1 minuto"},"schema":{"@context":"https:\/\/schema.org","@graph":[{"@type":"WebPage","@id":"https:\/\/acuariosupremus.com\/?product=lily-pipe-con-desnatador-cristal-dymax-o-16-22-mm","url":"https:\/\/acuariosupremus.com\/?product=lily-pipe-con-desnatador-cristal-dymax-o-16-22-mm","name":"Lily Pipe con desnatador cristal DYMAX \u00d8 16\/22 mm. | Acuario Supremus","isPartOf":{"@id":"https:\/\/acuariosupremus.com\/#website"},"primaryImageOfPage":{"@id":"https:\/\/acuariosupremus.com\/?product=lily-pipe-con-desnatador-cristal-dymax-o-16-22-mm#primaryimage"},"image":{"@id":"https:\/\/acuariosupremus.com\/?product=lily-pipe-con-desnatador-cristal-dymax-o-16-22-mm#primaryimage"},"thumbnailUrl":"https:\/\/acuariosupremus.com\/wp-content\/uploads\/2022\/05\/lily_pipe_cristal_dymax_01.jpg","datePublished":"2022-05-24T23:47:59+00:00","dateModified":"2026-01-01T22:17:21+00:00","description":"Set de tuber\u00edas en cristal de cuarzo de alta transparencia y resistencia a los cambios de temperatura. Optimiza al m\u00e1ximo la circulaci\u00f3n del agua.","breadcrumb":{"@id":"https:\/\/acuariosupremus.com\/?product=lily-pipe-con-desnatador-cristal-dymax-o-16-22-mm#breadcrumb"},"inLanguage":"es","potentialAction":[{"@type":"ReadAction","target":["https:\/\/acuariosupremus.com\/?product=lily-pipe-con-desnatador-cristal-dymax-o-16-22-mm"]}]},{"@type":"ImageObject","inLanguage":"es","@id":"https:\/\/acuariosupremus.com\/?product=lily-pipe-con-desnatador-cristal-dymax-o-16-22-mm#primaryimage","url":"https:\/\/acuariosupremus.com\/wp-content\/uploads\/2022\/05\/lily_pipe_cristal_dymax_01.jpg","contentUrl":"https:\/\/acuariosupremus.com\/wp-content\/uploads\/2022\/05\/lily_pipe_cristal_dymax_01.jpg","width":1250,"height":1250},{"@type":"BreadcrumbList","@id":"https:\/\/acuariosupremus.com\/?product=lily-pipe-con-desnatador-cristal-dymax-o-16-22-mm#breadcrumb","itemListElement":[{"@type":"ListItem","position":1,"name":"Portada","item":"https:\/\/acuariosupremus.com\/"},{"@type":"ListItem","position":2,"name":"Tienda","item":"https:\/\/acuariosupremus.com\/tienda\/"},{"@type":"ListItem","position":3,"name":"Lily Pipe con desnatador cristal DYMAX \u00d8 16\/22 mm."}]},{"@type":"WebSite","@id":"https:\/\/acuariosupremus.com\/#website","url":"https:\/\/acuariosupremus.com\/","name":"Acuario Supremus","description":"Peces, Peceras y Mascotas.","publisher":{"@id":"https:\/\/acuariosupremus.com\/#organization"},"potentialAction":[{"@type":"SearchAction","target":{"@type":"EntryPoint","urlTemplate":"https:\/\/acuariosupremus.com\/?s={search_term_string}"},"query-input":{"@type":"PropertyValueSpecification","valueRequired":true,"valueName":"search_term_string"}}],"inLanguage":"es"},{"@type":"Organization","@id":"https:\/\/acuariosupremus.com\/#organization","name":"Acuario Supremus","url":"https:\/\/acuariosupremus.com\/","logo":{"@type":"ImageObject","inLanguage":"es","@id":"https:\/\/acuariosupremus.com\/#\/schema\/logo\/image\/","url":"https:\/\/acuariosupremus.com\/wp-content\/uploads\/2021\/12\/cropped-logo_acuario_supremus_fn-2.png","contentUrl":"https:\/\/acuariosupremus.com\/wp-content\/uploads\/2021\/12\/cropped-logo_acuario_supremus_fn-2.png","width":1000,"height":318,"caption":"Acuario Supremus"},"image":{"@id":"https:\/\/acuariosupremus.com\/#\/schema\/logo\/image\/"},"sameAs":["https:\/\/www.facebook.com\/AcuarioSupremus","https:\/\/x.com\/AcuarioSupremus","https:\/\/www.instagram.com\/acuariosupremus\/?hl=es"]}]}},"jetpack_sharing_enabled":true,"_links":{"self":[{"href":"https:\/\/acuariosupremus.com\/index.php?rest_route=\/wp\/v2\/product\/10377","targetHints":{"allow":["GET"]}}],"collection":[{"href":"https:\/\/acuariosupremus.com\/index.php?rest_route=\/wp\/v2\/product"}],"about":[{"href":"https:\/\/acuariosupremus.com\/index.php?rest_route=\/wp\/v2\/types\/product"}],"wp:featuredmedia":[{"embeddable":true,"href":"https:\/\/acuariosupremus.com\/index.php?rest_route=\/wp\/v2\/media\/10374"}],"wp:attachment":[{"href":"https:\/\/acuariosupremus.com\/index.php?rest_route=%2Fwp%2Fv2%2Fmedia&parent=10377"}],"wp:term":[{"taxonomy":"product_brand","embeddable":true,"href":"https:\/\/acuariosupremus.com\/index.php?rest_route=%2Fwp%2Fv2%2Fproduct_brand&post=10377"},{"taxonomy":"product_cat","embeddable":true,"href":"https:\/\/acuariosupremus.com\/index.php?rest_route=%2Fwp%2Fv2%2Fproduct_cat&post=10377"},{"taxonomy":"product_tag","embeddable":true,"href":"https:\/\/acuariosupremus.com\/index.php?rest_route=%2Fwp%2Fv2%2Fproduct_tag&post=10377"}],"curies":[{"name":"wp","href":"https:\/\/api.w.org\/{rel}","templated":true}]}}