{"id":10379,"date":"2022-05-24T18:50:54","date_gmt":"2022-05-24T23:50:54","guid":{"rendered":"https:\/\/acuariosupremus.com\/?post_type=product&#038;p=10379"},"modified":"2026-01-01T16:17:42","modified_gmt":"2026-01-01T22:17:42","slug":"set-de-bases-sujetadoras-para-lily-pipe-dymax-2-piezas","status":"publish","type":"product","link":"https:\/\/acuariosupremus.com\/?product=set-de-bases-sujetadoras-para-lily-pipe-dymax-2-piezas","title":{"rendered":"Set de Bases sujetadoras para Lily Pipe DYMAX (2 piezas)."},"content":{"rendered":"<p>Fija los tubos al borde superior de la pared de su acuario con dos tornillos, usando los otros dos para fijar el tubo al soporte.<\/p>\n<p>Modelo: DYBLP Tornillos: 4 Di\u00e1metro m\u00e1ximo de tubo: 20 (\u00d8mm.) Medidas soporte de aspiraci\u00f3n 60 x 40 x 35 (I x a x h mm) Medidas soporte de expulsi\u00f3n 60 x 40 x 35 (I x a x h mm) Medidas con embalaje 85 x 100 x 40 (mm) Peso 45 (grs.) Peso con embalaje 75 (grs.).<\/p>\n","protected":false},"excerpt":{"rendered":"<p>Set de repuesto de dos piezas elaboradas en acr\u00edlico de gran calidad para fijar los sistemas \u201cLiliy Pipe\u201d de acero inoxidable, tanto en su versi\u00f3n sencilla como en la que incorpora un desnatador en los tama\u00f1os de 12\/16 y 16\/22. Este set es compatible con otros tubos de aspiraci\u00f3n y expulsi\u00f3n de los filtros canister con mangueras de hasta 22 mil\u00edmetros de di\u00e1metro exterior.<\/p>\n","protected":false},"featured_media":10380,"template":"","meta":[],"product_brand":[126],"product_cat":[40,56,59],"product_tag":[924,925,907],"class_list":{"0":"post-10379","1":"product","2":"type-product","3":"status-publish","4":"has-post-thumbnail","6":"product_brand-dymax","7":"product_cat-peces","8":"product_cat-plantas-naturales","9":"product_cat-repuestos","10":"product_tag-lily-pipe-acero-inoxidable","11":"product_tag-lily-pipe-con-desnatador-de-cristal","12":"product_tag-lily-pipe-sencillo-de-cristal","14":"first","15":"instock","16":"sale","17":"shipping-taxable","18":"purchasable","19":"product-type-simple"},"yoast_head":"<!-- This site is optimized with the Yoast SEO plugin v27.4 - https:\/\/yoast.com\/product\/yoast-seo-wordpress\/ -->\n<title>Set de Bases sujetadoras para Lily Pipe DYMAX (2 piezas). | Acuario Supremus<\/title>\n<meta name=\"description\" content=\"Set de repuesto de dos piezas elaboradas en acr\u00edlico de gran calidad para fijar cualquiera de los sistemas \u201cLiliy Pipe\u201d DYMAX de acero inoxidable,\" \/>\n<meta name=\"robots\" content=\"index, follow, max-snippet:-1, max-image-preview:large, max-video-preview:-1\" \/>\n<link rel=\"canonical\" href=\"https:\/\/acuariosupremus.com\/?product=set-de-bases-sujetadoras-para-lily-pipe-dymax-2-piezas\" \/>\n<meta property=\"og:locale\" content=\"es_MX\" \/>\n<meta property=\"og:type\" content=\"article\" \/>\n<meta property=\"og:title\" content=\"Set de Bases sujetadoras para Lily Pipe DYMAX (2 piezas). | Acuario Supremus\" \/>\n<meta property=\"og:description\" content=\"Set de repuesto de dos piezas elaboradas en acr\u00edlico de gran calidad para fijar cualquiera de los sistemas \u201cLiliy Pipe\u201d DYMAX de acero inoxidable,\" \/>\n<meta property=\"og:url\" content=\"https:\/\/acuariosupremus.com\/?product=set-de-bases-sujetadoras-para-lily-pipe-dymax-2-piezas\" \/>\n<meta property=\"og:site_name\" content=\"Acuario Supremus\" \/>\n<meta property=\"article:publisher\" content=\"https:\/\/www.facebook.com\/AcuarioSupremus\" \/>\n<meta property=\"article:modified_time\" content=\"2026-01-01T22:17:42+00:00\" \/>\n<meta property=\"og:image\" content=\"https:\/\/acuariosupremus.com\/wp-content\/uploads\/2022\/05\/soporte-para_lily_pipe_dymax_01.jpg\" \/>\n\t<meta property=\"og:image:width\" content=\"1250\" \/>\n\t<meta property=\"og:image:height\" content=\"1250\" \/>\n\t<meta property=\"og:image:type\" content=\"image\/jpeg\" \/>\n<meta name=\"twitter:card\" content=\"summary_large_image\" \/>\n<meta name=\"twitter:site\" content=\"@AcuarioSupremus\" \/>\n<meta name=\"twitter:label1\" content=\"Tiempo de lectura\" \/>\n\t<meta name=\"twitter:data1\" content=\"1 minuto\" \/>\n<script type=\"application\/ld+json\" class=\"yoast-schema-graph\">{\"@context\":\"https:\\\/\\\/schema.org\",\"@graph\":[{\"@type\":\"WebPage\",\"@id\":\"https:\\\/\\\/acuariosupremus.com\\\/?product=set-de-bases-sujetadoras-para-lily-pipe-dymax-2-piezas\",\"url\":\"https:\\\/\\\/acuariosupremus.com\\\/?product=set-de-bases-sujetadoras-para-lily-pipe-dymax-2-piezas\",\"name\":\"Set de Bases sujetadoras para Lily Pipe DYMAX (2 piezas). | Acuario Supremus\",\"isPartOf\":{\"@id\":\"https:\\\/\\\/acuariosupremus.com\\\/#website\"},\"primaryImageOfPage\":{\"@id\":\"https:\\\/\\\/acuariosupremus.com\\\/?product=set-de-bases-sujetadoras-para-lily-pipe-dymax-2-piezas#primaryimage\"},\"image\":{\"@id\":\"https:\\\/\\\/acuariosupremus.com\\\/?product=set-de-bases-sujetadoras-para-lily-pipe-dymax-2-piezas#primaryimage\"},\"thumbnailUrl\":\"https:\\\/\\\/acuariosupremus.com\\\/wp-content\\\/uploads\\\/2022\\\/05\\\/soporte-para_lily_pipe_dymax_01.jpg\",\"datePublished\":\"2022-05-24T23:50:54+00:00\",\"dateModified\":\"2026-01-01T22:17:42+00:00\",\"description\":\"Set de repuesto de dos piezas elaboradas en acr\u00edlico de gran calidad para fijar cualquiera de los sistemas \u201cLiliy Pipe\u201d DYMAX de acero inoxidable,\",\"breadcrumb\":{\"@id\":\"https:\\\/\\\/acuariosupremus.com\\\/?product=set-de-bases-sujetadoras-para-lily-pipe-dymax-2-piezas#breadcrumb\"},\"inLanguage\":\"es\",\"potentialAction\":[{\"@type\":\"ReadAction\",\"target\":[\"https:\\\/\\\/acuariosupremus.com\\\/?product=set-de-bases-sujetadoras-para-lily-pipe-dymax-2-piezas\"]}]},{\"@type\":\"ImageObject\",\"inLanguage\":\"es\",\"@id\":\"https:\\\/\\\/acuariosupremus.com\\\/?product=set-de-bases-sujetadoras-para-lily-pipe-dymax-2-piezas#primaryimage\",\"url\":\"https:\\\/\\\/acuariosupremus.com\\\/wp-content\\\/uploads\\\/2022\\\/05\\\/soporte-para_lily_pipe_dymax_01.jpg\",\"contentUrl\":\"https:\\\/\\\/acuariosupremus.com\\\/wp-content\\\/uploads\\\/2022\\\/05\\\/soporte-para_lily_pipe_dymax_01.jpg\",\"width\":1250,\"height\":1250},{\"@type\":\"BreadcrumbList\",\"@id\":\"https:\\\/\\\/acuariosupremus.com\\\/?product=set-de-bases-sujetadoras-para-lily-pipe-dymax-2-piezas#breadcrumb\",\"itemListElement\":[{\"@type\":\"ListItem\",\"position\":1,\"name\":\"Portada\",\"item\":\"https:\\\/\\\/acuariosupremus.com\\\/\"},{\"@type\":\"ListItem\",\"position\":2,\"name\":\"Tienda\",\"item\":\"https:\\\/\\\/acuariosupremus.com\\\/tienda\\\/\"},{\"@type\":\"ListItem\",\"position\":3,\"name\":\"Set de Bases sujetadoras para Lily Pipe DYMAX (2 piezas).\"}]},{\"@type\":\"WebSite\",\"@id\":\"https:\\\/\\\/acuariosupremus.com\\\/#website\",\"url\":\"https:\\\/\\\/acuariosupremus.com\\\/\",\"name\":\"Acuario Supremus\",\"description\":\"Peces, Peceras y Mascotas.\",\"publisher\":{\"@id\":\"https:\\\/\\\/acuariosupremus.com\\\/#organization\"},\"potentialAction\":[{\"@type\":\"SearchAction\",\"target\":{\"@type\":\"EntryPoint\",\"urlTemplate\":\"https:\\\/\\\/acuariosupremus.com\\\/?s={search_term_string}\"},\"query-input\":{\"@type\":\"PropertyValueSpecification\",\"valueRequired\":true,\"valueName\":\"search_term_string\"}}],\"inLanguage\":\"es\"},{\"@type\":\"Organization\",\"@id\":\"https:\\\/\\\/acuariosupremus.com\\\/#organization\",\"name\":\"Acuario Supremus\",\"url\":\"https:\\\/\\\/acuariosupremus.com\\\/\",\"logo\":{\"@type\":\"ImageObject\",\"inLanguage\":\"es\",\"@id\":\"https:\\\/\\\/acuariosupremus.com\\\/#\\\/schema\\\/logo\\\/image\\\/\",\"url\":\"https:\\\/\\\/acuariosupremus.com\\\/wp-content\\\/uploads\\\/2021\\\/12\\\/cropped-logo_acuario_supremus_fn-2.png\",\"contentUrl\":\"https:\\\/\\\/acuariosupremus.com\\\/wp-content\\\/uploads\\\/2021\\\/12\\\/cropped-logo_acuario_supremus_fn-2.png\",\"width\":1000,\"height\":318,\"caption\":\"Acuario Supremus\"},\"image\":{\"@id\":\"https:\\\/\\\/acuariosupremus.com\\\/#\\\/schema\\\/logo\\\/image\\\/\"},\"sameAs\":[\"https:\\\/\\\/www.facebook.com\\\/AcuarioSupremus\",\"https:\\\/\\\/x.com\\\/AcuarioSupremus\",\"https:\\\/\\\/www.instagram.com\\\/acuariosupremus\\\/?hl=es\"]}]}<\/script>\n<!-- \/ Yoast SEO plugin. -->","yoast_head_json":{"title":"Set de Bases sujetadoras para Lily Pipe DYMAX (2 piezas). | Acuario Supremus","description":"Set de repuesto de dos piezas elaboradas en acr\u00edlico de gran calidad para fijar cualquiera de los sistemas \u201cLiliy Pipe\u201d DYMAX de acero inoxidable,","robots":{"index":"index","follow":"follow","max-snippet":"max-snippet:-1","max-image-preview":"max-image-preview:large","max-video-preview":"max-video-preview:-1"},"canonical":"https:\/\/acuariosupremus.com\/?product=set-de-bases-sujetadoras-para-lily-pipe-dymax-2-piezas","og_locale":"es_MX","og_type":"article","og_title":"Set de Bases sujetadoras para Lily Pipe DYMAX (2 piezas). | Acuario Supremus","og_description":"Set de repuesto de dos piezas elaboradas en acr\u00edlico de gran calidad para fijar cualquiera de los sistemas \u201cLiliy Pipe\u201d DYMAX de acero inoxidable,","og_url":"https:\/\/acuariosupremus.com\/?product=set-de-bases-sujetadoras-para-lily-pipe-dymax-2-piezas","og_site_name":"Acuario Supremus","article_publisher":"https:\/\/www.facebook.com\/AcuarioSupremus","article_modified_time":"2026-01-01T22:17:42+00:00","og_image":[{"width":1250,"height":1250,"url":"https:\/\/acuariosupremus.com\/wp-content\/uploads\/2022\/05\/soporte-para_lily_pipe_dymax_01.jpg","type":"image\/jpeg"}],"twitter_card":"summary_large_image","twitter_site":"@AcuarioSupremus","twitter_misc":{"Tiempo de lectura":"1 minuto"},"schema":{"@context":"https:\/\/schema.org","@graph":[{"@type":"WebPage","@id":"https:\/\/acuariosupremus.com\/?product=set-de-bases-sujetadoras-para-lily-pipe-dymax-2-piezas","url":"https:\/\/acuariosupremus.com\/?product=set-de-bases-sujetadoras-para-lily-pipe-dymax-2-piezas","name":"Set de Bases sujetadoras para Lily Pipe DYMAX (2 piezas). | Acuario Supremus","isPartOf":{"@id":"https:\/\/acuariosupremus.com\/#website"},"primaryImageOfPage":{"@id":"https:\/\/acuariosupremus.com\/?product=set-de-bases-sujetadoras-para-lily-pipe-dymax-2-piezas#primaryimage"},"image":{"@id":"https:\/\/acuariosupremus.com\/?product=set-de-bases-sujetadoras-para-lily-pipe-dymax-2-piezas#primaryimage"},"thumbnailUrl":"https:\/\/acuariosupremus.com\/wp-content\/uploads\/2022\/05\/soporte-para_lily_pipe_dymax_01.jpg","datePublished":"2022-05-24T23:50:54+00:00","dateModified":"2026-01-01T22:17:42+00:00","description":"Set de repuesto de dos piezas elaboradas en acr\u00edlico de gran calidad para fijar cualquiera de los sistemas \u201cLiliy Pipe\u201d DYMAX de acero inoxidable,","breadcrumb":{"@id":"https:\/\/acuariosupremus.com\/?product=set-de-bases-sujetadoras-para-lily-pipe-dymax-2-piezas#breadcrumb"},"inLanguage":"es","potentialAction":[{"@type":"ReadAction","target":["https:\/\/acuariosupremus.com\/?product=set-de-bases-sujetadoras-para-lily-pipe-dymax-2-piezas"]}]},{"@type":"ImageObject","inLanguage":"es","@id":"https:\/\/acuariosupremus.com\/?product=set-de-bases-sujetadoras-para-lily-pipe-dymax-2-piezas#primaryimage","url":"https:\/\/acuariosupremus.com\/wp-content\/uploads\/2022\/05\/soporte-para_lily_pipe_dymax_01.jpg","contentUrl":"https:\/\/acuariosupremus.com\/wp-content\/uploads\/2022\/05\/soporte-para_lily_pipe_dymax_01.jpg","width":1250,"height":1250},{"@type":"BreadcrumbList","@id":"https:\/\/acuariosupremus.com\/?product=set-de-bases-sujetadoras-para-lily-pipe-dymax-2-piezas#breadcrumb","itemListElement":[{"@type":"ListItem","position":1,"name":"Portada","item":"https:\/\/acuariosupremus.com\/"},{"@type":"ListItem","position":2,"name":"Tienda","item":"https:\/\/acuariosupremus.com\/tienda\/"},{"@type":"ListItem","position":3,"name":"Set de Bases sujetadoras para Lily Pipe DYMAX (2 piezas)."}]},{"@type":"WebSite","@id":"https:\/\/acuariosupremus.com\/#website","url":"https:\/\/acuariosupremus.com\/","name":"Acuario Supremus","description":"Peces, Peceras y Mascotas.","publisher":{"@id":"https:\/\/acuariosupremus.com\/#organization"},"potentialAction":[{"@type":"SearchAction","target":{"@type":"EntryPoint","urlTemplate":"https:\/\/acuariosupremus.com\/?s={search_term_string}"},"query-input":{"@type":"PropertyValueSpecification","valueRequired":true,"valueName":"search_term_string"}}],"inLanguage":"es"},{"@type":"Organization","@id":"https:\/\/acuariosupremus.com\/#organization","name":"Acuario Supremus","url":"https:\/\/acuariosupremus.com\/","logo":{"@type":"ImageObject","inLanguage":"es","@id":"https:\/\/acuariosupremus.com\/#\/schema\/logo\/image\/","url":"https:\/\/acuariosupremus.com\/wp-content\/uploads\/2021\/12\/cropped-logo_acuario_supremus_fn-2.png","contentUrl":"https:\/\/acuariosupremus.com\/wp-content\/uploads\/2021\/12\/cropped-logo_acuario_supremus_fn-2.png","width":1000,"height":318,"caption":"Acuario Supremus"},"image":{"@id":"https:\/\/acuariosupremus.com\/#\/schema\/logo\/image\/"},"sameAs":["https:\/\/www.facebook.com\/AcuarioSupremus","https:\/\/x.com\/AcuarioSupremus","https:\/\/www.instagram.com\/acuariosupremus\/?hl=es"]}]}},"jetpack_sharing_enabled":true,"_links":{"self":[{"href":"https:\/\/acuariosupremus.com\/index.php?rest_route=\/wp\/v2\/product\/10379","targetHints":{"allow":["GET"]}}],"collection":[{"href":"https:\/\/acuariosupremus.com\/index.php?rest_route=\/wp\/v2\/product"}],"about":[{"href":"https:\/\/acuariosupremus.com\/index.php?rest_route=\/wp\/v2\/types\/product"}],"wp:featuredmedia":[{"embeddable":true,"href":"https:\/\/acuariosupremus.com\/index.php?rest_route=\/wp\/v2\/media\/10380"}],"wp:attachment":[{"href":"https:\/\/acuariosupremus.com\/index.php?rest_route=%2Fwp%2Fv2%2Fmedia&parent=10379"}],"wp:term":[{"taxonomy":"product_brand","embeddable":true,"href":"https:\/\/acuariosupremus.com\/index.php?rest_route=%2Fwp%2Fv2%2Fproduct_brand&post=10379"},{"taxonomy":"product_cat","embeddable":true,"href":"https:\/\/acuariosupremus.com\/index.php?rest_route=%2Fwp%2Fv2%2Fproduct_cat&post=10379"},{"taxonomy":"product_tag","embeddable":true,"href":"https:\/\/acuariosupremus.com\/index.php?rest_route=%2Fwp%2Fv2%2Fproduct_tag&post=10379"}],"curies":[{"name":"wp","href":"https:\/\/api.w.org\/{rel}","templated":true}]}}