{"id":10390,"date":"2022-05-24T19:09:35","date_gmt":"2022-05-25T00:09:35","guid":{"rendered":"https:\/\/acuariosupremus.com\/?post_type=product&#038;p=10390"},"modified":"2026-01-01T16:18:00","modified_gmt":"2026-01-01T22:18:00","slug":"pinza-acero-inox-dymax-anodizado-negro-curva","status":"publish","type":"product","link":"https:\/\/acuariosupremus.com\/?product=pinza-acero-inox-dymax-anodizado-negro-curva","title":{"rendered":"Pinza acero inox DYMAX anodizado negro curva."},"content":{"rendered":"<p>En acuarios de arrecife son \u00fatiles en la colocaci\u00f3n o recuperaci\u00f3n de fragmentos de coral o colonias en lugares de dif\u00edcil acceso. Se utilizan a menudo en el paisajismo acu\u00e1tico general de cualquier acuario. Es una herramienta profesional indispensable para cualquier acuarista avanzado. El tratamiento de anodizado sobre acero de grado quir\u00fargico aumenta notablemente la resistencia a la corrosi\u00f3n y aporta un aspecto muy elegante a su herramienta.<\/p>\n<p>Modelo: DYPC Tipo de punta:CURVA\u00a0 Apertura m\u00e1xima: 20 (mm.) Longitud de la punta: 25 (mm.) Construcci\u00f3n: Acero INOX (material) Peso: 50 (grs.) Peso con embalaje: 70 Medidas: 265 x 20 x 25 (mm) Medidas con embalaje: 345 x 70 x 18 (mm).<\/p>\n","protected":false},"excerpt":{"rendered":"<p>Pinzas en acero inoxidable de grado quir\u00fargico anodizado en negro de calidad Premium. Son ideales para el acomodo y mantenimiento de plantas acu\u00e1ticas. La versi\u00f3n curva de las pinzas es adecuada para plantar en las esquinas o en los lugares m\u00e1s inaccesibles entre la decoraci\u00f3n. Esta pinza es adecuada para manejar plantas con tallos gruesos o anchos, siendo muy \u00fatiles para plantar en sustratos de grava (m\u00e1s gruesa que la arena).<\/p>\n","protected":false},"featured_media":10393,"template":"","meta":[],"product_brand":[126],"product_cat":[40,94,56],"product_tag":[542],"class_list":{"0":"post-10390","1":"product","2":"type-product","3":"status-publish","4":"has-post-thumbnail","6":"product_brand-dymax","7":"product_cat-peces","8":"product_cat-arrecife","9":"product_cat-plantas-naturales","10":"product_tag-pinzas-corales-y-plantas","12":"first","13":"instock","14":"sale","15":"shipping-taxable","16":"purchasable","17":"product-type-simple"},"yoast_head":"<!-- This site is optimized with the Yoast SEO plugin v27.4 - https:\/\/yoast.com\/product\/yoast-seo-wordpress\/ -->\n<title>Pinza acero inox DYMAX anodizado negro curva. | Acuario Supremus<\/title>\n<meta name=\"description\" content=\"Pinzas curvas en acero inoxidable de grado quir\u00fargico anodizado en negro, de calidad Premium, ideales para el mantenimiento de plantas acu\u00e1ticas.\" \/>\n<meta name=\"robots\" content=\"index, follow, max-snippet:-1, max-image-preview:large, max-video-preview:-1\" \/>\n<link rel=\"canonical\" href=\"https:\/\/acuariosupremus.com\/?product=pinza-acero-inox-dymax-anodizado-negro-curva\" \/>\n<meta property=\"og:locale\" content=\"es_MX\" \/>\n<meta property=\"og:type\" content=\"article\" \/>\n<meta property=\"og:title\" content=\"Pinza acero inox DYMAX anodizado negro curva. | Acuario Supremus\" \/>\n<meta property=\"og:description\" content=\"Pinzas curvas en acero inoxidable de grado quir\u00fargico anodizado en negro, de calidad Premium, ideales para el mantenimiento de plantas acu\u00e1ticas.\" \/>\n<meta property=\"og:url\" content=\"https:\/\/acuariosupremus.com\/?product=pinza-acero-inox-dymax-anodizado-negro-curva\" \/>\n<meta property=\"og:site_name\" content=\"Acuario Supremus\" \/>\n<meta property=\"article:publisher\" content=\"https:\/\/www.facebook.com\/AcuarioSupremus\" \/>\n<meta property=\"article:modified_time\" content=\"2026-01-01T22:18:00+00:00\" \/>\n<meta property=\"og:image\" content=\"https:\/\/acuariosupremus.com\/wp-content\/uploads\/2022\/05\/pinzas_curvas_dymax_03.jpg\" \/>\n\t<meta property=\"og:image:width\" content=\"1250\" \/>\n\t<meta property=\"og:image:height\" content=\"1250\" \/>\n\t<meta property=\"og:image:type\" content=\"image\/jpeg\" \/>\n<meta name=\"twitter:card\" content=\"summary_large_image\" \/>\n<meta name=\"twitter:site\" content=\"@AcuarioSupremus\" \/>\n<meta name=\"twitter:label1\" content=\"Tiempo de lectura\" \/>\n\t<meta name=\"twitter:data1\" content=\"1 minuto\" \/>\n<script type=\"application\/ld+json\" class=\"yoast-schema-graph\">{\"@context\":\"https:\\\/\\\/schema.org\",\"@graph\":[{\"@type\":\"WebPage\",\"@id\":\"https:\\\/\\\/acuariosupremus.com\\\/?product=pinza-acero-inox-dymax-anodizado-negro-curva\",\"url\":\"https:\\\/\\\/acuariosupremus.com\\\/?product=pinza-acero-inox-dymax-anodizado-negro-curva\",\"name\":\"Pinza acero inox DYMAX anodizado negro curva. | Acuario Supremus\",\"isPartOf\":{\"@id\":\"https:\\\/\\\/acuariosupremus.com\\\/#website\"},\"primaryImageOfPage\":{\"@id\":\"https:\\\/\\\/acuariosupremus.com\\\/?product=pinza-acero-inox-dymax-anodizado-negro-curva#primaryimage\"},\"image\":{\"@id\":\"https:\\\/\\\/acuariosupremus.com\\\/?product=pinza-acero-inox-dymax-anodizado-negro-curva#primaryimage\"},\"thumbnailUrl\":\"https:\\\/\\\/acuariosupremus.com\\\/wp-content\\\/uploads\\\/2022\\\/05\\\/pinzas_curvas_dymax_03.jpg\",\"datePublished\":\"2022-05-25T00:09:35+00:00\",\"dateModified\":\"2026-01-01T22:18:00+00:00\",\"description\":\"Pinzas curvas en acero inoxidable de grado quir\u00fargico anodizado en negro, de calidad Premium, ideales para el mantenimiento de plantas acu\u00e1ticas.\",\"breadcrumb\":{\"@id\":\"https:\\\/\\\/acuariosupremus.com\\\/?product=pinza-acero-inox-dymax-anodizado-negro-curva#breadcrumb\"},\"inLanguage\":\"es\",\"potentialAction\":[{\"@type\":\"ReadAction\",\"target\":[\"https:\\\/\\\/acuariosupremus.com\\\/?product=pinza-acero-inox-dymax-anodizado-negro-curva\"]}]},{\"@type\":\"ImageObject\",\"inLanguage\":\"es\",\"@id\":\"https:\\\/\\\/acuariosupremus.com\\\/?product=pinza-acero-inox-dymax-anodizado-negro-curva#primaryimage\",\"url\":\"https:\\\/\\\/acuariosupremus.com\\\/wp-content\\\/uploads\\\/2022\\\/05\\\/pinzas_curvas_dymax_03.jpg\",\"contentUrl\":\"https:\\\/\\\/acuariosupremus.com\\\/wp-content\\\/uploads\\\/2022\\\/05\\\/pinzas_curvas_dymax_03.jpg\",\"width\":1250,\"height\":1250},{\"@type\":\"BreadcrumbList\",\"@id\":\"https:\\\/\\\/acuariosupremus.com\\\/?product=pinza-acero-inox-dymax-anodizado-negro-curva#breadcrumb\",\"itemListElement\":[{\"@type\":\"ListItem\",\"position\":1,\"name\":\"Portada\",\"item\":\"https:\\\/\\\/acuariosupremus.com\\\/\"},{\"@type\":\"ListItem\",\"position\":2,\"name\":\"Tienda\",\"item\":\"https:\\\/\\\/acuariosupremus.com\\\/tienda\\\/\"},{\"@type\":\"ListItem\",\"position\":3,\"name\":\"Pinza acero inox DYMAX anodizado negro curva.\"}]},{\"@type\":\"WebSite\",\"@id\":\"https:\\\/\\\/acuariosupremus.com\\\/#website\",\"url\":\"https:\\\/\\\/acuariosupremus.com\\\/\",\"name\":\"Acuario Supremus\",\"description\":\"Peces, Peceras y Mascotas.\",\"publisher\":{\"@id\":\"https:\\\/\\\/acuariosupremus.com\\\/#organization\"},\"potentialAction\":[{\"@type\":\"SearchAction\",\"target\":{\"@type\":\"EntryPoint\",\"urlTemplate\":\"https:\\\/\\\/acuariosupremus.com\\\/?s={search_term_string}\"},\"query-input\":{\"@type\":\"PropertyValueSpecification\",\"valueRequired\":true,\"valueName\":\"search_term_string\"}}],\"inLanguage\":\"es\"},{\"@type\":\"Organization\",\"@id\":\"https:\\\/\\\/acuariosupremus.com\\\/#organization\",\"name\":\"Acuario Supremus\",\"url\":\"https:\\\/\\\/acuariosupremus.com\\\/\",\"logo\":{\"@type\":\"ImageObject\",\"inLanguage\":\"es\",\"@id\":\"https:\\\/\\\/acuariosupremus.com\\\/#\\\/schema\\\/logo\\\/image\\\/\",\"url\":\"https:\\\/\\\/acuariosupremus.com\\\/wp-content\\\/uploads\\\/2021\\\/12\\\/cropped-logo_acuario_supremus_fn-2.png\",\"contentUrl\":\"https:\\\/\\\/acuariosupremus.com\\\/wp-content\\\/uploads\\\/2021\\\/12\\\/cropped-logo_acuario_supremus_fn-2.png\",\"width\":1000,\"height\":318,\"caption\":\"Acuario Supremus\"},\"image\":{\"@id\":\"https:\\\/\\\/acuariosupremus.com\\\/#\\\/schema\\\/logo\\\/image\\\/\"},\"sameAs\":[\"https:\\\/\\\/www.facebook.com\\\/AcuarioSupremus\",\"https:\\\/\\\/x.com\\\/AcuarioSupremus\",\"https:\\\/\\\/www.instagram.com\\\/acuariosupremus\\\/?hl=es\"]}]}<\/script>\n<!-- \/ Yoast SEO plugin. -->","yoast_head_json":{"title":"Pinza acero inox DYMAX anodizado negro curva. | Acuario Supremus","description":"Pinzas curvas en acero inoxidable de grado quir\u00fargico anodizado en negro, de calidad Premium, ideales para el mantenimiento de plantas acu\u00e1ticas.","robots":{"index":"index","follow":"follow","max-snippet":"max-snippet:-1","max-image-preview":"max-image-preview:large","max-video-preview":"max-video-preview:-1"},"canonical":"https:\/\/acuariosupremus.com\/?product=pinza-acero-inox-dymax-anodizado-negro-curva","og_locale":"es_MX","og_type":"article","og_title":"Pinza acero inox DYMAX anodizado negro curva. | Acuario Supremus","og_description":"Pinzas curvas en acero inoxidable de grado quir\u00fargico anodizado en negro, de calidad Premium, ideales para el mantenimiento de plantas acu\u00e1ticas.","og_url":"https:\/\/acuariosupremus.com\/?product=pinza-acero-inox-dymax-anodizado-negro-curva","og_site_name":"Acuario Supremus","article_publisher":"https:\/\/www.facebook.com\/AcuarioSupremus","article_modified_time":"2026-01-01T22:18:00+00:00","og_image":[{"width":1250,"height":1250,"url":"https:\/\/acuariosupremus.com\/wp-content\/uploads\/2022\/05\/pinzas_curvas_dymax_03.jpg","type":"image\/jpeg"}],"twitter_card":"summary_large_image","twitter_site":"@AcuarioSupremus","twitter_misc":{"Tiempo de lectura":"1 minuto"},"schema":{"@context":"https:\/\/schema.org","@graph":[{"@type":"WebPage","@id":"https:\/\/acuariosupremus.com\/?product=pinza-acero-inox-dymax-anodizado-negro-curva","url":"https:\/\/acuariosupremus.com\/?product=pinza-acero-inox-dymax-anodizado-negro-curva","name":"Pinza acero inox DYMAX anodizado negro curva. | Acuario Supremus","isPartOf":{"@id":"https:\/\/acuariosupremus.com\/#website"},"primaryImageOfPage":{"@id":"https:\/\/acuariosupremus.com\/?product=pinza-acero-inox-dymax-anodizado-negro-curva#primaryimage"},"image":{"@id":"https:\/\/acuariosupremus.com\/?product=pinza-acero-inox-dymax-anodizado-negro-curva#primaryimage"},"thumbnailUrl":"https:\/\/acuariosupremus.com\/wp-content\/uploads\/2022\/05\/pinzas_curvas_dymax_03.jpg","datePublished":"2022-05-25T00:09:35+00:00","dateModified":"2026-01-01T22:18:00+00:00","description":"Pinzas curvas en acero inoxidable de grado quir\u00fargico anodizado en negro, de calidad Premium, ideales para el mantenimiento de plantas acu\u00e1ticas.","breadcrumb":{"@id":"https:\/\/acuariosupremus.com\/?product=pinza-acero-inox-dymax-anodizado-negro-curva#breadcrumb"},"inLanguage":"es","potentialAction":[{"@type":"ReadAction","target":["https:\/\/acuariosupremus.com\/?product=pinza-acero-inox-dymax-anodizado-negro-curva"]}]},{"@type":"ImageObject","inLanguage":"es","@id":"https:\/\/acuariosupremus.com\/?product=pinza-acero-inox-dymax-anodizado-negro-curva#primaryimage","url":"https:\/\/acuariosupremus.com\/wp-content\/uploads\/2022\/05\/pinzas_curvas_dymax_03.jpg","contentUrl":"https:\/\/acuariosupremus.com\/wp-content\/uploads\/2022\/05\/pinzas_curvas_dymax_03.jpg","width":1250,"height":1250},{"@type":"BreadcrumbList","@id":"https:\/\/acuariosupremus.com\/?product=pinza-acero-inox-dymax-anodizado-negro-curva#breadcrumb","itemListElement":[{"@type":"ListItem","position":1,"name":"Portada","item":"https:\/\/acuariosupremus.com\/"},{"@type":"ListItem","position":2,"name":"Tienda","item":"https:\/\/acuariosupremus.com\/tienda\/"},{"@type":"ListItem","position":3,"name":"Pinza acero inox DYMAX anodizado negro curva."}]},{"@type":"WebSite","@id":"https:\/\/acuariosupremus.com\/#website","url":"https:\/\/acuariosupremus.com\/","name":"Acuario Supremus","description":"Peces, Peceras y Mascotas.","publisher":{"@id":"https:\/\/acuariosupremus.com\/#organization"},"potentialAction":[{"@type":"SearchAction","target":{"@type":"EntryPoint","urlTemplate":"https:\/\/acuariosupremus.com\/?s={search_term_string}"},"query-input":{"@type":"PropertyValueSpecification","valueRequired":true,"valueName":"search_term_string"}}],"inLanguage":"es"},{"@type":"Organization","@id":"https:\/\/acuariosupremus.com\/#organization","name":"Acuario Supremus","url":"https:\/\/acuariosupremus.com\/","logo":{"@type":"ImageObject","inLanguage":"es","@id":"https:\/\/acuariosupremus.com\/#\/schema\/logo\/image\/","url":"https:\/\/acuariosupremus.com\/wp-content\/uploads\/2021\/12\/cropped-logo_acuario_supremus_fn-2.png","contentUrl":"https:\/\/acuariosupremus.com\/wp-content\/uploads\/2021\/12\/cropped-logo_acuario_supremus_fn-2.png","width":1000,"height":318,"caption":"Acuario Supremus"},"image":{"@id":"https:\/\/acuariosupremus.com\/#\/schema\/logo\/image\/"},"sameAs":["https:\/\/www.facebook.com\/AcuarioSupremus","https:\/\/x.com\/AcuarioSupremus","https:\/\/www.instagram.com\/acuariosupremus\/?hl=es"]}]}},"jetpack_sharing_enabled":true,"_links":{"self":[{"href":"https:\/\/acuariosupremus.com\/index.php?rest_route=\/wp\/v2\/product\/10390","targetHints":{"allow":["GET"]}}],"collection":[{"href":"https:\/\/acuariosupremus.com\/index.php?rest_route=\/wp\/v2\/product"}],"about":[{"href":"https:\/\/acuariosupremus.com\/index.php?rest_route=\/wp\/v2\/types\/product"}],"wp:featuredmedia":[{"embeddable":true,"href":"https:\/\/acuariosupremus.com\/index.php?rest_route=\/wp\/v2\/media\/10393"}],"wp:attachment":[{"href":"https:\/\/acuariosupremus.com\/index.php?rest_route=%2Fwp%2Fv2%2Fmedia&parent=10390"}],"wp:term":[{"taxonomy":"product_brand","embeddable":true,"href":"https:\/\/acuariosupremus.com\/index.php?rest_route=%2Fwp%2Fv2%2Fproduct_brand&post=10390"},{"taxonomy":"product_cat","embeddable":true,"href":"https:\/\/acuariosupremus.com\/index.php?rest_route=%2Fwp%2Fv2%2Fproduct_cat&post=10390"},{"taxonomy":"product_tag","embeddable":true,"href":"https:\/\/acuariosupremus.com\/index.php?rest_route=%2Fwp%2Fv2%2Fproduct_tag&post=10390"}],"curies":[{"name":"wp","href":"https:\/\/api.w.org\/{rel}","templated":true}]}}