{"id":10406,"date":"2022-05-24T19:30:29","date_gmt":"2022-05-25T00:30:29","guid":{"rendered":"https:\/\/acuariosupremus.com\/?post_type=product&#038;p=10406"},"modified":"2026-01-01T16:18:23","modified_gmt":"2026-01-01T22:18:23","slug":"tijera-acero-inox-dymax-anodizado-negro-doble-curva","status":"publish","type":"product","link":"https:\/\/acuariosupremus.com\/?product=tijera-acero-inox-dymax-anodizado-negro-doble-curva","title":{"rendered":"Tijera acero inox DYMAX anodizado negro doble curva."},"content":{"rendered":"<p>El tratamiento de anodizado sobre acero de grado quir\u00fargico aumenta notablemente la resistencia a la corrosi\u00f3n y aporta un aspecto muy elegante a su herramienta.<\/p>\n<p>Modelo: DYTCD Tipo de punta: DOBLE CURVA\u00a0 Apertura m\u00e1xima: 40 (mm.) Longitud de la punta: 65 (mm.) Construcci\u00f3n: Acero INOX (material) Peso: 80 (grs.) Peso con embalaje: 130 Medidas: 240 x 62 x 30 (mm) Medidas con embalaje: 310 x 105 x 35(mm).<\/p>\n","protected":false},"excerpt":{"rendered":"<p>Tijeras con doble curva en acero inoxidable de grado quir\u00fargico anodizado en negro. Estas tijeras de calidad Premium son ideales para la poda en el mantenimiento regular de plantas acu\u00e1ticas. Su dise\u00f1o de doble curvado permite la poda de plantas tapizantes y bajas, permitiendo realizar cortes precisos en \u00e1ngulos totalmente horizontales.<br \/>\nEn los acuarios de arrecife son muy \u00fatiles para cortar o \u201cpodar\u201d corales blandos para la producci\u00f3n de fragmentos o con el objeto de mantener su forma y preservar la separaci\u00f3n entre corales. Es una herramienta profesional indispensable para cualquier acuarista avanzado<\/p>\n","protected":false},"featured_media":10407,"template":"","meta":[],"product_brand":[126],"product_cat":[40,94,56],"product_tag":[540],"class_list":{"0":"post-10406","1":"product","2":"type-product","3":"status-publish","4":"has-post-thumbnail","6":"product_brand-dymax","7":"product_cat-peces","8":"product_cat-arrecife","9":"product_cat-plantas-naturales","10":"product_tag-tijeras-corales-y-plantas","12":"first","13":"instock","14":"sale","15":"shipping-taxable","16":"purchasable","17":"product-type-simple"},"yoast_head":"<!-- This site is optimized with the Yoast SEO plugin v27.4 - https:\/\/yoast.com\/product\/yoast-seo-wordpress\/ -->\n<title>Tijera acero inox DYMAX anodizado negro doble curva. | Acuario Supremus<\/title>\n<meta name=\"description\" content=\"Tijeras con doble curva en acero inoxidable de grado quir\u00fargico anodizado en negro, de calidad Premium, ideales para el mantenimiento de plantas acu\u00e1ticas.\" \/>\n<meta name=\"robots\" content=\"index, follow, max-snippet:-1, max-image-preview:large, max-video-preview:-1\" \/>\n<link rel=\"canonical\" href=\"https:\/\/acuariosupremus.com\/?product=tijera-acero-inox-dymax-anodizado-negro-doble-curva\" \/>\n<meta property=\"og:locale\" content=\"es_MX\" \/>\n<meta property=\"og:type\" content=\"article\" \/>\n<meta property=\"og:title\" content=\"Tijera acero inox DYMAX anodizado negro doble curva. | Acuario Supremus\" \/>\n<meta property=\"og:description\" content=\"Tijeras con doble curva en acero inoxidable de grado quir\u00fargico anodizado en negro, de calidad Premium, ideales para el mantenimiento de plantas acu\u00e1ticas.\" \/>\n<meta property=\"og:url\" content=\"https:\/\/acuariosupremus.com\/?product=tijera-acero-inox-dymax-anodizado-negro-doble-curva\" \/>\n<meta property=\"og:site_name\" content=\"Acuario Supremus\" \/>\n<meta property=\"article:publisher\" content=\"https:\/\/www.facebook.com\/AcuarioSupremus\" \/>\n<meta property=\"article:modified_time\" content=\"2026-01-01T22:18:23+00:00\" \/>\n<meta property=\"og:image\" content=\"https:\/\/acuariosupremus.com\/wp-content\/uploads\/2022\/05\/tijeras_donle_curva_dymax_03.jpg\" \/>\n\t<meta property=\"og:image:width\" content=\"1250\" \/>\n\t<meta property=\"og:image:height\" content=\"1250\" \/>\n\t<meta property=\"og:image:type\" content=\"image\/jpeg\" \/>\n<meta name=\"twitter:card\" content=\"summary_large_image\" \/>\n<meta name=\"twitter:site\" content=\"@AcuarioSupremus\" \/>\n<meta name=\"twitter:label1\" content=\"Tiempo de lectura\" \/>\n\t<meta name=\"twitter:data1\" content=\"1 minuto\" \/>\n<script type=\"application\/ld+json\" class=\"yoast-schema-graph\">{\"@context\":\"https:\\\/\\\/schema.org\",\"@graph\":[{\"@type\":\"WebPage\",\"@id\":\"https:\\\/\\\/acuariosupremus.com\\\/?product=tijera-acero-inox-dymax-anodizado-negro-doble-curva\",\"url\":\"https:\\\/\\\/acuariosupremus.com\\\/?product=tijera-acero-inox-dymax-anodizado-negro-doble-curva\",\"name\":\"Tijera acero inox DYMAX anodizado negro doble curva. | Acuario Supremus\",\"isPartOf\":{\"@id\":\"https:\\\/\\\/acuariosupremus.com\\\/#website\"},\"primaryImageOfPage\":{\"@id\":\"https:\\\/\\\/acuariosupremus.com\\\/?product=tijera-acero-inox-dymax-anodizado-negro-doble-curva#primaryimage\"},\"image\":{\"@id\":\"https:\\\/\\\/acuariosupremus.com\\\/?product=tijera-acero-inox-dymax-anodizado-negro-doble-curva#primaryimage\"},\"thumbnailUrl\":\"https:\\\/\\\/acuariosupremus.com\\\/wp-content\\\/uploads\\\/2022\\\/05\\\/tijeras_donle_curva_dymax_03.jpg\",\"datePublished\":\"2022-05-25T00:30:29+00:00\",\"dateModified\":\"2026-01-01T22:18:23+00:00\",\"description\":\"Tijeras con doble curva en acero inoxidable de grado quir\u00fargico anodizado en negro, de calidad Premium, ideales para el mantenimiento de plantas acu\u00e1ticas.\",\"breadcrumb\":{\"@id\":\"https:\\\/\\\/acuariosupremus.com\\\/?product=tijera-acero-inox-dymax-anodizado-negro-doble-curva#breadcrumb\"},\"inLanguage\":\"es\",\"potentialAction\":[{\"@type\":\"ReadAction\",\"target\":[\"https:\\\/\\\/acuariosupremus.com\\\/?product=tijera-acero-inox-dymax-anodizado-negro-doble-curva\"]}]},{\"@type\":\"ImageObject\",\"inLanguage\":\"es\",\"@id\":\"https:\\\/\\\/acuariosupremus.com\\\/?product=tijera-acero-inox-dymax-anodizado-negro-doble-curva#primaryimage\",\"url\":\"https:\\\/\\\/acuariosupremus.com\\\/wp-content\\\/uploads\\\/2022\\\/05\\\/tijeras_donle_curva_dymax_03.jpg\",\"contentUrl\":\"https:\\\/\\\/acuariosupremus.com\\\/wp-content\\\/uploads\\\/2022\\\/05\\\/tijeras_donle_curva_dymax_03.jpg\",\"width\":1250,\"height\":1250},{\"@type\":\"BreadcrumbList\",\"@id\":\"https:\\\/\\\/acuariosupremus.com\\\/?product=tijera-acero-inox-dymax-anodizado-negro-doble-curva#breadcrumb\",\"itemListElement\":[{\"@type\":\"ListItem\",\"position\":1,\"name\":\"Portada\",\"item\":\"https:\\\/\\\/acuariosupremus.com\\\/\"},{\"@type\":\"ListItem\",\"position\":2,\"name\":\"Tienda\",\"item\":\"https:\\\/\\\/acuariosupremus.com\\\/tienda\\\/\"},{\"@type\":\"ListItem\",\"position\":3,\"name\":\"Tijera acero inox DYMAX anodizado negro doble curva.\"}]},{\"@type\":\"WebSite\",\"@id\":\"https:\\\/\\\/acuariosupremus.com\\\/#website\",\"url\":\"https:\\\/\\\/acuariosupremus.com\\\/\",\"name\":\"Acuario Supremus\",\"description\":\"Peces, Peceras y Mascotas.\",\"publisher\":{\"@id\":\"https:\\\/\\\/acuariosupremus.com\\\/#organization\"},\"potentialAction\":[{\"@type\":\"SearchAction\",\"target\":{\"@type\":\"EntryPoint\",\"urlTemplate\":\"https:\\\/\\\/acuariosupremus.com\\\/?s={search_term_string}\"},\"query-input\":{\"@type\":\"PropertyValueSpecification\",\"valueRequired\":true,\"valueName\":\"search_term_string\"}}],\"inLanguage\":\"es\"},{\"@type\":\"Organization\",\"@id\":\"https:\\\/\\\/acuariosupremus.com\\\/#organization\",\"name\":\"Acuario Supremus\",\"url\":\"https:\\\/\\\/acuariosupremus.com\\\/\",\"logo\":{\"@type\":\"ImageObject\",\"inLanguage\":\"es\",\"@id\":\"https:\\\/\\\/acuariosupremus.com\\\/#\\\/schema\\\/logo\\\/image\\\/\",\"url\":\"https:\\\/\\\/acuariosupremus.com\\\/wp-content\\\/uploads\\\/2021\\\/12\\\/cropped-logo_acuario_supremus_fn-2.png\",\"contentUrl\":\"https:\\\/\\\/acuariosupremus.com\\\/wp-content\\\/uploads\\\/2021\\\/12\\\/cropped-logo_acuario_supremus_fn-2.png\",\"width\":1000,\"height\":318,\"caption\":\"Acuario Supremus\"},\"image\":{\"@id\":\"https:\\\/\\\/acuariosupremus.com\\\/#\\\/schema\\\/logo\\\/image\\\/\"},\"sameAs\":[\"https:\\\/\\\/www.facebook.com\\\/AcuarioSupremus\",\"https:\\\/\\\/x.com\\\/AcuarioSupremus\",\"https:\\\/\\\/www.instagram.com\\\/acuariosupremus\\\/?hl=es\"]}]}<\/script>\n<!-- \/ Yoast SEO plugin. -->","yoast_head_json":{"title":"Tijera acero inox DYMAX anodizado negro doble curva. | Acuario Supremus","description":"Tijeras con doble curva en acero inoxidable de grado quir\u00fargico anodizado en negro, de calidad Premium, ideales para el mantenimiento de plantas acu\u00e1ticas.","robots":{"index":"index","follow":"follow","max-snippet":"max-snippet:-1","max-image-preview":"max-image-preview:large","max-video-preview":"max-video-preview:-1"},"canonical":"https:\/\/acuariosupremus.com\/?product=tijera-acero-inox-dymax-anodizado-negro-doble-curva","og_locale":"es_MX","og_type":"article","og_title":"Tijera acero inox DYMAX anodizado negro doble curva. | Acuario Supremus","og_description":"Tijeras con doble curva en acero inoxidable de grado quir\u00fargico anodizado en negro, de calidad Premium, ideales para el mantenimiento de plantas acu\u00e1ticas.","og_url":"https:\/\/acuariosupremus.com\/?product=tijera-acero-inox-dymax-anodizado-negro-doble-curva","og_site_name":"Acuario Supremus","article_publisher":"https:\/\/www.facebook.com\/AcuarioSupremus","article_modified_time":"2026-01-01T22:18:23+00:00","og_image":[{"width":1250,"height":1250,"url":"https:\/\/acuariosupremus.com\/wp-content\/uploads\/2022\/05\/tijeras_donle_curva_dymax_03.jpg","type":"image\/jpeg"}],"twitter_card":"summary_large_image","twitter_site":"@AcuarioSupremus","twitter_misc":{"Tiempo de lectura":"1 minuto"},"schema":{"@context":"https:\/\/schema.org","@graph":[{"@type":"WebPage","@id":"https:\/\/acuariosupremus.com\/?product=tijera-acero-inox-dymax-anodizado-negro-doble-curva","url":"https:\/\/acuariosupremus.com\/?product=tijera-acero-inox-dymax-anodizado-negro-doble-curva","name":"Tijera acero inox DYMAX anodizado negro doble curva. | Acuario Supremus","isPartOf":{"@id":"https:\/\/acuariosupremus.com\/#website"},"primaryImageOfPage":{"@id":"https:\/\/acuariosupremus.com\/?product=tijera-acero-inox-dymax-anodizado-negro-doble-curva#primaryimage"},"image":{"@id":"https:\/\/acuariosupremus.com\/?product=tijera-acero-inox-dymax-anodizado-negro-doble-curva#primaryimage"},"thumbnailUrl":"https:\/\/acuariosupremus.com\/wp-content\/uploads\/2022\/05\/tijeras_donle_curva_dymax_03.jpg","datePublished":"2022-05-25T00:30:29+00:00","dateModified":"2026-01-01T22:18:23+00:00","description":"Tijeras con doble curva en acero inoxidable de grado quir\u00fargico anodizado en negro, de calidad Premium, ideales para el mantenimiento de plantas acu\u00e1ticas.","breadcrumb":{"@id":"https:\/\/acuariosupremus.com\/?product=tijera-acero-inox-dymax-anodizado-negro-doble-curva#breadcrumb"},"inLanguage":"es","potentialAction":[{"@type":"ReadAction","target":["https:\/\/acuariosupremus.com\/?product=tijera-acero-inox-dymax-anodizado-negro-doble-curva"]}]},{"@type":"ImageObject","inLanguage":"es","@id":"https:\/\/acuariosupremus.com\/?product=tijera-acero-inox-dymax-anodizado-negro-doble-curva#primaryimage","url":"https:\/\/acuariosupremus.com\/wp-content\/uploads\/2022\/05\/tijeras_donle_curva_dymax_03.jpg","contentUrl":"https:\/\/acuariosupremus.com\/wp-content\/uploads\/2022\/05\/tijeras_donle_curva_dymax_03.jpg","width":1250,"height":1250},{"@type":"BreadcrumbList","@id":"https:\/\/acuariosupremus.com\/?product=tijera-acero-inox-dymax-anodizado-negro-doble-curva#breadcrumb","itemListElement":[{"@type":"ListItem","position":1,"name":"Portada","item":"https:\/\/acuariosupremus.com\/"},{"@type":"ListItem","position":2,"name":"Tienda","item":"https:\/\/acuariosupremus.com\/tienda\/"},{"@type":"ListItem","position":3,"name":"Tijera acero inox DYMAX anodizado negro doble curva."}]},{"@type":"WebSite","@id":"https:\/\/acuariosupremus.com\/#website","url":"https:\/\/acuariosupremus.com\/","name":"Acuario Supremus","description":"Peces, Peceras y Mascotas.","publisher":{"@id":"https:\/\/acuariosupremus.com\/#organization"},"potentialAction":[{"@type":"SearchAction","target":{"@type":"EntryPoint","urlTemplate":"https:\/\/acuariosupremus.com\/?s={search_term_string}"},"query-input":{"@type":"PropertyValueSpecification","valueRequired":true,"valueName":"search_term_string"}}],"inLanguage":"es"},{"@type":"Organization","@id":"https:\/\/acuariosupremus.com\/#organization","name":"Acuario Supremus","url":"https:\/\/acuariosupremus.com\/","logo":{"@type":"ImageObject","inLanguage":"es","@id":"https:\/\/acuariosupremus.com\/#\/schema\/logo\/image\/","url":"https:\/\/acuariosupremus.com\/wp-content\/uploads\/2021\/12\/cropped-logo_acuario_supremus_fn-2.png","contentUrl":"https:\/\/acuariosupremus.com\/wp-content\/uploads\/2021\/12\/cropped-logo_acuario_supremus_fn-2.png","width":1000,"height":318,"caption":"Acuario Supremus"},"image":{"@id":"https:\/\/acuariosupremus.com\/#\/schema\/logo\/image\/"},"sameAs":["https:\/\/www.facebook.com\/AcuarioSupremus","https:\/\/x.com\/AcuarioSupremus","https:\/\/www.instagram.com\/acuariosupremus\/?hl=es"]}]}},"jetpack_sharing_enabled":true,"_links":{"self":[{"href":"https:\/\/acuariosupremus.com\/index.php?rest_route=\/wp\/v2\/product\/10406","targetHints":{"allow":["GET"]}}],"collection":[{"href":"https:\/\/acuariosupremus.com\/index.php?rest_route=\/wp\/v2\/product"}],"about":[{"href":"https:\/\/acuariosupremus.com\/index.php?rest_route=\/wp\/v2\/types\/product"}],"wp:featuredmedia":[{"embeddable":true,"href":"https:\/\/acuariosupremus.com\/index.php?rest_route=\/wp\/v2\/media\/10407"}],"wp:attachment":[{"href":"https:\/\/acuariosupremus.com\/index.php?rest_route=%2Fwp%2Fv2%2Fmedia&parent=10406"}],"wp:term":[{"taxonomy":"product_brand","embeddable":true,"href":"https:\/\/acuariosupremus.com\/index.php?rest_route=%2Fwp%2Fv2%2Fproduct_brand&post=10406"},{"taxonomy":"product_cat","embeddable":true,"href":"https:\/\/acuariosupremus.com\/index.php?rest_route=%2Fwp%2Fv2%2Fproduct_cat&post=10406"},{"taxonomy":"product_tag","embeddable":true,"href":"https:\/\/acuariosupremus.com\/index.php?rest_route=%2Fwp%2Fv2%2Fproduct_tag&post=10406"}],"curies":[{"name":"wp","href":"https:\/\/api.w.org\/{rel}","templated":true}]}}