{"id":10413,"date":"2022-05-24T19:37:31","date_gmt":"2022-05-25T00:37:31","guid":{"rendered":"https:\/\/acuariosupremus.com\/?post_type=product&#038;p=10413"},"modified":"2026-01-01T16:19:51","modified_gmt":"2026-01-01T22:19:51","slug":"regulador-profesional-para-dosificar-co2-dymax-rx-122","status":"publish","type":"product","link":"https:\/\/acuariosupremus.com\/?product=regulador-profesional-para-dosificar-co2-dymax-rx-122","title":{"rendered":"Tubo en &#8220;U&#8221;  DYMAX de acero inox para apertura de 12 mm."},"content":{"rendered":"<p>Este complemento Premium est\u00e1 fabricado en acero inoxidable anodizado en color gris para garantizar una alta durabilidad y resistencia a la corrosi\u00f3n, ofreciendo adem\u00e1s un aspecto discreto y elegante que no desentonar\u00e1 con el conjunto est\u00e9tico del acuario. Cuenta con 12 mm de separaci\u00f3n en el interior de la curva de 180\u00b0 para adaptarse a grosores de hasta 10 mm acuarios.<br \/>\nEsta medida interna es compatible con la mayor\u00eda de los modelos disponibles en el mercado, incluidos aquellos que equipan un marco superior estrecho. Este tubo en U de acero inoxidable es un complemento perteneciente a la l\u00ednea de productos para acuarios plantados DYMAX, enfocados especialmente en la disciplina del aquascaping. Este tubo en U de acero inoxidable DYMAX es compatible con las mangueras est\u00e1ndar de aire para acuarios de \u00d8 4\/6 mm (1\/4&#8243;).<\/p>\n<p>Modelo: DYUAI12 Producto: Tubo en U acero inoxidable N\u00fam. piezas: 1 Peso neto: 10 (grs.) Peso embalaje 20 (grs) Medidas embalaje : 80 x 120 x 8(mm) Di\u00e1m. conexi\u00f3n 4\/6 (\u00d8 mm) Medidas: 22 x 80 x 5 (l x ax h, mm<\/p>\n","protected":false},"excerpt":{"rendered":"<p>El tubo en U de acero inoxidable DYMAX es un complemento de calidad Premium ideal para sistemas de inyecci\u00f3n de CO2 o circuitos aireadores. Permite superar f\u00e1cilmente el borde superior del acuario con a la manguera de aire (preferiblemente de silicona). Evita la formaci\u00f3n de estrechamientos o estrangulaciones, que dificulten el paso de gas en los circuitos neum\u00e1ticos al superar el borde superior del acuario.<\/p>\n","protected":false},"featured_media":10419,"template":"","meta":[],"product_brand":[126],"product_cat":[40,56],"product_tag":[927],"class_list":{"0":"post-10413","1":"product","2":"type-product","3":"status-publish","4":"has-post-thumbnail","6":"product_brand-dymax","7":"product_cat-peces","8":"product_cat-plantas-naturales","9":"product_tag-conectores-de-acero-enu-para-co2-y-o-aire","11":"first","12":"instock","13":"sale","14":"shipping-taxable","15":"purchasable","16":"product-type-simple"},"yoast_head":"<!-- This site is optimized with the Yoast SEO plugin v27.4 - https:\/\/yoast.com\/product\/yoast-seo-wordpress\/ -->\n<title>Tubo en &quot;U&quot; DYMAX de acero inox para apertura de 12 mm. | Acuario Supremus<\/title>\n<meta name=\"description\" content=\"El tubo en U de acero inoxidable DYMAX es un complemento de calidad Premium ideal para sistemas de inyecci\u00f3n de CO2 o circuitos aireadores.\" \/>\n<meta name=\"robots\" content=\"index, follow, max-snippet:-1, max-image-preview:large, max-video-preview:-1\" \/>\n<link rel=\"canonical\" href=\"https:\/\/acuariosupremus.com\/?product=regulador-profesional-para-dosificar-co2-dymax-rx-122\" \/>\n<meta property=\"og:locale\" content=\"es_MX\" \/>\n<meta property=\"og:type\" content=\"article\" \/>\n<meta property=\"og:title\" content=\"Tubo en &quot;U&quot; DYMAX de acero inox para apertura de 12 mm. | Acuario Supremus\" \/>\n<meta property=\"og:description\" content=\"El tubo en U de acero inoxidable DYMAX es un complemento de calidad Premium ideal para sistemas de inyecci\u00f3n de CO2 o circuitos aireadores.\" \/>\n<meta property=\"og:url\" content=\"https:\/\/acuariosupremus.com\/?product=regulador-profesional-para-dosificar-co2-dymax-rx-122\" \/>\n<meta property=\"og:site_name\" content=\"Acuario Supremus\" \/>\n<meta property=\"article:publisher\" content=\"https:\/\/www.facebook.com\/AcuarioSupremus\" \/>\n<meta property=\"article:modified_time\" content=\"2026-01-01T22:19:51+00:00\" \/>\n<meta property=\"og:image\" content=\"https:\/\/acuariosupremus.com\/wp-content\/uploads\/2022\/05\/tubo_en_u_acero_inox_dymax_02.jpg\" \/>\n\t<meta property=\"og:image:width\" content=\"1250\" \/>\n\t<meta property=\"og:image:height\" content=\"1250\" \/>\n\t<meta property=\"og:image:type\" content=\"image\/jpeg\" \/>\n<meta name=\"twitter:card\" content=\"summary_large_image\" \/>\n<meta name=\"twitter:site\" content=\"@AcuarioSupremus\" \/>\n<meta name=\"twitter:label1\" content=\"Tiempo de lectura\" \/>\n\t<meta name=\"twitter:data1\" content=\"1 minuto\" \/>\n<script type=\"application\/ld+json\" class=\"yoast-schema-graph\">{\"@context\":\"https:\\\/\\\/schema.org\",\"@graph\":[{\"@type\":\"WebPage\",\"@id\":\"https:\\\/\\\/acuariosupremus.com\\\/?product=regulador-profesional-para-dosificar-co2-dymax-rx-122\",\"url\":\"https:\\\/\\\/acuariosupremus.com\\\/?product=regulador-profesional-para-dosificar-co2-dymax-rx-122\",\"name\":\"Tubo en \\\"U\\\" DYMAX de acero inox para apertura de 12 mm. | Acuario Supremus\",\"isPartOf\":{\"@id\":\"https:\\\/\\\/acuariosupremus.com\\\/#website\"},\"primaryImageOfPage\":{\"@id\":\"https:\\\/\\\/acuariosupremus.com\\\/?product=regulador-profesional-para-dosificar-co2-dymax-rx-122#primaryimage\"},\"image\":{\"@id\":\"https:\\\/\\\/acuariosupremus.com\\\/?product=regulador-profesional-para-dosificar-co2-dymax-rx-122#primaryimage\"},\"thumbnailUrl\":\"https:\\\/\\\/acuariosupremus.com\\\/wp-content\\\/uploads\\\/2022\\\/05\\\/tubo_en_u_acero_inox_dymax_02.jpg\",\"datePublished\":\"2022-05-25T00:37:31+00:00\",\"dateModified\":\"2026-01-01T22:19:51+00:00\",\"description\":\"El tubo en U de acero inoxidable DYMAX es un complemento de calidad Premium ideal para sistemas de inyecci\u00f3n de CO2 o circuitos aireadores.\",\"breadcrumb\":{\"@id\":\"https:\\\/\\\/acuariosupremus.com\\\/?product=regulador-profesional-para-dosificar-co2-dymax-rx-122#breadcrumb\"},\"inLanguage\":\"es\",\"potentialAction\":[{\"@type\":\"ReadAction\",\"target\":[\"https:\\\/\\\/acuariosupremus.com\\\/?product=regulador-profesional-para-dosificar-co2-dymax-rx-122\"]}]},{\"@type\":\"ImageObject\",\"inLanguage\":\"es\",\"@id\":\"https:\\\/\\\/acuariosupremus.com\\\/?product=regulador-profesional-para-dosificar-co2-dymax-rx-122#primaryimage\",\"url\":\"https:\\\/\\\/acuariosupremus.com\\\/wp-content\\\/uploads\\\/2022\\\/05\\\/tubo_en_u_acero_inox_dymax_02.jpg\",\"contentUrl\":\"https:\\\/\\\/acuariosupremus.com\\\/wp-content\\\/uploads\\\/2022\\\/05\\\/tubo_en_u_acero_inox_dymax_02.jpg\",\"width\":1250,\"height\":1250},{\"@type\":\"BreadcrumbList\",\"@id\":\"https:\\\/\\\/acuariosupremus.com\\\/?product=regulador-profesional-para-dosificar-co2-dymax-rx-122#breadcrumb\",\"itemListElement\":[{\"@type\":\"ListItem\",\"position\":1,\"name\":\"Portada\",\"item\":\"https:\\\/\\\/acuariosupremus.com\\\/\"},{\"@type\":\"ListItem\",\"position\":2,\"name\":\"Tienda\",\"item\":\"https:\\\/\\\/acuariosupremus.com\\\/tienda\\\/\"},{\"@type\":\"ListItem\",\"position\":3,\"name\":\"Tubo en \u00abU\u00bb DYMAX de acero inox para apertura de 12 mm.\"}]},{\"@type\":\"WebSite\",\"@id\":\"https:\\\/\\\/acuariosupremus.com\\\/#website\",\"url\":\"https:\\\/\\\/acuariosupremus.com\\\/\",\"name\":\"Acuario Supremus\",\"description\":\"Peces, Peceras y Mascotas.\",\"publisher\":{\"@id\":\"https:\\\/\\\/acuariosupremus.com\\\/#organization\"},\"potentialAction\":[{\"@type\":\"SearchAction\",\"target\":{\"@type\":\"EntryPoint\",\"urlTemplate\":\"https:\\\/\\\/acuariosupremus.com\\\/?s={search_term_string}\"},\"query-input\":{\"@type\":\"PropertyValueSpecification\",\"valueRequired\":true,\"valueName\":\"search_term_string\"}}],\"inLanguage\":\"es\"},{\"@type\":\"Organization\",\"@id\":\"https:\\\/\\\/acuariosupremus.com\\\/#organization\",\"name\":\"Acuario Supremus\",\"url\":\"https:\\\/\\\/acuariosupremus.com\\\/\",\"logo\":{\"@type\":\"ImageObject\",\"inLanguage\":\"es\",\"@id\":\"https:\\\/\\\/acuariosupremus.com\\\/#\\\/schema\\\/logo\\\/image\\\/\",\"url\":\"https:\\\/\\\/acuariosupremus.com\\\/wp-content\\\/uploads\\\/2021\\\/12\\\/cropped-logo_acuario_supremus_fn-2.png\",\"contentUrl\":\"https:\\\/\\\/acuariosupremus.com\\\/wp-content\\\/uploads\\\/2021\\\/12\\\/cropped-logo_acuario_supremus_fn-2.png\",\"width\":1000,\"height\":318,\"caption\":\"Acuario Supremus\"},\"image\":{\"@id\":\"https:\\\/\\\/acuariosupremus.com\\\/#\\\/schema\\\/logo\\\/image\\\/\"},\"sameAs\":[\"https:\\\/\\\/www.facebook.com\\\/AcuarioSupremus\",\"https:\\\/\\\/x.com\\\/AcuarioSupremus\",\"https:\\\/\\\/www.instagram.com\\\/acuariosupremus\\\/?hl=es\"]}]}<\/script>\n<!-- \/ Yoast SEO plugin. -->","yoast_head_json":{"title":"Tubo en \"U\" DYMAX de acero inox para apertura de 12 mm. | Acuario Supremus","description":"El tubo en U de acero inoxidable DYMAX es un complemento de calidad Premium ideal para sistemas de inyecci\u00f3n de CO2 o circuitos aireadores.","robots":{"index":"index","follow":"follow","max-snippet":"max-snippet:-1","max-image-preview":"max-image-preview:large","max-video-preview":"max-video-preview:-1"},"canonical":"https:\/\/acuariosupremus.com\/?product=regulador-profesional-para-dosificar-co2-dymax-rx-122","og_locale":"es_MX","og_type":"article","og_title":"Tubo en \"U\" DYMAX de acero inox para apertura de 12 mm. | Acuario Supremus","og_description":"El tubo en U de acero inoxidable DYMAX es un complemento de calidad Premium ideal para sistemas de inyecci\u00f3n de CO2 o circuitos aireadores.","og_url":"https:\/\/acuariosupremus.com\/?product=regulador-profesional-para-dosificar-co2-dymax-rx-122","og_site_name":"Acuario Supremus","article_publisher":"https:\/\/www.facebook.com\/AcuarioSupremus","article_modified_time":"2026-01-01T22:19:51+00:00","og_image":[{"width":1250,"height":1250,"url":"https:\/\/acuariosupremus.com\/wp-content\/uploads\/2022\/05\/tubo_en_u_acero_inox_dymax_02.jpg","type":"image\/jpeg"}],"twitter_card":"summary_large_image","twitter_site":"@AcuarioSupremus","twitter_misc":{"Tiempo de lectura":"1 minuto"},"schema":{"@context":"https:\/\/schema.org","@graph":[{"@type":"WebPage","@id":"https:\/\/acuariosupremus.com\/?product=regulador-profesional-para-dosificar-co2-dymax-rx-122","url":"https:\/\/acuariosupremus.com\/?product=regulador-profesional-para-dosificar-co2-dymax-rx-122","name":"Tubo en \"U\" DYMAX de acero inox para apertura de 12 mm. | Acuario Supremus","isPartOf":{"@id":"https:\/\/acuariosupremus.com\/#website"},"primaryImageOfPage":{"@id":"https:\/\/acuariosupremus.com\/?product=regulador-profesional-para-dosificar-co2-dymax-rx-122#primaryimage"},"image":{"@id":"https:\/\/acuariosupremus.com\/?product=regulador-profesional-para-dosificar-co2-dymax-rx-122#primaryimage"},"thumbnailUrl":"https:\/\/acuariosupremus.com\/wp-content\/uploads\/2022\/05\/tubo_en_u_acero_inox_dymax_02.jpg","datePublished":"2022-05-25T00:37:31+00:00","dateModified":"2026-01-01T22:19:51+00:00","description":"El tubo en U de acero inoxidable DYMAX es un complemento de calidad Premium ideal para sistemas de inyecci\u00f3n de CO2 o circuitos aireadores.","breadcrumb":{"@id":"https:\/\/acuariosupremus.com\/?product=regulador-profesional-para-dosificar-co2-dymax-rx-122#breadcrumb"},"inLanguage":"es","potentialAction":[{"@type":"ReadAction","target":["https:\/\/acuariosupremus.com\/?product=regulador-profesional-para-dosificar-co2-dymax-rx-122"]}]},{"@type":"ImageObject","inLanguage":"es","@id":"https:\/\/acuariosupremus.com\/?product=regulador-profesional-para-dosificar-co2-dymax-rx-122#primaryimage","url":"https:\/\/acuariosupremus.com\/wp-content\/uploads\/2022\/05\/tubo_en_u_acero_inox_dymax_02.jpg","contentUrl":"https:\/\/acuariosupremus.com\/wp-content\/uploads\/2022\/05\/tubo_en_u_acero_inox_dymax_02.jpg","width":1250,"height":1250},{"@type":"BreadcrumbList","@id":"https:\/\/acuariosupremus.com\/?product=regulador-profesional-para-dosificar-co2-dymax-rx-122#breadcrumb","itemListElement":[{"@type":"ListItem","position":1,"name":"Portada","item":"https:\/\/acuariosupremus.com\/"},{"@type":"ListItem","position":2,"name":"Tienda","item":"https:\/\/acuariosupremus.com\/tienda\/"},{"@type":"ListItem","position":3,"name":"Tubo en \u00abU\u00bb DYMAX de acero inox para apertura de 12 mm."}]},{"@type":"WebSite","@id":"https:\/\/acuariosupremus.com\/#website","url":"https:\/\/acuariosupremus.com\/","name":"Acuario Supremus","description":"Peces, Peceras y Mascotas.","publisher":{"@id":"https:\/\/acuariosupremus.com\/#organization"},"potentialAction":[{"@type":"SearchAction","target":{"@type":"EntryPoint","urlTemplate":"https:\/\/acuariosupremus.com\/?s={search_term_string}"},"query-input":{"@type":"PropertyValueSpecification","valueRequired":true,"valueName":"search_term_string"}}],"inLanguage":"es"},{"@type":"Organization","@id":"https:\/\/acuariosupremus.com\/#organization","name":"Acuario Supremus","url":"https:\/\/acuariosupremus.com\/","logo":{"@type":"ImageObject","inLanguage":"es","@id":"https:\/\/acuariosupremus.com\/#\/schema\/logo\/image\/","url":"https:\/\/acuariosupremus.com\/wp-content\/uploads\/2021\/12\/cropped-logo_acuario_supremus_fn-2.png","contentUrl":"https:\/\/acuariosupremus.com\/wp-content\/uploads\/2021\/12\/cropped-logo_acuario_supremus_fn-2.png","width":1000,"height":318,"caption":"Acuario Supremus"},"image":{"@id":"https:\/\/acuariosupremus.com\/#\/schema\/logo\/image\/"},"sameAs":["https:\/\/www.facebook.com\/AcuarioSupremus","https:\/\/x.com\/AcuarioSupremus","https:\/\/www.instagram.com\/acuariosupremus\/?hl=es"]}]}},"jetpack_sharing_enabled":true,"_links":{"self":[{"href":"https:\/\/acuariosupremus.com\/index.php?rest_route=\/wp\/v2\/product\/10413","targetHints":{"allow":["GET"]}}],"collection":[{"href":"https:\/\/acuariosupremus.com\/index.php?rest_route=\/wp\/v2\/product"}],"about":[{"href":"https:\/\/acuariosupremus.com\/index.php?rest_route=\/wp\/v2\/types\/product"}],"wp:featuredmedia":[{"embeddable":true,"href":"https:\/\/acuariosupremus.com\/index.php?rest_route=\/wp\/v2\/media\/10419"}],"wp:attachment":[{"href":"https:\/\/acuariosupremus.com\/index.php?rest_route=%2Fwp%2Fv2%2Fmedia&parent=10413"}],"wp:term":[{"taxonomy":"product_brand","embeddable":true,"href":"https:\/\/acuariosupremus.com\/index.php?rest_route=%2Fwp%2Fv2%2Fproduct_brand&post=10413"},{"taxonomy":"product_cat","embeddable":true,"href":"https:\/\/acuariosupremus.com\/index.php?rest_route=%2Fwp%2Fv2%2Fproduct_cat&post=10413"},{"taxonomy":"product_tag","embeddable":true,"href":"https:\/\/acuariosupremus.com\/index.php?rest_route=%2Fwp%2Fv2%2Fproduct_tag&post=10413"}],"curies":[{"name":"wp","href":"https:\/\/api.w.org\/{rel}","templated":true}]}}