{"id":10424,"date":"2022-05-25T16:06:14","date_gmt":"2022-05-25T21:06:14","guid":{"rendered":"https:\/\/acuariosupremus.com\/?post_type=product&#038;p=10424"},"modified":"2026-01-01T16:20:04","modified_gmt":"2026-01-01T22:20:04","slug":"rasqueta-para-peceras-dymax-iq","status":"publish","type":"product","link":"https:\/\/acuariosupremus.com\/?product=rasqueta-para-peceras-dymax-iq","title":{"rendered":"Rasqueta para peceras DYMAX IQ."},"content":{"rendered":"<p>Es muy \u00fatil para eliminar las algas y las incrustaciones de las paredes de su acuario, adapt\u00e1ndose a cualquier superficie curva gracias a la adaptabilidad que ofrece la esponja. Todo ello sin preocuparse por los posibles ara\u00f1azos que podr\u00edan provocar los materiales de otras rasquetas. La Rasqueta para acuarios DYMAX IQ cuenta con un mango ergon\u00f3mico y semi flexible, con un ligero \u00e1ngulo de inclinaci\u00f3n en su cabezal para facilitar la accesibilidad en los rincones m\u00e1s dif\u00edciles. Esta herramienta est\u00e1 construida con materiales de gran calidad e inertes al agua para asegurar un largo periodo de uso.<\/p>\n<p>Modelo: DYIQRAS Longitud m\u00e1x. del mango: 240 (mm) Medias esponja: 62 x 24 x 30 (mm) N\u00famero de repuestos esponja: 3 Peso: 25 (g) Peso con embalaje: 85 (g) Medidas: 305 x 30 x 40 (mm) Medidas con embalaje: 350 x 35 x 40 (mm).<\/p>\n","protected":false},"excerpt":{"rendered":"<p>La Rasqueta para acuarios DYMAX IQ es una herramienta espec\u00edficamente dise\u00f1ada para limpiar las paredes de acr\u00edlico de los acuarios DYMAX iQ, aunque es perfectamente compatible con cualquier acuario de acr\u00edlico o vidrio. Esta herramienta es completamente segura contra ara\u00f1azos en la superficie de cualquier acuario de acr\u00edlico. Incluye tres cabezales de esponja de repuesto, que pueden intercambiarse con un breve giro de 90 grados para limpiarlas c\u00f3modamente o sustituirlas con gran facilidad.<\/p>\n","protected":false},"featured_media":10426,"template":"","meta":[],"product_brand":[126],"product_cat":[40,62],"product_tag":[259],"class_list":{"0":"post-10424","1":"product","2":"type-product","3":"status-publish","4":"has-post-thumbnail","6":"product_brand-dymax","7":"product_cat-peces","8":"product_cat-sifon-rasquetas-mantenimiento","9":"product_tag-rasqueta-acuario","11":"first","12":"instock","13":"sale","14":"shipping-taxable","15":"purchasable","16":"product-type-simple"},"yoast_head":"<!-- This site is optimized with the Yoast SEO plugin v27.4 - https:\/\/yoast.com\/product\/yoast-seo-wordpress\/ -->\n<title>Rasqueta para peceras DYMAX IQ. | Acuario Supremus<\/title>\n<meta name=\"description\" content=\"La Rasqueta para acuarios DYMAX IQ es una herramienta espec\u00edficamente dise\u00f1ada para limpiar las paredes de acr\u00edlico de los acuarios DYMAX iQ.\" \/>\n<meta name=\"robots\" content=\"index, follow, max-snippet:-1, max-image-preview:large, max-video-preview:-1\" \/>\n<link rel=\"canonical\" href=\"https:\/\/acuariosupremus.com\/?product=rasqueta-para-peceras-dymax-iq\" \/>\n<meta property=\"og:locale\" content=\"es_MX\" \/>\n<meta property=\"og:type\" content=\"article\" \/>\n<meta property=\"og:title\" content=\"Rasqueta para peceras DYMAX IQ. | Acuario Supremus\" \/>\n<meta property=\"og:description\" content=\"La Rasqueta para acuarios DYMAX IQ es una herramienta espec\u00edficamente dise\u00f1ada para limpiar las paredes de acr\u00edlico de los acuarios DYMAX iQ.\" \/>\n<meta property=\"og:url\" content=\"https:\/\/acuariosupremus.com\/?product=rasqueta-para-peceras-dymax-iq\" \/>\n<meta property=\"og:site_name\" content=\"Acuario Supremus\" \/>\n<meta property=\"article:publisher\" content=\"https:\/\/www.facebook.com\/AcuarioSupremus\" \/>\n<meta property=\"article:modified_time\" content=\"2026-01-01T22:20:04+00:00\" \/>\n<meta property=\"og:image\" content=\"https:\/\/acuariosupremus.com\/wp-content\/uploads\/2022\/05\/rasqueta_acuarios_iq_dymax_02.jpg\" \/>\n\t<meta property=\"og:image:width\" content=\"1250\" \/>\n\t<meta property=\"og:image:height\" content=\"1250\" \/>\n\t<meta property=\"og:image:type\" content=\"image\/jpeg\" \/>\n<meta name=\"twitter:card\" content=\"summary_large_image\" \/>\n<meta name=\"twitter:site\" content=\"@AcuarioSupremus\" \/>\n<meta name=\"twitter:label1\" content=\"Tiempo de lectura\" \/>\n\t<meta name=\"twitter:data1\" content=\"1 minuto\" \/>\n<script type=\"application\/ld+json\" class=\"yoast-schema-graph\">{\"@context\":\"https:\\\/\\\/schema.org\",\"@graph\":[{\"@type\":\"WebPage\",\"@id\":\"https:\\\/\\\/acuariosupremus.com\\\/?product=rasqueta-para-peceras-dymax-iq\",\"url\":\"https:\\\/\\\/acuariosupremus.com\\\/?product=rasqueta-para-peceras-dymax-iq\",\"name\":\"Rasqueta para peceras DYMAX IQ. | Acuario Supremus\",\"isPartOf\":{\"@id\":\"https:\\\/\\\/acuariosupremus.com\\\/#website\"},\"primaryImageOfPage\":{\"@id\":\"https:\\\/\\\/acuariosupremus.com\\\/?product=rasqueta-para-peceras-dymax-iq#primaryimage\"},\"image\":{\"@id\":\"https:\\\/\\\/acuariosupremus.com\\\/?product=rasqueta-para-peceras-dymax-iq#primaryimage\"},\"thumbnailUrl\":\"https:\\\/\\\/acuariosupremus.com\\\/wp-content\\\/uploads\\\/2022\\\/05\\\/rasqueta_acuarios_iq_dymax_02.jpg\",\"datePublished\":\"2022-05-25T21:06:14+00:00\",\"dateModified\":\"2026-01-01T22:20:04+00:00\",\"description\":\"La Rasqueta para acuarios DYMAX IQ es una herramienta espec\u00edficamente dise\u00f1ada para limpiar las paredes de acr\u00edlico de los acuarios DYMAX iQ.\",\"breadcrumb\":{\"@id\":\"https:\\\/\\\/acuariosupremus.com\\\/?product=rasqueta-para-peceras-dymax-iq#breadcrumb\"},\"inLanguage\":\"es\",\"potentialAction\":[{\"@type\":\"ReadAction\",\"target\":[\"https:\\\/\\\/acuariosupremus.com\\\/?product=rasqueta-para-peceras-dymax-iq\"]}]},{\"@type\":\"ImageObject\",\"inLanguage\":\"es\",\"@id\":\"https:\\\/\\\/acuariosupremus.com\\\/?product=rasqueta-para-peceras-dymax-iq#primaryimage\",\"url\":\"https:\\\/\\\/acuariosupremus.com\\\/wp-content\\\/uploads\\\/2022\\\/05\\\/rasqueta_acuarios_iq_dymax_02.jpg\",\"contentUrl\":\"https:\\\/\\\/acuariosupremus.com\\\/wp-content\\\/uploads\\\/2022\\\/05\\\/rasqueta_acuarios_iq_dymax_02.jpg\",\"width\":1250,\"height\":1250},{\"@type\":\"BreadcrumbList\",\"@id\":\"https:\\\/\\\/acuariosupremus.com\\\/?product=rasqueta-para-peceras-dymax-iq#breadcrumb\",\"itemListElement\":[{\"@type\":\"ListItem\",\"position\":1,\"name\":\"Portada\",\"item\":\"https:\\\/\\\/acuariosupremus.com\\\/\"},{\"@type\":\"ListItem\",\"position\":2,\"name\":\"Tienda\",\"item\":\"https:\\\/\\\/acuariosupremus.com\\\/tienda\\\/\"},{\"@type\":\"ListItem\",\"position\":3,\"name\":\"Rasqueta para peceras DYMAX IQ.\"}]},{\"@type\":\"WebSite\",\"@id\":\"https:\\\/\\\/acuariosupremus.com\\\/#website\",\"url\":\"https:\\\/\\\/acuariosupremus.com\\\/\",\"name\":\"Acuario Supremus\",\"description\":\"Peces, Peceras y Mascotas.\",\"publisher\":{\"@id\":\"https:\\\/\\\/acuariosupremus.com\\\/#organization\"},\"potentialAction\":[{\"@type\":\"SearchAction\",\"target\":{\"@type\":\"EntryPoint\",\"urlTemplate\":\"https:\\\/\\\/acuariosupremus.com\\\/?s={search_term_string}\"},\"query-input\":{\"@type\":\"PropertyValueSpecification\",\"valueRequired\":true,\"valueName\":\"search_term_string\"}}],\"inLanguage\":\"es\"},{\"@type\":\"Organization\",\"@id\":\"https:\\\/\\\/acuariosupremus.com\\\/#organization\",\"name\":\"Acuario Supremus\",\"url\":\"https:\\\/\\\/acuariosupremus.com\\\/\",\"logo\":{\"@type\":\"ImageObject\",\"inLanguage\":\"es\",\"@id\":\"https:\\\/\\\/acuariosupremus.com\\\/#\\\/schema\\\/logo\\\/image\\\/\",\"url\":\"https:\\\/\\\/acuariosupremus.com\\\/wp-content\\\/uploads\\\/2021\\\/12\\\/cropped-logo_acuario_supremus_fn-2.png\",\"contentUrl\":\"https:\\\/\\\/acuariosupremus.com\\\/wp-content\\\/uploads\\\/2021\\\/12\\\/cropped-logo_acuario_supremus_fn-2.png\",\"width\":1000,\"height\":318,\"caption\":\"Acuario Supremus\"},\"image\":{\"@id\":\"https:\\\/\\\/acuariosupremus.com\\\/#\\\/schema\\\/logo\\\/image\\\/\"},\"sameAs\":[\"https:\\\/\\\/www.facebook.com\\\/AcuarioSupremus\",\"https:\\\/\\\/x.com\\\/AcuarioSupremus\",\"https:\\\/\\\/www.instagram.com\\\/acuariosupremus\\\/?hl=es\"]}]}<\/script>\n<!-- \/ Yoast SEO plugin. -->","yoast_head_json":{"title":"Rasqueta para peceras DYMAX IQ. | Acuario Supremus","description":"La Rasqueta para acuarios DYMAX IQ es una herramienta espec\u00edficamente dise\u00f1ada para limpiar las paredes de acr\u00edlico de los acuarios DYMAX iQ.","robots":{"index":"index","follow":"follow","max-snippet":"max-snippet:-1","max-image-preview":"max-image-preview:large","max-video-preview":"max-video-preview:-1"},"canonical":"https:\/\/acuariosupremus.com\/?product=rasqueta-para-peceras-dymax-iq","og_locale":"es_MX","og_type":"article","og_title":"Rasqueta para peceras DYMAX IQ. | Acuario Supremus","og_description":"La Rasqueta para acuarios DYMAX IQ es una herramienta espec\u00edficamente dise\u00f1ada para limpiar las paredes de acr\u00edlico de los acuarios DYMAX iQ.","og_url":"https:\/\/acuariosupremus.com\/?product=rasqueta-para-peceras-dymax-iq","og_site_name":"Acuario Supremus","article_publisher":"https:\/\/www.facebook.com\/AcuarioSupremus","article_modified_time":"2026-01-01T22:20:04+00:00","og_image":[{"width":1250,"height":1250,"url":"https:\/\/acuariosupremus.com\/wp-content\/uploads\/2022\/05\/rasqueta_acuarios_iq_dymax_02.jpg","type":"image\/jpeg"}],"twitter_card":"summary_large_image","twitter_site":"@AcuarioSupremus","twitter_misc":{"Tiempo de lectura":"1 minuto"},"schema":{"@context":"https:\/\/schema.org","@graph":[{"@type":"WebPage","@id":"https:\/\/acuariosupremus.com\/?product=rasqueta-para-peceras-dymax-iq","url":"https:\/\/acuariosupremus.com\/?product=rasqueta-para-peceras-dymax-iq","name":"Rasqueta para peceras DYMAX IQ. | Acuario Supremus","isPartOf":{"@id":"https:\/\/acuariosupremus.com\/#website"},"primaryImageOfPage":{"@id":"https:\/\/acuariosupremus.com\/?product=rasqueta-para-peceras-dymax-iq#primaryimage"},"image":{"@id":"https:\/\/acuariosupremus.com\/?product=rasqueta-para-peceras-dymax-iq#primaryimage"},"thumbnailUrl":"https:\/\/acuariosupremus.com\/wp-content\/uploads\/2022\/05\/rasqueta_acuarios_iq_dymax_02.jpg","datePublished":"2022-05-25T21:06:14+00:00","dateModified":"2026-01-01T22:20:04+00:00","description":"La Rasqueta para acuarios DYMAX IQ es una herramienta espec\u00edficamente dise\u00f1ada para limpiar las paredes de acr\u00edlico de los acuarios DYMAX iQ.","breadcrumb":{"@id":"https:\/\/acuariosupremus.com\/?product=rasqueta-para-peceras-dymax-iq#breadcrumb"},"inLanguage":"es","potentialAction":[{"@type":"ReadAction","target":["https:\/\/acuariosupremus.com\/?product=rasqueta-para-peceras-dymax-iq"]}]},{"@type":"ImageObject","inLanguage":"es","@id":"https:\/\/acuariosupremus.com\/?product=rasqueta-para-peceras-dymax-iq#primaryimage","url":"https:\/\/acuariosupremus.com\/wp-content\/uploads\/2022\/05\/rasqueta_acuarios_iq_dymax_02.jpg","contentUrl":"https:\/\/acuariosupremus.com\/wp-content\/uploads\/2022\/05\/rasqueta_acuarios_iq_dymax_02.jpg","width":1250,"height":1250},{"@type":"BreadcrumbList","@id":"https:\/\/acuariosupremus.com\/?product=rasqueta-para-peceras-dymax-iq#breadcrumb","itemListElement":[{"@type":"ListItem","position":1,"name":"Portada","item":"https:\/\/acuariosupremus.com\/"},{"@type":"ListItem","position":2,"name":"Tienda","item":"https:\/\/acuariosupremus.com\/tienda\/"},{"@type":"ListItem","position":3,"name":"Rasqueta para peceras DYMAX IQ."}]},{"@type":"WebSite","@id":"https:\/\/acuariosupremus.com\/#website","url":"https:\/\/acuariosupremus.com\/","name":"Acuario Supremus","description":"Peces, Peceras y Mascotas.","publisher":{"@id":"https:\/\/acuariosupremus.com\/#organization"},"potentialAction":[{"@type":"SearchAction","target":{"@type":"EntryPoint","urlTemplate":"https:\/\/acuariosupremus.com\/?s={search_term_string}"},"query-input":{"@type":"PropertyValueSpecification","valueRequired":true,"valueName":"search_term_string"}}],"inLanguage":"es"},{"@type":"Organization","@id":"https:\/\/acuariosupremus.com\/#organization","name":"Acuario Supremus","url":"https:\/\/acuariosupremus.com\/","logo":{"@type":"ImageObject","inLanguage":"es","@id":"https:\/\/acuariosupremus.com\/#\/schema\/logo\/image\/","url":"https:\/\/acuariosupremus.com\/wp-content\/uploads\/2021\/12\/cropped-logo_acuario_supremus_fn-2.png","contentUrl":"https:\/\/acuariosupremus.com\/wp-content\/uploads\/2021\/12\/cropped-logo_acuario_supremus_fn-2.png","width":1000,"height":318,"caption":"Acuario Supremus"},"image":{"@id":"https:\/\/acuariosupremus.com\/#\/schema\/logo\/image\/"},"sameAs":["https:\/\/www.facebook.com\/AcuarioSupremus","https:\/\/x.com\/AcuarioSupremus","https:\/\/www.instagram.com\/acuariosupremus\/?hl=es"]}]}},"jetpack_sharing_enabled":true,"_links":{"self":[{"href":"https:\/\/acuariosupremus.com\/index.php?rest_route=\/wp\/v2\/product\/10424","targetHints":{"allow":["GET"]}}],"collection":[{"href":"https:\/\/acuariosupremus.com\/index.php?rest_route=\/wp\/v2\/product"}],"about":[{"href":"https:\/\/acuariosupremus.com\/index.php?rest_route=\/wp\/v2\/types\/product"}],"wp:featuredmedia":[{"embeddable":true,"href":"https:\/\/acuariosupremus.com\/index.php?rest_route=\/wp\/v2\/media\/10426"}],"wp:attachment":[{"href":"https:\/\/acuariosupremus.com\/index.php?rest_route=%2Fwp%2Fv2%2Fmedia&parent=10424"}],"wp:term":[{"taxonomy":"product_brand","embeddable":true,"href":"https:\/\/acuariosupremus.com\/index.php?rest_route=%2Fwp%2Fv2%2Fproduct_brand&post=10424"},{"taxonomy":"product_cat","embeddable":true,"href":"https:\/\/acuariosupremus.com\/index.php?rest_route=%2Fwp%2Fv2%2Fproduct_cat&post=10424"},{"taxonomy":"product_tag","embeddable":true,"href":"https:\/\/acuariosupremus.com\/index.php?rest_route=%2Fwp%2Fv2%2Fproduct_tag&post=10424"}],"curies":[{"name":"wp","href":"https:\/\/api.w.org\/{rel}","templated":true}]}}