{"id":10445,"date":"2022-05-25T16:27:44","date_gmt":"2022-05-25T21:27:44","guid":{"rendered":"https:\/\/acuariosupremus.com\/?post_type=product&#038;p=10445"},"modified":"2026-01-01T16:20:33","modified_gmt":"2026-01-01T22:20:33","slug":"mag-scraper-dymax-limpiador-magnetico-flotante-mediano","status":"publish","type":"product","link":"https:\/\/acuariosupremus.com\/?product=mag-scraper-dymax-limpiador-magnetico-flotante-mediano","title":{"rendered":"MAG-SCRAPER DYMAX, Limpiador magn\u00e9tico flotante Mediano."},"content":{"rendered":"<p>Al ser flotante, nunca tendr\u00e1 que introducir las manos en su acuario al perder accidentalmente el v\u00ednculo magn\u00e9tico. Un sistema magn\u00e9tico muy potente se encargar\u00e1 de producir un cepillado firme en vidrios de hasta 18 mm, mientras que su asa ergon\u00f3mica aportar\u00e1 mucha precisi\u00f3n y control durante su labor de limpieza.<\/p>\n<p>Modelo: DYMAGM\u00a0 Principio Magn\u00e9tico: Neodimio (Nd2Fe14B1) Capacidad para Vidrios entre: 6 &#8211; 12 (mm) Medidas: 143 x 67 x 80 (l x a x h, mm) Pes: 200 (g) Medidas con embalaje: 165 x 103 x 87 (l x a x h, mm) Peso con embalaje: 255 (g).<\/p>\n","protected":false},"excerpt":{"rendered":"<p>Limpiador ergon\u00f3mico y pr\u00e1ctico para los vidrios de su acuario. Este dispositivo le ayudar\u00e1 a eliminar las algas que se incrustan en las paredes interiores de su acuario gracias a la combinaci\u00f3n de una cuchilla pl\u00e1stica frontal y un acabado interior que cepilla suavemente las algas al pasar el limpiador sobre el vidrio.<\/p>\n","protected":false},"featured_media":10432,"template":"","meta":[],"product_brand":[126],"product_cat":[40,62],"product_tag":[241],"class_list":{"0":"post-10445","1":"product","2":"type-product","3":"status-publish","4":"has-post-thumbnail","6":"product_brand-dymax","7":"product_cat-peces","8":"product_cat-sifon-rasquetas-mantenimiento","9":"product_tag-limpiador-magnetico","11":"first","12":"instock","13":"sale","14":"shipping-taxable","15":"purchasable","16":"product-type-simple"},"yoast_head":"<!-- This site is optimized with the Yoast SEO plugin v27.4 - https:\/\/yoast.com\/product\/yoast-seo-wordpress\/ -->\n<title>MAG-SCRAPER DYMAX, Limpiador magn\u00e9tico flotante Mediano. | Acuario Supremus<\/title>\n<meta name=\"description\" content=\"MAG-SCRAPER DYMAX, Limpiador magn\u00e9tico flotante Mediano con cuchilla, Limpiador ergon\u00f3mico y pr\u00e1ctico para los vidrios de su acuario.\" \/>\n<meta name=\"robots\" content=\"index, follow, max-snippet:-1, max-image-preview:large, max-video-preview:-1\" \/>\n<link rel=\"canonical\" href=\"https:\/\/acuariosupremus.com\/?product=mag-scraper-dymax-limpiador-magnetico-flotante-mediano\" \/>\n<meta property=\"og:locale\" content=\"es_MX\" \/>\n<meta property=\"og:type\" content=\"article\" \/>\n<meta property=\"og:title\" content=\"MAG-SCRAPER DYMAX, Limpiador magn\u00e9tico flotante Mediano. | Acuario Supremus\" \/>\n<meta property=\"og:description\" content=\"MAG-SCRAPER DYMAX, Limpiador magn\u00e9tico flotante Mediano con cuchilla, Limpiador ergon\u00f3mico y pr\u00e1ctico para los vidrios de su acuario.\" \/>\n<meta property=\"og:url\" content=\"https:\/\/acuariosupremus.com\/?product=mag-scraper-dymax-limpiador-magnetico-flotante-mediano\" \/>\n<meta property=\"og:site_name\" content=\"Acuario Supremus\" \/>\n<meta property=\"article:publisher\" content=\"https:\/\/www.facebook.com\/AcuarioSupremus\" \/>\n<meta property=\"article:modified_time\" content=\"2026-01-01T22:20:33+00:00\" \/>\n<meta property=\"og:image\" content=\"https:\/\/acuariosupremus.com\/wp-content\/uploads\/2022\/05\/limpiador_magnetico_dymax_01.jpg\" \/>\n\t<meta property=\"og:image:width\" content=\"1250\" \/>\n\t<meta property=\"og:image:height\" content=\"1250\" \/>\n\t<meta property=\"og:image:type\" content=\"image\/jpeg\" \/>\n<meta name=\"twitter:card\" content=\"summary_large_image\" \/>\n<meta name=\"twitter:site\" content=\"@AcuarioSupremus\" \/>\n<meta name=\"twitter:label1\" content=\"Tiempo de lectura\" \/>\n\t<meta name=\"twitter:data1\" content=\"1 minuto\" \/>\n<script type=\"application\/ld+json\" class=\"yoast-schema-graph\">{\"@context\":\"https:\\\/\\\/schema.org\",\"@graph\":[{\"@type\":\"WebPage\",\"@id\":\"https:\\\/\\\/acuariosupremus.com\\\/?product=mag-scraper-dymax-limpiador-magnetico-flotante-mediano\",\"url\":\"https:\\\/\\\/acuariosupremus.com\\\/?product=mag-scraper-dymax-limpiador-magnetico-flotante-mediano\",\"name\":\"MAG-SCRAPER DYMAX, Limpiador magn\u00e9tico flotante Mediano. | Acuario Supremus\",\"isPartOf\":{\"@id\":\"https:\\\/\\\/acuariosupremus.com\\\/#website\"},\"primaryImageOfPage\":{\"@id\":\"https:\\\/\\\/acuariosupremus.com\\\/?product=mag-scraper-dymax-limpiador-magnetico-flotante-mediano#primaryimage\"},\"image\":{\"@id\":\"https:\\\/\\\/acuariosupremus.com\\\/?product=mag-scraper-dymax-limpiador-magnetico-flotante-mediano#primaryimage\"},\"thumbnailUrl\":\"https:\\\/\\\/acuariosupremus.com\\\/wp-content\\\/uploads\\\/2022\\\/05\\\/limpiador_magnetico_dymax_01.jpg\",\"datePublished\":\"2022-05-25T21:27:44+00:00\",\"dateModified\":\"2026-01-01T22:20:33+00:00\",\"description\":\"MAG-SCRAPER DYMAX, Limpiador magn\u00e9tico flotante Mediano con cuchilla, Limpiador ergon\u00f3mico y pr\u00e1ctico para los vidrios de su acuario.\",\"breadcrumb\":{\"@id\":\"https:\\\/\\\/acuariosupremus.com\\\/?product=mag-scraper-dymax-limpiador-magnetico-flotante-mediano#breadcrumb\"},\"inLanguage\":\"es\",\"potentialAction\":[{\"@type\":\"ReadAction\",\"target\":[\"https:\\\/\\\/acuariosupremus.com\\\/?product=mag-scraper-dymax-limpiador-magnetico-flotante-mediano\"]}]},{\"@type\":\"ImageObject\",\"inLanguage\":\"es\",\"@id\":\"https:\\\/\\\/acuariosupremus.com\\\/?product=mag-scraper-dymax-limpiador-magnetico-flotante-mediano#primaryimage\",\"url\":\"https:\\\/\\\/acuariosupremus.com\\\/wp-content\\\/uploads\\\/2022\\\/05\\\/limpiador_magnetico_dymax_01.jpg\",\"contentUrl\":\"https:\\\/\\\/acuariosupremus.com\\\/wp-content\\\/uploads\\\/2022\\\/05\\\/limpiador_magnetico_dymax_01.jpg\",\"width\":1250,\"height\":1250},{\"@type\":\"BreadcrumbList\",\"@id\":\"https:\\\/\\\/acuariosupremus.com\\\/?product=mag-scraper-dymax-limpiador-magnetico-flotante-mediano#breadcrumb\",\"itemListElement\":[{\"@type\":\"ListItem\",\"position\":1,\"name\":\"Portada\",\"item\":\"https:\\\/\\\/acuariosupremus.com\\\/\"},{\"@type\":\"ListItem\",\"position\":2,\"name\":\"Tienda\",\"item\":\"https:\\\/\\\/acuariosupremus.com\\\/tienda\\\/\"},{\"@type\":\"ListItem\",\"position\":3,\"name\":\"MAG-SCRAPER DYMAX, Limpiador magn\u00e9tico flotante Mediano.\"}]},{\"@type\":\"WebSite\",\"@id\":\"https:\\\/\\\/acuariosupremus.com\\\/#website\",\"url\":\"https:\\\/\\\/acuariosupremus.com\\\/\",\"name\":\"Acuario Supremus\",\"description\":\"Peces, Peceras y Mascotas.\",\"publisher\":{\"@id\":\"https:\\\/\\\/acuariosupremus.com\\\/#organization\"},\"potentialAction\":[{\"@type\":\"SearchAction\",\"target\":{\"@type\":\"EntryPoint\",\"urlTemplate\":\"https:\\\/\\\/acuariosupremus.com\\\/?s={search_term_string}\"},\"query-input\":{\"@type\":\"PropertyValueSpecification\",\"valueRequired\":true,\"valueName\":\"search_term_string\"}}],\"inLanguage\":\"es\"},{\"@type\":\"Organization\",\"@id\":\"https:\\\/\\\/acuariosupremus.com\\\/#organization\",\"name\":\"Acuario Supremus\",\"url\":\"https:\\\/\\\/acuariosupremus.com\\\/\",\"logo\":{\"@type\":\"ImageObject\",\"inLanguage\":\"es\",\"@id\":\"https:\\\/\\\/acuariosupremus.com\\\/#\\\/schema\\\/logo\\\/image\\\/\",\"url\":\"https:\\\/\\\/acuariosupremus.com\\\/wp-content\\\/uploads\\\/2021\\\/12\\\/cropped-logo_acuario_supremus_fn-2.png\",\"contentUrl\":\"https:\\\/\\\/acuariosupremus.com\\\/wp-content\\\/uploads\\\/2021\\\/12\\\/cropped-logo_acuario_supremus_fn-2.png\",\"width\":1000,\"height\":318,\"caption\":\"Acuario Supremus\"},\"image\":{\"@id\":\"https:\\\/\\\/acuariosupremus.com\\\/#\\\/schema\\\/logo\\\/image\\\/\"},\"sameAs\":[\"https:\\\/\\\/www.facebook.com\\\/AcuarioSupremus\",\"https:\\\/\\\/x.com\\\/AcuarioSupremus\",\"https:\\\/\\\/www.instagram.com\\\/acuariosupremus\\\/?hl=es\"]}]}<\/script>\n<!-- \/ Yoast SEO plugin. -->","yoast_head_json":{"title":"MAG-SCRAPER DYMAX, Limpiador magn\u00e9tico flotante Mediano. | Acuario Supremus","description":"MAG-SCRAPER DYMAX, Limpiador magn\u00e9tico flotante Mediano con cuchilla, Limpiador ergon\u00f3mico y pr\u00e1ctico para los vidrios de su acuario.","robots":{"index":"index","follow":"follow","max-snippet":"max-snippet:-1","max-image-preview":"max-image-preview:large","max-video-preview":"max-video-preview:-1"},"canonical":"https:\/\/acuariosupremus.com\/?product=mag-scraper-dymax-limpiador-magnetico-flotante-mediano","og_locale":"es_MX","og_type":"article","og_title":"MAG-SCRAPER DYMAX, Limpiador magn\u00e9tico flotante Mediano. | Acuario Supremus","og_description":"MAG-SCRAPER DYMAX, Limpiador magn\u00e9tico flotante Mediano con cuchilla, Limpiador ergon\u00f3mico y pr\u00e1ctico para los vidrios de su acuario.","og_url":"https:\/\/acuariosupremus.com\/?product=mag-scraper-dymax-limpiador-magnetico-flotante-mediano","og_site_name":"Acuario Supremus","article_publisher":"https:\/\/www.facebook.com\/AcuarioSupremus","article_modified_time":"2026-01-01T22:20:33+00:00","og_image":[{"width":1250,"height":1250,"url":"https:\/\/acuariosupremus.com\/wp-content\/uploads\/2022\/05\/limpiador_magnetico_dymax_01.jpg","type":"image\/jpeg"}],"twitter_card":"summary_large_image","twitter_site":"@AcuarioSupremus","twitter_misc":{"Tiempo de lectura":"1 minuto"},"schema":{"@context":"https:\/\/schema.org","@graph":[{"@type":"WebPage","@id":"https:\/\/acuariosupremus.com\/?product=mag-scraper-dymax-limpiador-magnetico-flotante-mediano","url":"https:\/\/acuariosupremus.com\/?product=mag-scraper-dymax-limpiador-magnetico-flotante-mediano","name":"MAG-SCRAPER DYMAX, Limpiador magn\u00e9tico flotante Mediano. | Acuario Supremus","isPartOf":{"@id":"https:\/\/acuariosupremus.com\/#website"},"primaryImageOfPage":{"@id":"https:\/\/acuariosupremus.com\/?product=mag-scraper-dymax-limpiador-magnetico-flotante-mediano#primaryimage"},"image":{"@id":"https:\/\/acuariosupremus.com\/?product=mag-scraper-dymax-limpiador-magnetico-flotante-mediano#primaryimage"},"thumbnailUrl":"https:\/\/acuariosupremus.com\/wp-content\/uploads\/2022\/05\/limpiador_magnetico_dymax_01.jpg","datePublished":"2022-05-25T21:27:44+00:00","dateModified":"2026-01-01T22:20:33+00:00","description":"MAG-SCRAPER DYMAX, Limpiador magn\u00e9tico flotante Mediano con cuchilla, Limpiador ergon\u00f3mico y pr\u00e1ctico para los vidrios de su acuario.","breadcrumb":{"@id":"https:\/\/acuariosupremus.com\/?product=mag-scraper-dymax-limpiador-magnetico-flotante-mediano#breadcrumb"},"inLanguage":"es","potentialAction":[{"@type":"ReadAction","target":["https:\/\/acuariosupremus.com\/?product=mag-scraper-dymax-limpiador-magnetico-flotante-mediano"]}]},{"@type":"ImageObject","inLanguage":"es","@id":"https:\/\/acuariosupremus.com\/?product=mag-scraper-dymax-limpiador-magnetico-flotante-mediano#primaryimage","url":"https:\/\/acuariosupremus.com\/wp-content\/uploads\/2022\/05\/limpiador_magnetico_dymax_01.jpg","contentUrl":"https:\/\/acuariosupremus.com\/wp-content\/uploads\/2022\/05\/limpiador_magnetico_dymax_01.jpg","width":1250,"height":1250},{"@type":"BreadcrumbList","@id":"https:\/\/acuariosupremus.com\/?product=mag-scraper-dymax-limpiador-magnetico-flotante-mediano#breadcrumb","itemListElement":[{"@type":"ListItem","position":1,"name":"Portada","item":"https:\/\/acuariosupremus.com\/"},{"@type":"ListItem","position":2,"name":"Tienda","item":"https:\/\/acuariosupremus.com\/tienda\/"},{"@type":"ListItem","position":3,"name":"MAG-SCRAPER DYMAX, Limpiador magn\u00e9tico flotante Mediano."}]},{"@type":"WebSite","@id":"https:\/\/acuariosupremus.com\/#website","url":"https:\/\/acuariosupremus.com\/","name":"Acuario Supremus","description":"Peces, Peceras y Mascotas.","publisher":{"@id":"https:\/\/acuariosupremus.com\/#organization"},"potentialAction":[{"@type":"SearchAction","target":{"@type":"EntryPoint","urlTemplate":"https:\/\/acuariosupremus.com\/?s={search_term_string}"},"query-input":{"@type":"PropertyValueSpecification","valueRequired":true,"valueName":"search_term_string"}}],"inLanguage":"es"},{"@type":"Organization","@id":"https:\/\/acuariosupremus.com\/#organization","name":"Acuario Supremus","url":"https:\/\/acuariosupremus.com\/","logo":{"@type":"ImageObject","inLanguage":"es","@id":"https:\/\/acuariosupremus.com\/#\/schema\/logo\/image\/","url":"https:\/\/acuariosupremus.com\/wp-content\/uploads\/2021\/12\/cropped-logo_acuario_supremus_fn-2.png","contentUrl":"https:\/\/acuariosupremus.com\/wp-content\/uploads\/2021\/12\/cropped-logo_acuario_supremus_fn-2.png","width":1000,"height":318,"caption":"Acuario Supremus"},"image":{"@id":"https:\/\/acuariosupremus.com\/#\/schema\/logo\/image\/"},"sameAs":["https:\/\/www.facebook.com\/AcuarioSupremus","https:\/\/x.com\/AcuarioSupremus","https:\/\/www.instagram.com\/acuariosupremus\/?hl=es"]}]}},"jetpack_sharing_enabled":true,"_links":{"self":[{"href":"https:\/\/acuariosupremus.com\/index.php?rest_route=\/wp\/v2\/product\/10445","targetHints":{"allow":["GET"]}}],"collection":[{"href":"https:\/\/acuariosupremus.com\/index.php?rest_route=\/wp\/v2\/product"}],"about":[{"href":"https:\/\/acuariosupremus.com\/index.php?rest_route=\/wp\/v2\/types\/product"}],"wp:featuredmedia":[{"embeddable":true,"href":"https:\/\/acuariosupremus.com\/index.php?rest_route=\/wp\/v2\/media\/10432"}],"wp:attachment":[{"href":"https:\/\/acuariosupremus.com\/index.php?rest_route=%2Fwp%2Fv2%2Fmedia&parent=10445"}],"wp:term":[{"taxonomy":"product_brand","embeddable":true,"href":"https:\/\/acuariosupremus.com\/index.php?rest_route=%2Fwp%2Fv2%2Fproduct_brand&post=10445"},{"taxonomy":"product_cat","embeddable":true,"href":"https:\/\/acuariosupremus.com\/index.php?rest_route=%2Fwp%2Fv2%2Fproduct_cat&post=10445"},{"taxonomy":"product_tag","embeddable":true,"href":"https:\/\/acuariosupremus.com\/index.php?rest_route=%2Fwp%2Fv2%2Fproduct_tag&post=10445"}],"curies":[{"name":"wp","href":"https:\/\/api.w.org\/{rel}","templated":true}]}}