{"id":10552,"date":"2022-06-09T15:26:59","date_gmt":"2022-06-09T20:26:59","guid":{"rendered":"https:\/\/acuariosupremus.com\/?post_type=product&#038;p=10552"},"modified":"2025-12-18T18:36:53","modified_gmt":"2025-12-19T00:36:53","slug":"aquaclear-carbon-30","status":"publish","type":"product","link":"https:\/\/acuariosupremus.com\/?product=aquaclear-carbon-30","title":{"rendered":"AQUACLEAR CARB\u00d3N 30."},"content":{"rendered":"<p>Antes de usar, quite la bolsa protectora de pl\u00e1stico y enjuague muy bien el inserto de carb\u00f3n activado, coloque el inserto de carb\u00f3n activado en la secci\u00f3n media o superior de la cesta.<br \/>\nMantenimiento:<br \/>\nLos insertos de carb\u00f3n activado se deben enjuagar con agua del acuario. Es importante cambiar el inserto todos los meses, debido a la calidad de absorci\u00f3n del carb\u00f3n activado, el enjuague del inserto solamente quitara las part\u00edculas y los residuos sueltos, pero no las impurezas que se hayan fijado por absorci\u00f3n, para asegurar la presencia constante de bacterias ben\u00e9ficas, nunca cambie todos los insertos del filtro al mismo tiempo.<\/p>\n","protected":false},"excerpt":{"rendered":"<p><strong>1 ULTIMA PIEZA<\/strong><\/p>\n<p>De calidad superior, como los usados en investigaciones, adsorbe los olores, la decoloraci\u00f3n y las impurezas, clarifica el agua, puede usarse en agua dulce o salada.<br \/>\nCarb\u00f3n activado para acuarios de 38-114itros.<br \/>\nRepuesto de carb\u00f3n activado para filtro de cascada Aquaclear 30.<\/p>\n","protected":false},"featured_media":10554,"template":"","meta":[],"product_brand":[112],"product_cat":[40,48],"product_tag":[261],"class_list":{"0":"post-10552","1":"product","2":"type-product","3":"status-publish","4":"has-post-thumbnail","6":"product_brand-hagen","7":"product_cat-peces","8":"product_cat-material-filtrante","9":"product_tag-carbon-aquaclear","11":"first","12":"instock","13":"sale","14":"sold-individually","15":"shipping-taxable","16":"purchasable","17":"product-type-simple"},"yoast_head":"<!-- This site is optimized with the Yoast SEO plugin v27.4 - https:\/\/yoast.com\/product\/yoast-seo-wordpress\/ -->\n<title>AQUACLEAR CARB\u00d3N 30. | Acuario Supremus<\/title>\n<meta name=\"description\" content=\"AquaClear Carb\u00f3n 30, De calidad superior, adsorbe los olores, la decoloraci\u00f3n y las impurezas, clarifica el agua, puede usarse en agua dulce o salada.\" \/>\n<meta name=\"robots\" content=\"index, follow, max-snippet:-1, max-image-preview:large, max-video-preview:-1\" \/>\n<link rel=\"canonical\" href=\"https:\/\/acuariosupremus.com\/?product=aquaclear-carbon-30\" \/>\n<meta property=\"og:locale\" content=\"es_MX\" \/>\n<meta property=\"og:type\" content=\"article\" \/>\n<meta property=\"og:title\" content=\"AQUACLEAR CARB\u00d3N 30. | Acuario Supremus\" \/>\n<meta property=\"og:description\" content=\"AquaClear Carb\u00f3n 30, De calidad superior, adsorbe los olores, la decoloraci\u00f3n y las impurezas, clarifica el agua, puede usarse en agua dulce o salada.\" \/>\n<meta property=\"og:url\" content=\"https:\/\/acuariosupremus.com\/?product=aquaclear-carbon-30\" \/>\n<meta property=\"og:site_name\" content=\"Acuario Supremus\" \/>\n<meta property=\"article:publisher\" content=\"https:\/\/www.facebook.com\/AcuarioSupremus\" \/>\n<meta property=\"article:modified_time\" content=\"2025-12-19T00:36:53+00:00\" \/>\n<meta property=\"og:image\" content=\"https:\/\/acuariosupremus.com\/wp-content\/uploads\/2022\/06\/HA602-2.jpg\" \/>\n\t<meta property=\"og:image:width\" content=\"242\" \/>\n\t<meta property=\"og:image:height\" content=\"361\" \/>\n\t<meta property=\"og:image:type\" content=\"image\/jpeg\" \/>\n<meta name=\"twitter:card\" content=\"summary_large_image\" \/>\n<meta name=\"twitter:site\" content=\"@AcuarioSupremus\" \/>\n<meta name=\"twitter:label1\" content=\"Tiempo de lectura\" \/>\n\t<meta name=\"twitter:data1\" content=\"1 minuto\" \/>\n<script type=\"application\/ld+json\" class=\"yoast-schema-graph\">{\"@context\":\"https:\\\/\\\/schema.org\",\"@graph\":[{\"@type\":\"WebPage\",\"@id\":\"https:\\\/\\\/acuariosupremus.com\\\/?product=aquaclear-carbon-30\",\"url\":\"https:\\\/\\\/acuariosupremus.com\\\/?product=aquaclear-carbon-30\",\"name\":\"AQUACLEAR CARB\u00d3N 30. | Acuario Supremus\",\"isPartOf\":{\"@id\":\"https:\\\/\\\/acuariosupremus.com\\\/#website\"},\"primaryImageOfPage\":{\"@id\":\"https:\\\/\\\/acuariosupremus.com\\\/?product=aquaclear-carbon-30#primaryimage\"},\"image\":{\"@id\":\"https:\\\/\\\/acuariosupremus.com\\\/?product=aquaclear-carbon-30#primaryimage\"},\"thumbnailUrl\":\"https:\\\/\\\/acuariosupremus.com\\\/wp-content\\\/uploads\\\/2022\\\/06\\\/HA602-2.jpg\",\"datePublished\":\"2022-06-09T20:26:59+00:00\",\"dateModified\":\"2025-12-19T00:36:53+00:00\",\"description\":\"AquaClear Carb\u00f3n 30, De calidad superior, adsorbe los olores, la decoloraci\u00f3n y las impurezas, clarifica el agua, puede usarse en agua dulce o salada.\",\"breadcrumb\":{\"@id\":\"https:\\\/\\\/acuariosupremus.com\\\/?product=aquaclear-carbon-30#breadcrumb\"},\"inLanguage\":\"es\",\"potentialAction\":[{\"@type\":\"ReadAction\",\"target\":[\"https:\\\/\\\/acuariosupremus.com\\\/?product=aquaclear-carbon-30\"]}]},{\"@type\":\"ImageObject\",\"inLanguage\":\"es\",\"@id\":\"https:\\\/\\\/acuariosupremus.com\\\/?product=aquaclear-carbon-30#primaryimage\",\"url\":\"https:\\\/\\\/acuariosupremus.com\\\/wp-content\\\/uploads\\\/2022\\\/06\\\/HA602-2.jpg\",\"contentUrl\":\"https:\\\/\\\/acuariosupremus.com\\\/wp-content\\\/uploads\\\/2022\\\/06\\\/HA602-2.jpg\",\"width\":242,\"height\":361},{\"@type\":\"BreadcrumbList\",\"@id\":\"https:\\\/\\\/acuariosupremus.com\\\/?product=aquaclear-carbon-30#breadcrumb\",\"itemListElement\":[{\"@type\":\"ListItem\",\"position\":1,\"name\":\"Portada\",\"item\":\"https:\\\/\\\/acuariosupremus.com\\\/\"},{\"@type\":\"ListItem\",\"position\":2,\"name\":\"Tienda\",\"item\":\"https:\\\/\\\/acuariosupremus.com\\\/tienda\\\/\"},{\"@type\":\"ListItem\",\"position\":3,\"name\":\"AQUACLEAR CARB\u00d3N 30.\"}]},{\"@type\":\"WebSite\",\"@id\":\"https:\\\/\\\/acuariosupremus.com\\\/#website\",\"url\":\"https:\\\/\\\/acuariosupremus.com\\\/\",\"name\":\"Acuario Supremus\",\"description\":\"Peces, Peceras y Mascotas.\",\"publisher\":{\"@id\":\"https:\\\/\\\/acuariosupremus.com\\\/#organization\"},\"potentialAction\":[{\"@type\":\"SearchAction\",\"target\":{\"@type\":\"EntryPoint\",\"urlTemplate\":\"https:\\\/\\\/acuariosupremus.com\\\/?s={search_term_string}\"},\"query-input\":{\"@type\":\"PropertyValueSpecification\",\"valueRequired\":true,\"valueName\":\"search_term_string\"}}],\"inLanguage\":\"es\"},{\"@type\":\"Organization\",\"@id\":\"https:\\\/\\\/acuariosupremus.com\\\/#organization\",\"name\":\"Acuario Supremus\",\"url\":\"https:\\\/\\\/acuariosupremus.com\\\/\",\"logo\":{\"@type\":\"ImageObject\",\"inLanguage\":\"es\",\"@id\":\"https:\\\/\\\/acuariosupremus.com\\\/#\\\/schema\\\/logo\\\/image\\\/\",\"url\":\"https:\\\/\\\/acuariosupremus.com\\\/wp-content\\\/uploads\\\/2021\\\/12\\\/cropped-logo_acuario_supremus_fn-2.png\",\"contentUrl\":\"https:\\\/\\\/acuariosupremus.com\\\/wp-content\\\/uploads\\\/2021\\\/12\\\/cropped-logo_acuario_supremus_fn-2.png\",\"width\":1000,\"height\":318,\"caption\":\"Acuario Supremus\"},\"image\":{\"@id\":\"https:\\\/\\\/acuariosupremus.com\\\/#\\\/schema\\\/logo\\\/image\\\/\"},\"sameAs\":[\"https:\\\/\\\/www.facebook.com\\\/AcuarioSupremus\",\"https:\\\/\\\/x.com\\\/AcuarioSupremus\",\"https:\\\/\\\/www.instagram.com\\\/acuariosupremus\\\/?hl=es\"]}]}<\/script>\n<!-- \/ Yoast SEO plugin. -->","yoast_head_json":{"title":"AQUACLEAR CARB\u00d3N 30. | Acuario Supremus","description":"AquaClear Carb\u00f3n 30, De calidad superior, adsorbe los olores, la decoloraci\u00f3n y las impurezas, clarifica el agua, puede usarse en agua dulce o salada.","robots":{"index":"index","follow":"follow","max-snippet":"max-snippet:-1","max-image-preview":"max-image-preview:large","max-video-preview":"max-video-preview:-1"},"canonical":"https:\/\/acuariosupremus.com\/?product=aquaclear-carbon-30","og_locale":"es_MX","og_type":"article","og_title":"AQUACLEAR CARB\u00d3N 30. | Acuario Supremus","og_description":"AquaClear Carb\u00f3n 30, De calidad superior, adsorbe los olores, la decoloraci\u00f3n y las impurezas, clarifica el agua, puede usarse en agua dulce o salada.","og_url":"https:\/\/acuariosupremus.com\/?product=aquaclear-carbon-30","og_site_name":"Acuario Supremus","article_publisher":"https:\/\/www.facebook.com\/AcuarioSupremus","article_modified_time":"2025-12-19T00:36:53+00:00","og_image":[{"width":242,"height":361,"url":"https:\/\/acuariosupremus.com\/wp-content\/uploads\/2022\/06\/HA602-2.jpg","type":"image\/jpeg"}],"twitter_card":"summary_large_image","twitter_site":"@AcuarioSupremus","twitter_misc":{"Tiempo de lectura":"1 minuto"},"schema":{"@context":"https:\/\/schema.org","@graph":[{"@type":"WebPage","@id":"https:\/\/acuariosupremus.com\/?product=aquaclear-carbon-30","url":"https:\/\/acuariosupremus.com\/?product=aquaclear-carbon-30","name":"AQUACLEAR CARB\u00d3N 30. | Acuario Supremus","isPartOf":{"@id":"https:\/\/acuariosupremus.com\/#website"},"primaryImageOfPage":{"@id":"https:\/\/acuariosupremus.com\/?product=aquaclear-carbon-30#primaryimage"},"image":{"@id":"https:\/\/acuariosupremus.com\/?product=aquaclear-carbon-30#primaryimage"},"thumbnailUrl":"https:\/\/acuariosupremus.com\/wp-content\/uploads\/2022\/06\/HA602-2.jpg","datePublished":"2022-06-09T20:26:59+00:00","dateModified":"2025-12-19T00:36:53+00:00","description":"AquaClear Carb\u00f3n 30, De calidad superior, adsorbe los olores, la decoloraci\u00f3n y las impurezas, clarifica el agua, puede usarse en agua dulce o salada.","breadcrumb":{"@id":"https:\/\/acuariosupremus.com\/?product=aquaclear-carbon-30#breadcrumb"},"inLanguage":"es","potentialAction":[{"@type":"ReadAction","target":["https:\/\/acuariosupremus.com\/?product=aquaclear-carbon-30"]}]},{"@type":"ImageObject","inLanguage":"es","@id":"https:\/\/acuariosupremus.com\/?product=aquaclear-carbon-30#primaryimage","url":"https:\/\/acuariosupremus.com\/wp-content\/uploads\/2022\/06\/HA602-2.jpg","contentUrl":"https:\/\/acuariosupremus.com\/wp-content\/uploads\/2022\/06\/HA602-2.jpg","width":242,"height":361},{"@type":"BreadcrumbList","@id":"https:\/\/acuariosupremus.com\/?product=aquaclear-carbon-30#breadcrumb","itemListElement":[{"@type":"ListItem","position":1,"name":"Portada","item":"https:\/\/acuariosupremus.com\/"},{"@type":"ListItem","position":2,"name":"Tienda","item":"https:\/\/acuariosupremus.com\/tienda\/"},{"@type":"ListItem","position":3,"name":"AQUACLEAR CARB\u00d3N 30."}]},{"@type":"WebSite","@id":"https:\/\/acuariosupremus.com\/#website","url":"https:\/\/acuariosupremus.com\/","name":"Acuario Supremus","description":"Peces, Peceras y Mascotas.","publisher":{"@id":"https:\/\/acuariosupremus.com\/#organization"},"potentialAction":[{"@type":"SearchAction","target":{"@type":"EntryPoint","urlTemplate":"https:\/\/acuariosupremus.com\/?s={search_term_string}"},"query-input":{"@type":"PropertyValueSpecification","valueRequired":true,"valueName":"search_term_string"}}],"inLanguage":"es"},{"@type":"Organization","@id":"https:\/\/acuariosupremus.com\/#organization","name":"Acuario Supremus","url":"https:\/\/acuariosupremus.com\/","logo":{"@type":"ImageObject","inLanguage":"es","@id":"https:\/\/acuariosupremus.com\/#\/schema\/logo\/image\/","url":"https:\/\/acuariosupremus.com\/wp-content\/uploads\/2021\/12\/cropped-logo_acuario_supremus_fn-2.png","contentUrl":"https:\/\/acuariosupremus.com\/wp-content\/uploads\/2021\/12\/cropped-logo_acuario_supremus_fn-2.png","width":1000,"height":318,"caption":"Acuario Supremus"},"image":{"@id":"https:\/\/acuariosupremus.com\/#\/schema\/logo\/image\/"},"sameAs":["https:\/\/www.facebook.com\/AcuarioSupremus","https:\/\/x.com\/AcuarioSupremus","https:\/\/www.instagram.com\/acuariosupremus\/?hl=es"]}]}},"jetpack_sharing_enabled":true,"_links":{"self":[{"href":"https:\/\/acuariosupremus.com\/index.php?rest_route=\/wp\/v2\/product\/10552","targetHints":{"allow":["GET"]}}],"collection":[{"href":"https:\/\/acuariosupremus.com\/index.php?rest_route=\/wp\/v2\/product"}],"about":[{"href":"https:\/\/acuariosupremus.com\/index.php?rest_route=\/wp\/v2\/types\/product"}],"wp:featuredmedia":[{"embeddable":true,"href":"https:\/\/acuariosupremus.com\/index.php?rest_route=\/wp\/v2\/media\/10554"}],"wp:attachment":[{"href":"https:\/\/acuariosupremus.com\/index.php?rest_route=%2Fwp%2Fv2%2Fmedia&parent=10552"}],"wp:term":[{"taxonomy":"product_brand","embeddable":true,"href":"https:\/\/acuariosupremus.com\/index.php?rest_route=%2Fwp%2Fv2%2Fproduct_brand&post=10552"},{"taxonomy":"product_cat","embeddable":true,"href":"https:\/\/acuariosupremus.com\/index.php?rest_route=%2Fwp%2Fv2%2Fproduct_cat&post=10552"},{"taxonomy":"product_tag","embeddable":true,"href":"https:\/\/acuariosupremus.com\/index.php?rest_route=%2Fwp%2Fv2%2Fproduct_tag&post=10552"}],"curies":[{"name":"wp","href":"https:\/\/api.w.org\/{rel}","templated":true}]}}