{"id":10879,"date":"2022-09-25T15:07:38","date_gmt":"2022-09-25T20:07:38","guid":{"rendered":"https:\/\/acuariosupremus.com\/?post_type=product&#038;p=10879"},"modified":"2026-01-30T16:32:21","modified_gmt":"2026-01-30T22:32:21","slug":"correa-retractil-med-con-autobrake-xtreme","status":"publish","type":"product","link":"https:\/\/acuariosupremus.com\/?product=correa-retractil-med-con-autobrake-xtreme","title":{"rendered":"CORREA RETRACTIL MED CON AUTOBRAKE XTREME."},"content":{"rendered":"<p>Beneficios:<br \/>\n&#8211; Comodidad al manejo<br \/>\n&#8211; Su sistema de restricci\u00f3n de velocidad se activa al momento en que el perro jala repentinamente la correa hacia adelante. La correa se detiene sin necesidad de apretar el bot\u00f3n de freno.<br \/>\n&#8211; El Sistema Antibloqueo de Frenos (ABS) retrae lentamente la correa disminuyendo la velocidad de tu perro y absorbe la<br \/>\nfuerza aplicada a tu brazo.<br \/>\n&#8211; El bot\u00f3n de seguridad permite hacer un bloqueo manual de la longitud de la correa.<br \/>\n&#8211; Paseos seguros<br \/>\nPrecauciones y advertencias:<br \/>\n&#8211; Para evitar lesiones, no permitas que la cinta se enrolle alrededor de tu cuerpo, dedos de la mano o de la mascota.<br \/>\n&#8211; Verifica que la correa o el mecanismo no est\u00e9n da\u00f1ados antes de cada uso.<br \/>\n&#8211; No se recomienda usar para otro prop\u00f3sito que no sea el de pasear a la mascota.<br \/>\nMant\u00e9ngase fuera del alcance de los ni\u00f1os. Prohibido su uso en ni\u00f1os.<br \/>\nInstrucciones:<br \/>\nUSO DEL BOT\u00d3N DE SEGURIDAD<br \/>\nLibertad de movimiento cuando el bot\u00f3n se encuentra sin oprimir.<br \/>\nSe puede bloquear instant\u00e1neamente al oprimir el bot\u00f3n de seguridad.<br \/>\nEmpuje hacia adelante el bot\u00f3n peque\u00f1o para bloqueo permanente.<br \/>\nEmpuje hacia atr\u00e1s el bot\u00f3n peque\u00f1o para liberar.<br \/>\nRecomendaciones:<br \/>\nRecomendaciones y advertencias:<br \/>\n&#8211; Elija el tama\u00f1o de la correa tomando en cuenta el peso de la mascota sugerido en el empaque.<br \/>\n&#8211; Para evitar lesiones, no permita que la cinta se enrolle alrededor de su cuerpo o de su mascota.<br \/>\n&#8211; Verifique que la correa o el mecanismo de seguridad no est\u00e9n da\u00f1ados antes de usarse.<br \/>\n&#8211; Aseg\u00farese de tener el control sobre su mascota al utilizar la correa.- Sugerido para perros que todav\u00eda no han aprendido a no tirar.<br \/>\n-Consulta un adiestrador canino para aplicar correctamente t\u00e9cnicas de adiestramiento de tu perro<br \/>\n&#8211; No se recomienda usar para otro prop\u00f3sito que no sea el de pasear a la mascota.<br \/>\n&#8211; Prohibido el uso en ni\u00f1os.<br \/>\n&#8211; Por seguridad, siempre saque a pasear a su mascota con un collar y una correa.<br \/>\n&#8211; Al pasear a su mascota no permita que tire de la correa y avance tosiendo y jadeando, esto puede provocar trastornos en<br \/>\nv\u00edas respiratorias.<br \/>\n&#8211; Revise regularmente el nivel de presi\u00f3n del collar sobre el cuello de la mascota para evitar cualquier incidente.<br \/>\n&#8211; Recuerde consultar a un experto profesional de entrenamiento o et\u00f3logo.<br \/>\nEL USO DE ESTE PRODUCTO ES RESPONSABILIDAD DEL DUE\u00d1O DE LA MASCOTA.<br \/>\nMedidas:<br \/>\n<strong>5m de correa<\/strong><br \/>\nMaterial:<br \/>\ncorrea de nailon<br \/>\nContenido:<br \/>\n1 pieza<\/p>\n","protected":false},"excerpt":{"rendered":"<p>La correa retr\u00e1ctil con freno autom\u00e1tico de la l\u00ednea Xtreme de Fancy Pets\u00ae, se activa con el simple tir\u00f3n de la mascota y sin necesidad de apretar un bot\u00f3n. As\u00ed, es posible ajustar la distancia entre tu perro y t\u00fa. Al absorber impactos, protege al due\u00f1o y al cuello de la mascota de cualquier tipo de lesi\u00f3n.<br \/>\nCaracter\u00edsticas:<br \/>\n&#8211; Dise\u00f1o ergon\u00f3mico<br \/>\n&#8211; Mango suave y antideslizante<br \/>\n&#8211; Con materiales de alta calidad y durabilidad<br \/>\n&#8211; Frenado autom\u00e1tico<br \/>\n&#8211; Absorci\u00f3n de impacto<br \/>\n&#8211; Bot\u00f3n de seguridad<br \/>\n&#8211; Dise\u00f1o de salida sin enredos de 360\u00b0 grados<br \/>\n&#8211; Para perros de 12 a 25 kg.<\/p>\n","protected":false},"featured_media":10880,"template":"","meta":[],"product_brand":[106],"product_cat":[73,82],"product_tag":[410],"class_list":{"0":"post-10879","1":"product","2":"type-product","3":"status-publish","4":"has-post-thumbnail","6":"product_brand-fancypets","7":"product_cat-perros","8":"product_cat-collares-y-correas","9":"product_tag-correa-retractol-autobrake","11":"first","12":"instock","13":"sale","14":"shipping-taxable","15":"purchasable","16":"product-type-simple"},"yoast_head":"<!-- This site is optimized with the Yoast SEO plugin v27.4 - https:\/\/yoast.com\/product\/yoast-seo-wordpress\/ -->\n<title>CORREA RETRACTIL MED CON AUTOBRAKE XTREME. | Acuario Supremus<\/title>\n<meta name=\"description\" content=\"La correa retr\u00e1ctil Mediana con freno autom\u00e1tico de la l\u00ednea Xtreme , se activa con el simple tir\u00f3n de la mascota y sin necesidad de apretar un bot\u00f3n.\" \/>\n<meta name=\"robots\" content=\"index, follow, max-snippet:-1, max-image-preview:large, max-video-preview:-1\" \/>\n<link rel=\"canonical\" href=\"https:\/\/acuariosupremus.com\/?product=correa-retractil-med-con-autobrake-xtreme\" \/>\n<meta property=\"og:locale\" content=\"es_MX\" \/>\n<meta property=\"og:type\" content=\"article\" \/>\n<meta property=\"og:title\" content=\"CORREA RETRACTIL MED CON AUTOBRAKE XTREME. | Acuario Supremus\" \/>\n<meta property=\"og:description\" content=\"La correa retr\u00e1ctil Mediana con freno autom\u00e1tico de la l\u00ednea Xtreme , se activa con el simple tir\u00f3n de la mascota y sin necesidad de apretar un bot\u00f3n.\" \/>\n<meta property=\"og:url\" content=\"https:\/\/acuariosupremus.com\/?product=correa-retractil-med-con-autobrake-xtreme\" \/>\n<meta property=\"og:site_name\" content=\"Acuario Supremus\" \/>\n<meta property=\"article:publisher\" content=\"https:\/\/www.facebook.com\/AcuarioSupremus\" \/>\n<meta property=\"article:modified_time\" content=\"2026-01-30T22:32:21+00:00\" \/>\n<meta property=\"og:image\" content=\"https:\/\/acuariosupremus.com\/wp-content\/uploads\/2022\/09\/FL9042.jpg\" \/>\n\t<meta property=\"og:image:width\" content=\"1000\" \/>\n\t<meta property=\"og:image:height\" content=\"1000\" \/>\n\t<meta property=\"og:image:type\" content=\"image\/jpeg\" \/>\n<meta name=\"twitter:card\" content=\"summary_large_image\" \/>\n<meta name=\"twitter:site\" content=\"@AcuarioSupremus\" \/>\n<meta name=\"twitter:label1\" content=\"Tiempo de lectura\" \/>\n\t<meta name=\"twitter:data1\" content=\"2 minutos\" \/>\n<script type=\"application\/ld+json\" class=\"yoast-schema-graph\">{\"@context\":\"https:\\\/\\\/schema.org\",\"@graph\":[{\"@type\":\"WebPage\",\"@id\":\"https:\\\/\\\/acuariosupremus.com\\\/?product=correa-retractil-med-con-autobrake-xtreme\",\"url\":\"https:\\\/\\\/acuariosupremus.com\\\/?product=correa-retractil-med-con-autobrake-xtreme\",\"name\":\"CORREA RETRACTIL MED CON AUTOBRAKE XTREME. | Acuario Supremus\",\"isPartOf\":{\"@id\":\"https:\\\/\\\/acuariosupremus.com\\\/#website\"},\"primaryImageOfPage\":{\"@id\":\"https:\\\/\\\/acuariosupremus.com\\\/?product=correa-retractil-med-con-autobrake-xtreme#primaryimage\"},\"image\":{\"@id\":\"https:\\\/\\\/acuariosupremus.com\\\/?product=correa-retractil-med-con-autobrake-xtreme#primaryimage\"},\"thumbnailUrl\":\"https:\\\/\\\/acuariosupremus.com\\\/wp-content\\\/uploads\\\/2022\\\/09\\\/FL9042.jpg\",\"datePublished\":\"2022-09-25T20:07:38+00:00\",\"dateModified\":\"2026-01-30T22:32:21+00:00\",\"description\":\"La correa retr\u00e1ctil Mediana con freno autom\u00e1tico de la l\u00ednea Xtreme , se activa con el simple tir\u00f3n de la mascota y sin necesidad de apretar un bot\u00f3n.\",\"breadcrumb\":{\"@id\":\"https:\\\/\\\/acuariosupremus.com\\\/?product=correa-retractil-med-con-autobrake-xtreme#breadcrumb\"},\"inLanguage\":\"es\",\"potentialAction\":[{\"@type\":\"ReadAction\",\"target\":[\"https:\\\/\\\/acuariosupremus.com\\\/?product=correa-retractil-med-con-autobrake-xtreme\"]}]},{\"@type\":\"ImageObject\",\"inLanguage\":\"es\",\"@id\":\"https:\\\/\\\/acuariosupremus.com\\\/?product=correa-retractil-med-con-autobrake-xtreme#primaryimage\",\"url\":\"https:\\\/\\\/acuariosupremus.com\\\/wp-content\\\/uploads\\\/2022\\\/09\\\/FL9042.jpg\",\"contentUrl\":\"https:\\\/\\\/acuariosupremus.com\\\/wp-content\\\/uploads\\\/2022\\\/09\\\/FL9042.jpg\",\"width\":1000,\"height\":1000},{\"@type\":\"BreadcrumbList\",\"@id\":\"https:\\\/\\\/acuariosupremus.com\\\/?product=correa-retractil-med-con-autobrake-xtreme#breadcrumb\",\"itemListElement\":[{\"@type\":\"ListItem\",\"position\":1,\"name\":\"Portada\",\"item\":\"https:\\\/\\\/acuariosupremus.com\\\/\"},{\"@type\":\"ListItem\",\"position\":2,\"name\":\"Tienda\",\"item\":\"https:\\\/\\\/acuariosupremus.com\\\/tienda\\\/\"},{\"@type\":\"ListItem\",\"position\":3,\"name\":\"CORREA RETRACTIL MED CON AUTOBRAKE XTREME.\"}]},{\"@type\":\"WebSite\",\"@id\":\"https:\\\/\\\/acuariosupremus.com\\\/#website\",\"url\":\"https:\\\/\\\/acuariosupremus.com\\\/\",\"name\":\"Acuario Supremus\",\"description\":\"Peces, Peceras y Mascotas.\",\"publisher\":{\"@id\":\"https:\\\/\\\/acuariosupremus.com\\\/#organization\"},\"potentialAction\":[{\"@type\":\"SearchAction\",\"target\":{\"@type\":\"EntryPoint\",\"urlTemplate\":\"https:\\\/\\\/acuariosupremus.com\\\/?s={search_term_string}\"},\"query-input\":{\"@type\":\"PropertyValueSpecification\",\"valueRequired\":true,\"valueName\":\"search_term_string\"}}],\"inLanguage\":\"es\"},{\"@type\":\"Organization\",\"@id\":\"https:\\\/\\\/acuariosupremus.com\\\/#organization\",\"name\":\"Acuario Supremus\",\"url\":\"https:\\\/\\\/acuariosupremus.com\\\/\",\"logo\":{\"@type\":\"ImageObject\",\"inLanguage\":\"es\",\"@id\":\"https:\\\/\\\/acuariosupremus.com\\\/#\\\/schema\\\/logo\\\/image\\\/\",\"url\":\"https:\\\/\\\/acuariosupremus.com\\\/wp-content\\\/uploads\\\/2021\\\/12\\\/cropped-logo_acuario_supremus_fn-2.png\",\"contentUrl\":\"https:\\\/\\\/acuariosupremus.com\\\/wp-content\\\/uploads\\\/2021\\\/12\\\/cropped-logo_acuario_supremus_fn-2.png\",\"width\":1000,\"height\":318,\"caption\":\"Acuario Supremus\"},\"image\":{\"@id\":\"https:\\\/\\\/acuariosupremus.com\\\/#\\\/schema\\\/logo\\\/image\\\/\"},\"sameAs\":[\"https:\\\/\\\/www.facebook.com\\\/AcuarioSupremus\",\"https:\\\/\\\/x.com\\\/AcuarioSupremus\",\"https:\\\/\\\/www.instagram.com\\\/acuariosupremus\\\/?hl=es\"]}]}<\/script>\n<!-- \/ Yoast SEO plugin. -->","yoast_head_json":{"title":"CORREA RETRACTIL MED CON AUTOBRAKE XTREME. | Acuario Supremus","description":"La correa retr\u00e1ctil Mediana con freno autom\u00e1tico de la l\u00ednea Xtreme , se activa con el simple tir\u00f3n de la mascota y sin necesidad de apretar un bot\u00f3n.","robots":{"index":"index","follow":"follow","max-snippet":"max-snippet:-1","max-image-preview":"max-image-preview:large","max-video-preview":"max-video-preview:-1"},"canonical":"https:\/\/acuariosupremus.com\/?product=correa-retractil-med-con-autobrake-xtreme","og_locale":"es_MX","og_type":"article","og_title":"CORREA RETRACTIL MED CON AUTOBRAKE XTREME. | Acuario Supremus","og_description":"La correa retr\u00e1ctil Mediana con freno autom\u00e1tico de la l\u00ednea Xtreme , se activa con el simple tir\u00f3n de la mascota y sin necesidad de apretar un bot\u00f3n.","og_url":"https:\/\/acuariosupremus.com\/?product=correa-retractil-med-con-autobrake-xtreme","og_site_name":"Acuario Supremus","article_publisher":"https:\/\/www.facebook.com\/AcuarioSupremus","article_modified_time":"2026-01-30T22:32:21+00:00","og_image":[{"width":1000,"height":1000,"url":"https:\/\/acuariosupremus.com\/wp-content\/uploads\/2022\/09\/FL9042.jpg","type":"image\/jpeg"}],"twitter_card":"summary_large_image","twitter_site":"@AcuarioSupremus","twitter_misc":{"Tiempo de lectura":"2 minutos"},"schema":{"@context":"https:\/\/schema.org","@graph":[{"@type":"WebPage","@id":"https:\/\/acuariosupremus.com\/?product=correa-retractil-med-con-autobrake-xtreme","url":"https:\/\/acuariosupremus.com\/?product=correa-retractil-med-con-autobrake-xtreme","name":"CORREA RETRACTIL MED CON AUTOBRAKE XTREME. | Acuario Supremus","isPartOf":{"@id":"https:\/\/acuariosupremus.com\/#website"},"primaryImageOfPage":{"@id":"https:\/\/acuariosupremus.com\/?product=correa-retractil-med-con-autobrake-xtreme#primaryimage"},"image":{"@id":"https:\/\/acuariosupremus.com\/?product=correa-retractil-med-con-autobrake-xtreme#primaryimage"},"thumbnailUrl":"https:\/\/acuariosupremus.com\/wp-content\/uploads\/2022\/09\/FL9042.jpg","datePublished":"2022-09-25T20:07:38+00:00","dateModified":"2026-01-30T22:32:21+00:00","description":"La correa retr\u00e1ctil Mediana con freno autom\u00e1tico de la l\u00ednea Xtreme , se activa con el simple tir\u00f3n de la mascota y sin necesidad de apretar un bot\u00f3n.","breadcrumb":{"@id":"https:\/\/acuariosupremus.com\/?product=correa-retractil-med-con-autobrake-xtreme#breadcrumb"},"inLanguage":"es","potentialAction":[{"@type":"ReadAction","target":["https:\/\/acuariosupremus.com\/?product=correa-retractil-med-con-autobrake-xtreme"]}]},{"@type":"ImageObject","inLanguage":"es","@id":"https:\/\/acuariosupremus.com\/?product=correa-retractil-med-con-autobrake-xtreme#primaryimage","url":"https:\/\/acuariosupremus.com\/wp-content\/uploads\/2022\/09\/FL9042.jpg","contentUrl":"https:\/\/acuariosupremus.com\/wp-content\/uploads\/2022\/09\/FL9042.jpg","width":1000,"height":1000},{"@type":"BreadcrumbList","@id":"https:\/\/acuariosupremus.com\/?product=correa-retractil-med-con-autobrake-xtreme#breadcrumb","itemListElement":[{"@type":"ListItem","position":1,"name":"Portada","item":"https:\/\/acuariosupremus.com\/"},{"@type":"ListItem","position":2,"name":"Tienda","item":"https:\/\/acuariosupremus.com\/tienda\/"},{"@type":"ListItem","position":3,"name":"CORREA RETRACTIL MED CON AUTOBRAKE XTREME."}]},{"@type":"WebSite","@id":"https:\/\/acuariosupremus.com\/#website","url":"https:\/\/acuariosupremus.com\/","name":"Acuario Supremus","description":"Peces, Peceras y Mascotas.","publisher":{"@id":"https:\/\/acuariosupremus.com\/#organization"},"potentialAction":[{"@type":"SearchAction","target":{"@type":"EntryPoint","urlTemplate":"https:\/\/acuariosupremus.com\/?s={search_term_string}"},"query-input":{"@type":"PropertyValueSpecification","valueRequired":true,"valueName":"search_term_string"}}],"inLanguage":"es"},{"@type":"Organization","@id":"https:\/\/acuariosupremus.com\/#organization","name":"Acuario Supremus","url":"https:\/\/acuariosupremus.com\/","logo":{"@type":"ImageObject","inLanguage":"es","@id":"https:\/\/acuariosupremus.com\/#\/schema\/logo\/image\/","url":"https:\/\/acuariosupremus.com\/wp-content\/uploads\/2021\/12\/cropped-logo_acuario_supremus_fn-2.png","contentUrl":"https:\/\/acuariosupremus.com\/wp-content\/uploads\/2021\/12\/cropped-logo_acuario_supremus_fn-2.png","width":1000,"height":318,"caption":"Acuario Supremus"},"image":{"@id":"https:\/\/acuariosupremus.com\/#\/schema\/logo\/image\/"},"sameAs":["https:\/\/www.facebook.com\/AcuarioSupremus","https:\/\/x.com\/AcuarioSupremus","https:\/\/www.instagram.com\/acuariosupremus\/?hl=es"]}]}},"jetpack_sharing_enabled":true,"_links":{"self":[{"href":"https:\/\/acuariosupremus.com\/index.php?rest_route=\/wp\/v2\/product\/10879","targetHints":{"allow":["GET"]}}],"collection":[{"href":"https:\/\/acuariosupremus.com\/index.php?rest_route=\/wp\/v2\/product"}],"about":[{"href":"https:\/\/acuariosupremus.com\/index.php?rest_route=\/wp\/v2\/types\/product"}],"wp:featuredmedia":[{"embeddable":true,"href":"https:\/\/acuariosupremus.com\/index.php?rest_route=\/wp\/v2\/media\/10880"}],"wp:attachment":[{"href":"https:\/\/acuariosupremus.com\/index.php?rest_route=%2Fwp%2Fv2%2Fmedia&parent=10879"}],"wp:term":[{"taxonomy":"product_brand","embeddable":true,"href":"https:\/\/acuariosupremus.com\/index.php?rest_route=%2Fwp%2Fv2%2Fproduct_brand&post=10879"},{"taxonomy":"product_cat","embeddable":true,"href":"https:\/\/acuariosupremus.com\/index.php?rest_route=%2Fwp%2Fv2%2Fproduct_cat&post=10879"},{"taxonomy":"product_tag","embeddable":true,"href":"https:\/\/acuariosupremus.com\/index.php?rest_route=%2Fwp%2Fv2%2Fproduct_tag&post=10879"}],"curies":[{"name":"wp","href":"https:\/\/api.w.org\/{rel}","templated":true}]}}