{"id":10887,"date":"2022-09-25T15:28:30","date_gmt":"2022-09-25T20:28:30","guid":{"rendered":"https:\/\/acuariosupremus.com\/?post_type=product&#038;p=10887"},"modified":"2026-02-12T14:56:23","modified_gmt":"2026-02-12T20:56:23","slug":"ms-gel-cicatrizante-de-kiwi-70-grs","status":"publish","type":"product","link":"https:\/\/acuariosupremus.com\/?product=ms-gel-cicatrizante-de-kiwi-70-grs","title":{"rendered":"MS &#8211; GEL CICATRIZANTE DE KIWI 70 GRS."},"content":{"rendered":"<p>Instrucciones:<br \/>\nLimpie perfectamente la herida y aplique el gel directamente sobre la zona afectada de su mascota dejando una fina capa del producto sobre la herida, deje actuar sin remover el gel. Para heridas m\u00e1s profundas, grandes o donde la mascota tiene<br \/>\nposibilidad de lamerla, c\u00fabrala con una venda.<br \/>\nV\u00cdA DE ADMINISTRACI\u00d3N, DOSIFICACI\u00d3N:<br \/>\nT\u00f3pica. Repita estos pasos por lo menos una vez al d\u00eda hasta que la herida cicatrice. Emplearse en perros, gatos y peque\u00f1os<br \/>\nmam\u00edferos mayores de 12 semanas.<br \/>\nRecomendaciones:<br \/>\nPRECAUCIONES Y ADVERTENCIAS:<br \/>\nMANT\u00c9NGASE FUERA DEL ALCANCE DE LOS NI\u00d1OS Y MASCOTAS. Este producto es un coadyuvante, no sustituye ning\u00fan<br \/>\ntratamiento indicado por el M\u00e9dico Veterinario. Para uso externo \u00fanicamente. Evite el contacto con los ojos de la mascota, si<br \/>\nesto ocurre enjuague con abundante agua durante 5 minutos. Conserve el producto en un lugar fresco, protegido de la luz<br \/>\nsolar. No se administre en mascotas con hipersensibilidad a los componentes de la f\u00f3rmula. Su venta no requiere receta<br \/>\nm\u00e9dica. CONSULTE AL M\u00c9DICO VETERINARIO. El uso de este producto es responsabilidad del due\u00f1o de la mascota.<br \/>\nIngredientes:<br \/>\nAlanto\u00edna, extracto de kiwi, extracto de tepezcohuite, vitamina A, vitamina E.<br \/>\nContenido:<br \/>\n<strong>70 g<\/strong><\/p>\n","protected":false},"excerpt":{"rendered":"<p>Gel cicatrizante de kiwi Medical Solutions\u00ae<br \/>\nCaracter\u00edsticas:<br \/>\n&#8211; Para perros, gatos y peque\u00f1os mam\u00edferos.<br \/>\n&#8211; Con extracto de kiwi y tepezcohuite.<br \/>\n&#8211; Cicatriza y sana las heridas.<\/p>\n","protected":false},"featured_media":10889,"template":"","meta":[],"product_brand":[108],"product_cat":[73,83],"product_tag":[514],"class_list":{"0":"post-10887","1":"product","2":"type-product","3":"status-publish","4":"has-post-thumbnail","6":"product_brand-medicalsolutions","7":"product_cat-perros","8":"product_cat-salud-perros","9":"product_tag-gel-cicatrizante-de-kiwi","11":"first","12":"instock","13":"sale","14":"shipping-taxable","15":"purchasable","16":"product-type-simple"},"yoast_head":"<!-- This site is optimized with the Yoast SEO plugin v27.4 - https:\/\/yoast.com\/product\/yoast-seo-wordpress\/ -->\n<title>MS - GEL CICATRIZANTE DE KIWI 70 GRS. | Acuario Supremus<\/title>\n<meta name=\"description\" content=\"Gel cicatrizante de kiwi, Para perros, gatos y peque\u00f1os mam\u00edferos. Con extracto de kiwi y tepezcohuite. Cicatriza y sana las heridas.\" \/>\n<meta name=\"robots\" content=\"index, follow, max-snippet:-1, max-image-preview:large, max-video-preview:-1\" \/>\n<link rel=\"canonical\" href=\"https:\/\/acuariosupremus.com\/?product=ms-gel-cicatrizante-de-kiwi-70-grs\" \/>\n<meta property=\"og:locale\" content=\"es_MX\" \/>\n<meta property=\"og:type\" content=\"article\" \/>\n<meta property=\"og:title\" content=\"MS - GEL CICATRIZANTE DE KIWI 70 GRS. | Acuario Supremus\" \/>\n<meta property=\"og:description\" content=\"Gel cicatrizante de kiwi, Para perros, gatos y peque\u00f1os mam\u00edferos. Con extracto de kiwi y tepezcohuite. Cicatriza y sana las heridas.\" \/>\n<meta property=\"og:url\" content=\"https:\/\/acuariosupremus.com\/?product=ms-gel-cicatrizante-de-kiwi-70-grs\" \/>\n<meta property=\"og:site_name\" content=\"Acuario Supremus\" \/>\n<meta property=\"article:publisher\" content=\"https:\/\/www.facebook.com\/AcuarioSupremus\" \/>\n<meta property=\"article:modified_time\" content=\"2026-02-12T20:56:23+00:00\" \/>\n<meta property=\"og:image\" content=\"https:\/\/acuariosupremus.com\/wp-content\/uploads\/2022\/09\/FL3947_E.jpg\" \/>\n\t<meta property=\"og:image:width\" content=\"1000\" \/>\n\t<meta property=\"og:image:height\" content=\"1000\" \/>\n\t<meta property=\"og:image:type\" content=\"image\/jpeg\" \/>\n<meta name=\"twitter:card\" content=\"summary_large_image\" \/>\n<meta name=\"twitter:site\" content=\"@AcuarioSupremus\" \/>\n<meta name=\"twitter:label1\" content=\"Tiempo de lectura\" \/>\n\t<meta name=\"twitter:data1\" content=\"1 minuto\" \/>\n<script type=\"application\/ld+json\" class=\"yoast-schema-graph\">{\"@context\":\"https:\\\/\\\/schema.org\",\"@graph\":[{\"@type\":\"WebPage\",\"@id\":\"https:\\\/\\\/acuariosupremus.com\\\/?product=ms-gel-cicatrizante-de-kiwi-70-grs\",\"url\":\"https:\\\/\\\/acuariosupremus.com\\\/?product=ms-gel-cicatrizante-de-kiwi-70-grs\",\"name\":\"MS - GEL CICATRIZANTE DE KIWI 70 GRS. | Acuario Supremus\",\"isPartOf\":{\"@id\":\"https:\\\/\\\/acuariosupremus.com\\\/#website\"},\"primaryImageOfPage\":{\"@id\":\"https:\\\/\\\/acuariosupremus.com\\\/?product=ms-gel-cicatrizante-de-kiwi-70-grs#primaryimage\"},\"image\":{\"@id\":\"https:\\\/\\\/acuariosupremus.com\\\/?product=ms-gel-cicatrizante-de-kiwi-70-grs#primaryimage\"},\"thumbnailUrl\":\"https:\\\/\\\/acuariosupremus.com\\\/wp-content\\\/uploads\\\/2022\\\/09\\\/FL3947_E.jpg\",\"datePublished\":\"2022-09-25T20:28:30+00:00\",\"dateModified\":\"2026-02-12T20:56:23+00:00\",\"description\":\"Gel cicatrizante de kiwi, Para perros, gatos y peque\u00f1os mam\u00edferos. Con extracto de kiwi y tepezcohuite. Cicatriza y sana las heridas.\",\"breadcrumb\":{\"@id\":\"https:\\\/\\\/acuariosupremus.com\\\/?product=ms-gel-cicatrizante-de-kiwi-70-grs#breadcrumb\"},\"inLanguage\":\"es\",\"potentialAction\":[{\"@type\":\"ReadAction\",\"target\":[\"https:\\\/\\\/acuariosupremus.com\\\/?product=ms-gel-cicatrizante-de-kiwi-70-grs\"]}]},{\"@type\":\"ImageObject\",\"inLanguage\":\"es\",\"@id\":\"https:\\\/\\\/acuariosupremus.com\\\/?product=ms-gel-cicatrizante-de-kiwi-70-grs#primaryimage\",\"url\":\"https:\\\/\\\/acuariosupremus.com\\\/wp-content\\\/uploads\\\/2022\\\/09\\\/FL3947_E.jpg\",\"contentUrl\":\"https:\\\/\\\/acuariosupremus.com\\\/wp-content\\\/uploads\\\/2022\\\/09\\\/FL3947_E.jpg\",\"width\":1000,\"height\":1000},{\"@type\":\"BreadcrumbList\",\"@id\":\"https:\\\/\\\/acuariosupremus.com\\\/?product=ms-gel-cicatrizante-de-kiwi-70-grs#breadcrumb\",\"itemListElement\":[{\"@type\":\"ListItem\",\"position\":1,\"name\":\"Portada\",\"item\":\"https:\\\/\\\/acuariosupremus.com\\\/\"},{\"@type\":\"ListItem\",\"position\":2,\"name\":\"Tienda\",\"item\":\"https:\\\/\\\/acuariosupremus.com\\\/tienda\\\/\"},{\"@type\":\"ListItem\",\"position\":3,\"name\":\"MS &#8211; GEL CICATRIZANTE DE KIWI 70 GRS.\"}]},{\"@type\":\"WebSite\",\"@id\":\"https:\\\/\\\/acuariosupremus.com\\\/#website\",\"url\":\"https:\\\/\\\/acuariosupremus.com\\\/\",\"name\":\"Acuario Supremus\",\"description\":\"Peces, Peceras y Mascotas.\",\"publisher\":{\"@id\":\"https:\\\/\\\/acuariosupremus.com\\\/#organization\"},\"potentialAction\":[{\"@type\":\"SearchAction\",\"target\":{\"@type\":\"EntryPoint\",\"urlTemplate\":\"https:\\\/\\\/acuariosupremus.com\\\/?s={search_term_string}\"},\"query-input\":{\"@type\":\"PropertyValueSpecification\",\"valueRequired\":true,\"valueName\":\"search_term_string\"}}],\"inLanguage\":\"es\"},{\"@type\":\"Organization\",\"@id\":\"https:\\\/\\\/acuariosupremus.com\\\/#organization\",\"name\":\"Acuario Supremus\",\"url\":\"https:\\\/\\\/acuariosupremus.com\\\/\",\"logo\":{\"@type\":\"ImageObject\",\"inLanguage\":\"es\",\"@id\":\"https:\\\/\\\/acuariosupremus.com\\\/#\\\/schema\\\/logo\\\/image\\\/\",\"url\":\"https:\\\/\\\/acuariosupremus.com\\\/wp-content\\\/uploads\\\/2021\\\/12\\\/cropped-logo_acuario_supremus_fn-2.png\",\"contentUrl\":\"https:\\\/\\\/acuariosupremus.com\\\/wp-content\\\/uploads\\\/2021\\\/12\\\/cropped-logo_acuario_supremus_fn-2.png\",\"width\":1000,\"height\":318,\"caption\":\"Acuario Supremus\"},\"image\":{\"@id\":\"https:\\\/\\\/acuariosupremus.com\\\/#\\\/schema\\\/logo\\\/image\\\/\"},\"sameAs\":[\"https:\\\/\\\/www.facebook.com\\\/AcuarioSupremus\",\"https:\\\/\\\/x.com\\\/AcuarioSupremus\",\"https:\\\/\\\/www.instagram.com\\\/acuariosupremus\\\/?hl=es\"]}]}<\/script>\n<!-- \/ Yoast SEO plugin. -->","yoast_head_json":{"title":"MS - GEL CICATRIZANTE DE KIWI 70 GRS. | Acuario Supremus","description":"Gel cicatrizante de kiwi, Para perros, gatos y peque\u00f1os mam\u00edferos. Con extracto de kiwi y tepezcohuite. Cicatriza y sana las heridas.","robots":{"index":"index","follow":"follow","max-snippet":"max-snippet:-1","max-image-preview":"max-image-preview:large","max-video-preview":"max-video-preview:-1"},"canonical":"https:\/\/acuariosupremus.com\/?product=ms-gel-cicatrizante-de-kiwi-70-grs","og_locale":"es_MX","og_type":"article","og_title":"MS - GEL CICATRIZANTE DE KIWI 70 GRS. | Acuario Supremus","og_description":"Gel cicatrizante de kiwi, Para perros, gatos y peque\u00f1os mam\u00edferos. Con extracto de kiwi y tepezcohuite. Cicatriza y sana las heridas.","og_url":"https:\/\/acuariosupremus.com\/?product=ms-gel-cicatrizante-de-kiwi-70-grs","og_site_name":"Acuario Supremus","article_publisher":"https:\/\/www.facebook.com\/AcuarioSupremus","article_modified_time":"2026-02-12T20:56:23+00:00","og_image":[{"width":1000,"height":1000,"url":"https:\/\/acuariosupremus.com\/wp-content\/uploads\/2022\/09\/FL3947_E.jpg","type":"image\/jpeg"}],"twitter_card":"summary_large_image","twitter_site":"@AcuarioSupremus","twitter_misc":{"Tiempo de lectura":"1 minuto"},"schema":{"@context":"https:\/\/schema.org","@graph":[{"@type":"WebPage","@id":"https:\/\/acuariosupremus.com\/?product=ms-gel-cicatrizante-de-kiwi-70-grs","url":"https:\/\/acuariosupremus.com\/?product=ms-gel-cicatrizante-de-kiwi-70-grs","name":"MS - GEL CICATRIZANTE DE KIWI 70 GRS. | Acuario Supremus","isPartOf":{"@id":"https:\/\/acuariosupremus.com\/#website"},"primaryImageOfPage":{"@id":"https:\/\/acuariosupremus.com\/?product=ms-gel-cicatrizante-de-kiwi-70-grs#primaryimage"},"image":{"@id":"https:\/\/acuariosupremus.com\/?product=ms-gel-cicatrizante-de-kiwi-70-grs#primaryimage"},"thumbnailUrl":"https:\/\/acuariosupremus.com\/wp-content\/uploads\/2022\/09\/FL3947_E.jpg","datePublished":"2022-09-25T20:28:30+00:00","dateModified":"2026-02-12T20:56:23+00:00","description":"Gel cicatrizante de kiwi, Para perros, gatos y peque\u00f1os mam\u00edferos. Con extracto de kiwi y tepezcohuite. Cicatriza y sana las heridas.","breadcrumb":{"@id":"https:\/\/acuariosupremus.com\/?product=ms-gel-cicatrizante-de-kiwi-70-grs#breadcrumb"},"inLanguage":"es","potentialAction":[{"@type":"ReadAction","target":["https:\/\/acuariosupremus.com\/?product=ms-gel-cicatrizante-de-kiwi-70-grs"]}]},{"@type":"ImageObject","inLanguage":"es","@id":"https:\/\/acuariosupremus.com\/?product=ms-gel-cicatrizante-de-kiwi-70-grs#primaryimage","url":"https:\/\/acuariosupremus.com\/wp-content\/uploads\/2022\/09\/FL3947_E.jpg","contentUrl":"https:\/\/acuariosupremus.com\/wp-content\/uploads\/2022\/09\/FL3947_E.jpg","width":1000,"height":1000},{"@type":"BreadcrumbList","@id":"https:\/\/acuariosupremus.com\/?product=ms-gel-cicatrizante-de-kiwi-70-grs#breadcrumb","itemListElement":[{"@type":"ListItem","position":1,"name":"Portada","item":"https:\/\/acuariosupremus.com\/"},{"@type":"ListItem","position":2,"name":"Tienda","item":"https:\/\/acuariosupremus.com\/tienda\/"},{"@type":"ListItem","position":3,"name":"MS &#8211; GEL CICATRIZANTE DE KIWI 70 GRS."}]},{"@type":"WebSite","@id":"https:\/\/acuariosupremus.com\/#website","url":"https:\/\/acuariosupremus.com\/","name":"Acuario Supremus","description":"Peces, Peceras y Mascotas.","publisher":{"@id":"https:\/\/acuariosupremus.com\/#organization"},"potentialAction":[{"@type":"SearchAction","target":{"@type":"EntryPoint","urlTemplate":"https:\/\/acuariosupremus.com\/?s={search_term_string}"},"query-input":{"@type":"PropertyValueSpecification","valueRequired":true,"valueName":"search_term_string"}}],"inLanguage":"es"},{"@type":"Organization","@id":"https:\/\/acuariosupremus.com\/#organization","name":"Acuario Supremus","url":"https:\/\/acuariosupremus.com\/","logo":{"@type":"ImageObject","inLanguage":"es","@id":"https:\/\/acuariosupremus.com\/#\/schema\/logo\/image\/","url":"https:\/\/acuariosupremus.com\/wp-content\/uploads\/2021\/12\/cropped-logo_acuario_supremus_fn-2.png","contentUrl":"https:\/\/acuariosupremus.com\/wp-content\/uploads\/2021\/12\/cropped-logo_acuario_supremus_fn-2.png","width":1000,"height":318,"caption":"Acuario Supremus"},"image":{"@id":"https:\/\/acuariosupremus.com\/#\/schema\/logo\/image\/"},"sameAs":["https:\/\/www.facebook.com\/AcuarioSupremus","https:\/\/x.com\/AcuarioSupremus","https:\/\/www.instagram.com\/acuariosupremus\/?hl=es"]}]}},"jetpack_sharing_enabled":true,"_links":{"self":[{"href":"https:\/\/acuariosupremus.com\/index.php?rest_route=\/wp\/v2\/product\/10887","targetHints":{"allow":["GET"]}}],"collection":[{"href":"https:\/\/acuariosupremus.com\/index.php?rest_route=\/wp\/v2\/product"}],"about":[{"href":"https:\/\/acuariosupremus.com\/index.php?rest_route=\/wp\/v2\/types\/product"}],"wp:featuredmedia":[{"embeddable":true,"href":"https:\/\/acuariosupremus.com\/index.php?rest_route=\/wp\/v2\/media\/10889"}],"wp:attachment":[{"href":"https:\/\/acuariosupremus.com\/index.php?rest_route=%2Fwp%2Fv2%2Fmedia&parent=10887"}],"wp:term":[{"taxonomy":"product_brand","embeddable":true,"href":"https:\/\/acuariosupremus.com\/index.php?rest_route=%2Fwp%2Fv2%2Fproduct_brand&post=10887"},{"taxonomy":"product_cat","embeddable":true,"href":"https:\/\/acuariosupremus.com\/index.php?rest_route=%2Fwp%2Fv2%2Fproduct_cat&post=10887"},{"taxonomy":"product_tag","embeddable":true,"href":"https:\/\/acuariosupremus.com\/index.php?rest_route=%2Fwp%2Fv2%2Fproduct_tag&post=10887"}],"curies":[{"name":"wp","href":"https:\/\/api.w.org\/{rel}","templated":true}]}}