{"id":10898,"date":"2022-09-25T15:47:18","date_gmt":"2022-09-25T20:47:18","guid":{"rendered":"https:\/\/acuariosupremus.com\/?post_type=product&#038;p=10898"},"modified":"2026-02-01T16:28:08","modified_gmt":"2026-02-01T22:28:08","slug":"repuesto-doggie-grass-xch","status":"publish","type":"product","link":"https:\/\/acuariosupremus.com\/?product=repuesto-doggie-grass-xch","title":{"rendered":"REPUESTO DOGGIE GRASS XCH."},"content":{"rendered":"<p>Instrucciones:<br \/>\nEnse\u00f1ar al perro a usar la alfombra sanitaria es muy sencillo, es recomendable hacerlo desde que es un cachorro. En el<br \/>\nmomento preciso en el que el perro este haciendo sus necesidades en un lugar equivocado, decir un ?NO&#8221; con voz firme, de lo contrario no funcionar\u00e1, debido a que los perros act\u00faan por asociaci\u00f3n. Posterior a la llamada de atenci\u00f3n, hay que llevar al perro al tapete Doggie Grass para indicar el lugar correcto. Si el perro est\u00e1 acostumbrado a hacer sus necesidades en otro<br \/>\nlado, hay que realizar el cambio logrando que el pasto huela a la orina del perro, poniendo el papel peri\u00f3dico mojado con la<br \/>\norina debajo de la capa de pasto sint\u00e9tico. Cuando el perro vaya por si solo al Doggie Grass, se debe felicitar y ofrecer premios para reforzar el comportamiento positivo. Se requiere de constancia y paciencia para lograr los resultados deseados.<br \/>\nRecomendaciones:<br \/>\nLimpieza de Doggie Grass:<br \/>\nRetire los desechos s\u00f3lidos con papel higi\u00e9nico para desechar en el excusado o con bolsas recolectoras para depositar en la basura. Retire el pasto sint\u00e9tico y enju\u00e1guelo completamente con agua tibia y jab\u00f3n. Permita que el pasto sint\u00e9tico se seque por completo. Retire la rejilla y la bandeja. Vac\u00ede su contenido y proceda a lavarlas de la misma manera que el pasto<br \/>\nsint\u00e9tico. Para finalizar, coloque la bandeja, la rejilla y el pasto sint\u00e9tico en su lugar, de esta manera el tapete estar\u00e1 listo para usarse nuevamente.<br \/>\n*Puede rociar un eliminador de olores.<br \/>\nMedidas:<br \/>\n<strong>46 x 35.5 CM<\/strong><br \/>\nContenido:<br \/>\n1 pieza<\/p>\n","protected":false},"excerpt":{"rendered":"<p>Repuesto Doggie Grass extra chico. Es ideal para entrenar al perro en interiores.<br \/>\nCaracter\u00edsticas:<br \/>\n&#8211; Permite entrenar al cachorro f\u00e1cilmente dentro del hogar.<br \/>\n&#8211; Es la soluci\u00f3n perfecta para perros de razas toy que no puede salir frecuentemente a realizar sus deposiciones.<\/p>\n<p>Beneficios:<br \/>\n&#8211; Contiene anti-microbian<br \/>\n&#8211; F\u00e1cil de lavar<br \/>\n&#8211; No es t\u00f3xico<br \/>\n&#8211; Port\u00e1til<br \/>\n&#8211; Seguro para la mascota<\/p>\n","protected":false},"featured_media":10899,"template":"","meta":[],"product_brand":[106],"product_cat":[73,75],"product_tag":[384],"class_list":{"0":"post-10898","1":"product","2":"type-product","3":"status-publish","4":"has-post-thumbnail","6":"product_brand-fancypets","7":"product_cat-perros","8":"product_cat-entrenamiento-perros","9":"product_tag-tapete-doggie-grass","11":"first","12":"instock","13":"sale","14":"shipping-taxable","15":"purchasable","16":"product-type-simple"},"yoast_head":"<!-- This site is optimized with the Yoast SEO plugin v27.4 - https:\/\/yoast.com\/product\/yoast-seo-wordpress\/ -->\n<title>REPUESTO DOGGIE GRASS XCH. | Acuario Supremus<\/title>\n<meta name=\"description\" content=\"Permite entrenar f\u00e1cilmente dentro del hogar. Perfecto para perros de razas toy que no puede salir frecuentemente a realizar sus deposiciones.\" \/>\n<meta name=\"robots\" content=\"index, follow, max-snippet:-1, max-image-preview:large, max-video-preview:-1\" \/>\n<link rel=\"canonical\" href=\"https:\/\/acuariosupremus.com\/?product=repuesto-doggie-grass-xch\" \/>\n<meta property=\"og:locale\" content=\"es_MX\" \/>\n<meta property=\"og:type\" content=\"article\" \/>\n<meta property=\"og:title\" content=\"REPUESTO DOGGIE GRASS XCH. | Acuario Supremus\" \/>\n<meta property=\"og:description\" content=\"Permite entrenar f\u00e1cilmente dentro del hogar. Perfecto para perros de razas toy que no puede salir frecuentemente a realizar sus deposiciones.\" \/>\n<meta property=\"og:url\" content=\"https:\/\/acuariosupremus.com\/?product=repuesto-doggie-grass-xch\" \/>\n<meta property=\"og:site_name\" content=\"Acuario Supremus\" \/>\n<meta property=\"article:publisher\" content=\"https:\/\/www.facebook.com\/AcuarioSupremus\" \/>\n<meta property=\"article:modified_time\" content=\"2026-02-01T22:28:08+00:00\" \/>\n<meta property=\"og:image\" content=\"https:\/\/acuariosupremus.com\/wp-content\/uploads\/2022\/09\/FL7999.png\" \/>\n\t<meta property=\"og:image:width\" content=\"1000\" \/>\n\t<meta property=\"og:image:height\" content=\"1000\" \/>\n\t<meta property=\"og:image:type\" content=\"image\/png\" \/>\n<meta name=\"twitter:card\" content=\"summary_large_image\" \/>\n<meta name=\"twitter:site\" content=\"@AcuarioSupremus\" \/>\n<meta name=\"twitter:label1\" content=\"Tiempo de lectura\" \/>\n\t<meta name=\"twitter:data1\" content=\"2 minutos\" \/>\n<script type=\"application\/ld+json\" class=\"yoast-schema-graph\">{\"@context\":\"https:\\\/\\\/schema.org\",\"@graph\":[{\"@type\":\"WebPage\",\"@id\":\"https:\\\/\\\/acuariosupremus.com\\\/?product=repuesto-doggie-grass-xch\",\"url\":\"https:\\\/\\\/acuariosupremus.com\\\/?product=repuesto-doggie-grass-xch\",\"name\":\"REPUESTO DOGGIE GRASS XCH. | Acuario Supremus\",\"isPartOf\":{\"@id\":\"https:\\\/\\\/acuariosupremus.com\\\/#website\"},\"primaryImageOfPage\":{\"@id\":\"https:\\\/\\\/acuariosupremus.com\\\/?product=repuesto-doggie-grass-xch#primaryimage\"},\"image\":{\"@id\":\"https:\\\/\\\/acuariosupremus.com\\\/?product=repuesto-doggie-grass-xch#primaryimage\"},\"thumbnailUrl\":\"https:\\\/\\\/acuariosupremus.com\\\/wp-content\\\/uploads\\\/2022\\\/09\\\/FL7999.png\",\"datePublished\":\"2022-09-25T20:47:18+00:00\",\"dateModified\":\"2026-02-01T22:28:08+00:00\",\"description\":\"Permite entrenar f\u00e1cilmente dentro del hogar. Perfecto para perros de razas toy que no puede salir frecuentemente a realizar sus deposiciones.\",\"breadcrumb\":{\"@id\":\"https:\\\/\\\/acuariosupremus.com\\\/?product=repuesto-doggie-grass-xch#breadcrumb\"},\"inLanguage\":\"es\",\"potentialAction\":[{\"@type\":\"ReadAction\",\"target\":[\"https:\\\/\\\/acuariosupremus.com\\\/?product=repuesto-doggie-grass-xch\"]}]},{\"@type\":\"ImageObject\",\"inLanguage\":\"es\",\"@id\":\"https:\\\/\\\/acuariosupremus.com\\\/?product=repuesto-doggie-grass-xch#primaryimage\",\"url\":\"https:\\\/\\\/acuariosupremus.com\\\/wp-content\\\/uploads\\\/2022\\\/09\\\/FL7999.png\",\"contentUrl\":\"https:\\\/\\\/acuariosupremus.com\\\/wp-content\\\/uploads\\\/2022\\\/09\\\/FL7999.png\",\"width\":1000,\"height\":1000},{\"@type\":\"BreadcrumbList\",\"@id\":\"https:\\\/\\\/acuariosupremus.com\\\/?product=repuesto-doggie-grass-xch#breadcrumb\",\"itemListElement\":[{\"@type\":\"ListItem\",\"position\":1,\"name\":\"Portada\",\"item\":\"https:\\\/\\\/acuariosupremus.com\\\/\"},{\"@type\":\"ListItem\",\"position\":2,\"name\":\"Tienda\",\"item\":\"https:\\\/\\\/acuariosupremus.com\\\/tienda\\\/\"},{\"@type\":\"ListItem\",\"position\":3,\"name\":\"REPUESTO DOGGIE GRASS XCH.\"}]},{\"@type\":\"WebSite\",\"@id\":\"https:\\\/\\\/acuariosupremus.com\\\/#website\",\"url\":\"https:\\\/\\\/acuariosupremus.com\\\/\",\"name\":\"Acuario Supremus\",\"description\":\"Peces, Peceras y Mascotas.\",\"publisher\":{\"@id\":\"https:\\\/\\\/acuariosupremus.com\\\/#organization\"},\"potentialAction\":[{\"@type\":\"SearchAction\",\"target\":{\"@type\":\"EntryPoint\",\"urlTemplate\":\"https:\\\/\\\/acuariosupremus.com\\\/?s={search_term_string}\"},\"query-input\":{\"@type\":\"PropertyValueSpecification\",\"valueRequired\":true,\"valueName\":\"search_term_string\"}}],\"inLanguage\":\"es\"},{\"@type\":\"Organization\",\"@id\":\"https:\\\/\\\/acuariosupremus.com\\\/#organization\",\"name\":\"Acuario Supremus\",\"url\":\"https:\\\/\\\/acuariosupremus.com\\\/\",\"logo\":{\"@type\":\"ImageObject\",\"inLanguage\":\"es\",\"@id\":\"https:\\\/\\\/acuariosupremus.com\\\/#\\\/schema\\\/logo\\\/image\\\/\",\"url\":\"https:\\\/\\\/acuariosupremus.com\\\/wp-content\\\/uploads\\\/2021\\\/12\\\/cropped-logo_acuario_supremus_fn-2.png\",\"contentUrl\":\"https:\\\/\\\/acuariosupremus.com\\\/wp-content\\\/uploads\\\/2021\\\/12\\\/cropped-logo_acuario_supremus_fn-2.png\",\"width\":1000,\"height\":318,\"caption\":\"Acuario Supremus\"},\"image\":{\"@id\":\"https:\\\/\\\/acuariosupremus.com\\\/#\\\/schema\\\/logo\\\/image\\\/\"},\"sameAs\":[\"https:\\\/\\\/www.facebook.com\\\/AcuarioSupremus\",\"https:\\\/\\\/x.com\\\/AcuarioSupremus\",\"https:\\\/\\\/www.instagram.com\\\/acuariosupremus\\\/?hl=es\"]}]}<\/script>\n<!-- \/ Yoast SEO plugin. -->","yoast_head_json":{"title":"REPUESTO DOGGIE GRASS XCH. | Acuario Supremus","description":"Permite entrenar f\u00e1cilmente dentro del hogar. Perfecto para perros de razas toy que no puede salir frecuentemente a realizar sus deposiciones.","robots":{"index":"index","follow":"follow","max-snippet":"max-snippet:-1","max-image-preview":"max-image-preview:large","max-video-preview":"max-video-preview:-1"},"canonical":"https:\/\/acuariosupremus.com\/?product=repuesto-doggie-grass-xch","og_locale":"es_MX","og_type":"article","og_title":"REPUESTO DOGGIE GRASS XCH. | Acuario Supremus","og_description":"Permite entrenar f\u00e1cilmente dentro del hogar. Perfecto para perros de razas toy que no puede salir frecuentemente a realizar sus deposiciones.","og_url":"https:\/\/acuariosupremus.com\/?product=repuesto-doggie-grass-xch","og_site_name":"Acuario Supremus","article_publisher":"https:\/\/www.facebook.com\/AcuarioSupremus","article_modified_time":"2026-02-01T22:28:08+00:00","og_image":[{"width":1000,"height":1000,"url":"https:\/\/acuariosupremus.com\/wp-content\/uploads\/2022\/09\/FL7999.png","type":"image\/png"}],"twitter_card":"summary_large_image","twitter_site":"@AcuarioSupremus","twitter_misc":{"Tiempo de lectura":"2 minutos"},"schema":{"@context":"https:\/\/schema.org","@graph":[{"@type":"WebPage","@id":"https:\/\/acuariosupremus.com\/?product=repuesto-doggie-grass-xch","url":"https:\/\/acuariosupremus.com\/?product=repuesto-doggie-grass-xch","name":"REPUESTO DOGGIE GRASS XCH. | Acuario Supremus","isPartOf":{"@id":"https:\/\/acuariosupremus.com\/#website"},"primaryImageOfPage":{"@id":"https:\/\/acuariosupremus.com\/?product=repuesto-doggie-grass-xch#primaryimage"},"image":{"@id":"https:\/\/acuariosupremus.com\/?product=repuesto-doggie-grass-xch#primaryimage"},"thumbnailUrl":"https:\/\/acuariosupremus.com\/wp-content\/uploads\/2022\/09\/FL7999.png","datePublished":"2022-09-25T20:47:18+00:00","dateModified":"2026-02-01T22:28:08+00:00","description":"Permite entrenar f\u00e1cilmente dentro del hogar. Perfecto para perros de razas toy que no puede salir frecuentemente a realizar sus deposiciones.","breadcrumb":{"@id":"https:\/\/acuariosupremus.com\/?product=repuesto-doggie-grass-xch#breadcrumb"},"inLanguage":"es","potentialAction":[{"@type":"ReadAction","target":["https:\/\/acuariosupremus.com\/?product=repuesto-doggie-grass-xch"]}]},{"@type":"ImageObject","inLanguage":"es","@id":"https:\/\/acuariosupremus.com\/?product=repuesto-doggie-grass-xch#primaryimage","url":"https:\/\/acuariosupremus.com\/wp-content\/uploads\/2022\/09\/FL7999.png","contentUrl":"https:\/\/acuariosupremus.com\/wp-content\/uploads\/2022\/09\/FL7999.png","width":1000,"height":1000},{"@type":"BreadcrumbList","@id":"https:\/\/acuariosupremus.com\/?product=repuesto-doggie-grass-xch#breadcrumb","itemListElement":[{"@type":"ListItem","position":1,"name":"Portada","item":"https:\/\/acuariosupremus.com\/"},{"@type":"ListItem","position":2,"name":"Tienda","item":"https:\/\/acuariosupremus.com\/tienda\/"},{"@type":"ListItem","position":3,"name":"REPUESTO DOGGIE GRASS XCH."}]},{"@type":"WebSite","@id":"https:\/\/acuariosupremus.com\/#website","url":"https:\/\/acuariosupremus.com\/","name":"Acuario Supremus","description":"Peces, Peceras y Mascotas.","publisher":{"@id":"https:\/\/acuariosupremus.com\/#organization"},"potentialAction":[{"@type":"SearchAction","target":{"@type":"EntryPoint","urlTemplate":"https:\/\/acuariosupremus.com\/?s={search_term_string}"},"query-input":{"@type":"PropertyValueSpecification","valueRequired":true,"valueName":"search_term_string"}}],"inLanguage":"es"},{"@type":"Organization","@id":"https:\/\/acuariosupremus.com\/#organization","name":"Acuario Supremus","url":"https:\/\/acuariosupremus.com\/","logo":{"@type":"ImageObject","inLanguage":"es","@id":"https:\/\/acuariosupremus.com\/#\/schema\/logo\/image\/","url":"https:\/\/acuariosupremus.com\/wp-content\/uploads\/2021\/12\/cropped-logo_acuario_supremus_fn-2.png","contentUrl":"https:\/\/acuariosupremus.com\/wp-content\/uploads\/2021\/12\/cropped-logo_acuario_supremus_fn-2.png","width":1000,"height":318,"caption":"Acuario Supremus"},"image":{"@id":"https:\/\/acuariosupremus.com\/#\/schema\/logo\/image\/"},"sameAs":["https:\/\/www.facebook.com\/AcuarioSupremus","https:\/\/x.com\/AcuarioSupremus","https:\/\/www.instagram.com\/acuariosupremus\/?hl=es"]}]}},"jetpack_sharing_enabled":true,"_links":{"self":[{"href":"https:\/\/acuariosupremus.com\/index.php?rest_route=\/wp\/v2\/product\/10898","targetHints":{"allow":["GET"]}}],"collection":[{"href":"https:\/\/acuariosupremus.com\/index.php?rest_route=\/wp\/v2\/product"}],"about":[{"href":"https:\/\/acuariosupremus.com\/index.php?rest_route=\/wp\/v2\/types\/product"}],"wp:featuredmedia":[{"embeddable":true,"href":"https:\/\/acuariosupremus.com\/index.php?rest_route=\/wp\/v2\/media\/10899"}],"wp:attachment":[{"href":"https:\/\/acuariosupremus.com\/index.php?rest_route=%2Fwp%2Fv2%2Fmedia&parent=10898"}],"wp:term":[{"taxonomy":"product_brand","embeddable":true,"href":"https:\/\/acuariosupremus.com\/index.php?rest_route=%2Fwp%2Fv2%2Fproduct_brand&post=10898"},{"taxonomy":"product_cat","embeddable":true,"href":"https:\/\/acuariosupremus.com\/index.php?rest_route=%2Fwp%2Fv2%2Fproduct_cat&post=10898"},{"taxonomy":"product_tag","embeddable":true,"href":"https:\/\/acuariosupremus.com\/index.php?rest_route=%2Fwp%2Fv2%2Fproduct_tag&post=10898"}],"curies":[{"name":"wp","href":"https:\/\/api.w.org\/{rel}","templated":true}]}}