{"id":10918,"date":"2022-10-04T14:46:04","date_gmt":"2022-10-04T19:46:04","guid":{"rendered":"https:\/\/acuariosupremus.com\/?post_type=product&#038;p=10918"},"modified":"2025-12-24T16:50:14","modified_gmt":"2025-12-24T22:50:14","slug":"betta-pro-delicias-de-camaron-para-bettas-48g","status":"publish","type":"product","link":"https:\/\/acuariosupremus.com\/?product=betta-pro-delicias-de-camaron-para-bettas-48g","title":{"rendered":"Betta Pro Delicias de camar\u00f3n para bettas 48g."},"content":{"rendered":"<p>INGREDIENTES: Camarones espada, calamar, pasta de camarones akiami, espinacas org\u00e1nicas, ajo, espirulina australiana, algas noruegas, ma\u00edz, soya, levadura, sustancias minerales, polisac\u00e1ridos de Ganoderma vitaminas (A, D3, C, E, B1, B2, B6 y B12), \u03b2-caroteno, \u00e1cido f\u00f3lico, \u00e1cido nicot\u00ednico, \u00e1cido pantot\u00e9nico y EAA (metionina, lisina)<\/p>\n<p>Su f\u00f3rmula refuerza su sistema inmunitario a trav\u00e9s de componentes espec\u00edficos tales como polisac\u00e1ridos de Ganoderma, ajo fresco, Spirulina australiana, vitamina A, D3, C, E, B1, B2, B6, y B12), \u03b2-caroteno, minerales naturales, y elementos traza. Lo complementamos con probi\u00f3ticos de cepas m\u00faltiples de UF que facilitan la descomposici\u00f3n de las excretas y de los residuos para mantener el agua limpia. Esta f\u00f3rmula adem\u00e1s facilita una coloraci\u00f3n natural y profusa, con unas altas tasas de crecimiento. Este delicioso preparado se elabora mediante un amasado constante de los frescos, durante un proceso de 10 horas de cocci\u00f3n a baja temperatura.<br \/>\nCARACTER\u00cdSTICAS PRINCIPALES:<br \/>\n1. Hasta un 50% de camarones espada frescos m\u00e1s pasta de camarones akiami, que ofrecen una palatabilidad incre\u00edble y un alto incremento de la tasa de calcio.<br \/>\n2. Est\u00e1 especialmente dise\u00f1ado para peces de pelea o peces betta de competencia, los cuales desarrollan un cuerpo fuerte y sano, con colores v\u00edvidos y naturales.<br \/>\n3. Los probi\u00f3ticos de cepas m\u00faltiples de Ultra Fresh facilitan la auto descomposici\u00f3n de las excretas y de los residuos de alimento para mantener el agua limpia.<br \/>\n4. Se agregan polisac\u00e1ridos de Ganoderma, ajo y vitamina B para reforzar el sistema inmunol\u00f3gico.<\/p>\n<p>Clave: UF86103\u00a0 Volumen\/Peso Neto: 120\/48 (ml. \/grs.) Peso total: 70 (Kg.) Tama\u00f1o: 43 x 43 x 105 mm (l x a x h)<\/p>\n","protected":false},"excerpt":{"rendered":"<p>Alimento super premium en formato p\u00e9let flotante de 1.5 mm de tama\u00f1o especialmente dise\u00f1ado para para peces luchadores o peces betta de competencia, los cuales desarrollan un cuerpo fuerte y sano, con colores v\u00edvidos y naturales. Su f\u00f3rmula avanzada mantiene una relaci\u00f3n entre prote\u00edna de origen animal y vegetal de 8:2, incluyendo hasta un 40% de camarones espada frescos m\u00e1s un 10% de pasta de camarones Akiami (un 50% en total), que son naturalmente ricos en calcio y aportan un gran valor nutricional y palatabilidad.<\/p>\n","protected":false},"featured_media":10919,"template":"","meta":[],"product_brand":[121],"product_cat":[40,43],"product_tag":[160,150,172],"class_list":{"0":"post-10918","1":"product","2":"type-product","3":"status-publish","4":"has-post-thumbnail","6":"product_brand-ultrafresh","7":"product_cat-peces","8":"product_cat-alimentos","9":"product_tag-alimento-betta","10":"product_tag-alimento-premium","11":"product_tag-bettas","13":"first","14":"instock","15":"sale","16":"shipping-taxable","17":"purchasable","18":"product-type-simple"},"yoast_head":"<!-- This site is optimized with the Yoast SEO plugin v27.4 - https:\/\/yoast.com\/product\/yoast-seo-wordpress\/ -->\n<title>Betta Pro Delicias de camar\u00f3n para bettas 48g. | Acuario Supremus<\/title>\n<meta name=\"description\" content=\"Alimento super premium 48 g, en formato p\u00e9let flotante de 1.5 mm de tama\u00f1o especialmente dise\u00f1ado para para peces luchadores o peces betta.\" \/>\n<meta name=\"robots\" content=\"index, follow, max-snippet:-1, max-image-preview:large, max-video-preview:-1\" \/>\n<link rel=\"canonical\" href=\"https:\/\/acuariosupremus.com\/?product=betta-pro-delicias-de-camaron-para-bettas-48g\" \/>\n<meta property=\"og:locale\" content=\"es_MX\" \/>\n<meta property=\"og:type\" content=\"article\" \/>\n<meta property=\"og:title\" content=\"Betta Pro Delicias de camar\u00f3n para bettas 48g. | Acuario Supremus\" \/>\n<meta property=\"og:description\" content=\"Alimento super premium 48 g, en formato p\u00e9let flotante de 1.5 mm de tama\u00f1o especialmente dise\u00f1ado para para peces luchadores o peces betta.\" \/>\n<meta property=\"og:url\" content=\"https:\/\/acuariosupremus.com\/?product=betta-pro-delicias-de-camaron-para-bettas-48g\" \/>\n<meta property=\"og:site_name\" content=\"Acuario Supremus\" \/>\n<meta property=\"article:publisher\" content=\"https:\/\/www.facebook.com\/AcuarioSupremus\" \/>\n<meta property=\"article:modified_time\" content=\"2025-12-24T22:50:14+00:00\" \/>\n<meta property=\"og:image\" content=\"https:\/\/acuariosupremus.com\/wp-content\/uploads\/2022\/10\/ultra_fresh_delicias_de_camaron_betta_pro_01.jpg\" \/>\n\t<meta property=\"og:image:width\" content=\"1000\" \/>\n\t<meta property=\"og:image:height\" content=\"1000\" \/>\n\t<meta property=\"og:image:type\" content=\"image\/jpeg\" \/>\n<meta name=\"twitter:card\" content=\"summary_large_image\" \/>\n<meta name=\"twitter:site\" content=\"@AcuarioSupremus\" \/>\n<meta name=\"twitter:label1\" content=\"Tiempo de lectura\" \/>\n\t<meta name=\"twitter:data1\" content=\"2 minutos\" \/>\n<script type=\"application\/ld+json\" class=\"yoast-schema-graph\">{\"@context\":\"https:\\\/\\\/schema.org\",\"@graph\":[{\"@type\":\"WebPage\",\"@id\":\"https:\\\/\\\/acuariosupremus.com\\\/?product=betta-pro-delicias-de-camaron-para-bettas-48g\",\"url\":\"https:\\\/\\\/acuariosupremus.com\\\/?product=betta-pro-delicias-de-camaron-para-bettas-48g\",\"name\":\"Betta Pro Delicias de camar\u00f3n para bettas 48g. | Acuario Supremus\",\"isPartOf\":{\"@id\":\"https:\\\/\\\/acuariosupremus.com\\\/#website\"},\"primaryImageOfPage\":{\"@id\":\"https:\\\/\\\/acuariosupremus.com\\\/?product=betta-pro-delicias-de-camaron-para-bettas-48g#primaryimage\"},\"image\":{\"@id\":\"https:\\\/\\\/acuariosupremus.com\\\/?product=betta-pro-delicias-de-camaron-para-bettas-48g#primaryimage\"},\"thumbnailUrl\":\"https:\\\/\\\/acuariosupremus.com\\\/wp-content\\\/uploads\\\/2022\\\/10\\\/ultra_fresh_delicias_de_camaron_betta_pro_01.jpg\",\"datePublished\":\"2022-10-04T19:46:04+00:00\",\"dateModified\":\"2025-12-24T22:50:14+00:00\",\"description\":\"Alimento super premium 48 g, en formato p\u00e9let flotante de 1.5 mm de tama\u00f1o especialmente dise\u00f1ado para para peces luchadores o peces betta.\",\"breadcrumb\":{\"@id\":\"https:\\\/\\\/acuariosupremus.com\\\/?product=betta-pro-delicias-de-camaron-para-bettas-48g#breadcrumb\"},\"inLanguage\":\"es\",\"potentialAction\":[{\"@type\":\"ReadAction\",\"target\":[\"https:\\\/\\\/acuariosupremus.com\\\/?product=betta-pro-delicias-de-camaron-para-bettas-48g\"]}]},{\"@type\":\"ImageObject\",\"inLanguage\":\"es\",\"@id\":\"https:\\\/\\\/acuariosupremus.com\\\/?product=betta-pro-delicias-de-camaron-para-bettas-48g#primaryimage\",\"url\":\"https:\\\/\\\/acuariosupremus.com\\\/wp-content\\\/uploads\\\/2022\\\/10\\\/ultra_fresh_delicias_de_camaron_betta_pro_01.jpg\",\"contentUrl\":\"https:\\\/\\\/acuariosupremus.com\\\/wp-content\\\/uploads\\\/2022\\\/10\\\/ultra_fresh_delicias_de_camaron_betta_pro_01.jpg\",\"width\":1000,\"height\":1000},{\"@type\":\"BreadcrumbList\",\"@id\":\"https:\\\/\\\/acuariosupremus.com\\\/?product=betta-pro-delicias-de-camaron-para-bettas-48g#breadcrumb\",\"itemListElement\":[{\"@type\":\"ListItem\",\"position\":1,\"name\":\"Portada\",\"item\":\"https:\\\/\\\/acuariosupremus.com\\\/\"},{\"@type\":\"ListItem\",\"position\":2,\"name\":\"Tienda\",\"item\":\"https:\\\/\\\/acuariosupremus.com\\\/tienda\\\/\"},{\"@type\":\"ListItem\",\"position\":3,\"name\":\"Betta Pro Delicias de camar\u00f3n para bettas 48g.\"}]},{\"@type\":\"WebSite\",\"@id\":\"https:\\\/\\\/acuariosupremus.com\\\/#website\",\"url\":\"https:\\\/\\\/acuariosupremus.com\\\/\",\"name\":\"Acuario Supremus\",\"description\":\"Peces, Peceras y Mascotas.\",\"publisher\":{\"@id\":\"https:\\\/\\\/acuariosupremus.com\\\/#organization\"},\"potentialAction\":[{\"@type\":\"SearchAction\",\"target\":{\"@type\":\"EntryPoint\",\"urlTemplate\":\"https:\\\/\\\/acuariosupremus.com\\\/?s={search_term_string}\"},\"query-input\":{\"@type\":\"PropertyValueSpecification\",\"valueRequired\":true,\"valueName\":\"search_term_string\"}}],\"inLanguage\":\"es\"},{\"@type\":\"Organization\",\"@id\":\"https:\\\/\\\/acuariosupremus.com\\\/#organization\",\"name\":\"Acuario Supremus\",\"url\":\"https:\\\/\\\/acuariosupremus.com\\\/\",\"logo\":{\"@type\":\"ImageObject\",\"inLanguage\":\"es\",\"@id\":\"https:\\\/\\\/acuariosupremus.com\\\/#\\\/schema\\\/logo\\\/image\\\/\",\"url\":\"https:\\\/\\\/acuariosupremus.com\\\/wp-content\\\/uploads\\\/2021\\\/12\\\/cropped-logo_acuario_supremus_fn-2.png\",\"contentUrl\":\"https:\\\/\\\/acuariosupremus.com\\\/wp-content\\\/uploads\\\/2021\\\/12\\\/cropped-logo_acuario_supremus_fn-2.png\",\"width\":1000,\"height\":318,\"caption\":\"Acuario Supremus\"},\"image\":{\"@id\":\"https:\\\/\\\/acuariosupremus.com\\\/#\\\/schema\\\/logo\\\/image\\\/\"},\"sameAs\":[\"https:\\\/\\\/www.facebook.com\\\/AcuarioSupremus\",\"https:\\\/\\\/x.com\\\/AcuarioSupremus\",\"https:\\\/\\\/www.instagram.com\\\/acuariosupremus\\\/?hl=es\"]}]}<\/script>\n<!-- \/ Yoast SEO plugin. -->","yoast_head_json":{"title":"Betta Pro Delicias de camar\u00f3n para bettas 48g. | Acuario Supremus","description":"Alimento super premium 48 g, en formato p\u00e9let flotante de 1.5 mm de tama\u00f1o especialmente dise\u00f1ado para para peces luchadores o peces betta.","robots":{"index":"index","follow":"follow","max-snippet":"max-snippet:-1","max-image-preview":"max-image-preview:large","max-video-preview":"max-video-preview:-1"},"canonical":"https:\/\/acuariosupremus.com\/?product=betta-pro-delicias-de-camaron-para-bettas-48g","og_locale":"es_MX","og_type":"article","og_title":"Betta Pro Delicias de camar\u00f3n para bettas 48g. | Acuario Supremus","og_description":"Alimento super premium 48 g, en formato p\u00e9let flotante de 1.5 mm de tama\u00f1o especialmente dise\u00f1ado para para peces luchadores o peces betta.","og_url":"https:\/\/acuariosupremus.com\/?product=betta-pro-delicias-de-camaron-para-bettas-48g","og_site_name":"Acuario Supremus","article_publisher":"https:\/\/www.facebook.com\/AcuarioSupremus","article_modified_time":"2025-12-24T22:50:14+00:00","og_image":[{"width":1000,"height":1000,"url":"https:\/\/acuariosupremus.com\/wp-content\/uploads\/2022\/10\/ultra_fresh_delicias_de_camaron_betta_pro_01.jpg","type":"image\/jpeg"}],"twitter_card":"summary_large_image","twitter_site":"@AcuarioSupremus","twitter_misc":{"Tiempo de lectura":"2 minutos"},"schema":{"@context":"https:\/\/schema.org","@graph":[{"@type":"WebPage","@id":"https:\/\/acuariosupremus.com\/?product=betta-pro-delicias-de-camaron-para-bettas-48g","url":"https:\/\/acuariosupremus.com\/?product=betta-pro-delicias-de-camaron-para-bettas-48g","name":"Betta Pro Delicias de camar\u00f3n para bettas 48g. | Acuario Supremus","isPartOf":{"@id":"https:\/\/acuariosupremus.com\/#website"},"primaryImageOfPage":{"@id":"https:\/\/acuariosupremus.com\/?product=betta-pro-delicias-de-camaron-para-bettas-48g#primaryimage"},"image":{"@id":"https:\/\/acuariosupremus.com\/?product=betta-pro-delicias-de-camaron-para-bettas-48g#primaryimage"},"thumbnailUrl":"https:\/\/acuariosupremus.com\/wp-content\/uploads\/2022\/10\/ultra_fresh_delicias_de_camaron_betta_pro_01.jpg","datePublished":"2022-10-04T19:46:04+00:00","dateModified":"2025-12-24T22:50:14+00:00","description":"Alimento super premium 48 g, en formato p\u00e9let flotante de 1.5 mm de tama\u00f1o especialmente dise\u00f1ado para para peces luchadores o peces betta.","breadcrumb":{"@id":"https:\/\/acuariosupremus.com\/?product=betta-pro-delicias-de-camaron-para-bettas-48g#breadcrumb"},"inLanguage":"es","potentialAction":[{"@type":"ReadAction","target":["https:\/\/acuariosupremus.com\/?product=betta-pro-delicias-de-camaron-para-bettas-48g"]}]},{"@type":"ImageObject","inLanguage":"es","@id":"https:\/\/acuariosupremus.com\/?product=betta-pro-delicias-de-camaron-para-bettas-48g#primaryimage","url":"https:\/\/acuariosupremus.com\/wp-content\/uploads\/2022\/10\/ultra_fresh_delicias_de_camaron_betta_pro_01.jpg","contentUrl":"https:\/\/acuariosupremus.com\/wp-content\/uploads\/2022\/10\/ultra_fresh_delicias_de_camaron_betta_pro_01.jpg","width":1000,"height":1000},{"@type":"BreadcrumbList","@id":"https:\/\/acuariosupremus.com\/?product=betta-pro-delicias-de-camaron-para-bettas-48g#breadcrumb","itemListElement":[{"@type":"ListItem","position":1,"name":"Portada","item":"https:\/\/acuariosupremus.com\/"},{"@type":"ListItem","position":2,"name":"Tienda","item":"https:\/\/acuariosupremus.com\/tienda\/"},{"@type":"ListItem","position":3,"name":"Betta Pro Delicias de camar\u00f3n para bettas 48g."}]},{"@type":"WebSite","@id":"https:\/\/acuariosupremus.com\/#website","url":"https:\/\/acuariosupremus.com\/","name":"Acuario Supremus","description":"Peces, Peceras y Mascotas.","publisher":{"@id":"https:\/\/acuariosupremus.com\/#organization"},"potentialAction":[{"@type":"SearchAction","target":{"@type":"EntryPoint","urlTemplate":"https:\/\/acuariosupremus.com\/?s={search_term_string}"},"query-input":{"@type":"PropertyValueSpecification","valueRequired":true,"valueName":"search_term_string"}}],"inLanguage":"es"},{"@type":"Organization","@id":"https:\/\/acuariosupremus.com\/#organization","name":"Acuario Supremus","url":"https:\/\/acuariosupremus.com\/","logo":{"@type":"ImageObject","inLanguage":"es","@id":"https:\/\/acuariosupremus.com\/#\/schema\/logo\/image\/","url":"https:\/\/acuariosupremus.com\/wp-content\/uploads\/2021\/12\/cropped-logo_acuario_supremus_fn-2.png","contentUrl":"https:\/\/acuariosupremus.com\/wp-content\/uploads\/2021\/12\/cropped-logo_acuario_supremus_fn-2.png","width":1000,"height":318,"caption":"Acuario Supremus"},"image":{"@id":"https:\/\/acuariosupremus.com\/#\/schema\/logo\/image\/"},"sameAs":["https:\/\/www.facebook.com\/AcuarioSupremus","https:\/\/x.com\/AcuarioSupremus","https:\/\/www.instagram.com\/acuariosupremus\/?hl=es"]}]}},"jetpack_sharing_enabled":true,"_links":{"self":[{"href":"https:\/\/acuariosupremus.com\/index.php?rest_route=\/wp\/v2\/product\/10918","targetHints":{"allow":["GET"]}}],"collection":[{"href":"https:\/\/acuariosupremus.com\/index.php?rest_route=\/wp\/v2\/product"}],"about":[{"href":"https:\/\/acuariosupremus.com\/index.php?rest_route=\/wp\/v2\/types\/product"}],"wp:featuredmedia":[{"embeddable":true,"href":"https:\/\/acuariosupremus.com\/index.php?rest_route=\/wp\/v2\/media\/10919"}],"wp:attachment":[{"href":"https:\/\/acuariosupremus.com\/index.php?rest_route=%2Fwp%2Fv2%2Fmedia&parent=10918"}],"wp:term":[{"taxonomy":"product_brand","embeddable":true,"href":"https:\/\/acuariosupremus.com\/index.php?rest_route=%2Fwp%2Fv2%2Fproduct_brand&post=10918"},{"taxonomy":"product_cat","embeddable":true,"href":"https:\/\/acuariosupremus.com\/index.php?rest_route=%2Fwp%2Fv2%2Fproduct_cat&post=10918"},{"taxonomy":"product_tag","embeddable":true,"href":"https:\/\/acuariosupremus.com\/index.php?rest_route=%2Fwp%2Fv2%2Fproduct_tag&post=10918"}],"curies":[{"name":"wp","href":"https:\/\/api.w.org\/{rel}","templated":true}]}}