{"id":1093,"date":"2022-01-27T19:07:40","date_gmt":"2022-01-28T01:07:40","guid":{"rendered":"https:\/\/acuariosupremus.com\/?post_type=product&#038;p=1093"},"modified":"2025-04-15T14:53:55","modified_gmt":"2025-04-15T20:53:55","slug":"hojuelas-premium-lomas-20-g","status":"publish","type":"product","link":"https:\/\/acuariosupremus.com\/?product=hojuelas-premium-lomas-20-g","title":{"rendered":"HOJUELAS PREMIUM LOMAS 20 G"},"content":{"rendered":"<p>An\u00e1lisis garantizado:<br \/>\nProte\u00edna cruda Min. 44%<br \/>\nGrasa cruda Min. 10%<br \/>\nFibra cruda Max. 2 %<br \/>\nHumedad Max. 6 %<br \/>\nF\u00f3sforo Min. 1.1%<br \/>\nVitamina C Min. 360 mg\/Kg<\/p>\n<p>Instrucciones:<br \/>\nAlimente dos o tres veces al d\u00eda, proporcione solo la cantidad necesaria que sus peces puedan consumir en algunos minutos.<\/p>\n<p>Ingredientes:<br \/>\nHarina de pescado, Arroz integral molido, levadura en polvo, harina de avena de forraje, harina de camarones, gluten de trigo, prote\u00edna de patata, aceite de pescado, harina de habas de soja sin vaina, harina de trigo, aceite de habas de<br \/>\nsoya, harina de algas, lecitina, sorbitol, f\u00f3sfato de calcio monob\u00e1sico, extracto de levadura, \u00e1cido asc\u00f3rbico (fuete de vitamina C), inositol, niacina (\u00e1cido nicot\u00ednico), L-ascorbilo-2 polifosfato (vitamina C estabilizada), D-pantotenato<br \/>\nc\u00e1lcico, a-tocoferol-acetato (fuente de vitamina E), rivoflavina-5-fosfato (fuente de vitamina B2, tiamina monohidrato (fuente de vitamina B1), piridoxinhidrocloruro (fuente de vitamina B6, vitamina A palmitato (fuente de<br \/>\nvitamina A, complejo de menadiona bisulfito s\u00f3dico (fuente de vitamina K), biotina, cianocobalamina (fuente de vitamina B12), colecalciferol (fuente de vitamina D3), sulfato de manganese, sulfato de zinc, sulfato ferroso, Agentes<br \/>\ncolorantes: beta-carotina (E160a), bixina (E160b), azul n\u00b0 2 pigmento (E132), oleorresina (capsantina y capsorrubina), rojo n\u00b0 3 tinte (E127), amarillo n\u00b05 pigmento (E102). Etoxiquina como conservante.<\/p>\n<p>Contenido:<br \/>\n<strong>20 gramos<\/strong><\/p>\n","protected":false},"excerpt":{"rendered":"<p>Hojuelas b\u00e1sicas para peces tropicales Lomas by Tetra, envase con 20 gramos.<\/p>\n","protected":false},"featured_media":1094,"template":"","meta":[],"product_brand":[105],"product_cat":[40,43],"product_tag":[167,142,148],"class_list":{"0":"post-1093","1":"product","2":"type-product","3":"status-publish","4":"has-post-thumbnail","6":"product_brand-lomas","7":"product_cat-peces","8":"product_cat-alimentos","9":"product_tag-alimento-basico","10":"product_tag-alimento-lomas","11":"product_tag-alimento-peces-tropicales","13":"first","14":"instock","15":"sale","16":"shipping-taxable","17":"purchasable","18":"product-type-simple"},"yoast_head":"<!-- This site is optimized with the Yoast SEO plugin v27.4 - https:\/\/yoast.com\/product\/yoast-seo-wordpress\/ -->\n<title>HOJUELAS PREMIUM LOMAS 20 G | Acuario Supremus<\/title>\n<meta name=\"description\" content=\"Hojuelas premium b\u00e1sicas econ\u00f3mica para peces tropicales Lomas formula b\u00e1sica de Tetra, envase con 20 gramos.\" \/>\n<meta name=\"robots\" content=\"index, follow, max-snippet:-1, max-image-preview:large, max-video-preview:-1\" \/>\n<link rel=\"canonical\" href=\"https:\/\/acuariosupremus.com\/producto\/hojuelas-premium-lomas-20-g\/\" \/>\n<meta property=\"og:locale\" content=\"es_MX\" \/>\n<meta property=\"og:type\" content=\"article\" \/>\n<meta property=\"og:title\" content=\"HOJUELAS PREMIUM LOMAS 20 G | Acuario Supremus\" \/>\n<meta property=\"og:description\" content=\"Hojuelas premium b\u00e1sicas econ\u00f3mica para peces tropicales Lomas formula b\u00e1sica de Tetra, envase con 20 gramos.\" \/>\n<meta property=\"og:url\" content=\"https:\/\/acuariosupremus.com\/producto\/hojuelas-premium-lomas-20-g\/\" \/>\n<meta property=\"og:site_name\" content=\"Acuario Supremus\" \/>\n<meta property=\"article:publisher\" content=\"https:\/\/www.facebook.com\/AcuarioSupremus\" \/>\n<meta property=\"article:modified_time\" content=\"2025-04-15T20:53:55+00:00\" \/>\n<meta property=\"og:image\" content=\"https:\/\/acuariosupremus.com\/wp-content\/uploads\/2022\/01\/TE012.jpg\" \/>\n\t<meta property=\"og:image:width\" content=\"1000\" \/>\n\t<meta property=\"og:image:height\" content=\"1000\" \/>\n\t<meta property=\"og:image:type\" content=\"image\/jpeg\" \/>\n<meta name=\"twitter:card\" content=\"summary_large_image\" \/>\n<meta name=\"twitter:site\" content=\"@AcuarioSupremus\" \/>\n<meta name=\"twitter:label1\" content=\"Tiempo de lectura\" \/>\n\t<meta name=\"twitter:data1\" content=\"1 minuto\" \/>\n<script type=\"application\/ld+json\" class=\"yoast-schema-graph\">{\"@context\":\"https:\\\/\\\/schema.org\",\"@graph\":[{\"@type\":\"WebPage\",\"@id\":\"https:\\\/\\\/acuariosupremus.com\\\/producto\\\/hojuelas-premium-lomas-20-g\\\/\",\"url\":\"https:\\\/\\\/acuariosupremus.com\\\/producto\\\/hojuelas-premium-lomas-20-g\\\/\",\"name\":\"HOJUELAS PREMIUM LOMAS 20 G | Acuario Supremus\",\"isPartOf\":{\"@id\":\"https:\\\/\\\/acuariosupremus.com\\\/#website\"},\"primaryImageOfPage\":{\"@id\":\"https:\\\/\\\/acuariosupremus.com\\\/producto\\\/hojuelas-premium-lomas-20-g\\\/#primaryimage\"},\"image\":{\"@id\":\"https:\\\/\\\/acuariosupremus.com\\\/producto\\\/hojuelas-premium-lomas-20-g\\\/#primaryimage\"},\"thumbnailUrl\":\"https:\\\/\\\/acuariosupremus.com\\\/wp-content\\\/uploads\\\/2022\\\/01\\\/TE012.jpg\",\"datePublished\":\"2022-01-28T01:07:40+00:00\",\"dateModified\":\"2025-04-15T20:53:55+00:00\",\"description\":\"Hojuelas premium b\u00e1sicas econ\u00f3mica para peces tropicales Lomas formula b\u00e1sica de Tetra, envase con 20 gramos.\",\"breadcrumb\":{\"@id\":\"https:\\\/\\\/acuariosupremus.com\\\/producto\\\/hojuelas-premium-lomas-20-g\\\/#breadcrumb\"},\"inLanguage\":\"es\",\"potentialAction\":[{\"@type\":\"ReadAction\",\"target\":[\"https:\\\/\\\/acuariosupremus.com\\\/producto\\\/hojuelas-premium-lomas-20-g\\\/\"]}]},{\"@type\":\"ImageObject\",\"inLanguage\":\"es\",\"@id\":\"https:\\\/\\\/acuariosupremus.com\\\/producto\\\/hojuelas-premium-lomas-20-g\\\/#primaryimage\",\"url\":\"https:\\\/\\\/acuariosupremus.com\\\/wp-content\\\/uploads\\\/2022\\\/01\\\/TE012.jpg\",\"contentUrl\":\"https:\\\/\\\/acuariosupremus.com\\\/wp-content\\\/uploads\\\/2022\\\/01\\\/TE012.jpg\",\"width\":1000,\"height\":1000},{\"@type\":\"BreadcrumbList\",\"@id\":\"https:\\\/\\\/acuariosupremus.com\\\/producto\\\/hojuelas-premium-lomas-20-g\\\/#breadcrumb\",\"itemListElement\":[{\"@type\":\"ListItem\",\"position\":1,\"name\":\"Portada\",\"item\":\"https:\\\/\\\/acuariosupremus.com\\\/\"},{\"@type\":\"ListItem\",\"position\":2,\"name\":\"Tienda\",\"item\":\"https:\\\/\\\/acuariosupremus.com\\\/tienda\\\/\"},{\"@type\":\"ListItem\",\"position\":3,\"name\":\"HOJUELAS PREMIUM LOMAS 20 G\"}]},{\"@type\":\"WebSite\",\"@id\":\"https:\\\/\\\/acuariosupremus.com\\\/#website\",\"url\":\"https:\\\/\\\/acuariosupremus.com\\\/\",\"name\":\"Acuario Supremus\",\"description\":\"Peces, Peceras y Mascotas.\",\"publisher\":{\"@id\":\"https:\\\/\\\/acuariosupremus.com\\\/#organization\"},\"potentialAction\":[{\"@type\":\"SearchAction\",\"target\":{\"@type\":\"EntryPoint\",\"urlTemplate\":\"https:\\\/\\\/acuariosupremus.com\\\/?s={search_term_string}\"},\"query-input\":{\"@type\":\"PropertyValueSpecification\",\"valueRequired\":true,\"valueName\":\"search_term_string\"}}],\"inLanguage\":\"es\"},{\"@type\":\"Organization\",\"@id\":\"https:\\\/\\\/acuariosupremus.com\\\/#organization\",\"name\":\"Acuario Supremus\",\"url\":\"https:\\\/\\\/acuariosupremus.com\\\/\",\"logo\":{\"@type\":\"ImageObject\",\"inLanguage\":\"es\",\"@id\":\"https:\\\/\\\/acuariosupremus.com\\\/#\\\/schema\\\/logo\\\/image\\\/\",\"url\":\"https:\\\/\\\/acuariosupremus.com\\\/wp-content\\\/uploads\\\/2021\\\/12\\\/cropped-logo_acuario_supremus_fn-2.png\",\"contentUrl\":\"https:\\\/\\\/acuariosupremus.com\\\/wp-content\\\/uploads\\\/2021\\\/12\\\/cropped-logo_acuario_supremus_fn-2.png\",\"width\":1000,\"height\":318,\"caption\":\"Acuario Supremus\"},\"image\":{\"@id\":\"https:\\\/\\\/acuariosupremus.com\\\/#\\\/schema\\\/logo\\\/image\\\/\"},\"sameAs\":[\"https:\\\/\\\/www.facebook.com\\\/AcuarioSupremus\",\"https:\\\/\\\/x.com\\\/AcuarioSupremus\",\"https:\\\/\\\/www.instagram.com\\\/acuariosupremus\\\/?hl=es\"]}]}<\/script>\n<!-- \/ Yoast SEO plugin. -->","yoast_head_json":{"title":"HOJUELAS PREMIUM LOMAS 20 G | Acuario Supremus","description":"Hojuelas premium b\u00e1sicas econ\u00f3mica para peces tropicales Lomas formula b\u00e1sica de Tetra, envase con 20 gramos.","robots":{"index":"index","follow":"follow","max-snippet":"max-snippet:-1","max-image-preview":"max-image-preview:large","max-video-preview":"max-video-preview:-1"},"canonical":"https:\/\/acuariosupremus.com\/producto\/hojuelas-premium-lomas-20-g\/","og_locale":"es_MX","og_type":"article","og_title":"HOJUELAS PREMIUM LOMAS 20 G | Acuario Supremus","og_description":"Hojuelas premium b\u00e1sicas econ\u00f3mica para peces tropicales Lomas formula b\u00e1sica de Tetra, envase con 20 gramos.","og_url":"https:\/\/acuariosupremus.com\/producto\/hojuelas-premium-lomas-20-g\/","og_site_name":"Acuario Supremus","article_publisher":"https:\/\/www.facebook.com\/AcuarioSupremus","article_modified_time":"2025-04-15T20:53:55+00:00","og_image":[{"width":1000,"height":1000,"url":"https:\/\/acuariosupremus.com\/wp-content\/uploads\/2022\/01\/TE012.jpg","type":"image\/jpeg"}],"twitter_card":"summary_large_image","twitter_site":"@AcuarioSupremus","twitter_misc":{"Tiempo de lectura":"1 minuto"},"schema":{"@context":"https:\/\/schema.org","@graph":[{"@type":"WebPage","@id":"https:\/\/acuariosupremus.com\/producto\/hojuelas-premium-lomas-20-g\/","url":"https:\/\/acuariosupremus.com\/producto\/hojuelas-premium-lomas-20-g\/","name":"HOJUELAS PREMIUM LOMAS 20 G | Acuario Supremus","isPartOf":{"@id":"https:\/\/acuariosupremus.com\/#website"},"primaryImageOfPage":{"@id":"https:\/\/acuariosupremus.com\/producto\/hojuelas-premium-lomas-20-g\/#primaryimage"},"image":{"@id":"https:\/\/acuariosupremus.com\/producto\/hojuelas-premium-lomas-20-g\/#primaryimage"},"thumbnailUrl":"https:\/\/acuariosupremus.com\/wp-content\/uploads\/2022\/01\/TE012.jpg","datePublished":"2022-01-28T01:07:40+00:00","dateModified":"2025-04-15T20:53:55+00:00","description":"Hojuelas premium b\u00e1sicas econ\u00f3mica para peces tropicales Lomas formula b\u00e1sica de Tetra, envase con 20 gramos.","breadcrumb":{"@id":"https:\/\/acuariosupremus.com\/producto\/hojuelas-premium-lomas-20-g\/#breadcrumb"},"inLanguage":"es","potentialAction":[{"@type":"ReadAction","target":["https:\/\/acuariosupremus.com\/producto\/hojuelas-premium-lomas-20-g\/"]}]},{"@type":"ImageObject","inLanguage":"es","@id":"https:\/\/acuariosupremus.com\/producto\/hojuelas-premium-lomas-20-g\/#primaryimage","url":"https:\/\/acuariosupremus.com\/wp-content\/uploads\/2022\/01\/TE012.jpg","contentUrl":"https:\/\/acuariosupremus.com\/wp-content\/uploads\/2022\/01\/TE012.jpg","width":1000,"height":1000},{"@type":"BreadcrumbList","@id":"https:\/\/acuariosupremus.com\/producto\/hojuelas-premium-lomas-20-g\/#breadcrumb","itemListElement":[{"@type":"ListItem","position":1,"name":"Portada","item":"https:\/\/acuariosupremus.com\/"},{"@type":"ListItem","position":2,"name":"Tienda","item":"https:\/\/acuariosupremus.com\/tienda\/"},{"@type":"ListItem","position":3,"name":"HOJUELAS PREMIUM LOMAS 20 G"}]},{"@type":"WebSite","@id":"https:\/\/acuariosupremus.com\/#website","url":"https:\/\/acuariosupremus.com\/","name":"Acuario Supremus","description":"Peces, Peceras y Mascotas.","publisher":{"@id":"https:\/\/acuariosupremus.com\/#organization"},"potentialAction":[{"@type":"SearchAction","target":{"@type":"EntryPoint","urlTemplate":"https:\/\/acuariosupremus.com\/?s={search_term_string}"},"query-input":{"@type":"PropertyValueSpecification","valueRequired":true,"valueName":"search_term_string"}}],"inLanguage":"es"},{"@type":"Organization","@id":"https:\/\/acuariosupremus.com\/#organization","name":"Acuario Supremus","url":"https:\/\/acuariosupremus.com\/","logo":{"@type":"ImageObject","inLanguage":"es","@id":"https:\/\/acuariosupremus.com\/#\/schema\/logo\/image\/","url":"https:\/\/acuariosupremus.com\/wp-content\/uploads\/2021\/12\/cropped-logo_acuario_supremus_fn-2.png","contentUrl":"https:\/\/acuariosupremus.com\/wp-content\/uploads\/2021\/12\/cropped-logo_acuario_supremus_fn-2.png","width":1000,"height":318,"caption":"Acuario Supremus"},"image":{"@id":"https:\/\/acuariosupremus.com\/#\/schema\/logo\/image\/"},"sameAs":["https:\/\/www.facebook.com\/AcuarioSupremus","https:\/\/x.com\/AcuarioSupremus","https:\/\/www.instagram.com\/acuariosupremus\/?hl=es"]}]}},"jetpack_sharing_enabled":true,"_links":{"self":[{"href":"https:\/\/acuariosupremus.com\/index.php?rest_route=\/wp\/v2\/product\/1093","targetHints":{"allow":["GET"]}}],"collection":[{"href":"https:\/\/acuariosupremus.com\/index.php?rest_route=\/wp\/v2\/product"}],"about":[{"href":"https:\/\/acuariosupremus.com\/index.php?rest_route=\/wp\/v2\/types\/product"}],"wp:featuredmedia":[{"embeddable":true,"href":"https:\/\/acuariosupremus.com\/index.php?rest_route=\/wp\/v2\/media\/1094"}],"wp:attachment":[{"href":"https:\/\/acuariosupremus.com\/index.php?rest_route=%2Fwp%2Fv2%2Fmedia&parent=1093"}],"wp:term":[{"taxonomy":"product_brand","embeddable":true,"href":"https:\/\/acuariosupremus.com\/index.php?rest_route=%2Fwp%2Fv2%2Fproduct_brand&post=1093"},{"taxonomy":"product_cat","embeddable":true,"href":"https:\/\/acuariosupremus.com\/index.php?rest_route=%2Fwp%2Fv2%2Fproduct_cat&post=1093"},{"taxonomy":"product_tag","embeddable":true,"href":"https:\/\/acuariosupremus.com\/index.php?rest_route=%2Fwp%2Fv2%2Fproduct_tag&post=1093"}],"curies":[{"name":"wp","href":"https:\/\/api.w.org\/{rel}","templated":true}]}}