{"id":11226,"date":"2024-06-12T14:58:57","date_gmt":"2024-06-12T20:58:57","guid":{"rendered":"https:\/\/acuariosupremus.com\/?post_type=product&#038;p=11226"},"modified":"2025-12-19T20:26:07","modified_gmt":"2025-12-20T02:26:07","slug":"lomas-larva-de-mosca-soldado-30-grs","status":"publish","type":"product","link":"https:\/\/acuariosupremus.com\/?product=lomas-larva-de-mosca-soldado-30-grs","title":{"rendered":"LOMAS LARVA DE MOSCA SOLDADO 30 GRS."},"content":{"rendered":"<p>Beneficios:<br \/>\n\u2022 Snack 100% natural<\/p>\n<p>\u2022 Gran contenido de prote\u00edna de alta digestibilidad.<\/p>\n<p>\u2022 Fuente de amino\u00e1cidos, vitaminas y minerales.<\/p>\n<p>\u2022Estimula la curiosidad de los peces c\u00edclidos. El snack llamar\u00e1 su atenci\u00f3n y har\u00e1 que se acerquen a comer.<\/p>\n<p>Modo de uso \/ Precauciones y advertencias:<br \/>\nTome una larva, trit\u00farela con la mano para hacer trozos del tama\u00f1o de la boca de sus peces y esp\u00e1rzala en la superficie del agua. Considere una porci\u00f3n de una larva por cada pez. MANT\u00c9NGASE ALEJADO DE LOS NI\u00d1OS Y LAS MASCOTAS. Este producto es un snack, no sustituye la dieta diaria de sus peces. No exceda la cantidad recomendada, puede ser perjudicial para su salud. Conserve las larvas en su empaque cerrado correctamente en un lugar fresco, seco y protegido de la luz solar. No ofrezca el producto si las larvas cambian de aspecto, olor o color.<\/p>\n","protected":false},"excerpt":{"rendered":"<p>La Larva de Mosca Soldado Seca de Lomas\u00ae (Hermetia ilucens) es un snack para peces c\u00edclidos con m\u00faltiples beneficios: es 100% natural, con alto contenido de prote\u00edna, tiene un sabor que estimula su curiosidad, los mantiene entretenidos y, al mismo tiempo, los nutre. Por sus sabor y consisitencia permite simular la caza de insectos c\u00f3mo lo har\u00eda en la naturaleza, fomentando sus h\u00e1bitos naturales de comida.<\/p>\n","protected":false},"featured_media":11227,"template":"","meta":[],"product_brand":[105],"product_cat":[40,43],"product_tag":[168,148],"class_list":{"0":"post-11226","1":"product","2":"type-product","3":"status-publish","4":"has-post-thumbnail","6":"product_brand-lomas","7":"product_cat-peces","8":"product_cat-alimentos","9":"product_tag-alimento-medio","10":"product_tag-alimento-peces-tropicales","12":"first","13":"instock","14":"sale","15":"shipping-taxable","16":"purchasable","17":"product-type-simple"},"yoast_head":"<!-- This site is optimized with the Yoast SEO plugin v27.4 - https:\/\/yoast.com\/product\/yoast-seo-wordpress\/ -->\n<title>LOMAS LARVA DE MOSCA SOLDADO 30 GRS. | Acuario Supremus<\/title>\n<meta name=\"description\" content=\"La Larva de Mosca Soldado Seca de Lomas es un snack para peces c\u00edclidos con m\u00faltiples beneficios: es 100% natural, con alto contenido de prote\u00edna.\" \/>\n<meta name=\"robots\" content=\"index, follow, max-snippet:-1, max-image-preview:large, max-video-preview:-1\" \/>\n<link rel=\"canonical\" href=\"https:\/\/acuariosupremus.com\/?product=lomas-larva-de-mosca-soldado-30-grs\" \/>\n<meta property=\"og:locale\" content=\"es_MX\" \/>\n<meta property=\"og:type\" content=\"article\" \/>\n<meta property=\"og:title\" content=\"LOMAS LARVA DE MOSCA SOLDADO 30 GRS. | Acuario Supremus\" \/>\n<meta property=\"og:description\" content=\"La Larva de Mosca Soldado Seca de Lomas es un snack para peces c\u00edclidos con m\u00faltiples beneficios: es 100% natural, con alto contenido de prote\u00edna.\" \/>\n<meta property=\"og:url\" content=\"https:\/\/acuariosupremus.com\/?product=lomas-larva-de-mosca-soldado-30-grs\" \/>\n<meta property=\"og:site_name\" content=\"Acuario Supremus\" \/>\n<meta property=\"article:publisher\" content=\"https:\/\/www.facebook.com\/AcuarioSupremus\" \/>\n<meta property=\"article:modified_time\" content=\"2025-12-20T02:26:07+00:00\" \/>\n<meta property=\"og:image\" content=\"https:\/\/acuariosupremus.com\/wp-content\/uploads\/2024\/06\/fl2153_3.png\" \/>\n\t<meta property=\"og:image:width\" content=\"600\" \/>\n\t<meta property=\"og:image:height\" content=\"600\" \/>\n\t<meta property=\"og:image:type\" content=\"image\/png\" \/>\n<meta name=\"twitter:card\" content=\"summary_large_image\" \/>\n<meta name=\"twitter:site\" content=\"@AcuarioSupremus\" \/>\n<meta name=\"twitter:label1\" content=\"Tiempo de lectura\" \/>\n\t<meta name=\"twitter:data1\" content=\"1 minuto\" \/>\n<script type=\"application\/ld+json\" class=\"yoast-schema-graph\">{\"@context\":\"https:\\\/\\\/schema.org\",\"@graph\":[{\"@type\":\"WebPage\",\"@id\":\"https:\\\/\\\/acuariosupremus.com\\\/?product=lomas-larva-de-mosca-soldado-30-grs\",\"url\":\"https:\\\/\\\/acuariosupremus.com\\\/?product=lomas-larva-de-mosca-soldado-30-grs\",\"name\":\"LOMAS LARVA DE MOSCA SOLDADO 30 GRS. | Acuario Supremus\",\"isPartOf\":{\"@id\":\"https:\\\/\\\/acuariosupremus.com\\\/#website\"},\"primaryImageOfPage\":{\"@id\":\"https:\\\/\\\/acuariosupremus.com\\\/?product=lomas-larva-de-mosca-soldado-30-grs#primaryimage\"},\"image\":{\"@id\":\"https:\\\/\\\/acuariosupremus.com\\\/?product=lomas-larva-de-mosca-soldado-30-grs#primaryimage\"},\"thumbnailUrl\":\"https:\\\/\\\/acuariosupremus.com\\\/wp-content\\\/uploads\\\/2024\\\/06\\\/fl2153_3.png\",\"datePublished\":\"2024-06-12T20:58:57+00:00\",\"dateModified\":\"2025-12-20T02:26:07+00:00\",\"description\":\"La Larva de Mosca Soldado Seca de Lomas es un snack para peces c\u00edclidos con m\u00faltiples beneficios: es 100% natural, con alto contenido de prote\u00edna.\",\"breadcrumb\":{\"@id\":\"https:\\\/\\\/acuariosupremus.com\\\/?product=lomas-larva-de-mosca-soldado-30-grs#breadcrumb\"},\"inLanguage\":\"es\",\"potentialAction\":[{\"@type\":\"ReadAction\",\"target\":[\"https:\\\/\\\/acuariosupremus.com\\\/?product=lomas-larva-de-mosca-soldado-30-grs\"]}]},{\"@type\":\"ImageObject\",\"inLanguage\":\"es\",\"@id\":\"https:\\\/\\\/acuariosupremus.com\\\/?product=lomas-larva-de-mosca-soldado-30-grs#primaryimage\",\"url\":\"https:\\\/\\\/acuariosupremus.com\\\/wp-content\\\/uploads\\\/2024\\\/06\\\/fl2153_3.png\",\"contentUrl\":\"https:\\\/\\\/acuariosupremus.com\\\/wp-content\\\/uploads\\\/2024\\\/06\\\/fl2153_3.png\",\"width\":600,\"height\":600},{\"@type\":\"BreadcrumbList\",\"@id\":\"https:\\\/\\\/acuariosupremus.com\\\/?product=lomas-larva-de-mosca-soldado-30-grs#breadcrumb\",\"itemListElement\":[{\"@type\":\"ListItem\",\"position\":1,\"name\":\"Portada\",\"item\":\"https:\\\/\\\/acuariosupremus.com\\\/\"},{\"@type\":\"ListItem\",\"position\":2,\"name\":\"Tienda\",\"item\":\"https:\\\/\\\/acuariosupremus.com\\\/tienda\\\/\"},{\"@type\":\"ListItem\",\"position\":3,\"name\":\"LOMAS LARVA DE MOSCA SOLDADO 30 GRS.\"}]},{\"@type\":\"WebSite\",\"@id\":\"https:\\\/\\\/acuariosupremus.com\\\/#website\",\"url\":\"https:\\\/\\\/acuariosupremus.com\\\/\",\"name\":\"Acuario Supremus\",\"description\":\"Peces, Peceras y Mascotas.\",\"publisher\":{\"@id\":\"https:\\\/\\\/acuariosupremus.com\\\/#organization\"},\"potentialAction\":[{\"@type\":\"SearchAction\",\"target\":{\"@type\":\"EntryPoint\",\"urlTemplate\":\"https:\\\/\\\/acuariosupremus.com\\\/?s={search_term_string}\"},\"query-input\":{\"@type\":\"PropertyValueSpecification\",\"valueRequired\":true,\"valueName\":\"search_term_string\"}}],\"inLanguage\":\"es\"},{\"@type\":\"Organization\",\"@id\":\"https:\\\/\\\/acuariosupremus.com\\\/#organization\",\"name\":\"Acuario Supremus\",\"url\":\"https:\\\/\\\/acuariosupremus.com\\\/\",\"logo\":{\"@type\":\"ImageObject\",\"inLanguage\":\"es\",\"@id\":\"https:\\\/\\\/acuariosupremus.com\\\/#\\\/schema\\\/logo\\\/image\\\/\",\"url\":\"https:\\\/\\\/acuariosupremus.com\\\/wp-content\\\/uploads\\\/2021\\\/12\\\/cropped-logo_acuario_supremus_fn-2.png\",\"contentUrl\":\"https:\\\/\\\/acuariosupremus.com\\\/wp-content\\\/uploads\\\/2021\\\/12\\\/cropped-logo_acuario_supremus_fn-2.png\",\"width\":1000,\"height\":318,\"caption\":\"Acuario Supremus\"},\"image\":{\"@id\":\"https:\\\/\\\/acuariosupremus.com\\\/#\\\/schema\\\/logo\\\/image\\\/\"},\"sameAs\":[\"https:\\\/\\\/www.facebook.com\\\/AcuarioSupremus\",\"https:\\\/\\\/x.com\\\/AcuarioSupremus\",\"https:\\\/\\\/www.instagram.com\\\/acuariosupremus\\\/?hl=es\"]}]}<\/script>\n<!-- \/ Yoast SEO plugin. -->","yoast_head_json":{"title":"LOMAS LARVA DE MOSCA SOLDADO 30 GRS. | Acuario Supremus","description":"La Larva de Mosca Soldado Seca de Lomas es un snack para peces c\u00edclidos con m\u00faltiples beneficios: es 100% natural, con alto contenido de prote\u00edna.","robots":{"index":"index","follow":"follow","max-snippet":"max-snippet:-1","max-image-preview":"max-image-preview:large","max-video-preview":"max-video-preview:-1"},"canonical":"https:\/\/acuariosupremus.com\/?product=lomas-larva-de-mosca-soldado-30-grs","og_locale":"es_MX","og_type":"article","og_title":"LOMAS LARVA DE MOSCA SOLDADO 30 GRS. | Acuario Supremus","og_description":"La Larva de Mosca Soldado Seca de Lomas es un snack para peces c\u00edclidos con m\u00faltiples beneficios: es 100% natural, con alto contenido de prote\u00edna.","og_url":"https:\/\/acuariosupremus.com\/?product=lomas-larva-de-mosca-soldado-30-grs","og_site_name":"Acuario Supremus","article_publisher":"https:\/\/www.facebook.com\/AcuarioSupremus","article_modified_time":"2025-12-20T02:26:07+00:00","og_image":[{"width":600,"height":600,"url":"https:\/\/acuariosupremus.com\/wp-content\/uploads\/2024\/06\/fl2153_3.png","type":"image\/png"}],"twitter_card":"summary_large_image","twitter_site":"@AcuarioSupremus","twitter_misc":{"Tiempo de lectura":"1 minuto"},"schema":{"@context":"https:\/\/schema.org","@graph":[{"@type":"WebPage","@id":"https:\/\/acuariosupremus.com\/?product=lomas-larva-de-mosca-soldado-30-grs","url":"https:\/\/acuariosupremus.com\/?product=lomas-larva-de-mosca-soldado-30-grs","name":"LOMAS LARVA DE MOSCA SOLDADO 30 GRS. | Acuario Supremus","isPartOf":{"@id":"https:\/\/acuariosupremus.com\/#website"},"primaryImageOfPage":{"@id":"https:\/\/acuariosupremus.com\/?product=lomas-larva-de-mosca-soldado-30-grs#primaryimage"},"image":{"@id":"https:\/\/acuariosupremus.com\/?product=lomas-larva-de-mosca-soldado-30-grs#primaryimage"},"thumbnailUrl":"https:\/\/acuariosupremus.com\/wp-content\/uploads\/2024\/06\/fl2153_3.png","datePublished":"2024-06-12T20:58:57+00:00","dateModified":"2025-12-20T02:26:07+00:00","description":"La Larva de Mosca Soldado Seca de Lomas es un snack para peces c\u00edclidos con m\u00faltiples beneficios: es 100% natural, con alto contenido de prote\u00edna.","breadcrumb":{"@id":"https:\/\/acuariosupremus.com\/?product=lomas-larva-de-mosca-soldado-30-grs#breadcrumb"},"inLanguage":"es","potentialAction":[{"@type":"ReadAction","target":["https:\/\/acuariosupremus.com\/?product=lomas-larva-de-mosca-soldado-30-grs"]}]},{"@type":"ImageObject","inLanguage":"es","@id":"https:\/\/acuariosupremus.com\/?product=lomas-larva-de-mosca-soldado-30-grs#primaryimage","url":"https:\/\/acuariosupremus.com\/wp-content\/uploads\/2024\/06\/fl2153_3.png","contentUrl":"https:\/\/acuariosupremus.com\/wp-content\/uploads\/2024\/06\/fl2153_3.png","width":600,"height":600},{"@type":"BreadcrumbList","@id":"https:\/\/acuariosupremus.com\/?product=lomas-larva-de-mosca-soldado-30-grs#breadcrumb","itemListElement":[{"@type":"ListItem","position":1,"name":"Portada","item":"https:\/\/acuariosupremus.com\/"},{"@type":"ListItem","position":2,"name":"Tienda","item":"https:\/\/acuariosupremus.com\/tienda\/"},{"@type":"ListItem","position":3,"name":"LOMAS LARVA DE MOSCA SOLDADO 30 GRS."}]},{"@type":"WebSite","@id":"https:\/\/acuariosupremus.com\/#website","url":"https:\/\/acuariosupremus.com\/","name":"Acuario Supremus","description":"Peces, Peceras y Mascotas.","publisher":{"@id":"https:\/\/acuariosupremus.com\/#organization"},"potentialAction":[{"@type":"SearchAction","target":{"@type":"EntryPoint","urlTemplate":"https:\/\/acuariosupremus.com\/?s={search_term_string}"},"query-input":{"@type":"PropertyValueSpecification","valueRequired":true,"valueName":"search_term_string"}}],"inLanguage":"es"},{"@type":"Organization","@id":"https:\/\/acuariosupremus.com\/#organization","name":"Acuario Supremus","url":"https:\/\/acuariosupremus.com\/","logo":{"@type":"ImageObject","inLanguage":"es","@id":"https:\/\/acuariosupremus.com\/#\/schema\/logo\/image\/","url":"https:\/\/acuariosupremus.com\/wp-content\/uploads\/2021\/12\/cropped-logo_acuario_supremus_fn-2.png","contentUrl":"https:\/\/acuariosupremus.com\/wp-content\/uploads\/2021\/12\/cropped-logo_acuario_supremus_fn-2.png","width":1000,"height":318,"caption":"Acuario Supremus"},"image":{"@id":"https:\/\/acuariosupremus.com\/#\/schema\/logo\/image\/"},"sameAs":["https:\/\/www.facebook.com\/AcuarioSupremus","https:\/\/x.com\/AcuarioSupremus","https:\/\/www.instagram.com\/acuariosupremus\/?hl=es"]}]}},"jetpack_sharing_enabled":true,"_links":{"self":[{"href":"https:\/\/acuariosupremus.com\/index.php?rest_route=\/wp\/v2\/product\/11226","targetHints":{"allow":["GET"]}}],"collection":[{"href":"https:\/\/acuariosupremus.com\/index.php?rest_route=\/wp\/v2\/product"}],"about":[{"href":"https:\/\/acuariosupremus.com\/index.php?rest_route=\/wp\/v2\/types\/product"}],"wp:featuredmedia":[{"embeddable":true,"href":"https:\/\/acuariosupremus.com\/index.php?rest_route=\/wp\/v2\/media\/11227"}],"wp:attachment":[{"href":"https:\/\/acuariosupremus.com\/index.php?rest_route=%2Fwp%2Fv2%2Fmedia&parent=11226"}],"wp:term":[{"taxonomy":"product_brand","embeddable":true,"href":"https:\/\/acuariosupremus.com\/index.php?rest_route=%2Fwp%2Fv2%2Fproduct_brand&post=11226"},{"taxonomy":"product_cat","embeddable":true,"href":"https:\/\/acuariosupremus.com\/index.php?rest_route=%2Fwp%2Fv2%2Fproduct_cat&post=11226"},{"taxonomy":"product_tag","embeddable":true,"href":"https:\/\/acuariosupremus.com\/index.php?rest_route=%2Fwp%2Fv2%2Fproduct_tag&post=11226"}],"curies":[{"name":"wp","href":"https:\/\/api.w.org\/{rel}","templated":true}]}}