{"id":11295,"date":"2024-06-12T16:27:38","date_gmt":"2024-06-12T22:27:38","guid":{"rendered":"https:\/\/acuariosupremus.com\/?post_type=product&#038;p=11295"},"modified":"2026-01-15T14:42:56","modified_gmt":"2026-01-15T20:42:56","slug":"mochila-burbuja-p-mascotas-rosa","status":"publish","type":"product","link":"https:\/\/acuariosupremus.com\/?product=mochila-burbuja-p-mascotas-rosa","title":{"rendered":"MOCHILA BURBUJA P\/MASCOTAS ROSA."},"content":{"rendered":"<p>Beneficios:<br \/>\n-C\u00f3modo de transportar.<\/p>\n<p>-M\u00faltiples orificios para una ventilaci\u00f3n \u00f3ptima.<\/p>\n<p>-Con visibilidad angular amplia<\/p>\n<p>-Estructura r\u00edgida que brinda seguridad ante golpes.<\/p>\n<p>-Con correa de seguridad el\u00e1stica incorporada para evitar escapes.<\/p>\n<p>Modo de uso \/ Precuaciones y advertencias:<br \/>\nPermita que la mascota se familiarice con la mochila, podemos dar premios durante este proceso para que la mascota asocie la mochila con una experiencia positiva.rnColocar a la mascota dentro de la mochila y cerrar correctamente los cierres para evitar fugas. Aseg\u00farese que la mascota tenga el espacio suficiente para echarse y pararse de ser necesario.<\/p>\n<p><strong>Medidas: 25 cm x 35 cm x 40 cm<\/strong><\/p>\n","protected":false},"excerpt":{"rendered":"<p>Descripci\u00f3n:<br \/>\n\u00a1Transporte seguro y entretenido para tu mascota! Recomendado para mascotas de hasta 5 kg como gatos, perros mini o<br \/>\ncachorros e incluso conejos.<\/p>\n","protected":false},"featured_media":11296,"template":"","meta":[],"product_brand":[106],"product_cat":[30,73,76,38],"product_tag":[330],"class_list":{"0":"post-11295","1":"product","2":"type-product","3":"status-publish","4":"has-post-thumbnail","6":"product_brand-fancypets","7":"product_cat-gatos","8":"product_cat-perros","9":"product_cat-casas-y-transportadoras","10":"product_cat-transportadoras","11":"product_tag-transportadora-mochila","13":"first","14":"instock","15":"sale","16":"shipping-taxable","17":"purchasable","18":"product-type-simple"},"yoast_head":"<!-- This site is optimized with the Yoast SEO plugin v27.4 - https:\/\/yoast.com\/product\/yoast-seo-wordpress\/ -->\n<title>MOCHILA BURBUJA P\/MASCOTAS ROSA. | Acuario Supremus<\/title>\n<meta name=\"description\" content=\"Las mochilas transportadoras Fancy Pets son una manera divertida de llevar a tus amigos peludos, a d\u00f3nde vas t\u00fa de una manera segura para ambos.\" \/>\n<meta name=\"robots\" content=\"index, follow, max-snippet:-1, max-image-preview:large, max-video-preview:-1\" \/>\n<link rel=\"canonical\" href=\"https:\/\/acuariosupremus.com\/?product=mochila-burbuja-p-mascotas-rosa\" \/>\n<meta property=\"og:locale\" content=\"es_MX\" \/>\n<meta property=\"og:type\" content=\"article\" \/>\n<meta property=\"og:title\" content=\"MOCHILA BURBUJA P\/MASCOTAS ROSA. | Acuario Supremus\" \/>\n<meta property=\"og:description\" content=\"Las mochilas transportadoras Fancy Pets son una manera divertida de llevar a tus amigos peludos, a d\u00f3nde vas t\u00fa de una manera segura para ambos.\" \/>\n<meta property=\"og:url\" content=\"https:\/\/acuariosupremus.com\/?product=mochila-burbuja-p-mascotas-rosa\" \/>\n<meta property=\"og:site_name\" content=\"Acuario Supremus\" \/>\n<meta property=\"article:publisher\" content=\"https:\/\/www.facebook.com\/AcuarioSupremus\" \/>\n<meta property=\"article:modified_time\" content=\"2026-01-15T20:42:56+00:00\" \/>\n<meta property=\"og:image\" content=\"https:\/\/acuariosupremus.com\/wp-content\/uploads\/2024\/06\/FL4148.png\" \/>\n\t<meta property=\"og:image:width\" content=\"600\" \/>\n\t<meta property=\"og:image:height\" content=\"600\" \/>\n\t<meta property=\"og:image:type\" content=\"image\/png\" \/>\n<meta name=\"twitter:card\" content=\"summary_large_image\" \/>\n<meta name=\"twitter:site\" content=\"@AcuarioSupremus\" \/>\n<meta name=\"twitter:label1\" content=\"Tiempo de lectura\" \/>\n\t<meta name=\"twitter:data1\" content=\"1 minuto\" \/>\n<script type=\"application\/ld+json\" class=\"yoast-schema-graph\">{\"@context\":\"https:\\\/\\\/schema.org\",\"@graph\":[{\"@type\":\"WebPage\",\"@id\":\"https:\\\/\\\/acuariosupremus.com\\\/?product=mochila-burbuja-p-mascotas-rosa\",\"url\":\"https:\\\/\\\/acuariosupremus.com\\\/?product=mochila-burbuja-p-mascotas-rosa\",\"name\":\"MOCHILA BURBUJA P\\\/MASCOTAS ROSA. | Acuario Supremus\",\"isPartOf\":{\"@id\":\"https:\\\/\\\/acuariosupremus.com\\\/#website\"},\"primaryImageOfPage\":{\"@id\":\"https:\\\/\\\/acuariosupremus.com\\\/?product=mochila-burbuja-p-mascotas-rosa#primaryimage\"},\"image\":{\"@id\":\"https:\\\/\\\/acuariosupremus.com\\\/?product=mochila-burbuja-p-mascotas-rosa#primaryimage\"},\"thumbnailUrl\":\"https:\\\/\\\/acuariosupremus.com\\\/wp-content\\\/uploads\\\/2024\\\/06\\\/FL4148.png\",\"datePublished\":\"2024-06-12T22:27:38+00:00\",\"dateModified\":\"2026-01-15T20:42:56+00:00\",\"description\":\"Las mochilas transportadoras Fancy Pets son una manera divertida de llevar a tus amigos peludos, a d\u00f3nde vas t\u00fa de una manera segura para ambos.\",\"breadcrumb\":{\"@id\":\"https:\\\/\\\/acuariosupremus.com\\\/?product=mochila-burbuja-p-mascotas-rosa#breadcrumb\"},\"inLanguage\":\"es\",\"potentialAction\":[{\"@type\":\"ReadAction\",\"target\":[\"https:\\\/\\\/acuariosupremus.com\\\/?product=mochila-burbuja-p-mascotas-rosa\"]}]},{\"@type\":\"ImageObject\",\"inLanguage\":\"es\",\"@id\":\"https:\\\/\\\/acuariosupremus.com\\\/?product=mochila-burbuja-p-mascotas-rosa#primaryimage\",\"url\":\"https:\\\/\\\/acuariosupremus.com\\\/wp-content\\\/uploads\\\/2024\\\/06\\\/FL4148.png\",\"contentUrl\":\"https:\\\/\\\/acuariosupremus.com\\\/wp-content\\\/uploads\\\/2024\\\/06\\\/FL4148.png\",\"width\":600,\"height\":600},{\"@type\":\"BreadcrumbList\",\"@id\":\"https:\\\/\\\/acuariosupremus.com\\\/?product=mochila-burbuja-p-mascotas-rosa#breadcrumb\",\"itemListElement\":[{\"@type\":\"ListItem\",\"position\":1,\"name\":\"Portada\",\"item\":\"https:\\\/\\\/acuariosupremus.com\\\/\"},{\"@type\":\"ListItem\",\"position\":2,\"name\":\"Tienda\",\"item\":\"https:\\\/\\\/acuariosupremus.com\\\/tienda\\\/\"},{\"@type\":\"ListItem\",\"position\":3,\"name\":\"MOCHILA BURBUJA P\\\/MASCOTAS ROSA.\"}]},{\"@type\":\"WebSite\",\"@id\":\"https:\\\/\\\/acuariosupremus.com\\\/#website\",\"url\":\"https:\\\/\\\/acuariosupremus.com\\\/\",\"name\":\"Acuario Supremus\",\"description\":\"Peces, Peceras y Mascotas.\",\"publisher\":{\"@id\":\"https:\\\/\\\/acuariosupremus.com\\\/#organization\"},\"potentialAction\":[{\"@type\":\"SearchAction\",\"target\":{\"@type\":\"EntryPoint\",\"urlTemplate\":\"https:\\\/\\\/acuariosupremus.com\\\/?s={search_term_string}\"},\"query-input\":{\"@type\":\"PropertyValueSpecification\",\"valueRequired\":true,\"valueName\":\"search_term_string\"}}],\"inLanguage\":\"es\"},{\"@type\":\"Organization\",\"@id\":\"https:\\\/\\\/acuariosupremus.com\\\/#organization\",\"name\":\"Acuario Supremus\",\"url\":\"https:\\\/\\\/acuariosupremus.com\\\/\",\"logo\":{\"@type\":\"ImageObject\",\"inLanguage\":\"es\",\"@id\":\"https:\\\/\\\/acuariosupremus.com\\\/#\\\/schema\\\/logo\\\/image\\\/\",\"url\":\"https:\\\/\\\/acuariosupremus.com\\\/wp-content\\\/uploads\\\/2021\\\/12\\\/cropped-logo_acuario_supremus_fn-2.png\",\"contentUrl\":\"https:\\\/\\\/acuariosupremus.com\\\/wp-content\\\/uploads\\\/2021\\\/12\\\/cropped-logo_acuario_supremus_fn-2.png\",\"width\":1000,\"height\":318,\"caption\":\"Acuario Supremus\"},\"image\":{\"@id\":\"https:\\\/\\\/acuariosupremus.com\\\/#\\\/schema\\\/logo\\\/image\\\/\"},\"sameAs\":[\"https:\\\/\\\/www.facebook.com\\\/AcuarioSupremus\",\"https:\\\/\\\/x.com\\\/AcuarioSupremus\",\"https:\\\/\\\/www.instagram.com\\\/acuariosupremus\\\/?hl=es\"]}]}<\/script>\n<!-- \/ Yoast SEO plugin. -->","yoast_head_json":{"title":"MOCHILA BURBUJA P\/MASCOTAS ROSA. | Acuario Supremus","description":"Las mochilas transportadoras Fancy Pets son una manera divertida de llevar a tus amigos peludos, a d\u00f3nde vas t\u00fa de una manera segura para ambos.","robots":{"index":"index","follow":"follow","max-snippet":"max-snippet:-1","max-image-preview":"max-image-preview:large","max-video-preview":"max-video-preview:-1"},"canonical":"https:\/\/acuariosupremus.com\/?product=mochila-burbuja-p-mascotas-rosa","og_locale":"es_MX","og_type":"article","og_title":"MOCHILA BURBUJA P\/MASCOTAS ROSA. | Acuario Supremus","og_description":"Las mochilas transportadoras Fancy Pets son una manera divertida de llevar a tus amigos peludos, a d\u00f3nde vas t\u00fa de una manera segura para ambos.","og_url":"https:\/\/acuariosupremus.com\/?product=mochila-burbuja-p-mascotas-rosa","og_site_name":"Acuario Supremus","article_publisher":"https:\/\/www.facebook.com\/AcuarioSupremus","article_modified_time":"2026-01-15T20:42:56+00:00","og_image":[{"width":600,"height":600,"url":"https:\/\/acuariosupremus.com\/wp-content\/uploads\/2024\/06\/FL4148.png","type":"image\/png"}],"twitter_card":"summary_large_image","twitter_site":"@AcuarioSupremus","twitter_misc":{"Tiempo de lectura":"1 minuto"},"schema":{"@context":"https:\/\/schema.org","@graph":[{"@type":"WebPage","@id":"https:\/\/acuariosupremus.com\/?product=mochila-burbuja-p-mascotas-rosa","url":"https:\/\/acuariosupremus.com\/?product=mochila-burbuja-p-mascotas-rosa","name":"MOCHILA BURBUJA P\/MASCOTAS ROSA. | Acuario Supremus","isPartOf":{"@id":"https:\/\/acuariosupremus.com\/#website"},"primaryImageOfPage":{"@id":"https:\/\/acuariosupremus.com\/?product=mochila-burbuja-p-mascotas-rosa#primaryimage"},"image":{"@id":"https:\/\/acuariosupremus.com\/?product=mochila-burbuja-p-mascotas-rosa#primaryimage"},"thumbnailUrl":"https:\/\/acuariosupremus.com\/wp-content\/uploads\/2024\/06\/FL4148.png","datePublished":"2024-06-12T22:27:38+00:00","dateModified":"2026-01-15T20:42:56+00:00","description":"Las mochilas transportadoras Fancy Pets son una manera divertida de llevar a tus amigos peludos, a d\u00f3nde vas t\u00fa de una manera segura para ambos.","breadcrumb":{"@id":"https:\/\/acuariosupremus.com\/?product=mochila-burbuja-p-mascotas-rosa#breadcrumb"},"inLanguage":"es","potentialAction":[{"@type":"ReadAction","target":["https:\/\/acuariosupremus.com\/?product=mochila-burbuja-p-mascotas-rosa"]}]},{"@type":"ImageObject","inLanguage":"es","@id":"https:\/\/acuariosupremus.com\/?product=mochila-burbuja-p-mascotas-rosa#primaryimage","url":"https:\/\/acuariosupremus.com\/wp-content\/uploads\/2024\/06\/FL4148.png","contentUrl":"https:\/\/acuariosupremus.com\/wp-content\/uploads\/2024\/06\/FL4148.png","width":600,"height":600},{"@type":"BreadcrumbList","@id":"https:\/\/acuariosupremus.com\/?product=mochila-burbuja-p-mascotas-rosa#breadcrumb","itemListElement":[{"@type":"ListItem","position":1,"name":"Portada","item":"https:\/\/acuariosupremus.com\/"},{"@type":"ListItem","position":2,"name":"Tienda","item":"https:\/\/acuariosupremus.com\/tienda\/"},{"@type":"ListItem","position":3,"name":"MOCHILA BURBUJA P\/MASCOTAS ROSA."}]},{"@type":"WebSite","@id":"https:\/\/acuariosupremus.com\/#website","url":"https:\/\/acuariosupremus.com\/","name":"Acuario Supremus","description":"Peces, Peceras y Mascotas.","publisher":{"@id":"https:\/\/acuariosupremus.com\/#organization"},"potentialAction":[{"@type":"SearchAction","target":{"@type":"EntryPoint","urlTemplate":"https:\/\/acuariosupremus.com\/?s={search_term_string}"},"query-input":{"@type":"PropertyValueSpecification","valueRequired":true,"valueName":"search_term_string"}}],"inLanguage":"es"},{"@type":"Organization","@id":"https:\/\/acuariosupremus.com\/#organization","name":"Acuario Supremus","url":"https:\/\/acuariosupremus.com\/","logo":{"@type":"ImageObject","inLanguage":"es","@id":"https:\/\/acuariosupremus.com\/#\/schema\/logo\/image\/","url":"https:\/\/acuariosupremus.com\/wp-content\/uploads\/2021\/12\/cropped-logo_acuario_supremus_fn-2.png","contentUrl":"https:\/\/acuariosupremus.com\/wp-content\/uploads\/2021\/12\/cropped-logo_acuario_supremus_fn-2.png","width":1000,"height":318,"caption":"Acuario Supremus"},"image":{"@id":"https:\/\/acuariosupremus.com\/#\/schema\/logo\/image\/"},"sameAs":["https:\/\/www.facebook.com\/AcuarioSupremus","https:\/\/x.com\/AcuarioSupremus","https:\/\/www.instagram.com\/acuariosupremus\/?hl=es"]}]}},"jetpack_sharing_enabled":true,"_links":{"self":[{"href":"https:\/\/acuariosupremus.com\/index.php?rest_route=\/wp\/v2\/product\/11295","targetHints":{"allow":["GET"]}}],"collection":[{"href":"https:\/\/acuariosupremus.com\/index.php?rest_route=\/wp\/v2\/product"}],"about":[{"href":"https:\/\/acuariosupremus.com\/index.php?rest_route=\/wp\/v2\/types\/product"}],"wp:featuredmedia":[{"embeddable":true,"href":"https:\/\/acuariosupremus.com\/index.php?rest_route=\/wp\/v2\/media\/11296"}],"wp:attachment":[{"href":"https:\/\/acuariosupremus.com\/index.php?rest_route=%2Fwp%2Fv2%2Fmedia&parent=11295"}],"wp:term":[{"taxonomy":"product_brand","embeddable":true,"href":"https:\/\/acuariosupremus.com\/index.php?rest_route=%2Fwp%2Fv2%2Fproduct_brand&post=11295"},{"taxonomy":"product_cat","embeddable":true,"href":"https:\/\/acuariosupremus.com\/index.php?rest_route=%2Fwp%2Fv2%2Fproduct_cat&post=11295"},{"taxonomy":"product_tag","embeddable":true,"href":"https:\/\/acuariosupremus.com\/index.php?rest_route=%2Fwp%2Fv2%2Fproduct_tag&post=11295"}],"curies":[{"name":"wp","href":"https:\/\/api.w.org\/{rel}","templated":true}]}}