{"id":11348,"date":"2024-06-13T15:49:22","date_gmt":"2024-06-13T21:49:22","guid":{"rendered":"https:\/\/acuariosupremus.com\/?post_type=product&#038;p=11348"},"modified":"2026-02-02T14:36:13","modified_gmt":"2026-02-02T20:36:13","slug":"plato-plastico-alimentacion-lenta","status":"publish","type":"product","link":"https:\/\/acuariosupremus.com\/?product=plato-plastico-alimentacion-lenta","title":{"rendered":"PLATO PLASTICO ALIMENTACION LENTA MED"},"content":{"rendered":"<p>Beneficios:<\/p>\n<p>Reducci\u00f3n en la velocidad de ingesta, Con agarradera para sujetar mejor al quitar y colocar el plato, Adecuado para perro y gato, Con base antiderrapante, No se oxida, Previene la ingesta r\u00e1pida, Proporciona estimulaci\u00f3n mental. El uso de este producto es responsabilidad del due\u00f1o.<\/p>\n<p>MODO DE USO \/ PRECAUCIONES Y ADVERTENCIAS:<\/p>\n<p>A\u00f1adir la cantidad de alimento que su mascota requiera y ofrecerle a la mascota. Las barreras del plato evitar\u00e1n que la mascota haga una ingesta acelerada, propiciando a una mejor digesti\u00f3n. El uso de este producto es responsabilidad del sue\u00f1o de la mascota.<\/p>\n<p>Color: <strong>Colores Surtidos<\/strong>\u00a0 \u00a0Medidas: <strong>di\u00e1metro 20 cm x 4 cm de altura<\/strong>\u00a0 \u00a0 Material: <strong>Pl\u00e1stico\u00a0 <span class=\"fontstyle0\">Capacidad:\u00a0 24 Oz.<\/span><\/strong><\/p>\n<p>&nbsp;<\/p>\n","protected":false},"excerpt":{"rendered":"<p>El plato de lenta alimentaci\u00f3n es una excelente opci\u00f3n para ayudar a tu mascota a comer de forma m\u00e1s pausada y controlada. Con su dise\u00f1o con laberintos o protuberancias dificultan que el perro coma demasiado r\u00e1pido, lo cual puede provocar problemas digestivos. Al obligar a tu perro a tomarse su tiempo para comer, tambi\u00e9n promueves una mejor digesti\u00f3n y evitas posibles atragantamientos.<\/p>\n","protected":false},"featured_media":11349,"template":"","meta":[],"product_brand":[106],"product_cat":[73,78],"product_tag":[459,437],"class_list":{"0":"post-11348","1":"product","2":"type-product","3":"status-publish","4":"has-post-thumbnail","6":"product_brand-fancypets","7":"product_cat-perros","8":"product_cat-dispensadores-perros","9":"product_tag-plato-alimentacion-lenta","10":"product_tag-plato-plastico","12":"first","13":"instock","14":"sale","15":"shipping-taxable","16":"purchasable","17":"product-type-simple"},"yoast_head":"<!-- This site is optimized with the Yoast SEO plugin v27.4 - https:\/\/yoast.com\/product\/yoast-seo-wordpress\/ -->\n<title>PLATO PLASTICO ALIMENTACION LENTA MED | Acuario Supremus<\/title>\n<meta name=\"description\" content=\"El plato de lenta alimentaci\u00f3n es una excelente opci\u00f3n para ayudar a tu mascota a comer de forma m\u00e1s pausada y controlada.\" \/>\n<meta name=\"robots\" content=\"index, follow, max-snippet:-1, max-image-preview:large, max-video-preview:-1\" \/>\n<link rel=\"canonical\" href=\"https:\/\/acuariosupremus.com\/?product=plato-plastico-alimentacion-lenta\" \/>\n<meta property=\"og:locale\" content=\"es_MX\" \/>\n<meta property=\"og:type\" content=\"article\" \/>\n<meta property=\"og:title\" content=\"PLATO PLASTICO ALIMENTACION LENTA MED | Acuario Supremus\" \/>\n<meta property=\"og:description\" content=\"El plato de lenta alimentaci\u00f3n es una excelente opci\u00f3n para ayudar a tu mascota a comer de forma m\u00e1s pausada y controlada.\" \/>\n<meta property=\"og:url\" content=\"https:\/\/acuariosupremus.com\/?product=plato-plastico-alimentacion-lenta\" \/>\n<meta property=\"og:site_name\" content=\"Acuario Supremus\" \/>\n<meta property=\"article:publisher\" content=\"https:\/\/www.facebook.com\/AcuarioSupremus\" \/>\n<meta property=\"article:modified_time\" content=\"2026-02-02T20:36:13+00:00\" \/>\n<meta property=\"og:image\" content=\"https:\/\/acuariosupremus.com\/wp-content\/uploads\/2024\/06\/FL7332.png\" \/>\n\t<meta property=\"og:image:width\" content=\"600\" \/>\n\t<meta property=\"og:image:height\" content=\"600\" \/>\n\t<meta property=\"og:image:type\" content=\"image\/png\" \/>\n<meta name=\"twitter:card\" content=\"summary_large_image\" \/>\n<meta name=\"twitter:site\" content=\"@AcuarioSupremus\" \/>\n<meta name=\"twitter:label1\" content=\"Tiempo de lectura\" \/>\n\t<meta name=\"twitter:data1\" content=\"1 minuto\" \/>\n<script type=\"application\/ld+json\" class=\"yoast-schema-graph\">{\"@context\":\"https:\\\/\\\/schema.org\",\"@graph\":[{\"@type\":\"WebPage\",\"@id\":\"https:\\\/\\\/acuariosupremus.com\\\/?product=plato-plastico-alimentacion-lenta\",\"url\":\"https:\\\/\\\/acuariosupremus.com\\\/?product=plato-plastico-alimentacion-lenta\",\"name\":\"PLATO PLASTICO ALIMENTACION LENTA MED | Acuario Supremus\",\"isPartOf\":{\"@id\":\"https:\\\/\\\/acuariosupremus.com\\\/#website\"},\"primaryImageOfPage\":{\"@id\":\"https:\\\/\\\/acuariosupremus.com\\\/?product=plato-plastico-alimentacion-lenta#primaryimage\"},\"image\":{\"@id\":\"https:\\\/\\\/acuariosupremus.com\\\/?product=plato-plastico-alimentacion-lenta#primaryimage\"},\"thumbnailUrl\":\"https:\\\/\\\/acuariosupremus.com\\\/wp-content\\\/uploads\\\/2024\\\/06\\\/FL7332.png\",\"datePublished\":\"2024-06-13T21:49:22+00:00\",\"dateModified\":\"2026-02-02T20:36:13+00:00\",\"description\":\"El plato de lenta alimentaci\u00f3n es una excelente opci\u00f3n para ayudar a tu mascota a comer de forma m\u00e1s pausada y controlada.\",\"breadcrumb\":{\"@id\":\"https:\\\/\\\/acuariosupremus.com\\\/?product=plato-plastico-alimentacion-lenta#breadcrumb\"},\"inLanguage\":\"es\",\"potentialAction\":[{\"@type\":\"ReadAction\",\"target\":[\"https:\\\/\\\/acuariosupremus.com\\\/?product=plato-plastico-alimentacion-lenta\"]}]},{\"@type\":\"ImageObject\",\"inLanguage\":\"es\",\"@id\":\"https:\\\/\\\/acuariosupremus.com\\\/?product=plato-plastico-alimentacion-lenta#primaryimage\",\"url\":\"https:\\\/\\\/acuariosupremus.com\\\/wp-content\\\/uploads\\\/2024\\\/06\\\/FL7332.png\",\"contentUrl\":\"https:\\\/\\\/acuariosupremus.com\\\/wp-content\\\/uploads\\\/2024\\\/06\\\/FL7332.png\",\"width\":600,\"height\":600},{\"@type\":\"BreadcrumbList\",\"@id\":\"https:\\\/\\\/acuariosupremus.com\\\/?product=plato-plastico-alimentacion-lenta#breadcrumb\",\"itemListElement\":[{\"@type\":\"ListItem\",\"position\":1,\"name\":\"Portada\",\"item\":\"https:\\\/\\\/acuariosupremus.com\\\/\"},{\"@type\":\"ListItem\",\"position\":2,\"name\":\"Tienda\",\"item\":\"https:\\\/\\\/acuariosupremus.com\\\/tienda\\\/\"},{\"@type\":\"ListItem\",\"position\":3,\"name\":\"PLATO PLASTICO ALIMENTACION LENTA MED\"}]},{\"@type\":\"WebSite\",\"@id\":\"https:\\\/\\\/acuariosupremus.com\\\/#website\",\"url\":\"https:\\\/\\\/acuariosupremus.com\\\/\",\"name\":\"Acuario Supremus\",\"description\":\"Peces, Peceras y Mascotas.\",\"publisher\":{\"@id\":\"https:\\\/\\\/acuariosupremus.com\\\/#organization\"},\"potentialAction\":[{\"@type\":\"SearchAction\",\"target\":{\"@type\":\"EntryPoint\",\"urlTemplate\":\"https:\\\/\\\/acuariosupremus.com\\\/?s={search_term_string}\"},\"query-input\":{\"@type\":\"PropertyValueSpecification\",\"valueRequired\":true,\"valueName\":\"search_term_string\"}}],\"inLanguage\":\"es\"},{\"@type\":\"Organization\",\"@id\":\"https:\\\/\\\/acuariosupremus.com\\\/#organization\",\"name\":\"Acuario Supremus\",\"url\":\"https:\\\/\\\/acuariosupremus.com\\\/\",\"logo\":{\"@type\":\"ImageObject\",\"inLanguage\":\"es\",\"@id\":\"https:\\\/\\\/acuariosupremus.com\\\/#\\\/schema\\\/logo\\\/image\\\/\",\"url\":\"https:\\\/\\\/acuariosupremus.com\\\/wp-content\\\/uploads\\\/2021\\\/12\\\/cropped-logo_acuario_supremus_fn-2.png\",\"contentUrl\":\"https:\\\/\\\/acuariosupremus.com\\\/wp-content\\\/uploads\\\/2021\\\/12\\\/cropped-logo_acuario_supremus_fn-2.png\",\"width\":1000,\"height\":318,\"caption\":\"Acuario Supremus\"},\"image\":{\"@id\":\"https:\\\/\\\/acuariosupremus.com\\\/#\\\/schema\\\/logo\\\/image\\\/\"},\"sameAs\":[\"https:\\\/\\\/www.facebook.com\\\/AcuarioSupremus\",\"https:\\\/\\\/x.com\\\/AcuarioSupremus\",\"https:\\\/\\\/www.instagram.com\\\/acuariosupremus\\\/?hl=es\"]}]}<\/script>\n<!-- \/ Yoast SEO plugin. -->","yoast_head_json":{"title":"PLATO PLASTICO ALIMENTACION LENTA MED | Acuario Supremus","description":"El plato de lenta alimentaci\u00f3n es una excelente opci\u00f3n para ayudar a tu mascota a comer de forma m\u00e1s pausada y controlada.","robots":{"index":"index","follow":"follow","max-snippet":"max-snippet:-1","max-image-preview":"max-image-preview:large","max-video-preview":"max-video-preview:-1"},"canonical":"https:\/\/acuariosupremus.com\/?product=plato-plastico-alimentacion-lenta","og_locale":"es_MX","og_type":"article","og_title":"PLATO PLASTICO ALIMENTACION LENTA MED | Acuario Supremus","og_description":"El plato de lenta alimentaci\u00f3n es una excelente opci\u00f3n para ayudar a tu mascota a comer de forma m\u00e1s pausada y controlada.","og_url":"https:\/\/acuariosupremus.com\/?product=plato-plastico-alimentacion-lenta","og_site_name":"Acuario Supremus","article_publisher":"https:\/\/www.facebook.com\/AcuarioSupremus","article_modified_time":"2026-02-02T20:36:13+00:00","og_image":[{"width":600,"height":600,"url":"https:\/\/acuariosupremus.com\/wp-content\/uploads\/2024\/06\/FL7332.png","type":"image\/png"}],"twitter_card":"summary_large_image","twitter_site":"@AcuarioSupremus","twitter_misc":{"Tiempo de lectura":"1 minuto"},"schema":{"@context":"https:\/\/schema.org","@graph":[{"@type":"WebPage","@id":"https:\/\/acuariosupremus.com\/?product=plato-plastico-alimentacion-lenta","url":"https:\/\/acuariosupremus.com\/?product=plato-plastico-alimentacion-lenta","name":"PLATO PLASTICO ALIMENTACION LENTA MED | Acuario Supremus","isPartOf":{"@id":"https:\/\/acuariosupremus.com\/#website"},"primaryImageOfPage":{"@id":"https:\/\/acuariosupremus.com\/?product=plato-plastico-alimentacion-lenta#primaryimage"},"image":{"@id":"https:\/\/acuariosupremus.com\/?product=plato-plastico-alimentacion-lenta#primaryimage"},"thumbnailUrl":"https:\/\/acuariosupremus.com\/wp-content\/uploads\/2024\/06\/FL7332.png","datePublished":"2024-06-13T21:49:22+00:00","dateModified":"2026-02-02T20:36:13+00:00","description":"El plato de lenta alimentaci\u00f3n es una excelente opci\u00f3n para ayudar a tu mascota a comer de forma m\u00e1s pausada y controlada.","breadcrumb":{"@id":"https:\/\/acuariosupremus.com\/?product=plato-plastico-alimentacion-lenta#breadcrumb"},"inLanguage":"es","potentialAction":[{"@type":"ReadAction","target":["https:\/\/acuariosupremus.com\/?product=plato-plastico-alimentacion-lenta"]}]},{"@type":"ImageObject","inLanguage":"es","@id":"https:\/\/acuariosupremus.com\/?product=plato-plastico-alimentacion-lenta#primaryimage","url":"https:\/\/acuariosupremus.com\/wp-content\/uploads\/2024\/06\/FL7332.png","contentUrl":"https:\/\/acuariosupremus.com\/wp-content\/uploads\/2024\/06\/FL7332.png","width":600,"height":600},{"@type":"BreadcrumbList","@id":"https:\/\/acuariosupremus.com\/?product=plato-plastico-alimentacion-lenta#breadcrumb","itemListElement":[{"@type":"ListItem","position":1,"name":"Portada","item":"https:\/\/acuariosupremus.com\/"},{"@type":"ListItem","position":2,"name":"Tienda","item":"https:\/\/acuariosupremus.com\/tienda\/"},{"@type":"ListItem","position":3,"name":"PLATO PLASTICO ALIMENTACION LENTA MED"}]},{"@type":"WebSite","@id":"https:\/\/acuariosupremus.com\/#website","url":"https:\/\/acuariosupremus.com\/","name":"Acuario Supremus","description":"Peces, Peceras y Mascotas.","publisher":{"@id":"https:\/\/acuariosupremus.com\/#organization"},"potentialAction":[{"@type":"SearchAction","target":{"@type":"EntryPoint","urlTemplate":"https:\/\/acuariosupremus.com\/?s={search_term_string}"},"query-input":{"@type":"PropertyValueSpecification","valueRequired":true,"valueName":"search_term_string"}}],"inLanguage":"es"},{"@type":"Organization","@id":"https:\/\/acuariosupremus.com\/#organization","name":"Acuario Supremus","url":"https:\/\/acuariosupremus.com\/","logo":{"@type":"ImageObject","inLanguage":"es","@id":"https:\/\/acuariosupremus.com\/#\/schema\/logo\/image\/","url":"https:\/\/acuariosupremus.com\/wp-content\/uploads\/2021\/12\/cropped-logo_acuario_supremus_fn-2.png","contentUrl":"https:\/\/acuariosupremus.com\/wp-content\/uploads\/2021\/12\/cropped-logo_acuario_supremus_fn-2.png","width":1000,"height":318,"caption":"Acuario Supremus"},"image":{"@id":"https:\/\/acuariosupremus.com\/#\/schema\/logo\/image\/"},"sameAs":["https:\/\/www.facebook.com\/AcuarioSupremus","https:\/\/x.com\/AcuarioSupremus","https:\/\/www.instagram.com\/acuariosupremus\/?hl=es"]}]}},"jetpack_sharing_enabled":true,"_links":{"self":[{"href":"https:\/\/acuariosupremus.com\/index.php?rest_route=\/wp\/v2\/product\/11348","targetHints":{"allow":["GET"]}}],"collection":[{"href":"https:\/\/acuariosupremus.com\/index.php?rest_route=\/wp\/v2\/product"}],"about":[{"href":"https:\/\/acuariosupremus.com\/index.php?rest_route=\/wp\/v2\/types\/product"}],"wp:featuredmedia":[{"embeddable":true,"href":"https:\/\/acuariosupremus.com\/index.php?rest_route=\/wp\/v2\/media\/11349"}],"wp:attachment":[{"href":"https:\/\/acuariosupremus.com\/index.php?rest_route=%2Fwp%2Fv2%2Fmedia&parent=11348"}],"wp:term":[{"taxonomy":"product_brand","embeddable":true,"href":"https:\/\/acuariosupremus.com\/index.php?rest_route=%2Fwp%2Fv2%2Fproduct_brand&post=11348"},{"taxonomy":"product_cat","embeddable":true,"href":"https:\/\/acuariosupremus.com\/index.php?rest_route=%2Fwp%2Fv2%2Fproduct_cat&post=11348"},{"taxonomy":"product_tag","embeddable":true,"href":"https:\/\/acuariosupremus.com\/index.php?rest_route=%2Fwp%2Fv2%2Fproduct_tag&post=11348"}],"curies":[{"name":"wp","href":"https:\/\/api.w.org\/{rel}","templated":true}]}}