{"id":11410,"date":"2024-06-13T16:20:07","date_gmt":"2024-06-13T22:20:07","guid":{"rendered":"https:\/\/acuariosupremus.com\/?post_type=product&#038;p=11410"},"modified":"2026-02-02T14:37:22","modified_gmt":"2026-02-02T20:37:22","slug":"plato-plastico-64-oz","status":"publish","type":"product","link":"https:\/\/acuariosupremus.com\/?product=plato-plastico-64-oz","title":{"rendered":"PLATO PLASTICO 64 OZ."},"content":{"rendered":"<p>Beneficios:<br \/>\nCon agarradera para sujetar mejor al quitar y colocar el plato, Adecuado para perro y gato, De f\u00e1cil limpieza, ligero y resistente.<\/p>\n<p>Modo de uso \/ Precauciones y advertencias:<br \/>\nA\u00f1ada en cada compartimiento la cantidad de agua y comida que tu mascota requiere y d\u00e9jala disfrutar en su plato pl\u00e1stico 64 Oz. Para mantener el plato limpio, recuerda lavar con agua y jab\u00f3n al menos una vez al d\u00eda. Dejar secar antes de a\u00f1adir el alimento de la mascota para evitar que este se humedezca.<\/p>\n<p>Color: <strong>Colores surtidos<\/strong> Medidas: <strong>Di\u00e1metro: 25 cm Altura: 8 cm<\/strong>\u00a0Material: <strong>Pl\u00e1stico.<\/strong><\/p>\n","protected":false},"excerpt":{"rendered":"<p>El plato pl\u00e1stico de 64 Oz es una excelente opci\u00f3n para que tu cachorro disfrute de sus comidas con comodidad y estilo. Estos recipientes est\u00e1 dise\u00f1ado pensando en las necesidades de tu perro, proporcionando la altura y comodidad adecuadas para una correcta digesti\u00f3n.<\/p>\n","protected":false},"featured_media":11411,"template":"","meta":[],"product_brand":[106],"product_cat":[30,73,78,36],"product_tag":[441],"class_list":{"0":"post-11410","1":"product","2":"type-product","3":"status-publish","4":"has-post-thumbnail","6":"product_brand-fancypets","7":"product_cat-gatos","8":"product_cat-perros","9":"product_cat-dispensadores-perros","10":"product_cat-dispensadores-gatos","11":"product_tag-plato-doble-plastico","13":"first","14":"instock","15":"sale","16":"shipping-taxable","17":"purchasable","18":"product-type-simple"},"yoast_head":"<!-- This site is optimized with the Yoast SEO plugin v27.4 - https:\/\/yoast.com\/product\/yoast-seo-wordpress\/ -->\n<title>PLATO PLASTICO 64 OZ. | Acuario Supremus<\/title>\n<meta name=\"description\" content=\"El plato plastico de 64 Oz es una excelente opci\u00f3n para que tu cachorro disfrute de sus comidas con comodidad y estilo, para una correcta digesti\u00f3n.\" \/>\n<meta name=\"robots\" content=\"index, follow, max-snippet:-1, max-image-preview:large, max-video-preview:-1\" \/>\n<link rel=\"canonical\" href=\"https:\/\/acuariosupremus.com\/?product=plato-plastico-64-oz\" \/>\n<meta property=\"og:locale\" content=\"es_MX\" \/>\n<meta property=\"og:type\" content=\"article\" \/>\n<meta property=\"og:title\" content=\"PLATO PLASTICO 64 OZ. | Acuario Supremus\" \/>\n<meta property=\"og:description\" content=\"El plato plastico de 64 Oz es una excelente opci\u00f3n para que tu cachorro disfrute de sus comidas con comodidad y estilo, para una correcta digesti\u00f3n.\" \/>\n<meta property=\"og:url\" content=\"https:\/\/acuariosupremus.com\/?product=plato-plastico-64-oz\" \/>\n<meta property=\"og:site_name\" content=\"Acuario Supremus\" \/>\n<meta property=\"article:publisher\" content=\"https:\/\/www.facebook.com\/AcuarioSupremus\" \/>\n<meta property=\"article:modified_time\" content=\"2026-02-02T20:37:22+00:00\" \/>\n<meta property=\"og:image\" content=\"https:\/\/acuariosupremus.com\/wp-content\/uploads\/2024\/06\/FL7337_N_F.png\" \/>\n\t<meta property=\"og:image:width\" content=\"600\" \/>\n\t<meta property=\"og:image:height\" content=\"600\" \/>\n\t<meta property=\"og:image:type\" content=\"image\/png\" \/>\n<meta name=\"twitter:card\" content=\"summary_large_image\" \/>\n<meta name=\"twitter:site\" content=\"@AcuarioSupremus\" \/>\n<meta name=\"twitter:label1\" content=\"Tiempo de lectura\" \/>\n\t<meta name=\"twitter:data1\" content=\"1 minuto\" \/>\n<script type=\"application\/ld+json\" class=\"yoast-schema-graph\">{\"@context\":\"https:\\\/\\\/schema.org\",\"@graph\":[{\"@type\":\"WebPage\",\"@id\":\"https:\\\/\\\/acuariosupremus.com\\\/?product=plato-plastico-64-oz\",\"url\":\"https:\\\/\\\/acuariosupremus.com\\\/?product=plato-plastico-64-oz\",\"name\":\"PLATO PLASTICO 64 OZ. | Acuario Supremus\",\"isPartOf\":{\"@id\":\"https:\\\/\\\/acuariosupremus.com\\\/#website\"},\"primaryImageOfPage\":{\"@id\":\"https:\\\/\\\/acuariosupremus.com\\\/?product=plato-plastico-64-oz#primaryimage\"},\"image\":{\"@id\":\"https:\\\/\\\/acuariosupremus.com\\\/?product=plato-plastico-64-oz#primaryimage\"},\"thumbnailUrl\":\"https:\\\/\\\/acuariosupremus.com\\\/wp-content\\\/uploads\\\/2024\\\/06\\\/FL7337_N_F.png\",\"datePublished\":\"2024-06-13T22:20:07+00:00\",\"dateModified\":\"2026-02-02T20:37:22+00:00\",\"description\":\"El plato plastico de 64 Oz es una excelente opci\u00f3n para que tu cachorro disfrute de sus comidas con comodidad y estilo, para una correcta digesti\u00f3n.\",\"breadcrumb\":{\"@id\":\"https:\\\/\\\/acuariosupremus.com\\\/?product=plato-plastico-64-oz#breadcrumb\"},\"inLanguage\":\"es\",\"potentialAction\":[{\"@type\":\"ReadAction\",\"target\":[\"https:\\\/\\\/acuariosupremus.com\\\/?product=plato-plastico-64-oz\"]}]},{\"@type\":\"ImageObject\",\"inLanguage\":\"es\",\"@id\":\"https:\\\/\\\/acuariosupremus.com\\\/?product=plato-plastico-64-oz#primaryimage\",\"url\":\"https:\\\/\\\/acuariosupremus.com\\\/wp-content\\\/uploads\\\/2024\\\/06\\\/FL7337_N_F.png\",\"contentUrl\":\"https:\\\/\\\/acuariosupremus.com\\\/wp-content\\\/uploads\\\/2024\\\/06\\\/FL7337_N_F.png\",\"width\":600,\"height\":600},{\"@type\":\"BreadcrumbList\",\"@id\":\"https:\\\/\\\/acuariosupremus.com\\\/?product=plato-plastico-64-oz#breadcrumb\",\"itemListElement\":[{\"@type\":\"ListItem\",\"position\":1,\"name\":\"Portada\",\"item\":\"https:\\\/\\\/acuariosupremus.com\\\/\"},{\"@type\":\"ListItem\",\"position\":2,\"name\":\"Tienda\",\"item\":\"https:\\\/\\\/acuariosupremus.com\\\/tienda\\\/\"},{\"@type\":\"ListItem\",\"position\":3,\"name\":\"PLATO PLASTICO 64 OZ.\"}]},{\"@type\":\"WebSite\",\"@id\":\"https:\\\/\\\/acuariosupremus.com\\\/#website\",\"url\":\"https:\\\/\\\/acuariosupremus.com\\\/\",\"name\":\"Acuario Supremus\",\"description\":\"Peces, Peceras y Mascotas.\",\"publisher\":{\"@id\":\"https:\\\/\\\/acuariosupremus.com\\\/#organization\"},\"potentialAction\":[{\"@type\":\"SearchAction\",\"target\":{\"@type\":\"EntryPoint\",\"urlTemplate\":\"https:\\\/\\\/acuariosupremus.com\\\/?s={search_term_string}\"},\"query-input\":{\"@type\":\"PropertyValueSpecification\",\"valueRequired\":true,\"valueName\":\"search_term_string\"}}],\"inLanguage\":\"es\"},{\"@type\":\"Organization\",\"@id\":\"https:\\\/\\\/acuariosupremus.com\\\/#organization\",\"name\":\"Acuario Supremus\",\"url\":\"https:\\\/\\\/acuariosupremus.com\\\/\",\"logo\":{\"@type\":\"ImageObject\",\"inLanguage\":\"es\",\"@id\":\"https:\\\/\\\/acuariosupremus.com\\\/#\\\/schema\\\/logo\\\/image\\\/\",\"url\":\"https:\\\/\\\/acuariosupremus.com\\\/wp-content\\\/uploads\\\/2021\\\/12\\\/cropped-logo_acuario_supremus_fn-2.png\",\"contentUrl\":\"https:\\\/\\\/acuariosupremus.com\\\/wp-content\\\/uploads\\\/2021\\\/12\\\/cropped-logo_acuario_supremus_fn-2.png\",\"width\":1000,\"height\":318,\"caption\":\"Acuario Supremus\"},\"image\":{\"@id\":\"https:\\\/\\\/acuariosupremus.com\\\/#\\\/schema\\\/logo\\\/image\\\/\"},\"sameAs\":[\"https:\\\/\\\/www.facebook.com\\\/AcuarioSupremus\",\"https:\\\/\\\/x.com\\\/AcuarioSupremus\",\"https:\\\/\\\/www.instagram.com\\\/acuariosupremus\\\/?hl=es\"]}]}<\/script>\n<!-- \/ Yoast SEO plugin. -->","yoast_head_json":{"title":"PLATO PLASTICO 64 OZ. | Acuario Supremus","description":"El plato plastico de 64 Oz es una excelente opci\u00f3n para que tu cachorro disfrute de sus comidas con comodidad y estilo, para una correcta digesti\u00f3n.","robots":{"index":"index","follow":"follow","max-snippet":"max-snippet:-1","max-image-preview":"max-image-preview:large","max-video-preview":"max-video-preview:-1"},"canonical":"https:\/\/acuariosupremus.com\/?product=plato-plastico-64-oz","og_locale":"es_MX","og_type":"article","og_title":"PLATO PLASTICO 64 OZ. | Acuario Supremus","og_description":"El plato plastico de 64 Oz es una excelente opci\u00f3n para que tu cachorro disfrute de sus comidas con comodidad y estilo, para una correcta digesti\u00f3n.","og_url":"https:\/\/acuariosupremus.com\/?product=plato-plastico-64-oz","og_site_name":"Acuario Supremus","article_publisher":"https:\/\/www.facebook.com\/AcuarioSupremus","article_modified_time":"2026-02-02T20:37:22+00:00","og_image":[{"width":600,"height":600,"url":"https:\/\/acuariosupremus.com\/wp-content\/uploads\/2024\/06\/FL7337_N_F.png","type":"image\/png"}],"twitter_card":"summary_large_image","twitter_site":"@AcuarioSupremus","twitter_misc":{"Tiempo de lectura":"1 minuto"},"schema":{"@context":"https:\/\/schema.org","@graph":[{"@type":"WebPage","@id":"https:\/\/acuariosupremus.com\/?product=plato-plastico-64-oz","url":"https:\/\/acuariosupremus.com\/?product=plato-plastico-64-oz","name":"PLATO PLASTICO 64 OZ. | Acuario Supremus","isPartOf":{"@id":"https:\/\/acuariosupremus.com\/#website"},"primaryImageOfPage":{"@id":"https:\/\/acuariosupremus.com\/?product=plato-plastico-64-oz#primaryimage"},"image":{"@id":"https:\/\/acuariosupremus.com\/?product=plato-plastico-64-oz#primaryimage"},"thumbnailUrl":"https:\/\/acuariosupremus.com\/wp-content\/uploads\/2024\/06\/FL7337_N_F.png","datePublished":"2024-06-13T22:20:07+00:00","dateModified":"2026-02-02T20:37:22+00:00","description":"El plato plastico de 64 Oz es una excelente opci\u00f3n para que tu cachorro disfrute de sus comidas con comodidad y estilo, para una correcta digesti\u00f3n.","breadcrumb":{"@id":"https:\/\/acuariosupremus.com\/?product=plato-plastico-64-oz#breadcrumb"},"inLanguage":"es","potentialAction":[{"@type":"ReadAction","target":["https:\/\/acuariosupremus.com\/?product=plato-plastico-64-oz"]}]},{"@type":"ImageObject","inLanguage":"es","@id":"https:\/\/acuariosupremus.com\/?product=plato-plastico-64-oz#primaryimage","url":"https:\/\/acuariosupremus.com\/wp-content\/uploads\/2024\/06\/FL7337_N_F.png","contentUrl":"https:\/\/acuariosupremus.com\/wp-content\/uploads\/2024\/06\/FL7337_N_F.png","width":600,"height":600},{"@type":"BreadcrumbList","@id":"https:\/\/acuariosupremus.com\/?product=plato-plastico-64-oz#breadcrumb","itemListElement":[{"@type":"ListItem","position":1,"name":"Portada","item":"https:\/\/acuariosupremus.com\/"},{"@type":"ListItem","position":2,"name":"Tienda","item":"https:\/\/acuariosupremus.com\/tienda\/"},{"@type":"ListItem","position":3,"name":"PLATO PLASTICO 64 OZ."}]},{"@type":"WebSite","@id":"https:\/\/acuariosupremus.com\/#website","url":"https:\/\/acuariosupremus.com\/","name":"Acuario Supremus","description":"Peces, Peceras y Mascotas.","publisher":{"@id":"https:\/\/acuariosupremus.com\/#organization"},"potentialAction":[{"@type":"SearchAction","target":{"@type":"EntryPoint","urlTemplate":"https:\/\/acuariosupremus.com\/?s={search_term_string}"},"query-input":{"@type":"PropertyValueSpecification","valueRequired":true,"valueName":"search_term_string"}}],"inLanguage":"es"},{"@type":"Organization","@id":"https:\/\/acuariosupremus.com\/#organization","name":"Acuario Supremus","url":"https:\/\/acuariosupremus.com\/","logo":{"@type":"ImageObject","inLanguage":"es","@id":"https:\/\/acuariosupremus.com\/#\/schema\/logo\/image\/","url":"https:\/\/acuariosupremus.com\/wp-content\/uploads\/2021\/12\/cropped-logo_acuario_supremus_fn-2.png","contentUrl":"https:\/\/acuariosupremus.com\/wp-content\/uploads\/2021\/12\/cropped-logo_acuario_supremus_fn-2.png","width":1000,"height":318,"caption":"Acuario Supremus"},"image":{"@id":"https:\/\/acuariosupremus.com\/#\/schema\/logo\/image\/"},"sameAs":["https:\/\/www.facebook.com\/AcuarioSupremus","https:\/\/x.com\/AcuarioSupremus","https:\/\/www.instagram.com\/acuariosupremus\/?hl=es"]}]}},"jetpack_sharing_enabled":true,"_links":{"self":[{"href":"https:\/\/acuariosupremus.com\/index.php?rest_route=\/wp\/v2\/product\/11410","targetHints":{"allow":["GET"]}}],"collection":[{"href":"https:\/\/acuariosupremus.com\/index.php?rest_route=\/wp\/v2\/product"}],"about":[{"href":"https:\/\/acuariosupremus.com\/index.php?rest_route=\/wp\/v2\/types\/product"}],"wp:featuredmedia":[{"embeddable":true,"href":"https:\/\/acuariosupremus.com\/index.php?rest_route=\/wp\/v2\/media\/11411"}],"wp:attachment":[{"href":"https:\/\/acuariosupremus.com\/index.php?rest_route=%2Fwp%2Fv2%2Fmedia&parent=11410"}],"wp:term":[{"taxonomy":"product_brand","embeddable":true,"href":"https:\/\/acuariosupremus.com\/index.php?rest_route=%2Fwp%2Fv2%2Fproduct_brand&post=11410"},{"taxonomy":"product_cat","embeddable":true,"href":"https:\/\/acuariosupremus.com\/index.php?rest_route=%2Fwp%2Fv2%2Fproduct_cat&post=11410"},{"taxonomy":"product_tag","embeddable":true,"href":"https:\/\/acuariosupremus.com\/index.php?rest_route=%2Fwp%2Fv2%2Fproduct_tag&post=11410"}],"curies":[{"name":"wp","href":"https:\/\/api.w.org\/{rel}","templated":true}]}}