{"id":11433,"date":"2024-06-13T17:04:34","date_gmt":"2024-06-13T23:04:34","guid":{"rendered":"https:\/\/acuariosupremus.com\/?post_type=product&#038;p=11433"},"modified":"2025-12-19T20:43:24","modified_gmt":"2025-12-20T02:43:24","slug":"spectrum-pro-iii-led-60-cm","status":"publish","type":"product","link":"https:\/\/acuariosupremus.com\/?product=spectrum-pro-iii-led-60-cm","title":{"rendered":"SPECTRUM PRO III LED 60 cm."},"content":{"rendered":"<div id=\"tab-label-product.info.beneficios\" class=\"data item title active\" tabindex=\"0\" role=\"tab\" aria-labeledby=\"tab-label-product.info.beneficios-title\" data-role=\"collapsible\" data-collapsible=\"true\" aria-controls=\"product.info.beneficios\" aria-selected=\"true\" aria-expanded=\"true\">BENEFICIOS<\/div>\n<div id=\"product.info.beneficios\" class=\"data item content\" role=\"tabpanel\" data-role=\"content\" aria-labelledby=\"tab-label-product.info.beneficios\" aria-hidden=\"false\">\n<div class=\"product attribute beneficios\">\n<div class=\"value\">\u2022Bajo consumo.<\/div>\n<div class=\"value\">\u2022Tecnolog\u00eda LED que tiene una vida muy larga de uso.<\/div>\n<div class=\"value\">\u2022Alta resistencia a golpes.<\/div>\n<div class=\"value\">\u2022Se puede utilizar en acuarios de agua dulce y salada.<\/div>\n<div class=\"value\">\u2022Ideal para acuarios plantados de bajos requerimientos.<\/div>\n<div>\n<div id=\"tab-label-product.info.ingredientes.modo.de.uso\" class=\"data item title active\" tabindex=\"0\" role=\"tab\" aria-labeledby=\"tab-label-product.info.ingredientes.modo.de.uso-title\" data-role=\"collapsible\" data-collapsible=\"true\" aria-controls=\"product.info.ingredientes.modo.de.uso\" aria-selected=\"true\" aria-expanded=\"true\">MODO DE USO \/ PRECAUCIONES Y ADVERTENCIAS<\/div>\n<div id=\"product.info.ingredientes.modo.de.uso\" class=\"data item content\" role=\"tabpanel\" data-role=\"content\" aria-labelledby=\"tab-label-product.info.ingredientes.modo.de.uso\" aria-hidden=\"false\">\n<div class=\"product attribute modo_de_uso_precuaciones_y_adv\">\n<div class=\"value\">1. Evite el contacto directo del equipo con el agua; si llegara a suceder, desconecte de inmediato del toma corriente.<\/div>\n<div class=\"value\">2. No utilice el equipo si tiene el cable o la clavija da\u00f1ados, si no funciona correctamente, si se ha golpeado o da\u00f1ado de cualquier manera.<\/div>\n<div class=\"value\">3. Para evitar riesgos de corto circuito, conecta la clavija con un contacto de pared de manera que una parte del cable quede por debajo del nivel del toma corriente. Esto impedir\u00e1 que un goteo accidental moje el enchufe.<\/div>\n<div class=\"value\">4. Si llegara a mojarse la clavija o el toma corriente, no toque el cable hasta haber desconectado la corriente el\u00e9ctrica desde un tablero de control o una caja de fusibles. Una vez que haya cortado la corriente el\u00e9ctrica, examine el enchufe para ver si hay agua presente.<\/div>\n<div class=\"value\">5. Siempre desconecte el equipo del toma corriente cuando no lo est\u00e9 utilizando. Nunca tire del cable para desconectar el aparato; tome la clavija con la mano y tire de ella.<\/div>\n<div class=\"value\">6. No le d\u00e9 al equipo otro uso que no sea el descrito. Utilice siempre accesorios de marca SPECTRUM III LED.<\/div>\n<div class=\"value\">7. No guarde o instale el equipo a la intemperie.<\/div>\n<div class=\"value\">8. Si es necesario a\u00f1adir una extensi\u00f3n, utilice una de igual o mayor capacidad que la del equipo. Es posible que las extensiones con capacidades de amperaje o potencia en vatios menor se sobre calienten.<\/div>\n<div>Medidas: <strong>55 cm<\/strong> x 7 cm\u00a0Potencia: <strong>15W<\/strong><\/div>\n<\/div>\n<\/div>\n<\/div>\n<\/div>\n<\/div>\n","protected":false},"excerpt":{"rendered":"<p>Las l\u00e1mparas a\u00e9reas SPECTRUM PRO de Lomas para acuario, cumplen el objetivo de recrear la luz solar en tu peque\u00f1o<br \/>\necosistema acu\u00e1tico cubriendo requerimientos en especial para acuarios plantados con bajos requerimientos. Se pueden adaptar en acuarios de agua dulce y marinos, resaltar la belleza del acuario gracias a las tres funciones de iluminaci\u00f3n, para resaltar la belleza del acuario.<\/p>\n","protected":false},"featured_media":11434,"template":"","meta":[],"product_brand":[105],"product_cat":[40,50],"product_tag":[200,262,198,185,206],"class_list":{"0":"post-11433","1":"product","2":"type-product","3":"status-publish","4":"has-post-thumbnail","6":"product_brand-lomas","7":"product_cat-peces","8":"product_cat-lamparas-luz-uv-y-focos","9":"product_tag-60-cm","10":"product_tag-lampara-spectrum-pro-iii","11":"product_tag-led","12":"product_tag-peces-marinos","13":"product_tag-peces-tropicales","15":"first","16":"instock","17":"sale","18":"shipping-taxable","19":"purchasable","20":"product-type-simple"},"yoast_head":"<!-- This site is optimized with the Yoast SEO plugin v27.4 - https:\/\/yoast.com\/product\/yoast-seo-wordpress\/ -->\n<title>SPECTRUM PRO III LED 60 cm. | Acuario Supremus<\/title>\n<meta name=\"description\" content=\"Las l\u00e1mparas a\u00e9reas SPECTRUM PRO 60 cm de Lomas para acuario, cumplen el objetivo de recrear la luz solar en tu peque\u00f1o ecosistema acu\u00e1tico.\" \/>\n<meta name=\"robots\" content=\"index, follow, max-snippet:-1, max-image-preview:large, max-video-preview:-1\" \/>\n<link rel=\"canonical\" href=\"https:\/\/acuariosupremus.com\/?product=spectrum-pro-iii-led-60-cm\" \/>\n<meta property=\"og:locale\" content=\"es_MX\" \/>\n<meta property=\"og:type\" content=\"article\" \/>\n<meta property=\"og:title\" content=\"SPECTRUM PRO III LED 60 cm. | Acuario Supremus\" \/>\n<meta property=\"og:description\" content=\"Las l\u00e1mparas a\u00e9reas SPECTRUM PRO 60 cm de Lomas para acuario, cumplen el objetivo de recrear la luz solar en tu peque\u00f1o ecosistema acu\u00e1tico.\" \/>\n<meta property=\"og:url\" content=\"https:\/\/acuariosupremus.com\/?product=spectrum-pro-iii-led-60-cm\" \/>\n<meta property=\"og:site_name\" content=\"Acuario Supremus\" \/>\n<meta property=\"article:publisher\" content=\"https:\/\/www.facebook.com\/AcuarioSupremus\" \/>\n<meta property=\"article:modified_time\" content=\"2025-12-20T02:43:24+00:00\" \/>\n<meta property=\"og:image\" content=\"https:\/\/acuariosupremus.com\/wp-content\/uploads\/2024\/06\/FL7361_K_F.png\" \/>\n\t<meta property=\"og:image:width\" content=\"600\" \/>\n\t<meta property=\"og:image:height\" content=\"600\" \/>\n\t<meta property=\"og:image:type\" content=\"image\/png\" \/>\n<meta name=\"twitter:card\" content=\"summary_large_image\" \/>\n<meta name=\"twitter:site\" content=\"@AcuarioSupremus\" \/>\n<meta name=\"twitter:label1\" content=\"Tiempo de lectura\" \/>\n\t<meta name=\"twitter:data1\" content=\"2 minutos\" \/>\n<script type=\"application\/ld+json\" class=\"yoast-schema-graph\">{\"@context\":\"https:\\\/\\\/schema.org\",\"@graph\":[{\"@type\":\"WebPage\",\"@id\":\"https:\\\/\\\/acuariosupremus.com\\\/?product=spectrum-pro-iii-led-60-cm\",\"url\":\"https:\\\/\\\/acuariosupremus.com\\\/?product=spectrum-pro-iii-led-60-cm\",\"name\":\"SPECTRUM PRO III LED 60 cm. | Acuario Supremus\",\"isPartOf\":{\"@id\":\"https:\\\/\\\/acuariosupremus.com\\\/#website\"},\"primaryImageOfPage\":{\"@id\":\"https:\\\/\\\/acuariosupremus.com\\\/?product=spectrum-pro-iii-led-60-cm#primaryimage\"},\"image\":{\"@id\":\"https:\\\/\\\/acuariosupremus.com\\\/?product=spectrum-pro-iii-led-60-cm#primaryimage\"},\"thumbnailUrl\":\"https:\\\/\\\/acuariosupremus.com\\\/wp-content\\\/uploads\\\/2024\\\/06\\\/FL7361_K_F.png\",\"datePublished\":\"2024-06-13T23:04:34+00:00\",\"dateModified\":\"2025-12-20T02:43:24+00:00\",\"description\":\"Las l\u00e1mparas a\u00e9reas SPECTRUM PRO 60 cm de Lomas para acuario, cumplen el objetivo de recrear la luz solar en tu peque\u00f1o ecosistema acu\u00e1tico.\",\"breadcrumb\":{\"@id\":\"https:\\\/\\\/acuariosupremus.com\\\/?product=spectrum-pro-iii-led-60-cm#breadcrumb\"},\"inLanguage\":\"es\",\"potentialAction\":[{\"@type\":\"ReadAction\",\"target\":[\"https:\\\/\\\/acuariosupremus.com\\\/?product=spectrum-pro-iii-led-60-cm\"]}]},{\"@type\":\"ImageObject\",\"inLanguage\":\"es\",\"@id\":\"https:\\\/\\\/acuariosupremus.com\\\/?product=spectrum-pro-iii-led-60-cm#primaryimage\",\"url\":\"https:\\\/\\\/acuariosupremus.com\\\/wp-content\\\/uploads\\\/2024\\\/06\\\/FL7361_K_F.png\",\"contentUrl\":\"https:\\\/\\\/acuariosupremus.com\\\/wp-content\\\/uploads\\\/2024\\\/06\\\/FL7361_K_F.png\",\"width\":600,\"height\":600},{\"@type\":\"BreadcrumbList\",\"@id\":\"https:\\\/\\\/acuariosupremus.com\\\/?product=spectrum-pro-iii-led-60-cm#breadcrumb\",\"itemListElement\":[{\"@type\":\"ListItem\",\"position\":1,\"name\":\"Portada\",\"item\":\"https:\\\/\\\/acuariosupremus.com\\\/\"},{\"@type\":\"ListItem\",\"position\":2,\"name\":\"Tienda\",\"item\":\"https:\\\/\\\/acuariosupremus.com\\\/tienda\\\/\"},{\"@type\":\"ListItem\",\"position\":3,\"name\":\"SPECTRUM PRO III LED 60 cm.\"}]},{\"@type\":\"WebSite\",\"@id\":\"https:\\\/\\\/acuariosupremus.com\\\/#website\",\"url\":\"https:\\\/\\\/acuariosupremus.com\\\/\",\"name\":\"Acuario Supremus\",\"description\":\"Peces, Peceras y Mascotas.\",\"publisher\":{\"@id\":\"https:\\\/\\\/acuariosupremus.com\\\/#organization\"},\"potentialAction\":[{\"@type\":\"SearchAction\",\"target\":{\"@type\":\"EntryPoint\",\"urlTemplate\":\"https:\\\/\\\/acuariosupremus.com\\\/?s={search_term_string}\"},\"query-input\":{\"@type\":\"PropertyValueSpecification\",\"valueRequired\":true,\"valueName\":\"search_term_string\"}}],\"inLanguage\":\"es\"},{\"@type\":\"Organization\",\"@id\":\"https:\\\/\\\/acuariosupremus.com\\\/#organization\",\"name\":\"Acuario Supremus\",\"url\":\"https:\\\/\\\/acuariosupremus.com\\\/\",\"logo\":{\"@type\":\"ImageObject\",\"inLanguage\":\"es\",\"@id\":\"https:\\\/\\\/acuariosupremus.com\\\/#\\\/schema\\\/logo\\\/image\\\/\",\"url\":\"https:\\\/\\\/acuariosupremus.com\\\/wp-content\\\/uploads\\\/2021\\\/12\\\/cropped-logo_acuario_supremus_fn-2.png\",\"contentUrl\":\"https:\\\/\\\/acuariosupremus.com\\\/wp-content\\\/uploads\\\/2021\\\/12\\\/cropped-logo_acuario_supremus_fn-2.png\",\"width\":1000,\"height\":318,\"caption\":\"Acuario Supremus\"},\"image\":{\"@id\":\"https:\\\/\\\/acuariosupremus.com\\\/#\\\/schema\\\/logo\\\/image\\\/\"},\"sameAs\":[\"https:\\\/\\\/www.facebook.com\\\/AcuarioSupremus\",\"https:\\\/\\\/x.com\\\/AcuarioSupremus\",\"https:\\\/\\\/www.instagram.com\\\/acuariosupremus\\\/?hl=es\"]}]}<\/script>\n<!-- \/ Yoast SEO plugin. -->","yoast_head_json":{"title":"SPECTRUM PRO III LED 60 cm. | Acuario Supremus","description":"Las l\u00e1mparas a\u00e9reas SPECTRUM PRO 60 cm de Lomas para acuario, cumplen el objetivo de recrear la luz solar en tu peque\u00f1o ecosistema acu\u00e1tico.","robots":{"index":"index","follow":"follow","max-snippet":"max-snippet:-1","max-image-preview":"max-image-preview:large","max-video-preview":"max-video-preview:-1"},"canonical":"https:\/\/acuariosupremus.com\/?product=spectrum-pro-iii-led-60-cm","og_locale":"es_MX","og_type":"article","og_title":"SPECTRUM PRO III LED 60 cm. | Acuario Supremus","og_description":"Las l\u00e1mparas a\u00e9reas SPECTRUM PRO 60 cm de Lomas para acuario, cumplen el objetivo de recrear la luz solar en tu peque\u00f1o ecosistema acu\u00e1tico.","og_url":"https:\/\/acuariosupremus.com\/?product=spectrum-pro-iii-led-60-cm","og_site_name":"Acuario Supremus","article_publisher":"https:\/\/www.facebook.com\/AcuarioSupremus","article_modified_time":"2025-12-20T02:43:24+00:00","og_image":[{"width":600,"height":600,"url":"https:\/\/acuariosupremus.com\/wp-content\/uploads\/2024\/06\/FL7361_K_F.png","type":"image\/png"}],"twitter_card":"summary_large_image","twitter_site":"@AcuarioSupremus","twitter_misc":{"Tiempo de lectura":"2 minutos"},"schema":{"@context":"https:\/\/schema.org","@graph":[{"@type":"WebPage","@id":"https:\/\/acuariosupremus.com\/?product=spectrum-pro-iii-led-60-cm","url":"https:\/\/acuariosupremus.com\/?product=spectrum-pro-iii-led-60-cm","name":"SPECTRUM PRO III LED 60 cm. | Acuario Supremus","isPartOf":{"@id":"https:\/\/acuariosupremus.com\/#website"},"primaryImageOfPage":{"@id":"https:\/\/acuariosupremus.com\/?product=spectrum-pro-iii-led-60-cm#primaryimage"},"image":{"@id":"https:\/\/acuariosupremus.com\/?product=spectrum-pro-iii-led-60-cm#primaryimage"},"thumbnailUrl":"https:\/\/acuariosupremus.com\/wp-content\/uploads\/2024\/06\/FL7361_K_F.png","datePublished":"2024-06-13T23:04:34+00:00","dateModified":"2025-12-20T02:43:24+00:00","description":"Las l\u00e1mparas a\u00e9reas SPECTRUM PRO 60 cm de Lomas para acuario, cumplen el objetivo de recrear la luz solar en tu peque\u00f1o ecosistema acu\u00e1tico.","breadcrumb":{"@id":"https:\/\/acuariosupremus.com\/?product=spectrum-pro-iii-led-60-cm#breadcrumb"},"inLanguage":"es","potentialAction":[{"@type":"ReadAction","target":["https:\/\/acuariosupremus.com\/?product=spectrum-pro-iii-led-60-cm"]}]},{"@type":"ImageObject","inLanguage":"es","@id":"https:\/\/acuariosupremus.com\/?product=spectrum-pro-iii-led-60-cm#primaryimage","url":"https:\/\/acuariosupremus.com\/wp-content\/uploads\/2024\/06\/FL7361_K_F.png","contentUrl":"https:\/\/acuariosupremus.com\/wp-content\/uploads\/2024\/06\/FL7361_K_F.png","width":600,"height":600},{"@type":"BreadcrumbList","@id":"https:\/\/acuariosupremus.com\/?product=spectrum-pro-iii-led-60-cm#breadcrumb","itemListElement":[{"@type":"ListItem","position":1,"name":"Portada","item":"https:\/\/acuariosupremus.com\/"},{"@type":"ListItem","position":2,"name":"Tienda","item":"https:\/\/acuariosupremus.com\/tienda\/"},{"@type":"ListItem","position":3,"name":"SPECTRUM PRO III LED 60 cm."}]},{"@type":"WebSite","@id":"https:\/\/acuariosupremus.com\/#website","url":"https:\/\/acuariosupremus.com\/","name":"Acuario Supremus","description":"Peces, Peceras y Mascotas.","publisher":{"@id":"https:\/\/acuariosupremus.com\/#organization"},"potentialAction":[{"@type":"SearchAction","target":{"@type":"EntryPoint","urlTemplate":"https:\/\/acuariosupremus.com\/?s={search_term_string}"},"query-input":{"@type":"PropertyValueSpecification","valueRequired":true,"valueName":"search_term_string"}}],"inLanguage":"es"},{"@type":"Organization","@id":"https:\/\/acuariosupremus.com\/#organization","name":"Acuario Supremus","url":"https:\/\/acuariosupremus.com\/","logo":{"@type":"ImageObject","inLanguage":"es","@id":"https:\/\/acuariosupremus.com\/#\/schema\/logo\/image\/","url":"https:\/\/acuariosupremus.com\/wp-content\/uploads\/2021\/12\/cropped-logo_acuario_supremus_fn-2.png","contentUrl":"https:\/\/acuariosupremus.com\/wp-content\/uploads\/2021\/12\/cropped-logo_acuario_supremus_fn-2.png","width":1000,"height":318,"caption":"Acuario Supremus"},"image":{"@id":"https:\/\/acuariosupremus.com\/#\/schema\/logo\/image\/"},"sameAs":["https:\/\/www.facebook.com\/AcuarioSupremus","https:\/\/x.com\/AcuarioSupremus","https:\/\/www.instagram.com\/acuariosupremus\/?hl=es"]}]}},"jetpack_sharing_enabled":true,"_links":{"self":[{"href":"https:\/\/acuariosupremus.com\/index.php?rest_route=\/wp\/v2\/product\/11433","targetHints":{"allow":["GET"]}}],"collection":[{"href":"https:\/\/acuariosupremus.com\/index.php?rest_route=\/wp\/v2\/product"}],"about":[{"href":"https:\/\/acuariosupremus.com\/index.php?rest_route=\/wp\/v2\/types\/product"}],"wp:featuredmedia":[{"embeddable":true,"href":"https:\/\/acuariosupremus.com\/index.php?rest_route=\/wp\/v2\/media\/11434"}],"wp:attachment":[{"href":"https:\/\/acuariosupremus.com\/index.php?rest_route=%2Fwp%2Fv2%2Fmedia&parent=11433"}],"wp:term":[{"taxonomy":"product_brand","embeddable":true,"href":"https:\/\/acuariosupremus.com\/index.php?rest_route=%2Fwp%2Fv2%2Fproduct_brand&post=11433"},{"taxonomy":"product_cat","embeddable":true,"href":"https:\/\/acuariosupremus.com\/index.php?rest_route=%2Fwp%2Fv2%2Fproduct_cat&post=11433"},{"taxonomy":"product_tag","embeddable":true,"href":"https:\/\/acuariosupremus.com\/index.php?rest_route=%2Fwp%2Fv2%2Fproduct_tag&post=11433"}],"curies":[{"name":"wp","href":"https:\/\/api.w.org\/{rel}","templated":true}]}}