{"id":11489,"date":"2024-06-19T16:22:20","date_gmt":"2024-06-19T22:22:20","guid":{"rendered":"https:\/\/acuariosupremus.com\/?post_type=product&#038;p=11489"},"modified":"2026-04-29T18:36:36","modified_gmt":"2026-04-30T00:36:36","slug":"redkite-tonico-p-aves-catarro","status":"publish","type":"product","link":"https:\/\/acuariosupremus.com\/?product=redkite-tonico-p-aves-catarro","title":{"rendered":"REDKITE TONICO P\/AVES- CATARRO"},"content":{"rendered":"<div id=\"tab-label-product.info.beneficios\" class=\"data item title active\" tabindex=\"0\" role=\"tab\" aria-labeledby=\"tab-label-product.info.beneficios-title\" data-role=\"collapsible\" data-collapsible=\"true\" aria-controls=\"product.info.beneficios\" aria-selected=\"true\" aria-expanded=\"true\">BENEFICIOS<\/div>\n<div id=\"product.info.beneficios\" class=\"data item content\" role=\"tabpanel\" data-role=\"content\" aria-labelledby=\"tab-label-product.info.beneficios\" aria-hidden=\"false\">\n<div class=\"product attribute beneficios\">\n<div class=\"value\">&#8211; Alivia y previene afecciones de las v\u00edas respiratorias. &#8211; Para todo tipo de aves de ornato y canoras.<\/div>\n<div>\n<div id=\"tab-label-additional\" class=\"data item title active\" tabindex=\"0\" role=\"tab\" aria-labeledby=\"tab-label-additional-title\" data-role=\"collapsible\" data-collapsible=\"true\" aria-controls=\"additional\" aria-selected=\"true\" aria-expanded=\"true\">CARACTER\u00cdSTICAS:Marca: Redkite Especie: Aves Contenido neto: 30 ml.<\/div>\n<div tabindex=\"0\" role=\"tab\" aria-labeledby=\"tab-label-additional-title\" data-role=\"collapsible\" data-collapsible=\"true\" aria-controls=\"additional\" aria-selected=\"true\" aria-expanded=\"true\">\n<div id=\"tab-label-product.info.ingredientes.formulacion\" class=\"data item title active\" tabindex=\"0\" role=\"tab\" aria-labeledby=\"tab-label-product.info.ingredientes.formulacion-title\" data-role=\"collapsible\" data-collapsible=\"true\" aria-controls=\"product.info.ingredientes.formulacion\" aria-selected=\"true\" aria-expanded=\"true\">INGREDIENTES\/FORMULACI\u00d3N<\/div>\n<div id=\"product.info.ingredientes.formulacion\" class=\"data item content\" role=\"tabpanel\" data-role=\"content\" aria-labelledby=\"tab-label-product.info.ingredientes.formulacion\" aria-hidden=\"false\">\n<div class=\"product attribute ingredientes_formulacion\">\n<div class=\"value\">Cloruro de amonio 40 mg Benzoato de sodio 5 mgrnVit. C 25 mgVit. A 0.025 mgrnVeh\u00edculo c.b.p. 1 ml.<\/div>\n<div>\n<div id=\"tab-label-product.info.ingredientes.modo.de.uso\" class=\"data item title active\" tabindex=\"0\" role=\"tab\" aria-labeledby=\"tab-label-product.info.ingredientes.modo.de.uso-title\" data-role=\"collapsible\" data-collapsible=\"true\" aria-controls=\"product.info.ingredientes.modo.de.uso\" aria-selected=\"true\" aria-expanded=\"true\">MODO DE USO \/ PRECAUCIONES Y ADVERTENCIAS:<\/div>\n<div id=\"product.info.ingredientes.modo.de.uso\" class=\"data item content\" role=\"tabpanel\" data-role=\"content\" aria-labelledby=\"tab-label-product.info.ingredientes.modo.de.uso\" aria-hidden=\"false\">\n<div class=\"product attribute modo_de_uso_precuaciones_y_adv\">\n<div class=\"value\">Vierta 3 gotas del t\u00f3nico para ave de RedKite\u00a9 por cada 30 ml de agua de bebida. No olvide cambiar cada 24 horas el agua de bebida por agua fresca, aunque esta no haya sido consumida en su totalidad y ofrezca una nueva dosis del t\u00f3nico.<\/div>\n<\/div>\n<\/div>\n<\/div>\n<\/div>\n<\/div>\n<\/div>\n<\/div>\n<\/div>\n<\/div>\n","protected":false},"excerpt":{"rendered":"<p>El T\u00f3nico para Aves Catarro de RedKite\u00a9 es una f\u00f3rmula especializada con ingredientes que coadyuvan al alivio y prevenci\u00f3n de las enfermedades respiratorias como el catarro y la tos en las aves, especialmente en \u00e9pocas de lluvias y fr\u00edo.<\/p>\n","protected":false},"featured_media":11490,"template":"","meta":[],"product_brand":[104],"product_cat":[20,29],"product_tag":[274,1102],"class_list":{"0":"post-11489","1":"product","2":"type-product","3":"status-publish","4":"has-post-thumbnail","6":"product_brand-redkite","7":"product_cat-aves","8":"product_cat-nutricion","9":"product_tag-tonico-aves","10":"product_tag-tonico-catarro","12":"first","13":"instock","14":"sale","15":"shipping-taxable","16":"purchasable","17":"product-type-simple"},"yoast_head":"<!-- This site is optimized with the Yoast SEO plugin v27.5 - https:\/\/yoast.com\/product\/yoast-seo-wordpress\/ -->\n<title>REDKITE TONICO P\/AVES- CATARRO | Acuario Supremus<\/title>\n<meta name=\"description\" content=\"El T\u00f3nico para Aves Catarro de RedKite es una f\u00f3rmula especializada con ingredientes que dan prevenci\u00f3n de las enfermedades respiratorias.\" \/>\n<meta name=\"robots\" content=\"index, follow, max-snippet:-1, max-image-preview:large, max-video-preview:-1\" \/>\n<link rel=\"canonical\" href=\"https:\/\/acuariosupremus.com\/?product=redkite-tonico-p-aves-catarro\" \/>\n<meta property=\"og:locale\" content=\"es_MX\" \/>\n<meta property=\"og:type\" content=\"article\" \/>\n<meta property=\"og:title\" content=\"REDKITE TONICO P\/AVES- CATARRO | Acuario Supremus\" \/>\n<meta property=\"og:description\" content=\"El T\u00f3nico para Aves Catarro de RedKite es una f\u00f3rmula especializada con ingredientes que dan prevenci\u00f3n de las enfermedades respiratorias.\" \/>\n<meta property=\"og:url\" content=\"https:\/\/acuariosupremus.com\/?product=redkite-tonico-p-aves-catarro\" \/>\n<meta property=\"og:site_name\" content=\"Acuario Supremus\" \/>\n<meta property=\"article:publisher\" content=\"https:\/\/www.facebook.com\/AcuarioSupremus\" \/>\n<meta property=\"article:modified_time\" content=\"2026-04-30T00:36:36+00:00\" \/>\n<meta property=\"og:image\" content=\"https:\/\/acuariosupremus.com\/wp-content\/uploads\/2024\/06\/FL4045.png\" \/>\n\t<meta property=\"og:image:width\" content=\"600\" \/>\n\t<meta property=\"og:image:height\" content=\"600\" \/>\n\t<meta property=\"og:image:type\" content=\"image\/png\" \/>\n<meta name=\"twitter:card\" content=\"summary_large_image\" \/>\n<meta name=\"twitter:site\" content=\"@AcuarioSupremus\" \/>\n<meta name=\"twitter:label1\" content=\"Tiempo de lectura\" \/>\n\t<meta name=\"twitter:data1\" content=\"1 minuto\" \/>\n<script type=\"application\/ld+json\" class=\"yoast-schema-graph\">{\"@context\":\"https:\\\/\\\/schema.org\",\"@graph\":[{\"@type\":\"WebPage\",\"@id\":\"https:\\\/\\\/acuariosupremus.com\\\/?product=redkite-tonico-p-aves-catarro\",\"url\":\"https:\\\/\\\/acuariosupremus.com\\\/?product=redkite-tonico-p-aves-catarro\",\"name\":\"REDKITE TONICO P\\\/AVES- CATARRO | Acuario Supremus\",\"isPartOf\":{\"@id\":\"https:\\\/\\\/acuariosupremus.com\\\/#website\"},\"primaryImageOfPage\":{\"@id\":\"https:\\\/\\\/acuariosupremus.com\\\/?product=redkite-tonico-p-aves-catarro#primaryimage\"},\"image\":{\"@id\":\"https:\\\/\\\/acuariosupremus.com\\\/?product=redkite-tonico-p-aves-catarro#primaryimage\"},\"thumbnailUrl\":\"https:\\\/\\\/acuariosupremus.com\\\/wp-content\\\/uploads\\\/2024\\\/06\\\/FL4045.png\",\"datePublished\":\"2024-06-19T22:22:20+00:00\",\"dateModified\":\"2026-04-30T00:36:36+00:00\",\"description\":\"El T\u00f3nico para Aves Catarro de RedKite es una f\u00f3rmula especializada con ingredientes que dan prevenci\u00f3n de las enfermedades respiratorias.\",\"breadcrumb\":{\"@id\":\"https:\\\/\\\/acuariosupremus.com\\\/?product=redkite-tonico-p-aves-catarro#breadcrumb\"},\"inLanguage\":\"es\",\"potentialAction\":[{\"@type\":\"ReadAction\",\"target\":[\"https:\\\/\\\/acuariosupremus.com\\\/?product=redkite-tonico-p-aves-catarro\"]}]},{\"@type\":\"ImageObject\",\"inLanguage\":\"es\",\"@id\":\"https:\\\/\\\/acuariosupremus.com\\\/?product=redkite-tonico-p-aves-catarro#primaryimage\",\"url\":\"https:\\\/\\\/acuariosupremus.com\\\/wp-content\\\/uploads\\\/2024\\\/06\\\/FL4045.png\",\"contentUrl\":\"https:\\\/\\\/acuariosupremus.com\\\/wp-content\\\/uploads\\\/2024\\\/06\\\/FL4045.png\",\"width\":600,\"height\":600},{\"@type\":\"BreadcrumbList\",\"@id\":\"https:\\\/\\\/acuariosupremus.com\\\/?product=redkite-tonico-p-aves-catarro#breadcrumb\",\"itemListElement\":[{\"@type\":\"ListItem\",\"position\":1,\"name\":\"Portada\",\"item\":\"https:\\\/\\\/acuariosupremus.com\\\/\"},{\"@type\":\"ListItem\",\"position\":2,\"name\":\"Tienda\",\"item\":\"https:\\\/\\\/acuariosupremus.com\\\/tienda\\\/\"},{\"@type\":\"ListItem\",\"position\":3,\"name\":\"REDKITE TONICO P\\\/AVES- CATARRO\"}]},{\"@type\":\"WebSite\",\"@id\":\"https:\\\/\\\/acuariosupremus.com\\\/#website\",\"url\":\"https:\\\/\\\/acuariosupremus.com\\\/\",\"name\":\"Acuario Supremus\",\"description\":\"Peces, Peceras y Mascotas.\",\"publisher\":{\"@id\":\"https:\\\/\\\/acuariosupremus.com\\\/#organization\"},\"potentialAction\":[{\"@type\":\"SearchAction\",\"target\":{\"@type\":\"EntryPoint\",\"urlTemplate\":\"https:\\\/\\\/acuariosupremus.com\\\/?s={search_term_string}\"},\"query-input\":{\"@type\":\"PropertyValueSpecification\",\"valueRequired\":true,\"valueName\":\"search_term_string\"}}],\"inLanguage\":\"es\"},{\"@type\":\"Organization\",\"@id\":\"https:\\\/\\\/acuariosupremus.com\\\/#organization\",\"name\":\"Acuario Supremus\",\"url\":\"https:\\\/\\\/acuariosupremus.com\\\/\",\"logo\":{\"@type\":\"ImageObject\",\"inLanguage\":\"es\",\"@id\":\"https:\\\/\\\/acuariosupremus.com\\\/#\\\/schema\\\/logo\\\/image\\\/\",\"url\":\"https:\\\/\\\/acuariosupremus.com\\\/wp-content\\\/uploads\\\/2021\\\/12\\\/cropped-logo_acuario_supremus_fn-2.png\",\"contentUrl\":\"https:\\\/\\\/acuariosupremus.com\\\/wp-content\\\/uploads\\\/2021\\\/12\\\/cropped-logo_acuario_supremus_fn-2.png\",\"width\":1000,\"height\":318,\"caption\":\"Acuario Supremus\"},\"image\":{\"@id\":\"https:\\\/\\\/acuariosupremus.com\\\/#\\\/schema\\\/logo\\\/image\\\/\"},\"sameAs\":[\"https:\\\/\\\/www.facebook.com\\\/AcuarioSupremus\",\"https:\\\/\\\/x.com\\\/AcuarioSupremus\",\"https:\\\/\\\/www.instagram.com\\\/acuariosupremus\\\/?hl=es\"]}]}<\/script>\n<!-- \/ Yoast SEO plugin. -->","yoast_head_json":{"title":"REDKITE TONICO P\/AVES- CATARRO | Acuario Supremus","description":"El T\u00f3nico para Aves Catarro de RedKite es una f\u00f3rmula especializada con ingredientes que dan prevenci\u00f3n de las enfermedades respiratorias.","robots":{"index":"index","follow":"follow","max-snippet":"max-snippet:-1","max-image-preview":"max-image-preview:large","max-video-preview":"max-video-preview:-1"},"canonical":"https:\/\/acuariosupremus.com\/?product=redkite-tonico-p-aves-catarro","og_locale":"es_MX","og_type":"article","og_title":"REDKITE TONICO P\/AVES- CATARRO | Acuario Supremus","og_description":"El T\u00f3nico para Aves Catarro de RedKite es una f\u00f3rmula especializada con ingredientes que dan prevenci\u00f3n de las enfermedades respiratorias.","og_url":"https:\/\/acuariosupremus.com\/?product=redkite-tonico-p-aves-catarro","og_site_name":"Acuario Supremus","article_publisher":"https:\/\/www.facebook.com\/AcuarioSupremus","article_modified_time":"2026-04-30T00:36:36+00:00","og_image":[{"width":600,"height":600,"url":"https:\/\/acuariosupremus.com\/wp-content\/uploads\/2024\/06\/FL4045.png","type":"image\/png"}],"twitter_card":"summary_large_image","twitter_site":"@AcuarioSupremus","twitter_misc":{"Tiempo de lectura":"1 minuto"},"schema":{"@context":"https:\/\/schema.org","@graph":[{"@type":"WebPage","@id":"https:\/\/acuariosupremus.com\/?product=redkite-tonico-p-aves-catarro","url":"https:\/\/acuariosupremus.com\/?product=redkite-tonico-p-aves-catarro","name":"REDKITE TONICO P\/AVES- CATARRO | Acuario Supremus","isPartOf":{"@id":"https:\/\/acuariosupremus.com\/#website"},"primaryImageOfPage":{"@id":"https:\/\/acuariosupremus.com\/?product=redkite-tonico-p-aves-catarro#primaryimage"},"image":{"@id":"https:\/\/acuariosupremus.com\/?product=redkite-tonico-p-aves-catarro#primaryimage"},"thumbnailUrl":"https:\/\/acuariosupremus.com\/wp-content\/uploads\/2024\/06\/FL4045.png","datePublished":"2024-06-19T22:22:20+00:00","dateModified":"2026-04-30T00:36:36+00:00","description":"El T\u00f3nico para Aves Catarro de RedKite es una f\u00f3rmula especializada con ingredientes que dan prevenci\u00f3n de las enfermedades respiratorias.","breadcrumb":{"@id":"https:\/\/acuariosupremus.com\/?product=redkite-tonico-p-aves-catarro#breadcrumb"},"inLanguage":"es","potentialAction":[{"@type":"ReadAction","target":["https:\/\/acuariosupremus.com\/?product=redkite-tonico-p-aves-catarro"]}]},{"@type":"ImageObject","inLanguage":"es","@id":"https:\/\/acuariosupremus.com\/?product=redkite-tonico-p-aves-catarro#primaryimage","url":"https:\/\/acuariosupremus.com\/wp-content\/uploads\/2024\/06\/FL4045.png","contentUrl":"https:\/\/acuariosupremus.com\/wp-content\/uploads\/2024\/06\/FL4045.png","width":600,"height":600},{"@type":"BreadcrumbList","@id":"https:\/\/acuariosupremus.com\/?product=redkite-tonico-p-aves-catarro#breadcrumb","itemListElement":[{"@type":"ListItem","position":1,"name":"Portada","item":"https:\/\/acuariosupremus.com\/"},{"@type":"ListItem","position":2,"name":"Tienda","item":"https:\/\/acuariosupremus.com\/tienda\/"},{"@type":"ListItem","position":3,"name":"REDKITE TONICO P\/AVES- CATARRO"}]},{"@type":"WebSite","@id":"https:\/\/acuariosupremus.com\/#website","url":"https:\/\/acuariosupremus.com\/","name":"Acuario Supremus","description":"Peces, Peceras y Mascotas.","publisher":{"@id":"https:\/\/acuariosupremus.com\/#organization"},"potentialAction":[{"@type":"SearchAction","target":{"@type":"EntryPoint","urlTemplate":"https:\/\/acuariosupremus.com\/?s={search_term_string}"},"query-input":{"@type":"PropertyValueSpecification","valueRequired":true,"valueName":"search_term_string"}}],"inLanguage":"es"},{"@type":"Organization","@id":"https:\/\/acuariosupremus.com\/#organization","name":"Acuario Supremus","url":"https:\/\/acuariosupremus.com\/","logo":{"@type":"ImageObject","inLanguage":"es","@id":"https:\/\/acuariosupremus.com\/#\/schema\/logo\/image\/","url":"https:\/\/acuariosupremus.com\/wp-content\/uploads\/2021\/12\/cropped-logo_acuario_supremus_fn-2.png","contentUrl":"https:\/\/acuariosupremus.com\/wp-content\/uploads\/2021\/12\/cropped-logo_acuario_supremus_fn-2.png","width":1000,"height":318,"caption":"Acuario Supremus"},"image":{"@id":"https:\/\/acuariosupremus.com\/#\/schema\/logo\/image\/"},"sameAs":["https:\/\/www.facebook.com\/AcuarioSupremus","https:\/\/x.com\/AcuarioSupremus","https:\/\/www.instagram.com\/acuariosupremus\/?hl=es"]}]}},"jetpack_sharing_enabled":true,"_links":{"self":[{"href":"https:\/\/acuariosupremus.com\/index.php?rest_route=\/wp\/v2\/product\/11489","targetHints":{"allow":["GET"]}}],"collection":[{"href":"https:\/\/acuariosupremus.com\/index.php?rest_route=\/wp\/v2\/product"}],"about":[{"href":"https:\/\/acuariosupremus.com\/index.php?rest_route=\/wp\/v2\/types\/product"}],"wp:featuredmedia":[{"embeddable":true,"href":"https:\/\/acuariosupremus.com\/index.php?rest_route=\/wp\/v2\/media\/11490"}],"wp:attachment":[{"href":"https:\/\/acuariosupremus.com\/index.php?rest_route=%2Fwp%2Fv2%2Fmedia&parent=11489"}],"wp:term":[{"taxonomy":"product_brand","embeddable":true,"href":"https:\/\/acuariosupremus.com\/index.php?rest_route=%2Fwp%2Fv2%2Fproduct_brand&post=11489"},{"taxonomy":"product_cat","embeddable":true,"href":"https:\/\/acuariosupremus.com\/index.php?rest_route=%2Fwp%2Fv2%2Fproduct_cat&post=11489"},{"taxonomy":"product_tag","embeddable":true,"href":"https:\/\/acuariosupremus.com\/index.php?rest_route=%2Fwp%2Fv2%2Fproduct_tag&post=11489"}],"curies":[{"name":"wp","href":"https:\/\/api.w.org\/{rel}","templated":true}]}}