{"id":11563,"date":"2024-06-21T15:20:13","date_gmt":"2024-06-21T21:20:13","guid":{"rendered":"https:\/\/acuariosupremus.com\/?post_type=product&#038;p=11563"},"modified":"2025-12-19T20:33:39","modified_gmt":"2025-12-20T02:33:39","slug":"tiras-reactivas-medicion-7-parametros-100-tiras","status":"publish","type":"product","link":"https:\/\/acuariosupremus.com\/?product=tiras-reactivas-medicion-7-parametros-100-tiras","title":{"rendered":"TIRAS REACTIVAS MEDICION 7 PARAMETROS  &#8211; 100 TIRAS"},"content":{"rendered":"<div id=\"tab-label-product.info.beneficios\" class=\"data item title active\" tabindex=\"0\" role=\"tab\" aria-labeledby=\"tab-label-product.info.beneficios-title\" data-role=\"collapsible\" data-collapsible=\"true\" aria-controls=\"product.info.beneficios\" aria-selected=\"true\" aria-expanded=\"true\">BENEFICIOS<\/div>\n<div id=\"product.info.beneficios\" class=\"data item content\" role=\"tabpanel\" data-role=\"content\" aria-labelledby=\"tab-label-product.info.beneficios\" aria-hidden=\"false\">\n<div class=\"product attribute beneficios\">\n<div class=\"value\">\u2022Medici\u00f3n de los par\u00e1metros m\u00e1s importantes del acuario.<\/div>\n<div class=\"value\">\u2022Sencilla interpretaci\u00f3n de resultados.<\/div>\n<div class=\"value\">\u2022Monitorea la calidad del agua del acuario.<\/div>\n<div>\n<div id=\"tab-label-additional\" class=\"data item title active\" tabindex=\"0\" role=\"tab\" aria-labeledby=\"tab-label-additional-title\" data-role=\"collapsible\" data-collapsible=\"true\" aria-controls=\"additional\" aria-selected=\"true\" aria-expanded=\"true\">CARACTER\u00cdSTICAS: Marca: Lomas Especie: Peces Contenido neto: 100 tiras.<\/div>\n<div tabindex=\"0\" role=\"tab\" aria-labeledby=\"tab-label-additional-title\" data-role=\"collapsible\" data-collapsible=\"true\" aria-controls=\"additional\" aria-selected=\"true\" aria-expanded=\"true\">\n<div id=\"tab-label-product.info.ingredientes.modo.de.uso\" class=\"data item title active\" tabindex=\"0\" role=\"tab\" aria-labeledby=\"tab-label-product.info.ingredientes.modo.de.uso-title\" data-role=\"collapsible\" data-collapsible=\"true\" aria-controls=\"product.info.ingredientes.modo.de.uso\" aria-selected=\"true\" aria-expanded=\"true\">MODO DE USO \/ PRECAUCIONES Y ADVERTENCIAS<\/div>\n<div id=\"product.info.ingredientes.modo.de.uso\" class=\"data item content\" role=\"tabpanel\" data-role=\"content\" aria-labelledby=\"tab-label-product.info.ingredientes.modo.de.uso\" aria-hidden=\"false\">\n<div class=\"product attribute modo_de_uso_precuaciones_y_adv\">\n<div class=\"value\">Al sacar una tira de la botella, aseg\u00farese de no tocar las almohadillas de las pruebas con los dedos h\u00famedos. Cierre perfectamente la tapa del bote para mantener la vida \u00fatil del resto de las tiras.<\/div>\n<div class=\"value\">1. Sumerja por 2 segundos la tira en el agua del acuario y remu\u00e9vala, asegur\u00e1ndose de cubrir las almohadillas de esta.<\/div>\n<div class=\"value\">2. Saque la tira del acuario sin retirar el exceso de agua y compare resultados con la tabla de colores de la etiqueta de la botella para una f\u00e1cil lectura.<\/div>\n<div class=\"value\">3. Lea los resultados de la prueba cuidadosamente con una luz natural:nn- Para GH, CL2, KH, pH espere 20 segundos para leer los resultados.nn- Para NO2 Y NO3 espere 60 segundos para leer los resultados.<\/div>\n<div class=\"value\">No toque las almohadillas de prueba de la tira con los dedos h\u00famedos. Evite tocar o contaminar el \u00e1rea de prueba de la tira. Guarde el bote en un lugar fresco y seco para ayudar a mantener una larga vida \u00fatil del producto. Mantenga bien cerrado el envase.<\/div>\n<\/div>\n<\/div>\n<\/div>\n<\/div>\n<\/div>\n<\/div>\n","protected":false},"excerpt":{"rendered":"<p>Las tiras reactivas son un aliado que ayuda a mantener la calidad del agua adecuada para garantizar un medio acu\u00e1tico saludable, al hacer la evaluaci\u00f3n de los 7 parametros m\u00e1s importantes del acuario: pH, nitritos, nitratros, cloro, dureza total, alcalinidad total y carbanatos. El control, constante y el mantenimiento de los par\u00e1metros del agua previene la perdida de ejemplares.<\/p>\n","protected":false},"featured_media":11564,"template":"","meta":[],"product_brand":[105],"product_cat":[40,52],"product_tag":[231],"class_list":{"0":"post-11563","1":"product","2":"type-product","3":"status-publish","4":"has-post-thumbnail","6":"product_brand-lomas","7":"product_cat-peces","8":"product_cat-medidores","9":"product_tag-medidor-maestro","11":"first","12":"instock","13":"sale","14":"shipping-taxable","15":"purchasable","16":"product-type-simple"},"yoast_head":"<!-- This site is optimized with the Yoast SEO plugin v27.4 - https:\/\/yoast.com\/product\/yoast-seo-wordpress\/ -->\n<title>TIRAS REACTIVAS MEDICION 7 PARAMETROS - 100 TIRAS | Acuario Supremus<\/title>\n<meta name=\"description\" content=\"Las tiras reactivas 7 par\u00e1metros, son un aliado que ayuda a mantener la calidad del agua adecuada para garantizar un medio acu\u00e1tico saludable.\" \/>\n<meta name=\"robots\" content=\"index, follow, max-snippet:-1, max-image-preview:large, max-video-preview:-1\" \/>\n<link rel=\"canonical\" href=\"https:\/\/acuariosupremus.com\/?product=tiras-reactivas-medicion-7-parametros-100-tiras\" \/>\n<meta property=\"og:locale\" content=\"es_MX\" \/>\n<meta property=\"og:type\" content=\"article\" \/>\n<meta property=\"og:title\" content=\"TIRAS REACTIVAS MEDICION 7 PARAMETROS - 100 TIRAS | Acuario Supremus\" \/>\n<meta property=\"og:description\" content=\"Las tiras reactivas 7 par\u00e1metros, son un aliado que ayuda a mantener la calidad del agua adecuada para garantizar un medio acu\u00e1tico saludable.\" \/>\n<meta property=\"og:url\" content=\"https:\/\/acuariosupremus.com\/?product=tiras-reactivas-medicion-7-parametros-100-tiras\" \/>\n<meta property=\"og:site_name\" content=\"Acuario Supremus\" \/>\n<meta property=\"article:publisher\" content=\"https:\/\/www.facebook.com\/AcuarioSupremus\" \/>\n<meta property=\"article:modified_time\" content=\"2025-12-20T02:33:39+00:00\" \/>\n<meta property=\"og:image\" content=\"https:\/\/acuariosupremus.com\/wp-content\/uploads\/2024\/06\/FL7583.png\" \/>\n\t<meta property=\"og:image:width\" content=\"600\" \/>\n\t<meta property=\"og:image:height\" content=\"600\" \/>\n\t<meta property=\"og:image:type\" content=\"image\/png\" \/>\n<meta name=\"twitter:card\" content=\"summary_large_image\" \/>\n<meta name=\"twitter:site\" content=\"@AcuarioSupremus\" \/>\n<meta name=\"twitter:label1\" content=\"Tiempo de lectura\" \/>\n\t<meta name=\"twitter:data1\" content=\"2 minutos\" \/>\n<script type=\"application\/ld+json\" class=\"yoast-schema-graph\">{\"@context\":\"https:\\\/\\\/schema.org\",\"@graph\":[{\"@type\":\"WebPage\",\"@id\":\"https:\\\/\\\/acuariosupremus.com\\\/?product=tiras-reactivas-medicion-7-parametros-100-tiras\",\"url\":\"https:\\\/\\\/acuariosupremus.com\\\/?product=tiras-reactivas-medicion-7-parametros-100-tiras\",\"name\":\"TIRAS REACTIVAS MEDICION 7 PARAMETROS - 100 TIRAS | Acuario Supremus\",\"isPartOf\":{\"@id\":\"https:\\\/\\\/acuariosupremus.com\\\/#website\"},\"primaryImageOfPage\":{\"@id\":\"https:\\\/\\\/acuariosupremus.com\\\/?product=tiras-reactivas-medicion-7-parametros-100-tiras#primaryimage\"},\"image\":{\"@id\":\"https:\\\/\\\/acuariosupremus.com\\\/?product=tiras-reactivas-medicion-7-parametros-100-tiras#primaryimage\"},\"thumbnailUrl\":\"https:\\\/\\\/acuariosupremus.com\\\/wp-content\\\/uploads\\\/2024\\\/06\\\/FL7583.png\",\"datePublished\":\"2024-06-21T21:20:13+00:00\",\"dateModified\":\"2025-12-20T02:33:39+00:00\",\"description\":\"Las tiras reactivas 7 par\u00e1metros, son un aliado que ayuda a mantener la calidad del agua adecuada para garantizar un medio acu\u00e1tico saludable.\",\"breadcrumb\":{\"@id\":\"https:\\\/\\\/acuariosupremus.com\\\/?product=tiras-reactivas-medicion-7-parametros-100-tiras#breadcrumb\"},\"inLanguage\":\"es\",\"potentialAction\":[{\"@type\":\"ReadAction\",\"target\":[\"https:\\\/\\\/acuariosupremus.com\\\/?product=tiras-reactivas-medicion-7-parametros-100-tiras\"]}]},{\"@type\":\"ImageObject\",\"inLanguage\":\"es\",\"@id\":\"https:\\\/\\\/acuariosupremus.com\\\/?product=tiras-reactivas-medicion-7-parametros-100-tiras#primaryimage\",\"url\":\"https:\\\/\\\/acuariosupremus.com\\\/wp-content\\\/uploads\\\/2024\\\/06\\\/FL7583.png\",\"contentUrl\":\"https:\\\/\\\/acuariosupremus.com\\\/wp-content\\\/uploads\\\/2024\\\/06\\\/FL7583.png\",\"width\":600,\"height\":600},{\"@type\":\"BreadcrumbList\",\"@id\":\"https:\\\/\\\/acuariosupremus.com\\\/?product=tiras-reactivas-medicion-7-parametros-100-tiras#breadcrumb\",\"itemListElement\":[{\"@type\":\"ListItem\",\"position\":1,\"name\":\"Portada\",\"item\":\"https:\\\/\\\/acuariosupremus.com\\\/\"},{\"@type\":\"ListItem\",\"position\":2,\"name\":\"Tienda\",\"item\":\"https:\\\/\\\/acuariosupremus.com\\\/tienda\\\/\"},{\"@type\":\"ListItem\",\"position\":3,\"name\":\"TIRAS REACTIVAS MEDICION 7 PARAMETROS &#8211; 100 TIRAS\"}]},{\"@type\":\"WebSite\",\"@id\":\"https:\\\/\\\/acuariosupremus.com\\\/#website\",\"url\":\"https:\\\/\\\/acuariosupremus.com\\\/\",\"name\":\"Acuario Supremus\",\"description\":\"Peces, Peceras y Mascotas.\",\"publisher\":{\"@id\":\"https:\\\/\\\/acuariosupremus.com\\\/#organization\"},\"potentialAction\":[{\"@type\":\"SearchAction\",\"target\":{\"@type\":\"EntryPoint\",\"urlTemplate\":\"https:\\\/\\\/acuariosupremus.com\\\/?s={search_term_string}\"},\"query-input\":{\"@type\":\"PropertyValueSpecification\",\"valueRequired\":true,\"valueName\":\"search_term_string\"}}],\"inLanguage\":\"es\"},{\"@type\":\"Organization\",\"@id\":\"https:\\\/\\\/acuariosupremus.com\\\/#organization\",\"name\":\"Acuario Supremus\",\"url\":\"https:\\\/\\\/acuariosupremus.com\\\/\",\"logo\":{\"@type\":\"ImageObject\",\"inLanguage\":\"es\",\"@id\":\"https:\\\/\\\/acuariosupremus.com\\\/#\\\/schema\\\/logo\\\/image\\\/\",\"url\":\"https:\\\/\\\/acuariosupremus.com\\\/wp-content\\\/uploads\\\/2021\\\/12\\\/cropped-logo_acuario_supremus_fn-2.png\",\"contentUrl\":\"https:\\\/\\\/acuariosupremus.com\\\/wp-content\\\/uploads\\\/2021\\\/12\\\/cropped-logo_acuario_supremus_fn-2.png\",\"width\":1000,\"height\":318,\"caption\":\"Acuario Supremus\"},\"image\":{\"@id\":\"https:\\\/\\\/acuariosupremus.com\\\/#\\\/schema\\\/logo\\\/image\\\/\"},\"sameAs\":[\"https:\\\/\\\/www.facebook.com\\\/AcuarioSupremus\",\"https:\\\/\\\/x.com\\\/AcuarioSupremus\",\"https:\\\/\\\/www.instagram.com\\\/acuariosupremus\\\/?hl=es\"]}]}<\/script>\n<!-- \/ Yoast SEO plugin. -->","yoast_head_json":{"title":"TIRAS REACTIVAS MEDICION 7 PARAMETROS - 100 TIRAS | Acuario Supremus","description":"Las tiras reactivas 7 par\u00e1metros, son un aliado que ayuda a mantener la calidad del agua adecuada para garantizar un medio acu\u00e1tico saludable.","robots":{"index":"index","follow":"follow","max-snippet":"max-snippet:-1","max-image-preview":"max-image-preview:large","max-video-preview":"max-video-preview:-1"},"canonical":"https:\/\/acuariosupremus.com\/?product=tiras-reactivas-medicion-7-parametros-100-tiras","og_locale":"es_MX","og_type":"article","og_title":"TIRAS REACTIVAS MEDICION 7 PARAMETROS - 100 TIRAS | Acuario Supremus","og_description":"Las tiras reactivas 7 par\u00e1metros, son un aliado que ayuda a mantener la calidad del agua adecuada para garantizar un medio acu\u00e1tico saludable.","og_url":"https:\/\/acuariosupremus.com\/?product=tiras-reactivas-medicion-7-parametros-100-tiras","og_site_name":"Acuario Supremus","article_publisher":"https:\/\/www.facebook.com\/AcuarioSupremus","article_modified_time":"2025-12-20T02:33:39+00:00","og_image":[{"width":600,"height":600,"url":"https:\/\/acuariosupremus.com\/wp-content\/uploads\/2024\/06\/FL7583.png","type":"image\/png"}],"twitter_card":"summary_large_image","twitter_site":"@AcuarioSupremus","twitter_misc":{"Tiempo de lectura":"2 minutos"},"schema":{"@context":"https:\/\/schema.org","@graph":[{"@type":"WebPage","@id":"https:\/\/acuariosupremus.com\/?product=tiras-reactivas-medicion-7-parametros-100-tiras","url":"https:\/\/acuariosupremus.com\/?product=tiras-reactivas-medicion-7-parametros-100-tiras","name":"TIRAS REACTIVAS MEDICION 7 PARAMETROS - 100 TIRAS | Acuario Supremus","isPartOf":{"@id":"https:\/\/acuariosupremus.com\/#website"},"primaryImageOfPage":{"@id":"https:\/\/acuariosupremus.com\/?product=tiras-reactivas-medicion-7-parametros-100-tiras#primaryimage"},"image":{"@id":"https:\/\/acuariosupremus.com\/?product=tiras-reactivas-medicion-7-parametros-100-tiras#primaryimage"},"thumbnailUrl":"https:\/\/acuariosupremus.com\/wp-content\/uploads\/2024\/06\/FL7583.png","datePublished":"2024-06-21T21:20:13+00:00","dateModified":"2025-12-20T02:33:39+00:00","description":"Las tiras reactivas 7 par\u00e1metros, son un aliado que ayuda a mantener la calidad del agua adecuada para garantizar un medio acu\u00e1tico saludable.","breadcrumb":{"@id":"https:\/\/acuariosupremus.com\/?product=tiras-reactivas-medicion-7-parametros-100-tiras#breadcrumb"},"inLanguage":"es","potentialAction":[{"@type":"ReadAction","target":["https:\/\/acuariosupremus.com\/?product=tiras-reactivas-medicion-7-parametros-100-tiras"]}]},{"@type":"ImageObject","inLanguage":"es","@id":"https:\/\/acuariosupremus.com\/?product=tiras-reactivas-medicion-7-parametros-100-tiras#primaryimage","url":"https:\/\/acuariosupremus.com\/wp-content\/uploads\/2024\/06\/FL7583.png","contentUrl":"https:\/\/acuariosupremus.com\/wp-content\/uploads\/2024\/06\/FL7583.png","width":600,"height":600},{"@type":"BreadcrumbList","@id":"https:\/\/acuariosupremus.com\/?product=tiras-reactivas-medicion-7-parametros-100-tiras#breadcrumb","itemListElement":[{"@type":"ListItem","position":1,"name":"Portada","item":"https:\/\/acuariosupremus.com\/"},{"@type":"ListItem","position":2,"name":"Tienda","item":"https:\/\/acuariosupremus.com\/tienda\/"},{"@type":"ListItem","position":3,"name":"TIRAS REACTIVAS MEDICION 7 PARAMETROS &#8211; 100 TIRAS"}]},{"@type":"WebSite","@id":"https:\/\/acuariosupremus.com\/#website","url":"https:\/\/acuariosupremus.com\/","name":"Acuario Supremus","description":"Peces, Peceras y Mascotas.","publisher":{"@id":"https:\/\/acuariosupremus.com\/#organization"},"potentialAction":[{"@type":"SearchAction","target":{"@type":"EntryPoint","urlTemplate":"https:\/\/acuariosupremus.com\/?s={search_term_string}"},"query-input":{"@type":"PropertyValueSpecification","valueRequired":true,"valueName":"search_term_string"}}],"inLanguage":"es"},{"@type":"Organization","@id":"https:\/\/acuariosupremus.com\/#organization","name":"Acuario Supremus","url":"https:\/\/acuariosupremus.com\/","logo":{"@type":"ImageObject","inLanguage":"es","@id":"https:\/\/acuariosupremus.com\/#\/schema\/logo\/image\/","url":"https:\/\/acuariosupremus.com\/wp-content\/uploads\/2021\/12\/cropped-logo_acuario_supremus_fn-2.png","contentUrl":"https:\/\/acuariosupremus.com\/wp-content\/uploads\/2021\/12\/cropped-logo_acuario_supremus_fn-2.png","width":1000,"height":318,"caption":"Acuario Supremus"},"image":{"@id":"https:\/\/acuariosupremus.com\/#\/schema\/logo\/image\/"},"sameAs":["https:\/\/www.facebook.com\/AcuarioSupremus","https:\/\/x.com\/AcuarioSupremus","https:\/\/www.instagram.com\/acuariosupremus\/?hl=es"]}]}},"jetpack_sharing_enabled":true,"_links":{"self":[{"href":"https:\/\/acuariosupremus.com\/index.php?rest_route=\/wp\/v2\/product\/11563","targetHints":{"allow":["GET"]}}],"collection":[{"href":"https:\/\/acuariosupremus.com\/index.php?rest_route=\/wp\/v2\/product"}],"about":[{"href":"https:\/\/acuariosupremus.com\/index.php?rest_route=\/wp\/v2\/types\/product"}],"wp:featuredmedia":[{"embeddable":true,"href":"https:\/\/acuariosupremus.com\/index.php?rest_route=\/wp\/v2\/media\/11564"}],"wp:attachment":[{"href":"https:\/\/acuariosupremus.com\/index.php?rest_route=%2Fwp%2Fv2%2Fmedia&parent=11563"}],"wp:term":[{"taxonomy":"product_brand","embeddable":true,"href":"https:\/\/acuariosupremus.com\/index.php?rest_route=%2Fwp%2Fv2%2Fproduct_brand&post=11563"},{"taxonomy":"product_cat","embeddable":true,"href":"https:\/\/acuariosupremus.com\/index.php?rest_route=%2Fwp%2Fv2%2Fproduct_cat&post=11563"},{"taxonomy":"product_tag","embeddable":true,"href":"https:\/\/acuariosupremus.com\/index.php?rest_route=%2Fwp%2Fv2%2Fproduct_tag&post=11563"}],"curies":[{"name":"wp","href":"https:\/\/api.w.org\/{rel}","templated":true}]}}