{"id":11583,"date":"2024-06-21T16:05:30","date_gmt":"2024-06-21T22:05:30","guid":{"rendered":"https:\/\/acuariosupremus.com\/?post_type=product&#038;p=11583"},"modified":"2025-12-19T20:20:48","modified_gmt":"2025-12-20T02:20:48","slug":"cabeza-de-poder-c-filtro-rapido-aquaflow-30","status":"publish","type":"product","link":"https:\/\/acuariosupremus.com\/?product=cabeza-de-poder-c-filtro-rapido-aquaflow-30","title":{"rendered":"CABEZA DE PODER C\/FILTRO RAPIDO AQUAFLOW 30"},"content":{"rendered":"<div tabindex=\"0\" role=\"tab\" aria-labeledby=\"tab-label-additional-title\" data-role=\"collapsible\" data-collapsible=\"true\" aria-controls=\"additional\" aria-selected=\"true\" aria-expanded=\"true\">\n<div id=\"tab-label-product.info.beneficios\" class=\"data item title active\" tabindex=\"0\" role=\"tab\" aria-labeledby=\"tab-label-product.info.beneficios-title\" data-role=\"collapsible\" data-collapsible=\"true\" aria-controls=\"product.info.beneficios\" aria-selected=\"true\" aria-expanded=\"true\">BENEFICIOS<\/div>\n<div id=\"product.info.beneficios\" class=\"data item content\" role=\"tabpanel\" data-role=\"content\" aria-labelledby=\"tab-label-product.info.beneficios\" aria-hidden=\"false\">\n<div class=\"product attribute beneficios\">\n<div class=\"value\">\u2022 Dise\u00f1o compacto<\/div>\n<div class=\"value\">\u2022 Completamente sumergible<\/div>\n<div class=\"value\">\u2022 Tipos de filtraci\u00f3n: mec\u00e1nica y biol\u00f3gica<\/div>\n<div class=\"value\">\u2022 Montura ajustable<\/div>\n<div class=\"value\">\u2022 Cartucho modular expandible<\/div>\n<div class=\"value\">\u2022 Fuente alterna de oxigenaci\u00f3n<\/div>\n<\/div>\n<\/div>\n<\/div>\n<div id=\"tab-label-additional\" class=\"data item title active\" tabindex=\"0\" role=\"tab\" aria-labeledby=\"tab-label-additional-title\" data-role=\"collapsible\" data-collapsible=\"true\" aria-controls=\"additional\" aria-selected=\"true\" aria-expanded=\"true\">CARACTER\u00cdSTICAS: Marca: Lomas Especie: Peces Capacidad: 1500 l\/h<\/div>\n<div tabindex=\"0\" role=\"tab\" aria-labeledby=\"tab-label-additional-title\" data-role=\"collapsible\" data-collapsible=\"true\" aria-controls=\"additional\" aria-selected=\"true\" aria-expanded=\"true\">\n<div id=\"tab-label-product.info.ingredientes.modo.de.uso\" class=\"data item title active\" tabindex=\"0\" role=\"tab\" aria-labeledby=\"tab-label-product.info.ingredientes.modo.de.uso-title\" data-role=\"collapsible\" data-collapsible=\"true\" aria-controls=\"product.info.ingredientes.modo.de.uso\" aria-selected=\"true\" aria-expanded=\"true\">MODO DE USO \/ PRECAUCIONES Y ADVERTENCIAS:<\/div>\n<div id=\"product.info.ingredientes.modo.de.uso\" class=\"data item content\" role=\"tabpanel\" data-role=\"content\" aria-labelledby=\"tab-label-product.info.ingredientes.modo.de.uso\" aria-hidden=\"false\">\n<div class=\"product attribute modo_de_uso_precuaciones_y_adv\">\n<div class=\"value\">La bomba debe permanecer sumergida siempre mientras opera. Al limpiar la bomba, aseg\u00farese de desconectarla del suministro el\u00e9ctrico, para uso en interiores \u00fanicamente. Para uso exclusivo en acuarios, no utilizar en estanques.<\/div>\n<\/div>\n<\/div>\n<\/div>\n","protected":false},"excerpt":{"rendered":"<p>Las cabezas de poder con filtro r\u00e1pido Aqua Flow marca Lomas\u00ae son auxiliares en el mantenimiento del acuario. Mejoran la calidad del agua al tener un buen control de desechos y favorecen la oxigenaci\u00f3n. Proporcionan filtraci\u00f3n mec\u00e1nica y biol\u00f3gica. Sus cartuchos modulares permiten adaptarse a las necesidades del acuario. Pueden usarse en diferentes tipos de acuarios. Recomendado para acuarios de 300 a 500 litros. &#8211; Rendimiento: Modelo: Aqua Flow 30F. Watts:19 watts. Volts: 110-120V-60 Hz. L x h: 1500 L\/h.<\/p>\n","protected":false},"featured_media":11584,"template":"","meta":[],"product_brand":[105],"product_cat":[40,46],"product_tag":[194,193],"class_list":{"0":"post-11583","1":"product","2":"type-product","3":"status-publish","4":"has-post-thumbnail","6":"product_brand-lomas","7":"product_cat-peces","8":"product_cat-filtros-internos","9":"product_tag-filtro-interno","10":"product_tag-filtro-rapido","12":"first","13":"instock","14":"sale","15":"shipping-taxable","16":"purchasable","17":"product-type-simple"},"yoast_head":"<!-- This site is optimized with the Yoast SEO plugin v27.4 - https:\/\/yoast.com\/product\/yoast-seo-wordpress\/ -->\n<title>CABEZA DE PODER C\/FILTRO RAPIDO AQUAFLOW 30 | Acuario Supremus<\/title>\n<meta name=\"description\" content=\"Las cabezas de poder con filtro r\u00e1pido Aqua Flow marca Lomas Mejoran la calidad del agua al tener un buen control de desechos y favorecen la oxigenaci\u00f3n.\" \/>\n<meta name=\"robots\" content=\"index, follow, max-snippet:-1, max-image-preview:large, max-video-preview:-1\" \/>\n<link rel=\"canonical\" href=\"https:\/\/acuariosupremus.com\/?product=cabeza-de-poder-c-filtro-rapido-aquaflow-30\" \/>\n<meta property=\"og:locale\" content=\"es_MX\" \/>\n<meta property=\"og:type\" content=\"article\" \/>\n<meta property=\"og:title\" content=\"CABEZA DE PODER C\/FILTRO RAPIDO AQUAFLOW 30 | Acuario Supremus\" \/>\n<meta property=\"og:description\" content=\"Las cabezas de poder con filtro r\u00e1pido Aqua Flow marca Lomas Mejoran la calidad del agua al tener un buen control de desechos y favorecen la oxigenaci\u00f3n.\" \/>\n<meta property=\"og:url\" content=\"https:\/\/acuariosupremus.com\/?product=cabeza-de-poder-c-filtro-rapido-aquaflow-30\" \/>\n<meta property=\"og:site_name\" content=\"Acuario Supremus\" \/>\n<meta property=\"article:publisher\" content=\"https:\/\/www.facebook.com\/AcuarioSupremus\" \/>\n<meta property=\"article:modified_time\" content=\"2025-12-20T02:20:48+00:00\" \/>\n<meta property=\"og:image\" content=\"https:\/\/acuariosupremus.com\/wp-content\/uploads\/2024\/06\/fl7973_4.png\" \/>\n\t<meta property=\"og:image:width\" content=\"600\" \/>\n\t<meta property=\"og:image:height\" content=\"600\" \/>\n\t<meta property=\"og:image:type\" content=\"image\/png\" \/>\n<meta name=\"twitter:card\" content=\"summary_large_image\" \/>\n<meta name=\"twitter:site\" content=\"@AcuarioSupremus\" \/>\n<meta name=\"twitter:label1\" content=\"Tiempo de lectura\" \/>\n\t<meta name=\"twitter:data1\" content=\"1 minuto\" \/>\n<script type=\"application\/ld+json\" class=\"yoast-schema-graph\">{\"@context\":\"https:\\\/\\\/schema.org\",\"@graph\":[{\"@type\":\"WebPage\",\"@id\":\"https:\\\/\\\/acuariosupremus.com\\\/?product=cabeza-de-poder-c-filtro-rapido-aquaflow-30\",\"url\":\"https:\\\/\\\/acuariosupremus.com\\\/?product=cabeza-de-poder-c-filtro-rapido-aquaflow-30\",\"name\":\"CABEZA DE PODER C\\\/FILTRO RAPIDO AQUAFLOW 30 | Acuario Supremus\",\"isPartOf\":{\"@id\":\"https:\\\/\\\/acuariosupremus.com\\\/#website\"},\"primaryImageOfPage\":{\"@id\":\"https:\\\/\\\/acuariosupremus.com\\\/?product=cabeza-de-poder-c-filtro-rapido-aquaflow-30#primaryimage\"},\"image\":{\"@id\":\"https:\\\/\\\/acuariosupremus.com\\\/?product=cabeza-de-poder-c-filtro-rapido-aquaflow-30#primaryimage\"},\"thumbnailUrl\":\"https:\\\/\\\/acuariosupremus.com\\\/wp-content\\\/uploads\\\/2024\\\/06\\\/fl7973_4.png\",\"datePublished\":\"2024-06-21T22:05:30+00:00\",\"dateModified\":\"2025-12-20T02:20:48+00:00\",\"description\":\"Las cabezas de poder con filtro r\u00e1pido Aqua Flow marca Lomas Mejoran la calidad del agua al tener un buen control de desechos y favorecen la oxigenaci\u00f3n.\",\"breadcrumb\":{\"@id\":\"https:\\\/\\\/acuariosupremus.com\\\/?product=cabeza-de-poder-c-filtro-rapido-aquaflow-30#breadcrumb\"},\"inLanguage\":\"es\",\"potentialAction\":[{\"@type\":\"ReadAction\",\"target\":[\"https:\\\/\\\/acuariosupremus.com\\\/?product=cabeza-de-poder-c-filtro-rapido-aquaflow-30\"]}]},{\"@type\":\"ImageObject\",\"inLanguage\":\"es\",\"@id\":\"https:\\\/\\\/acuariosupremus.com\\\/?product=cabeza-de-poder-c-filtro-rapido-aquaflow-30#primaryimage\",\"url\":\"https:\\\/\\\/acuariosupremus.com\\\/wp-content\\\/uploads\\\/2024\\\/06\\\/fl7973_4.png\",\"contentUrl\":\"https:\\\/\\\/acuariosupremus.com\\\/wp-content\\\/uploads\\\/2024\\\/06\\\/fl7973_4.png\",\"width\":600,\"height\":600},{\"@type\":\"BreadcrumbList\",\"@id\":\"https:\\\/\\\/acuariosupremus.com\\\/?product=cabeza-de-poder-c-filtro-rapido-aquaflow-30#breadcrumb\",\"itemListElement\":[{\"@type\":\"ListItem\",\"position\":1,\"name\":\"Portada\",\"item\":\"https:\\\/\\\/acuariosupremus.com\\\/\"},{\"@type\":\"ListItem\",\"position\":2,\"name\":\"Tienda\",\"item\":\"https:\\\/\\\/acuariosupremus.com\\\/tienda\\\/\"},{\"@type\":\"ListItem\",\"position\":3,\"name\":\"CABEZA DE PODER C\\\/FILTRO RAPIDO AQUAFLOW 30\"}]},{\"@type\":\"WebSite\",\"@id\":\"https:\\\/\\\/acuariosupremus.com\\\/#website\",\"url\":\"https:\\\/\\\/acuariosupremus.com\\\/\",\"name\":\"Acuario Supremus\",\"description\":\"Peces, Peceras y Mascotas.\",\"publisher\":{\"@id\":\"https:\\\/\\\/acuariosupremus.com\\\/#organization\"},\"potentialAction\":[{\"@type\":\"SearchAction\",\"target\":{\"@type\":\"EntryPoint\",\"urlTemplate\":\"https:\\\/\\\/acuariosupremus.com\\\/?s={search_term_string}\"},\"query-input\":{\"@type\":\"PropertyValueSpecification\",\"valueRequired\":true,\"valueName\":\"search_term_string\"}}],\"inLanguage\":\"es\"},{\"@type\":\"Organization\",\"@id\":\"https:\\\/\\\/acuariosupremus.com\\\/#organization\",\"name\":\"Acuario Supremus\",\"url\":\"https:\\\/\\\/acuariosupremus.com\\\/\",\"logo\":{\"@type\":\"ImageObject\",\"inLanguage\":\"es\",\"@id\":\"https:\\\/\\\/acuariosupremus.com\\\/#\\\/schema\\\/logo\\\/image\\\/\",\"url\":\"https:\\\/\\\/acuariosupremus.com\\\/wp-content\\\/uploads\\\/2021\\\/12\\\/cropped-logo_acuario_supremus_fn-2.png\",\"contentUrl\":\"https:\\\/\\\/acuariosupremus.com\\\/wp-content\\\/uploads\\\/2021\\\/12\\\/cropped-logo_acuario_supremus_fn-2.png\",\"width\":1000,\"height\":318,\"caption\":\"Acuario Supremus\"},\"image\":{\"@id\":\"https:\\\/\\\/acuariosupremus.com\\\/#\\\/schema\\\/logo\\\/image\\\/\"},\"sameAs\":[\"https:\\\/\\\/www.facebook.com\\\/AcuarioSupremus\",\"https:\\\/\\\/x.com\\\/AcuarioSupremus\",\"https:\\\/\\\/www.instagram.com\\\/acuariosupremus\\\/?hl=es\"]}]}<\/script>\n<!-- \/ Yoast SEO plugin. -->","yoast_head_json":{"title":"CABEZA DE PODER C\/FILTRO RAPIDO AQUAFLOW 30 | Acuario Supremus","description":"Las cabezas de poder con filtro r\u00e1pido Aqua Flow marca Lomas Mejoran la calidad del agua al tener un buen control de desechos y favorecen la oxigenaci\u00f3n.","robots":{"index":"index","follow":"follow","max-snippet":"max-snippet:-1","max-image-preview":"max-image-preview:large","max-video-preview":"max-video-preview:-1"},"canonical":"https:\/\/acuariosupremus.com\/?product=cabeza-de-poder-c-filtro-rapido-aquaflow-30","og_locale":"es_MX","og_type":"article","og_title":"CABEZA DE PODER C\/FILTRO RAPIDO AQUAFLOW 30 | Acuario Supremus","og_description":"Las cabezas de poder con filtro r\u00e1pido Aqua Flow marca Lomas Mejoran la calidad del agua al tener un buen control de desechos y favorecen la oxigenaci\u00f3n.","og_url":"https:\/\/acuariosupremus.com\/?product=cabeza-de-poder-c-filtro-rapido-aquaflow-30","og_site_name":"Acuario Supremus","article_publisher":"https:\/\/www.facebook.com\/AcuarioSupremus","article_modified_time":"2025-12-20T02:20:48+00:00","og_image":[{"width":600,"height":600,"url":"https:\/\/acuariosupremus.com\/wp-content\/uploads\/2024\/06\/fl7973_4.png","type":"image\/png"}],"twitter_card":"summary_large_image","twitter_site":"@AcuarioSupremus","twitter_misc":{"Tiempo de lectura":"1 minuto"},"schema":{"@context":"https:\/\/schema.org","@graph":[{"@type":"WebPage","@id":"https:\/\/acuariosupremus.com\/?product=cabeza-de-poder-c-filtro-rapido-aquaflow-30","url":"https:\/\/acuariosupremus.com\/?product=cabeza-de-poder-c-filtro-rapido-aquaflow-30","name":"CABEZA DE PODER C\/FILTRO RAPIDO AQUAFLOW 30 | Acuario Supremus","isPartOf":{"@id":"https:\/\/acuariosupremus.com\/#website"},"primaryImageOfPage":{"@id":"https:\/\/acuariosupremus.com\/?product=cabeza-de-poder-c-filtro-rapido-aquaflow-30#primaryimage"},"image":{"@id":"https:\/\/acuariosupremus.com\/?product=cabeza-de-poder-c-filtro-rapido-aquaflow-30#primaryimage"},"thumbnailUrl":"https:\/\/acuariosupremus.com\/wp-content\/uploads\/2024\/06\/fl7973_4.png","datePublished":"2024-06-21T22:05:30+00:00","dateModified":"2025-12-20T02:20:48+00:00","description":"Las cabezas de poder con filtro r\u00e1pido Aqua Flow marca Lomas Mejoran la calidad del agua al tener un buen control de desechos y favorecen la oxigenaci\u00f3n.","breadcrumb":{"@id":"https:\/\/acuariosupremus.com\/?product=cabeza-de-poder-c-filtro-rapido-aquaflow-30#breadcrumb"},"inLanguage":"es","potentialAction":[{"@type":"ReadAction","target":["https:\/\/acuariosupremus.com\/?product=cabeza-de-poder-c-filtro-rapido-aquaflow-30"]}]},{"@type":"ImageObject","inLanguage":"es","@id":"https:\/\/acuariosupremus.com\/?product=cabeza-de-poder-c-filtro-rapido-aquaflow-30#primaryimage","url":"https:\/\/acuariosupremus.com\/wp-content\/uploads\/2024\/06\/fl7973_4.png","contentUrl":"https:\/\/acuariosupremus.com\/wp-content\/uploads\/2024\/06\/fl7973_4.png","width":600,"height":600},{"@type":"BreadcrumbList","@id":"https:\/\/acuariosupremus.com\/?product=cabeza-de-poder-c-filtro-rapido-aquaflow-30#breadcrumb","itemListElement":[{"@type":"ListItem","position":1,"name":"Portada","item":"https:\/\/acuariosupremus.com\/"},{"@type":"ListItem","position":2,"name":"Tienda","item":"https:\/\/acuariosupremus.com\/tienda\/"},{"@type":"ListItem","position":3,"name":"CABEZA DE PODER C\/FILTRO RAPIDO AQUAFLOW 30"}]},{"@type":"WebSite","@id":"https:\/\/acuariosupremus.com\/#website","url":"https:\/\/acuariosupremus.com\/","name":"Acuario Supremus","description":"Peces, Peceras y Mascotas.","publisher":{"@id":"https:\/\/acuariosupremus.com\/#organization"},"potentialAction":[{"@type":"SearchAction","target":{"@type":"EntryPoint","urlTemplate":"https:\/\/acuariosupremus.com\/?s={search_term_string}"},"query-input":{"@type":"PropertyValueSpecification","valueRequired":true,"valueName":"search_term_string"}}],"inLanguage":"es"},{"@type":"Organization","@id":"https:\/\/acuariosupremus.com\/#organization","name":"Acuario Supremus","url":"https:\/\/acuariosupremus.com\/","logo":{"@type":"ImageObject","inLanguage":"es","@id":"https:\/\/acuariosupremus.com\/#\/schema\/logo\/image\/","url":"https:\/\/acuariosupremus.com\/wp-content\/uploads\/2021\/12\/cropped-logo_acuario_supremus_fn-2.png","contentUrl":"https:\/\/acuariosupremus.com\/wp-content\/uploads\/2021\/12\/cropped-logo_acuario_supremus_fn-2.png","width":1000,"height":318,"caption":"Acuario Supremus"},"image":{"@id":"https:\/\/acuariosupremus.com\/#\/schema\/logo\/image\/"},"sameAs":["https:\/\/www.facebook.com\/AcuarioSupremus","https:\/\/x.com\/AcuarioSupremus","https:\/\/www.instagram.com\/acuariosupremus\/?hl=es"]}]}},"jetpack_sharing_enabled":true,"_links":{"self":[{"href":"https:\/\/acuariosupremus.com\/index.php?rest_route=\/wp\/v2\/product\/11583","targetHints":{"allow":["GET"]}}],"collection":[{"href":"https:\/\/acuariosupremus.com\/index.php?rest_route=\/wp\/v2\/product"}],"about":[{"href":"https:\/\/acuariosupremus.com\/index.php?rest_route=\/wp\/v2\/types\/product"}],"wp:featuredmedia":[{"embeddable":true,"href":"https:\/\/acuariosupremus.com\/index.php?rest_route=\/wp\/v2\/media\/11584"}],"wp:attachment":[{"href":"https:\/\/acuariosupremus.com\/index.php?rest_route=%2Fwp%2Fv2%2Fmedia&parent=11583"}],"wp:term":[{"taxonomy":"product_brand","embeddable":true,"href":"https:\/\/acuariosupremus.com\/index.php?rest_route=%2Fwp%2Fv2%2Fproduct_brand&post=11583"},{"taxonomy":"product_cat","embeddable":true,"href":"https:\/\/acuariosupremus.com\/index.php?rest_route=%2Fwp%2Fv2%2Fproduct_cat&post=11583"},{"taxonomy":"product_tag","embeddable":true,"href":"https:\/\/acuariosupremus.com\/index.php?rest_route=%2Fwp%2Fv2%2Fproduct_tag&post=11583"}],"curies":[{"name":"wp","href":"https:\/\/api.w.org\/{rel}","templated":true}]}}