{"id":11878,"date":"2024-06-24T17:02:37","date_gmt":"2024-06-24T23:02:37","guid":{"rendered":"https:\/\/acuariosupremus.com\/?post_type=product&#038;p=11878"},"modified":"2026-01-19T17:34:41","modified_gmt":"2026-01-19T23:34:41","slug":"juguete-huella-c-bola-de-catnip-p-gato-play","status":"publish","type":"product","link":"https:\/\/acuariosupremus.com\/?product=juguete-huella-c-bola-de-catnip-p-gato-play","title":{"rendered":"JUGUETE HUELLA C\/BOLA DE CATNIP P\/ GATO PLAY"},"content":{"rendered":"<div id=\"tab-label-product.info.beneficios\" class=\"data item title active\" tabindex=\"0\" role=\"tab\" aria-labeledby=\"tab-label-product.info.beneficios-title\" data-role=\"collapsible\" data-collapsible=\"true\" aria-controls=\"product.info.beneficios\" aria-selected=\"true\" aria-expanded=\"true\">BENEFICIOS<\/div>\n<div id=\"product.info.beneficios\" class=\"data item content\" role=\"tabpanel\" data-role=\"content\" aria-labelledby=\"tab-label-product.info.beneficios\" aria-hidden=\"false\">\n<div class=\"product attribute beneficios\">\n<div class=\"value\">\u2022 Reduce el estr\u00e9s causado por la rutina.<\/div>\n<div class=\"value\">\u2022 Produce una sensaci\u00f3n de felicidad y relajaci\u00f3n.<\/div>\n<div class=\"value\">\u2022 Incentiva el juego y el instinto de exploraci\u00f3n.<\/div>\n<div class=\"value\">\u2022 Enriquece su ambiente con estimulaci\u00f3n sensorial.<\/div>\n<div class=\"value\">\u2022 Puede colocarse en m\u00faltiples superficies.<\/div>\n<div>\n<div id=\"tab-label-additional\" class=\"data item title active\" tabindex=\"0\" role=\"tab\" aria-labeledby=\"tab-label-additional-title\" data-role=\"collapsible\" data-collapsible=\"true\" aria-controls=\"additional\" aria-selected=\"true\" aria-expanded=\"true\">CARACTER\u00cdSTICAS: Color: Verde\/Amarillo\u00a0 Marca: Fancy Pets\u00a0 Especie:Gatos Medidas: 6 cm x 4 cm\u00a0 Contenido neto:1 pieza Material: Juguete de pl\u00e1stico y bola de catnip.<\/div>\n<div tabindex=\"0\" role=\"tab\" aria-labeledby=\"tab-label-additional-title\" data-role=\"collapsible\" data-collapsible=\"true\" aria-controls=\"additional\" aria-selected=\"true\" aria-expanded=\"true\">\n<div id=\"tab-label-product.info.ingredientes.modo.de.uso\" class=\"data item title active\" tabindex=\"0\" role=\"tab\" aria-labeledby=\"tab-label-product.info.ingredientes.modo.de.uso-title\" data-role=\"collapsible\" data-collapsible=\"true\" aria-controls=\"product.info.ingredientes.modo.de.uso\" aria-selected=\"true\" aria-expanded=\"true\">MODO DE USO \/ PRECAUCIONES Y ADVERTENCIAS<\/div>\n<div id=\"product.info.ingredientes.modo.de.uso\" class=\"data item content\" role=\"tabpanel\" data-role=\"content\" aria-labelledby=\"tab-label-product.info.ingredientes.modo.de.uso\" aria-hidden=\"false\">\n<div class=\"product attribute modo_de_uso_precuaciones_y_adv\">\n<div class=\"value\">1.Desprende el papel que cubre el adhesivo<\/div>\n<div class=\"value\">2.Retira la tapa protectora<\/div>\n<div class=\"value\">3.P\u00e9galo en una superficie lisa.<\/div>\n<div class=\"value\">Recuerda que puedes quitar y poner la tapa cuando no lo use para evitar la p\u00e9rdida de sabor.Si el juguete se da\u00f1a o rompe, reempl\u00e1zalo. Para promover el enriquecimiento te sugerimos no dejarle abierto su juguete permanentemente, de esta forma estimulas la parte novedosa dentro de su rutina y mantienes su inter\u00e9s. El uso de este producto es responsabilidad del due\u00f1o de la mascota.<\/div>\n<\/div>\n<\/div>\n<\/div>\n<\/div>\n<\/div>\n<\/div>\n","protected":false},"excerpt":{"rendered":"<p>Los nuevos juguetes de la l\u00ednea Play para gatos de Fancy Pets\u00ae son una alternativa divertida para el enriquecimiento ambiental para los gatos, es decir, fomentan su bienestar. Estos juguetes son supervers\u00e1tiles y se pueden pegar en m\u00faltiples superficies para que tu gato pueda jugar con la bola giratoria de catnip 100% natural, la cual es conocida por hacer que nuestros felinos amigos se sientan relajados y felices. \u00a1Tu gato te lo agradecer\u00e1!<\/p>\n","protected":false},"featured_media":11879,"template":"","meta":[],"product_brand":[106],"product_cat":[30,34],"product_tag":[315,316],"class_list":{"0":"post-11878","1":"product","2":"type-product","3":"status-publish","4":"has-post-thumbnail","6":"product_brand-fancypets","7":"product_cat-gatos","8":"product_cat-juguetes-gatos","9":"product_tag-catnip","10":"product_tag-juguete-para-gato","12":"first","13":"instock","14":"sale","15":"shipping-taxable","16":"purchasable","17":"product-type-simple"},"yoast_head":"<!-- This site is optimized with the Yoast SEO plugin v27.4 - https:\/\/yoast.com\/product\/yoast-seo-wordpress\/ -->\n<title>JUGUETE HUELLA C\/BOLA DE CATNIP P\/ GATO PLAY | Acuario Supremus<\/title>\n<meta name=\"description\" content=\"Juguetes para gatos de Fancy Pets\u00ae son una alternativa divertida para el enriquecimiento ambiental para los gatos, es decir, fomentan su bienestar.\" \/>\n<meta name=\"robots\" content=\"index, follow, max-snippet:-1, max-image-preview:large, max-video-preview:-1\" \/>\n<link rel=\"canonical\" href=\"https:\/\/acuariosupremus.com\/?product=juguete-huella-c-bola-de-catnip-p-gato-play\" \/>\n<meta property=\"og:locale\" content=\"es_MX\" \/>\n<meta property=\"og:type\" content=\"article\" \/>\n<meta property=\"og:title\" content=\"JUGUETE HUELLA C\/BOLA DE CATNIP P\/ GATO PLAY | Acuario Supremus\" \/>\n<meta property=\"og:description\" content=\"Juguetes para gatos de Fancy Pets\u00ae son una alternativa divertida para el enriquecimiento ambiental para los gatos, es decir, fomentan su bienestar.\" \/>\n<meta property=\"og:url\" content=\"https:\/\/acuariosupremus.com\/?product=juguete-huella-c-bola-de-catnip-p-gato-play\" \/>\n<meta property=\"og:site_name\" content=\"Acuario Supremus\" \/>\n<meta property=\"article:publisher\" content=\"https:\/\/www.facebook.com\/AcuarioSupremus\" \/>\n<meta property=\"article:modified_time\" content=\"2026-01-19T23:34:41+00:00\" \/>\n<meta property=\"og:image\" content=\"https:\/\/acuariosupremus.com\/wp-content\/uploads\/2024\/06\/FL8497.png\" \/>\n\t<meta property=\"og:image:width\" content=\"600\" \/>\n\t<meta property=\"og:image:height\" content=\"600\" \/>\n\t<meta property=\"og:image:type\" content=\"image\/png\" \/>\n<meta name=\"twitter:card\" content=\"summary_large_image\" \/>\n<meta name=\"twitter:site\" content=\"@AcuarioSupremus\" \/>\n<meta name=\"twitter:label1\" content=\"Tiempo de lectura\" \/>\n\t<meta name=\"twitter:data1\" content=\"1 minuto\" \/>\n<script type=\"application\/ld+json\" class=\"yoast-schema-graph\">{\"@context\":\"https:\\\/\\\/schema.org\",\"@graph\":[{\"@type\":\"WebPage\",\"@id\":\"https:\\\/\\\/acuariosupremus.com\\\/?product=juguete-huella-c-bola-de-catnip-p-gato-play\",\"url\":\"https:\\\/\\\/acuariosupremus.com\\\/?product=juguete-huella-c-bola-de-catnip-p-gato-play\",\"name\":\"JUGUETE HUELLA C\\\/BOLA DE CATNIP P\\\/ GATO PLAY | Acuario Supremus\",\"isPartOf\":{\"@id\":\"https:\\\/\\\/acuariosupremus.com\\\/#website\"},\"primaryImageOfPage\":{\"@id\":\"https:\\\/\\\/acuariosupremus.com\\\/?product=juguete-huella-c-bola-de-catnip-p-gato-play#primaryimage\"},\"image\":{\"@id\":\"https:\\\/\\\/acuariosupremus.com\\\/?product=juguete-huella-c-bola-de-catnip-p-gato-play#primaryimage\"},\"thumbnailUrl\":\"https:\\\/\\\/acuariosupremus.com\\\/wp-content\\\/uploads\\\/2024\\\/06\\\/FL8497.png\",\"datePublished\":\"2024-06-24T23:02:37+00:00\",\"dateModified\":\"2026-01-19T23:34:41+00:00\",\"description\":\"Juguetes para gatos de Fancy Pets\u00ae son una alternativa divertida para el enriquecimiento ambiental para los gatos, es decir, fomentan su bienestar.\",\"breadcrumb\":{\"@id\":\"https:\\\/\\\/acuariosupremus.com\\\/?product=juguete-huella-c-bola-de-catnip-p-gato-play#breadcrumb\"},\"inLanguage\":\"es\",\"potentialAction\":[{\"@type\":\"ReadAction\",\"target\":[\"https:\\\/\\\/acuariosupremus.com\\\/?product=juguete-huella-c-bola-de-catnip-p-gato-play\"]}]},{\"@type\":\"ImageObject\",\"inLanguage\":\"es\",\"@id\":\"https:\\\/\\\/acuariosupremus.com\\\/?product=juguete-huella-c-bola-de-catnip-p-gato-play#primaryimage\",\"url\":\"https:\\\/\\\/acuariosupremus.com\\\/wp-content\\\/uploads\\\/2024\\\/06\\\/FL8497.png\",\"contentUrl\":\"https:\\\/\\\/acuariosupremus.com\\\/wp-content\\\/uploads\\\/2024\\\/06\\\/FL8497.png\",\"width\":600,\"height\":600},{\"@type\":\"BreadcrumbList\",\"@id\":\"https:\\\/\\\/acuariosupremus.com\\\/?product=juguete-huella-c-bola-de-catnip-p-gato-play#breadcrumb\",\"itemListElement\":[{\"@type\":\"ListItem\",\"position\":1,\"name\":\"Portada\",\"item\":\"https:\\\/\\\/acuariosupremus.com\\\/\"},{\"@type\":\"ListItem\",\"position\":2,\"name\":\"Tienda\",\"item\":\"https:\\\/\\\/acuariosupremus.com\\\/tienda\\\/\"},{\"@type\":\"ListItem\",\"position\":3,\"name\":\"JUGUETE HUELLA C\\\/BOLA DE CATNIP P\\\/ GATO PLAY\"}]},{\"@type\":\"WebSite\",\"@id\":\"https:\\\/\\\/acuariosupremus.com\\\/#website\",\"url\":\"https:\\\/\\\/acuariosupremus.com\\\/\",\"name\":\"Acuario Supremus\",\"description\":\"Peces, Peceras y Mascotas.\",\"publisher\":{\"@id\":\"https:\\\/\\\/acuariosupremus.com\\\/#organization\"},\"potentialAction\":[{\"@type\":\"SearchAction\",\"target\":{\"@type\":\"EntryPoint\",\"urlTemplate\":\"https:\\\/\\\/acuariosupremus.com\\\/?s={search_term_string}\"},\"query-input\":{\"@type\":\"PropertyValueSpecification\",\"valueRequired\":true,\"valueName\":\"search_term_string\"}}],\"inLanguage\":\"es\"},{\"@type\":\"Organization\",\"@id\":\"https:\\\/\\\/acuariosupremus.com\\\/#organization\",\"name\":\"Acuario Supremus\",\"url\":\"https:\\\/\\\/acuariosupremus.com\\\/\",\"logo\":{\"@type\":\"ImageObject\",\"inLanguage\":\"es\",\"@id\":\"https:\\\/\\\/acuariosupremus.com\\\/#\\\/schema\\\/logo\\\/image\\\/\",\"url\":\"https:\\\/\\\/acuariosupremus.com\\\/wp-content\\\/uploads\\\/2021\\\/12\\\/cropped-logo_acuario_supremus_fn-2.png\",\"contentUrl\":\"https:\\\/\\\/acuariosupremus.com\\\/wp-content\\\/uploads\\\/2021\\\/12\\\/cropped-logo_acuario_supremus_fn-2.png\",\"width\":1000,\"height\":318,\"caption\":\"Acuario Supremus\"},\"image\":{\"@id\":\"https:\\\/\\\/acuariosupremus.com\\\/#\\\/schema\\\/logo\\\/image\\\/\"},\"sameAs\":[\"https:\\\/\\\/www.facebook.com\\\/AcuarioSupremus\",\"https:\\\/\\\/x.com\\\/AcuarioSupremus\",\"https:\\\/\\\/www.instagram.com\\\/acuariosupremus\\\/?hl=es\"]}]}<\/script>\n<!-- \/ Yoast SEO plugin. -->","yoast_head_json":{"title":"JUGUETE HUELLA C\/BOLA DE CATNIP P\/ GATO PLAY | Acuario Supremus","description":"Juguetes para gatos de Fancy Pets\u00ae son una alternativa divertida para el enriquecimiento ambiental para los gatos, es decir, fomentan su bienestar.","robots":{"index":"index","follow":"follow","max-snippet":"max-snippet:-1","max-image-preview":"max-image-preview:large","max-video-preview":"max-video-preview:-1"},"canonical":"https:\/\/acuariosupremus.com\/?product=juguete-huella-c-bola-de-catnip-p-gato-play","og_locale":"es_MX","og_type":"article","og_title":"JUGUETE HUELLA C\/BOLA DE CATNIP P\/ GATO PLAY | Acuario Supremus","og_description":"Juguetes para gatos de Fancy Pets\u00ae son una alternativa divertida para el enriquecimiento ambiental para los gatos, es decir, fomentan su bienestar.","og_url":"https:\/\/acuariosupremus.com\/?product=juguete-huella-c-bola-de-catnip-p-gato-play","og_site_name":"Acuario Supremus","article_publisher":"https:\/\/www.facebook.com\/AcuarioSupremus","article_modified_time":"2026-01-19T23:34:41+00:00","og_image":[{"width":600,"height":600,"url":"https:\/\/acuariosupremus.com\/wp-content\/uploads\/2024\/06\/FL8497.png","type":"image\/png"}],"twitter_card":"summary_large_image","twitter_site":"@AcuarioSupremus","twitter_misc":{"Tiempo de lectura":"1 minuto"},"schema":{"@context":"https:\/\/schema.org","@graph":[{"@type":"WebPage","@id":"https:\/\/acuariosupremus.com\/?product=juguete-huella-c-bola-de-catnip-p-gato-play","url":"https:\/\/acuariosupremus.com\/?product=juguete-huella-c-bola-de-catnip-p-gato-play","name":"JUGUETE HUELLA C\/BOLA DE CATNIP P\/ GATO PLAY | Acuario Supremus","isPartOf":{"@id":"https:\/\/acuariosupremus.com\/#website"},"primaryImageOfPage":{"@id":"https:\/\/acuariosupremus.com\/?product=juguete-huella-c-bola-de-catnip-p-gato-play#primaryimage"},"image":{"@id":"https:\/\/acuariosupremus.com\/?product=juguete-huella-c-bola-de-catnip-p-gato-play#primaryimage"},"thumbnailUrl":"https:\/\/acuariosupremus.com\/wp-content\/uploads\/2024\/06\/FL8497.png","datePublished":"2024-06-24T23:02:37+00:00","dateModified":"2026-01-19T23:34:41+00:00","description":"Juguetes para gatos de Fancy Pets\u00ae son una alternativa divertida para el enriquecimiento ambiental para los gatos, es decir, fomentan su bienestar.","breadcrumb":{"@id":"https:\/\/acuariosupremus.com\/?product=juguete-huella-c-bola-de-catnip-p-gato-play#breadcrumb"},"inLanguage":"es","potentialAction":[{"@type":"ReadAction","target":["https:\/\/acuariosupremus.com\/?product=juguete-huella-c-bola-de-catnip-p-gato-play"]}]},{"@type":"ImageObject","inLanguage":"es","@id":"https:\/\/acuariosupremus.com\/?product=juguete-huella-c-bola-de-catnip-p-gato-play#primaryimage","url":"https:\/\/acuariosupremus.com\/wp-content\/uploads\/2024\/06\/FL8497.png","contentUrl":"https:\/\/acuariosupremus.com\/wp-content\/uploads\/2024\/06\/FL8497.png","width":600,"height":600},{"@type":"BreadcrumbList","@id":"https:\/\/acuariosupremus.com\/?product=juguete-huella-c-bola-de-catnip-p-gato-play#breadcrumb","itemListElement":[{"@type":"ListItem","position":1,"name":"Portada","item":"https:\/\/acuariosupremus.com\/"},{"@type":"ListItem","position":2,"name":"Tienda","item":"https:\/\/acuariosupremus.com\/tienda\/"},{"@type":"ListItem","position":3,"name":"JUGUETE HUELLA C\/BOLA DE CATNIP P\/ GATO PLAY"}]},{"@type":"WebSite","@id":"https:\/\/acuariosupremus.com\/#website","url":"https:\/\/acuariosupremus.com\/","name":"Acuario Supremus","description":"Peces, Peceras y Mascotas.","publisher":{"@id":"https:\/\/acuariosupremus.com\/#organization"},"potentialAction":[{"@type":"SearchAction","target":{"@type":"EntryPoint","urlTemplate":"https:\/\/acuariosupremus.com\/?s={search_term_string}"},"query-input":{"@type":"PropertyValueSpecification","valueRequired":true,"valueName":"search_term_string"}}],"inLanguage":"es"},{"@type":"Organization","@id":"https:\/\/acuariosupremus.com\/#organization","name":"Acuario Supremus","url":"https:\/\/acuariosupremus.com\/","logo":{"@type":"ImageObject","inLanguage":"es","@id":"https:\/\/acuariosupremus.com\/#\/schema\/logo\/image\/","url":"https:\/\/acuariosupremus.com\/wp-content\/uploads\/2021\/12\/cropped-logo_acuario_supremus_fn-2.png","contentUrl":"https:\/\/acuariosupremus.com\/wp-content\/uploads\/2021\/12\/cropped-logo_acuario_supremus_fn-2.png","width":1000,"height":318,"caption":"Acuario Supremus"},"image":{"@id":"https:\/\/acuariosupremus.com\/#\/schema\/logo\/image\/"},"sameAs":["https:\/\/www.facebook.com\/AcuarioSupremus","https:\/\/x.com\/AcuarioSupremus","https:\/\/www.instagram.com\/acuariosupremus\/?hl=es"]}]}},"jetpack_sharing_enabled":true,"_links":{"self":[{"href":"https:\/\/acuariosupremus.com\/index.php?rest_route=\/wp\/v2\/product\/11878","targetHints":{"allow":["GET"]}}],"collection":[{"href":"https:\/\/acuariosupremus.com\/index.php?rest_route=\/wp\/v2\/product"}],"about":[{"href":"https:\/\/acuariosupremus.com\/index.php?rest_route=\/wp\/v2\/types\/product"}],"wp:featuredmedia":[{"embeddable":true,"href":"https:\/\/acuariosupremus.com\/index.php?rest_route=\/wp\/v2\/media\/11879"}],"wp:attachment":[{"href":"https:\/\/acuariosupremus.com\/index.php?rest_route=%2Fwp%2Fv2%2Fmedia&parent=11878"}],"wp:term":[{"taxonomy":"product_brand","embeddable":true,"href":"https:\/\/acuariosupremus.com\/index.php?rest_route=%2Fwp%2Fv2%2Fproduct_brand&post=11878"},{"taxonomy":"product_cat","embeddable":true,"href":"https:\/\/acuariosupremus.com\/index.php?rest_route=%2Fwp%2Fv2%2Fproduct_cat&post=11878"},{"taxonomy":"product_tag","embeddable":true,"href":"https:\/\/acuariosupremus.com\/index.php?rest_route=%2Fwp%2Fv2%2Fproduct_tag&post=11878"}],"curies":[{"name":"wp","href":"https:\/\/api.w.org\/{rel}","templated":true}]}}