{"id":11983,"date":"2024-06-27T14:11:20","date_gmt":"2024-06-27T20:11:20","guid":{"rendered":"https:\/\/acuariosupremus.com\/?post_type=product&#038;p=11983"},"modified":"2026-01-09T14:48:10","modified_gmt":"2026-01-09T20:48:10","slug":"habitat-explorer-p-hamster-i","status":"publish","type":"product","link":"https:\/\/acuariosupremus.com\/?product=habitat-explorer-p-hamster-i","title":{"rendered":"HABITAT EXPLORER P\/HAMSTER I"},"content":{"rendered":"<div id=\"tab-label-product.info.beneficios\" class=\"data item title active\" tabindex=\"0\" role=\"tab\" aria-labeledby=\"tab-label-product.info.beneficios-title\" data-role=\"collapsible\" data-collapsible=\"true\" aria-controls=\"product.info.beneficios\" aria-selected=\"true\" aria-expanded=\"true\">BENEFICIOS<\/div>\n<div id=\"product.info.beneficios\" class=\"data item content\" role=\"tabpanel\" data-role=\"content\" aria-labelledby=\"tab-label-product.info.beneficios\" aria-hidden=\"false\">\n<div class=\"product attribute beneficios\">\n<div class=\"value\">\u2022H\u00e1bitat seguro.<\/div>\n<div class=\"value\">\u2022Con accesorios que fomentan el enriquecimiento ambiental del h\u00e1mster.<\/div>\n<div class=\"value\">\u2022Con esquinas curvas que evitan la acumulaci\u00f3n de residuos.<\/div>\n<div class=\"value\">\u2022Rejilla con tama\u00f1o adecuado para evitar lesiones.<\/div>\n<div>\n<div id=\"tab-label-additional\" class=\"data item title active\" tabindex=\"0\" role=\"tab\" aria-labeledby=\"tab-label-additional-title\" data-role=\"collapsible\" data-collapsible=\"true\" aria-controls=\"additional\" aria-selected=\"true\" aria-expanded=\"true\">CARACTER\u00cdSTICAS: Marca: Redkite Especie: Peque\u00f1os Mam\u00edferos Material:Rejilla de Alambre, base y accesorios de pl\u00e1stico Medidas: <strong>32 cm x 21 cm x 28 cm<\/strong><\/div>\n<div tabindex=\"0\" role=\"tab\" aria-labeledby=\"tab-label-additional-title\" data-role=\"collapsible\" data-collapsible=\"true\" aria-controls=\"additional\" aria-selected=\"true\" aria-expanded=\"true\">\n<div id=\"tab-label-product.info.ingredientes.modo.de.uso\" class=\"data item title active\" tabindex=\"0\" role=\"tab\" aria-labeledby=\"tab-label-product.info.ingredientes.modo.de.uso-title\" data-role=\"collapsible\" data-collapsible=\"true\" aria-controls=\"product.info.ingredientes.modo.de.uso\" aria-selected=\"true\" aria-expanded=\"true\">MODO DE USO \/ PRECAUCIONES Y ADVERTENCIAS<\/div>\n<div id=\"product.info.ingredientes.modo.de.uso\" class=\"data item content\" role=\"tabpanel\" data-role=\"content\" aria-labelledby=\"tab-label-product.info.ingredientes.modo.de.uso\" aria-hidden=\"false\">\n<div class=\"product attribute modo_de_uso_precuaciones_y_adv\">\n<div class=\"value\">1. Inserte y embone a presi\u00f3n las rejillas en las paredes laterales de pl\u00e1stico. Si fuera necesario, moldee ligeramente las rejillas para embonar adecuadamente.<\/div>\n<div class=\"value\">2. Coloque la estructura armada en la base gui\u00e1ndose por sus bordes y suj\u00e9telas a la base con ayuda de los seguros.<\/div>\n<div class=\"value\">3. Para colocar la agarradera inserte sus extremos en los orificios superiores y g\u00edrelos hasta que embonen perfectamente.<\/div>\n<div class=\"value\">4. Instale la rueda girando el sujetador del broche entre los barrotes.<\/div>\n<div class=\"value\">5. Instale el bebedero por fuera de la jaula sujet\u00e1ndolo con ayuda de los barrotes.<\/div>\n<div class=\"value\">6. Coloque a presi\u00f3n la argolla en cada respiradero, gire la argolla en el orificio de la pared de pl\u00e1stico hasta que embone. Conforme va girando la argolla presione suavemente cada ranura para encajarla adecuadamente.Le sugerimos realizar la limpieza de su h\u00e1bitat y cambiar el sustrato semanalmente. Los substratos de origen vegetal REDKITE\u00ae son ideales para la higiene y comodidad de su mascota. CONSULTE AL M\u00c9DICO VETERINARIO.El uso de este producto es bajo responsabilidad y supervisi\u00f3n del due\u00f1o de la mascota. Ni\u00f1os menores de 8 a\u00f1os requieren la supervisi\u00f3n de un adulto. Aseg\u00farese de mantener bien cerrado su h\u00e1bitat para evitar que su peque\u00f1o aventurero explore sin supervisi\u00f3n.<\/div>\n<\/div>\n<\/div>\n<\/div>\n<\/div>\n<\/div>\n<\/div>\n","protected":false},"excerpt":{"rendered":"<p>Los h\u00e1bitats Explorer I de Redkite\u00ae son sistemas modulares que imitan las madrigueras y t\u00faneles de peque\u00f1os roedores en la naturaleza. Sus dise\u00f1os redondeados y sin esquinas facilita la limpieza y evita que el h\u00e1mster lo roa. Adem\u00e1s, al ser transparentes puedes ver lo que hace tu mascota en todo momento, evitando que quede en un espacio sin visibilidad ante un problema de salud.<\/p>\n","protected":false},"featured_media":11990,"template":"","meta":[],"product_brand":[104],"product_cat":[67,69],"product_tag":[276],"class_list":{"0":"post-11983","1":"product","2":"type-product","3":"status-publish","4":"has-post-thumbnail","6":"product_brand-redkite","7":"product_cat-pequenos-mamiferos","8":"product_cat-habitad-pequenos-mamiferos","9":"product_tag-jaula-hamster","11":"first","12":"instock","13":"sale","14":"shipping-taxable","15":"purchasable","16":"product-type-simple"},"yoast_head":"<!-- This site is optimized with the Yoast SEO plugin v27.4 - https:\/\/yoast.com\/product\/yoast-seo-wordpress\/ -->\n<title>HABITAT EXPLORER P\/HAMSTER I | Acuario Supremus<\/title>\n<meta name=\"description\" content=\"La jaula de Redkite EXPLORER I es el kit perfecto para construir espacios seguro para h\u00e1msters, con m\u00faltiples conexiones podemos crear espacios diferentes.\" \/>\n<meta name=\"robots\" content=\"index, follow, max-snippet:-1, max-image-preview:large, max-video-preview:-1\" \/>\n<link rel=\"canonical\" href=\"https:\/\/acuariosupremus.com\/?product=habitat-explorer-p-hamster-i\" \/>\n<meta property=\"og:locale\" content=\"es_MX\" \/>\n<meta property=\"og:type\" content=\"article\" \/>\n<meta property=\"og:title\" content=\"HABITAT EXPLORER P\/HAMSTER I | Acuario Supremus\" \/>\n<meta property=\"og:description\" content=\"La jaula de Redkite EXPLORER I es el kit perfecto para construir espacios seguro para h\u00e1msters, con m\u00faltiples conexiones podemos crear espacios diferentes.\" \/>\n<meta property=\"og:url\" content=\"https:\/\/acuariosupremus.com\/?product=habitat-explorer-p-hamster-i\" \/>\n<meta property=\"og:site_name\" content=\"Acuario Supremus\" \/>\n<meta property=\"article:publisher\" content=\"https:\/\/www.facebook.com\/AcuarioSupremus\" \/>\n<meta property=\"article:modified_time\" content=\"2026-01-09T20:48:10+00:00\" \/>\n<meta property=\"og:image\" content=\"https:\/\/acuariosupremus.com\/wp-content\/uploads\/2024\/06\/FL9061_B.png\" \/>\n\t<meta property=\"og:image:width\" content=\"600\" \/>\n\t<meta property=\"og:image:height\" content=\"600\" \/>\n\t<meta property=\"og:image:type\" content=\"image\/png\" \/>\n<meta name=\"twitter:card\" content=\"summary_large_image\" \/>\n<meta name=\"twitter:site\" content=\"@AcuarioSupremus\" \/>\n<meta name=\"twitter:label1\" content=\"Tiempo de lectura\" \/>\n\t<meta name=\"twitter:data1\" content=\"2 minutos\" \/>\n<script type=\"application\/ld+json\" class=\"yoast-schema-graph\">{\"@context\":\"https:\\\/\\\/schema.org\",\"@graph\":[{\"@type\":\"WebPage\",\"@id\":\"https:\\\/\\\/acuariosupremus.com\\\/?product=habitat-explorer-p-hamster-i\",\"url\":\"https:\\\/\\\/acuariosupremus.com\\\/?product=habitat-explorer-p-hamster-i\",\"name\":\"HABITAT EXPLORER P\\\/HAMSTER I | Acuario Supremus\",\"isPartOf\":{\"@id\":\"https:\\\/\\\/acuariosupremus.com\\\/#website\"},\"primaryImageOfPage\":{\"@id\":\"https:\\\/\\\/acuariosupremus.com\\\/?product=habitat-explorer-p-hamster-i#primaryimage\"},\"image\":{\"@id\":\"https:\\\/\\\/acuariosupremus.com\\\/?product=habitat-explorer-p-hamster-i#primaryimage\"},\"thumbnailUrl\":\"https:\\\/\\\/acuariosupremus.com\\\/wp-content\\\/uploads\\\/2024\\\/06\\\/FL9061_B.png\",\"datePublished\":\"2024-06-27T20:11:20+00:00\",\"dateModified\":\"2026-01-09T20:48:10+00:00\",\"description\":\"La jaula de Redkite EXPLORER I es el kit perfecto para construir espacios seguro para h\u00e1msters, con m\u00faltiples conexiones podemos crear espacios diferentes.\",\"breadcrumb\":{\"@id\":\"https:\\\/\\\/acuariosupremus.com\\\/?product=habitat-explorer-p-hamster-i#breadcrumb\"},\"inLanguage\":\"es\",\"potentialAction\":[{\"@type\":\"ReadAction\",\"target\":[\"https:\\\/\\\/acuariosupremus.com\\\/?product=habitat-explorer-p-hamster-i\"]}]},{\"@type\":\"ImageObject\",\"inLanguage\":\"es\",\"@id\":\"https:\\\/\\\/acuariosupremus.com\\\/?product=habitat-explorer-p-hamster-i#primaryimage\",\"url\":\"https:\\\/\\\/acuariosupremus.com\\\/wp-content\\\/uploads\\\/2024\\\/06\\\/FL9061_B.png\",\"contentUrl\":\"https:\\\/\\\/acuariosupremus.com\\\/wp-content\\\/uploads\\\/2024\\\/06\\\/FL9061_B.png\",\"width\":600,\"height\":600},{\"@type\":\"BreadcrumbList\",\"@id\":\"https:\\\/\\\/acuariosupremus.com\\\/?product=habitat-explorer-p-hamster-i#breadcrumb\",\"itemListElement\":[{\"@type\":\"ListItem\",\"position\":1,\"name\":\"Portada\",\"item\":\"https:\\\/\\\/acuariosupremus.com\\\/\"},{\"@type\":\"ListItem\",\"position\":2,\"name\":\"Tienda\",\"item\":\"https:\\\/\\\/acuariosupremus.com\\\/tienda\\\/\"},{\"@type\":\"ListItem\",\"position\":3,\"name\":\"HABITAT EXPLORER P\\\/HAMSTER I\"}]},{\"@type\":\"WebSite\",\"@id\":\"https:\\\/\\\/acuariosupremus.com\\\/#website\",\"url\":\"https:\\\/\\\/acuariosupremus.com\\\/\",\"name\":\"Acuario Supremus\",\"description\":\"Peces, Peceras y Mascotas.\",\"publisher\":{\"@id\":\"https:\\\/\\\/acuariosupremus.com\\\/#organization\"},\"potentialAction\":[{\"@type\":\"SearchAction\",\"target\":{\"@type\":\"EntryPoint\",\"urlTemplate\":\"https:\\\/\\\/acuariosupremus.com\\\/?s={search_term_string}\"},\"query-input\":{\"@type\":\"PropertyValueSpecification\",\"valueRequired\":true,\"valueName\":\"search_term_string\"}}],\"inLanguage\":\"es\"},{\"@type\":\"Organization\",\"@id\":\"https:\\\/\\\/acuariosupremus.com\\\/#organization\",\"name\":\"Acuario Supremus\",\"url\":\"https:\\\/\\\/acuariosupremus.com\\\/\",\"logo\":{\"@type\":\"ImageObject\",\"inLanguage\":\"es\",\"@id\":\"https:\\\/\\\/acuariosupremus.com\\\/#\\\/schema\\\/logo\\\/image\\\/\",\"url\":\"https:\\\/\\\/acuariosupremus.com\\\/wp-content\\\/uploads\\\/2021\\\/12\\\/cropped-logo_acuario_supremus_fn-2.png\",\"contentUrl\":\"https:\\\/\\\/acuariosupremus.com\\\/wp-content\\\/uploads\\\/2021\\\/12\\\/cropped-logo_acuario_supremus_fn-2.png\",\"width\":1000,\"height\":318,\"caption\":\"Acuario Supremus\"},\"image\":{\"@id\":\"https:\\\/\\\/acuariosupremus.com\\\/#\\\/schema\\\/logo\\\/image\\\/\"},\"sameAs\":[\"https:\\\/\\\/www.facebook.com\\\/AcuarioSupremus\",\"https:\\\/\\\/x.com\\\/AcuarioSupremus\",\"https:\\\/\\\/www.instagram.com\\\/acuariosupremus\\\/?hl=es\"]}]}<\/script>\n<!-- \/ Yoast SEO plugin. -->","yoast_head_json":{"title":"HABITAT EXPLORER P\/HAMSTER I | Acuario Supremus","description":"La jaula de Redkite EXPLORER I es el kit perfecto para construir espacios seguro para h\u00e1msters, con m\u00faltiples conexiones podemos crear espacios diferentes.","robots":{"index":"index","follow":"follow","max-snippet":"max-snippet:-1","max-image-preview":"max-image-preview:large","max-video-preview":"max-video-preview:-1"},"canonical":"https:\/\/acuariosupremus.com\/?product=habitat-explorer-p-hamster-i","og_locale":"es_MX","og_type":"article","og_title":"HABITAT EXPLORER P\/HAMSTER I | Acuario Supremus","og_description":"La jaula de Redkite EXPLORER I es el kit perfecto para construir espacios seguro para h\u00e1msters, con m\u00faltiples conexiones podemos crear espacios diferentes.","og_url":"https:\/\/acuariosupremus.com\/?product=habitat-explorer-p-hamster-i","og_site_name":"Acuario Supremus","article_publisher":"https:\/\/www.facebook.com\/AcuarioSupremus","article_modified_time":"2026-01-09T20:48:10+00:00","og_image":[{"width":600,"height":600,"url":"https:\/\/acuariosupremus.com\/wp-content\/uploads\/2024\/06\/FL9061_B.png","type":"image\/png"}],"twitter_card":"summary_large_image","twitter_site":"@AcuarioSupremus","twitter_misc":{"Tiempo de lectura":"2 minutos"},"schema":{"@context":"https:\/\/schema.org","@graph":[{"@type":"WebPage","@id":"https:\/\/acuariosupremus.com\/?product=habitat-explorer-p-hamster-i","url":"https:\/\/acuariosupremus.com\/?product=habitat-explorer-p-hamster-i","name":"HABITAT EXPLORER P\/HAMSTER I | Acuario Supremus","isPartOf":{"@id":"https:\/\/acuariosupremus.com\/#website"},"primaryImageOfPage":{"@id":"https:\/\/acuariosupremus.com\/?product=habitat-explorer-p-hamster-i#primaryimage"},"image":{"@id":"https:\/\/acuariosupremus.com\/?product=habitat-explorer-p-hamster-i#primaryimage"},"thumbnailUrl":"https:\/\/acuariosupremus.com\/wp-content\/uploads\/2024\/06\/FL9061_B.png","datePublished":"2024-06-27T20:11:20+00:00","dateModified":"2026-01-09T20:48:10+00:00","description":"La jaula de Redkite EXPLORER I es el kit perfecto para construir espacios seguro para h\u00e1msters, con m\u00faltiples conexiones podemos crear espacios diferentes.","breadcrumb":{"@id":"https:\/\/acuariosupremus.com\/?product=habitat-explorer-p-hamster-i#breadcrumb"},"inLanguage":"es","potentialAction":[{"@type":"ReadAction","target":["https:\/\/acuariosupremus.com\/?product=habitat-explorer-p-hamster-i"]}]},{"@type":"ImageObject","inLanguage":"es","@id":"https:\/\/acuariosupremus.com\/?product=habitat-explorer-p-hamster-i#primaryimage","url":"https:\/\/acuariosupremus.com\/wp-content\/uploads\/2024\/06\/FL9061_B.png","contentUrl":"https:\/\/acuariosupremus.com\/wp-content\/uploads\/2024\/06\/FL9061_B.png","width":600,"height":600},{"@type":"BreadcrumbList","@id":"https:\/\/acuariosupremus.com\/?product=habitat-explorer-p-hamster-i#breadcrumb","itemListElement":[{"@type":"ListItem","position":1,"name":"Portada","item":"https:\/\/acuariosupremus.com\/"},{"@type":"ListItem","position":2,"name":"Tienda","item":"https:\/\/acuariosupremus.com\/tienda\/"},{"@type":"ListItem","position":3,"name":"HABITAT EXPLORER P\/HAMSTER I"}]},{"@type":"WebSite","@id":"https:\/\/acuariosupremus.com\/#website","url":"https:\/\/acuariosupremus.com\/","name":"Acuario Supremus","description":"Peces, Peceras y Mascotas.","publisher":{"@id":"https:\/\/acuariosupremus.com\/#organization"},"potentialAction":[{"@type":"SearchAction","target":{"@type":"EntryPoint","urlTemplate":"https:\/\/acuariosupremus.com\/?s={search_term_string}"},"query-input":{"@type":"PropertyValueSpecification","valueRequired":true,"valueName":"search_term_string"}}],"inLanguage":"es"},{"@type":"Organization","@id":"https:\/\/acuariosupremus.com\/#organization","name":"Acuario Supremus","url":"https:\/\/acuariosupremus.com\/","logo":{"@type":"ImageObject","inLanguage":"es","@id":"https:\/\/acuariosupremus.com\/#\/schema\/logo\/image\/","url":"https:\/\/acuariosupremus.com\/wp-content\/uploads\/2021\/12\/cropped-logo_acuario_supremus_fn-2.png","contentUrl":"https:\/\/acuariosupremus.com\/wp-content\/uploads\/2021\/12\/cropped-logo_acuario_supremus_fn-2.png","width":1000,"height":318,"caption":"Acuario Supremus"},"image":{"@id":"https:\/\/acuariosupremus.com\/#\/schema\/logo\/image\/"},"sameAs":["https:\/\/www.facebook.com\/AcuarioSupremus","https:\/\/x.com\/AcuarioSupremus","https:\/\/www.instagram.com\/acuariosupremus\/?hl=es"]}]}},"jetpack_sharing_enabled":true,"_links":{"self":[{"href":"https:\/\/acuariosupremus.com\/index.php?rest_route=\/wp\/v2\/product\/11983","targetHints":{"allow":["GET"]}}],"collection":[{"href":"https:\/\/acuariosupremus.com\/index.php?rest_route=\/wp\/v2\/product"}],"about":[{"href":"https:\/\/acuariosupremus.com\/index.php?rest_route=\/wp\/v2\/types\/product"}],"wp:featuredmedia":[{"embeddable":true,"href":"https:\/\/acuariosupremus.com\/index.php?rest_route=\/wp\/v2\/media\/11990"}],"wp:attachment":[{"href":"https:\/\/acuariosupremus.com\/index.php?rest_route=%2Fwp%2Fv2%2Fmedia&parent=11983"}],"wp:term":[{"taxonomy":"product_brand","embeddable":true,"href":"https:\/\/acuariosupremus.com\/index.php?rest_route=%2Fwp%2Fv2%2Fproduct_brand&post=11983"},{"taxonomy":"product_cat","embeddable":true,"href":"https:\/\/acuariosupremus.com\/index.php?rest_route=%2Fwp%2Fv2%2Fproduct_cat&post=11983"},{"taxonomy":"product_tag","embeddable":true,"href":"https:\/\/acuariosupremus.com\/index.php?rest_route=%2Fwp%2Fv2%2Fproduct_tag&post=11983"}],"curies":[{"name":"wp","href":"https:\/\/api.w.org\/{rel}","templated":true}]}}