{"id":12063,"date":"2024-06-27T15:52:13","date_gmt":"2024-06-27T21:52:13","guid":{"rendered":"https:\/\/acuariosupremus.com\/?post_type=product&#038;p=12063"},"modified":"2026-01-09T14:54:07","modified_gmt":"2026-01-09T20:54:07","slug":"habitat-milan-ii-p-hamster","status":"publish","type":"product","link":"https:\/\/acuariosupremus.com\/?product=habitat-milan-ii-p-hamster","title":{"rendered":"HABITAT MILAN II P\/HAMSTER"},"content":{"rendered":"<div id=\"tab-label-product.info.beneficios\" class=\"data item title active\" tabindex=\"0\" role=\"tab\" aria-labeledby=\"tab-label-product.info.beneficios-title\" data-role=\"collapsible\" data-collapsible=\"true\" aria-controls=\"product.info.beneficios\" aria-selected=\"true\" aria-expanded=\"true\">BENEFICIOS:<\/div>\n<div id=\"product.info.beneficios\" class=\"data item content\" role=\"tabpanel\" data-role=\"content\" aria-labelledby=\"tab-label-product.info.beneficios\" aria-hidden=\"false\">\n<div class=\"product attribute beneficios\">\n<div class=\"value\">\u2022H\u00e1bitat seguro.<\/div>\n<div class=\"value\">\u2022Con accesorios que fomentan el enriquecimiento ambiental del h\u00e1mster.<\/div>\n<div class=\"value\">\u2022Con esquinas curvas que evitan la acumulaci\u00f3n de residuos.<\/div>\n<div class=\"value\">\u2022Rejilla con tama\u00f1o adecuado para evitar lesiones.<\/div>\n<div>\n<div id=\"tab-label-additional\" class=\"data item title active\" tabindex=\"0\" role=\"tab\" aria-labeledby=\"tab-label-additional-title\" data-role=\"collapsible\" data-collapsible=\"true\" aria-controls=\"additional\" aria-selected=\"true\" aria-expanded=\"true\">CARACTER\u00cdSTICAS:\u00a0 Marca:Redkite\u00a0 Especie: Peque\u00f1os Mam\u00edferos\u00a0 Material:Rejilla de Alambre, base y accesorios de pl\u00e1stico\u00a0 Medidas:<strong> 31 cm x 24 cm x 46 cm.<\/strong><\/div>\n<div tabindex=\"0\" role=\"tab\" aria-labeledby=\"tab-label-additional-title\" data-role=\"collapsible\" data-collapsible=\"true\" aria-controls=\"additional\" aria-selected=\"true\" aria-expanded=\"true\">\n<div id=\"tab-label-product.info.ingredientes.modo.de.uso\" class=\"data item title active\" tabindex=\"0\" role=\"tab\" aria-labeledby=\"tab-label-product.info.ingredientes.modo.de.uso-title\" data-role=\"collapsible\" data-collapsible=\"true\" aria-controls=\"product.info.ingredientes.modo.de.uso\" aria-selected=\"true\" aria-expanded=\"true\">MODO DE USO \/ PRECAUCIONES Y ADVERTENCIAS:<\/div>\n<div id=\"product.info.ingredientes.modo.de.uso\" class=\"data item content\" role=\"tabpanel\" data-role=\"content\" aria-labelledby=\"tab-label-product.info.ingredientes.modo.de.uso\" aria-hidden=\"false\">\n<div class=\"product attribute modo_de_uso_precuaciones_y_adv\">\n<div class=\"value\">1.Arme la estructura de rejilla.<\/div>\n<div class=\"value\">2. Coloque la estructura sobre la base de pl\u00e1stico, inserte en los bordes y presione para fijarla. Coloque los 2 seguros laterales.<\/div>\n<div class=\"value\">3. Instale la rueda girando el sujetador del broche entre los barrotes.<\/div>\n<div class=\"value\">4. Coloque la plataforma y asegure en ella la resbaladilla.<\/div>\n<div class=\"value\">5. Monte la madriguera sobre la plataforma y enr\u00f3squela a la reja con ayuda de su sujetador.<\/div>\n<div class=\"value\">6. Instale el bebedero por fuera de la jaula sujet\u00e1ndolo con ayuda de los barrotes.<\/div>\n<div class=\"value\">7. Sujete la tapa con los bordes que sobresalen de la rejilla.nLe sugerimos realizar la limpieza de su h\u00e1bitat y cambiar el sustrato semanalmente. Los sustratos de origen vegetal REDKITE\u00ae son ideales para la higiene y comodidad de su mascota. CONSULTE AL M\u00c9DICO VETERINARIO.nEl uso de este producto es bajo responsabilidad y supervisi\u00f3n del due\u00f1o de la mascota. Ni\u00f1os menores de 8 a\u00f1os requieren la supervisi\u00f3n de un adulto. Aseg\u00farese de mantener bien cerrado su h\u00e1bitat para evitar que su peque\u00f1o aventurero explore sin supervisi\u00f3n.<\/div>\n<\/div>\n<\/div>\n<\/div>\n<\/div>\n<\/div>\n<\/div>\n","protected":false},"excerpt":{"rendered":"<p>Las jaulas de Redkite\u00ae son el kit perfecto para construir el espacio seguro para tu h\u00e1mster. Gracias a las m\u00faltiples conexiones, podemos crear h\u00e1bitats y espacios diferentes conectados entre s\u00ed. La puerta delantera facilita el acceso a la jaula, fomentando la interacci\u00f3n con tu mascota.La transparencia de las jaulas s\u00f3lo queda oscurecida por los tonos de color de algunos accesorios, permitiendo un control constante sobre el estado de nuestro h\u00e1mster, evitando as\u00ed que pueda quedarse escondido en espacios sin visibilidad ante un problema de salud.<\/p>\n","protected":false},"featured_media":12065,"template":"","meta":[],"product_brand":[104],"product_cat":[67,69],"product_tag":[276],"class_list":{"0":"post-12063","1":"product","2":"type-product","3":"status-publish","4":"has-post-thumbnail","6":"product_brand-redkite","7":"product_cat-pequenos-mamiferos","8":"product_cat-habitad-pequenos-mamiferos","9":"product_tag-jaula-hamster","11":"first","12":"instock","13":"sale","14":"shipping-taxable","15":"purchasable","16":"product-type-simple"},"yoast_head":"<!-- This site is optimized with the Yoast SEO plugin v27.4 - https:\/\/yoast.com\/product\/yoast-seo-wordpress\/ -->\n<title>HABITAT MILAN II P\/HAMSTER | Acuario Supremus<\/title>\n<meta name=\"description\" content=\"La jaula MILAN II de Redkite el kit perfecto para construir el espacio seguro para tu h\u00e1mster con m\u00faltiples conexiones crea h\u00e1bitats y espacios diferentes\" \/>\n<meta name=\"robots\" content=\"index, follow, max-snippet:-1, max-image-preview:large, max-video-preview:-1\" \/>\n<link rel=\"canonical\" href=\"https:\/\/acuariosupremus.com\/?product=habitat-milan-ii-p-hamster\" \/>\n<meta property=\"og:locale\" content=\"es_MX\" \/>\n<meta property=\"og:type\" content=\"article\" \/>\n<meta property=\"og:title\" content=\"HABITAT MILAN II P\/HAMSTER | Acuario Supremus\" \/>\n<meta property=\"og:description\" content=\"La jaula MILAN II de Redkite el kit perfecto para construir el espacio seguro para tu h\u00e1mster con m\u00faltiples conexiones crea h\u00e1bitats y espacios diferentes\" \/>\n<meta property=\"og:url\" content=\"https:\/\/acuariosupremus.com\/?product=habitat-milan-ii-p-hamster\" \/>\n<meta property=\"og:site_name\" content=\"Acuario Supremus\" \/>\n<meta property=\"article:publisher\" content=\"https:\/\/www.facebook.com\/AcuarioSupremus\" \/>\n<meta property=\"article:modified_time\" content=\"2026-01-09T20:54:07+00:00\" \/>\n<meta property=\"og:image\" content=\"https:\/\/acuariosupremus.com\/wp-content\/uploads\/2024\/06\/FL9068_C.png\" \/>\n\t<meta property=\"og:image:width\" content=\"600\" \/>\n\t<meta property=\"og:image:height\" content=\"600\" \/>\n\t<meta property=\"og:image:type\" content=\"image\/png\" \/>\n<meta name=\"twitter:card\" content=\"summary_large_image\" \/>\n<meta name=\"twitter:site\" content=\"@AcuarioSupremus\" \/>\n<meta name=\"twitter:label1\" content=\"Tiempo de lectura\" \/>\n\t<meta name=\"twitter:data1\" content=\"2 minutos\" \/>\n<script type=\"application\/ld+json\" class=\"yoast-schema-graph\">{\"@context\":\"https:\\\/\\\/schema.org\",\"@graph\":[{\"@type\":\"WebPage\",\"@id\":\"https:\\\/\\\/acuariosupremus.com\\\/?product=habitat-milan-ii-p-hamster\",\"url\":\"https:\\\/\\\/acuariosupremus.com\\\/?product=habitat-milan-ii-p-hamster\",\"name\":\"HABITAT MILAN II P\\\/HAMSTER | Acuario Supremus\",\"isPartOf\":{\"@id\":\"https:\\\/\\\/acuariosupremus.com\\\/#website\"},\"primaryImageOfPage\":{\"@id\":\"https:\\\/\\\/acuariosupremus.com\\\/?product=habitat-milan-ii-p-hamster#primaryimage\"},\"image\":{\"@id\":\"https:\\\/\\\/acuariosupremus.com\\\/?product=habitat-milan-ii-p-hamster#primaryimage\"},\"thumbnailUrl\":\"https:\\\/\\\/acuariosupremus.com\\\/wp-content\\\/uploads\\\/2024\\\/06\\\/FL9068_C.png\",\"datePublished\":\"2024-06-27T21:52:13+00:00\",\"dateModified\":\"2026-01-09T20:54:07+00:00\",\"description\":\"La jaula MILAN II de Redkite el kit perfecto para construir el espacio seguro para tu h\u00e1mster con m\u00faltiples conexiones crea h\u00e1bitats y espacios diferentes\",\"breadcrumb\":{\"@id\":\"https:\\\/\\\/acuariosupremus.com\\\/?product=habitat-milan-ii-p-hamster#breadcrumb\"},\"inLanguage\":\"es\",\"potentialAction\":[{\"@type\":\"ReadAction\",\"target\":[\"https:\\\/\\\/acuariosupremus.com\\\/?product=habitat-milan-ii-p-hamster\"]}]},{\"@type\":\"ImageObject\",\"inLanguage\":\"es\",\"@id\":\"https:\\\/\\\/acuariosupremus.com\\\/?product=habitat-milan-ii-p-hamster#primaryimage\",\"url\":\"https:\\\/\\\/acuariosupremus.com\\\/wp-content\\\/uploads\\\/2024\\\/06\\\/FL9068_C.png\",\"contentUrl\":\"https:\\\/\\\/acuariosupremus.com\\\/wp-content\\\/uploads\\\/2024\\\/06\\\/FL9068_C.png\",\"width\":600,\"height\":600},{\"@type\":\"BreadcrumbList\",\"@id\":\"https:\\\/\\\/acuariosupremus.com\\\/?product=habitat-milan-ii-p-hamster#breadcrumb\",\"itemListElement\":[{\"@type\":\"ListItem\",\"position\":1,\"name\":\"Portada\",\"item\":\"https:\\\/\\\/acuariosupremus.com\\\/\"},{\"@type\":\"ListItem\",\"position\":2,\"name\":\"Tienda\",\"item\":\"https:\\\/\\\/acuariosupremus.com\\\/tienda\\\/\"},{\"@type\":\"ListItem\",\"position\":3,\"name\":\"HABITAT MILAN II P\\\/HAMSTER\"}]},{\"@type\":\"WebSite\",\"@id\":\"https:\\\/\\\/acuariosupremus.com\\\/#website\",\"url\":\"https:\\\/\\\/acuariosupremus.com\\\/\",\"name\":\"Acuario Supremus\",\"description\":\"Peces, Peceras y Mascotas.\",\"publisher\":{\"@id\":\"https:\\\/\\\/acuariosupremus.com\\\/#organization\"},\"potentialAction\":[{\"@type\":\"SearchAction\",\"target\":{\"@type\":\"EntryPoint\",\"urlTemplate\":\"https:\\\/\\\/acuariosupremus.com\\\/?s={search_term_string}\"},\"query-input\":{\"@type\":\"PropertyValueSpecification\",\"valueRequired\":true,\"valueName\":\"search_term_string\"}}],\"inLanguage\":\"es\"},{\"@type\":\"Organization\",\"@id\":\"https:\\\/\\\/acuariosupremus.com\\\/#organization\",\"name\":\"Acuario Supremus\",\"url\":\"https:\\\/\\\/acuariosupremus.com\\\/\",\"logo\":{\"@type\":\"ImageObject\",\"inLanguage\":\"es\",\"@id\":\"https:\\\/\\\/acuariosupremus.com\\\/#\\\/schema\\\/logo\\\/image\\\/\",\"url\":\"https:\\\/\\\/acuariosupremus.com\\\/wp-content\\\/uploads\\\/2021\\\/12\\\/cropped-logo_acuario_supremus_fn-2.png\",\"contentUrl\":\"https:\\\/\\\/acuariosupremus.com\\\/wp-content\\\/uploads\\\/2021\\\/12\\\/cropped-logo_acuario_supremus_fn-2.png\",\"width\":1000,\"height\":318,\"caption\":\"Acuario Supremus\"},\"image\":{\"@id\":\"https:\\\/\\\/acuariosupremus.com\\\/#\\\/schema\\\/logo\\\/image\\\/\"},\"sameAs\":[\"https:\\\/\\\/www.facebook.com\\\/AcuarioSupremus\",\"https:\\\/\\\/x.com\\\/AcuarioSupremus\",\"https:\\\/\\\/www.instagram.com\\\/acuariosupremus\\\/?hl=es\"]}]}<\/script>\n<!-- \/ Yoast SEO plugin. -->","yoast_head_json":{"title":"HABITAT MILAN II P\/HAMSTER | Acuario Supremus","description":"La jaula MILAN II de Redkite el kit perfecto para construir el espacio seguro para tu h\u00e1mster con m\u00faltiples conexiones crea h\u00e1bitats y espacios diferentes","robots":{"index":"index","follow":"follow","max-snippet":"max-snippet:-1","max-image-preview":"max-image-preview:large","max-video-preview":"max-video-preview:-1"},"canonical":"https:\/\/acuariosupremus.com\/?product=habitat-milan-ii-p-hamster","og_locale":"es_MX","og_type":"article","og_title":"HABITAT MILAN II P\/HAMSTER | Acuario Supremus","og_description":"La jaula MILAN II de Redkite el kit perfecto para construir el espacio seguro para tu h\u00e1mster con m\u00faltiples conexiones crea h\u00e1bitats y espacios diferentes","og_url":"https:\/\/acuariosupremus.com\/?product=habitat-milan-ii-p-hamster","og_site_name":"Acuario Supremus","article_publisher":"https:\/\/www.facebook.com\/AcuarioSupremus","article_modified_time":"2026-01-09T20:54:07+00:00","og_image":[{"width":600,"height":600,"url":"https:\/\/acuariosupremus.com\/wp-content\/uploads\/2024\/06\/FL9068_C.png","type":"image\/png"}],"twitter_card":"summary_large_image","twitter_site":"@AcuarioSupremus","twitter_misc":{"Tiempo de lectura":"2 minutos"},"schema":{"@context":"https:\/\/schema.org","@graph":[{"@type":"WebPage","@id":"https:\/\/acuariosupremus.com\/?product=habitat-milan-ii-p-hamster","url":"https:\/\/acuariosupremus.com\/?product=habitat-milan-ii-p-hamster","name":"HABITAT MILAN II P\/HAMSTER | Acuario Supremus","isPartOf":{"@id":"https:\/\/acuariosupremus.com\/#website"},"primaryImageOfPage":{"@id":"https:\/\/acuariosupremus.com\/?product=habitat-milan-ii-p-hamster#primaryimage"},"image":{"@id":"https:\/\/acuariosupremus.com\/?product=habitat-milan-ii-p-hamster#primaryimage"},"thumbnailUrl":"https:\/\/acuariosupremus.com\/wp-content\/uploads\/2024\/06\/FL9068_C.png","datePublished":"2024-06-27T21:52:13+00:00","dateModified":"2026-01-09T20:54:07+00:00","description":"La jaula MILAN II de Redkite el kit perfecto para construir el espacio seguro para tu h\u00e1mster con m\u00faltiples conexiones crea h\u00e1bitats y espacios diferentes","breadcrumb":{"@id":"https:\/\/acuariosupremus.com\/?product=habitat-milan-ii-p-hamster#breadcrumb"},"inLanguage":"es","potentialAction":[{"@type":"ReadAction","target":["https:\/\/acuariosupremus.com\/?product=habitat-milan-ii-p-hamster"]}]},{"@type":"ImageObject","inLanguage":"es","@id":"https:\/\/acuariosupremus.com\/?product=habitat-milan-ii-p-hamster#primaryimage","url":"https:\/\/acuariosupremus.com\/wp-content\/uploads\/2024\/06\/FL9068_C.png","contentUrl":"https:\/\/acuariosupremus.com\/wp-content\/uploads\/2024\/06\/FL9068_C.png","width":600,"height":600},{"@type":"BreadcrumbList","@id":"https:\/\/acuariosupremus.com\/?product=habitat-milan-ii-p-hamster#breadcrumb","itemListElement":[{"@type":"ListItem","position":1,"name":"Portada","item":"https:\/\/acuariosupremus.com\/"},{"@type":"ListItem","position":2,"name":"Tienda","item":"https:\/\/acuariosupremus.com\/tienda\/"},{"@type":"ListItem","position":3,"name":"HABITAT MILAN II P\/HAMSTER"}]},{"@type":"WebSite","@id":"https:\/\/acuariosupremus.com\/#website","url":"https:\/\/acuariosupremus.com\/","name":"Acuario Supremus","description":"Peces, Peceras y Mascotas.","publisher":{"@id":"https:\/\/acuariosupremus.com\/#organization"},"potentialAction":[{"@type":"SearchAction","target":{"@type":"EntryPoint","urlTemplate":"https:\/\/acuariosupremus.com\/?s={search_term_string}"},"query-input":{"@type":"PropertyValueSpecification","valueRequired":true,"valueName":"search_term_string"}}],"inLanguage":"es"},{"@type":"Organization","@id":"https:\/\/acuariosupremus.com\/#organization","name":"Acuario Supremus","url":"https:\/\/acuariosupremus.com\/","logo":{"@type":"ImageObject","inLanguage":"es","@id":"https:\/\/acuariosupremus.com\/#\/schema\/logo\/image\/","url":"https:\/\/acuariosupremus.com\/wp-content\/uploads\/2021\/12\/cropped-logo_acuario_supremus_fn-2.png","contentUrl":"https:\/\/acuariosupremus.com\/wp-content\/uploads\/2021\/12\/cropped-logo_acuario_supremus_fn-2.png","width":1000,"height":318,"caption":"Acuario Supremus"},"image":{"@id":"https:\/\/acuariosupremus.com\/#\/schema\/logo\/image\/"},"sameAs":["https:\/\/www.facebook.com\/AcuarioSupremus","https:\/\/x.com\/AcuarioSupremus","https:\/\/www.instagram.com\/acuariosupremus\/?hl=es"]}]}},"jetpack_sharing_enabled":true,"_links":{"self":[{"href":"https:\/\/acuariosupremus.com\/index.php?rest_route=\/wp\/v2\/product\/12063","targetHints":{"allow":["GET"]}}],"collection":[{"href":"https:\/\/acuariosupremus.com\/index.php?rest_route=\/wp\/v2\/product"}],"about":[{"href":"https:\/\/acuariosupremus.com\/index.php?rest_route=\/wp\/v2\/types\/product"}],"wp:featuredmedia":[{"embeddable":true,"href":"https:\/\/acuariosupremus.com\/index.php?rest_route=\/wp\/v2\/media\/12065"}],"wp:attachment":[{"href":"https:\/\/acuariosupremus.com\/index.php?rest_route=%2Fwp%2Fv2%2Fmedia&parent=12063"}],"wp:term":[{"taxonomy":"product_brand","embeddable":true,"href":"https:\/\/acuariosupremus.com\/index.php?rest_route=%2Fwp%2Fv2%2Fproduct_brand&post=12063"},{"taxonomy":"product_cat","embeddable":true,"href":"https:\/\/acuariosupremus.com\/index.php?rest_route=%2Fwp%2Fv2%2Fproduct_cat&post=12063"},{"taxonomy":"product_tag","embeddable":true,"href":"https:\/\/acuariosupremus.com\/index.php?rest_route=%2Fwp%2Fv2%2Fproduct_tag&post=12063"}],"curies":[{"name":"wp","href":"https:\/\/api.w.org\/{rel}","templated":true}]}}