{"id":1211,"date":"2022-01-28T20:41:42","date_gmt":"2022-01-29T02:41:42","guid":{"rendered":"https:\/\/acuariosupremus.com\/?post_type=product&#038;p=1211"},"modified":"2025-12-11T18:50:33","modified_gmt":"2025-12-12T00:50:33","slug":"tetrapro-plecowaffers-60-g-2-1-oz","status":"publish","type":"product","link":"https:\/\/acuariosupremus.com\/?product=tetrapro-plecowaffers-60-g-2-1-oz","title":{"rendered":"TETRAPRO PLECOWAFFERS 60 G"},"content":{"rendered":"<p>An\u00e1lisis garantizado:<br \/>\nProte\u00edna cruda min. 30.0%<br \/>\nGrasa cruda min. 6.0%<br \/>\nFibra cruda max. 5.0%<br \/>\nHumedad max. 9.0%<br \/>\nFosforo min. 0.8%<br \/>\nBiotina min. 1 MG\/KG<br \/>\nVit. C. min. 100 MG\/KG<br \/>\nOmega 3 8,000 MG\/KG<br \/>\nIngredientes:<br \/>\nHarina de germen de trigo, harina de avena, almid\u00f3n de ma\u00edz, harina de soya descascarillada, celulosa, prote\u00edna de papa, levadura seca, gluten de trigo, harina de algas, aceite de soya, fosfato de calcio monob\u00e1sico, goma guar, extracto de levadura, \u00e1cido asc\u00f3rbico (fuente de vit.C ), inositol, niacina, L-ascorbilo-2-polifosfato, A-tocoferol (fuente de vit. E), pantotenato D-calcio, riboflavina-5- fosfato (fuente de vit. B2), mononitrato de tiamina (fuente de vit. B1), clorhidrato de piridoxina (fuente de vit. B6), palmitato (fuente de vit. A) biotina, colecalciferol (fuente de vit D3.), sulfato de manganeso monohidratado, sulfato de zinc monohidratado, sulfato de hierro monohidratado, acetato de cobalto. Colores incluidos: Azul 2, amarillo 5, amarillo 6. Etoxiquina como conservador.<\/p>\n<p>Medidas:<br \/>\nAlto: 15.3 cm<br \/>\nAncho: 9 cm<br \/>\nFondo: 3 cm<\/p>\n<p>Peso\/Capacidad:<br \/>\n<strong>60 g. 2.12 oz.<\/strong><\/p>\n","protected":false},"excerpt":{"rendered":"<p>Especialmente formulado para una dieta ideal vegetariana para peces de fondo.<br \/>\nTecnolog\u00eda de extrusi\u00f3n que permite tener una dieta de algas concentrada en una oblea de hundimiento rapido.<br \/>\nNo enturbiar el agua.<br \/>\nCantidades selectas de vitaminas y nutrientes para favorecer un buen funcionamiento del sistema inmunol\u00f3gico de los peces.<\/p>\n","protected":false},"featured_media":1213,"template":"","meta":[],"product_brand":[116],"product_cat":[40,43],"product_tag":[151,148,150,149],"class_list":{"0":"post-1211","1":"product","2":"type-product","3":"status-publish","4":"has-post-thumbnail","6":"product_brand-tetra","7":"product_cat-peces","8":"product_cat-alimentos","9":"product_tag-alimento-peces-de-fondo","10":"product_tag-alimento-peces-tropicales","11":"product_tag-alimento-premium","12":"product_tag-alimento-tetra","14":"first","15":"instock","16":"sale","17":"shipping-taxable","18":"purchasable","19":"product-type-simple"},"yoast_head":"<!-- This site is optimized with the Yoast SEO plugin v27.4 - https:\/\/yoast.com\/product\/yoast-seo-wordpress\/ -->\n<title>TETRAPRO PLECOWAFFERS 60 G | Acuario Supremus<\/title>\n<meta name=\"description\" content=\"Especialmente formulado para una dieta ideal vegetariana para peces de fondo, oblea de hundimiento rapido,No enturbiar el agua.\" \/>\n<meta name=\"robots\" content=\"index, follow, max-snippet:-1, max-image-preview:large, max-video-preview:-1\" \/>\n<link rel=\"canonical\" href=\"https:\/\/acuariosupremus.com\/?product=tetrapro-plecowaffers-60-g-2-1-oz\" \/>\n<meta property=\"og:locale\" content=\"es_MX\" \/>\n<meta property=\"og:type\" content=\"article\" \/>\n<meta property=\"og:title\" content=\"TETRAPRO PLECOWAFFERS 60 G | Acuario Supremus\" \/>\n<meta property=\"og:description\" content=\"Especialmente formulado para una dieta ideal vegetariana para peces de fondo, oblea de hundimiento rapido,No enturbiar el agua.\" \/>\n<meta property=\"og:url\" content=\"https:\/\/acuariosupremus.com\/?product=tetrapro-plecowaffers-60-g-2-1-oz\" \/>\n<meta property=\"og:site_name\" content=\"Acuario Supremus\" \/>\n<meta property=\"article:publisher\" content=\"https:\/\/www.facebook.com\/AcuarioSupremus\" \/>\n<meta property=\"article:modified_time\" content=\"2025-12-12T00:50:33+00:00\" \/>\n<meta property=\"og:image\" content=\"https:\/\/acuariosupremus.com\/wp-content\/uploads\/2022\/01\/TE16447.jpg\" \/>\n\t<meta property=\"og:image:width\" content=\"1000\" \/>\n\t<meta property=\"og:image:height\" content=\"1000\" \/>\n\t<meta property=\"og:image:type\" content=\"image\/jpeg\" \/>\n<meta name=\"twitter:card\" content=\"summary_large_image\" \/>\n<meta name=\"twitter:site\" content=\"@AcuarioSupremus\" \/>\n<meta name=\"twitter:label1\" content=\"Tiempo de lectura\" \/>\n\t<meta name=\"twitter:data1\" content=\"1 minuto\" \/>\n<script type=\"application\/ld+json\" class=\"yoast-schema-graph\">{\"@context\":\"https:\\\/\\\/schema.org\",\"@graph\":[{\"@type\":\"WebPage\",\"@id\":\"https:\\\/\\\/acuariosupremus.com\\\/?product=tetrapro-plecowaffers-60-g-2-1-oz\",\"url\":\"https:\\\/\\\/acuariosupremus.com\\\/?product=tetrapro-plecowaffers-60-g-2-1-oz\",\"name\":\"TETRAPRO PLECOWAFFERS 60 G | Acuario Supremus\",\"isPartOf\":{\"@id\":\"https:\\\/\\\/acuariosupremus.com\\\/#website\"},\"primaryImageOfPage\":{\"@id\":\"https:\\\/\\\/acuariosupremus.com\\\/?product=tetrapro-plecowaffers-60-g-2-1-oz#primaryimage\"},\"image\":{\"@id\":\"https:\\\/\\\/acuariosupremus.com\\\/?product=tetrapro-plecowaffers-60-g-2-1-oz#primaryimage\"},\"thumbnailUrl\":\"https:\\\/\\\/acuariosupremus.com\\\/wp-content\\\/uploads\\\/2022\\\/01\\\/TE16447.jpg\",\"datePublished\":\"2022-01-29T02:41:42+00:00\",\"dateModified\":\"2025-12-12T00:50:33+00:00\",\"description\":\"Especialmente formulado para una dieta ideal vegetariana para peces de fondo, oblea de hundimiento rapido,No enturbiar el agua.\",\"breadcrumb\":{\"@id\":\"https:\\\/\\\/acuariosupremus.com\\\/?product=tetrapro-plecowaffers-60-g-2-1-oz#breadcrumb\"},\"inLanguage\":\"es\",\"potentialAction\":[{\"@type\":\"ReadAction\",\"target\":[\"https:\\\/\\\/acuariosupremus.com\\\/?product=tetrapro-plecowaffers-60-g-2-1-oz\"]}]},{\"@type\":\"ImageObject\",\"inLanguage\":\"es\",\"@id\":\"https:\\\/\\\/acuariosupremus.com\\\/?product=tetrapro-plecowaffers-60-g-2-1-oz#primaryimage\",\"url\":\"https:\\\/\\\/acuariosupremus.com\\\/wp-content\\\/uploads\\\/2022\\\/01\\\/TE16447.jpg\",\"contentUrl\":\"https:\\\/\\\/acuariosupremus.com\\\/wp-content\\\/uploads\\\/2022\\\/01\\\/TE16447.jpg\",\"width\":1000,\"height\":1000},{\"@type\":\"BreadcrumbList\",\"@id\":\"https:\\\/\\\/acuariosupremus.com\\\/?product=tetrapro-plecowaffers-60-g-2-1-oz#breadcrumb\",\"itemListElement\":[{\"@type\":\"ListItem\",\"position\":1,\"name\":\"Portada\",\"item\":\"https:\\\/\\\/acuariosupremus.com\\\/\"},{\"@type\":\"ListItem\",\"position\":2,\"name\":\"Tienda\",\"item\":\"https:\\\/\\\/acuariosupremus.com\\\/tienda\\\/\"},{\"@type\":\"ListItem\",\"position\":3,\"name\":\"TETRAPRO PLECOWAFFERS 60 G\"}]},{\"@type\":\"WebSite\",\"@id\":\"https:\\\/\\\/acuariosupremus.com\\\/#website\",\"url\":\"https:\\\/\\\/acuariosupremus.com\\\/\",\"name\":\"Acuario Supremus\",\"description\":\"Peces, Peceras y Mascotas.\",\"publisher\":{\"@id\":\"https:\\\/\\\/acuariosupremus.com\\\/#organization\"},\"potentialAction\":[{\"@type\":\"SearchAction\",\"target\":{\"@type\":\"EntryPoint\",\"urlTemplate\":\"https:\\\/\\\/acuariosupremus.com\\\/?s={search_term_string}\"},\"query-input\":{\"@type\":\"PropertyValueSpecification\",\"valueRequired\":true,\"valueName\":\"search_term_string\"}}],\"inLanguage\":\"es\"},{\"@type\":\"Organization\",\"@id\":\"https:\\\/\\\/acuariosupremus.com\\\/#organization\",\"name\":\"Acuario Supremus\",\"url\":\"https:\\\/\\\/acuariosupremus.com\\\/\",\"logo\":{\"@type\":\"ImageObject\",\"inLanguage\":\"es\",\"@id\":\"https:\\\/\\\/acuariosupremus.com\\\/#\\\/schema\\\/logo\\\/image\\\/\",\"url\":\"https:\\\/\\\/acuariosupremus.com\\\/wp-content\\\/uploads\\\/2021\\\/12\\\/cropped-logo_acuario_supremus_fn-2.png\",\"contentUrl\":\"https:\\\/\\\/acuariosupremus.com\\\/wp-content\\\/uploads\\\/2021\\\/12\\\/cropped-logo_acuario_supremus_fn-2.png\",\"width\":1000,\"height\":318,\"caption\":\"Acuario Supremus\"},\"image\":{\"@id\":\"https:\\\/\\\/acuariosupremus.com\\\/#\\\/schema\\\/logo\\\/image\\\/\"},\"sameAs\":[\"https:\\\/\\\/www.facebook.com\\\/AcuarioSupremus\",\"https:\\\/\\\/x.com\\\/AcuarioSupremus\",\"https:\\\/\\\/www.instagram.com\\\/acuariosupremus\\\/?hl=es\"]}]}<\/script>\n<!-- \/ Yoast SEO plugin. -->","yoast_head_json":{"title":"TETRAPRO PLECOWAFFERS 60 G | Acuario Supremus","description":"Especialmente formulado para una dieta ideal vegetariana para peces de fondo, oblea de hundimiento rapido,No enturbiar el agua.","robots":{"index":"index","follow":"follow","max-snippet":"max-snippet:-1","max-image-preview":"max-image-preview:large","max-video-preview":"max-video-preview:-1"},"canonical":"https:\/\/acuariosupremus.com\/?product=tetrapro-plecowaffers-60-g-2-1-oz","og_locale":"es_MX","og_type":"article","og_title":"TETRAPRO PLECOWAFFERS 60 G | Acuario Supremus","og_description":"Especialmente formulado para una dieta ideal vegetariana para peces de fondo, oblea de hundimiento rapido,No enturbiar el agua.","og_url":"https:\/\/acuariosupremus.com\/?product=tetrapro-plecowaffers-60-g-2-1-oz","og_site_name":"Acuario Supremus","article_publisher":"https:\/\/www.facebook.com\/AcuarioSupremus","article_modified_time":"2025-12-12T00:50:33+00:00","og_image":[{"width":1000,"height":1000,"url":"https:\/\/acuariosupremus.com\/wp-content\/uploads\/2022\/01\/TE16447.jpg","type":"image\/jpeg"}],"twitter_card":"summary_large_image","twitter_site":"@AcuarioSupremus","twitter_misc":{"Tiempo de lectura":"1 minuto"},"schema":{"@context":"https:\/\/schema.org","@graph":[{"@type":"WebPage","@id":"https:\/\/acuariosupremus.com\/?product=tetrapro-plecowaffers-60-g-2-1-oz","url":"https:\/\/acuariosupremus.com\/?product=tetrapro-plecowaffers-60-g-2-1-oz","name":"TETRAPRO PLECOWAFFERS 60 G | Acuario Supremus","isPartOf":{"@id":"https:\/\/acuariosupremus.com\/#website"},"primaryImageOfPage":{"@id":"https:\/\/acuariosupremus.com\/?product=tetrapro-plecowaffers-60-g-2-1-oz#primaryimage"},"image":{"@id":"https:\/\/acuariosupremus.com\/?product=tetrapro-plecowaffers-60-g-2-1-oz#primaryimage"},"thumbnailUrl":"https:\/\/acuariosupremus.com\/wp-content\/uploads\/2022\/01\/TE16447.jpg","datePublished":"2022-01-29T02:41:42+00:00","dateModified":"2025-12-12T00:50:33+00:00","description":"Especialmente formulado para una dieta ideal vegetariana para peces de fondo, oblea de hundimiento rapido,No enturbiar el agua.","breadcrumb":{"@id":"https:\/\/acuariosupremus.com\/?product=tetrapro-plecowaffers-60-g-2-1-oz#breadcrumb"},"inLanguage":"es","potentialAction":[{"@type":"ReadAction","target":["https:\/\/acuariosupremus.com\/?product=tetrapro-plecowaffers-60-g-2-1-oz"]}]},{"@type":"ImageObject","inLanguage":"es","@id":"https:\/\/acuariosupremus.com\/?product=tetrapro-plecowaffers-60-g-2-1-oz#primaryimage","url":"https:\/\/acuariosupremus.com\/wp-content\/uploads\/2022\/01\/TE16447.jpg","contentUrl":"https:\/\/acuariosupremus.com\/wp-content\/uploads\/2022\/01\/TE16447.jpg","width":1000,"height":1000},{"@type":"BreadcrumbList","@id":"https:\/\/acuariosupremus.com\/?product=tetrapro-plecowaffers-60-g-2-1-oz#breadcrumb","itemListElement":[{"@type":"ListItem","position":1,"name":"Portada","item":"https:\/\/acuariosupremus.com\/"},{"@type":"ListItem","position":2,"name":"Tienda","item":"https:\/\/acuariosupremus.com\/tienda\/"},{"@type":"ListItem","position":3,"name":"TETRAPRO PLECOWAFFERS 60 G"}]},{"@type":"WebSite","@id":"https:\/\/acuariosupremus.com\/#website","url":"https:\/\/acuariosupremus.com\/","name":"Acuario Supremus","description":"Peces, Peceras y Mascotas.","publisher":{"@id":"https:\/\/acuariosupremus.com\/#organization"},"potentialAction":[{"@type":"SearchAction","target":{"@type":"EntryPoint","urlTemplate":"https:\/\/acuariosupremus.com\/?s={search_term_string}"},"query-input":{"@type":"PropertyValueSpecification","valueRequired":true,"valueName":"search_term_string"}}],"inLanguage":"es"},{"@type":"Organization","@id":"https:\/\/acuariosupremus.com\/#organization","name":"Acuario Supremus","url":"https:\/\/acuariosupremus.com\/","logo":{"@type":"ImageObject","inLanguage":"es","@id":"https:\/\/acuariosupremus.com\/#\/schema\/logo\/image\/","url":"https:\/\/acuariosupremus.com\/wp-content\/uploads\/2021\/12\/cropped-logo_acuario_supremus_fn-2.png","contentUrl":"https:\/\/acuariosupremus.com\/wp-content\/uploads\/2021\/12\/cropped-logo_acuario_supremus_fn-2.png","width":1000,"height":318,"caption":"Acuario Supremus"},"image":{"@id":"https:\/\/acuariosupremus.com\/#\/schema\/logo\/image\/"},"sameAs":["https:\/\/www.facebook.com\/AcuarioSupremus","https:\/\/x.com\/AcuarioSupremus","https:\/\/www.instagram.com\/acuariosupremus\/?hl=es"]}]}},"jetpack_sharing_enabled":true,"_links":{"self":[{"href":"https:\/\/acuariosupremus.com\/index.php?rest_route=\/wp\/v2\/product\/1211","targetHints":{"allow":["GET"]}}],"collection":[{"href":"https:\/\/acuariosupremus.com\/index.php?rest_route=\/wp\/v2\/product"}],"about":[{"href":"https:\/\/acuariosupremus.com\/index.php?rest_route=\/wp\/v2\/types\/product"}],"wp:featuredmedia":[{"embeddable":true,"href":"https:\/\/acuariosupremus.com\/index.php?rest_route=\/wp\/v2\/media\/1213"}],"wp:attachment":[{"href":"https:\/\/acuariosupremus.com\/index.php?rest_route=%2Fwp%2Fv2%2Fmedia&parent=1211"}],"wp:term":[{"taxonomy":"product_brand","embeddable":true,"href":"https:\/\/acuariosupremus.com\/index.php?rest_route=%2Fwp%2Fv2%2Fproduct_brand&post=1211"},{"taxonomy":"product_cat","embeddable":true,"href":"https:\/\/acuariosupremus.com\/index.php?rest_route=%2Fwp%2Fv2%2Fproduct_cat&post=1211"},{"taxonomy":"product_tag","embeddable":true,"href":"https:\/\/acuariosupremus.com\/index.php?rest_route=%2Fwp%2Fv2%2Fproduct_tag&post=1211"}],"curies":[{"name":"wp","href":"https:\/\/api.w.org\/{rel}","templated":true}]}}