{"id":1217,"date":"2022-01-28T20:54:16","date_gmt":"2022-01-29T02:54:16","guid":{"rendered":"https:\/\/acuariosupremus.com\/?post_type=product&#038;p=1217"},"modified":"2026-04-21T15:01:37","modified_gmt":"2026-04-21T21:01:37","slug":"tetrapond-sticks-5-kg-11-lb","status":"publish","type":"product","link":"https:\/\/acuariosupremus.com\/?product=tetrapond-sticks-5-kg-11-lb","title":{"rendered":"TETRAPOND STICKS 5 KG"},"content":{"rendered":"<p>An\u00e1lisis garantizado:<br \/>\nProte\u00edna cruda min. 28.0%<br \/>\nGrasa cruda min. 3.5%<br \/>\nFibra cruda max. 2.0%<br \/>\nHumedad max. 7.0%<br \/>\nFosforo min. 1.0%<br \/>\nVit.C. min. 100 MG\/kg<\/p>\n<p>Ingredientes:<br \/>\nHarina de ma\u00edz, harina de pescado, almid\u00f3n de trigo, harina de avena, harina de soya descascarillada, gluten de trigo, harina de germen de trigo, aceite de soya, fosfato de calcio monob\u00e1sico, harina de alga, extracto de levadura, \u00e1cido<br \/>\nasc\u00f3rbico (fuente de Vit.C), inositol, niacina, ascorbil- L- 2- polifosfato, (Vit. C estabilizada), D-pantotenato de calcio, A- Tocoferol, riboflavina-5- fosfato, mononitrato de tiamina, piridoxina hidroclorada, Suplemento de vitamina B12,<br \/>\ncolecalciferol (fuente de vit. D3). Sulfato de manganeso, sulfato de zinc, sulfato ferroso, acetato de cobalto.<br \/>\nColorante: Amarillo 5 lago, etoxiquina como conservador. energ\u00eda concentrada. Fibra: Favorece la digesti\u00f3n.<\/p>\n<p>An\u00e1lisis garantizado:<br \/>\nProte\u00edna cruda min. 28.0%<br \/>\nGrasa cruda min. 3.5%<br \/>\nFibra cruda max. 2.0%<br \/>\nHumedad max. 7.0%<br \/>\nFosforo min. 1.0%<br \/>\nVit.C. min. 100 MG\/kg<\/p>\n<p>Medidas:<br \/>\nAlto: 36 cm<br \/>\nAncho: 39.5 cm<br \/>\nFondo: 40.5 cm<\/p>\n<p>Peso\/Capacidad:<br \/>\n<strong>5 kg. 11 LB.<\/strong><\/p>\n","protected":false},"excerpt":{"rendered":"<p>Los sticks se humedecen r\u00e1pidamente al contacto con el agua, por lo que peces peque\u00f1os y grandes pueden consumir y digerirlos con facilidad . La alta digestibilidad de los sticks promueve agua clara, reduciendo al m\u00ednimo los residuos. Equilibrio adecuado de nutrientes que mantienen a los peces en \u00f3ptimas condiciones. Vitaminas: Para un optimo crecimiento y metabolismo, mejorando la salud general de los peces. Prote\u00ednas: Contiene amino\u00e1cidos para el crecimiento y mantenimiento.Grasa: Fuente de energ\u00eda concentrada.Fibra: Favorece la digesti\u00f3n.<\/p>\n","protected":false},"featured_media":1219,"template":"","meta":[],"product_brand":[116],"product_cat":[40,43],"product_tag":[148,150,149,159,158,155,157],"class_list":{"0":"post-1217","1":"product","2":"type-product","3":"status-publish","4":"has-post-thumbnail","6":"product_brand-tetra","7":"product_cat-peces","8":"product_cat-alimentos","9":"product_tag-alimento-peces-tropicales","10":"product_tag-alimento-premium","11":"product_tag-alimento-tetra","12":"product_tag-carpas-koi","13":"product_tag-estanque","14":"product_tag-peces-grandes","15":"product_tag-sticks","17":"first","18":"outofstock","19":"sale","20":"shipping-taxable","21":"purchasable","22":"product-type-simple"},"yoast_head":"<!-- This site is optimized with the Yoast SEO plugin v27.4 - https:\/\/yoast.com\/product\/yoast-seo-wordpress\/ -->\n<title>TETRAPOND STICKS 5 KG | Acuario Supremus<\/title>\n<meta name=\"description\" content=\"La alta digestibilidad de los sticks promueve agua clara, reduciendo los residuos. Equilibrio adecuado de nutrientes que mantienen peces en \u00f3ptimas condiciones.\" \/>\n<meta name=\"robots\" content=\"index, follow, max-snippet:-1, max-image-preview:large, max-video-preview:-1\" \/>\n<link rel=\"canonical\" href=\"https:\/\/acuariosupremus.com\/?product=tetrapond-sticks-5-kg-11-lb\" \/>\n<meta property=\"og:locale\" content=\"es_MX\" \/>\n<meta property=\"og:type\" content=\"article\" \/>\n<meta property=\"og:title\" content=\"TETRAPOND STICKS 5 KG | Acuario Supremus\" \/>\n<meta property=\"og:description\" content=\"La alta digestibilidad de los sticks promueve agua clara, reduciendo los residuos. Equilibrio adecuado de nutrientes que mantienen peces en \u00f3ptimas condiciones.\" \/>\n<meta property=\"og:url\" content=\"https:\/\/acuariosupremus.com\/?product=tetrapond-sticks-5-kg-11-lb\" \/>\n<meta property=\"og:site_name\" content=\"Acuario Supremus\" \/>\n<meta property=\"article:publisher\" content=\"https:\/\/www.facebook.com\/AcuarioSupremus\" \/>\n<meta property=\"article:modified_time\" content=\"2026-04-21T21:01:37+00:00\" \/>\n<meta property=\"og:image\" content=\"https:\/\/acuariosupremus.com\/wp-content\/uploads\/2022\/01\/TE16457.jpg\" \/>\n\t<meta property=\"og:image:width\" content=\"1000\" \/>\n\t<meta property=\"og:image:height\" content=\"1000\" \/>\n\t<meta property=\"og:image:type\" content=\"image\/jpeg\" \/>\n<meta name=\"twitter:card\" content=\"summary_large_image\" \/>\n<meta name=\"twitter:site\" content=\"@AcuarioSupremus\" \/>\n<meta name=\"twitter:label1\" content=\"Tiempo de lectura\" \/>\n\t<meta name=\"twitter:data1\" content=\"1 minuto\" \/>\n<script type=\"application\/ld+json\" class=\"yoast-schema-graph\">{\"@context\":\"https:\\\/\\\/schema.org\",\"@graph\":[{\"@type\":\"WebPage\",\"@id\":\"https:\\\/\\\/acuariosupremus.com\\\/?product=tetrapond-sticks-5-kg-11-lb\",\"url\":\"https:\\\/\\\/acuariosupremus.com\\\/?product=tetrapond-sticks-5-kg-11-lb\",\"name\":\"TETRAPOND STICKS 5 KG | Acuario Supremus\",\"isPartOf\":{\"@id\":\"https:\\\/\\\/acuariosupremus.com\\\/#website\"},\"primaryImageOfPage\":{\"@id\":\"https:\\\/\\\/acuariosupremus.com\\\/?product=tetrapond-sticks-5-kg-11-lb#primaryimage\"},\"image\":{\"@id\":\"https:\\\/\\\/acuariosupremus.com\\\/?product=tetrapond-sticks-5-kg-11-lb#primaryimage\"},\"thumbnailUrl\":\"https:\\\/\\\/acuariosupremus.com\\\/wp-content\\\/uploads\\\/2022\\\/01\\\/TE16457.jpg\",\"datePublished\":\"2022-01-29T02:54:16+00:00\",\"dateModified\":\"2026-04-21T21:01:37+00:00\",\"description\":\"La alta digestibilidad de los sticks promueve agua clara, reduciendo los residuos. Equilibrio adecuado de nutrientes que mantienen peces en \u00f3ptimas condiciones.\",\"breadcrumb\":{\"@id\":\"https:\\\/\\\/acuariosupremus.com\\\/?product=tetrapond-sticks-5-kg-11-lb#breadcrumb\"},\"inLanguage\":\"es\",\"potentialAction\":[{\"@type\":\"ReadAction\",\"target\":[\"https:\\\/\\\/acuariosupremus.com\\\/?product=tetrapond-sticks-5-kg-11-lb\"]}]},{\"@type\":\"ImageObject\",\"inLanguage\":\"es\",\"@id\":\"https:\\\/\\\/acuariosupremus.com\\\/?product=tetrapond-sticks-5-kg-11-lb#primaryimage\",\"url\":\"https:\\\/\\\/acuariosupremus.com\\\/wp-content\\\/uploads\\\/2022\\\/01\\\/TE16457.jpg\",\"contentUrl\":\"https:\\\/\\\/acuariosupremus.com\\\/wp-content\\\/uploads\\\/2022\\\/01\\\/TE16457.jpg\",\"width\":1000,\"height\":1000},{\"@type\":\"BreadcrumbList\",\"@id\":\"https:\\\/\\\/acuariosupremus.com\\\/?product=tetrapond-sticks-5-kg-11-lb#breadcrumb\",\"itemListElement\":[{\"@type\":\"ListItem\",\"position\":1,\"name\":\"Portada\",\"item\":\"https:\\\/\\\/acuariosupremus.com\\\/\"},{\"@type\":\"ListItem\",\"position\":2,\"name\":\"Tienda\",\"item\":\"https:\\\/\\\/acuariosupremus.com\\\/tienda\\\/\"},{\"@type\":\"ListItem\",\"position\":3,\"name\":\"TETRAPOND STICKS 5 KG\"}]},{\"@type\":\"WebSite\",\"@id\":\"https:\\\/\\\/acuariosupremus.com\\\/#website\",\"url\":\"https:\\\/\\\/acuariosupremus.com\\\/\",\"name\":\"Acuario Supremus\",\"description\":\"Peces, Peceras y Mascotas.\",\"publisher\":{\"@id\":\"https:\\\/\\\/acuariosupremus.com\\\/#organization\"},\"potentialAction\":[{\"@type\":\"SearchAction\",\"target\":{\"@type\":\"EntryPoint\",\"urlTemplate\":\"https:\\\/\\\/acuariosupremus.com\\\/?s={search_term_string}\"},\"query-input\":{\"@type\":\"PropertyValueSpecification\",\"valueRequired\":true,\"valueName\":\"search_term_string\"}}],\"inLanguage\":\"es\"},{\"@type\":\"Organization\",\"@id\":\"https:\\\/\\\/acuariosupremus.com\\\/#organization\",\"name\":\"Acuario Supremus\",\"url\":\"https:\\\/\\\/acuariosupremus.com\\\/\",\"logo\":{\"@type\":\"ImageObject\",\"inLanguage\":\"es\",\"@id\":\"https:\\\/\\\/acuariosupremus.com\\\/#\\\/schema\\\/logo\\\/image\\\/\",\"url\":\"https:\\\/\\\/acuariosupremus.com\\\/wp-content\\\/uploads\\\/2021\\\/12\\\/cropped-logo_acuario_supremus_fn-2.png\",\"contentUrl\":\"https:\\\/\\\/acuariosupremus.com\\\/wp-content\\\/uploads\\\/2021\\\/12\\\/cropped-logo_acuario_supremus_fn-2.png\",\"width\":1000,\"height\":318,\"caption\":\"Acuario Supremus\"},\"image\":{\"@id\":\"https:\\\/\\\/acuariosupremus.com\\\/#\\\/schema\\\/logo\\\/image\\\/\"},\"sameAs\":[\"https:\\\/\\\/www.facebook.com\\\/AcuarioSupremus\",\"https:\\\/\\\/x.com\\\/AcuarioSupremus\",\"https:\\\/\\\/www.instagram.com\\\/acuariosupremus\\\/?hl=es\"]}]}<\/script>\n<!-- \/ Yoast SEO plugin. -->","yoast_head_json":{"title":"TETRAPOND STICKS 5 KG | Acuario Supremus","description":"La alta digestibilidad de los sticks promueve agua clara, reduciendo los residuos. Equilibrio adecuado de nutrientes que mantienen peces en \u00f3ptimas condiciones.","robots":{"index":"index","follow":"follow","max-snippet":"max-snippet:-1","max-image-preview":"max-image-preview:large","max-video-preview":"max-video-preview:-1"},"canonical":"https:\/\/acuariosupremus.com\/?product=tetrapond-sticks-5-kg-11-lb","og_locale":"es_MX","og_type":"article","og_title":"TETRAPOND STICKS 5 KG | Acuario Supremus","og_description":"La alta digestibilidad de los sticks promueve agua clara, reduciendo los residuos. Equilibrio adecuado de nutrientes que mantienen peces en \u00f3ptimas condiciones.","og_url":"https:\/\/acuariosupremus.com\/?product=tetrapond-sticks-5-kg-11-lb","og_site_name":"Acuario Supremus","article_publisher":"https:\/\/www.facebook.com\/AcuarioSupremus","article_modified_time":"2026-04-21T21:01:37+00:00","og_image":[{"width":1000,"height":1000,"url":"https:\/\/acuariosupremus.com\/wp-content\/uploads\/2022\/01\/TE16457.jpg","type":"image\/jpeg"}],"twitter_card":"summary_large_image","twitter_site":"@AcuarioSupremus","twitter_misc":{"Tiempo de lectura":"1 minuto"},"schema":{"@context":"https:\/\/schema.org","@graph":[{"@type":"WebPage","@id":"https:\/\/acuariosupremus.com\/?product=tetrapond-sticks-5-kg-11-lb","url":"https:\/\/acuariosupremus.com\/?product=tetrapond-sticks-5-kg-11-lb","name":"TETRAPOND STICKS 5 KG | Acuario Supremus","isPartOf":{"@id":"https:\/\/acuariosupremus.com\/#website"},"primaryImageOfPage":{"@id":"https:\/\/acuariosupremus.com\/?product=tetrapond-sticks-5-kg-11-lb#primaryimage"},"image":{"@id":"https:\/\/acuariosupremus.com\/?product=tetrapond-sticks-5-kg-11-lb#primaryimage"},"thumbnailUrl":"https:\/\/acuariosupremus.com\/wp-content\/uploads\/2022\/01\/TE16457.jpg","datePublished":"2022-01-29T02:54:16+00:00","dateModified":"2026-04-21T21:01:37+00:00","description":"La alta digestibilidad de los sticks promueve agua clara, reduciendo los residuos. Equilibrio adecuado de nutrientes que mantienen peces en \u00f3ptimas condiciones.","breadcrumb":{"@id":"https:\/\/acuariosupremus.com\/?product=tetrapond-sticks-5-kg-11-lb#breadcrumb"},"inLanguage":"es","potentialAction":[{"@type":"ReadAction","target":["https:\/\/acuariosupremus.com\/?product=tetrapond-sticks-5-kg-11-lb"]}]},{"@type":"ImageObject","inLanguage":"es","@id":"https:\/\/acuariosupremus.com\/?product=tetrapond-sticks-5-kg-11-lb#primaryimage","url":"https:\/\/acuariosupremus.com\/wp-content\/uploads\/2022\/01\/TE16457.jpg","contentUrl":"https:\/\/acuariosupremus.com\/wp-content\/uploads\/2022\/01\/TE16457.jpg","width":1000,"height":1000},{"@type":"BreadcrumbList","@id":"https:\/\/acuariosupremus.com\/?product=tetrapond-sticks-5-kg-11-lb#breadcrumb","itemListElement":[{"@type":"ListItem","position":1,"name":"Portada","item":"https:\/\/acuariosupremus.com\/"},{"@type":"ListItem","position":2,"name":"Tienda","item":"https:\/\/acuariosupremus.com\/tienda\/"},{"@type":"ListItem","position":3,"name":"TETRAPOND STICKS 5 KG"}]},{"@type":"WebSite","@id":"https:\/\/acuariosupremus.com\/#website","url":"https:\/\/acuariosupremus.com\/","name":"Acuario Supremus","description":"Peces, Peceras y Mascotas.","publisher":{"@id":"https:\/\/acuariosupremus.com\/#organization"},"potentialAction":[{"@type":"SearchAction","target":{"@type":"EntryPoint","urlTemplate":"https:\/\/acuariosupremus.com\/?s={search_term_string}"},"query-input":{"@type":"PropertyValueSpecification","valueRequired":true,"valueName":"search_term_string"}}],"inLanguage":"es"},{"@type":"Organization","@id":"https:\/\/acuariosupremus.com\/#organization","name":"Acuario Supremus","url":"https:\/\/acuariosupremus.com\/","logo":{"@type":"ImageObject","inLanguage":"es","@id":"https:\/\/acuariosupremus.com\/#\/schema\/logo\/image\/","url":"https:\/\/acuariosupremus.com\/wp-content\/uploads\/2021\/12\/cropped-logo_acuario_supremus_fn-2.png","contentUrl":"https:\/\/acuariosupremus.com\/wp-content\/uploads\/2021\/12\/cropped-logo_acuario_supremus_fn-2.png","width":1000,"height":318,"caption":"Acuario Supremus"},"image":{"@id":"https:\/\/acuariosupremus.com\/#\/schema\/logo\/image\/"},"sameAs":["https:\/\/www.facebook.com\/AcuarioSupremus","https:\/\/x.com\/AcuarioSupremus","https:\/\/www.instagram.com\/acuariosupremus\/?hl=es"]}]}},"jetpack_sharing_enabled":true,"_links":{"self":[{"href":"https:\/\/acuariosupremus.com\/index.php?rest_route=\/wp\/v2\/product\/1217","targetHints":{"allow":["GET"]}}],"collection":[{"href":"https:\/\/acuariosupremus.com\/index.php?rest_route=\/wp\/v2\/product"}],"about":[{"href":"https:\/\/acuariosupremus.com\/index.php?rest_route=\/wp\/v2\/types\/product"}],"wp:featuredmedia":[{"embeddable":true,"href":"https:\/\/acuariosupremus.com\/index.php?rest_route=\/wp\/v2\/media\/1219"}],"wp:attachment":[{"href":"https:\/\/acuariosupremus.com\/index.php?rest_route=%2Fwp%2Fv2%2Fmedia&parent=1217"}],"wp:term":[{"taxonomy":"product_brand","embeddable":true,"href":"https:\/\/acuariosupremus.com\/index.php?rest_route=%2Fwp%2Fv2%2Fproduct_brand&post=1217"},{"taxonomy":"product_cat","embeddable":true,"href":"https:\/\/acuariosupremus.com\/index.php?rest_route=%2Fwp%2Fv2%2Fproduct_cat&post=1217"},{"taxonomy":"product_tag","embeddable":true,"href":"https:\/\/acuariosupremus.com\/index.php?rest_route=%2Fwp%2Fv2%2Fproduct_tag&post=1217"}],"curies":[{"name":"wp","href":"https:\/\/api.w.org\/{rel}","templated":true}]}}