{"id":12176,"date":"2024-06-28T16:54:38","date_gmt":"2024-06-28T22:54:38","guid":{"rendered":"https:\/\/acuariosupremus.com\/?post_type=product&#038;p=12176"},"modified":"2026-02-04T14:36:42","modified_gmt":"2026-02-04T20:36:42","slug":"collar-ch-aqua-pop-p-perro-galeria","status":"publish","type":"product","link":"https:\/\/acuariosupremus.com\/?product=collar-ch-aqua-pop-p-perro-galeria","title":{"rendered":"COLLAR CH AQUA POP P\/PERRO GALERIA"},"content":{"rendered":"<div id=\"tab-label-product.info.beneficios\" class=\"data item title active\" tabindex=\"0\" role=\"tab\" aria-labeledby=\"tab-label-product.info.beneficios-title\" data-role=\"collapsible\" data-collapsible=\"true\" aria-controls=\"product.info.beneficios\" aria-selected=\"true\" aria-expanded=\"true\">BENEFICIOS:<\/div>\n<div id=\"product.info.beneficios\" class=\"data item content\" role=\"tabpanel\" data-role=\"content\" aria-labelledby=\"tab-label-product.info.beneficios\" aria-hidden=\"false\">\n<div class=\"product attribute beneficios\">\n<div class=\"value\">\u2022R\u00e1pido de colocar y de retirar<\/div>\n<div class=\"value\">\u2022Ideal para perros de manto largo para evitar que se enrede el pelo<\/div>\n<div class=\"value\">\u2022El perro puede tenerlo puesto todo el d\u00eda sin preocupaci\u00f3n de irritaci\u00f3n.<\/div>\n<div>\n<div id=\"tab-label-additional\" class=\"data item title active\" tabindex=\"0\" role=\"tab\" aria-labeledby=\"tab-label-additional-title\" data-role=\"collapsible\" data-collapsible=\"true\" aria-controls=\"additional\" aria-selected=\"true\" aria-expanded=\"true\">CARACTER\u00cdSTICAS: Marca: Fancy Pets Especie:Perros Medidas: <strong>20 &#8211; 38 cm de circunferencia.<\/strong>\u00a0Material:100% NAILON Contenido neto:1 PZA.<\/div>\n<div tabindex=\"0\" role=\"tab\" aria-labeledby=\"tab-label-additional-title\" data-role=\"collapsible\" data-collapsible=\"true\" aria-controls=\"additional\" aria-selected=\"true\" aria-expanded=\"true\">\n<div id=\"tab-label-product.info.ingredientes.modo.de.uso\" class=\"data item title active\" tabindex=\"0\" role=\"tab\" aria-labeledby=\"tab-label-product.info.ingredientes.modo.de.uso-title\" data-role=\"collapsible\" data-collapsible=\"true\" aria-controls=\"product.info.ingredientes.modo.de.uso\" aria-selected=\"true\" aria-expanded=\"true\">MODO DE USO \/ PRECAUCIONES Y ADVERTENCIAS:<\/div>\n<div id=\"product.info.ingredientes.modo.de.uso\" class=\"data item content\" role=\"tabpanel\" data-role=\"content\" aria-labelledby=\"tab-label-product.info.ingredientes.modo.de.uso\" aria-hidden=\"false\">\n<div class=\"product attribute modo_de_uso_precuaciones_y_adv\">\n<div class=\"value\">Tome la medida del cuello de su mascota y considere 5 cm m\u00e1s. Si el resultado final se encuentra entre dos tallas de collares, elija la talla m\u00e1s grande. Revise regularmente el nivel de presi\u00f3n del collar sobre el cuello de la mascota para evitar cualquier incidente.El uso de este producto es responsabilidad del due\u00f1o de la mascota.<\/div>\n<div class=\"value\">Instrucciones de cuidado:<\/div>\n<div class=\"value\">&#8211; L\u00e1vese a mano con agua tibia y detergente suave. No utilice cloro.<\/div>\n<div class=\"value\">&#8211; No se exprima y deje secar colgado a la sombra. No use secadora.<\/div>\n<div class=\"value\">&#8211; No planchar.<\/div>\n<\/div>\n<\/div>\n<\/div>\n<\/div>\n<\/div>\n<\/div>\n","protected":false},"excerpt":{"rendered":"<p>Los collares de la l\u00ednea Aqua Pop de Fancy Pets\u00ae son un buen aliado para los paseos tranquilos, con su dise\u00f1o \u00fanico destacar\u00e1 tu perro en cualquier lugar. Son ideales para perros que no tienen problemas respiratorios o que sean propensos a tirar de la correa. Razas sugeridas: Bulldog Franc\u00e9s, Boston Terrier, Bedlington Terrier, Jack Russell, Shih Tzu, Lakeland, Dachshund, Pug, West Highland White Terrier.<\/p>\n","protected":false},"featured_media":12177,"template":"","meta":[],"product_brand":[106],"product_cat":[73,82],"product_tag":[521],"class_list":{"0":"post-12176","1":"product","2":"type-product","3":"status-publish","4":"has-post-thumbnail","6":"product_brand-fancypets","7":"product_cat-perros","8":"product_cat-collares-y-correas","9":"product_tag-collar-coleccion-galeria-para-perros","11":"first","12":"instock","13":"sale","14":"shipping-taxable","15":"purchasable","16":"product-type-simple"},"yoast_head":"<!-- This site is optimized with the Yoast SEO plugin v27.4 - https:\/\/yoast.com\/product\/yoast-seo-wordpress\/ -->\n<title>COLLAR CH AQUA POP P\/PERRO GALERIA | Acuario Supremus<\/title>\n<meta name=\"description\" content=\"Los collares CH de l\u00ednea Aqua Pop de Fancy Pets son un buen aliado para los paseos tranquilos, con su dise\u00f1o \u00fanico destacar\u00e1 tu perro en cualquier lugar.\" \/>\n<meta name=\"robots\" content=\"index, follow, max-snippet:-1, max-image-preview:large, max-video-preview:-1\" \/>\n<link rel=\"canonical\" href=\"https:\/\/acuariosupremus.com\/?product=collar-ch-aqua-pop-p-perro-galeria\" \/>\n<meta property=\"og:locale\" content=\"es_MX\" \/>\n<meta property=\"og:type\" content=\"article\" \/>\n<meta property=\"og:title\" content=\"COLLAR CH AQUA POP P\/PERRO GALERIA | Acuario Supremus\" \/>\n<meta property=\"og:description\" content=\"Los collares CH de l\u00ednea Aqua Pop de Fancy Pets son un buen aliado para los paseos tranquilos, con su dise\u00f1o \u00fanico destacar\u00e1 tu perro en cualquier lugar.\" \/>\n<meta property=\"og:url\" content=\"https:\/\/acuariosupremus.com\/?product=collar-ch-aqua-pop-p-perro-galeria\" \/>\n<meta property=\"og:site_name\" content=\"Acuario Supremus\" \/>\n<meta property=\"article:publisher\" content=\"https:\/\/www.facebook.com\/AcuarioSupremus\" \/>\n<meta property=\"article:modified_time\" content=\"2026-02-04T20:36:42+00:00\" \/>\n<meta property=\"og:image\" content=\"https:\/\/acuariosupremus.com\/wp-content\/uploads\/2024\/06\/FL9506_1.png\" \/>\n\t<meta property=\"og:image:width\" content=\"600\" \/>\n\t<meta property=\"og:image:height\" content=\"600\" \/>\n\t<meta property=\"og:image:type\" content=\"image\/png\" \/>\n<meta name=\"twitter:card\" content=\"summary_large_image\" \/>\n<meta name=\"twitter:site\" content=\"@AcuarioSupremus\" \/>\n<meta name=\"twitter:label1\" content=\"Tiempo de lectura\" \/>\n\t<meta name=\"twitter:data1\" content=\"1 minuto\" \/>\n<script type=\"application\/ld+json\" class=\"yoast-schema-graph\">{\"@context\":\"https:\\\/\\\/schema.org\",\"@graph\":[{\"@type\":\"WebPage\",\"@id\":\"https:\\\/\\\/acuariosupremus.com\\\/?product=collar-ch-aqua-pop-p-perro-galeria\",\"url\":\"https:\\\/\\\/acuariosupremus.com\\\/?product=collar-ch-aqua-pop-p-perro-galeria\",\"name\":\"COLLAR CH AQUA POP P\\\/PERRO GALERIA | Acuario Supremus\",\"isPartOf\":{\"@id\":\"https:\\\/\\\/acuariosupremus.com\\\/#website\"},\"primaryImageOfPage\":{\"@id\":\"https:\\\/\\\/acuariosupremus.com\\\/?product=collar-ch-aqua-pop-p-perro-galeria#primaryimage\"},\"image\":{\"@id\":\"https:\\\/\\\/acuariosupremus.com\\\/?product=collar-ch-aqua-pop-p-perro-galeria#primaryimage\"},\"thumbnailUrl\":\"https:\\\/\\\/acuariosupremus.com\\\/wp-content\\\/uploads\\\/2024\\\/06\\\/FL9506_1.png\",\"datePublished\":\"2024-06-28T22:54:38+00:00\",\"dateModified\":\"2026-02-04T20:36:42+00:00\",\"description\":\"Los collares CH de l\u00ednea Aqua Pop de Fancy Pets son un buen aliado para los paseos tranquilos, con su dise\u00f1o \u00fanico destacar\u00e1 tu perro en cualquier lugar.\",\"breadcrumb\":{\"@id\":\"https:\\\/\\\/acuariosupremus.com\\\/?product=collar-ch-aqua-pop-p-perro-galeria#breadcrumb\"},\"inLanguage\":\"es\",\"potentialAction\":[{\"@type\":\"ReadAction\",\"target\":[\"https:\\\/\\\/acuariosupremus.com\\\/?product=collar-ch-aqua-pop-p-perro-galeria\"]}]},{\"@type\":\"ImageObject\",\"inLanguage\":\"es\",\"@id\":\"https:\\\/\\\/acuariosupremus.com\\\/?product=collar-ch-aqua-pop-p-perro-galeria#primaryimage\",\"url\":\"https:\\\/\\\/acuariosupremus.com\\\/wp-content\\\/uploads\\\/2024\\\/06\\\/FL9506_1.png\",\"contentUrl\":\"https:\\\/\\\/acuariosupremus.com\\\/wp-content\\\/uploads\\\/2024\\\/06\\\/FL9506_1.png\",\"width\":600,\"height\":600},{\"@type\":\"BreadcrumbList\",\"@id\":\"https:\\\/\\\/acuariosupremus.com\\\/?product=collar-ch-aqua-pop-p-perro-galeria#breadcrumb\",\"itemListElement\":[{\"@type\":\"ListItem\",\"position\":1,\"name\":\"Portada\",\"item\":\"https:\\\/\\\/acuariosupremus.com\\\/\"},{\"@type\":\"ListItem\",\"position\":2,\"name\":\"Tienda\",\"item\":\"https:\\\/\\\/acuariosupremus.com\\\/tienda\\\/\"},{\"@type\":\"ListItem\",\"position\":3,\"name\":\"COLLAR CH AQUA POP P\\\/PERRO GALERIA\"}]},{\"@type\":\"WebSite\",\"@id\":\"https:\\\/\\\/acuariosupremus.com\\\/#website\",\"url\":\"https:\\\/\\\/acuariosupremus.com\\\/\",\"name\":\"Acuario Supremus\",\"description\":\"Peces, Peceras y Mascotas.\",\"publisher\":{\"@id\":\"https:\\\/\\\/acuariosupremus.com\\\/#organization\"},\"potentialAction\":[{\"@type\":\"SearchAction\",\"target\":{\"@type\":\"EntryPoint\",\"urlTemplate\":\"https:\\\/\\\/acuariosupremus.com\\\/?s={search_term_string}\"},\"query-input\":{\"@type\":\"PropertyValueSpecification\",\"valueRequired\":true,\"valueName\":\"search_term_string\"}}],\"inLanguage\":\"es\"},{\"@type\":\"Organization\",\"@id\":\"https:\\\/\\\/acuariosupremus.com\\\/#organization\",\"name\":\"Acuario Supremus\",\"url\":\"https:\\\/\\\/acuariosupremus.com\\\/\",\"logo\":{\"@type\":\"ImageObject\",\"inLanguage\":\"es\",\"@id\":\"https:\\\/\\\/acuariosupremus.com\\\/#\\\/schema\\\/logo\\\/image\\\/\",\"url\":\"https:\\\/\\\/acuariosupremus.com\\\/wp-content\\\/uploads\\\/2021\\\/12\\\/cropped-logo_acuario_supremus_fn-2.png\",\"contentUrl\":\"https:\\\/\\\/acuariosupremus.com\\\/wp-content\\\/uploads\\\/2021\\\/12\\\/cropped-logo_acuario_supremus_fn-2.png\",\"width\":1000,\"height\":318,\"caption\":\"Acuario Supremus\"},\"image\":{\"@id\":\"https:\\\/\\\/acuariosupremus.com\\\/#\\\/schema\\\/logo\\\/image\\\/\"},\"sameAs\":[\"https:\\\/\\\/www.facebook.com\\\/AcuarioSupremus\",\"https:\\\/\\\/x.com\\\/AcuarioSupremus\",\"https:\\\/\\\/www.instagram.com\\\/acuariosupremus\\\/?hl=es\"]}]}<\/script>\n<!-- \/ Yoast SEO plugin. -->","yoast_head_json":{"title":"COLLAR CH AQUA POP P\/PERRO GALERIA | Acuario Supremus","description":"Los collares CH de l\u00ednea Aqua Pop de Fancy Pets son un buen aliado para los paseos tranquilos, con su dise\u00f1o \u00fanico destacar\u00e1 tu perro en cualquier lugar.","robots":{"index":"index","follow":"follow","max-snippet":"max-snippet:-1","max-image-preview":"max-image-preview:large","max-video-preview":"max-video-preview:-1"},"canonical":"https:\/\/acuariosupremus.com\/?product=collar-ch-aqua-pop-p-perro-galeria","og_locale":"es_MX","og_type":"article","og_title":"COLLAR CH AQUA POP P\/PERRO GALERIA | Acuario Supremus","og_description":"Los collares CH de l\u00ednea Aqua Pop de Fancy Pets son un buen aliado para los paseos tranquilos, con su dise\u00f1o \u00fanico destacar\u00e1 tu perro en cualquier lugar.","og_url":"https:\/\/acuariosupremus.com\/?product=collar-ch-aqua-pop-p-perro-galeria","og_site_name":"Acuario Supremus","article_publisher":"https:\/\/www.facebook.com\/AcuarioSupremus","article_modified_time":"2026-02-04T20:36:42+00:00","og_image":[{"width":600,"height":600,"url":"https:\/\/acuariosupremus.com\/wp-content\/uploads\/2024\/06\/FL9506_1.png","type":"image\/png"}],"twitter_card":"summary_large_image","twitter_site":"@AcuarioSupremus","twitter_misc":{"Tiempo de lectura":"1 minuto"},"schema":{"@context":"https:\/\/schema.org","@graph":[{"@type":"WebPage","@id":"https:\/\/acuariosupremus.com\/?product=collar-ch-aqua-pop-p-perro-galeria","url":"https:\/\/acuariosupremus.com\/?product=collar-ch-aqua-pop-p-perro-galeria","name":"COLLAR CH AQUA POP P\/PERRO GALERIA | Acuario Supremus","isPartOf":{"@id":"https:\/\/acuariosupremus.com\/#website"},"primaryImageOfPage":{"@id":"https:\/\/acuariosupremus.com\/?product=collar-ch-aqua-pop-p-perro-galeria#primaryimage"},"image":{"@id":"https:\/\/acuariosupremus.com\/?product=collar-ch-aqua-pop-p-perro-galeria#primaryimage"},"thumbnailUrl":"https:\/\/acuariosupremus.com\/wp-content\/uploads\/2024\/06\/FL9506_1.png","datePublished":"2024-06-28T22:54:38+00:00","dateModified":"2026-02-04T20:36:42+00:00","description":"Los collares CH de l\u00ednea Aqua Pop de Fancy Pets son un buen aliado para los paseos tranquilos, con su dise\u00f1o \u00fanico destacar\u00e1 tu perro en cualquier lugar.","breadcrumb":{"@id":"https:\/\/acuariosupremus.com\/?product=collar-ch-aqua-pop-p-perro-galeria#breadcrumb"},"inLanguage":"es","potentialAction":[{"@type":"ReadAction","target":["https:\/\/acuariosupremus.com\/?product=collar-ch-aqua-pop-p-perro-galeria"]}]},{"@type":"ImageObject","inLanguage":"es","@id":"https:\/\/acuariosupremus.com\/?product=collar-ch-aqua-pop-p-perro-galeria#primaryimage","url":"https:\/\/acuariosupremus.com\/wp-content\/uploads\/2024\/06\/FL9506_1.png","contentUrl":"https:\/\/acuariosupremus.com\/wp-content\/uploads\/2024\/06\/FL9506_1.png","width":600,"height":600},{"@type":"BreadcrumbList","@id":"https:\/\/acuariosupremus.com\/?product=collar-ch-aqua-pop-p-perro-galeria#breadcrumb","itemListElement":[{"@type":"ListItem","position":1,"name":"Portada","item":"https:\/\/acuariosupremus.com\/"},{"@type":"ListItem","position":2,"name":"Tienda","item":"https:\/\/acuariosupremus.com\/tienda\/"},{"@type":"ListItem","position":3,"name":"COLLAR CH AQUA POP P\/PERRO GALERIA"}]},{"@type":"WebSite","@id":"https:\/\/acuariosupremus.com\/#website","url":"https:\/\/acuariosupremus.com\/","name":"Acuario Supremus","description":"Peces, Peceras y Mascotas.","publisher":{"@id":"https:\/\/acuariosupremus.com\/#organization"},"potentialAction":[{"@type":"SearchAction","target":{"@type":"EntryPoint","urlTemplate":"https:\/\/acuariosupremus.com\/?s={search_term_string}"},"query-input":{"@type":"PropertyValueSpecification","valueRequired":true,"valueName":"search_term_string"}}],"inLanguage":"es"},{"@type":"Organization","@id":"https:\/\/acuariosupremus.com\/#organization","name":"Acuario Supremus","url":"https:\/\/acuariosupremus.com\/","logo":{"@type":"ImageObject","inLanguage":"es","@id":"https:\/\/acuariosupremus.com\/#\/schema\/logo\/image\/","url":"https:\/\/acuariosupremus.com\/wp-content\/uploads\/2021\/12\/cropped-logo_acuario_supremus_fn-2.png","contentUrl":"https:\/\/acuariosupremus.com\/wp-content\/uploads\/2021\/12\/cropped-logo_acuario_supremus_fn-2.png","width":1000,"height":318,"caption":"Acuario Supremus"},"image":{"@id":"https:\/\/acuariosupremus.com\/#\/schema\/logo\/image\/"},"sameAs":["https:\/\/www.facebook.com\/AcuarioSupremus","https:\/\/x.com\/AcuarioSupremus","https:\/\/www.instagram.com\/acuariosupremus\/?hl=es"]}]}},"jetpack_sharing_enabled":true,"_links":{"self":[{"href":"https:\/\/acuariosupremus.com\/index.php?rest_route=\/wp\/v2\/product\/12176","targetHints":{"allow":["GET"]}}],"collection":[{"href":"https:\/\/acuariosupremus.com\/index.php?rest_route=\/wp\/v2\/product"}],"about":[{"href":"https:\/\/acuariosupremus.com\/index.php?rest_route=\/wp\/v2\/types\/product"}],"wp:featuredmedia":[{"embeddable":true,"href":"https:\/\/acuariosupremus.com\/index.php?rest_route=\/wp\/v2\/media\/12177"}],"wp:attachment":[{"href":"https:\/\/acuariosupremus.com\/index.php?rest_route=%2Fwp%2Fv2%2Fmedia&parent=12176"}],"wp:term":[{"taxonomy":"product_brand","embeddable":true,"href":"https:\/\/acuariosupremus.com\/index.php?rest_route=%2Fwp%2Fv2%2Fproduct_brand&post=12176"},{"taxonomy":"product_cat","embeddable":true,"href":"https:\/\/acuariosupremus.com\/index.php?rest_route=%2Fwp%2Fv2%2Fproduct_cat&post=12176"},{"taxonomy":"product_tag","embeddable":true,"href":"https:\/\/acuariosupremus.com\/index.php?rest_route=%2Fwp%2Fv2%2Fproduct_tag&post=12176"}],"curies":[{"name":"wp","href":"https:\/\/api.w.org\/{rel}","templated":true}]}}