{"id":12238,"date":"2024-06-29T19:12:42","date_gmt":"2024-06-30T01:12:42","guid":{"rendered":"https:\/\/acuariosupremus.com\/?post_type=product&#038;p=12238"},"modified":"2026-02-04T14:42:32","modified_gmt":"2026-02-04T20:42:32","slug":"correa-ch-sky-look-p-perro-galeria","status":"publish","type":"product","link":"https:\/\/acuariosupremus.com\/?product=correa-ch-sky-look-p-perro-galeria","title":{"rendered":"CORREA CH SKY LOOK P\/PERRO GALERIA"},"content":{"rendered":"<div id=\"tab-label-product.info.beneficios\" class=\"data item title active\" tabindex=\"0\" role=\"tab\" aria-labeledby=\"tab-label-product.info.beneficios-title\" data-role=\"collapsible\" data-collapsible=\"true\" aria-controls=\"product.info.beneficios\" aria-selected=\"true\" aria-expanded=\"true\">BENEFICIOS:<\/div>\n<div id=\"product.info.beneficios\" class=\"data item content\" role=\"tabpanel\" data-role=\"content\" aria-labelledby=\"tab-label-product.info.beneficios\" aria-hidden=\"false\">\n<div class=\"product attribute beneficios\">\n<div class=\"value\">\u2022Segura y c\u00f3moda<\/div>\n<div class=\"value\">\u2022R\u00e1pido ajuste al collar o al arn\u00e9s de la mascota<\/div>\n<div class=\"value\">\u2022Herramienta auxiliar para el paseo de la mascota.<\/div>\n<div class=\"value\">\u2022Material suave que no da\u00f1a el manto o piel de la mascota.<\/div>\n<div>\n<div id=\"tab-label-additional\" class=\"data item title active\" tabindex=\"0\" role=\"tab\" aria-labeledby=\"tab-label-additional-title\" data-role=\"collapsible\" data-collapsible=\"true\" aria-controls=\"additional\" aria-selected=\"true\" aria-expanded=\"true\">CARACTER\u00cdSTICAS:\u00a0 Marca: Fancy Pets\u00a0 Especie: Perros\u00a0 Medida: <strong>1.5 cm de ancho x 120 cm de largo<\/strong>\u00a0 Material:100% Nailon Tama\u00f1o: CHICO Contenido neto: 1 PZA.<\/div>\n<div tabindex=\"0\" role=\"tab\" aria-labeledby=\"tab-label-additional-title\" data-role=\"collapsible\" data-collapsible=\"true\" aria-controls=\"additional\" aria-selected=\"true\" aria-expanded=\"true\">\n<div id=\"tab-label-product.info.ingredientes.modo.de.uso\" class=\"data item title active\" tabindex=\"0\" role=\"tab\" aria-labeledby=\"tab-label-product.info.ingredientes.modo.de.uso-title\" data-role=\"collapsible\" data-collapsible=\"true\" aria-controls=\"product.info.ingredientes.modo.de.uso\" aria-selected=\"true\" aria-expanded=\"true\">MODO DE USO \/ PRECAUCIONES Y ADVERTENCIAS:<\/div>\n<div id=\"product.info.ingredientes.modo.de.uso\" class=\"data item content\" role=\"tabpanel\" data-role=\"content\" aria-labelledby=\"tab-label-product.info.ingredientes.modo.de.uso\" aria-hidden=\"false\">\n<div class=\"product attribute modo_de_uso_precuaciones_y_adv\">\n<div class=\"value\">Enganche la correa al collar de la mascota. \u2022 Por seguridad, siempre saque a pasear a su mascota con un collar y una correa.\u2022 Al pasear a su mascota no permita que tire de la correa y avance tosiendo y jadeando, esto puede provocar trastornos en v\u00edas respiratorias.\u2022 Revise regularmente el nivel de presi\u00f3n del collar sobre el cuello de la mascota para evitar cualquier incidente.\u2022 Recuerde consultar a un experto profesional de entrenamiento o et\u00f3logo. Instrucciones de cuidado:- L\u00e1vese a mano con agua tibia y detergente suave. No utilice cloro.- No se exprima y deje secar colgado a la sombra. No use secadora.- No planchar EL USO DE ESTE PRODUCTO ES RESPONSABILIDAD DEL DUE\u00d1O DE LA MASCOTA.<\/div>\n<\/div>\n<\/div>\n<\/div>\n<\/div>\n<\/div>\n<\/div>\n","protected":false},"excerpt":{"rendered":"<p>Las correas CH SKY LOOK de la l\u00ednea Galer\u00eda de Fancy Pets ser\u00e1n el principal aliado a la hora del paseo de la mascota, con la distancia ideal para una caminata tranquila y con la seguridad de no lastimar a tu mascota.<\/p>\n","protected":false},"featured_media":12239,"template":"","meta":[],"product_brand":[106],"product_cat":[73,82],"product_tag":[522],"class_list":{"0":"post-12238","1":"product","2":"type-product","3":"status-publish","4":"has-post-thumbnail","6":"product_brand-fancypets","7":"product_cat-perros","8":"product_cat-collares-y-correas","9":"product_tag-correa-coleccion-galeria-para-perros","11":"first","12":"instock","13":"sale","14":"shipping-taxable","15":"purchasable","16":"product-type-simple"},"yoast_head":"<!-- This site is optimized with the Yoast SEO plugin v27.4 - https:\/\/yoast.com\/product\/yoast-seo-wordpress\/ -->\n<title>CORREA CH SKY LOOK P\/PERRO GALERIA | Acuario Supremus<\/title>\n<meta name=\"description\" content=\"La correa CH SKY LOOK de la l\u00ednea Galer\u00eda de Fancy Pets son de tama\u00f1o ideal para una caminata tranquila y con la seguridad de no lastimar a tu mascota.\" \/>\n<meta name=\"robots\" content=\"index, follow, max-snippet:-1, max-image-preview:large, max-video-preview:-1\" \/>\n<link rel=\"canonical\" href=\"https:\/\/acuariosupremus.com\/?product=correa-ch-sky-look-p-perro-galeria\" \/>\n<meta property=\"og:locale\" content=\"es_MX\" \/>\n<meta property=\"og:type\" content=\"article\" \/>\n<meta property=\"og:title\" content=\"CORREA CH SKY LOOK P\/PERRO GALERIA | Acuario Supremus\" \/>\n<meta property=\"og:description\" content=\"La correa CH SKY LOOK de la l\u00ednea Galer\u00eda de Fancy Pets son de tama\u00f1o ideal para una caminata tranquila y con la seguridad de no lastimar a tu mascota.\" \/>\n<meta property=\"og:url\" content=\"https:\/\/acuariosupremus.com\/?product=correa-ch-sky-look-p-perro-galeria\" \/>\n<meta property=\"og:site_name\" content=\"Acuario Supremus\" \/>\n<meta property=\"article:publisher\" content=\"https:\/\/www.facebook.com\/AcuarioSupremus\" \/>\n<meta property=\"article:modified_time\" content=\"2026-02-04T20:42:32+00:00\" \/>\n<meta property=\"og:image\" content=\"https:\/\/acuariosupremus.com\/wp-content\/uploads\/2024\/06\/FL9519_1.png\" \/>\n\t<meta property=\"og:image:width\" content=\"600\" \/>\n\t<meta property=\"og:image:height\" content=\"600\" \/>\n\t<meta property=\"og:image:type\" content=\"image\/png\" \/>\n<meta name=\"twitter:card\" content=\"summary_large_image\" \/>\n<meta name=\"twitter:site\" content=\"@AcuarioSupremus\" \/>\n<meta name=\"twitter:label1\" content=\"Tiempo de lectura\" \/>\n\t<meta name=\"twitter:data1\" content=\"2 minutos\" \/>\n<script type=\"application\/ld+json\" class=\"yoast-schema-graph\">{\"@context\":\"https:\\\/\\\/schema.org\",\"@graph\":[{\"@type\":\"WebPage\",\"@id\":\"https:\\\/\\\/acuariosupremus.com\\\/?product=correa-ch-sky-look-p-perro-galeria\",\"url\":\"https:\\\/\\\/acuariosupremus.com\\\/?product=correa-ch-sky-look-p-perro-galeria\",\"name\":\"CORREA CH SKY LOOK P\\\/PERRO GALERIA | Acuario Supremus\",\"isPartOf\":{\"@id\":\"https:\\\/\\\/acuariosupremus.com\\\/#website\"},\"primaryImageOfPage\":{\"@id\":\"https:\\\/\\\/acuariosupremus.com\\\/?product=correa-ch-sky-look-p-perro-galeria#primaryimage\"},\"image\":{\"@id\":\"https:\\\/\\\/acuariosupremus.com\\\/?product=correa-ch-sky-look-p-perro-galeria#primaryimage\"},\"thumbnailUrl\":\"https:\\\/\\\/acuariosupremus.com\\\/wp-content\\\/uploads\\\/2024\\\/06\\\/FL9519_1.png\",\"datePublished\":\"2024-06-30T01:12:42+00:00\",\"dateModified\":\"2026-02-04T20:42:32+00:00\",\"description\":\"La correa CH SKY LOOK de la l\u00ednea Galer\u00eda de Fancy Pets son de tama\u00f1o ideal para una caminata tranquila y con la seguridad de no lastimar a tu mascota.\",\"breadcrumb\":{\"@id\":\"https:\\\/\\\/acuariosupremus.com\\\/?product=correa-ch-sky-look-p-perro-galeria#breadcrumb\"},\"inLanguage\":\"es\",\"potentialAction\":[{\"@type\":\"ReadAction\",\"target\":[\"https:\\\/\\\/acuariosupremus.com\\\/?product=correa-ch-sky-look-p-perro-galeria\"]}]},{\"@type\":\"ImageObject\",\"inLanguage\":\"es\",\"@id\":\"https:\\\/\\\/acuariosupremus.com\\\/?product=correa-ch-sky-look-p-perro-galeria#primaryimage\",\"url\":\"https:\\\/\\\/acuariosupremus.com\\\/wp-content\\\/uploads\\\/2024\\\/06\\\/FL9519_1.png\",\"contentUrl\":\"https:\\\/\\\/acuariosupremus.com\\\/wp-content\\\/uploads\\\/2024\\\/06\\\/FL9519_1.png\",\"width\":600,\"height\":600},{\"@type\":\"BreadcrumbList\",\"@id\":\"https:\\\/\\\/acuariosupremus.com\\\/?product=correa-ch-sky-look-p-perro-galeria#breadcrumb\",\"itemListElement\":[{\"@type\":\"ListItem\",\"position\":1,\"name\":\"Portada\",\"item\":\"https:\\\/\\\/acuariosupremus.com\\\/\"},{\"@type\":\"ListItem\",\"position\":2,\"name\":\"Tienda\",\"item\":\"https:\\\/\\\/acuariosupremus.com\\\/tienda\\\/\"},{\"@type\":\"ListItem\",\"position\":3,\"name\":\"CORREA CH SKY LOOK P\\\/PERRO GALERIA\"}]},{\"@type\":\"WebSite\",\"@id\":\"https:\\\/\\\/acuariosupremus.com\\\/#website\",\"url\":\"https:\\\/\\\/acuariosupremus.com\\\/\",\"name\":\"Acuario Supremus\",\"description\":\"Peces, Peceras y Mascotas.\",\"publisher\":{\"@id\":\"https:\\\/\\\/acuariosupremus.com\\\/#organization\"},\"potentialAction\":[{\"@type\":\"SearchAction\",\"target\":{\"@type\":\"EntryPoint\",\"urlTemplate\":\"https:\\\/\\\/acuariosupremus.com\\\/?s={search_term_string}\"},\"query-input\":{\"@type\":\"PropertyValueSpecification\",\"valueRequired\":true,\"valueName\":\"search_term_string\"}}],\"inLanguage\":\"es\"},{\"@type\":\"Organization\",\"@id\":\"https:\\\/\\\/acuariosupremus.com\\\/#organization\",\"name\":\"Acuario Supremus\",\"url\":\"https:\\\/\\\/acuariosupremus.com\\\/\",\"logo\":{\"@type\":\"ImageObject\",\"inLanguage\":\"es\",\"@id\":\"https:\\\/\\\/acuariosupremus.com\\\/#\\\/schema\\\/logo\\\/image\\\/\",\"url\":\"https:\\\/\\\/acuariosupremus.com\\\/wp-content\\\/uploads\\\/2021\\\/12\\\/cropped-logo_acuario_supremus_fn-2.png\",\"contentUrl\":\"https:\\\/\\\/acuariosupremus.com\\\/wp-content\\\/uploads\\\/2021\\\/12\\\/cropped-logo_acuario_supremus_fn-2.png\",\"width\":1000,\"height\":318,\"caption\":\"Acuario Supremus\"},\"image\":{\"@id\":\"https:\\\/\\\/acuariosupremus.com\\\/#\\\/schema\\\/logo\\\/image\\\/\"},\"sameAs\":[\"https:\\\/\\\/www.facebook.com\\\/AcuarioSupremus\",\"https:\\\/\\\/x.com\\\/AcuarioSupremus\",\"https:\\\/\\\/www.instagram.com\\\/acuariosupremus\\\/?hl=es\"]}]}<\/script>\n<!-- \/ Yoast SEO plugin. -->","yoast_head_json":{"title":"CORREA CH SKY LOOK P\/PERRO GALERIA | Acuario Supremus","description":"La correa CH SKY LOOK de la l\u00ednea Galer\u00eda de Fancy Pets son de tama\u00f1o ideal para una caminata tranquila y con la seguridad de no lastimar a tu mascota.","robots":{"index":"index","follow":"follow","max-snippet":"max-snippet:-1","max-image-preview":"max-image-preview:large","max-video-preview":"max-video-preview:-1"},"canonical":"https:\/\/acuariosupremus.com\/?product=correa-ch-sky-look-p-perro-galeria","og_locale":"es_MX","og_type":"article","og_title":"CORREA CH SKY LOOK P\/PERRO GALERIA | Acuario Supremus","og_description":"La correa CH SKY LOOK de la l\u00ednea Galer\u00eda de Fancy Pets son de tama\u00f1o ideal para una caminata tranquila y con la seguridad de no lastimar a tu mascota.","og_url":"https:\/\/acuariosupremus.com\/?product=correa-ch-sky-look-p-perro-galeria","og_site_name":"Acuario Supremus","article_publisher":"https:\/\/www.facebook.com\/AcuarioSupremus","article_modified_time":"2026-02-04T20:42:32+00:00","og_image":[{"width":600,"height":600,"url":"https:\/\/acuariosupremus.com\/wp-content\/uploads\/2024\/06\/FL9519_1.png","type":"image\/png"}],"twitter_card":"summary_large_image","twitter_site":"@AcuarioSupremus","twitter_misc":{"Tiempo de lectura":"2 minutos"},"schema":{"@context":"https:\/\/schema.org","@graph":[{"@type":"WebPage","@id":"https:\/\/acuariosupremus.com\/?product=correa-ch-sky-look-p-perro-galeria","url":"https:\/\/acuariosupremus.com\/?product=correa-ch-sky-look-p-perro-galeria","name":"CORREA CH SKY LOOK P\/PERRO GALERIA | Acuario Supremus","isPartOf":{"@id":"https:\/\/acuariosupremus.com\/#website"},"primaryImageOfPage":{"@id":"https:\/\/acuariosupremus.com\/?product=correa-ch-sky-look-p-perro-galeria#primaryimage"},"image":{"@id":"https:\/\/acuariosupremus.com\/?product=correa-ch-sky-look-p-perro-galeria#primaryimage"},"thumbnailUrl":"https:\/\/acuariosupremus.com\/wp-content\/uploads\/2024\/06\/FL9519_1.png","datePublished":"2024-06-30T01:12:42+00:00","dateModified":"2026-02-04T20:42:32+00:00","description":"La correa CH SKY LOOK de la l\u00ednea Galer\u00eda de Fancy Pets son de tama\u00f1o ideal para una caminata tranquila y con la seguridad de no lastimar a tu mascota.","breadcrumb":{"@id":"https:\/\/acuariosupremus.com\/?product=correa-ch-sky-look-p-perro-galeria#breadcrumb"},"inLanguage":"es","potentialAction":[{"@type":"ReadAction","target":["https:\/\/acuariosupremus.com\/?product=correa-ch-sky-look-p-perro-galeria"]}]},{"@type":"ImageObject","inLanguage":"es","@id":"https:\/\/acuariosupremus.com\/?product=correa-ch-sky-look-p-perro-galeria#primaryimage","url":"https:\/\/acuariosupremus.com\/wp-content\/uploads\/2024\/06\/FL9519_1.png","contentUrl":"https:\/\/acuariosupremus.com\/wp-content\/uploads\/2024\/06\/FL9519_1.png","width":600,"height":600},{"@type":"BreadcrumbList","@id":"https:\/\/acuariosupremus.com\/?product=correa-ch-sky-look-p-perro-galeria#breadcrumb","itemListElement":[{"@type":"ListItem","position":1,"name":"Portada","item":"https:\/\/acuariosupremus.com\/"},{"@type":"ListItem","position":2,"name":"Tienda","item":"https:\/\/acuariosupremus.com\/tienda\/"},{"@type":"ListItem","position":3,"name":"CORREA CH SKY LOOK P\/PERRO GALERIA"}]},{"@type":"WebSite","@id":"https:\/\/acuariosupremus.com\/#website","url":"https:\/\/acuariosupremus.com\/","name":"Acuario Supremus","description":"Peces, Peceras y Mascotas.","publisher":{"@id":"https:\/\/acuariosupremus.com\/#organization"},"potentialAction":[{"@type":"SearchAction","target":{"@type":"EntryPoint","urlTemplate":"https:\/\/acuariosupremus.com\/?s={search_term_string}"},"query-input":{"@type":"PropertyValueSpecification","valueRequired":true,"valueName":"search_term_string"}}],"inLanguage":"es"},{"@type":"Organization","@id":"https:\/\/acuariosupremus.com\/#organization","name":"Acuario Supremus","url":"https:\/\/acuariosupremus.com\/","logo":{"@type":"ImageObject","inLanguage":"es","@id":"https:\/\/acuariosupremus.com\/#\/schema\/logo\/image\/","url":"https:\/\/acuariosupremus.com\/wp-content\/uploads\/2021\/12\/cropped-logo_acuario_supremus_fn-2.png","contentUrl":"https:\/\/acuariosupremus.com\/wp-content\/uploads\/2021\/12\/cropped-logo_acuario_supremus_fn-2.png","width":1000,"height":318,"caption":"Acuario Supremus"},"image":{"@id":"https:\/\/acuariosupremus.com\/#\/schema\/logo\/image\/"},"sameAs":["https:\/\/www.facebook.com\/AcuarioSupremus","https:\/\/x.com\/AcuarioSupremus","https:\/\/www.instagram.com\/acuariosupremus\/?hl=es"]}]}},"jetpack_sharing_enabled":true,"_links":{"self":[{"href":"https:\/\/acuariosupremus.com\/index.php?rest_route=\/wp\/v2\/product\/12238","targetHints":{"allow":["GET"]}}],"collection":[{"href":"https:\/\/acuariosupremus.com\/index.php?rest_route=\/wp\/v2\/product"}],"about":[{"href":"https:\/\/acuariosupremus.com\/index.php?rest_route=\/wp\/v2\/types\/product"}],"wp:featuredmedia":[{"embeddable":true,"href":"https:\/\/acuariosupremus.com\/index.php?rest_route=\/wp\/v2\/media\/12239"}],"wp:attachment":[{"href":"https:\/\/acuariosupremus.com\/index.php?rest_route=%2Fwp%2Fv2%2Fmedia&parent=12238"}],"wp:term":[{"taxonomy":"product_brand","embeddable":true,"href":"https:\/\/acuariosupremus.com\/index.php?rest_route=%2Fwp%2Fv2%2Fproduct_brand&post=12238"},{"taxonomy":"product_cat","embeddable":true,"href":"https:\/\/acuariosupremus.com\/index.php?rest_route=%2Fwp%2Fv2%2Fproduct_cat&post=12238"},{"taxonomy":"product_tag","embeddable":true,"href":"https:\/\/acuariosupremus.com\/index.php?rest_route=%2Fwp%2Fv2%2Fproduct_tag&post=12238"}],"curies":[{"name":"wp","href":"https:\/\/api.w.org\/{rel}","templated":true}]}}