{"id":1235,"date":"2022-01-29T13:30:52","date_gmt":"2022-01-29T19:30:52","guid":{"rendered":"https:\/\/acuariosupremus.com\/?post_type=product&#038;p=1235"},"modified":"2025-12-11T18:59:41","modified_gmt":"2025-12-12T00:59:41","slug":"tetracichlid-jumbo-sticks-210-gr-7-4-oz","status":"publish","type":"product","link":"https:\/\/acuariosupremus.com\/?product=tetracichlid-jumbo-sticks-210-gr-7-4-oz","title":{"rendered":"TETRACICHLID JUMBO STICKS 210 GR"},"content":{"rendered":"<p>Ingredientes:<br \/>\nHarina de camar\u00f3n, gluten de trigo, almid\u00f3n de trigo, krill, harina de pescado, levadura seca, aceite de soya, fosfato de calcio<br \/>\nb\u00e1sico , harina de alga, extracto de levadura, \u00e1cido asc\u00f3rbico (fuente de vit C.), inositol, niacina, A &#8211; acetato de tocoferoles<br \/>\n(fuente de vit E.), D-pantotenato de calcio -, L- polifosfato-ascorbilo 2- (vit. C estabilizada.), riboflavina -5- fosfato, mononitrato de tiamina, clorhidrato de piridoxina, palmitato (fuente de vit. A), complejo de bisulfito s\u00f3dico de menadiona (fuente de vit. k), \u00e1cido f\u00f3lico, biotina, suplemento de vitamina B12, colecalciferol (fuente de vit. D3), sulfato de manganeso, sulfato de zinc, sulfato de hierro, acetato de cobalto. Colores : beta &#8211; caroteno. extracto de achiote, cantaxantina, rojo 3, amarillo 6 lago. etoxiquin como conservador.<\/p>\n<p>An\u00e1lisis garantizado:<br \/>\nProte\u00edna cruda min. 47.0%<br \/>\nGrasa cruda min. 7.0%<br \/>\nFibra cruda max. 9.0%<br \/>\nHumedad max. 4.0%<br \/>\nFosforo min. 0.9%?<br \/>\nVitamina A min. 11,000 IU\/KG<br \/>\nVitamina D3 min. 3,000 IU\/KG<br \/>\nVitamina E. 180 IU\/KG<br \/>\nBot\u00edn min. 1 MG\/KG<br \/>\nVit.C. min. 100 MG\/KG<br \/>\nOmega -3 min. 7,000 MG\/KG<\/p>\n<p>Medidas:<br \/>\nlto: 17.7 cm x 9 cm Di\u00e1metro<\/p>\n<p>Peso\/Capacidad:<br \/>\n<strong>210 gr. 7.4 oz.<\/strong><\/p>\n","protected":false},"excerpt":{"rendered":"<p>No enturbia el agua. Alimento desarrollado cient\u00edficamente ideal para grandes c\u00edclidos agresivos, Oscar, Terror verde y<br \/>\nDempsey. Tambi\u00e9n Ideal para pira\u00f1as, arowanas y grandes peces marinos como el pez le\u00f3n, pez ballesta, \u00e1ngeles. Contiene atrayentes naturales para asegurar la aceptaci\u00f3n. F\u00f3rmula ProCare que favorece el buen funcionamiento del sistema inmunol\u00f3gico para una salud \u00f3ptima y larga vida de los peces.<\/p>\n","protected":false},"featured_media":1236,"template":"","meta":[],"product_brand":[116],"product_cat":[40,43],"product_tag":[156,148,150,149,155,157],"class_list":{"0":"post-1235","1":"product","2":"type-product","3":"status-publish","4":"has-post-thumbnail","6":"product_brand-tetra","7":"product_cat-peces","8":"product_cat-alimentos","9":"product_tag-ciclidos","10":"product_tag-alimento-peces-tropicales","11":"product_tag-alimento-premium","12":"product_tag-alimento-tetra","13":"product_tag-peces-grandes","14":"product_tag-sticks","16":"first","17":"instock","18":"sale","19":"shipping-taxable","20":"purchasable","21":"product-type-simple"},"yoast_head":"<!-- This site is optimized with the Yoast SEO plugin v27.4 - https:\/\/yoast.com\/product\/yoast-seo-wordpress\/ -->\n<title>TETRACICHLID JUMBO STICKS 210 GR | Acuario Supremus<\/title>\n<meta name=\"description\" content=\"Dieta equilibrada nutricionalmente para c\u00edclidos grandes, La alta digestibilidad de los sticks promueve agua clara, reduce al m\u00ednimo los residuos.\" \/>\n<meta name=\"robots\" content=\"index, follow, max-snippet:-1, max-image-preview:large, max-video-preview:-1\" \/>\n<link rel=\"canonical\" href=\"https:\/\/acuariosupremus.com\/?product=tetracichlid-jumbo-sticks-210-gr-7-4-oz\" \/>\n<meta property=\"og:locale\" content=\"es_MX\" \/>\n<meta property=\"og:type\" content=\"article\" \/>\n<meta property=\"og:title\" content=\"TETRACICHLID JUMBO STICKS 210 GR | Acuario Supremus\" \/>\n<meta property=\"og:description\" content=\"Dieta equilibrada nutricionalmente para c\u00edclidos grandes, La alta digestibilidad de los sticks promueve agua clara, reduce al m\u00ednimo los residuos.\" \/>\n<meta property=\"og:url\" content=\"https:\/\/acuariosupremus.com\/?product=tetracichlid-jumbo-sticks-210-gr-7-4-oz\" \/>\n<meta property=\"og:site_name\" content=\"Acuario Supremus\" \/>\n<meta property=\"article:publisher\" content=\"https:\/\/www.facebook.com\/AcuarioSupremus\" \/>\n<meta property=\"article:modified_time\" content=\"2025-12-12T00:59:41+00:00\" \/>\n<meta property=\"og:image\" content=\"https:\/\/acuariosupremus.com\/wp-content\/uploads\/2022\/01\/TE16507.jpg\" \/>\n\t<meta property=\"og:image:width\" content=\"1000\" \/>\n\t<meta property=\"og:image:height\" content=\"1000\" \/>\n\t<meta property=\"og:image:type\" content=\"image\/jpeg\" \/>\n<meta name=\"twitter:card\" content=\"summary_large_image\" \/>\n<meta name=\"twitter:site\" content=\"@AcuarioSupremus\" \/>\n<meta name=\"twitter:label1\" content=\"Tiempo de lectura\" \/>\n\t<meta name=\"twitter:data1\" content=\"1 minuto\" \/>\n<script type=\"application\/ld+json\" class=\"yoast-schema-graph\">{\"@context\":\"https:\\\/\\\/schema.org\",\"@graph\":[{\"@type\":\"WebPage\",\"@id\":\"https:\\\/\\\/acuariosupremus.com\\\/?product=tetracichlid-jumbo-sticks-210-gr-7-4-oz\",\"url\":\"https:\\\/\\\/acuariosupremus.com\\\/?product=tetracichlid-jumbo-sticks-210-gr-7-4-oz\",\"name\":\"TETRACICHLID JUMBO STICKS 210 GR | Acuario Supremus\",\"isPartOf\":{\"@id\":\"https:\\\/\\\/acuariosupremus.com\\\/#website\"},\"primaryImageOfPage\":{\"@id\":\"https:\\\/\\\/acuariosupremus.com\\\/?product=tetracichlid-jumbo-sticks-210-gr-7-4-oz#primaryimage\"},\"image\":{\"@id\":\"https:\\\/\\\/acuariosupremus.com\\\/?product=tetracichlid-jumbo-sticks-210-gr-7-4-oz#primaryimage\"},\"thumbnailUrl\":\"https:\\\/\\\/acuariosupremus.com\\\/wp-content\\\/uploads\\\/2022\\\/01\\\/TE16507.jpg\",\"datePublished\":\"2022-01-29T19:30:52+00:00\",\"dateModified\":\"2025-12-12T00:59:41+00:00\",\"description\":\"Dieta equilibrada nutricionalmente para c\u00edclidos grandes, La alta digestibilidad de los sticks promueve agua clara, reduce al m\u00ednimo los residuos.\",\"breadcrumb\":{\"@id\":\"https:\\\/\\\/acuariosupremus.com\\\/?product=tetracichlid-jumbo-sticks-210-gr-7-4-oz#breadcrumb\"},\"inLanguage\":\"es\",\"potentialAction\":[{\"@type\":\"ReadAction\",\"target\":[\"https:\\\/\\\/acuariosupremus.com\\\/?product=tetracichlid-jumbo-sticks-210-gr-7-4-oz\"]}]},{\"@type\":\"ImageObject\",\"inLanguage\":\"es\",\"@id\":\"https:\\\/\\\/acuariosupremus.com\\\/?product=tetracichlid-jumbo-sticks-210-gr-7-4-oz#primaryimage\",\"url\":\"https:\\\/\\\/acuariosupremus.com\\\/wp-content\\\/uploads\\\/2022\\\/01\\\/TE16507.jpg\",\"contentUrl\":\"https:\\\/\\\/acuariosupremus.com\\\/wp-content\\\/uploads\\\/2022\\\/01\\\/TE16507.jpg\",\"width\":1000,\"height\":1000},{\"@type\":\"BreadcrumbList\",\"@id\":\"https:\\\/\\\/acuariosupremus.com\\\/?product=tetracichlid-jumbo-sticks-210-gr-7-4-oz#breadcrumb\",\"itemListElement\":[{\"@type\":\"ListItem\",\"position\":1,\"name\":\"Portada\",\"item\":\"https:\\\/\\\/acuariosupremus.com\\\/\"},{\"@type\":\"ListItem\",\"position\":2,\"name\":\"Tienda\",\"item\":\"https:\\\/\\\/acuariosupremus.com\\\/tienda\\\/\"},{\"@type\":\"ListItem\",\"position\":3,\"name\":\"TETRACICHLID JUMBO STICKS 210 GR\"}]},{\"@type\":\"WebSite\",\"@id\":\"https:\\\/\\\/acuariosupremus.com\\\/#website\",\"url\":\"https:\\\/\\\/acuariosupremus.com\\\/\",\"name\":\"Acuario Supremus\",\"description\":\"Peces, Peceras y Mascotas.\",\"publisher\":{\"@id\":\"https:\\\/\\\/acuariosupremus.com\\\/#organization\"},\"potentialAction\":[{\"@type\":\"SearchAction\",\"target\":{\"@type\":\"EntryPoint\",\"urlTemplate\":\"https:\\\/\\\/acuariosupremus.com\\\/?s={search_term_string}\"},\"query-input\":{\"@type\":\"PropertyValueSpecification\",\"valueRequired\":true,\"valueName\":\"search_term_string\"}}],\"inLanguage\":\"es\"},{\"@type\":\"Organization\",\"@id\":\"https:\\\/\\\/acuariosupremus.com\\\/#organization\",\"name\":\"Acuario Supremus\",\"url\":\"https:\\\/\\\/acuariosupremus.com\\\/\",\"logo\":{\"@type\":\"ImageObject\",\"inLanguage\":\"es\",\"@id\":\"https:\\\/\\\/acuariosupremus.com\\\/#\\\/schema\\\/logo\\\/image\\\/\",\"url\":\"https:\\\/\\\/acuariosupremus.com\\\/wp-content\\\/uploads\\\/2021\\\/12\\\/cropped-logo_acuario_supremus_fn-2.png\",\"contentUrl\":\"https:\\\/\\\/acuariosupremus.com\\\/wp-content\\\/uploads\\\/2021\\\/12\\\/cropped-logo_acuario_supremus_fn-2.png\",\"width\":1000,\"height\":318,\"caption\":\"Acuario Supremus\"},\"image\":{\"@id\":\"https:\\\/\\\/acuariosupremus.com\\\/#\\\/schema\\\/logo\\\/image\\\/\"},\"sameAs\":[\"https:\\\/\\\/www.facebook.com\\\/AcuarioSupremus\",\"https:\\\/\\\/x.com\\\/AcuarioSupremus\",\"https:\\\/\\\/www.instagram.com\\\/acuariosupremus\\\/?hl=es\"]}]}<\/script>\n<!-- \/ Yoast SEO plugin. -->","yoast_head_json":{"title":"TETRACICHLID JUMBO STICKS 210 GR | Acuario Supremus","description":"Dieta equilibrada nutricionalmente para c\u00edclidos grandes, La alta digestibilidad de los sticks promueve agua clara, reduce al m\u00ednimo los residuos.","robots":{"index":"index","follow":"follow","max-snippet":"max-snippet:-1","max-image-preview":"max-image-preview:large","max-video-preview":"max-video-preview:-1"},"canonical":"https:\/\/acuariosupremus.com\/?product=tetracichlid-jumbo-sticks-210-gr-7-4-oz","og_locale":"es_MX","og_type":"article","og_title":"TETRACICHLID JUMBO STICKS 210 GR | Acuario Supremus","og_description":"Dieta equilibrada nutricionalmente para c\u00edclidos grandes, La alta digestibilidad de los sticks promueve agua clara, reduce al m\u00ednimo los residuos.","og_url":"https:\/\/acuariosupremus.com\/?product=tetracichlid-jumbo-sticks-210-gr-7-4-oz","og_site_name":"Acuario Supremus","article_publisher":"https:\/\/www.facebook.com\/AcuarioSupremus","article_modified_time":"2025-12-12T00:59:41+00:00","og_image":[{"width":1000,"height":1000,"url":"https:\/\/acuariosupremus.com\/wp-content\/uploads\/2022\/01\/TE16507.jpg","type":"image\/jpeg"}],"twitter_card":"summary_large_image","twitter_site":"@AcuarioSupremus","twitter_misc":{"Tiempo de lectura":"1 minuto"},"schema":{"@context":"https:\/\/schema.org","@graph":[{"@type":"WebPage","@id":"https:\/\/acuariosupremus.com\/?product=tetracichlid-jumbo-sticks-210-gr-7-4-oz","url":"https:\/\/acuariosupremus.com\/?product=tetracichlid-jumbo-sticks-210-gr-7-4-oz","name":"TETRACICHLID JUMBO STICKS 210 GR | Acuario Supremus","isPartOf":{"@id":"https:\/\/acuariosupremus.com\/#website"},"primaryImageOfPage":{"@id":"https:\/\/acuariosupremus.com\/?product=tetracichlid-jumbo-sticks-210-gr-7-4-oz#primaryimage"},"image":{"@id":"https:\/\/acuariosupremus.com\/?product=tetracichlid-jumbo-sticks-210-gr-7-4-oz#primaryimage"},"thumbnailUrl":"https:\/\/acuariosupremus.com\/wp-content\/uploads\/2022\/01\/TE16507.jpg","datePublished":"2022-01-29T19:30:52+00:00","dateModified":"2025-12-12T00:59:41+00:00","description":"Dieta equilibrada nutricionalmente para c\u00edclidos grandes, La alta digestibilidad de los sticks promueve agua clara, reduce al m\u00ednimo los residuos.","breadcrumb":{"@id":"https:\/\/acuariosupremus.com\/?product=tetracichlid-jumbo-sticks-210-gr-7-4-oz#breadcrumb"},"inLanguage":"es","potentialAction":[{"@type":"ReadAction","target":["https:\/\/acuariosupremus.com\/?product=tetracichlid-jumbo-sticks-210-gr-7-4-oz"]}]},{"@type":"ImageObject","inLanguage":"es","@id":"https:\/\/acuariosupremus.com\/?product=tetracichlid-jumbo-sticks-210-gr-7-4-oz#primaryimage","url":"https:\/\/acuariosupremus.com\/wp-content\/uploads\/2022\/01\/TE16507.jpg","contentUrl":"https:\/\/acuariosupremus.com\/wp-content\/uploads\/2022\/01\/TE16507.jpg","width":1000,"height":1000},{"@type":"BreadcrumbList","@id":"https:\/\/acuariosupremus.com\/?product=tetracichlid-jumbo-sticks-210-gr-7-4-oz#breadcrumb","itemListElement":[{"@type":"ListItem","position":1,"name":"Portada","item":"https:\/\/acuariosupremus.com\/"},{"@type":"ListItem","position":2,"name":"Tienda","item":"https:\/\/acuariosupremus.com\/tienda\/"},{"@type":"ListItem","position":3,"name":"TETRACICHLID JUMBO STICKS 210 GR"}]},{"@type":"WebSite","@id":"https:\/\/acuariosupremus.com\/#website","url":"https:\/\/acuariosupremus.com\/","name":"Acuario Supremus","description":"Peces, Peceras y Mascotas.","publisher":{"@id":"https:\/\/acuariosupremus.com\/#organization"},"potentialAction":[{"@type":"SearchAction","target":{"@type":"EntryPoint","urlTemplate":"https:\/\/acuariosupremus.com\/?s={search_term_string}"},"query-input":{"@type":"PropertyValueSpecification","valueRequired":true,"valueName":"search_term_string"}}],"inLanguage":"es"},{"@type":"Organization","@id":"https:\/\/acuariosupremus.com\/#organization","name":"Acuario Supremus","url":"https:\/\/acuariosupremus.com\/","logo":{"@type":"ImageObject","inLanguage":"es","@id":"https:\/\/acuariosupremus.com\/#\/schema\/logo\/image\/","url":"https:\/\/acuariosupremus.com\/wp-content\/uploads\/2021\/12\/cropped-logo_acuario_supremus_fn-2.png","contentUrl":"https:\/\/acuariosupremus.com\/wp-content\/uploads\/2021\/12\/cropped-logo_acuario_supremus_fn-2.png","width":1000,"height":318,"caption":"Acuario Supremus"},"image":{"@id":"https:\/\/acuariosupremus.com\/#\/schema\/logo\/image\/"},"sameAs":["https:\/\/www.facebook.com\/AcuarioSupremus","https:\/\/x.com\/AcuarioSupremus","https:\/\/www.instagram.com\/acuariosupremus\/?hl=es"]}]}},"jetpack_sharing_enabled":true,"_links":{"self":[{"href":"https:\/\/acuariosupremus.com\/index.php?rest_route=\/wp\/v2\/product\/1235","targetHints":{"allow":["GET"]}}],"collection":[{"href":"https:\/\/acuariosupremus.com\/index.php?rest_route=\/wp\/v2\/product"}],"about":[{"href":"https:\/\/acuariosupremus.com\/index.php?rest_route=\/wp\/v2\/types\/product"}],"wp:featuredmedia":[{"embeddable":true,"href":"https:\/\/acuariosupremus.com\/index.php?rest_route=\/wp\/v2\/media\/1236"}],"wp:attachment":[{"href":"https:\/\/acuariosupremus.com\/index.php?rest_route=%2Fwp%2Fv2%2Fmedia&parent=1235"}],"wp:term":[{"taxonomy":"product_brand","embeddable":true,"href":"https:\/\/acuariosupremus.com\/index.php?rest_route=%2Fwp%2Fv2%2Fproduct_brand&post=1235"},{"taxonomy":"product_cat","embeddable":true,"href":"https:\/\/acuariosupremus.com\/index.php?rest_route=%2Fwp%2Fv2%2Fproduct_cat&post=1235"},{"taxonomy":"product_tag","embeddable":true,"href":"https:\/\/acuariosupremus.com\/index.php?rest_route=%2Fwp%2Fv2%2Fproduct_tag&post=1235"}],"curies":[{"name":"wp","href":"https:\/\/api.w.org\/{rel}","templated":true}]}}