{"id":1241,"date":"2022-01-29T13:46:12","date_gmt":"2022-01-29T19:46:12","guid":{"rendered":"https:\/\/acuariosupremus.com\/?post_type=product&#038;p=1241"},"modified":"2025-08-05T20:12:51","modified_gmt":"2025-08-06T02:12:51","slug":"glofish-flakes-45-g-1-59-oz","status":"publish","type":"product","link":"https:\/\/acuariosupremus.com\/?product=glofish-flakes-45-g-1-59-oz","title":{"rendered":"GLOFISH FLAKES 45 G"},"content":{"rendered":"<p>Ingredientes:<br \/>\nHarina de pescado, arroz integral, levadura seca, harina de camar\u00f3n, harina de avena, gluten de trigo, aceite de pescado,<br \/>\naceite de soya, gluten de ma\u00edz, harina de alga, sorbitol, lecitina, prote\u00edna de papa, extracto de levadura, \u00e1cido asc\u00f3rbico (fuente de vitamina C), inositol, niacina, L-ascorbil- 2- polifosfato, A- Tocoferol (fuente de vit. E.), D- pantotenato de calcio, riboflavina &#8211; 5 &#8211; fosfato (fuente de vit. B2), mononitrato de tiamina (fuente de vit B1.), bisulfito s\u00f3dico de menadiona complejo (sorce de vit. K), \u00e1cido f\u00f3lico, clorhidrato de piridoxina (fuente de vit. B6), palmitato de vitamina A (fuente de vit. A), biotina, suplemento de vitamina B12, colecalciferol (fuente de vit. D3), sulfato de manganeso monohidratado, sulfato de zinc monohidratado, sulfato ferroso monohidratado, acetato de cobalto. Colorantes : Betacarotenos, extracto de achiote, azul 2 lago, cantaxantina, rojo 3, amarillo 6 lago, etoxiquina y \u00e1cido c\u00edtrico ambos como conservantes.<\/p>\n<p>An\u00e1lisis garantizado:<br \/>\nProte\u00edna cruda min. 42.0%<br \/>\nGrasa cruda min. 11.0%<br \/>\nFibra cruda max. 2.0%<br \/>\nHumedad max. 6.5%<br \/>\nFosforo min. 1.1%<br \/>\nVitamina A min. 15,000 UI\/KG<br \/>\nVitamina D3 min. 1,300 UI\/KG<br \/>\nVitamina E min. 120 UI\/KG<br \/>\nNiacina min. 600 MG\/KG<br \/>\nVitamina B12 min. 85 MG\/KG<br \/>\nColina min. 1,700 MG\/KG<br \/>\nBiotin min. 1 MG\/KG<br \/>\nVit.C. min. 256 MG\/KG<br \/>\nOmega-3 min. 8,000 MG\/KG.<\/p>\n","protected":false},"excerpt":{"rendered":"<p>Dieta equilibrada nutricionalmente para peces fluorecentes glofish y otros peces tropicales. -F\u00f3rmula patentada ProCare favorece el buen funcionamiento del sistema inmunol\u00f3gico para una salud \u00f3ptima y larga vida de los peces. -Mezcla cient\u00edficamente desarrollado de ingredientes altamente nutritivos, con vitaminas, minerales y oligoelementos. -Promueve una coloraci\u00f3n brillante en los peces. -Los mejores TetraFin han sido espec\u00edficamente dise\u00f1ados para ser f\u00e1cilmente digeridos por los peces.<\/p>\n","protected":false},"featured_media":1242,"template":"","meta":[],"product_brand":[116],"product_cat":[40,43],"product_tag":[154,148,150,149,161],"class_list":{"0":"post-1241","1":"product","2":"type-product","3":"status-publish","4":"has-post-thumbnail","6":"product_brand-tetra","7":"product_cat-peces","8":"product_cat-alimentos","9":"product_tag-alimento-para-color","10":"product_tag-alimento-peces-tropicales","11":"product_tag-alimento-premium","12":"product_tag-alimento-tetra","13":"product_tag-peces-fluorecentes","15":"first","16":"instock","17":"sale","18":"shipping-taxable","19":"purchasable","20":"product-type-simple"},"yoast_head":"<!-- This site is optimized with the Yoast SEO plugin v27.4 - https:\/\/yoast.com\/product\/yoast-seo-wordpress\/ -->\n<title>GLOFISH FLAKES 45 G | Acuario Supremus<\/title>\n<meta name=\"description\" content=\"Mezcla cient\u00edficamente desarrollado de ingredientes altamente nutritivos, con vitaminas, minerales y oligoelementos.\" \/>\n<meta name=\"robots\" content=\"index, follow, max-snippet:-1, max-image-preview:large, max-video-preview:-1\" \/>\n<link rel=\"canonical\" href=\"https:\/\/acuariosupremus.com\/?product=glofish-flakes-45-g-1-59-oz\" \/>\n<meta property=\"og:locale\" content=\"es_MX\" \/>\n<meta property=\"og:type\" content=\"article\" \/>\n<meta property=\"og:title\" content=\"GLOFISH FLAKES 45 G | Acuario Supremus\" \/>\n<meta property=\"og:description\" content=\"Mezcla cient\u00edficamente desarrollado de ingredientes altamente nutritivos, con vitaminas, minerales y oligoelementos.\" \/>\n<meta property=\"og:url\" content=\"https:\/\/acuariosupremus.com\/?product=glofish-flakes-45-g-1-59-oz\" \/>\n<meta property=\"og:site_name\" content=\"Acuario Supremus\" \/>\n<meta property=\"article:publisher\" content=\"https:\/\/www.facebook.com\/AcuarioSupremus\" \/>\n<meta property=\"article:modified_time\" content=\"2025-08-06T02:12:51+00:00\" \/>\n<meta property=\"og:image\" content=\"https:\/\/acuariosupremus.com\/wp-content\/uploads\/2022\/01\/TE77003.jpg\" \/>\n\t<meta property=\"og:image:width\" content=\"407\" \/>\n\t<meta property=\"og:image:height\" content=\"334\" \/>\n\t<meta property=\"og:image:type\" content=\"image\/jpeg\" \/>\n<meta name=\"twitter:card\" content=\"summary_large_image\" \/>\n<meta name=\"twitter:site\" content=\"@AcuarioSupremus\" \/>\n<meta name=\"twitter:label1\" content=\"Tiempo de lectura\" \/>\n\t<meta name=\"twitter:data1\" content=\"1 minuto\" \/>\n<script type=\"application\/ld+json\" class=\"yoast-schema-graph\">{\"@context\":\"https:\\\/\\\/schema.org\",\"@graph\":[{\"@type\":\"WebPage\",\"@id\":\"https:\\\/\\\/acuariosupremus.com\\\/?product=glofish-flakes-45-g-1-59-oz\",\"url\":\"https:\\\/\\\/acuariosupremus.com\\\/?product=glofish-flakes-45-g-1-59-oz\",\"name\":\"GLOFISH FLAKES 45 G | Acuario Supremus\",\"isPartOf\":{\"@id\":\"https:\\\/\\\/acuariosupremus.com\\\/#website\"},\"primaryImageOfPage\":{\"@id\":\"https:\\\/\\\/acuariosupremus.com\\\/?product=glofish-flakes-45-g-1-59-oz#primaryimage\"},\"image\":{\"@id\":\"https:\\\/\\\/acuariosupremus.com\\\/?product=glofish-flakes-45-g-1-59-oz#primaryimage\"},\"thumbnailUrl\":\"https:\\\/\\\/acuariosupremus.com\\\/wp-content\\\/uploads\\\/2022\\\/01\\\/TE77003.jpg\",\"datePublished\":\"2022-01-29T19:46:12+00:00\",\"dateModified\":\"2025-08-06T02:12:51+00:00\",\"description\":\"Mezcla cient\u00edficamente desarrollado de ingredientes altamente nutritivos, con vitaminas, minerales y oligoelementos.\",\"breadcrumb\":{\"@id\":\"https:\\\/\\\/acuariosupremus.com\\\/?product=glofish-flakes-45-g-1-59-oz#breadcrumb\"},\"inLanguage\":\"es\",\"potentialAction\":[{\"@type\":\"ReadAction\",\"target\":[\"https:\\\/\\\/acuariosupremus.com\\\/?product=glofish-flakes-45-g-1-59-oz\"]}]},{\"@type\":\"ImageObject\",\"inLanguage\":\"es\",\"@id\":\"https:\\\/\\\/acuariosupremus.com\\\/?product=glofish-flakes-45-g-1-59-oz#primaryimage\",\"url\":\"https:\\\/\\\/acuariosupremus.com\\\/wp-content\\\/uploads\\\/2022\\\/01\\\/TE77003.jpg\",\"contentUrl\":\"https:\\\/\\\/acuariosupremus.com\\\/wp-content\\\/uploads\\\/2022\\\/01\\\/TE77003.jpg\",\"width\":407,\"height\":334},{\"@type\":\"BreadcrumbList\",\"@id\":\"https:\\\/\\\/acuariosupremus.com\\\/?product=glofish-flakes-45-g-1-59-oz#breadcrumb\",\"itemListElement\":[{\"@type\":\"ListItem\",\"position\":1,\"name\":\"Portada\",\"item\":\"https:\\\/\\\/acuariosupremus.com\\\/\"},{\"@type\":\"ListItem\",\"position\":2,\"name\":\"Tienda\",\"item\":\"https:\\\/\\\/acuariosupremus.com\\\/tienda\\\/\"},{\"@type\":\"ListItem\",\"position\":3,\"name\":\"GLOFISH FLAKES 45 G\"}]},{\"@type\":\"WebSite\",\"@id\":\"https:\\\/\\\/acuariosupremus.com\\\/#website\",\"url\":\"https:\\\/\\\/acuariosupremus.com\\\/\",\"name\":\"Acuario Supremus\",\"description\":\"Peces, Peceras y Mascotas.\",\"publisher\":{\"@id\":\"https:\\\/\\\/acuariosupremus.com\\\/#organization\"},\"potentialAction\":[{\"@type\":\"SearchAction\",\"target\":{\"@type\":\"EntryPoint\",\"urlTemplate\":\"https:\\\/\\\/acuariosupremus.com\\\/?s={search_term_string}\"},\"query-input\":{\"@type\":\"PropertyValueSpecification\",\"valueRequired\":true,\"valueName\":\"search_term_string\"}}],\"inLanguage\":\"es\"},{\"@type\":\"Organization\",\"@id\":\"https:\\\/\\\/acuariosupremus.com\\\/#organization\",\"name\":\"Acuario Supremus\",\"url\":\"https:\\\/\\\/acuariosupremus.com\\\/\",\"logo\":{\"@type\":\"ImageObject\",\"inLanguage\":\"es\",\"@id\":\"https:\\\/\\\/acuariosupremus.com\\\/#\\\/schema\\\/logo\\\/image\\\/\",\"url\":\"https:\\\/\\\/acuariosupremus.com\\\/wp-content\\\/uploads\\\/2021\\\/12\\\/cropped-logo_acuario_supremus_fn-2.png\",\"contentUrl\":\"https:\\\/\\\/acuariosupremus.com\\\/wp-content\\\/uploads\\\/2021\\\/12\\\/cropped-logo_acuario_supremus_fn-2.png\",\"width\":1000,\"height\":318,\"caption\":\"Acuario Supremus\"},\"image\":{\"@id\":\"https:\\\/\\\/acuariosupremus.com\\\/#\\\/schema\\\/logo\\\/image\\\/\"},\"sameAs\":[\"https:\\\/\\\/www.facebook.com\\\/AcuarioSupremus\",\"https:\\\/\\\/x.com\\\/AcuarioSupremus\",\"https:\\\/\\\/www.instagram.com\\\/acuariosupremus\\\/?hl=es\"]}]}<\/script>\n<!-- \/ Yoast SEO plugin. -->","yoast_head_json":{"title":"GLOFISH FLAKES 45 G | Acuario Supremus","description":"Mezcla cient\u00edficamente desarrollado de ingredientes altamente nutritivos, con vitaminas, minerales y oligoelementos.","robots":{"index":"index","follow":"follow","max-snippet":"max-snippet:-1","max-image-preview":"max-image-preview:large","max-video-preview":"max-video-preview:-1"},"canonical":"https:\/\/acuariosupremus.com\/?product=glofish-flakes-45-g-1-59-oz","og_locale":"es_MX","og_type":"article","og_title":"GLOFISH FLAKES 45 G | Acuario Supremus","og_description":"Mezcla cient\u00edficamente desarrollado de ingredientes altamente nutritivos, con vitaminas, minerales y oligoelementos.","og_url":"https:\/\/acuariosupremus.com\/?product=glofish-flakes-45-g-1-59-oz","og_site_name":"Acuario Supremus","article_publisher":"https:\/\/www.facebook.com\/AcuarioSupremus","article_modified_time":"2025-08-06T02:12:51+00:00","og_image":[{"width":407,"height":334,"url":"https:\/\/acuariosupremus.com\/wp-content\/uploads\/2022\/01\/TE77003.jpg","type":"image\/jpeg"}],"twitter_card":"summary_large_image","twitter_site":"@AcuarioSupremus","twitter_misc":{"Tiempo de lectura":"1 minuto"},"schema":{"@context":"https:\/\/schema.org","@graph":[{"@type":"WebPage","@id":"https:\/\/acuariosupremus.com\/?product=glofish-flakes-45-g-1-59-oz","url":"https:\/\/acuariosupremus.com\/?product=glofish-flakes-45-g-1-59-oz","name":"GLOFISH FLAKES 45 G | Acuario Supremus","isPartOf":{"@id":"https:\/\/acuariosupremus.com\/#website"},"primaryImageOfPage":{"@id":"https:\/\/acuariosupremus.com\/?product=glofish-flakes-45-g-1-59-oz#primaryimage"},"image":{"@id":"https:\/\/acuariosupremus.com\/?product=glofish-flakes-45-g-1-59-oz#primaryimage"},"thumbnailUrl":"https:\/\/acuariosupremus.com\/wp-content\/uploads\/2022\/01\/TE77003.jpg","datePublished":"2022-01-29T19:46:12+00:00","dateModified":"2025-08-06T02:12:51+00:00","description":"Mezcla cient\u00edficamente desarrollado de ingredientes altamente nutritivos, con vitaminas, minerales y oligoelementos.","breadcrumb":{"@id":"https:\/\/acuariosupremus.com\/?product=glofish-flakes-45-g-1-59-oz#breadcrumb"},"inLanguage":"es","potentialAction":[{"@type":"ReadAction","target":["https:\/\/acuariosupremus.com\/?product=glofish-flakes-45-g-1-59-oz"]}]},{"@type":"ImageObject","inLanguage":"es","@id":"https:\/\/acuariosupremus.com\/?product=glofish-flakes-45-g-1-59-oz#primaryimage","url":"https:\/\/acuariosupremus.com\/wp-content\/uploads\/2022\/01\/TE77003.jpg","contentUrl":"https:\/\/acuariosupremus.com\/wp-content\/uploads\/2022\/01\/TE77003.jpg","width":407,"height":334},{"@type":"BreadcrumbList","@id":"https:\/\/acuariosupremus.com\/?product=glofish-flakes-45-g-1-59-oz#breadcrumb","itemListElement":[{"@type":"ListItem","position":1,"name":"Portada","item":"https:\/\/acuariosupremus.com\/"},{"@type":"ListItem","position":2,"name":"Tienda","item":"https:\/\/acuariosupremus.com\/tienda\/"},{"@type":"ListItem","position":3,"name":"GLOFISH FLAKES 45 G"}]},{"@type":"WebSite","@id":"https:\/\/acuariosupremus.com\/#website","url":"https:\/\/acuariosupremus.com\/","name":"Acuario Supremus","description":"Peces, Peceras y Mascotas.","publisher":{"@id":"https:\/\/acuariosupremus.com\/#organization"},"potentialAction":[{"@type":"SearchAction","target":{"@type":"EntryPoint","urlTemplate":"https:\/\/acuariosupremus.com\/?s={search_term_string}"},"query-input":{"@type":"PropertyValueSpecification","valueRequired":true,"valueName":"search_term_string"}}],"inLanguage":"es"},{"@type":"Organization","@id":"https:\/\/acuariosupremus.com\/#organization","name":"Acuario Supremus","url":"https:\/\/acuariosupremus.com\/","logo":{"@type":"ImageObject","inLanguage":"es","@id":"https:\/\/acuariosupremus.com\/#\/schema\/logo\/image\/","url":"https:\/\/acuariosupremus.com\/wp-content\/uploads\/2021\/12\/cropped-logo_acuario_supremus_fn-2.png","contentUrl":"https:\/\/acuariosupremus.com\/wp-content\/uploads\/2021\/12\/cropped-logo_acuario_supremus_fn-2.png","width":1000,"height":318,"caption":"Acuario Supremus"},"image":{"@id":"https:\/\/acuariosupremus.com\/#\/schema\/logo\/image\/"},"sameAs":["https:\/\/www.facebook.com\/AcuarioSupremus","https:\/\/x.com\/AcuarioSupremus","https:\/\/www.instagram.com\/acuariosupremus\/?hl=es"]}]}},"jetpack_sharing_enabled":true,"_links":{"self":[{"href":"https:\/\/acuariosupremus.com\/index.php?rest_route=\/wp\/v2\/product\/1241","targetHints":{"allow":["GET"]}}],"collection":[{"href":"https:\/\/acuariosupremus.com\/index.php?rest_route=\/wp\/v2\/product"}],"about":[{"href":"https:\/\/acuariosupremus.com\/index.php?rest_route=\/wp\/v2\/types\/product"}],"wp:featuredmedia":[{"embeddable":true,"href":"https:\/\/acuariosupremus.com\/index.php?rest_route=\/wp\/v2\/media\/1242"}],"wp:attachment":[{"href":"https:\/\/acuariosupremus.com\/index.php?rest_route=%2Fwp%2Fv2%2Fmedia&parent=1241"}],"wp:term":[{"taxonomy":"product_brand","embeddable":true,"href":"https:\/\/acuariosupremus.com\/index.php?rest_route=%2Fwp%2Fv2%2Fproduct_brand&post=1241"},{"taxonomy":"product_cat","embeddable":true,"href":"https:\/\/acuariosupremus.com\/index.php?rest_route=%2Fwp%2Fv2%2Fproduct_cat&post=1241"},{"taxonomy":"product_tag","embeddable":true,"href":"https:\/\/acuariosupremus.com\/index.php?rest_route=%2Fwp%2Fv2%2Fproduct_tag&post=1241"}],"curies":[{"name":"wp","href":"https:\/\/api.w.org\/{rel}","templated":true}]}}