{"id":1245,"date":"2022-01-29T14:14:16","date_gmt":"2022-01-29T20:14:16","guid":{"rendered":"https:\/\/acuariosupremus.com\/?post_type=product&#038;p=1245"},"modified":"2025-12-11T19:09:48","modified_gmt":"2025-12-12T01:09:48","slug":"tetrabetta-pellets-29-g-1-02-oz","status":"publish","type":"product","link":"https:\/\/acuariosupremus.com\/?product=tetrabetta-pellets-29-g-1-02-oz","title":{"rendered":"TETRABETTA PELLETS 29 G"},"content":{"rendered":"<p>Ingredientes:<br \/>\nHarina de trigo, harina de pescado, gluten de trigo, aceite de soya, prote\u00edna de papa, almid\u00f3n de ma\u00edz, gluten de ma\u00edz, harina de camar\u00f3n, levadura seca, fosfato de calcio monob\u00e1sico, lecitina, harina de algas, extracto de levadura, \u00e1cido asc\u00f3rbico (fuente de vit. C), riboflavina-5-fosfato (fuente de vit,. B2), inositol, a-tocoferol-acetato (fuente de vit. E), niacina,<br \/>\nL-ascorbil-2-polifosfato (vit. C estabilizada), D-pantotenato c\u00e1lcico, mononitrato de tiamina (fuente de vit. B1), clorhidrato de<br \/>\npiridoxina (fuente de vit. B6), palmitato de vitamina A (fuente de vit. A), complejo de bisulfito s\u00f3dico de menadiona (fuente de vit. K), biotina, suplemento de vitamina B12, colecalciferol (fuente de vit. D3), monohidrato de sulfato de manganeso,<br \/>\nmonohidrato de sulfato de zinc, monohidrato de sulfato ferroso, acetato de cobalto, color que incluye: beta-caroteno, extracto de achiote, cantaxantina, etoxiquina como conservador.<\/p>\n<p>An\u00e1lisis garantizado:<br \/>\nProte\u00edna cruda M\u00edn. 43.0%<br \/>\nGrasa cruda M\u00edn. 9.5%<br \/>\nFibra cruda M\u00e1x. 2.0%<br \/>\nHumedad M\u00e1x. 8.0%<br \/>\nF\u00f3sforo M\u00edn. 0.7%<br \/>\n\u00c1c. Asc\u00f3rbico (vit. C) M\u00edn. 400 mg\/kg<\/p>\n<p>Peso\/Capacidad:<br \/>\n<strong>29 gramos, (1.02 oz)<\/strong><\/p>\n","protected":false},"excerpt":{"rendered":"<p>Con potenciadores de color<br \/>\nNutrici\u00f3n balanceada con ProCare para una salud \u00f3ptima.<br \/>\nTetraBetta Floating Mini pellets, nutricionalmente balanceada, TetraBetta de alta calidad.<br \/>\nNo enturbia el agua cuando se usa seg\u00fan las instrucciones, peque\u00f1os pellets, especialmente formulados, muy apetecibles, los gr\u00e1nulos flotantes son una dieta b\u00e1sica especial para peces Betta.<br \/>\nEnvasados con la tecnolog\u00eda patentada ProCare, para una salud \u00f3ptima.<br \/>\nLas cantidades precisas de vitaminas y nutrientes selectos ayudan al soporte del sistema inmunol\u00f3gico del pez. Alto contenido en prote\u00ednas y \u00e1cidos grasos Omega-3 para la energ\u00eda y el crecimiento.<\/p>\n","protected":false},"featured_media":1246,"template":"","meta":[],"product_brand":[116],"product_cat":[40,43],"product_tag":[160,148,150,149,172],"class_list":{"0":"post-1245","1":"product","2":"type-product","3":"status-publish","4":"has-post-thumbnail","6":"product_brand-tetra","7":"product_cat-peces","8":"product_cat-alimentos","9":"product_tag-alimento-betta","10":"product_tag-alimento-peces-tropicales","11":"product_tag-alimento-premium","12":"product_tag-alimento-tetra","13":"product_tag-bettas","15":"first","16":"instock","17":"sale","18":"shipping-taxable","19":"purchasable","20":"product-type-simple"},"yoast_head":"<!-- This site is optimized with the Yoast SEO plugin v27.4 - https:\/\/yoast.com\/product\/yoast-seo-wordpress\/ -->\n<title>TETRABETTA PELLETS 29 G | Acuario Supremus<\/title>\n<meta name=\"description\" content=\"Peque\u00f1os pellets, especialmente formulados, muy apetecibles, los gr\u00e1nulos flotantes son una dieta b\u00e1sica especial para peces Betta.\" \/>\n<meta name=\"robots\" content=\"index, follow, max-snippet:-1, max-image-preview:large, max-video-preview:-1\" \/>\n<link rel=\"canonical\" href=\"https:\/\/acuariosupremus.com\/?product=tetrabetta-pellets-29-g-1-02-oz\" \/>\n<meta property=\"og:locale\" content=\"es_MX\" \/>\n<meta property=\"og:type\" content=\"article\" \/>\n<meta property=\"og:title\" content=\"TETRABETTA PELLETS 29 G | Acuario Supremus\" \/>\n<meta property=\"og:description\" content=\"Peque\u00f1os pellets, especialmente formulados, muy apetecibles, los gr\u00e1nulos flotantes son una dieta b\u00e1sica especial para peces Betta.\" \/>\n<meta property=\"og:url\" content=\"https:\/\/acuariosupremus.com\/?product=tetrabetta-pellets-29-g-1-02-oz\" \/>\n<meta property=\"og:site_name\" content=\"Acuario Supremus\" \/>\n<meta property=\"article:publisher\" content=\"https:\/\/www.facebook.com\/AcuarioSupremus\" \/>\n<meta property=\"article:modified_time\" content=\"2025-12-12T01:09:48+00:00\" \/>\n<meta property=\"og:image\" content=\"https:\/\/acuariosupremus.com\/wp-content\/uploads\/2022\/01\/TE77019.jpg\" \/>\n\t<meta property=\"og:image:width\" content=\"1000\" \/>\n\t<meta property=\"og:image:height\" content=\"1000\" \/>\n\t<meta property=\"og:image:type\" content=\"image\/jpeg\" \/>\n<meta name=\"twitter:card\" content=\"summary_large_image\" \/>\n<meta name=\"twitter:site\" content=\"@AcuarioSupremus\" \/>\n<meta name=\"twitter:label1\" content=\"Tiempo de lectura\" \/>\n\t<meta name=\"twitter:data1\" content=\"1 minuto\" \/>\n<script type=\"application\/ld+json\" class=\"yoast-schema-graph\">{\"@context\":\"https:\\\/\\\/schema.org\",\"@graph\":[{\"@type\":\"WebPage\",\"@id\":\"https:\\\/\\\/acuariosupremus.com\\\/?product=tetrabetta-pellets-29-g-1-02-oz\",\"url\":\"https:\\\/\\\/acuariosupremus.com\\\/?product=tetrabetta-pellets-29-g-1-02-oz\",\"name\":\"TETRABETTA PELLETS 29 G | Acuario Supremus\",\"isPartOf\":{\"@id\":\"https:\\\/\\\/acuariosupremus.com\\\/#website\"},\"primaryImageOfPage\":{\"@id\":\"https:\\\/\\\/acuariosupremus.com\\\/?product=tetrabetta-pellets-29-g-1-02-oz#primaryimage\"},\"image\":{\"@id\":\"https:\\\/\\\/acuariosupremus.com\\\/?product=tetrabetta-pellets-29-g-1-02-oz#primaryimage\"},\"thumbnailUrl\":\"https:\\\/\\\/acuariosupremus.com\\\/wp-content\\\/uploads\\\/2022\\\/01\\\/TE77019.jpg\",\"datePublished\":\"2022-01-29T20:14:16+00:00\",\"dateModified\":\"2025-12-12T01:09:48+00:00\",\"description\":\"Peque\u00f1os pellets, especialmente formulados, muy apetecibles, los gr\u00e1nulos flotantes son una dieta b\u00e1sica especial para peces Betta.\",\"breadcrumb\":{\"@id\":\"https:\\\/\\\/acuariosupremus.com\\\/?product=tetrabetta-pellets-29-g-1-02-oz#breadcrumb\"},\"inLanguage\":\"es\",\"potentialAction\":[{\"@type\":\"ReadAction\",\"target\":[\"https:\\\/\\\/acuariosupremus.com\\\/?product=tetrabetta-pellets-29-g-1-02-oz\"]}]},{\"@type\":\"ImageObject\",\"inLanguage\":\"es\",\"@id\":\"https:\\\/\\\/acuariosupremus.com\\\/?product=tetrabetta-pellets-29-g-1-02-oz#primaryimage\",\"url\":\"https:\\\/\\\/acuariosupremus.com\\\/wp-content\\\/uploads\\\/2022\\\/01\\\/TE77019.jpg\",\"contentUrl\":\"https:\\\/\\\/acuariosupremus.com\\\/wp-content\\\/uploads\\\/2022\\\/01\\\/TE77019.jpg\",\"width\":1000,\"height\":1000},{\"@type\":\"BreadcrumbList\",\"@id\":\"https:\\\/\\\/acuariosupremus.com\\\/?product=tetrabetta-pellets-29-g-1-02-oz#breadcrumb\",\"itemListElement\":[{\"@type\":\"ListItem\",\"position\":1,\"name\":\"Portada\",\"item\":\"https:\\\/\\\/acuariosupremus.com\\\/\"},{\"@type\":\"ListItem\",\"position\":2,\"name\":\"Tienda\",\"item\":\"https:\\\/\\\/acuariosupremus.com\\\/tienda\\\/\"},{\"@type\":\"ListItem\",\"position\":3,\"name\":\"TETRABETTA PELLETS 29 G\"}]},{\"@type\":\"WebSite\",\"@id\":\"https:\\\/\\\/acuariosupremus.com\\\/#website\",\"url\":\"https:\\\/\\\/acuariosupremus.com\\\/\",\"name\":\"Acuario Supremus\",\"description\":\"Peces, Peceras y Mascotas.\",\"publisher\":{\"@id\":\"https:\\\/\\\/acuariosupremus.com\\\/#organization\"},\"potentialAction\":[{\"@type\":\"SearchAction\",\"target\":{\"@type\":\"EntryPoint\",\"urlTemplate\":\"https:\\\/\\\/acuariosupremus.com\\\/?s={search_term_string}\"},\"query-input\":{\"@type\":\"PropertyValueSpecification\",\"valueRequired\":true,\"valueName\":\"search_term_string\"}}],\"inLanguage\":\"es\"},{\"@type\":\"Organization\",\"@id\":\"https:\\\/\\\/acuariosupremus.com\\\/#organization\",\"name\":\"Acuario Supremus\",\"url\":\"https:\\\/\\\/acuariosupremus.com\\\/\",\"logo\":{\"@type\":\"ImageObject\",\"inLanguage\":\"es\",\"@id\":\"https:\\\/\\\/acuariosupremus.com\\\/#\\\/schema\\\/logo\\\/image\\\/\",\"url\":\"https:\\\/\\\/acuariosupremus.com\\\/wp-content\\\/uploads\\\/2021\\\/12\\\/cropped-logo_acuario_supremus_fn-2.png\",\"contentUrl\":\"https:\\\/\\\/acuariosupremus.com\\\/wp-content\\\/uploads\\\/2021\\\/12\\\/cropped-logo_acuario_supremus_fn-2.png\",\"width\":1000,\"height\":318,\"caption\":\"Acuario Supremus\"},\"image\":{\"@id\":\"https:\\\/\\\/acuariosupremus.com\\\/#\\\/schema\\\/logo\\\/image\\\/\"},\"sameAs\":[\"https:\\\/\\\/www.facebook.com\\\/AcuarioSupremus\",\"https:\\\/\\\/x.com\\\/AcuarioSupremus\",\"https:\\\/\\\/www.instagram.com\\\/acuariosupremus\\\/?hl=es\"]}]}<\/script>\n<!-- \/ Yoast SEO plugin. -->","yoast_head_json":{"title":"TETRABETTA PELLETS 29 G | Acuario Supremus","description":"Peque\u00f1os pellets, especialmente formulados, muy apetecibles, los gr\u00e1nulos flotantes son una dieta b\u00e1sica especial para peces Betta.","robots":{"index":"index","follow":"follow","max-snippet":"max-snippet:-1","max-image-preview":"max-image-preview:large","max-video-preview":"max-video-preview:-1"},"canonical":"https:\/\/acuariosupremus.com\/?product=tetrabetta-pellets-29-g-1-02-oz","og_locale":"es_MX","og_type":"article","og_title":"TETRABETTA PELLETS 29 G | Acuario Supremus","og_description":"Peque\u00f1os pellets, especialmente formulados, muy apetecibles, los gr\u00e1nulos flotantes son una dieta b\u00e1sica especial para peces Betta.","og_url":"https:\/\/acuariosupremus.com\/?product=tetrabetta-pellets-29-g-1-02-oz","og_site_name":"Acuario Supremus","article_publisher":"https:\/\/www.facebook.com\/AcuarioSupremus","article_modified_time":"2025-12-12T01:09:48+00:00","og_image":[{"width":1000,"height":1000,"url":"https:\/\/acuariosupremus.com\/wp-content\/uploads\/2022\/01\/TE77019.jpg","type":"image\/jpeg"}],"twitter_card":"summary_large_image","twitter_site":"@AcuarioSupremus","twitter_misc":{"Tiempo de lectura":"1 minuto"},"schema":{"@context":"https:\/\/schema.org","@graph":[{"@type":"WebPage","@id":"https:\/\/acuariosupremus.com\/?product=tetrabetta-pellets-29-g-1-02-oz","url":"https:\/\/acuariosupremus.com\/?product=tetrabetta-pellets-29-g-1-02-oz","name":"TETRABETTA PELLETS 29 G | Acuario Supremus","isPartOf":{"@id":"https:\/\/acuariosupremus.com\/#website"},"primaryImageOfPage":{"@id":"https:\/\/acuariosupremus.com\/?product=tetrabetta-pellets-29-g-1-02-oz#primaryimage"},"image":{"@id":"https:\/\/acuariosupremus.com\/?product=tetrabetta-pellets-29-g-1-02-oz#primaryimage"},"thumbnailUrl":"https:\/\/acuariosupremus.com\/wp-content\/uploads\/2022\/01\/TE77019.jpg","datePublished":"2022-01-29T20:14:16+00:00","dateModified":"2025-12-12T01:09:48+00:00","description":"Peque\u00f1os pellets, especialmente formulados, muy apetecibles, los gr\u00e1nulos flotantes son una dieta b\u00e1sica especial para peces Betta.","breadcrumb":{"@id":"https:\/\/acuariosupremus.com\/?product=tetrabetta-pellets-29-g-1-02-oz#breadcrumb"},"inLanguage":"es","potentialAction":[{"@type":"ReadAction","target":["https:\/\/acuariosupremus.com\/?product=tetrabetta-pellets-29-g-1-02-oz"]}]},{"@type":"ImageObject","inLanguage":"es","@id":"https:\/\/acuariosupremus.com\/?product=tetrabetta-pellets-29-g-1-02-oz#primaryimage","url":"https:\/\/acuariosupremus.com\/wp-content\/uploads\/2022\/01\/TE77019.jpg","contentUrl":"https:\/\/acuariosupremus.com\/wp-content\/uploads\/2022\/01\/TE77019.jpg","width":1000,"height":1000},{"@type":"BreadcrumbList","@id":"https:\/\/acuariosupremus.com\/?product=tetrabetta-pellets-29-g-1-02-oz#breadcrumb","itemListElement":[{"@type":"ListItem","position":1,"name":"Portada","item":"https:\/\/acuariosupremus.com\/"},{"@type":"ListItem","position":2,"name":"Tienda","item":"https:\/\/acuariosupremus.com\/tienda\/"},{"@type":"ListItem","position":3,"name":"TETRABETTA PELLETS 29 G"}]},{"@type":"WebSite","@id":"https:\/\/acuariosupremus.com\/#website","url":"https:\/\/acuariosupremus.com\/","name":"Acuario Supremus","description":"Peces, Peceras y Mascotas.","publisher":{"@id":"https:\/\/acuariosupremus.com\/#organization"},"potentialAction":[{"@type":"SearchAction","target":{"@type":"EntryPoint","urlTemplate":"https:\/\/acuariosupremus.com\/?s={search_term_string}"},"query-input":{"@type":"PropertyValueSpecification","valueRequired":true,"valueName":"search_term_string"}}],"inLanguage":"es"},{"@type":"Organization","@id":"https:\/\/acuariosupremus.com\/#organization","name":"Acuario Supremus","url":"https:\/\/acuariosupremus.com\/","logo":{"@type":"ImageObject","inLanguage":"es","@id":"https:\/\/acuariosupremus.com\/#\/schema\/logo\/image\/","url":"https:\/\/acuariosupremus.com\/wp-content\/uploads\/2021\/12\/cropped-logo_acuario_supremus_fn-2.png","contentUrl":"https:\/\/acuariosupremus.com\/wp-content\/uploads\/2021\/12\/cropped-logo_acuario_supremus_fn-2.png","width":1000,"height":318,"caption":"Acuario Supremus"},"image":{"@id":"https:\/\/acuariosupremus.com\/#\/schema\/logo\/image\/"},"sameAs":["https:\/\/www.facebook.com\/AcuarioSupremus","https:\/\/x.com\/AcuarioSupremus","https:\/\/www.instagram.com\/acuariosupremus\/?hl=es"]}]}},"jetpack_sharing_enabled":true,"_links":{"self":[{"href":"https:\/\/acuariosupremus.com\/index.php?rest_route=\/wp\/v2\/product\/1245","targetHints":{"allow":["GET"]}}],"collection":[{"href":"https:\/\/acuariosupremus.com\/index.php?rest_route=\/wp\/v2\/product"}],"about":[{"href":"https:\/\/acuariosupremus.com\/index.php?rest_route=\/wp\/v2\/types\/product"}],"wp:featuredmedia":[{"embeddable":true,"href":"https:\/\/acuariosupremus.com\/index.php?rest_route=\/wp\/v2\/media\/1246"}],"wp:attachment":[{"href":"https:\/\/acuariosupremus.com\/index.php?rest_route=%2Fwp%2Fv2%2Fmedia&parent=1245"}],"wp:term":[{"taxonomy":"product_brand","embeddable":true,"href":"https:\/\/acuariosupremus.com\/index.php?rest_route=%2Fwp%2Fv2%2Fproduct_brand&post=1245"},{"taxonomy":"product_cat","embeddable":true,"href":"https:\/\/acuariosupremus.com\/index.php?rest_route=%2Fwp%2Fv2%2Fproduct_cat&post=1245"},{"taxonomy":"product_tag","embeddable":true,"href":"https:\/\/acuariosupremus.com\/index.php?rest_route=%2Fwp%2Fv2%2Fproduct_tag&post=1245"}],"curies":[{"name":"wp","href":"https:\/\/api.w.org\/{rel}","templated":true}]}}