{"id":12466,"date":"2024-07-01T17:33:02","date_gmt":"2024-07-01T23:33:02","guid":{"rendered":"https:\/\/acuariosupremus.com\/?post_type=product&#038;p=12466"},"modified":"2026-02-04T15:33:54","modified_gmt":"2026-02-04T21:33:54","slug":"correa-de-cuerda-negra-1-60-m","status":"publish","type":"product","link":"https:\/\/acuariosupremus.com\/?product=correa-de-cuerda-negra-1-60-m","title":{"rendered":"CORREA DE CUERDA NEGRA 1.60 M"},"content":{"rendered":"<div id=\"tab-label-product.info.beneficios\" class=\"data item title active\" tabindex=\"0\" role=\"tab\" aria-labeledby=\"tab-label-product.info.beneficios-title\" data-role=\"collapsible\" data-collapsible=\"true\" aria-controls=\"product.info.beneficios\" aria-selected=\"true\" aria-expanded=\"true\">BENEFICIOS:<\/div>\n<div id=\"product.info.beneficios\" class=\"data item content\" role=\"tabpanel\" data-role=\"content\" aria-labelledby=\"tab-label-product.info.beneficios\" aria-hidden=\"false\">\n<div class=\"product attribute beneficios\">\n<div class=\"value\">El dise\u00f1o reflexivo de la costura lo hace perfecto para el uso de la noche.Duradero: Hecho con la cuerda de escalada en roca de 1,2 cm de di\u00e1metro para resistir los jalones m\u00e1s fuertes de su mascota.La correa para perros cuenta con mangos acolchados suaves para protege tus manos.La longitud brinda equilibrio perfecto entre libertad y control.<\/div>\n<div>\n<div id=\"tab-label-additional\" class=\"data item title active\" tabindex=\"0\" role=\"tab\" aria-labeledby=\"tab-label-additional-title\" data-role=\"collapsible\" data-collapsible=\"true\" aria-controls=\"additional\" aria-selected=\"true\" aria-expanded=\"true\">CARACTER\u00cdSTICAS:\u00a0 Color.\u00a0 Negro Marca: Fancy Pets\u00a0 Especie: Perros\u00a0 Medidas: 1.6 m\u00a0 Material: 100% NAILON\u00a0 Contenido neto: 1 pieza.<\/div>\n<div tabindex=\"0\" role=\"tab\" aria-labeledby=\"tab-label-additional-title\" data-role=\"collapsible\" data-collapsible=\"true\" aria-controls=\"additional\" aria-selected=\"true\" aria-expanded=\"true\">\n<div id=\"tab-label-product.info.ingredientes.modo.de.uso\" class=\"data item title active\" tabindex=\"0\" role=\"tab\" aria-labeledby=\"tab-label-product.info.ingredientes.modo.de.uso-title\" data-role=\"collapsible\" data-collapsible=\"true\" aria-controls=\"product.info.ingredientes.modo.de.uso\" aria-selected=\"true\" aria-expanded=\"true\">MODO DE USO \/ PRECAUCIONES Y ADVERTENCIAS:<\/div>\n<div id=\"product.info.ingredientes.modo.de.uso\" class=\"data item content\" role=\"tabpanel\" data-role=\"content\" aria-labelledby=\"tab-label-product.info.ingredientes.modo.de.uso\" aria-hidden=\"false\">\n<div class=\"product attribute modo_de_uso_precuaciones_y_adv\">\n<div class=\"value\">Utilice el gancho de un extremo para asegurar el collar o arnes de su mascota, sujete la correa por la zona acolchonada y disfrute del paseo con su mascota.<\/div>\n<\/div>\n<\/div>\n<\/div>\n<\/div>\n<\/div>\n<\/div>\n","protected":false},"excerpt":{"rendered":"<p>Este resistente dise\u00f1o de correa de soga, de la l\u00ednea Xtreme de Fancy Pets, est\u00e1 hecho para soportar tirones fuertes, y cuenta con una agarradera c\u00f3moda para que el due\u00f1o pueda sostenerla con facilidad, para poder andar con tranquilidad en cada paseo, inclusive en las noches debido a su dise\u00f1o reflejante podr\u00e1s visualizarla en la oscuridad.<\/p>\n","protected":false},"featured_media":12467,"template":"","meta":[],"product_brand":[106],"product_cat":[73,82],"product_tag":[528],"class_list":{"0":"post-12466","1":"product","2":"type-product","3":"status-publish","4":"has-post-thumbnail","6":"product_brand-fancypets","7":"product_cat-perros","8":"product_cat-collares-y-correas","9":"product_tag-correa-cuerda-xtreme","11":"first","12":"instock","13":"sale","14":"shipping-taxable","15":"purchasable","16":"product-type-simple"},"yoast_head":"<!-- This site is optimized with the Yoast SEO plugin v27.4 - https:\/\/yoast.com\/product\/yoast-seo-wordpress\/ -->\n<title>CORREA DE CUERDA NEGRA 1.60 M | Acuario Supremus<\/title>\n<meta name=\"description\" content=\"Correa de CUERDA NEGRA de la l\u00ednea Xtreme de Fancy Pets est\u00e1 hecha para soportar tirones fuertes, cuenta con una agarradera c\u00f3moda y resistente.\" \/>\n<meta name=\"robots\" content=\"index, follow, max-snippet:-1, max-image-preview:large, max-video-preview:-1\" \/>\n<link rel=\"canonical\" href=\"https:\/\/acuariosupremus.com\/?product=correa-de-cuerda-negra-1-60-m\" \/>\n<meta property=\"og:locale\" content=\"es_MX\" \/>\n<meta property=\"og:type\" content=\"article\" \/>\n<meta property=\"og:title\" content=\"CORREA DE CUERDA NEGRA 1.60 M | Acuario Supremus\" \/>\n<meta property=\"og:description\" content=\"Correa de CUERDA NEGRA de la l\u00ednea Xtreme de Fancy Pets est\u00e1 hecha para soportar tirones fuertes, cuenta con una agarradera c\u00f3moda y resistente.\" \/>\n<meta property=\"og:url\" content=\"https:\/\/acuariosupremus.com\/?product=correa-de-cuerda-negra-1-60-m\" \/>\n<meta property=\"og:site_name\" content=\"Acuario Supremus\" \/>\n<meta property=\"article:publisher\" content=\"https:\/\/www.facebook.com\/AcuarioSupremus\" \/>\n<meta property=\"article:modified_time\" content=\"2026-02-04T21:33:54+00:00\" \/>\n<meta property=\"og:image\" content=\"https:\/\/acuariosupremus.com\/wp-content\/uploads\/2024\/07\/FL9620.png\" \/>\n\t<meta property=\"og:image:width\" content=\"600\" \/>\n\t<meta property=\"og:image:height\" content=\"600\" \/>\n\t<meta property=\"og:image:type\" content=\"image\/png\" \/>\n<meta name=\"twitter:card\" content=\"summary_large_image\" \/>\n<meta name=\"twitter:site\" content=\"@AcuarioSupremus\" \/>\n<meta name=\"twitter:label1\" content=\"Tiempo de lectura\" \/>\n\t<meta name=\"twitter:data1\" content=\"1 minuto\" \/>\n<script type=\"application\/ld+json\" class=\"yoast-schema-graph\">{\"@context\":\"https:\\\/\\\/schema.org\",\"@graph\":[{\"@type\":\"WebPage\",\"@id\":\"https:\\\/\\\/acuariosupremus.com\\\/?product=correa-de-cuerda-negra-1-60-m\",\"url\":\"https:\\\/\\\/acuariosupremus.com\\\/?product=correa-de-cuerda-negra-1-60-m\",\"name\":\"CORREA DE CUERDA NEGRA 1.60 M | Acuario Supremus\",\"isPartOf\":{\"@id\":\"https:\\\/\\\/acuariosupremus.com\\\/#website\"},\"primaryImageOfPage\":{\"@id\":\"https:\\\/\\\/acuariosupremus.com\\\/?product=correa-de-cuerda-negra-1-60-m#primaryimage\"},\"image\":{\"@id\":\"https:\\\/\\\/acuariosupremus.com\\\/?product=correa-de-cuerda-negra-1-60-m#primaryimage\"},\"thumbnailUrl\":\"https:\\\/\\\/acuariosupremus.com\\\/wp-content\\\/uploads\\\/2024\\\/07\\\/FL9620.png\",\"datePublished\":\"2024-07-01T23:33:02+00:00\",\"dateModified\":\"2026-02-04T21:33:54+00:00\",\"description\":\"Correa de CUERDA NEGRA de la l\u00ednea Xtreme de Fancy Pets est\u00e1 hecha para soportar tirones fuertes, cuenta con una agarradera c\u00f3moda y resistente.\",\"breadcrumb\":{\"@id\":\"https:\\\/\\\/acuariosupremus.com\\\/?product=correa-de-cuerda-negra-1-60-m#breadcrumb\"},\"inLanguage\":\"es\",\"potentialAction\":[{\"@type\":\"ReadAction\",\"target\":[\"https:\\\/\\\/acuariosupremus.com\\\/?product=correa-de-cuerda-negra-1-60-m\"]}]},{\"@type\":\"ImageObject\",\"inLanguage\":\"es\",\"@id\":\"https:\\\/\\\/acuariosupremus.com\\\/?product=correa-de-cuerda-negra-1-60-m#primaryimage\",\"url\":\"https:\\\/\\\/acuariosupremus.com\\\/wp-content\\\/uploads\\\/2024\\\/07\\\/FL9620.png\",\"contentUrl\":\"https:\\\/\\\/acuariosupremus.com\\\/wp-content\\\/uploads\\\/2024\\\/07\\\/FL9620.png\",\"width\":600,\"height\":600},{\"@type\":\"BreadcrumbList\",\"@id\":\"https:\\\/\\\/acuariosupremus.com\\\/?product=correa-de-cuerda-negra-1-60-m#breadcrumb\",\"itemListElement\":[{\"@type\":\"ListItem\",\"position\":1,\"name\":\"Portada\",\"item\":\"https:\\\/\\\/acuariosupremus.com\\\/\"},{\"@type\":\"ListItem\",\"position\":2,\"name\":\"Tienda\",\"item\":\"https:\\\/\\\/acuariosupremus.com\\\/tienda\\\/\"},{\"@type\":\"ListItem\",\"position\":3,\"name\":\"CORREA DE CUERDA NEGRA 1.60 M\"}]},{\"@type\":\"WebSite\",\"@id\":\"https:\\\/\\\/acuariosupremus.com\\\/#website\",\"url\":\"https:\\\/\\\/acuariosupremus.com\\\/\",\"name\":\"Acuario Supremus\",\"description\":\"Peces, Peceras y Mascotas.\",\"publisher\":{\"@id\":\"https:\\\/\\\/acuariosupremus.com\\\/#organization\"},\"potentialAction\":[{\"@type\":\"SearchAction\",\"target\":{\"@type\":\"EntryPoint\",\"urlTemplate\":\"https:\\\/\\\/acuariosupremus.com\\\/?s={search_term_string}\"},\"query-input\":{\"@type\":\"PropertyValueSpecification\",\"valueRequired\":true,\"valueName\":\"search_term_string\"}}],\"inLanguage\":\"es\"},{\"@type\":\"Organization\",\"@id\":\"https:\\\/\\\/acuariosupremus.com\\\/#organization\",\"name\":\"Acuario Supremus\",\"url\":\"https:\\\/\\\/acuariosupremus.com\\\/\",\"logo\":{\"@type\":\"ImageObject\",\"inLanguage\":\"es\",\"@id\":\"https:\\\/\\\/acuariosupremus.com\\\/#\\\/schema\\\/logo\\\/image\\\/\",\"url\":\"https:\\\/\\\/acuariosupremus.com\\\/wp-content\\\/uploads\\\/2021\\\/12\\\/cropped-logo_acuario_supremus_fn-2.png\",\"contentUrl\":\"https:\\\/\\\/acuariosupremus.com\\\/wp-content\\\/uploads\\\/2021\\\/12\\\/cropped-logo_acuario_supremus_fn-2.png\",\"width\":1000,\"height\":318,\"caption\":\"Acuario Supremus\"},\"image\":{\"@id\":\"https:\\\/\\\/acuariosupremus.com\\\/#\\\/schema\\\/logo\\\/image\\\/\"},\"sameAs\":[\"https:\\\/\\\/www.facebook.com\\\/AcuarioSupremus\",\"https:\\\/\\\/x.com\\\/AcuarioSupremus\",\"https:\\\/\\\/www.instagram.com\\\/acuariosupremus\\\/?hl=es\"]}]}<\/script>\n<!-- \/ Yoast SEO plugin. -->","yoast_head_json":{"title":"CORREA DE CUERDA NEGRA 1.60 M | Acuario Supremus","description":"Correa de CUERDA NEGRA de la l\u00ednea Xtreme de Fancy Pets est\u00e1 hecha para soportar tirones fuertes, cuenta con una agarradera c\u00f3moda y resistente.","robots":{"index":"index","follow":"follow","max-snippet":"max-snippet:-1","max-image-preview":"max-image-preview:large","max-video-preview":"max-video-preview:-1"},"canonical":"https:\/\/acuariosupremus.com\/?product=correa-de-cuerda-negra-1-60-m","og_locale":"es_MX","og_type":"article","og_title":"CORREA DE CUERDA NEGRA 1.60 M | Acuario Supremus","og_description":"Correa de CUERDA NEGRA de la l\u00ednea Xtreme de Fancy Pets est\u00e1 hecha para soportar tirones fuertes, cuenta con una agarradera c\u00f3moda y resistente.","og_url":"https:\/\/acuariosupremus.com\/?product=correa-de-cuerda-negra-1-60-m","og_site_name":"Acuario Supremus","article_publisher":"https:\/\/www.facebook.com\/AcuarioSupremus","article_modified_time":"2026-02-04T21:33:54+00:00","og_image":[{"width":600,"height":600,"url":"https:\/\/acuariosupremus.com\/wp-content\/uploads\/2024\/07\/FL9620.png","type":"image\/png"}],"twitter_card":"summary_large_image","twitter_site":"@AcuarioSupremus","twitter_misc":{"Tiempo de lectura":"1 minuto"},"schema":{"@context":"https:\/\/schema.org","@graph":[{"@type":"WebPage","@id":"https:\/\/acuariosupremus.com\/?product=correa-de-cuerda-negra-1-60-m","url":"https:\/\/acuariosupremus.com\/?product=correa-de-cuerda-negra-1-60-m","name":"CORREA DE CUERDA NEGRA 1.60 M | Acuario Supremus","isPartOf":{"@id":"https:\/\/acuariosupremus.com\/#website"},"primaryImageOfPage":{"@id":"https:\/\/acuariosupremus.com\/?product=correa-de-cuerda-negra-1-60-m#primaryimage"},"image":{"@id":"https:\/\/acuariosupremus.com\/?product=correa-de-cuerda-negra-1-60-m#primaryimage"},"thumbnailUrl":"https:\/\/acuariosupremus.com\/wp-content\/uploads\/2024\/07\/FL9620.png","datePublished":"2024-07-01T23:33:02+00:00","dateModified":"2026-02-04T21:33:54+00:00","description":"Correa de CUERDA NEGRA de la l\u00ednea Xtreme de Fancy Pets est\u00e1 hecha para soportar tirones fuertes, cuenta con una agarradera c\u00f3moda y resistente.","breadcrumb":{"@id":"https:\/\/acuariosupremus.com\/?product=correa-de-cuerda-negra-1-60-m#breadcrumb"},"inLanguage":"es","potentialAction":[{"@type":"ReadAction","target":["https:\/\/acuariosupremus.com\/?product=correa-de-cuerda-negra-1-60-m"]}]},{"@type":"ImageObject","inLanguage":"es","@id":"https:\/\/acuariosupremus.com\/?product=correa-de-cuerda-negra-1-60-m#primaryimage","url":"https:\/\/acuariosupremus.com\/wp-content\/uploads\/2024\/07\/FL9620.png","contentUrl":"https:\/\/acuariosupremus.com\/wp-content\/uploads\/2024\/07\/FL9620.png","width":600,"height":600},{"@type":"BreadcrumbList","@id":"https:\/\/acuariosupremus.com\/?product=correa-de-cuerda-negra-1-60-m#breadcrumb","itemListElement":[{"@type":"ListItem","position":1,"name":"Portada","item":"https:\/\/acuariosupremus.com\/"},{"@type":"ListItem","position":2,"name":"Tienda","item":"https:\/\/acuariosupremus.com\/tienda\/"},{"@type":"ListItem","position":3,"name":"CORREA DE CUERDA NEGRA 1.60 M"}]},{"@type":"WebSite","@id":"https:\/\/acuariosupremus.com\/#website","url":"https:\/\/acuariosupremus.com\/","name":"Acuario Supremus","description":"Peces, Peceras y Mascotas.","publisher":{"@id":"https:\/\/acuariosupremus.com\/#organization"},"potentialAction":[{"@type":"SearchAction","target":{"@type":"EntryPoint","urlTemplate":"https:\/\/acuariosupremus.com\/?s={search_term_string}"},"query-input":{"@type":"PropertyValueSpecification","valueRequired":true,"valueName":"search_term_string"}}],"inLanguage":"es"},{"@type":"Organization","@id":"https:\/\/acuariosupremus.com\/#organization","name":"Acuario Supremus","url":"https:\/\/acuariosupremus.com\/","logo":{"@type":"ImageObject","inLanguage":"es","@id":"https:\/\/acuariosupremus.com\/#\/schema\/logo\/image\/","url":"https:\/\/acuariosupremus.com\/wp-content\/uploads\/2021\/12\/cropped-logo_acuario_supremus_fn-2.png","contentUrl":"https:\/\/acuariosupremus.com\/wp-content\/uploads\/2021\/12\/cropped-logo_acuario_supremus_fn-2.png","width":1000,"height":318,"caption":"Acuario Supremus"},"image":{"@id":"https:\/\/acuariosupremus.com\/#\/schema\/logo\/image\/"},"sameAs":["https:\/\/www.facebook.com\/AcuarioSupremus","https:\/\/x.com\/AcuarioSupremus","https:\/\/www.instagram.com\/acuariosupremus\/?hl=es"]}]}},"jetpack_sharing_enabled":true,"_links":{"self":[{"href":"https:\/\/acuariosupremus.com\/index.php?rest_route=\/wp\/v2\/product\/12466","targetHints":{"allow":["GET"]}}],"collection":[{"href":"https:\/\/acuariosupremus.com\/index.php?rest_route=\/wp\/v2\/product"}],"about":[{"href":"https:\/\/acuariosupremus.com\/index.php?rest_route=\/wp\/v2\/types\/product"}],"wp:featuredmedia":[{"embeddable":true,"href":"https:\/\/acuariosupremus.com\/index.php?rest_route=\/wp\/v2\/media\/12467"}],"wp:attachment":[{"href":"https:\/\/acuariosupremus.com\/index.php?rest_route=%2Fwp%2Fv2%2Fmedia&parent=12466"}],"wp:term":[{"taxonomy":"product_brand","embeddable":true,"href":"https:\/\/acuariosupremus.com\/index.php?rest_route=%2Fwp%2Fv2%2Fproduct_brand&post=12466"},{"taxonomy":"product_cat","embeddable":true,"href":"https:\/\/acuariosupremus.com\/index.php?rest_route=%2Fwp%2Fv2%2Fproduct_cat&post=12466"},{"taxonomy":"product_tag","embeddable":true,"href":"https:\/\/acuariosupremus.com\/index.php?rest_route=%2Fwp%2Fv2%2Fproduct_tag&post=12466"}],"curies":[{"name":"wp","href":"https:\/\/api.w.org\/{rel}","templated":true}]}}