{"id":1248,"date":"2022-01-29T14:25:36","date_gmt":"2022-01-29T20:25:36","guid":{"rendered":"https:\/\/acuariosupremus.com\/?post_type=product&#038;p=1248"},"modified":"2025-12-11T19:20:43","modified_gmt":"2025-12-12T01:20:43","slug":"tetrafin-goldfish-flakes-12-gr-1-0-oz","status":"publish","type":"product","link":"https:\/\/acuariosupremus.com\/?product=tetrafin-goldfish-flakes-12-gr-1-0-oz","title":{"rendered":"TETRAFIN GOLDFISH FLAKES 12 GR"},"content":{"rendered":"<p>Ingredientes:<br \/>\nHarina de pescado, arroz integral, levadura seca, harina de camar\u00f3n, harina de avena, gluten de trigo, aceite de pescado,<br \/>\naceite de soya, gluten de ma\u00edz, harina de alga, sorbitol, lecitina, prote\u00edna de papa, extracto de levadura, \u00e1cido asc\u00f3rbico (fuente de vitamina C), inositol, niacina, L-ascorbil-2-polifosfato, A-tocoferol (fuente de vit. E), D-pantotenato de calcio,<br \/>\nriboflavina-5-fosfato (fuente de vit. B2), mononitrato de tiamina (fuente de vit. B1), complejo bisulfito s\u00f3dico de menadiona<br \/>\n(fuente de de vit. K), \u00e1cido f\u00f3lico, clorhidrato de piridoxina (fuente de vit. B6), palmitato de vitamina A (fuente de vit. A), biotina, suplemento de vitamina B12, colecalciferol (fuente de vit. D3), sulfato de manganeso monohidratado, sulfato de zinc<br \/>\nmonohidratado, sulfato de hierro monohidratado, acetato de cobalto. Colorantes: Betacarotenos, extracto de achiote, azul 2, cantaxantina, rojo 3, amarillo 6, etoxiquina y \u00e1cido c\u00edtrico ambos como conservadores.<\/p>\n<p>An\u00e1lisis garantizado:<br \/>\nProte\u00edna cruda min. 42.0%<br \/>\nGrasa cruda min. 11.0%<br \/>\nFibra cruda max. 2.0%<br \/>\nHumedad max. 6.5%<br \/>\nFosforo min. 1.1%<br \/>\nVitamina A min. 15,000 UI\/KG<br \/>\nVitamina D3 min. 1,300 UI\/KG<br \/>\nVitamina E min. 120 UI\/KG<br \/>\nNiacina min. 600 MG\/KG<br \/>\nVitamina B12 min. 85 MG\/KG<br \/>\nColina min. 1,700 MG\/KG<br \/>\nBiotina min. 1 MG\/KG<br \/>\nVit.C. min. 256 MG\/KG<br \/>\nOmega-3 min. 8,000 MG\/KG.<\/p>\n<p>Medidas:<br \/>\nAlto: 7 cm. altura x 4.2 cm. di\u00e1metro<\/p>\n<p>Peso\/Capacidad:<br \/>\n<strong>12 g. 0.42 oz<\/strong><\/p>\n","protected":false},"excerpt":{"rendered":"<p>Dieta equilibrada nutricionalmente para goldfish. -F\u00f3rmula patentada ProCare que favorece el buen funcionamiento del sistema inmunol\u00f3gico para una salud \u00f3ptima y larga vida de los peces. -Mezcla cient\u00edficamente desarrollada de ingredientes altamente nutritivos, con vitaminas, minerales y oligoelementos. -Promueve una coloraci\u00f3n brillante en los peces. -Los alimentos TetraFin han sido espec\u00edficamente dise\u00f1ados para ser f\u00e1cilmente digeridos por los peces.<\/p>\n","protected":false},"featured_media":1250,"template":"","meta":[],"product_brand":[],"product_cat":[40,43],"product_tag":[153,148,150,149],"class_list":{"0":"post-1248","1":"product","2":"type-product","3":"status-publish","4":"has-post-thumbnail","6":"product_cat-peces","7":"product_cat-alimentos","8":"product_tag-gold-fish","9":"product_tag-alimento-peces-tropicales","10":"product_tag-alimento-premium","11":"product_tag-alimento-tetra","13":"first","14":"instock","15":"sale","16":"shipping-taxable","17":"purchasable","18":"product-type-simple"},"yoast_head":"<!-- This site is optimized with the Yoast SEO plugin v27.4 - https:\/\/yoast.com\/product\/yoast-seo-wordpress\/ -->\n<title>TETRAFIN GOLDFISH FLAKES 12 GR | Acuario Supremus<\/title>\n<meta name=\"description\" content=\"Dieta equilibrada nutricionalmente para goldfish, Promueve una coloraci\u00f3n brillante en los peces, F\u00f3rmula patentada ProCare.\" \/>\n<meta name=\"robots\" content=\"index, follow, max-snippet:-1, max-image-preview:large, max-video-preview:-1\" \/>\n<link rel=\"canonical\" href=\"https:\/\/acuariosupremus.com\/?product=tetrafin-goldfish-flakes-12-gr-1-0-oz\" \/>\n<meta property=\"og:locale\" content=\"es_MX\" \/>\n<meta property=\"og:type\" content=\"article\" \/>\n<meta property=\"og:title\" content=\"TETRAFIN GOLDFISH FLAKES 12 GR | Acuario Supremus\" \/>\n<meta property=\"og:description\" content=\"Dieta equilibrada nutricionalmente para goldfish, Promueve una coloraci\u00f3n brillante en los peces, F\u00f3rmula patentada ProCare.\" \/>\n<meta property=\"og:url\" content=\"https:\/\/acuariosupremus.com\/?product=tetrafin-goldfish-flakes-12-gr-1-0-oz\" \/>\n<meta property=\"og:site_name\" content=\"Acuario Supremus\" \/>\n<meta property=\"article:publisher\" content=\"https:\/\/www.facebook.com\/AcuarioSupremus\" \/>\n<meta property=\"article:modified_time\" content=\"2025-12-12T01:20:43+00:00\" \/>\n<meta property=\"og:image\" content=\"https:\/\/acuariosupremus.com\/wp-content\/uploads\/2022\/01\/TE77025.jpg\" \/>\n\t<meta property=\"og:image:width\" content=\"333\" \/>\n\t<meta property=\"og:image:height\" content=\"520\" \/>\n\t<meta property=\"og:image:type\" content=\"image\/jpeg\" \/>\n<meta name=\"twitter:card\" content=\"summary_large_image\" \/>\n<meta name=\"twitter:site\" content=\"@AcuarioSupremus\" \/>\n<meta name=\"twitter:label1\" content=\"Tiempo de lectura\" \/>\n\t<meta name=\"twitter:data1\" content=\"1 minuto\" \/>\n<script type=\"application\/ld+json\" class=\"yoast-schema-graph\">{\"@context\":\"https:\\\/\\\/schema.org\",\"@graph\":[{\"@type\":\"WebPage\",\"@id\":\"https:\\\/\\\/acuariosupremus.com\\\/?product=tetrafin-goldfish-flakes-12-gr-1-0-oz\",\"url\":\"https:\\\/\\\/acuariosupremus.com\\\/?product=tetrafin-goldfish-flakes-12-gr-1-0-oz\",\"name\":\"TETRAFIN GOLDFISH FLAKES 12 GR | Acuario Supremus\",\"isPartOf\":{\"@id\":\"https:\\\/\\\/acuariosupremus.com\\\/#website\"},\"primaryImageOfPage\":{\"@id\":\"https:\\\/\\\/acuariosupremus.com\\\/?product=tetrafin-goldfish-flakes-12-gr-1-0-oz#primaryimage\"},\"image\":{\"@id\":\"https:\\\/\\\/acuariosupremus.com\\\/?product=tetrafin-goldfish-flakes-12-gr-1-0-oz#primaryimage\"},\"thumbnailUrl\":\"https:\\\/\\\/acuariosupremus.com\\\/wp-content\\\/uploads\\\/2022\\\/01\\\/TE77025.jpg\",\"datePublished\":\"2022-01-29T20:25:36+00:00\",\"dateModified\":\"2025-12-12T01:20:43+00:00\",\"description\":\"Dieta equilibrada nutricionalmente para goldfish, Promueve una coloraci\u00f3n brillante en los peces, F\u00f3rmula patentada ProCare.\",\"breadcrumb\":{\"@id\":\"https:\\\/\\\/acuariosupremus.com\\\/?product=tetrafin-goldfish-flakes-12-gr-1-0-oz#breadcrumb\"},\"inLanguage\":\"es\",\"potentialAction\":[{\"@type\":\"ReadAction\",\"target\":[\"https:\\\/\\\/acuariosupremus.com\\\/?product=tetrafin-goldfish-flakes-12-gr-1-0-oz\"]}]},{\"@type\":\"ImageObject\",\"inLanguage\":\"es\",\"@id\":\"https:\\\/\\\/acuariosupremus.com\\\/?product=tetrafin-goldfish-flakes-12-gr-1-0-oz#primaryimage\",\"url\":\"https:\\\/\\\/acuariosupremus.com\\\/wp-content\\\/uploads\\\/2022\\\/01\\\/TE77025.jpg\",\"contentUrl\":\"https:\\\/\\\/acuariosupremus.com\\\/wp-content\\\/uploads\\\/2022\\\/01\\\/TE77025.jpg\",\"width\":333,\"height\":520},{\"@type\":\"BreadcrumbList\",\"@id\":\"https:\\\/\\\/acuariosupremus.com\\\/?product=tetrafin-goldfish-flakes-12-gr-1-0-oz#breadcrumb\",\"itemListElement\":[{\"@type\":\"ListItem\",\"position\":1,\"name\":\"Portada\",\"item\":\"https:\\\/\\\/acuariosupremus.com\\\/\"},{\"@type\":\"ListItem\",\"position\":2,\"name\":\"Tienda\",\"item\":\"https:\\\/\\\/acuariosupremus.com\\\/tienda\\\/\"},{\"@type\":\"ListItem\",\"position\":3,\"name\":\"TETRAFIN GOLDFISH FLAKES 12 GR\"}]},{\"@type\":\"WebSite\",\"@id\":\"https:\\\/\\\/acuariosupremus.com\\\/#website\",\"url\":\"https:\\\/\\\/acuariosupremus.com\\\/\",\"name\":\"Acuario Supremus\",\"description\":\"Peces, Peceras y Mascotas.\",\"publisher\":{\"@id\":\"https:\\\/\\\/acuariosupremus.com\\\/#organization\"},\"potentialAction\":[{\"@type\":\"SearchAction\",\"target\":{\"@type\":\"EntryPoint\",\"urlTemplate\":\"https:\\\/\\\/acuariosupremus.com\\\/?s={search_term_string}\"},\"query-input\":{\"@type\":\"PropertyValueSpecification\",\"valueRequired\":true,\"valueName\":\"search_term_string\"}}],\"inLanguage\":\"es\"},{\"@type\":\"Organization\",\"@id\":\"https:\\\/\\\/acuariosupremus.com\\\/#organization\",\"name\":\"Acuario Supremus\",\"url\":\"https:\\\/\\\/acuariosupremus.com\\\/\",\"logo\":{\"@type\":\"ImageObject\",\"inLanguage\":\"es\",\"@id\":\"https:\\\/\\\/acuariosupremus.com\\\/#\\\/schema\\\/logo\\\/image\\\/\",\"url\":\"https:\\\/\\\/acuariosupremus.com\\\/wp-content\\\/uploads\\\/2021\\\/12\\\/cropped-logo_acuario_supremus_fn-2.png\",\"contentUrl\":\"https:\\\/\\\/acuariosupremus.com\\\/wp-content\\\/uploads\\\/2021\\\/12\\\/cropped-logo_acuario_supremus_fn-2.png\",\"width\":1000,\"height\":318,\"caption\":\"Acuario Supremus\"},\"image\":{\"@id\":\"https:\\\/\\\/acuariosupremus.com\\\/#\\\/schema\\\/logo\\\/image\\\/\"},\"sameAs\":[\"https:\\\/\\\/www.facebook.com\\\/AcuarioSupremus\",\"https:\\\/\\\/x.com\\\/AcuarioSupremus\",\"https:\\\/\\\/www.instagram.com\\\/acuariosupremus\\\/?hl=es\"]}]}<\/script>\n<!-- \/ Yoast SEO plugin. -->","yoast_head_json":{"title":"TETRAFIN GOLDFISH FLAKES 12 GR | Acuario Supremus","description":"Dieta equilibrada nutricionalmente para goldfish, Promueve una coloraci\u00f3n brillante en los peces, F\u00f3rmula patentada ProCare.","robots":{"index":"index","follow":"follow","max-snippet":"max-snippet:-1","max-image-preview":"max-image-preview:large","max-video-preview":"max-video-preview:-1"},"canonical":"https:\/\/acuariosupremus.com\/?product=tetrafin-goldfish-flakes-12-gr-1-0-oz","og_locale":"es_MX","og_type":"article","og_title":"TETRAFIN GOLDFISH FLAKES 12 GR | Acuario Supremus","og_description":"Dieta equilibrada nutricionalmente para goldfish, Promueve una coloraci\u00f3n brillante en los peces, F\u00f3rmula patentada ProCare.","og_url":"https:\/\/acuariosupremus.com\/?product=tetrafin-goldfish-flakes-12-gr-1-0-oz","og_site_name":"Acuario Supremus","article_publisher":"https:\/\/www.facebook.com\/AcuarioSupremus","article_modified_time":"2025-12-12T01:20:43+00:00","og_image":[{"width":333,"height":520,"url":"https:\/\/acuariosupremus.com\/wp-content\/uploads\/2022\/01\/TE77025.jpg","type":"image\/jpeg"}],"twitter_card":"summary_large_image","twitter_site":"@AcuarioSupremus","twitter_misc":{"Tiempo de lectura":"1 minuto"},"schema":{"@context":"https:\/\/schema.org","@graph":[{"@type":"WebPage","@id":"https:\/\/acuariosupremus.com\/?product=tetrafin-goldfish-flakes-12-gr-1-0-oz","url":"https:\/\/acuariosupremus.com\/?product=tetrafin-goldfish-flakes-12-gr-1-0-oz","name":"TETRAFIN GOLDFISH FLAKES 12 GR | Acuario Supremus","isPartOf":{"@id":"https:\/\/acuariosupremus.com\/#website"},"primaryImageOfPage":{"@id":"https:\/\/acuariosupremus.com\/?product=tetrafin-goldfish-flakes-12-gr-1-0-oz#primaryimage"},"image":{"@id":"https:\/\/acuariosupremus.com\/?product=tetrafin-goldfish-flakes-12-gr-1-0-oz#primaryimage"},"thumbnailUrl":"https:\/\/acuariosupremus.com\/wp-content\/uploads\/2022\/01\/TE77025.jpg","datePublished":"2022-01-29T20:25:36+00:00","dateModified":"2025-12-12T01:20:43+00:00","description":"Dieta equilibrada nutricionalmente para goldfish, Promueve una coloraci\u00f3n brillante en los peces, F\u00f3rmula patentada ProCare.","breadcrumb":{"@id":"https:\/\/acuariosupremus.com\/?product=tetrafin-goldfish-flakes-12-gr-1-0-oz#breadcrumb"},"inLanguage":"es","potentialAction":[{"@type":"ReadAction","target":["https:\/\/acuariosupremus.com\/?product=tetrafin-goldfish-flakes-12-gr-1-0-oz"]}]},{"@type":"ImageObject","inLanguage":"es","@id":"https:\/\/acuariosupremus.com\/?product=tetrafin-goldfish-flakes-12-gr-1-0-oz#primaryimage","url":"https:\/\/acuariosupremus.com\/wp-content\/uploads\/2022\/01\/TE77025.jpg","contentUrl":"https:\/\/acuariosupremus.com\/wp-content\/uploads\/2022\/01\/TE77025.jpg","width":333,"height":520},{"@type":"BreadcrumbList","@id":"https:\/\/acuariosupremus.com\/?product=tetrafin-goldfish-flakes-12-gr-1-0-oz#breadcrumb","itemListElement":[{"@type":"ListItem","position":1,"name":"Portada","item":"https:\/\/acuariosupremus.com\/"},{"@type":"ListItem","position":2,"name":"Tienda","item":"https:\/\/acuariosupremus.com\/tienda\/"},{"@type":"ListItem","position":3,"name":"TETRAFIN GOLDFISH FLAKES 12 GR"}]},{"@type":"WebSite","@id":"https:\/\/acuariosupremus.com\/#website","url":"https:\/\/acuariosupremus.com\/","name":"Acuario Supremus","description":"Peces, Peceras y Mascotas.","publisher":{"@id":"https:\/\/acuariosupremus.com\/#organization"},"potentialAction":[{"@type":"SearchAction","target":{"@type":"EntryPoint","urlTemplate":"https:\/\/acuariosupremus.com\/?s={search_term_string}"},"query-input":{"@type":"PropertyValueSpecification","valueRequired":true,"valueName":"search_term_string"}}],"inLanguage":"es"},{"@type":"Organization","@id":"https:\/\/acuariosupremus.com\/#organization","name":"Acuario Supremus","url":"https:\/\/acuariosupremus.com\/","logo":{"@type":"ImageObject","inLanguage":"es","@id":"https:\/\/acuariosupremus.com\/#\/schema\/logo\/image\/","url":"https:\/\/acuariosupremus.com\/wp-content\/uploads\/2021\/12\/cropped-logo_acuario_supremus_fn-2.png","contentUrl":"https:\/\/acuariosupremus.com\/wp-content\/uploads\/2021\/12\/cropped-logo_acuario_supremus_fn-2.png","width":1000,"height":318,"caption":"Acuario Supremus"},"image":{"@id":"https:\/\/acuariosupremus.com\/#\/schema\/logo\/image\/"},"sameAs":["https:\/\/www.facebook.com\/AcuarioSupremus","https:\/\/x.com\/AcuarioSupremus","https:\/\/www.instagram.com\/acuariosupremus\/?hl=es"]}]}},"jetpack_sharing_enabled":true,"_links":{"self":[{"href":"https:\/\/acuariosupremus.com\/index.php?rest_route=\/wp\/v2\/product\/1248","targetHints":{"allow":["GET"]}}],"collection":[{"href":"https:\/\/acuariosupremus.com\/index.php?rest_route=\/wp\/v2\/product"}],"about":[{"href":"https:\/\/acuariosupremus.com\/index.php?rest_route=\/wp\/v2\/types\/product"}],"wp:featuredmedia":[{"embeddable":true,"href":"https:\/\/acuariosupremus.com\/index.php?rest_route=\/wp\/v2\/media\/1250"}],"wp:attachment":[{"href":"https:\/\/acuariosupremus.com\/index.php?rest_route=%2Fwp%2Fv2%2Fmedia&parent=1248"}],"wp:term":[{"taxonomy":"product_brand","embeddable":true,"href":"https:\/\/acuariosupremus.com\/index.php?rest_route=%2Fwp%2Fv2%2Fproduct_brand&post=1248"},{"taxonomy":"product_cat","embeddable":true,"href":"https:\/\/acuariosupremus.com\/index.php?rest_route=%2Fwp%2Fv2%2Fproduct_cat&post=1248"},{"taxonomy":"product_tag","embeddable":true,"href":"https:\/\/acuariosupremus.com\/index.php?rest_route=%2Fwp%2Fv2%2Fproduct_tag&post=1248"}],"curies":[{"name":"wp","href":"https:\/\/api.w.org\/{rel}","templated":true}]}}