{"id":1254,"date":"2022-01-29T14:38:56","date_gmt":"2022-01-29T20:38:56","guid":{"rendered":"https:\/\/acuariosupremus.com\/?post_type=product&#038;p=1254"},"modified":"2025-12-11T19:30:44","modified_gmt":"2025-12-12T01:30:44","slug":"tetrafin-goldfish-pellets-53-gr-1-87-oz","status":"publish","type":"product","link":"https:\/\/acuariosupremus.com\/?product=tetrafin-goldfish-pellets-53-gr-1-87-oz","title":{"rendered":"TETRAFIN GOLDFISH PELLETS 53 GR"},"content":{"rendered":"<p>Ingredientes:<br \/>\nHarina de germen de trigo, harina de ma\u00edz, harina de avena, harina de soya descascarillada, gluten de trigo, harina de<br \/>\npescado, harina de trigo, almid\u00f3n de trigo, levadura seca, prote\u00edna de papa, harina de alga, harina de alfalfa deshidratada,<br \/>\nalmid\u00f3n de ma\u00edz, harina de camar\u00f3n, fosfato de calcio monob\u00e1sico, aceite de soya, gluten de ma\u00edz, lecitina, aceite de pescado, extracto de levadura, \u00e1cido asc\u00f3rbico (fuente de vit. C) inositol, L-ascorbil-2-polifosfato (fuente de vit. C), niacina,<br \/>\nA-tocoferol-acetato (fuente de vit. E), riboflavina-5-fosfato (fuente de vit. B2), D-pantotenato de calcio, mononitrato de tiamina (fuente de. vit B1), cloruro de piridoxina (fuente de vit. B6), palmitato de vitamina A (fuente de vit. A), complejo bisulfito s\u00f3dico de menadiona (fuente de vit. K), biotina, \u00e1cido f\u00f3lico, cianocobalamina (fuente de vit. B12), colecalciferol (fuente de vit. D3), sulfato de manganeso monohidratado, sulfato de zinc monohidratado, sulfato de hierro monohidratado , nitrato de cobalto hexahidratado. Colorantes incluidos: Betacarotenos, extracto de achiote, cantaxantina, \u00f3xido de hierro rojo. Etoxiquina y \u00e1cido c\u00edtrico como conservadores.<\/p>\n<p>An\u00e1lisis garantizado:<br \/>\nProte\u00edna cruda min. 34.0%<br \/>\nGrasa cruda min. 6.0%<br \/>\nFibra cruda max. 2.0%<br \/>\nHumedad max. 8.0%<br \/>\nFosforo min. 0.2%<br \/>\nVit.C. min. 398 MG\/KG<\/p>\n<p>Medidas:<br \/>\n8.8 cm. altura x 5.5 cm. di\u00e1metro<\/p>\n<p>Peso\/Capacidad:<br \/>\n<strong>53 gramos. 1.87 oz.<\/strong><\/p>\n","protected":false},"excerpt":{"rendered":"<p>Alimento nutricionalmente balanceado, en forma de pellets flotantes para goldfish.<br \/>\nColorida mezcla de gr\u00e1nulos que ofrece la variedad nutritiva a los peces.<br \/>\nF\u00f3rmula patentada que favorece el buen funcionamiento del sistema inmunol\u00f3gico para una salud \u00f3ptima y larga vida.<br \/>\nDieta cient\u00edficamente desarrollada, altamente nutritiva y suplementada con vitaminas y minerales.<br \/>\nAyuda a mantener los colores brillantes de forma natural.<\/p>\n","protected":false},"featured_media":1255,"template":"","meta":[],"product_brand":[116],"product_cat":[40,43],"product_tag":[153,148,150,149],"class_list":{"0":"post-1254","1":"product","2":"type-product","3":"status-publish","4":"has-post-thumbnail","6":"product_brand-tetra","7":"product_cat-peces","8":"product_cat-alimentos","9":"product_tag-gold-fish","10":"product_tag-alimento-peces-tropicales","11":"product_tag-alimento-premium","12":"product_tag-alimento-tetra","14":"first","15":"instock","16":"sale","17":"shipping-taxable","18":"purchasable","19":"product-type-simple"},"yoast_head":"<!-- This site is optimized with the Yoast SEO plugin v27.4 - https:\/\/yoast.com\/product\/yoast-seo-wordpress\/ -->\n<title>TETRAFIN GOLDFISH PELLETS 53 GR | Acuario Supremus<\/title>\n<meta name=\"description\" content=\"Alimento nutricionalmente balanceado, en pellets flotantes para goldfish, mezcla de gr\u00e1nulos que ofrece variedad nutritiva a los peces.\" \/>\n<meta name=\"robots\" content=\"index, follow, max-snippet:-1, max-image-preview:large, max-video-preview:-1\" \/>\n<link rel=\"canonical\" href=\"https:\/\/acuariosupremus.com\/?product=tetrafin-goldfish-pellets-53-gr-1-87-oz\" \/>\n<meta property=\"og:locale\" content=\"es_MX\" \/>\n<meta property=\"og:type\" content=\"article\" \/>\n<meta property=\"og:title\" content=\"TETRAFIN GOLDFISH PELLETS 53 GR | Acuario Supremus\" \/>\n<meta property=\"og:description\" content=\"Alimento nutricionalmente balanceado, en pellets flotantes para goldfish, mezcla de gr\u00e1nulos que ofrece variedad nutritiva a los peces.\" \/>\n<meta property=\"og:url\" content=\"https:\/\/acuariosupremus.com\/?product=tetrafin-goldfish-pellets-53-gr-1-87-oz\" \/>\n<meta property=\"og:site_name\" content=\"Acuario Supremus\" \/>\n<meta property=\"article:publisher\" content=\"https:\/\/www.facebook.com\/AcuarioSupremus\" \/>\n<meta property=\"article:modified_time\" content=\"2025-12-12T01:30:44+00:00\" \/>\n<meta property=\"og:image\" content=\"https:\/\/acuariosupremus.com\/wp-content\/uploads\/2022\/01\/TE77035.jpg\" \/>\n\t<meta property=\"og:image:width\" content=\"1000\" \/>\n\t<meta property=\"og:image:height\" content=\"1000\" \/>\n\t<meta property=\"og:image:type\" content=\"image\/jpeg\" \/>\n<meta name=\"twitter:card\" content=\"summary_large_image\" \/>\n<meta name=\"twitter:site\" content=\"@AcuarioSupremus\" \/>\n<meta name=\"twitter:label1\" content=\"Tiempo de lectura\" \/>\n\t<meta name=\"twitter:data1\" content=\"1 minuto\" \/>\n<script type=\"application\/ld+json\" class=\"yoast-schema-graph\">{\"@context\":\"https:\\\/\\\/schema.org\",\"@graph\":[{\"@type\":\"WebPage\",\"@id\":\"https:\\\/\\\/acuariosupremus.com\\\/?product=tetrafin-goldfish-pellets-53-gr-1-87-oz\",\"url\":\"https:\\\/\\\/acuariosupremus.com\\\/?product=tetrafin-goldfish-pellets-53-gr-1-87-oz\",\"name\":\"TETRAFIN GOLDFISH PELLETS 53 GR | Acuario Supremus\",\"isPartOf\":{\"@id\":\"https:\\\/\\\/acuariosupremus.com\\\/#website\"},\"primaryImageOfPage\":{\"@id\":\"https:\\\/\\\/acuariosupremus.com\\\/?product=tetrafin-goldfish-pellets-53-gr-1-87-oz#primaryimage\"},\"image\":{\"@id\":\"https:\\\/\\\/acuariosupremus.com\\\/?product=tetrafin-goldfish-pellets-53-gr-1-87-oz#primaryimage\"},\"thumbnailUrl\":\"https:\\\/\\\/acuariosupremus.com\\\/wp-content\\\/uploads\\\/2022\\\/01\\\/TE77035.jpg\",\"datePublished\":\"2022-01-29T20:38:56+00:00\",\"dateModified\":\"2025-12-12T01:30:44+00:00\",\"description\":\"Alimento nutricionalmente balanceado, en pellets flotantes para goldfish, mezcla de gr\u00e1nulos que ofrece variedad nutritiva a los peces.\",\"breadcrumb\":{\"@id\":\"https:\\\/\\\/acuariosupremus.com\\\/?product=tetrafin-goldfish-pellets-53-gr-1-87-oz#breadcrumb\"},\"inLanguage\":\"es\",\"potentialAction\":[{\"@type\":\"ReadAction\",\"target\":[\"https:\\\/\\\/acuariosupremus.com\\\/?product=tetrafin-goldfish-pellets-53-gr-1-87-oz\"]}]},{\"@type\":\"ImageObject\",\"inLanguage\":\"es\",\"@id\":\"https:\\\/\\\/acuariosupremus.com\\\/?product=tetrafin-goldfish-pellets-53-gr-1-87-oz#primaryimage\",\"url\":\"https:\\\/\\\/acuariosupremus.com\\\/wp-content\\\/uploads\\\/2022\\\/01\\\/TE77035.jpg\",\"contentUrl\":\"https:\\\/\\\/acuariosupremus.com\\\/wp-content\\\/uploads\\\/2022\\\/01\\\/TE77035.jpg\",\"width\":1000,\"height\":1000},{\"@type\":\"BreadcrumbList\",\"@id\":\"https:\\\/\\\/acuariosupremus.com\\\/?product=tetrafin-goldfish-pellets-53-gr-1-87-oz#breadcrumb\",\"itemListElement\":[{\"@type\":\"ListItem\",\"position\":1,\"name\":\"Portada\",\"item\":\"https:\\\/\\\/acuariosupremus.com\\\/\"},{\"@type\":\"ListItem\",\"position\":2,\"name\":\"Tienda\",\"item\":\"https:\\\/\\\/acuariosupremus.com\\\/tienda\\\/\"},{\"@type\":\"ListItem\",\"position\":3,\"name\":\"TETRAFIN GOLDFISH PELLETS 53 GR\"}]},{\"@type\":\"WebSite\",\"@id\":\"https:\\\/\\\/acuariosupremus.com\\\/#website\",\"url\":\"https:\\\/\\\/acuariosupremus.com\\\/\",\"name\":\"Acuario Supremus\",\"description\":\"Peces, Peceras y Mascotas.\",\"publisher\":{\"@id\":\"https:\\\/\\\/acuariosupremus.com\\\/#organization\"},\"potentialAction\":[{\"@type\":\"SearchAction\",\"target\":{\"@type\":\"EntryPoint\",\"urlTemplate\":\"https:\\\/\\\/acuariosupremus.com\\\/?s={search_term_string}\"},\"query-input\":{\"@type\":\"PropertyValueSpecification\",\"valueRequired\":true,\"valueName\":\"search_term_string\"}}],\"inLanguage\":\"es\"},{\"@type\":\"Organization\",\"@id\":\"https:\\\/\\\/acuariosupremus.com\\\/#organization\",\"name\":\"Acuario Supremus\",\"url\":\"https:\\\/\\\/acuariosupremus.com\\\/\",\"logo\":{\"@type\":\"ImageObject\",\"inLanguage\":\"es\",\"@id\":\"https:\\\/\\\/acuariosupremus.com\\\/#\\\/schema\\\/logo\\\/image\\\/\",\"url\":\"https:\\\/\\\/acuariosupremus.com\\\/wp-content\\\/uploads\\\/2021\\\/12\\\/cropped-logo_acuario_supremus_fn-2.png\",\"contentUrl\":\"https:\\\/\\\/acuariosupremus.com\\\/wp-content\\\/uploads\\\/2021\\\/12\\\/cropped-logo_acuario_supremus_fn-2.png\",\"width\":1000,\"height\":318,\"caption\":\"Acuario Supremus\"},\"image\":{\"@id\":\"https:\\\/\\\/acuariosupremus.com\\\/#\\\/schema\\\/logo\\\/image\\\/\"},\"sameAs\":[\"https:\\\/\\\/www.facebook.com\\\/AcuarioSupremus\",\"https:\\\/\\\/x.com\\\/AcuarioSupremus\",\"https:\\\/\\\/www.instagram.com\\\/acuariosupremus\\\/?hl=es\"]}]}<\/script>\n<!-- \/ Yoast SEO plugin. -->","yoast_head_json":{"title":"TETRAFIN GOLDFISH PELLETS 53 GR | Acuario Supremus","description":"Alimento nutricionalmente balanceado, en pellets flotantes para goldfish, mezcla de gr\u00e1nulos que ofrece variedad nutritiva a los peces.","robots":{"index":"index","follow":"follow","max-snippet":"max-snippet:-1","max-image-preview":"max-image-preview:large","max-video-preview":"max-video-preview:-1"},"canonical":"https:\/\/acuariosupremus.com\/?product=tetrafin-goldfish-pellets-53-gr-1-87-oz","og_locale":"es_MX","og_type":"article","og_title":"TETRAFIN GOLDFISH PELLETS 53 GR | Acuario Supremus","og_description":"Alimento nutricionalmente balanceado, en pellets flotantes para goldfish, mezcla de gr\u00e1nulos que ofrece variedad nutritiva a los peces.","og_url":"https:\/\/acuariosupremus.com\/?product=tetrafin-goldfish-pellets-53-gr-1-87-oz","og_site_name":"Acuario Supremus","article_publisher":"https:\/\/www.facebook.com\/AcuarioSupremus","article_modified_time":"2025-12-12T01:30:44+00:00","og_image":[{"width":1000,"height":1000,"url":"https:\/\/acuariosupremus.com\/wp-content\/uploads\/2022\/01\/TE77035.jpg","type":"image\/jpeg"}],"twitter_card":"summary_large_image","twitter_site":"@AcuarioSupremus","twitter_misc":{"Tiempo de lectura":"1 minuto"},"schema":{"@context":"https:\/\/schema.org","@graph":[{"@type":"WebPage","@id":"https:\/\/acuariosupremus.com\/?product=tetrafin-goldfish-pellets-53-gr-1-87-oz","url":"https:\/\/acuariosupremus.com\/?product=tetrafin-goldfish-pellets-53-gr-1-87-oz","name":"TETRAFIN GOLDFISH PELLETS 53 GR | Acuario Supremus","isPartOf":{"@id":"https:\/\/acuariosupremus.com\/#website"},"primaryImageOfPage":{"@id":"https:\/\/acuariosupremus.com\/?product=tetrafin-goldfish-pellets-53-gr-1-87-oz#primaryimage"},"image":{"@id":"https:\/\/acuariosupremus.com\/?product=tetrafin-goldfish-pellets-53-gr-1-87-oz#primaryimage"},"thumbnailUrl":"https:\/\/acuariosupremus.com\/wp-content\/uploads\/2022\/01\/TE77035.jpg","datePublished":"2022-01-29T20:38:56+00:00","dateModified":"2025-12-12T01:30:44+00:00","description":"Alimento nutricionalmente balanceado, en pellets flotantes para goldfish, mezcla de gr\u00e1nulos que ofrece variedad nutritiva a los peces.","breadcrumb":{"@id":"https:\/\/acuariosupremus.com\/?product=tetrafin-goldfish-pellets-53-gr-1-87-oz#breadcrumb"},"inLanguage":"es","potentialAction":[{"@type":"ReadAction","target":["https:\/\/acuariosupremus.com\/?product=tetrafin-goldfish-pellets-53-gr-1-87-oz"]}]},{"@type":"ImageObject","inLanguage":"es","@id":"https:\/\/acuariosupremus.com\/?product=tetrafin-goldfish-pellets-53-gr-1-87-oz#primaryimage","url":"https:\/\/acuariosupremus.com\/wp-content\/uploads\/2022\/01\/TE77035.jpg","contentUrl":"https:\/\/acuariosupremus.com\/wp-content\/uploads\/2022\/01\/TE77035.jpg","width":1000,"height":1000},{"@type":"BreadcrumbList","@id":"https:\/\/acuariosupremus.com\/?product=tetrafin-goldfish-pellets-53-gr-1-87-oz#breadcrumb","itemListElement":[{"@type":"ListItem","position":1,"name":"Portada","item":"https:\/\/acuariosupremus.com\/"},{"@type":"ListItem","position":2,"name":"Tienda","item":"https:\/\/acuariosupremus.com\/tienda\/"},{"@type":"ListItem","position":3,"name":"TETRAFIN GOLDFISH PELLETS 53 GR"}]},{"@type":"WebSite","@id":"https:\/\/acuariosupremus.com\/#website","url":"https:\/\/acuariosupremus.com\/","name":"Acuario Supremus","description":"Peces, Peceras y Mascotas.","publisher":{"@id":"https:\/\/acuariosupremus.com\/#organization"},"potentialAction":[{"@type":"SearchAction","target":{"@type":"EntryPoint","urlTemplate":"https:\/\/acuariosupremus.com\/?s={search_term_string}"},"query-input":{"@type":"PropertyValueSpecification","valueRequired":true,"valueName":"search_term_string"}}],"inLanguage":"es"},{"@type":"Organization","@id":"https:\/\/acuariosupremus.com\/#organization","name":"Acuario Supremus","url":"https:\/\/acuariosupremus.com\/","logo":{"@type":"ImageObject","inLanguage":"es","@id":"https:\/\/acuariosupremus.com\/#\/schema\/logo\/image\/","url":"https:\/\/acuariosupremus.com\/wp-content\/uploads\/2021\/12\/cropped-logo_acuario_supremus_fn-2.png","contentUrl":"https:\/\/acuariosupremus.com\/wp-content\/uploads\/2021\/12\/cropped-logo_acuario_supremus_fn-2.png","width":1000,"height":318,"caption":"Acuario Supremus"},"image":{"@id":"https:\/\/acuariosupremus.com\/#\/schema\/logo\/image\/"},"sameAs":["https:\/\/www.facebook.com\/AcuarioSupremus","https:\/\/x.com\/AcuarioSupremus","https:\/\/www.instagram.com\/acuariosupremus\/?hl=es"]}]}},"jetpack_sharing_enabled":true,"_links":{"self":[{"href":"https:\/\/acuariosupremus.com\/index.php?rest_route=\/wp\/v2\/product\/1254","targetHints":{"allow":["GET"]}}],"collection":[{"href":"https:\/\/acuariosupremus.com\/index.php?rest_route=\/wp\/v2\/product"}],"about":[{"href":"https:\/\/acuariosupremus.com\/index.php?rest_route=\/wp\/v2\/types\/product"}],"wp:featuredmedia":[{"embeddable":true,"href":"https:\/\/acuariosupremus.com\/index.php?rest_route=\/wp\/v2\/media\/1255"}],"wp:attachment":[{"href":"https:\/\/acuariosupremus.com\/index.php?rest_route=%2Fwp%2Fv2%2Fmedia&parent=1254"}],"wp:term":[{"taxonomy":"product_brand","embeddable":true,"href":"https:\/\/acuariosupremus.com\/index.php?rest_route=%2Fwp%2Fv2%2Fproduct_brand&post=1254"},{"taxonomy":"product_cat","embeddable":true,"href":"https:\/\/acuariosupremus.com\/index.php?rest_route=%2Fwp%2Fv2%2Fproduct_cat&post=1254"},{"taxonomy":"product_tag","embeddable":true,"href":"https:\/\/acuariosupremus.com\/index.php?rest_route=%2Fwp%2Fv2%2Fproduct_tag&post=1254"}],"curies":[{"name":"wp","href":"https:\/\/api.w.org\/{rel}","templated":true}]}}