{"id":12638,"date":"2024-07-02T19:27:30","date_gmt":"2024-07-03T01:27:30","guid":{"rendered":"https:\/\/acuariosupremus.com\/?post_type=product&#038;p=12638"},"modified":"2026-01-22T18:26:18","modified_gmt":"2026-01-23T00:26:18","slug":"rodillo-removedor-p-pelo-de-mascota","status":"publish","type":"product","link":"https:\/\/acuariosupremus.com\/?product=rodillo-removedor-p-pelo-de-mascota","title":{"rendered":"RODILLO REMOVEDOR P\/PELO DE MASCOTA"},"content":{"rendered":"<div id=\"tab-label-product.info.beneficios\" class=\"data item title active\" tabindex=\"0\" role=\"tab\" aria-labeledby=\"tab-label-product.info.beneficios-title\" data-role=\"collapsible\" data-collapsible=\"true\" aria-controls=\"product.info.beneficios\" aria-selected=\"true\" aria-expanded=\"true\">BENEFICIOS:<\/div>\n<div id=\"product.info.beneficios\" class=\"data item content\" role=\"tabpanel\" data-role=\"content\" aria-labelledby=\"tab-label-product.info.beneficios\" aria-hidden=\"false\">\n<div class=\"product attribute beneficios\">\n<div class=\"value\">\u2022 Port\u00e1til, ligero y durable<\/div>\n<div class=\"value\">\u2022 Reutilizable, m\u00e1s amigable con el ambiente y eficiente: no requiere de papel adhesivo ni reemplazo.<\/div>\n<div class=\"value\">\u2022 No requiere bater\u00eda ni fuente de alimentaci\u00f3n. Uso manual.<\/div>\n<div class=\"value\">\u2022 Recoge todo tipo de pelusa y pelo.<\/div>\n<div>\n<div id=\"tab-label-additional\" class=\"data item title active\" tabindex=\"0\" role=\"tab\" aria-labeledby=\"tab-label-additional-title\" data-role=\"collapsible\" data-collapsible=\"true\" aria-controls=\"additional\" aria-selected=\"true\" aria-expanded=\"true\">CARACTER\u00cdSTICAS:\u00a0 Marca: Fancy Pets\u00a0 Especie: Perros y Gatos Medidas: <strong>19 cm x 19 cm x 7 cm.<\/strong><\/div>\n<div tabindex=\"0\" role=\"tab\" aria-labeledby=\"tab-label-additional-title\" data-role=\"collapsible\" data-collapsible=\"true\" aria-controls=\"additional\" aria-selected=\"true\" aria-expanded=\"true\">\n<div id=\"tab-label-product.info.ingredientes.modo.de.uso\" class=\"data item title active\" tabindex=\"0\" role=\"tab\" aria-labeledby=\"tab-label-product.info.ingredientes.modo.de.uso-title\" data-role=\"collapsible\" data-collapsible=\"true\" aria-controls=\"product.info.ingredientes.modo.de.uso\" aria-selected=\"true\" aria-expanded=\"true\">MODO DE USO \/ PRECAUCIONES Y ADVERTENCIAS:<\/div>\n<div id=\"product.info.ingredientes.modo.de.uso\" class=\"data item content\" role=\"tabpanel\" data-role=\"content\" aria-labelledby=\"tab-label-product.info.ingredientes.modo.de.uso\" aria-hidden=\"false\">\n<div class=\"product attribute modo_de_uso_precuaciones_y_adv\">\n<div class=\"value\">Desliza firmemente el rodillo en el \u00e1rea a tratar realizando movimientos cortos hacia adelante y hacia atr\u00e1s. Una vez finalizado, presiona el bot\u00f3n del mango para abrir el compartimiento trasero y remueve la suciedad acumulada.<\/div>\n<\/div>\n<\/div>\n<\/div>\n<\/div>\n<\/div>\n<\/div>\n","protected":false},"excerpt":{"rendered":"<p>Rodillo removedor de pelo de mascotas. Atrapa el pelo suelto de tu mascota, polvo y la pelusa de cualquier superficie textil como ropa, sillones, camas o asientos del coche. Dise\u00f1ado con mango ergon\u00f3mico facilita realizar esta tarea al igual que su funcionamiento en ambas direcciones, logrando m\u00e1s limpieza con menos esfuerzo. El rodillo cuenta con un compartimento que, con s\u00f3lo presionar el bot\u00f3n, retira pelusa o pelo.<\/p>\n","protected":false},"featured_media":12639,"template":"","meta":[],"product_brand":[106],"product_cat":[30,73,31,74],"product_tag":[386],"class_list":{"0":"post-12638","1":"product","2":"type-product","3":"status-publish","4":"has-post-thumbnail","6":"product_brand-fancypets","7":"product_cat-gatos","8":"product_cat-perros","9":"product_cat-belleza-e-higiene","10":"product_cat-belleza-e-higiene-perros","11":"product_tag-rodillo-quita-pelusa","13":"first","14":"instock","15":"sale","16":"shipping-taxable","17":"purchasable","18":"product-type-simple"},"yoast_head":"<!-- This site is optimized with the Yoast SEO plugin v27.4 - https:\/\/yoast.com\/product\/yoast-seo-wordpress\/ -->\n<title>RODILLO REMOVEDOR P\/PELO DE MASCOTA | Acuario Supremus<\/title>\n<meta name=\"description\" content=\"Rodillo removedor de pelo de mascotas. Atrapa pelo suelto de tu mascota, polvo, la pelusa de cualquier superficie como ropa, sillones, camas y asientos.\" \/>\n<meta name=\"robots\" content=\"index, follow, max-snippet:-1, max-image-preview:large, max-video-preview:-1\" \/>\n<link rel=\"canonical\" href=\"https:\/\/acuariosupremus.com\/?product=rodillo-removedor-p-pelo-de-mascota\" \/>\n<meta property=\"og:locale\" content=\"es_MX\" \/>\n<meta property=\"og:type\" content=\"article\" \/>\n<meta property=\"og:title\" content=\"RODILLO REMOVEDOR P\/PELO DE MASCOTA | Acuario Supremus\" \/>\n<meta property=\"og:description\" content=\"Rodillo removedor de pelo de mascotas. Atrapa pelo suelto de tu mascota, polvo, la pelusa de cualquier superficie como ropa, sillones, camas y asientos.\" \/>\n<meta property=\"og:url\" content=\"https:\/\/acuariosupremus.com\/?product=rodillo-removedor-p-pelo-de-mascota\" \/>\n<meta property=\"og:site_name\" content=\"Acuario Supremus\" \/>\n<meta property=\"article:publisher\" content=\"https:\/\/www.facebook.com\/AcuarioSupremus\" \/>\n<meta property=\"article:modified_time\" content=\"2026-01-23T00:26:18+00:00\" \/>\n<meta property=\"og:image\" content=\"https:\/\/acuariosupremus.com\/wp-content\/uploads\/2024\/07\/fl8340_3.png\" \/>\n\t<meta property=\"og:image:width\" content=\"600\" \/>\n\t<meta property=\"og:image:height\" content=\"600\" \/>\n\t<meta property=\"og:image:type\" content=\"image\/png\" \/>\n<meta name=\"twitter:card\" content=\"summary_large_image\" \/>\n<meta name=\"twitter:site\" content=\"@AcuarioSupremus\" \/>\n<meta name=\"twitter:label1\" content=\"Tiempo de lectura\" \/>\n\t<meta name=\"twitter:data1\" content=\"1 minuto\" \/>\n<script type=\"application\/ld+json\" class=\"yoast-schema-graph\">{\"@context\":\"https:\\\/\\\/schema.org\",\"@graph\":[{\"@type\":\"WebPage\",\"@id\":\"https:\\\/\\\/acuariosupremus.com\\\/?product=rodillo-removedor-p-pelo-de-mascota\",\"url\":\"https:\\\/\\\/acuariosupremus.com\\\/?product=rodillo-removedor-p-pelo-de-mascota\",\"name\":\"RODILLO REMOVEDOR P\\\/PELO DE MASCOTA | Acuario Supremus\",\"isPartOf\":{\"@id\":\"https:\\\/\\\/acuariosupremus.com\\\/#website\"},\"primaryImageOfPage\":{\"@id\":\"https:\\\/\\\/acuariosupremus.com\\\/?product=rodillo-removedor-p-pelo-de-mascota#primaryimage\"},\"image\":{\"@id\":\"https:\\\/\\\/acuariosupremus.com\\\/?product=rodillo-removedor-p-pelo-de-mascota#primaryimage\"},\"thumbnailUrl\":\"https:\\\/\\\/acuariosupremus.com\\\/wp-content\\\/uploads\\\/2024\\\/07\\\/fl8340_3.png\",\"datePublished\":\"2024-07-03T01:27:30+00:00\",\"dateModified\":\"2026-01-23T00:26:18+00:00\",\"description\":\"Rodillo removedor de pelo de mascotas. Atrapa pelo suelto de tu mascota, polvo, la pelusa de cualquier superficie como ropa, sillones, camas y asientos.\",\"breadcrumb\":{\"@id\":\"https:\\\/\\\/acuariosupremus.com\\\/?product=rodillo-removedor-p-pelo-de-mascota#breadcrumb\"},\"inLanguage\":\"es\",\"potentialAction\":[{\"@type\":\"ReadAction\",\"target\":[\"https:\\\/\\\/acuariosupremus.com\\\/?product=rodillo-removedor-p-pelo-de-mascota\"]}]},{\"@type\":\"ImageObject\",\"inLanguage\":\"es\",\"@id\":\"https:\\\/\\\/acuariosupremus.com\\\/?product=rodillo-removedor-p-pelo-de-mascota#primaryimage\",\"url\":\"https:\\\/\\\/acuariosupremus.com\\\/wp-content\\\/uploads\\\/2024\\\/07\\\/fl8340_3.png\",\"contentUrl\":\"https:\\\/\\\/acuariosupremus.com\\\/wp-content\\\/uploads\\\/2024\\\/07\\\/fl8340_3.png\",\"width\":600,\"height\":600},{\"@type\":\"BreadcrumbList\",\"@id\":\"https:\\\/\\\/acuariosupremus.com\\\/?product=rodillo-removedor-p-pelo-de-mascota#breadcrumb\",\"itemListElement\":[{\"@type\":\"ListItem\",\"position\":1,\"name\":\"Portada\",\"item\":\"https:\\\/\\\/acuariosupremus.com\\\/\"},{\"@type\":\"ListItem\",\"position\":2,\"name\":\"Tienda\",\"item\":\"https:\\\/\\\/acuariosupremus.com\\\/tienda\\\/\"},{\"@type\":\"ListItem\",\"position\":3,\"name\":\"RODILLO REMOVEDOR P\\\/PELO DE MASCOTA\"}]},{\"@type\":\"WebSite\",\"@id\":\"https:\\\/\\\/acuariosupremus.com\\\/#website\",\"url\":\"https:\\\/\\\/acuariosupremus.com\\\/\",\"name\":\"Acuario Supremus\",\"description\":\"Peces, Peceras y Mascotas.\",\"publisher\":{\"@id\":\"https:\\\/\\\/acuariosupremus.com\\\/#organization\"},\"potentialAction\":[{\"@type\":\"SearchAction\",\"target\":{\"@type\":\"EntryPoint\",\"urlTemplate\":\"https:\\\/\\\/acuariosupremus.com\\\/?s={search_term_string}\"},\"query-input\":{\"@type\":\"PropertyValueSpecification\",\"valueRequired\":true,\"valueName\":\"search_term_string\"}}],\"inLanguage\":\"es\"},{\"@type\":\"Organization\",\"@id\":\"https:\\\/\\\/acuariosupremus.com\\\/#organization\",\"name\":\"Acuario Supremus\",\"url\":\"https:\\\/\\\/acuariosupremus.com\\\/\",\"logo\":{\"@type\":\"ImageObject\",\"inLanguage\":\"es\",\"@id\":\"https:\\\/\\\/acuariosupremus.com\\\/#\\\/schema\\\/logo\\\/image\\\/\",\"url\":\"https:\\\/\\\/acuariosupremus.com\\\/wp-content\\\/uploads\\\/2021\\\/12\\\/cropped-logo_acuario_supremus_fn-2.png\",\"contentUrl\":\"https:\\\/\\\/acuariosupremus.com\\\/wp-content\\\/uploads\\\/2021\\\/12\\\/cropped-logo_acuario_supremus_fn-2.png\",\"width\":1000,\"height\":318,\"caption\":\"Acuario Supremus\"},\"image\":{\"@id\":\"https:\\\/\\\/acuariosupremus.com\\\/#\\\/schema\\\/logo\\\/image\\\/\"},\"sameAs\":[\"https:\\\/\\\/www.facebook.com\\\/AcuarioSupremus\",\"https:\\\/\\\/x.com\\\/AcuarioSupremus\",\"https:\\\/\\\/www.instagram.com\\\/acuariosupremus\\\/?hl=es\"]}]}<\/script>\n<!-- \/ Yoast SEO plugin. -->","yoast_head_json":{"title":"RODILLO REMOVEDOR P\/PELO DE MASCOTA | Acuario Supremus","description":"Rodillo removedor de pelo de mascotas. Atrapa pelo suelto de tu mascota, polvo, la pelusa de cualquier superficie como ropa, sillones, camas y asientos.","robots":{"index":"index","follow":"follow","max-snippet":"max-snippet:-1","max-image-preview":"max-image-preview:large","max-video-preview":"max-video-preview:-1"},"canonical":"https:\/\/acuariosupremus.com\/?product=rodillo-removedor-p-pelo-de-mascota","og_locale":"es_MX","og_type":"article","og_title":"RODILLO REMOVEDOR P\/PELO DE MASCOTA | Acuario Supremus","og_description":"Rodillo removedor de pelo de mascotas. Atrapa pelo suelto de tu mascota, polvo, la pelusa de cualquier superficie como ropa, sillones, camas y asientos.","og_url":"https:\/\/acuariosupremus.com\/?product=rodillo-removedor-p-pelo-de-mascota","og_site_name":"Acuario Supremus","article_publisher":"https:\/\/www.facebook.com\/AcuarioSupremus","article_modified_time":"2026-01-23T00:26:18+00:00","og_image":[{"width":600,"height":600,"url":"https:\/\/acuariosupremus.com\/wp-content\/uploads\/2024\/07\/fl8340_3.png","type":"image\/png"}],"twitter_card":"summary_large_image","twitter_site":"@AcuarioSupremus","twitter_misc":{"Tiempo de lectura":"1 minuto"},"schema":{"@context":"https:\/\/schema.org","@graph":[{"@type":"WebPage","@id":"https:\/\/acuariosupremus.com\/?product=rodillo-removedor-p-pelo-de-mascota","url":"https:\/\/acuariosupremus.com\/?product=rodillo-removedor-p-pelo-de-mascota","name":"RODILLO REMOVEDOR P\/PELO DE MASCOTA | Acuario Supremus","isPartOf":{"@id":"https:\/\/acuariosupremus.com\/#website"},"primaryImageOfPage":{"@id":"https:\/\/acuariosupremus.com\/?product=rodillo-removedor-p-pelo-de-mascota#primaryimage"},"image":{"@id":"https:\/\/acuariosupremus.com\/?product=rodillo-removedor-p-pelo-de-mascota#primaryimage"},"thumbnailUrl":"https:\/\/acuariosupremus.com\/wp-content\/uploads\/2024\/07\/fl8340_3.png","datePublished":"2024-07-03T01:27:30+00:00","dateModified":"2026-01-23T00:26:18+00:00","description":"Rodillo removedor de pelo de mascotas. Atrapa pelo suelto de tu mascota, polvo, la pelusa de cualquier superficie como ropa, sillones, camas y asientos.","breadcrumb":{"@id":"https:\/\/acuariosupremus.com\/?product=rodillo-removedor-p-pelo-de-mascota#breadcrumb"},"inLanguage":"es","potentialAction":[{"@type":"ReadAction","target":["https:\/\/acuariosupremus.com\/?product=rodillo-removedor-p-pelo-de-mascota"]}]},{"@type":"ImageObject","inLanguage":"es","@id":"https:\/\/acuariosupremus.com\/?product=rodillo-removedor-p-pelo-de-mascota#primaryimage","url":"https:\/\/acuariosupremus.com\/wp-content\/uploads\/2024\/07\/fl8340_3.png","contentUrl":"https:\/\/acuariosupremus.com\/wp-content\/uploads\/2024\/07\/fl8340_3.png","width":600,"height":600},{"@type":"BreadcrumbList","@id":"https:\/\/acuariosupremus.com\/?product=rodillo-removedor-p-pelo-de-mascota#breadcrumb","itemListElement":[{"@type":"ListItem","position":1,"name":"Portada","item":"https:\/\/acuariosupremus.com\/"},{"@type":"ListItem","position":2,"name":"Tienda","item":"https:\/\/acuariosupremus.com\/tienda\/"},{"@type":"ListItem","position":3,"name":"RODILLO REMOVEDOR P\/PELO DE MASCOTA"}]},{"@type":"WebSite","@id":"https:\/\/acuariosupremus.com\/#website","url":"https:\/\/acuariosupremus.com\/","name":"Acuario Supremus","description":"Peces, Peceras y Mascotas.","publisher":{"@id":"https:\/\/acuariosupremus.com\/#organization"},"potentialAction":[{"@type":"SearchAction","target":{"@type":"EntryPoint","urlTemplate":"https:\/\/acuariosupremus.com\/?s={search_term_string}"},"query-input":{"@type":"PropertyValueSpecification","valueRequired":true,"valueName":"search_term_string"}}],"inLanguage":"es"},{"@type":"Organization","@id":"https:\/\/acuariosupremus.com\/#organization","name":"Acuario Supremus","url":"https:\/\/acuariosupremus.com\/","logo":{"@type":"ImageObject","inLanguage":"es","@id":"https:\/\/acuariosupremus.com\/#\/schema\/logo\/image\/","url":"https:\/\/acuariosupremus.com\/wp-content\/uploads\/2021\/12\/cropped-logo_acuario_supremus_fn-2.png","contentUrl":"https:\/\/acuariosupremus.com\/wp-content\/uploads\/2021\/12\/cropped-logo_acuario_supremus_fn-2.png","width":1000,"height":318,"caption":"Acuario Supremus"},"image":{"@id":"https:\/\/acuariosupremus.com\/#\/schema\/logo\/image\/"},"sameAs":["https:\/\/www.facebook.com\/AcuarioSupremus","https:\/\/x.com\/AcuarioSupremus","https:\/\/www.instagram.com\/acuariosupremus\/?hl=es"]}]}},"jetpack_sharing_enabled":true,"_links":{"self":[{"href":"https:\/\/acuariosupremus.com\/index.php?rest_route=\/wp\/v2\/product\/12638","targetHints":{"allow":["GET"]}}],"collection":[{"href":"https:\/\/acuariosupremus.com\/index.php?rest_route=\/wp\/v2\/product"}],"about":[{"href":"https:\/\/acuariosupremus.com\/index.php?rest_route=\/wp\/v2\/types\/product"}],"wp:featuredmedia":[{"embeddable":true,"href":"https:\/\/acuariosupremus.com\/index.php?rest_route=\/wp\/v2\/media\/12639"}],"wp:attachment":[{"href":"https:\/\/acuariosupremus.com\/index.php?rest_route=%2Fwp%2Fv2%2Fmedia&parent=12638"}],"wp:term":[{"taxonomy":"product_brand","embeddable":true,"href":"https:\/\/acuariosupremus.com\/index.php?rest_route=%2Fwp%2Fv2%2Fproduct_brand&post=12638"},{"taxonomy":"product_cat","embeddable":true,"href":"https:\/\/acuariosupremus.com\/index.php?rest_route=%2Fwp%2Fv2%2Fproduct_cat&post=12638"},{"taxonomy":"product_tag","embeddable":true,"href":"https:\/\/acuariosupremus.com\/index.php?rest_route=%2Fwp%2Fv2%2Fproduct_tag&post=12638"}],"curies":[{"name":"wp","href":"https:\/\/api.w.org\/{rel}","templated":true}]}}